{"id":1061,"date":"2022-12-02T18:51:37","date_gmt":"2022-12-02T18:51:37","guid":{"rendered":"https:\/\/provence-materiaux-anciens.com\/?post_type=product&#038;p=1061"},"modified":"2024-03-06T08:56:48","modified_gmt":"2024-03-06T08:56:48","slug":"tomettes-anciennes","status":"publish","type":"product","link":"https:\/\/provence-materiaux-anciens.com\/fr\/produit\/sols\/terre-cuite-ancienne\/tomettes-anciennes\/tomettes-anciennes\/","title":{"rendered":"Tomettes anciennes"},"content":{"rendered":"<p><span style=\"font-weight: 400;\">Vous \u00eates \u00e0 la recherche de rev\u00eatements de sol qui ajouteront du cachet et de l\u2019authenticit\u00e9 \u00e0 votre int\u00e9rieur ? Les <strong>tomettes anciennes<\/strong> vous offriront enti\u00e8re satisfaction.<\/span><\/p>\n<h3><span style=\"font-weight: 400;\">Craquez pour des tomettes faites main et ind\u00e9modables<\/span><\/h3>\n<p><span style=\"font-weight: 400;\">Les <strong>Tomettes anciennes<\/strong> sont des carreaux en terre cuite ancienne qui sont utilis\u00e9s pour d\u00e9corer de nombreux b\u00e2timents et de nombreuses maisons depuis des si\u00e8cles. Ce sont des mat\u00e9riaux de construction ind\u00e9modables qui apporteront de l\u2019authenticit\u00e9 \u00e0 votre int\u00e9rieur. En effet, ces vieilles tomettes poss\u00e8dent une patine unique et inimitable.\u00a0<\/span><\/p>\n<p><span style=\"font-weight: 400;\">Chez <strong>Provence Mat\u00e9riaux Anciens<\/strong>, nous r\u00e9alisons chacune de nos tomettes anciennes \u00e0 la main. C\u2019est ce qui leur conf\u00e8re leur aspect rustique, chaleureux et unique.<\/span><\/p>\n<h3><span style=\"font-weight: 400;\">Optez pour des rev\u00eatements vintage adapt\u00e9s \u00e0 divers projets<\/span><\/h3>\n<p><span style=\"font-weight: 400;\">Les <strong>tomettes anciennes<\/strong> sont des mat\u00e9riaux de construction qui peuvent \u00eatre utilis\u00e9s pour recouvrir les sols int\u00e9rieurs et ext\u00e9rieurs, les chemin\u00e9es ou les murs. Elles ont la capacit\u00e9 d\u2019ajouter une touche de charme et d\u2019histoire \u00e0 n\u2019importe quelle pi\u00e8ce. Oui, il faut le dire, chaque tomette a son histoire.<\/span><\/p>\n<p><span style=\"font-weight: 400;\">Les <strong>tomettes anciennes<\/strong> sont adapt\u00e9es pour les travaux de r\u00e9novation et de construction. Ce carrelage en terre cuite ancienne et de faible \u00e9paisseur est id\u00e9al pour le dallage, le carrelage et la d\u00e9co d\u2019int\u00e9rieur.<\/span><\/p>\n<h3><span style=\"font-weight: 400;\">Nos tomettes anciennes sont super durables<\/span><\/h3>\n<p><span style=\"font-weight: 400;\">Ce sont des tomettes qui ont \u00e9t\u00e9 fabriqu\u00e9es \u00e0 partir d\u2019un carrelage ancien de teinte orang\u00e9e. Les <strong>tomettes anciennes<\/strong> sont r\u00e9sistantes aux chocs, aux rayures et \u00e0 l\u2019usure. De ce fait, elles peuvent durer des d\u00e9cennies ou des si\u00e8cles.\u00a0<\/span><\/p>\n<h3><span style=\"font-weight: 400;\">Des carrelages aux propri\u00e9t\u00e9s thermiques impressionnantes<\/span><\/h3>\n<p><span style=\"font-weight: 400;\">Les <strong>tomettes anciennes<\/strong> de Provence Mat\u00e9riaux Anciens poss\u00e8dent des propri\u00e9t\u00e9s thermiques impressionnantes. Ce sont des tomettes qui rafra\u00eechiront votre logement en \u00e9t\u00e9 et le r\u00e9chaufferont en hiver. Cela s\u2019explique car elles ont une faible \u00e9paisseur, elles sont donc tr\u00e8s adapt\u00e9es au chauffage au sol.<\/span><\/p>\n<p><span style=\"font-weight: 400;\">Les <strong>Tomettes anciennes<\/strong> sont une valeur s\u00fbre en termes de mat\u00e9riaux de construction. N\u2019attendez plus, commandez les v\u00f4tres d\u00e8s maintenant.<\/span><\/p>\n","protected":false},"excerpt":{"rendered":"<h2><strong>Ref: <\/strong>Tomettes anciennes (Angers Car006)<\/h2>\n<ul>\n<li><strong>Mat\u00e9riaux<\/strong> : Terre cuite ancienne<\/li>\n<li><strong>Dimensions<\/strong> : entre 15 x 15 cm et 17 x 17 cm<\/li>\n<li><strong>\u00c9paisseur<\/strong> : de 2.5 \u00e0 3 cm<\/li>\n<li><b>Disponibilit\u00e9<\/b> : Constante<\/li>\n<\/ul>\n<p>Tomettes anciennes de r\u00e9cup\u00e9ration. Carrelage ancien de teinte orang\u00e9e. Ces carreaux anciens de r\u00e9cup\u00e9ration proviennent de la r\u00e9gion de la Loire. Les vieilles tomettes sont nettoy\u00e9es puis calibr\u00e9es au sein de nos ateliers. Nous disposons en permanence d&rsquo;un choix important de tomettes anciennes pouvant s&rsquo;adapter \u00e0 chacun de vos projets. Le carrelage ancien type tomette de r\u00e9cup\u00e9ration se caract\u00e9rise par une patine inimitable. Les tomettes anciennes peuvent \u00eatre installer en int\u00e9rieur ou ext\u00e9rieur.<\/p>\n<p>Nous vous recommandons de traiter les carreaux <strong>\u00abAngers\u00bb<\/strong> avec notre produit <a href=\"https:\/\/provence-materiaux-anciens.com\/sols-anciens\/produits-de-traitement\/provence-primer\/\">Provence Primer<\/a>.<\/p>\n","protected":false},"featured_media":1594,"template":"","meta":{"_monsterinsights_skip_tracking":false,"_monsterinsights_sitenote_active":false,"_monsterinsights_sitenote_note":"","_monsterinsights_sitenote_category":0},"product_brand":[],"product_cat":[32,35,33],"product_tag":[142,140],"class_list":{"0":"post-1061","1":"product","2":"type-product","3":"status-publish","4":"has-post-thumbnail","6":"product_cat-sols","7":"product_cat-tomettes-anciennes","8":"product_cat-terre-cuite-ancienne","9":"product_tag-anciennes","10":"product_tag-tomettes","12":"first","13":"instock","14":"shipping-taxable","15":"product-type-simple"},"yoast_head":"<!-- This site is optimized with the Yoast SEO Premium plugin v22.1 (Yoast SEO v24.6) - https:\/\/yoast.com\/wordpress\/plugins\/seo\/ -->\n<title>Tomettes anciennes - Provence Mat\u00e9riaux Anciens<\/title>\n<meta name=\"robots\" content=\"index, follow, max-snippet:-1, max-image-preview:large, max-video-preview:-1\" \/>\n<link rel=\"canonical\" href=\"https:\/\/provence-materiaux-anciens.com\/fr\/produit\/sols\/terre-cuite-ancienne\/tomettes-anciennes\/tomettes-anciennes\/\" \/>\n<meta property=\"og:locale\" content=\"fr_FR\" \/>\n<meta property=\"og:type\" content=\"article\" \/>\n<meta property=\"og:title\" content=\"Tomettes anciennes\" \/>\n<meta property=\"og:description\" content=\"Ref: Tomettes anciennes (Angers Car006)   Mat\u00e9riaux : Terre cuite ancienne  Dimensions : entre 15 x 15 cm et 17 x 17 cm  \u00c9paisseur : de 2.5 \u00e0 3 cm  Disponibilit\u00e9 : Constante  Tomettes anciennes de r\u00e9cup\u00e9ration. Carrelage ancien de teinte orang\u00e9e. Ces carreaux anciens de r\u00e9cup\u00e9ration proviennent de la r\u00e9gion de la Loire. Les vieilles tomettes sont nettoy\u00e9es puis calibr\u00e9es au sein de nos ateliers. Nous disposons en permanence d&#039;un choix important de tomettes anciennes pouvant s&#039;adapter \u00e0 chacun de vos projets. Le carrelage ancien type tomette de r\u00e9cup\u00e9ration se caract\u00e9rise par une patine inimitable. Les tomettes anciennes peuvent \u00eatre installer en int\u00e9rieur ou ext\u00e9rieur.  Nous vous recommandons de traiter les carreaux \u00abAngers\u00bb avec notre produit Provence Primer.\" \/>\n<meta property=\"og:url\" content=\"https:\/\/provence-materiaux-anciens.com\/fr\/produit\/sols\/terre-cuite-ancienne\/tomettes-anciennes\/tomettes-anciennes\/\" \/>\n<meta property=\"og:site_name\" content=\"Provence Mat\u00e9riaux Anciens\" \/>\n<meta property=\"article:publisher\" content=\"https:\/\/www.facebook.com\/provencemateriauxanciens\" \/>\n<meta property=\"article:modified_time\" content=\"2024-03-06T08:56:48+00:00\" \/>\n<meta property=\"og:image\" content=\"https:\/\/provence-materiaux-anciens.com\/wp-content\/uploads\/2022\/12\/tomettes-anciennes01.jpg\" \/>\n\t<meta property=\"og:image:width\" content=\"700\" \/>\n\t<meta property=\"og:image:height\" content=\"700\" \/>\n\t<meta property=\"og:image:type\" content=\"image\/jpeg\" \/>\n<meta name=\"twitter:card\" content=\"summary_large_image\" \/>\n<meta name=\"twitter:label1\" content=\"Dur\u00e9e de lecture estim\u00e9e\" \/>\n\t<meta name=\"twitter:data1\" content=\"2 minutes\" \/>\n<script type=\"application\/ld+json\" class=\"yoast-schema-graph\">{\"@context\":\"https:\/\/schema.org\",\"@graph\":[{\"@type\":\"WebPage\",\"@id\":\"https:\/\/provence-materiaux-anciens.com\/produit\/sols\/terre-cuite-ancienne\/tomettes-anciennes\/tomettes-anciennes\/\",\"url\":\"https:\/\/provence-materiaux-anciens.com\/produit\/sols\/terre-cuite-ancienne\/tomettes-anciennes\/tomettes-anciennes\/\",\"name\":\"Tomettes anciennes - Provence Mat\u00e9riaux Anciens\",\"isPartOf\":{\"@id\":\"https:\/\/provence-materiaux-anciens.com\/#website\"},\"primaryImageOfPage\":{\"@id\":\"https:\/\/provence-materiaux-anciens.com\/produit\/sols\/terre-cuite-ancienne\/tomettes-anciennes\/tomettes-anciennes\/#primaryimage\"},\"image\":{\"@id\":\"https:\/\/provence-materiaux-anciens.com\/produit\/sols\/terre-cuite-ancienne\/tomettes-anciennes\/tomettes-anciennes\/#primaryimage\"},\"thumbnailUrl\":\"https:\/\/provence-materiaux-anciens.com\/wp-content\/uploads\/2022\/12\/tomettes-anciennes01.jpg\",\"datePublished\":\"2022-12-02T18:51:37+00:00\",\"dateModified\":\"2024-03-06T08:56:48+00:00\",\"breadcrumb\":{\"@id\":\"https:\/\/provence-materiaux-anciens.com\/produit\/sols\/terre-cuite-ancienne\/tomettes-anciennes\/tomettes-anciennes\/#breadcrumb\"},\"inLanguage\":\"fr-FR\",\"potentialAction\":[{\"@type\":\"ReadAction\",\"target\":[\"https:\/\/provence-materiaux-anciens.com\/produit\/sols\/terre-cuite-ancienne\/tomettes-anciennes\/tomettes-anciennes\/\"]}]},{\"@type\":\"ImageObject\",\"inLanguage\":\"fr-FR\",\"@id\":\"https:\/\/provence-materiaux-anciens.com\/produit\/sols\/terre-cuite-ancienne\/tomettes-anciennes\/tomettes-anciennes\/#primaryimage\",\"url\":\"https:\/\/provence-materiaux-anciens.com\/wp-content\/uploads\/2022\/12\/tomettes-anciennes01.jpg\",\"contentUrl\":\"https:\/\/provence-materiaux-anciens.com\/wp-content\/uploads\/2022\/12\/tomettes-anciennes01.jpg\",\"width\":700,\"height\":700,\"caption\":\"tomettes-anciennes01\"},{\"@type\":\"BreadcrumbList\",\"@id\":\"https:\/\/provence-materiaux-anciens.com\/produit\/sols\/terre-cuite-ancienne\/tomettes-anciennes\/tomettes-anciennes\/#breadcrumb\",\"itemListElement\":[{\"@type\":\"ListItem\",\"position\":1,\"name\":\"Accueil\",\"item\":\"https:\/\/provence-materiaux-anciens.com\/fr\/\"},{\"@type\":\"ListItem\",\"position\":2,\"name\":\"Produits\",\"item\":\"https:\/\/provence-materiaux-anciens.com\/produit\/\"},{\"@type\":\"ListItem\",\"position\":3,\"name\":\"Tomettes anciennes\"}]},{\"@type\":\"WebSite\",\"@id\":\"https:\/\/provence-materiaux-anciens.com\/#website\",\"url\":\"https:\/\/provence-materiaux-anciens.com\/\",\"name\":\"Provence Mat\u00e9riaux Anciens\",\"description\":\"Achat et vente de mat\u00e9riaux anciens de construction, poutres, tuiles, planchers, charpentes, dallages, terres cuites.\",\"publisher\":{\"@id\":\"https:\/\/provence-materiaux-anciens.com\/#organization\"},\"potentialAction\":[{\"@type\":\"SearchAction\",\"target\":{\"@type\":\"EntryPoint\",\"urlTemplate\":\"https:\/\/provence-materiaux-anciens.com\/?s={search_term_string}\"},\"query-input\":{\"@type\":\"PropertyValueSpecification\",\"valueRequired\":true,\"valueName\":\"search_term_string\"}}],\"inLanguage\":\"fr-FR\"},{\"@type\":\"Organization\",\"@id\":\"https:\/\/provence-materiaux-anciens.com\/#organization\",\"name\":\"Provence Mat\u00e9riaux Anciens\",\"url\":\"https:\/\/provence-materiaux-anciens.com\/\",\"logo\":{\"@type\":\"ImageObject\",\"inLanguage\":\"fr-FR\",\"@id\":\"https:\/\/provence-materiaux-anciens.com\/#\/schema\/logo\/image\/\",\"url\":\"https:\/\/provence-materiaux-anciens.com\/wp-content\/uploads\/2022\/03\/cropped-logo-pma-web.png\",\"contentUrl\":\"https:\/\/provence-materiaux-anciens.com\/wp-content\/uploads\/2022\/03\/cropped-logo-pma-web.png\",\"width\":650,\"height\":434,\"caption\":\"Provence Mat\u00e9riaux Anciens\"},\"image\":{\"@id\":\"https:\/\/provence-materiaux-anciens.com\/#\/schema\/logo\/image\/\"},\"sameAs\":[\"https:\/\/www.facebook.com\/provencemateriauxanciens\",\"https:\/\/www.instagram.com\/provencemateriauxanciens\/\",\"https:\/\/www.pinterest.fr\/provencemateriauxanciens\/\"]}]}<\/script>\n<!-- \/ Yoast SEO Premium plugin. -->","yoast_head_json":{"title":"Tomettes anciennes - Provence Mat\u00e9riaux Anciens","robots":{"index":"index","follow":"follow","max-snippet":"max-snippet:-1","max-image-preview":"max-image-preview:large","max-video-preview":"max-video-preview:-1"},"canonical":"https:\/\/provence-materiaux-anciens.com\/fr\/produit\/sols\/terre-cuite-ancienne\/tomettes-anciennes\/tomettes-anciennes\/","og_locale":"fr_FR","og_type":"article","og_title":"Tomettes anciennes","og_description":"Ref: Tomettes anciennes (Angers Car006)   Mat\u00e9riaux : Terre cuite ancienne  Dimensions : entre 15 x 15 cm et 17 x 17 cm  \u00c9paisseur : de 2.5 \u00e0 3 cm  Disponibilit\u00e9 : Constante  Tomettes anciennes de r\u00e9cup\u00e9ration. Carrelage ancien de teinte orang\u00e9e. Ces carreaux anciens de r\u00e9cup\u00e9ration proviennent de la r\u00e9gion de la Loire. Les vieilles tomettes sont nettoy\u00e9es puis calibr\u00e9es au sein de nos ateliers. Nous disposons en permanence d'un choix important de tomettes anciennes pouvant s'adapter \u00e0 chacun de vos projets. Le carrelage ancien type tomette de r\u00e9cup\u00e9ration se caract\u00e9rise par une patine inimitable. Les tomettes anciennes peuvent \u00eatre installer en int\u00e9rieur ou ext\u00e9rieur.  Nous vous recommandons de traiter les carreaux \u00abAngers\u00bb avec notre produit Provence Primer.","og_url":"https:\/\/provence-materiaux-anciens.com\/fr\/produit\/sols\/terre-cuite-ancienne\/tomettes-anciennes\/tomettes-anciennes\/","og_site_name":"Provence Mat\u00e9riaux Anciens","article_publisher":"https:\/\/www.facebook.com\/provencemateriauxanciens","article_modified_time":"2024-03-06T08:56:48+00:00","og_image":[{"width":700,"height":700,"url":"https:\/\/provence-materiaux-anciens.com\/wp-content\/uploads\/2022\/12\/tomettes-anciennes01.jpg","type":"image\/jpeg"}],"twitter_card":"summary_large_image","twitter_misc":{"Dur\u00e9e de lecture estim\u00e9e":"2 minutes"},"schema":{"@context":"https:\/\/schema.org","@graph":[{"@type":"WebPage","@id":"https:\/\/provence-materiaux-anciens.com\/produit\/sols\/terre-cuite-ancienne\/tomettes-anciennes\/tomettes-anciennes\/","url":"https:\/\/provence-materiaux-anciens.com\/produit\/sols\/terre-cuite-ancienne\/tomettes-anciennes\/tomettes-anciennes\/","name":"Tomettes anciennes - Provence Mat\u00e9riaux Anciens","isPartOf":{"@id":"https:\/\/provence-materiaux-anciens.com\/#website"},"primaryImageOfPage":{"@id":"https:\/\/provence-materiaux-anciens.com\/produit\/sols\/terre-cuite-ancienne\/tomettes-anciennes\/tomettes-anciennes\/#primaryimage"},"image":{"@id":"https:\/\/provence-materiaux-anciens.com\/produit\/sols\/terre-cuite-ancienne\/tomettes-anciennes\/tomettes-anciennes\/#primaryimage"},"thumbnailUrl":"https:\/\/provence-materiaux-anciens.com\/wp-content\/uploads\/2022\/12\/tomettes-anciennes01.jpg","datePublished":"2022-12-02T18:51:37+00:00","dateModified":"2024-03-06T08:56:48+00:00","breadcrumb":{"@id":"https:\/\/provence-materiaux-anciens.com\/produit\/sols\/terre-cuite-ancienne\/tomettes-anciennes\/tomettes-anciennes\/#breadcrumb"},"inLanguage":"fr-FR","potentialAction":[{"@type":"ReadAction","target":["https:\/\/provence-materiaux-anciens.com\/produit\/sols\/terre-cuite-ancienne\/tomettes-anciennes\/tomettes-anciennes\/"]}]},{"@type":"ImageObject","inLanguage":"fr-FR","@id":"https:\/\/provence-materiaux-anciens.com\/produit\/sols\/terre-cuite-ancienne\/tomettes-anciennes\/tomettes-anciennes\/#primaryimage","url":"https:\/\/provence-materiaux-anciens.com\/wp-content\/uploads\/2022\/12\/tomettes-anciennes01.jpg","contentUrl":"https:\/\/provence-materiaux-anciens.com\/wp-content\/uploads\/2022\/12\/tomettes-anciennes01.jpg","width":700,"height":700,"caption":"tomettes-anciennes01"},{"@type":"BreadcrumbList","@id":"https:\/\/provence-materiaux-anciens.com\/produit\/sols\/terre-cuite-ancienne\/tomettes-anciennes\/tomettes-anciennes\/#breadcrumb","itemListElement":[{"@type":"ListItem","position":1,"name":"Accueil","item":"https:\/\/provence-materiaux-anciens.com\/fr\/"},{"@type":"ListItem","position":2,"name":"Produits","item":"https:\/\/provence-materiaux-anciens.com\/produit\/"},{"@type":"ListItem","position":3,"name":"Tomettes anciennes"}]},{"@type":"WebSite","@id":"https:\/\/provence-materiaux-anciens.com\/#website","url":"https:\/\/provence-materiaux-anciens.com\/","name":"Provence Mat\u00e9riaux Anciens","description":"Achat et vente de mat\u00e9riaux anciens de construction, poutres, tuiles, planchers, charpentes, dallages, terres cuites.","publisher":{"@id":"https:\/\/provence-materiaux-anciens.com\/#organization"},"potentialAction":[{"@type":"SearchAction","target":{"@type":"EntryPoint","urlTemplate":"https:\/\/provence-materiaux-anciens.com\/?s={search_term_string}"},"query-input":{"@type":"PropertyValueSpecification","valueRequired":true,"valueName":"search_term_string"}}],"inLanguage":"fr-FR"},{"@type":"Organization","@id":"https:\/\/provence-materiaux-anciens.com\/#organization","name":"Provence Mat\u00e9riaux Anciens","url":"https:\/\/provence-materiaux-anciens.com\/","logo":{"@type":"ImageObject","inLanguage":"fr-FR","@id":"https:\/\/provence-materiaux-anciens.com\/#\/schema\/logo\/image\/","url":"https:\/\/provence-materiaux-anciens.com\/wp-content\/uploads\/2022\/03\/cropped-logo-pma-web.png","contentUrl":"https:\/\/provence-materiaux-anciens.com\/wp-content\/uploads\/2022\/03\/cropped-logo-pma-web.png","width":650,"height":434,"caption":"Provence Mat\u00e9riaux Anciens"},"image":{"@id":"https:\/\/provence-materiaux-anciens.com\/#\/schema\/logo\/image\/"},"sameAs":["https:\/\/www.facebook.com\/provencemateriauxanciens","https:\/\/www.instagram.com\/provencemateriauxanciens\/","https:\/\/www.pinterest.fr\/provencemateriauxanciens\/"]}]}},"_links":{"self":[{"href":"https:\/\/provence-materiaux-anciens.com\/fr\/wp-json\/wp\/v2\/product\/1061","targetHints":{"allow":["GET"]}}],"collection":[{"href":"https:\/\/provence-materiaux-anciens.com\/fr\/wp-json\/wp\/v2\/product"}],"about":[{"href":"https:\/\/provence-materiaux-anciens.com\/fr\/wp-json\/wp\/v2\/types\/product"}],"wp:featuredmedia":[{"embeddable":true,"href":"https:\/\/provence-materiaux-anciens.com\/fr\/wp-json\/wp\/v2\/media\/1594"}],"wp:attachment":[{"href":"https:\/\/provence-materiaux-anciens.com\/fr\/wp-json\/wp\/v2\/media?parent=1061"}],"wp:term":[{"taxonomy":"product_brand","embeddable":true,"href":"https:\/\/provence-materiaux-anciens.com\/fr\/wp-json\/wp\/v2\/product_brand?post=1061"},{"taxonomy":"product_cat","embeddable":true,"href":"https:\/\/provence-materiaux-anciens.com\/fr\/wp-json\/wp\/v2\/product_cat?post=1061"},{"taxonomy":"product_tag","embeddable":true,"href":"https:\/\/provence-materiaux-anciens.com\/fr\/wp-json\/wp\/v2\/product_tag?post=1061"}],"curies":[{"name":"wp","href":"https:\/\/api.w.org\/{rel}","templated":true}]}}