{"id":1062,"date":"2022-12-02T18:51:37","date_gmt":"2022-12-02T18:51:37","guid":{"rendered":"https:\/\/provence-materiaux-anciens.com\/?post_type=product&#038;p=1062"},"modified":"2024-03-06T08:56:48","modified_gmt":"2024-03-06T08:56:48","slug":"tomettes-anciennes-hexagonales","status":"publish","type":"product","link":"https:\/\/provence-materiaux-anciens.com\/fr\/produit\/sols\/terre-cuite-ancienne\/tomettes-anciennes\/tomettes-anciennes-hexagonales\/","title":{"rendered":"Tomettes anciennes hexagonales"},"content":{"rendered":"<p><span style=\"font-weight: 400;\">Vous serez impressionn\u00e9 par la patine inimitable et la teinte ros\u00e9e rouge de nos Tomettes anciennes hexagonales.\u00a0<\/span><\/p>\n<h3><span style=\"font-weight: 400;\">Nos Tomettes anciennes hexagonales apporteront de la douceur et du cachet \u00e0 votre domicile<\/span><\/h3>\n<p><span style=\"font-weight: 400;\">Qu\u2019il s&rsquo;agisse d\u2019une maison ou d\u2019un appartement, il est tout \u00e0 fait possible d\u2019utiliser nos Tomettes anciennes hexagonales. Ces tomettes faites \u00e0 base de terre cuite ancienne sont tr\u00e8s appr\u00e9ci\u00e9es en ce moment, gr\u00e2ce \u00e0 leur c\u00f4t\u00e9 <\/span><b>sain et \u00e9cologique<\/b><span style=\"font-weight: 400;\">.<\/span><\/p>\n<h3><span style=\"font-weight: 400;\">Un mat\u00e9riau de construction compatibles avec diff\u00e9rents d\u00e9cors<\/span><\/h3>\n<p><span style=\"font-weight: 400;\">Les Tomettes anciennes hexagonales de Provence Mat\u00e9riaux Anciens ont la capacit\u00e9 de se fondre dans n\u2019importe quel style de d\u00e9coration. En effet, vous pourrez les poser dans une maison traditionnelle, un cottage, une maison moderne et bien d\u2019autres. Ce sont des mat\u00e9riaux que vous pourrez choisir sans contrainte pour refaire la d\u00e9co int\u00e9rieure ou ext\u00e9rieure de votre logement. En effet, ces tomettes anciennes peuvent aussi \u00eatre utilis\u00e9es pour l\u2019ext\u00e9rieur (v\u00e9randa, patio, plage de piscine \u2026).<\/span><\/p>\n<p><span style=\"font-weight: 400;\">Leur teinte ros\u00e9e rouge s\u2019harmonisera parfaitement avec des couleurs claires telles que le beige, le blanc cass\u00e9 ou le gris au niveau des murs. Si vous les choisissez pour votre cuisine, elles iront bien avec des plans de travail en bois clair.\u00a0<\/span><\/p>\n<p><span style=\"font-weight: 400;\">De plus, les tomettes anciennes sont un choix \u00e9cologique, car elles sont faites \u00e0 base de mat\u00e9riaux naturels. D\u2019ailleurs, elles peuvent \u00eatre recycl\u00e9es et r\u00e9utilis\u00e9es.<\/span><\/p>\n<h3><span style=\"font-weight: 400;\">Comment entretenir les tomettes anciennes hexagonales ?<\/span><\/h3>\n<p><span style=\"font-weight: 400;\">Les vieilles tomettes sont tr\u00e8s faciles \u00e0 entretenir. Vous pouvez les nettoyer avec un balai et une serpill\u00e8re. Toutefois, il est recommand\u00e9 de les prot\u00e9ger avec une cire sp\u00e9ciale pour sol en terre cuite : <\/span><span style=\"font-weight: 400;\">notre <a href=\"https:\/\/provence-materiaux-anciens.com\/produit\/sols\/traitement-des-sols\/provence-protecteur\/\">Provence Protecteur<\/a>.<\/span><\/p>\n<p><span style=\"font-weight: 400;\">Si vos tomettes anciennes ont des t\u00e2ches, vous pourrez les \u00e9liminer avec des produits de nettoyage non abrasifs et doux.<\/span><\/p>\n<p><span style=\"font-weight: 400;\">B\u00e9n\u00e9ficiez de l\u2019expertise de nos artisans \u00e0 travers nos Tomettes anciennes hexagonales uniques en leur genre et durables<\/span><\/p>\n","protected":false},"excerpt":{"rendered":"<h2><span style=\"font-size: 14pt;\"><strong>Ref: <\/strong>Tomettes anciennes hexagonales (Orleans Car010)<\/span><\/h2>\n<ul>\n<li><strong>Mat\u00e9riaux<\/strong> : Terre cuite<\/li>\n<li><strong>Dimensions<\/strong> : 15 x 15 cm jusqu&rsquo;\u00e0 17 x 17 cm<\/li>\n<li><strong>\u00c9paisseur<\/strong> : de 2.5 \u00e0 3 cm<\/li>\n<li><strong>Disponibilit\u00e9<\/strong> : Al\u00e9atoire, n&rsquo;h\u00e9sitez pas \u00e0 nous <a href=\"https:\/\/provence-materiaux-anciens.com\/contact\/\">contacter<\/a> si vous souhaitez savoir la disponibilit\u00e9 du produit<\/li>\n<\/ul>\n<p>Les tomettes anciennes hexagonales sont des carrelages anciens en terre cuite de teinte ros\u00e9e rouge, ces tomettes anciennes datent du XVIII\u00e8me et du XIX\u00e8me si\u00e8cle. Ces tomettes de r\u00e9cup\u00e9ration sont originaires de Bourgogne. Les vieilles tomettes transmettent une authenticit\u00e9 incomparable \u00e0 vos projets de construction ou de r\u00e9novation.<\/p>\n<p>Nous vous recommandons de traiter les tomettes \u00ab <strong>Orl\u00e9ans<\/strong> \u00bb avec notre produit <a href=\"https:\/\/provence-materiaux-anciens.com\/sols-anciens\/produits-de-traitement\/provence-primer-e\/\">Provence Primer E<\/a>.<\/p>\n<p>Pour des tomettes plus r\u00e9centes, nous vous conseillons <a href=\"https:\/\/provence-materiaux-anciens.com\/produit\/sols\/terre-cuite-ancienne\/tomettes-anciennes\/reedition-tomette-hexagonale-rouge\/\">Tomettes Hexagonales rouges<\/a><\/p>\n","protected":false},"featured_media":1589,"template":"","meta":{"_monsterinsights_skip_tracking":false,"_monsterinsights_sitenote_active":false,"_monsterinsights_sitenote_note":"","_monsterinsights_sitenote_category":0},"product_brand":[],"product_cat":[32,35,33],"product_tag":[142,141,140],"class_list":{"0":"post-1062","1":"product","2":"type-product","3":"status-publish","4":"has-post-thumbnail","6":"product_cat-sols","7":"product_cat-tomettes-anciennes","8":"product_cat-terre-cuite-ancienne","9":"product_tag-anciennes","10":"product_tag-hexagonales","11":"product_tag-tomettes","13":"first","14":"instock","15":"shipping-taxable","16":"product-type-simple"},"yoast_head":"<!-- This site is optimized with the Yoast SEO Premium plugin v22.1 (Yoast SEO v24.6) - https:\/\/yoast.com\/wordpress\/plugins\/seo\/ -->\n<title>Tomettes anciennes hexagonales - Provence Mat\u00e9riaux Anciens<\/title>\n<meta name=\"robots\" content=\"index, follow, max-snippet:-1, max-image-preview:large, max-video-preview:-1\" \/>\n<link rel=\"canonical\" href=\"https:\/\/provence-materiaux-anciens.com\/fr\/produit\/sols\/terre-cuite-ancienne\/tomettes-anciennes\/tomettes-anciennes-hexagonales\/\" \/>\n<meta property=\"og:locale\" content=\"fr_FR\" \/>\n<meta property=\"og:type\" content=\"article\" \/>\n<meta property=\"og:title\" content=\"Tomettes anciennes hexagonales\" \/>\n<meta property=\"og:description\" content=\"Ref: Tomettes anciennes hexagonales (Orleans Car010)   Mat\u00e9riaux : Terre cuite  Dimensions : 15 x 15 cm jusqu&#039;\u00e0 17 x 17 cm  \u00c9paisseur : de 2.5 \u00e0 3 cm  Disponibilit\u00e9 : Al\u00e9atoire, n&#039;h\u00e9sitez pas \u00e0 nous contacter si vous souhaitez savoir la disponibilit\u00e9 du produit  Les tomettes anciennes hexagonales sont des carrelages anciens en terre cuite de teinte ros\u00e9e rouge, ces tomettes anciennes datent du XVIII\u00e8me et du XIX\u00e8me si\u00e8cle. Ces tomettes de r\u00e9cup\u00e9ration sont originaires de Bourgogne. Les vieilles tomettes transmettent une authenticit\u00e9 incomparable \u00e0 vos projets de construction ou de r\u00e9novation.  Nous vous recommandons de traiter les tomettes \u00ab Orl\u00e9ans \u00bb avec notre produit Provence Primer E.  Pour des tomettes plus r\u00e9centes, nous vous conseillons Tomettes Hexagonales rouges\" \/>\n<meta property=\"og:url\" content=\"https:\/\/provence-materiaux-anciens.com\/fr\/produit\/sols\/terre-cuite-ancienne\/tomettes-anciennes\/tomettes-anciennes-hexagonales\/\" \/>\n<meta property=\"og:site_name\" content=\"Provence Mat\u00e9riaux Anciens\" \/>\n<meta property=\"article:publisher\" content=\"https:\/\/www.facebook.com\/provencemateriauxanciens\" \/>\n<meta property=\"article:modified_time\" content=\"2024-03-06T08:56:48+00:00\" \/>\n<meta property=\"og:image\" content=\"https:\/\/provence-materiaux-anciens.com\/wp-content\/uploads\/2022\/12\/Tomettes-anciennes-hexagonales01.jpg\" \/>\n\t<meta property=\"og:image:width\" content=\"700\" \/>\n\t<meta property=\"og:image:height\" content=\"700\" \/>\n\t<meta property=\"og:image:type\" content=\"image\/jpeg\" \/>\n<meta name=\"twitter:card\" content=\"summary_large_image\" \/>\n<meta name=\"twitter:label1\" content=\"Dur\u00e9e de lecture estim\u00e9e\" \/>\n\t<meta name=\"twitter:data1\" content=\"2 minutes\" \/>\n<script type=\"application\/ld+json\" class=\"yoast-schema-graph\">{\"@context\":\"https:\/\/schema.org\",\"@graph\":[{\"@type\":\"WebPage\",\"@id\":\"https:\/\/provence-materiaux-anciens.com\/fr\/produit\/sols\/terre-cuite-ancienne\/tomettes-anciennes\/tomettes-anciennes-hexagonales\/\",\"url\":\"https:\/\/provence-materiaux-anciens.com\/fr\/produit\/sols\/terre-cuite-ancienne\/tomettes-anciennes\/tomettes-anciennes-hexagonales\/\",\"name\":\"Tomettes anciennes hexagonales - Provence Mat\u00e9riaux Anciens\",\"isPartOf\":{\"@id\":\"https:\/\/provence-materiaux-anciens.com\/#website\"},\"primaryImageOfPage\":{\"@id\":\"https:\/\/provence-materiaux-anciens.com\/fr\/produit\/sols\/terre-cuite-ancienne\/tomettes-anciennes\/tomettes-anciennes-hexagonales\/#primaryimage\"},\"image\":{\"@id\":\"https:\/\/provence-materiaux-anciens.com\/fr\/produit\/sols\/terre-cuite-ancienne\/tomettes-anciennes\/tomettes-anciennes-hexagonales\/#primaryimage\"},\"thumbnailUrl\":\"https:\/\/provence-materiaux-anciens.com\/wp-content\/uploads\/2022\/12\/Tomettes-anciennes-hexagonales01.jpg\",\"datePublished\":\"2022-12-02T18:51:37+00:00\",\"dateModified\":\"2024-03-06T08:56:48+00:00\",\"breadcrumb\":{\"@id\":\"https:\/\/provence-materiaux-anciens.com\/fr\/produit\/sols\/terre-cuite-ancienne\/tomettes-anciennes\/tomettes-anciennes-hexagonales\/#breadcrumb\"},\"inLanguage\":\"fr-FR\",\"potentialAction\":[{\"@type\":\"ReadAction\",\"target\":[\"https:\/\/provence-materiaux-anciens.com\/fr\/produit\/sols\/terre-cuite-ancienne\/tomettes-anciennes\/tomettes-anciennes-hexagonales\/\"]}]},{\"@type\":\"ImageObject\",\"inLanguage\":\"fr-FR\",\"@id\":\"https:\/\/provence-materiaux-anciens.com\/fr\/produit\/sols\/terre-cuite-ancienne\/tomettes-anciennes\/tomettes-anciennes-hexagonales\/#primaryimage\",\"url\":\"https:\/\/provence-materiaux-anciens.com\/wp-content\/uploads\/2022\/12\/Tomettes-anciennes-hexagonales01.jpg\",\"contentUrl\":\"https:\/\/provence-materiaux-anciens.com\/wp-content\/uploads\/2022\/12\/Tomettes-anciennes-hexagonales01.jpg\",\"width\":700,\"height\":700,\"caption\":\"Tomettes-anciennes-hexagonales01\"},{\"@type\":\"BreadcrumbList\",\"@id\":\"https:\/\/provence-materiaux-anciens.com\/fr\/produit\/sols\/terre-cuite-ancienne\/tomettes-anciennes\/tomettes-anciennes-hexagonales\/#breadcrumb\",\"itemListElement\":[{\"@type\":\"ListItem\",\"position\":1,\"name\":\"Accueil\",\"item\":\"https:\/\/provence-materiaux-anciens.com\/fr\/\"},{\"@type\":\"ListItem\",\"position\":2,\"name\":\"Produits\",\"item\":\"https:\/\/provence-materiaux-anciens.com\/produit\/\"},{\"@type\":\"ListItem\",\"position\":3,\"name\":\"Tomettes anciennes hexagonales\"}]},{\"@type\":\"WebSite\",\"@id\":\"https:\/\/provence-materiaux-anciens.com\/#website\",\"url\":\"https:\/\/provence-materiaux-anciens.com\/\",\"name\":\"Provence Mat\u00e9riaux Anciens\",\"description\":\"Achat et vente de mat\u00e9riaux anciens de construction, poutres, tuiles, planchers, charpentes, dallages, terres cuites.\",\"publisher\":{\"@id\":\"https:\/\/provence-materiaux-anciens.com\/#organization\"},\"potentialAction\":[{\"@type\":\"SearchAction\",\"target\":{\"@type\":\"EntryPoint\",\"urlTemplate\":\"https:\/\/provence-materiaux-anciens.com\/?s={search_term_string}\"},\"query-input\":{\"@type\":\"PropertyValueSpecification\",\"valueRequired\":true,\"valueName\":\"search_term_string\"}}],\"inLanguage\":\"fr-FR\"},{\"@type\":\"Organization\",\"@id\":\"https:\/\/provence-materiaux-anciens.com\/#organization\",\"name\":\"Provence Mat\u00e9riaux Anciens\",\"url\":\"https:\/\/provence-materiaux-anciens.com\/\",\"logo\":{\"@type\":\"ImageObject\",\"inLanguage\":\"fr-FR\",\"@id\":\"https:\/\/provence-materiaux-anciens.com\/#\/schema\/logo\/image\/\",\"url\":\"https:\/\/provence-materiaux-anciens.com\/wp-content\/uploads\/2022\/03\/cropped-logo-pma-web.png\",\"contentUrl\":\"https:\/\/provence-materiaux-anciens.com\/wp-content\/uploads\/2022\/03\/cropped-logo-pma-web.png\",\"width\":650,\"height\":434,\"caption\":\"Provence Mat\u00e9riaux Anciens\"},\"image\":{\"@id\":\"https:\/\/provence-materiaux-anciens.com\/#\/schema\/logo\/image\/\"},\"sameAs\":[\"https:\/\/www.facebook.com\/provencemateriauxanciens\",\"https:\/\/www.instagram.com\/provencemateriauxanciens\/\",\"https:\/\/www.pinterest.fr\/provencemateriauxanciens\/\"]}]}<\/script>\n<!-- \/ Yoast SEO Premium plugin. -->","yoast_head_json":{"title":"Tomettes anciennes hexagonales - Provence Mat\u00e9riaux Anciens","robots":{"index":"index","follow":"follow","max-snippet":"max-snippet:-1","max-image-preview":"max-image-preview:large","max-video-preview":"max-video-preview:-1"},"canonical":"https:\/\/provence-materiaux-anciens.com\/fr\/produit\/sols\/terre-cuite-ancienne\/tomettes-anciennes\/tomettes-anciennes-hexagonales\/","og_locale":"fr_FR","og_type":"article","og_title":"Tomettes anciennes hexagonales","og_description":"Ref: Tomettes anciennes hexagonales (Orleans Car010)   Mat\u00e9riaux : Terre cuite  Dimensions : 15 x 15 cm jusqu'\u00e0 17 x 17 cm  \u00c9paisseur : de 2.5 \u00e0 3 cm  Disponibilit\u00e9 : Al\u00e9atoire, n'h\u00e9sitez pas \u00e0 nous contacter si vous souhaitez savoir la disponibilit\u00e9 du produit  Les tomettes anciennes hexagonales sont des carrelages anciens en terre cuite de teinte ros\u00e9e rouge, ces tomettes anciennes datent du XVIII\u00e8me et du XIX\u00e8me si\u00e8cle. Ces tomettes de r\u00e9cup\u00e9ration sont originaires de Bourgogne. Les vieilles tomettes transmettent une authenticit\u00e9 incomparable \u00e0 vos projets de construction ou de r\u00e9novation.  Nous vous recommandons de traiter les tomettes \u00ab Orl\u00e9ans \u00bb avec notre produit Provence Primer E.  Pour des tomettes plus r\u00e9centes, nous vous conseillons Tomettes Hexagonales rouges","og_url":"https:\/\/provence-materiaux-anciens.com\/fr\/produit\/sols\/terre-cuite-ancienne\/tomettes-anciennes\/tomettes-anciennes-hexagonales\/","og_site_name":"Provence Mat\u00e9riaux Anciens","article_publisher":"https:\/\/www.facebook.com\/provencemateriauxanciens","article_modified_time":"2024-03-06T08:56:48+00:00","og_image":[{"width":700,"height":700,"url":"https:\/\/provence-materiaux-anciens.com\/wp-content\/uploads\/2022\/12\/Tomettes-anciennes-hexagonales01.jpg","type":"image\/jpeg"}],"twitter_card":"summary_large_image","twitter_misc":{"Dur\u00e9e de lecture estim\u00e9e":"2 minutes"},"schema":{"@context":"https:\/\/schema.org","@graph":[{"@type":"WebPage","@id":"https:\/\/provence-materiaux-anciens.com\/fr\/produit\/sols\/terre-cuite-ancienne\/tomettes-anciennes\/tomettes-anciennes-hexagonales\/","url":"https:\/\/provence-materiaux-anciens.com\/fr\/produit\/sols\/terre-cuite-ancienne\/tomettes-anciennes\/tomettes-anciennes-hexagonales\/","name":"Tomettes anciennes hexagonales - Provence Mat\u00e9riaux Anciens","isPartOf":{"@id":"https:\/\/provence-materiaux-anciens.com\/#website"},"primaryImageOfPage":{"@id":"https:\/\/provence-materiaux-anciens.com\/fr\/produit\/sols\/terre-cuite-ancienne\/tomettes-anciennes\/tomettes-anciennes-hexagonales\/#primaryimage"},"image":{"@id":"https:\/\/provence-materiaux-anciens.com\/fr\/produit\/sols\/terre-cuite-ancienne\/tomettes-anciennes\/tomettes-anciennes-hexagonales\/#primaryimage"},"thumbnailUrl":"https:\/\/provence-materiaux-anciens.com\/wp-content\/uploads\/2022\/12\/Tomettes-anciennes-hexagonales01.jpg","datePublished":"2022-12-02T18:51:37+00:00","dateModified":"2024-03-06T08:56:48+00:00","breadcrumb":{"@id":"https:\/\/provence-materiaux-anciens.com\/fr\/produit\/sols\/terre-cuite-ancienne\/tomettes-anciennes\/tomettes-anciennes-hexagonales\/#breadcrumb"},"inLanguage":"fr-FR","potentialAction":[{"@type":"ReadAction","target":["https:\/\/provence-materiaux-anciens.com\/fr\/produit\/sols\/terre-cuite-ancienne\/tomettes-anciennes\/tomettes-anciennes-hexagonales\/"]}]},{"@type":"ImageObject","inLanguage":"fr-FR","@id":"https:\/\/provence-materiaux-anciens.com\/fr\/produit\/sols\/terre-cuite-ancienne\/tomettes-anciennes\/tomettes-anciennes-hexagonales\/#primaryimage","url":"https:\/\/provence-materiaux-anciens.com\/wp-content\/uploads\/2022\/12\/Tomettes-anciennes-hexagonales01.jpg","contentUrl":"https:\/\/provence-materiaux-anciens.com\/wp-content\/uploads\/2022\/12\/Tomettes-anciennes-hexagonales01.jpg","width":700,"height":700,"caption":"Tomettes-anciennes-hexagonales01"},{"@type":"BreadcrumbList","@id":"https:\/\/provence-materiaux-anciens.com\/fr\/produit\/sols\/terre-cuite-ancienne\/tomettes-anciennes\/tomettes-anciennes-hexagonales\/#breadcrumb","itemListElement":[{"@type":"ListItem","position":1,"name":"Accueil","item":"https:\/\/provence-materiaux-anciens.com\/fr\/"},{"@type":"ListItem","position":2,"name":"Produits","item":"https:\/\/provence-materiaux-anciens.com\/produit\/"},{"@type":"ListItem","position":3,"name":"Tomettes anciennes hexagonales"}]},{"@type":"WebSite","@id":"https:\/\/provence-materiaux-anciens.com\/#website","url":"https:\/\/provence-materiaux-anciens.com\/","name":"Provence Mat\u00e9riaux Anciens","description":"Achat et vente de mat\u00e9riaux anciens de construction, poutres, tuiles, planchers, charpentes, dallages, terres cuites.","publisher":{"@id":"https:\/\/provence-materiaux-anciens.com\/#organization"},"potentialAction":[{"@type":"SearchAction","target":{"@type":"EntryPoint","urlTemplate":"https:\/\/provence-materiaux-anciens.com\/?s={search_term_string}"},"query-input":{"@type":"PropertyValueSpecification","valueRequired":true,"valueName":"search_term_string"}}],"inLanguage":"fr-FR"},{"@type":"Organization","@id":"https:\/\/provence-materiaux-anciens.com\/#organization","name":"Provence Mat\u00e9riaux Anciens","url":"https:\/\/provence-materiaux-anciens.com\/","logo":{"@type":"ImageObject","inLanguage":"fr-FR","@id":"https:\/\/provence-materiaux-anciens.com\/#\/schema\/logo\/image\/","url":"https:\/\/provence-materiaux-anciens.com\/wp-content\/uploads\/2022\/03\/cropped-logo-pma-web.png","contentUrl":"https:\/\/provence-materiaux-anciens.com\/wp-content\/uploads\/2022\/03\/cropped-logo-pma-web.png","width":650,"height":434,"caption":"Provence Mat\u00e9riaux Anciens"},"image":{"@id":"https:\/\/provence-materiaux-anciens.com\/#\/schema\/logo\/image\/"},"sameAs":["https:\/\/www.facebook.com\/provencemateriauxanciens","https:\/\/www.instagram.com\/provencemateriauxanciens\/","https:\/\/www.pinterest.fr\/provencemateriauxanciens\/"]}]}},"_links":{"self":[{"href":"https:\/\/provence-materiaux-anciens.com\/fr\/wp-json\/wp\/v2\/product\/1062","targetHints":{"allow":["GET"]}}],"collection":[{"href":"https:\/\/provence-materiaux-anciens.com\/fr\/wp-json\/wp\/v2\/product"}],"about":[{"href":"https:\/\/provence-materiaux-anciens.com\/fr\/wp-json\/wp\/v2\/types\/product"}],"wp:featuredmedia":[{"embeddable":true,"href":"https:\/\/provence-materiaux-anciens.com\/fr\/wp-json\/wp\/v2\/media\/1589"}],"wp:attachment":[{"href":"https:\/\/provence-materiaux-anciens.com\/fr\/wp-json\/wp\/v2\/media?parent=1062"}],"wp:term":[{"taxonomy":"product_brand","embeddable":true,"href":"https:\/\/provence-materiaux-anciens.com\/fr\/wp-json\/wp\/v2\/product_brand?post=1062"},{"taxonomy":"product_cat","embeddable":true,"href":"https:\/\/provence-materiaux-anciens.com\/fr\/wp-json\/wp\/v2\/product_cat?post=1062"},{"taxonomy":"product_tag","embeddable":true,"href":"https:\/\/provence-materiaux-anciens.com\/fr\/wp-json\/wp\/v2\/product_tag?post=1062"}],"curies":[{"name":"wp","href":"https:\/\/api.w.org\/{rel}","templated":true}]}}