{"id":1063,"date":"2022-12-02T18:51:37","date_gmt":"2022-12-02T18:51:37","guid":{"rendered":"https:\/\/provence-materiaux-anciens.com\/?post_type=product&#038;p=1063"},"modified":"2024-03-06T08:56:48","modified_gmt":"2024-03-06T08:56:48","slug":"vieux-carreaux-terre-cuite","status":"publish","type":"product","link":"https:\/\/provence-materiaux-anciens.com\/fr\/produit\/sols\/terre-cuite-ancienne\/parefeuille-ancien\/vieux-carreaux-terre-cuite\/","title":{"rendered":"Vieux carreaux terre cuite"},"content":{"rendered":"<p><span style=\"font-weight: 400;\">Appr\u00e9ciez notre <\/span><b>Vieux carreaux terre cuite<\/b><span style=\"font-weight: 400;\">, un rev\u00eatement parfait pour les amoureux du monde ancien !<\/span><\/p>\n<p><span style=\"font-weight: 400;\">Bien qu\u2019\u00e9tant au XXIe si\u00e8cle, ce ne serait pas un abus de dire que l\u2019\u00e9poque ancienne continue de susciter des passions de la part de plusieurs personnes. L\u2019une des choses anciennes qui continuent d\u2019avoir de l\u2019admiration de nos jours, c&rsquo;est le carreau en terre cuite. Il s\u2019agit d\u2019un rev\u00eatement que vous pourrez utiliser pour le sol, ou les murs selon vos go\u00fbts.\u00a0<\/span><\/p>\n<h3><b>Des tomettes anciennes pour d\u00e9corer votre cadre de vie\u00a0<\/b><\/h3>\n<p><span style=\"font-weight: 400;\">Qui n\u2019aimerait pas vivre dans un cadre plaisant et agr\u00e9able ? Avec ces tomettes fabriqu\u00e9es \u00e0 base de terre cuite ancienne, votre cadre de vie aura un aspect plus s\u00e9duisant. Vous pouvez d\u00e9cider de l\u2019utiliser autant pour des travaux de construction que de r\u00e9novation.\u00a0<\/span><\/p>\n<p><span style=\"font-weight: 400;\">Ce parefeuille ancien peut \u00eatre associ\u00e9 \u00e0 divers types de d\u00e9coration : moderne, traditionnel, rustique, minimaliste et bien d\u2019autres. De plus, il est adapt\u00e9 tant pour les pi\u00e8ces int\u00e9rieures qu&rsquo;ext\u00e9rieures. En effet, vous pourrez les utiliser comme rev\u00eatement de sol des chambres, du s\u00e9jour, des salles de bain, \u2026\u00a0<\/span><\/p>\n<h3><b>Un rev\u00eatement \u00e0 s\u00e9curit\u00e9 maximale<\/b><\/h3>\n<p><span style=\"font-weight: 400;\">Notre Vieux carreaux terre cuite<\/span> <span style=\"font-weight: 400;\">a la particularit\u00e9 d\u2019\u00eatre antid\u00e9rapant. Ces tomettes anciennes ont une texture qui favorise l\u2019adh\u00e9sion des pieds sur le sol. En circonstance normale, ou pendant le nettoyage, les risques de chutes seront alors amoindris. Ce sont des carreaux \u00e0 privil\u00e9gier si vous avez des personnes \u00e2g\u00e9es ou des enfants en bas \u00e2ge dans votre maison.<\/span><\/p>\n<p><span style=\"font-weight: 400;\">Vous pourrez particuli\u00e8rement les utiliser pour les pi\u00e8ces les plus utilis\u00e9es de votre maison et pour la plage de piscine.<\/span><\/p>\n<p><b>Optez pour des parefeuilles \u00e9cologiques pour votre habitat<\/b><\/p>\n<p><span style=\"font-weight: 400;\">Notre Vieux carreaux terre cuite poss\u00e8de des propri\u00e9t\u00e9s thermiques incroyables. En effet, ce carreau fait de terre cuite ancienne est un isolant naturel efficace. Il est particuli\u00e8rement b\u00e9n\u00e9fique pour installer un syst\u00e8me de chauffage au sol.\u00a0<\/span><\/p>\n<p><span style=\"font-weight: 400;\">En hiver, il vous permettra d\u2019avoir plus chaud et en \u00e9t\u00e9, il vous rafra\u00eechira.<\/span><\/p>\n<p><span style=\"font-weight: 400;\">Notre <\/span><b>Vieux carreaux terre cuite <\/b><span style=\"font-weight: 400;\">est le rev\u00eatement par excellence pour renouer avec la nature et l\u2019\u00e9poque ancienne !<\/span><\/p>\n","protected":false},"excerpt":{"rendered":"<h2><span style=\"font-size: 14pt;\"><strong>Ref: <\/strong>Vieux carreaux terre cuite (Lan\u00e7on Car001)<\/span><\/h2>\n<ul>\n<li><strong>Mat\u00e9riaux :<\/strong> Terre cuite ancienne<\/li>\n<li><strong>Dimensions :<\/strong> 12 x 24 cm<\/li>\n<li><strong>\u00c9paisseur :<\/strong> de 2 \u00e0 2.5 cm<\/li>\n<\/ul>\n<p>&nbsp;<\/p>\n<p>Vieux carreaux terre cuite rectangulaire dans des tons de couleurs clairs. Carrelage ancien 12 x 25 cm pr\u00eat \u00e0 poser pour terrasse et int\u00e9rieur. Ces carreaux anciens en terre cuite sont typique d&rsquo;une architecture m\u00e9diterran\u00e9enne. Ces carrelages anciens de r\u00e9cup\u00e9ration conservent la trace de leur fa\u00e7onnage manuel.<\/p>\n","protected":false},"featured_media":3407,"template":"","meta":{"_monsterinsights_skip_tracking":false,"_monsterinsights_sitenote_active":false,"_monsterinsights_sitenote_note":"","_monsterinsights_sitenote_category":0},"product_brand":[],"product_cat":[34,32,33],"product_tag":[143,145,144],"class_list":{"0":"post-1063","1":"product","2":"type-product","3":"status-publish","4":"has-post-thumbnail","6":"product_cat-parefeuille-ancien","7":"product_cat-sols","8":"product_cat-terre-cuite-ancienne","9":"product_tag-carreaux","10":"product_tag-terre-cuite","11":"product_tag-vieux","13":"first","14":"instock","15":"shipping-taxable","16":"product-type-simple"},"yoast_head":"<!-- This site is optimized with the Yoast SEO Premium plugin v22.1 (Yoast SEO v24.6) - https:\/\/yoast.com\/wordpress\/plugins\/seo\/ -->\n<title>Vieux carreaux terre cuite - Provence Mat\u00e9riaux Anciens<\/title>\n<meta name=\"robots\" content=\"index, follow, max-snippet:-1, max-image-preview:large, max-video-preview:-1\" \/>\n<link rel=\"canonical\" href=\"https:\/\/provence-materiaux-anciens.com\/fr\/produit\/sols\/terre-cuite-ancienne\/parefeuille-ancien\/vieux-carreaux-terre-cuite\/\" \/>\n<meta property=\"og:locale\" content=\"fr_FR\" \/>\n<meta property=\"og:type\" content=\"article\" \/>\n<meta property=\"og:title\" content=\"Vieux carreaux terre cuite\" \/>\n<meta property=\"og:description\" content=\"Ref: Vieux carreaux terre cuite (Lan\u00e7on Car001)   Mat\u00e9riaux : Terre cuite ancienne  Dimensions : 12 x 24 cm  \u00c9paisseur : de 2 \u00e0 2.5 cm  &nbsp;  Vieux carreaux terre cuite rectangulaire dans des tons de couleurs clairs. Carrelage ancien 12 x 25 cm pr\u00eat \u00e0 poser pour terrasse et int\u00e9rieur. Ces carreaux anciens en terre cuite sont typique d&#039;une architecture m\u00e9diterran\u00e9enne. Ces carrelages anciens de r\u00e9cup\u00e9ration conservent la trace de leur fa\u00e7onnage manuel.\" \/>\n<meta property=\"og:url\" content=\"https:\/\/provence-materiaux-anciens.com\/fr\/produit\/sols\/terre-cuite-ancienne\/parefeuille-ancien\/vieux-carreaux-terre-cuite\/\" \/>\n<meta property=\"og:site_name\" content=\"Provence Mat\u00e9riaux Anciens\" \/>\n<meta property=\"article:publisher\" content=\"https:\/\/www.facebook.com\/provencemateriauxanciens\" \/>\n<meta property=\"article:modified_time\" content=\"2024-03-06T08:56:48+00:00\" \/>\n<meta property=\"og:image\" content=\"https:\/\/provence-materiaux-anciens.com\/wp-content\/uploads\/2022\/12\/vieux-carraux-terre-cuite01.jpg\" \/>\n\t<meta property=\"og:image:width\" content=\"600\" \/>\n\t<meta property=\"og:image:height\" content=\"600\" \/>\n\t<meta property=\"og:image:type\" content=\"image\/jpeg\" \/>\n<meta name=\"twitter:card\" content=\"summary_large_image\" \/>\n<meta name=\"twitter:label1\" content=\"Dur\u00e9e de lecture estim\u00e9e\" \/>\n\t<meta name=\"twitter:data1\" content=\"2 minutes\" \/>\n<script type=\"application\/ld+json\" class=\"yoast-schema-graph\">{\"@context\":\"https:\/\/schema.org\",\"@graph\":[{\"@type\":\"WebPage\",\"@id\":\"https:\/\/provence-materiaux-anciens.com\/produit\/sols\/terre-cuite-ancienne\/parefeuille-ancien\/vieux-carreaux-terre-cuite\/\",\"url\":\"https:\/\/provence-materiaux-anciens.com\/produit\/sols\/terre-cuite-ancienne\/parefeuille-ancien\/vieux-carreaux-terre-cuite\/\",\"name\":\"Vieux carreaux terre cuite - Provence Mat\u00e9riaux Anciens\",\"isPartOf\":{\"@id\":\"https:\/\/provence-materiaux-anciens.com\/#website\"},\"primaryImageOfPage\":{\"@id\":\"https:\/\/provence-materiaux-anciens.com\/produit\/sols\/terre-cuite-ancienne\/parefeuille-ancien\/vieux-carreaux-terre-cuite\/#primaryimage\"},\"image\":{\"@id\":\"https:\/\/provence-materiaux-anciens.com\/produit\/sols\/terre-cuite-ancienne\/parefeuille-ancien\/vieux-carreaux-terre-cuite\/#primaryimage\"},\"thumbnailUrl\":\"https:\/\/provence-materiaux-anciens.com\/wp-content\/uploads\/2022\/12\/vieux-carraux-terre-cuite01.jpg\",\"datePublished\":\"2022-12-02T18:51:37+00:00\",\"dateModified\":\"2024-03-06T08:56:48+00:00\",\"breadcrumb\":{\"@id\":\"https:\/\/provence-materiaux-anciens.com\/produit\/sols\/terre-cuite-ancienne\/parefeuille-ancien\/vieux-carreaux-terre-cuite\/#breadcrumb\"},\"inLanguage\":\"fr-FR\",\"potentialAction\":[{\"@type\":\"ReadAction\",\"target\":[\"https:\/\/provence-materiaux-anciens.com\/produit\/sols\/terre-cuite-ancienne\/parefeuille-ancien\/vieux-carreaux-terre-cuite\/\"]}]},{\"@type\":\"ImageObject\",\"inLanguage\":\"fr-FR\",\"@id\":\"https:\/\/provence-materiaux-anciens.com\/produit\/sols\/terre-cuite-ancienne\/parefeuille-ancien\/vieux-carreaux-terre-cuite\/#primaryimage\",\"url\":\"https:\/\/provence-materiaux-anciens.com\/wp-content\/uploads\/2022\/12\/vieux-carraux-terre-cuite01.jpg\",\"contentUrl\":\"https:\/\/provence-materiaux-anciens.com\/wp-content\/uploads\/2022\/12\/vieux-carraux-terre-cuite01.jpg\",\"width\":600,\"height\":600,\"caption\":\"vieux carreaux terre cuite\"},{\"@type\":\"BreadcrumbList\",\"@id\":\"https:\/\/provence-materiaux-anciens.com\/produit\/sols\/terre-cuite-ancienne\/parefeuille-ancien\/vieux-carreaux-terre-cuite\/#breadcrumb\",\"itemListElement\":[{\"@type\":\"ListItem\",\"position\":1,\"name\":\"Accueil\",\"item\":\"https:\/\/provence-materiaux-anciens.com\/fr\/\"},{\"@type\":\"ListItem\",\"position\":2,\"name\":\"Produits\",\"item\":\"https:\/\/provence-materiaux-anciens.com\/produit\/\"},{\"@type\":\"ListItem\",\"position\":3,\"name\":\"Vieux carreaux terre cuite\"}]},{\"@type\":\"WebSite\",\"@id\":\"https:\/\/provence-materiaux-anciens.com\/#website\",\"url\":\"https:\/\/provence-materiaux-anciens.com\/\",\"name\":\"Provence Mat\u00e9riaux Anciens\",\"description\":\"Achat et vente de mat\u00e9riaux anciens de construction, poutres, tuiles, planchers, charpentes, dallages, terres cuites.\",\"publisher\":{\"@id\":\"https:\/\/provence-materiaux-anciens.com\/#organization\"},\"potentialAction\":[{\"@type\":\"SearchAction\",\"target\":{\"@type\":\"EntryPoint\",\"urlTemplate\":\"https:\/\/provence-materiaux-anciens.com\/?s={search_term_string}\"},\"query-input\":{\"@type\":\"PropertyValueSpecification\",\"valueRequired\":true,\"valueName\":\"search_term_string\"}}],\"inLanguage\":\"fr-FR\"},{\"@type\":\"Organization\",\"@id\":\"https:\/\/provence-materiaux-anciens.com\/#organization\",\"name\":\"Provence Mat\u00e9riaux Anciens\",\"url\":\"https:\/\/provence-materiaux-anciens.com\/\",\"logo\":{\"@type\":\"ImageObject\",\"inLanguage\":\"fr-FR\",\"@id\":\"https:\/\/provence-materiaux-anciens.com\/#\/schema\/logo\/image\/\",\"url\":\"https:\/\/provence-materiaux-anciens.com\/wp-content\/uploads\/2022\/03\/cropped-logo-pma-web.png\",\"contentUrl\":\"https:\/\/provence-materiaux-anciens.com\/wp-content\/uploads\/2022\/03\/cropped-logo-pma-web.png\",\"width\":650,\"height\":434,\"caption\":\"Provence Mat\u00e9riaux Anciens\"},\"image\":{\"@id\":\"https:\/\/provence-materiaux-anciens.com\/#\/schema\/logo\/image\/\"},\"sameAs\":[\"https:\/\/www.facebook.com\/provencemateriauxanciens\",\"https:\/\/www.instagram.com\/provencemateriauxanciens\/\",\"https:\/\/www.pinterest.fr\/provencemateriauxanciens\/\"]}]}<\/script>\n<!-- \/ Yoast SEO Premium plugin. -->","yoast_head_json":{"title":"Vieux carreaux terre cuite - Provence Mat\u00e9riaux Anciens","robots":{"index":"index","follow":"follow","max-snippet":"max-snippet:-1","max-image-preview":"max-image-preview:large","max-video-preview":"max-video-preview:-1"},"canonical":"https:\/\/provence-materiaux-anciens.com\/fr\/produit\/sols\/terre-cuite-ancienne\/parefeuille-ancien\/vieux-carreaux-terre-cuite\/","og_locale":"fr_FR","og_type":"article","og_title":"Vieux carreaux terre cuite","og_description":"Ref: Vieux carreaux terre cuite (Lan\u00e7on Car001)   Mat\u00e9riaux : Terre cuite ancienne  Dimensions : 12 x 24 cm  \u00c9paisseur : de 2 \u00e0 2.5 cm  &nbsp;  Vieux carreaux terre cuite rectangulaire dans des tons de couleurs clairs. Carrelage ancien 12 x 25 cm pr\u00eat \u00e0 poser pour terrasse et int\u00e9rieur. Ces carreaux anciens en terre cuite sont typique d'une architecture m\u00e9diterran\u00e9enne. Ces carrelages anciens de r\u00e9cup\u00e9ration conservent la trace de leur fa\u00e7onnage manuel.","og_url":"https:\/\/provence-materiaux-anciens.com\/fr\/produit\/sols\/terre-cuite-ancienne\/parefeuille-ancien\/vieux-carreaux-terre-cuite\/","og_site_name":"Provence Mat\u00e9riaux Anciens","article_publisher":"https:\/\/www.facebook.com\/provencemateriauxanciens","article_modified_time":"2024-03-06T08:56:48+00:00","og_image":[{"width":600,"height":600,"url":"https:\/\/provence-materiaux-anciens.com\/wp-content\/uploads\/2022\/12\/vieux-carraux-terre-cuite01.jpg","type":"image\/jpeg"}],"twitter_card":"summary_large_image","twitter_misc":{"Dur\u00e9e de lecture estim\u00e9e":"2 minutes"},"schema":{"@context":"https:\/\/schema.org","@graph":[{"@type":"WebPage","@id":"https:\/\/provence-materiaux-anciens.com\/produit\/sols\/terre-cuite-ancienne\/parefeuille-ancien\/vieux-carreaux-terre-cuite\/","url":"https:\/\/provence-materiaux-anciens.com\/produit\/sols\/terre-cuite-ancienne\/parefeuille-ancien\/vieux-carreaux-terre-cuite\/","name":"Vieux carreaux terre cuite - Provence Mat\u00e9riaux Anciens","isPartOf":{"@id":"https:\/\/provence-materiaux-anciens.com\/#website"},"primaryImageOfPage":{"@id":"https:\/\/provence-materiaux-anciens.com\/produit\/sols\/terre-cuite-ancienne\/parefeuille-ancien\/vieux-carreaux-terre-cuite\/#primaryimage"},"image":{"@id":"https:\/\/provence-materiaux-anciens.com\/produit\/sols\/terre-cuite-ancienne\/parefeuille-ancien\/vieux-carreaux-terre-cuite\/#primaryimage"},"thumbnailUrl":"https:\/\/provence-materiaux-anciens.com\/wp-content\/uploads\/2022\/12\/vieux-carraux-terre-cuite01.jpg","datePublished":"2022-12-02T18:51:37+00:00","dateModified":"2024-03-06T08:56:48+00:00","breadcrumb":{"@id":"https:\/\/provence-materiaux-anciens.com\/produit\/sols\/terre-cuite-ancienne\/parefeuille-ancien\/vieux-carreaux-terre-cuite\/#breadcrumb"},"inLanguage":"fr-FR","potentialAction":[{"@type":"ReadAction","target":["https:\/\/provence-materiaux-anciens.com\/produit\/sols\/terre-cuite-ancienne\/parefeuille-ancien\/vieux-carreaux-terre-cuite\/"]}]},{"@type":"ImageObject","inLanguage":"fr-FR","@id":"https:\/\/provence-materiaux-anciens.com\/produit\/sols\/terre-cuite-ancienne\/parefeuille-ancien\/vieux-carreaux-terre-cuite\/#primaryimage","url":"https:\/\/provence-materiaux-anciens.com\/wp-content\/uploads\/2022\/12\/vieux-carraux-terre-cuite01.jpg","contentUrl":"https:\/\/provence-materiaux-anciens.com\/wp-content\/uploads\/2022\/12\/vieux-carraux-terre-cuite01.jpg","width":600,"height":600,"caption":"vieux carreaux terre cuite"},{"@type":"BreadcrumbList","@id":"https:\/\/provence-materiaux-anciens.com\/produit\/sols\/terre-cuite-ancienne\/parefeuille-ancien\/vieux-carreaux-terre-cuite\/#breadcrumb","itemListElement":[{"@type":"ListItem","position":1,"name":"Accueil","item":"https:\/\/provence-materiaux-anciens.com\/fr\/"},{"@type":"ListItem","position":2,"name":"Produits","item":"https:\/\/provence-materiaux-anciens.com\/produit\/"},{"@type":"ListItem","position":3,"name":"Vieux carreaux terre cuite"}]},{"@type":"WebSite","@id":"https:\/\/provence-materiaux-anciens.com\/#website","url":"https:\/\/provence-materiaux-anciens.com\/","name":"Provence Mat\u00e9riaux Anciens","description":"Achat et vente de mat\u00e9riaux anciens de construction, poutres, tuiles, planchers, charpentes, dallages, terres cuites.","publisher":{"@id":"https:\/\/provence-materiaux-anciens.com\/#organization"},"potentialAction":[{"@type":"SearchAction","target":{"@type":"EntryPoint","urlTemplate":"https:\/\/provence-materiaux-anciens.com\/?s={search_term_string}"},"query-input":{"@type":"PropertyValueSpecification","valueRequired":true,"valueName":"search_term_string"}}],"inLanguage":"fr-FR"},{"@type":"Organization","@id":"https:\/\/provence-materiaux-anciens.com\/#organization","name":"Provence Mat\u00e9riaux Anciens","url":"https:\/\/provence-materiaux-anciens.com\/","logo":{"@type":"ImageObject","inLanguage":"fr-FR","@id":"https:\/\/provence-materiaux-anciens.com\/#\/schema\/logo\/image\/","url":"https:\/\/provence-materiaux-anciens.com\/wp-content\/uploads\/2022\/03\/cropped-logo-pma-web.png","contentUrl":"https:\/\/provence-materiaux-anciens.com\/wp-content\/uploads\/2022\/03\/cropped-logo-pma-web.png","width":650,"height":434,"caption":"Provence Mat\u00e9riaux Anciens"},"image":{"@id":"https:\/\/provence-materiaux-anciens.com\/#\/schema\/logo\/image\/"},"sameAs":["https:\/\/www.facebook.com\/provencemateriauxanciens","https:\/\/www.instagram.com\/provencemateriauxanciens\/","https:\/\/www.pinterest.fr\/provencemateriauxanciens\/"]}]}},"_links":{"self":[{"href":"https:\/\/provence-materiaux-anciens.com\/fr\/wp-json\/wp\/v2\/product\/1063","targetHints":{"allow":["GET"]}}],"collection":[{"href":"https:\/\/provence-materiaux-anciens.com\/fr\/wp-json\/wp\/v2\/product"}],"about":[{"href":"https:\/\/provence-materiaux-anciens.com\/fr\/wp-json\/wp\/v2\/types\/product"}],"wp:featuredmedia":[{"embeddable":true,"href":"https:\/\/provence-materiaux-anciens.com\/fr\/wp-json\/wp\/v2\/media\/3407"}],"wp:attachment":[{"href":"https:\/\/provence-materiaux-anciens.com\/fr\/wp-json\/wp\/v2\/media?parent=1063"}],"wp:term":[{"taxonomy":"product_brand","embeddable":true,"href":"https:\/\/provence-materiaux-anciens.com\/fr\/wp-json\/wp\/v2\/product_brand?post=1063"},{"taxonomy":"product_cat","embeddable":true,"href":"https:\/\/provence-materiaux-anciens.com\/fr\/wp-json\/wp\/v2\/product_cat?post=1063"},{"taxonomy":"product_tag","embeddable":true,"href":"https:\/\/provence-materiaux-anciens.com\/fr\/wp-json\/wp\/v2\/product_tag?post=1063"}],"curies":[{"name":"wp","href":"https:\/\/api.w.org\/{rel}","templated":true}]}}