{"id":1064,"date":"2022-12-02T18:51:37","date_gmt":"2022-12-02T18:51:37","guid":{"rendered":"https:\/\/provence-materiaux-anciens.com\/?post_type=product&#038;p=1064"},"modified":"2024-07-31T13:06:41","modified_gmt":"2024-07-31T13:06:41","slug":"tomettes-anciennes-rouges","status":"publish","type":"product","link":"https:\/\/provence-materiaux-anciens.com\/fr\/produit\/sols\/terre-cuite-ancienne\/tomettes-anciennes\/tomettes-anciennes-rouges\/","title":{"rendered":"Tomettes anciennes rouges"},"content":{"rendered":"<p><span style=\"font-weight: 400;\">Vous \u00eates \u00e0 la recherche d\u2019un rev\u00eatement de sol esth\u00e9tique, r\u00e9sistant et \u00e9cologique ? Les tomettes anciennes rouges sont un excellent choix.\u00a0 Ces tomettes anciennes donneront un style rustique \u00e0 votre int\u00e9rieur.<\/span><\/p>\n<h3><span style=\"font-weight: 400;\">Optez pour des Tomettes anciennes rouges, un mat\u00e9riau intemporel pour la d\u00e9coration de votre int\u00e9rieur\/ext\u00e9rieur !<\/span><\/h3>\n<p><span style=\"font-weight: 400;\">Les Tomettes anciennes rouges sont des carreaux faits main \u00e0 partir de la terre cuite ancienne. Elles proviennent d\u2019anciennes tomettes r\u00e9cup\u00e9r\u00e9es, plus pr\u00e9cis\u00e9ment des tomettes originaires de Bourgogne qui datent du XVIII\u00e8me et du XIX\u00e8me si\u00e8cle.\u00a0<\/span><\/p>\n<p><span style=\"font-weight: 400;\">Vous pourrez les utiliser pour embellir vos espaces int\u00e9rieurs et ext\u00e9rieurs. En effet, les tomettes anciennes rouges seront parfaites comme rev\u00eatement du s\u00e9jour, de la salle \u00e0 manger, du couloir, de la terrasse, du ratio, \u2026<\/span><\/p>\n<h3><span style=\"font-weight: 400;\">Les tomettes anciennes, un rev\u00eatement aux multiples qualit\u00e9s<\/span><\/h3>\n<p><span style=\"font-weight: 400;\">De nombreuses personnes optent pour des Tomettes anciennes rouges, car elles sont :\u00a0<\/span><\/p>\n<p><b>\u00c9cologiques<\/b><span style=\"font-weight: 400;\">\u00a0<\/span><\/p>\n<p><span style=\"font-weight: 400;\">Ce sont des tomettes faites \u00e0 partir de tomettes anciennes, elles-m\u00eames faites \u00e0 base d\u2019argile naturelle cuite \u00e0 haute temp\u00e9rature. Ces tomettes ne contiennent pas de produits chimiques nocifs.<\/span><\/p>\n<p><b>Belles et esth\u00e9tiques<\/b><\/p>\n<p><span style=\"font-weight: 400;\">Les Tomettes anciennes rouges donneront une chaleureuse ambiance, et un look naturel et r\u00e9tro \u00e0 votre int\u00e9rieur. Elles poss\u00e8dent des teintes rouges tr\u00e8s agr\u00e9ables \u00e0 voir.<\/span><\/p>\n<p><b>Solides et durables<\/b><\/p>\n<p><span style=\"font-weight: 400;\">Ces vieilles tomettes sont capables de r\u00e9sister \u00e0 l\u2019usure et aux chocs. De plus, elles poss\u00e8dent une qualit\u00e9 thermique ind\u00e9niable. Vous pourrez les associer au chauffage au sol pour profiter d\u2019un confort thermique sans \u00e9gal.<\/span><\/p>\n<p><b>Comment les nettoyer ?<\/b><\/p>\n<p><span style=\"font-weight: 400;\">Pour nettoyer des tomettes anciennes, il est recommand\u00e9 d\u2019utiliser des produits naturels. Il s&rsquo;agit du savon noir, du bicarbonate de soude, du vinaigre blanc et autres. Si vous souhaitez nettoyer les joints de tomettes, il vaut mieux utiliser un peu de dentifrice et une brosse \u00e0 dents.<\/span><\/p>\n<p><span style=\"font-weight: 400;\">Les Tomettes anciennes rouges sont disponibles au meilleur prix sur notre site. Commandez-les maintenant !<\/span><\/p>\n","protected":false},"excerpt":{"rendered":"<h2><strong>Ref:<\/strong> Tomettes anciennes rouges (Avallon car005)<\/h2>\n<ul>\n<li><strong>Mat\u00e9riaux<\/strong> : Terre cuite ancienne<\/li>\n<li><strong>Dimensions<\/strong>\u00a0: 16 x 16 cm<\/li>\n<li><strong>Disponibilit\u00e9<\/strong> : Constante<\/li>\n<\/ul>\n<p>Tomettes anciennes rouges en terre cuite. Ces tomettes anciennes datent du XVIII\u00e8me et du XIX\u00e8me si\u00e8cle. Ces tomettes anciennes avec cabochons sont originaires de Bourgogne.<\/p>\n<p>Pour des tomettes anciennes dans des tons plus clairs, <a href=\"https:\/\/provence-materiaux-anciens.com\/sols-anciens\/terre-cuite-ancienne\/tomette\/vieilles-tomettes\/\">cliquez ici.<\/a><\/p>\n<p>Nous vous recommandons de traiter les tomettes \u00ab\u00a0Avallon\u00a0\u00bb avec notre produit <a href=\"https:\/\/provence-materiaux-anciens.com\/sols-anciens\/produits-de-traitement\/provence-primer\/\">Provence Primer<\/a>.<\/p>\n","protected":false},"featured_media":5073,"template":"","meta":{"_monsterinsights_skip_tracking":false,"_monsterinsights_sitenote_active":false,"_monsterinsights_sitenote_note":"","_monsterinsights_sitenote_category":0},"product_brand":[],"product_cat":[32,35,33],"product_tag":[142,140],"class_list":{"0":"post-1064","1":"product","2":"type-product","3":"status-publish","4":"has-post-thumbnail","6":"product_cat-sols","7":"product_cat-tomettes-anciennes","8":"product_cat-terre-cuite-ancienne","9":"product_tag-anciennes","10":"product_tag-tomettes","12":"first","13":"instock","14":"shipping-taxable","15":"product-type-simple"},"yoast_head":"<!-- This site is optimized with the Yoast SEO Premium plugin v22.1 (Yoast SEO v24.6) - https:\/\/yoast.com\/wordpress\/plugins\/seo\/ -->\n<title>Tomettes anciennes rouges - Provence Mat\u00e9riaux Anciens<\/title>\n<meta name=\"robots\" content=\"index, follow, max-snippet:-1, max-image-preview:large, max-video-preview:-1\" \/>\n<link rel=\"canonical\" href=\"https:\/\/provence-materiaux-anciens.com\/fr\/produit\/sols\/terre-cuite-ancienne\/tomettes-anciennes\/tomettes-anciennes-rouges\/\" \/>\n<meta property=\"og:locale\" content=\"fr_FR\" \/>\n<meta property=\"og:type\" content=\"article\" \/>\n<meta property=\"og:title\" content=\"Tomettes anciennes rouges\" \/>\n<meta property=\"og:description\" content=\"Ref: Tomettes anciennes rouges (Avallon car005)   Mat\u00e9riaux : Terre cuite ancienne  Dimensions\u00a0: 16 x 16 cm  Disponibilit\u00e9 : Constante  Tomettes anciennes rouges en terre cuite. Ces tomettes anciennes datent du XVIII\u00e8me et du XIX\u00e8me si\u00e8cle. Ces tomettes anciennes avec cabochons sont originaires de Bourgogne.  Pour des tomettes anciennes dans des tons plus clairs, cliquez ici.  Nous vous recommandons de traiter les tomettes &quot;Avallon&quot; avec notre produit Provence Primer.\" \/>\n<meta property=\"og:url\" content=\"https:\/\/provence-materiaux-anciens.com\/fr\/produit\/sols\/terre-cuite-ancienne\/tomettes-anciennes\/tomettes-anciennes-rouges\/\" \/>\n<meta property=\"og:site_name\" content=\"Provence Mat\u00e9riaux Anciens\" \/>\n<meta property=\"article:publisher\" content=\"https:\/\/www.facebook.com\/provencemateriauxanciens\" \/>\n<meta property=\"article:modified_time\" content=\"2024-07-31T13:06:41+00:00\" \/>\n<meta property=\"og:image\" content=\"https:\/\/provence-materiaux-anciens.com\/wp-content\/uploads\/2022\/12\/DSC_0507_1.jpg\" \/>\n\t<meta property=\"og:image:width\" content=\"1080\" \/>\n\t<meta property=\"og:image:height\" content=\"1620\" \/>\n\t<meta property=\"og:image:type\" content=\"image\/jpeg\" \/>\n<meta name=\"twitter:card\" content=\"summary_large_image\" \/>\n<meta name=\"twitter:label1\" content=\"Dur\u00e9e de lecture estim\u00e9e\" \/>\n\t<meta name=\"twitter:data1\" content=\"2 minutes\" \/>\n<script type=\"application\/ld+json\" class=\"yoast-schema-graph\">{\"@context\":\"https:\/\/schema.org\",\"@graph\":[{\"@type\":\"WebPage\",\"@id\":\"https:\/\/provence-materiaux-anciens.com\/fr\/produit\/sols\/terre-cuite-ancienne\/tomettes-anciennes\/tomettes-anciennes-rouges\/\",\"url\":\"https:\/\/provence-materiaux-anciens.com\/fr\/produit\/sols\/terre-cuite-ancienne\/tomettes-anciennes\/tomettes-anciennes-rouges\/\",\"name\":\"Tomettes anciennes rouges - Provence Mat\u00e9riaux Anciens\",\"isPartOf\":{\"@id\":\"https:\/\/provence-materiaux-anciens.com\/#website\"},\"primaryImageOfPage\":{\"@id\":\"https:\/\/provence-materiaux-anciens.com\/fr\/produit\/sols\/terre-cuite-ancienne\/tomettes-anciennes\/tomettes-anciennes-rouges\/#primaryimage\"},\"image\":{\"@id\":\"https:\/\/provence-materiaux-anciens.com\/fr\/produit\/sols\/terre-cuite-ancienne\/tomettes-anciennes\/tomettes-anciennes-rouges\/#primaryimage\"},\"thumbnailUrl\":\"https:\/\/provence-materiaux-anciens.com\/wp-content\/uploads\/2022\/12\/DSC_0507_1.jpg\",\"datePublished\":\"2022-12-02T18:51:37+00:00\",\"dateModified\":\"2024-07-31T13:06:41+00:00\",\"breadcrumb\":{\"@id\":\"https:\/\/provence-materiaux-anciens.com\/fr\/produit\/sols\/terre-cuite-ancienne\/tomettes-anciennes\/tomettes-anciennes-rouges\/#breadcrumb\"},\"inLanguage\":\"fr-FR\",\"potentialAction\":[{\"@type\":\"ReadAction\",\"target\":[\"https:\/\/provence-materiaux-anciens.com\/fr\/produit\/sols\/terre-cuite-ancienne\/tomettes-anciennes\/tomettes-anciennes-rouges\/\"]}]},{\"@type\":\"ImageObject\",\"inLanguage\":\"fr-FR\",\"@id\":\"https:\/\/provence-materiaux-anciens.com\/fr\/produit\/sols\/terre-cuite-ancienne\/tomettes-anciennes\/tomettes-anciennes-rouges\/#primaryimage\",\"url\":\"https:\/\/provence-materiaux-anciens.com\/wp-content\/uploads\/2022\/12\/DSC_0507_1.jpg\",\"contentUrl\":\"https:\/\/provence-materiaux-anciens.com\/wp-content\/uploads\/2022\/12\/DSC_0507_1.jpg\",\"width\":1080,\"height\":1620},{\"@type\":\"BreadcrumbList\",\"@id\":\"https:\/\/provence-materiaux-anciens.com\/fr\/produit\/sols\/terre-cuite-ancienne\/tomettes-anciennes\/tomettes-anciennes-rouges\/#breadcrumb\",\"itemListElement\":[{\"@type\":\"ListItem\",\"position\":1,\"name\":\"Accueil\",\"item\":\"https:\/\/provence-materiaux-anciens.com\/fr\/\"},{\"@type\":\"ListItem\",\"position\":2,\"name\":\"Produits\",\"item\":\"https:\/\/provence-materiaux-anciens.com\/produit\/\"},{\"@type\":\"ListItem\",\"position\":3,\"name\":\"Tomettes anciennes rouges\"}]},{\"@type\":\"WebSite\",\"@id\":\"https:\/\/provence-materiaux-anciens.com\/#website\",\"url\":\"https:\/\/provence-materiaux-anciens.com\/\",\"name\":\"Provence Mat\u00e9riaux Anciens\",\"description\":\"Achat et vente de mat\u00e9riaux anciens de construction, poutres, tuiles, planchers, charpentes, dallages, terres cuites.\",\"publisher\":{\"@id\":\"https:\/\/provence-materiaux-anciens.com\/#organization\"},\"potentialAction\":[{\"@type\":\"SearchAction\",\"target\":{\"@type\":\"EntryPoint\",\"urlTemplate\":\"https:\/\/provence-materiaux-anciens.com\/?s={search_term_string}\"},\"query-input\":{\"@type\":\"PropertyValueSpecification\",\"valueRequired\":true,\"valueName\":\"search_term_string\"}}],\"inLanguage\":\"fr-FR\"},{\"@type\":\"Organization\",\"@id\":\"https:\/\/provence-materiaux-anciens.com\/#organization\",\"name\":\"Provence Mat\u00e9riaux Anciens\",\"url\":\"https:\/\/provence-materiaux-anciens.com\/\",\"logo\":{\"@type\":\"ImageObject\",\"inLanguage\":\"fr-FR\",\"@id\":\"https:\/\/provence-materiaux-anciens.com\/#\/schema\/logo\/image\/\",\"url\":\"https:\/\/provence-materiaux-anciens.com\/wp-content\/uploads\/2022\/03\/cropped-logo-pma-web.png\",\"contentUrl\":\"https:\/\/provence-materiaux-anciens.com\/wp-content\/uploads\/2022\/03\/cropped-logo-pma-web.png\",\"width\":650,\"height\":434,\"caption\":\"Provence Mat\u00e9riaux Anciens\"},\"image\":{\"@id\":\"https:\/\/provence-materiaux-anciens.com\/#\/schema\/logo\/image\/\"},\"sameAs\":[\"https:\/\/www.facebook.com\/provencemateriauxanciens\",\"https:\/\/www.instagram.com\/provencemateriauxanciens\/\",\"https:\/\/www.pinterest.fr\/provencemateriauxanciens\/\"]}]}<\/script>\n<!-- \/ Yoast SEO Premium plugin. -->","yoast_head_json":{"title":"Tomettes anciennes rouges - Provence Mat\u00e9riaux Anciens","robots":{"index":"index","follow":"follow","max-snippet":"max-snippet:-1","max-image-preview":"max-image-preview:large","max-video-preview":"max-video-preview:-1"},"canonical":"https:\/\/provence-materiaux-anciens.com\/fr\/produit\/sols\/terre-cuite-ancienne\/tomettes-anciennes\/tomettes-anciennes-rouges\/","og_locale":"fr_FR","og_type":"article","og_title":"Tomettes anciennes rouges","og_description":"Ref: Tomettes anciennes rouges (Avallon car005)   Mat\u00e9riaux : Terre cuite ancienne  Dimensions\u00a0: 16 x 16 cm  Disponibilit\u00e9 : Constante  Tomettes anciennes rouges en terre cuite. Ces tomettes anciennes datent du XVIII\u00e8me et du XIX\u00e8me si\u00e8cle. Ces tomettes anciennes avec cabochons sont originaires de Bourgogne.  Pour des tomettes anciennes dans des tons plus clairs, cliquez ici.  Nous vous recommandons de traiter les tomettes \"Avallon\" avec notre produit Provence Primer.","og_url":"https:\/\/provence-materiaux-anciens.com\/fr\/produit\/sols\/terre-cuite-ancienne\/tomettes-anciennes\/tomettes-anciennes-rouges\/","og_site_name":"Provence Mat\u00e9riaux Anciens","article_publisher":"https:\/\/www.facebook.com\/provencemateriauxanciens","article_modified_time":"2024-07-31T13:06:41+00:00","og_image":[{"width":1080,"height":1620,"url":"https:\/\/provence-materiaux-anciens.com\/wp-content\/uploads\/2022\/12\/DSC_0507_1.jpg","type":"image\/jpeg"}],"twitter_card":"summary_large_image","twitter_misc":{"Dur\u00e9e de lecture estim\u00e9e":"2 minutes"},"schema":{"@context":"https:\/\/schema.org","@graph":[{"@type":"WebPage","@id":"https:\/\/provence-materiaux-anciens.com\/fr\/produit\/sols\/terre-cuite-ancienne\/tomettes-anciennes\/tomettes-anciennes-rouges\/","url":"https:\/\/provence-materiaux-anciens.com\/fr\/produit\/sols\/terre-cuite-ancienne\/tomettes-anciennes\/tomettes-anciennes-rouges\/","name":"Tomettes anciennes rouges - Provence Mat\u00e9riaux Anciens","isPartOf":{"@id":"https:\/\/provence-materiaux-anciens.com\/#website"},"primaryImageOfPage":{"@id":"https:\/\/provence-materiaux-anciens.com\/fr\/produit\/sols\/terre-cuite-ancienne\/tomettes-anciennes\/tomettes-anciennes-rouges\/#primaryimage"},"image":{"@id":"https:\/\/provence-materiaux-anciens.com\/fr\/produit\/sols\/terre-cuite-ancienne\/tomettes-anciennes\/tomettes-anciennes-rouges\/#primaryimage"},"thumbnailUrl":"https:\/\/provence-materiaux-anciens.com\/wp-content\/uploads\/2022\/12\/DSC_0507_1.jpg","datePublished":"2022-12-02T18:51:37+00:00","dateModified":"2024-07-31T13:06:41+00:00","breadcrumb":{"@id":"https:\/\/provence-materiaux-anciens.com\/fr\/produit\/sols\/terre-cuite-ancienne\/tomettes-anciennes\/tomettes-anciennes-rouges\/#breadcrumb"},"inLanguage":"fr-FR","potentialAction":[{"@type":"ReadAction","target":["https:\/\/provence-materiaux-anciens.com\/fr\/produit\/sols\/terre-cuite-ancienne\/tomettes-anciennes\/tomettes-anciennes-rouges\/"]}]},{"@type":"ImageObject","inLanguage":"fr-FR","@id":"https:\/\/provence-materiaux-anciens.com\/fr\/produit\/sols\/terre-cuite-ancienne\/tomettes-anciennes\/tomettes-anciennes-rouges\/#primaryimage","url":"https:\/\/provence-materiaux-anciens.com\/wp-content\/uploads\/2022\/12\/DSC_0507_1.jpg","contentUrl":"https:\/\/provence-materiaux-anciens.com\/wp-content\/uploads\/2022\/12\/DSC_0507_1.jpg","width":1080,"height":1620},{"@type":"BreadcrumbList","@id":"https:\/\/provence-materiaux-anciens.com\/fr\/produit\/sols\/terre-cuite-ancienne\/tomettes-anciennes\/tomettes-anciennes-rouges\/#breadcrumb","itemListElement":[{"@type":"ListItem","position":1,"name":"Accueil","item":"https:\/\/provence-materiaux-anciens.com\/fr\/"},{"@type":"ListItem","position":2,"name":"Produits","item":"https:\/\/provence-materiaux-anciens.com\/produit\/"},{"@type":"ListItem","position":3,"name":"Tomettes anciennes rouges"}]},{"@type":"WebSite","@id":"https:\/\/provence-materiaux-anciens.com\/#website","url":"https:\/\/provence-materiaux-anciens.com\/","name":"Provence Mat\u00e9riaux Anciens","description":"Achat et vente de mat\u00e9riaux anciens de construction, poutres, tuiles, planchers, charpentes, dallages, terres cuites.","publisher":{"@id":"https:\/\/provence-materiaux-anciens.com\/#organization"},"potentialAction":[{"@type":"SearchAction","target":{"@type":"EntryPoint","urlTemplate":"https:\/\/provence-materiaux-anciens.com\/?s={search_term_string}"},"query-input":{"@type":"PropertyValueSpecification","valueRequired":true,"valueName":"search_term_string"}}],"inLanguage":"fr-FR"},{"@type":"Organization","@id":"https:\/\/provence-materiaux-anciens.com\/#organization","name":"Provence Mat\u00e9riaux Anciens","url":"https:\/\/provence-materiaux-anciens.com\/","logo":{"@type":"ImageObject","inLanguage":"fr-FR","@id":"https:\/\/provence-materiaux-anciens.com\/#\/schema\/logo\/image\/","url":"https:\/\/provence-materiaux-anciens.com\/wp-content\/uploads\/2022\/03\/cropped-logo-pma-web.png","contentUrl":"https:\/\/provence-materiaux-anciens.com\/wp-content\/uploads\/2022\/03\/cropped-logo-pma-web.png","width":650,"height":434,"caption":"Provence Mat\u00e9riaux Anciens"},"image":{"@id":"https:\/\/provence-materiaux-anciens.com\/#\/schema\/logo\/image\/"},"sameAs":["https:\/\/www.facebook.com\/provencemateriauxanciens","https:\/\/www.instagram.com\/provencemateriauxanciens\/","https:\/\/www.pinterest.fr\/provencemateriauxanciens\/"]}]}},"_links":{"self":[{"href":"https:\/\/provence-materiaux-anciens.com\/fr\/wp-json\/wp\/v2\/product\/1064","targetHints":{"allow":["GET"]}}],"collection":[{"href":"https:\/\/provence-materiaux-anciens.com\/fr\/wp-json\/wp\/v2\/product"}],"about":[{"href":"https:\/\/provence-materiaux-anciens.com\/fr\/wp-json\/wp\/v2\/types\/product"}],"wp:featuredmedia":[{"embeddable":true,"href":"https:\/\/provence-materiaux-anciens.com\/fr\/wp-json\/wp\/v2\/media\/5073"}],"wp:attachment":[{"href":"https:\/\/provence-materiaux-anciens.com\/fr\/wp-json\/wp\/v2\/media?parent=1064"}],"wp:term":[{"taxonomy":"product_brand","embeddable":true,"href":"https:\/\/provence-materiaux-anciens.com\/fr\/wp-json\/wp\/v2\/product_brand?post=1064"},{"taxonomy":"product_cat","embeddable":true,"href":"https:\/\/provence-materiaux-anciens.com\/fr\/wp-json\/wp\/v2\/product_cat?post=1064"},{"taxonomy":"product_tag","embeddable":true,"href":"https:\/\/provence-materiaux-anciens.com\/fr\/wp-json\/wp\/v2\/product_tag?post=1064"}],"curies":[{"name":"wp","href":"https:\/\/api.w.org\/{rel}","templated":true}]}}