{"id":1065,"date":"2022-12-02T18:51:37","date_gmt":"2022-12-02T18:51:37","guid":{"rendered":"https:\/\/provence-materiaux-anciens.com\/?post_type=product&#038;p=1065"},"modified":"2024-07-31T09:29:04","modified_gmt":"2024-07-31T09:29:04","slug":"carrelage-terre-cuite-ancienne","status":"publish","type":"product","link":"https:\/\/provence-materiaux-anciens.com\/fr\/produit\/sols\/terre-cuite-ancienne\/tomettes-anciennes\/carrelage-terre-cuite-ancienne\/","title":{"rendered":"Carrelage terre cuite ancienne"},"content":{"rendered":"<p><span style=\"font-weight: 400;\">D\u00e9couvrez notre Carrelage en terre cuite ancienne, une v\u00e9ritable pi\u00e8ce rare en mati\u00e8re de carreaux anciens.<\/span><\/p>\n<h3>Du Carrelage en terre cuite ancienne pour une d\u00e9coration de sol ou de mur atypiques<\/h3>\n<p><strong>Notre Carrelag<\/strong><strong>e en <\/strong><strong>terre cuite ancienne provient de la r\u00e9gion du Sud-Ouest de la France.<\/strong> Il a \u00e9t\u00e9 fabriqu\u00e9 \u00e0 la main \u00e0 partir d\u2019un carrelage ancien de teinte ros\u00e9e rouge.<\/p>\n<p>Ce carrelage de r\u00e9cup\u00e9ration ancien poss\u00e8de des dimensions variables, ce qui le rend unique. Nos carreaux sont le fruit d&rsquo;un travail artisanal minutieux, refl\u00e9tant l&rsquo;expertise des artisans d&rsquo;autrefois. Cette variabilit\u00e9 ajoute une richesse visuelle \u00e0 votre projet, cr\u00e9ant un sol ou un rev\u00eatement mural qui raconte une histoire unique.<\/p>\n<p>Toutefois, c\u2019est un type de carrelage assez polyvalent qui peut \u00eatre utilis\u00e9 pour la d\u00e9coration de sol, ou de mur ext\u00e9rieurs ou int\u00e9rieurs. Que ce soit pour habiller votre int\u00e9rieur de son charme rustique ou pour cr\u00e9er une atmosph\u00e8re accueillante \u00e0 l&rsquo;ext\u00e9rieur, nos carreaux en vieille terre cuite sont adapt\u00e9s \u00e0 toutes les situations. Leur r\u00e9sistance aux intemp\u00e9ries et leur durabilit\u00e9 en font un choix id\u00e9al pour les sols de terrasse, les cours ext\u00e9rieures ou les cuisines rustiques \u00e0 l&rsquo;int\u00e9rieur. Avec leur capacit\u00e9 \u00e0 conserver la chaleur en hiver et \u00e0 rester frais en \u00e9t\u00e9, ces carreaux offrent un confort incomparable quel que soit le climat.<\/p>\n<p>Ce carrelage sera donc parfait pour des pi\u00e8ces telles que la salle de bain, la cuisine, la salle \u00e0 manger, les patios et les terrasses.<\/p>\n<p>Il apportera un <strong>charme rustique et authentique<\/strong> \u00e0 toute pi\u00e8ce dans laquelle il sera pos\u00e9. Ce carrelage peut s\u2019associer facilement \u00e0 divers types de d\u00e9coration, \u00e0 savoir la d\u00e9coration rustique, moderne, minimaliste, etc.<\/p>\n<p>Nous vous recommandons de faire appel \u00e0 un professionnel pour la pose du Carrelage en terre cuite ancienne afin de garantir un r\u00e9sultat de qualit\u00e9.<\/p>\n<h3>Faites le choix d\u2019un carrelage r\u00e9sistant et antid\u00e9rapant<\/h3>\n<p>L\u2019une des raisons pour lesquelles notre Carrelage en terre cuite ancienne est si appr\u00e9ci\u00e9, est qu\u2019il est <strong>r\u00e9sistant et antid\u00e9rapant<\/strong>. C\u2019est donc un carrelage que vous pourrez installer dans une pi\u00e8ce \u00e0 forte circulation. Gr\u00e2ce \u00e0 lui, vous n\u2019aurez plus \u00e0 vous soucier des moisissures et des bact\u00e9ries qui attaquent les sols. Il est tr\u00e8s r\u00e9sistant et s\u2019inscrit dans la norme HQE (Haute Qualit\u00e9 Environnementale).<\/p>\n<p>Le Carrelage terre cuite ancienne de Provence Mat\u00e9riaux Anciens est antid\u00e9rapant, ce qui est tr\u00e8s int\u00e9ressant si vous avez des enfants en bas \u00e2ge ou des personnes \u00e2g\u00e9es \u00e0 la maison.<\/p>\n<p>Recommandations : traitez les carreaux \u00ab <strong>libourne<\/strong> \u00bb avec notre produit <a href=\"https:\/\/provence-materiaux-anciens.com\/sols-anciens\/produits-de-traitement\/provence-primer\/\">Provence Primer E<\/a>.<\/p>\n<p><strong>Investir dans notre Carrelage<\/strong><strong> en<\/strong><strong> terre cuite ancienne, c\u2019est \u00eatre s\u00fbr de faire des \u00e9conomies sur du long terme, car il peut durer des si\u00e8cles s\u2019il est bien utilis\u00e9.<\/strong><\/p>\n","protected":false},"excerpt":{"rendered":"<h3><strong>Ref: <\/strong>Carrelage terre cuite ancienne (Libourne car008)<\/h3>\n<ul>\n<li><strong>Mat\u00e9riaux<\/strong> : Terre cuite de r\u00e9cup\u00e9ration<\/li>\n<li><strong>Dimensions<\/strong> : de 25 x 25 \u00e0 28 x 28 cm,<\/li>\n<li><strong>\u00c9paisseur<\/strong> : de 3 \u00e0 3.5 cm<\/li>\n<li><strong>Disponibilit\u00e9<\/strong> : Constante<\/li>\n<\/ul>\n<p><span style=\"font-weight: 400;\">Carrelage <\/span><span style=\"font-weight: 400;\">en<\/span><span style=\"font-weight: 400;\"> terre cuite ancienne pr\u00eat \u00e0 poser. <\/span><span style=\"font-weight: 400;\">Nous vous proposons un c<\/span><span style=\"font-weight: 400;\">arrelage de r\u00e9cup\u00e9ration d\u2019une teinte ros\u00e9e rouge. Ces carreaux anciens sont originaires du sud-ouest de la France. Les carreaux de r\u00e9cup\u00e9ration anciens faits main ont des dimensions variables. <\/span><span style=\"font-weight: 400;\">C<\/span><span style=\"font-weight: 400;\">es carrelages en vieille terre cuite peuvent \u00eatre pos\u00e9s en int\u00e9rieur ou ext\u00e9rieur.<\/span><\/p>\n<p>Nous vous recommandons de traiter les carreaux \u00ab <strong>libourne<\/strong> \u00bb avec notre produit <a href=\"https:\/\/provence-materiaux-anciens.com\/sols-anciens\/produits-de-traitement\/provence-primer\/\">Provence Primer E<\/a>.<\/p>\n","protected":false},"featured_media":5072,"template":"","meta":{"_monsterinsights_skip_tracking":false,"_monsterinsights_sitenote_active":false,"_monsterinsights_sitenote_note":"","_monsterinsights_sitenote_category":0},"product_brand":[],"product_cat":[32,35,33],"product_tag":[143,145],"class_list":{"0":"post-1065","1":"product","2":"type-product","3":"status-publish","4":"has-post-thumbnail","6":"product_cat-sols","7":"product_cat-tomettes-anciennes","8":"product_cat-terre-cuite-ancienne","9":"product_tag-carreaux","10":"product_tag-terre-cuite","12":"first","13":"instock","14":"shipping-taxable","15":"product-type-simple"},"yoast_head":"<!-- This site is optimized with the Yoast SEO Premium plugin v22.1 (Yoast SEO v24.6) - https:\/\/yoast.com\/wordpress\/plugins\/seo\/ -->\n<title>Carrelage en terre cuite ancienne - Provence Mat\u00e9riaux Anciens<\/title>\n<meta name=\"description\" content=\"D\u00e9couvrez notre sublime Carrelage en terre cuite ancienne, avec sa teinte ros\u00e9e rouge, il est fabriqu\u00e9 \u00e0 partir de carreaux anciens du Sud Ouest\" \/>\n<meta name=\"robots\" content=\"index, follow, max-snippet:-1, max-image-preview:large, max-video-preview:-1\" \/>\n<link rel=\"canonical\" href=\"https:\/\/provence-materiaux-anciens.com\/fr\/produit\/sols\/terre-cuite-ancienne\/tomettes-anciennes\/carrelage-terre-cuite-ancienne\/\" \/>\n<meta property=\"og:locale\" content=\"fr_FR\" \/>\n<meta property=\"og:type\" content=\"article\" \/>\n<meta property=\"og:title\" content=\"Carrelage terre cuite ancienne\" \/>\n<meta property=\"og:description\" content=\"D\u00e9couvrez notre sublime Carrelage en terre cuite ancienne, avec sa teinte ros\u00e9e rouge, il est fabriqu\u00e9 \u00e0 partir de carreaux anciens du Sud Ouest\" \/>\n<meta property=\"og:url\" content=\"https:\/\/provence-materiaux-anciens.com\/fr\/produit\/sols\/terre-cuite-ancienne\/tomettes-anciennes\/carrelage-terre-cuite-ancienne\/\" \/>\n<meta property=\"og:site_name\" content=\"Provence Mat\u00e9riaux Anciens\" \/>\n<meta property=\"article:publisher\" content=\"https:\/\/www.facebook.com\/provencemateriauxanciens\" \/>\n<meta property=\"article:modified_time\" content=\"2024-07-31T09:29:04+00:00\" \/>\n<meta property=\"og:image\" content=\"https:\/\/provence-materiaux-anciens.com\/wp-content\/uploads\/2022\/12\/20240522_154831-2-scaled.jpg\" \/>\n\t<meta property=\"og:image:width\" content=\"1920\" \/>\n\t<meta property=\"og:image:height\" content=\"2560\" \/>\n\t<meta property=\"og:image:type\" content=\"image\/jpeg\" \/>\n<meta name=\"twitter:card\" content=\"summary_large_image\" \/>\n<meta name=\"twitter:label1\" content=\"Dur\u00e9e de lecture estim\u00e9e\" \/>\n\t<meta name=\"twitter:data1\" content=\"3 minutes\" \/>\n<script type=\"application\/ld+json\" class=\"yoast-schema-graph\">{\"@context\":\"https:\/\/schema.org\",\"@graph\":[{\"@type\":\"WebPage\",\"@id\":\"https:\/\/provence-materiaux-anciens.com\/fr\/produit\/sols\/terre-cuite-ancienne\/tomettes-anciennes\/carrelage-terre-cuite-ancienne\/\",\"url\":\"https:\/\/provence-materiaux-anciens.com\/fr\/produit\/sols\/terre-cuite-ancienne\/tomettes-anciennes\/carrelage-terre-cuite-ancienne\/\",\"name\":\"Carrelage en terre cuite ancienne - Provence Mat\u00e9riaux Anciens\",\"isPartOf\":{\"@id\":\"https:\/\/provence-materiaux-anciens.com\/#website\"},\"primaryImageOfPage\":{\"@id\":\"https:\/\/provence-materiaux-anciens.com\/fr\/produit\/sols\/terre-cuite-ancienne\/tomettes-anciennes\/carrelage-terre-cuite-ancienne\/#primaryimage\"},\"image\":{\"@id\":\"https:\/\/provence-materiaux-anciens.com\/fr\/produit\/sols\/terre-cuite-ancienne\/tomettes-anciennes\/carrelage-terre-cuite-ancienne\/#primaryimage\"},\"thumbnailUrl\":\"https:\/\/provence-materiaux-anciens.com\/wp-content\/uploads\/2022\/12\/20240522_154831-2-scaled.jpg\",\"datePublished\":\"2022-12-02T18:51:37+00:00\",\"dateModified\":\"2024-07-31T09:29:04+00:00\",\"description\":\"D\u00e9couvrez notre sublime Carrelage en terre cuite ancienne, avec sa teinte ros\u00e9e rouge, il est fabriqu\u00e9 \u00e0 partir de carreaux anciens du Sud Ouest\",\"breadcrumb\":{\"@id\":\"https:\/\/provence-materiaux-anciens.com\/fr\/produit\/sols\/terre-cuite-ancienne\/tomettes-anciennes\/carrelage-terre-cuite-ancienne\/#breadcrumb\"},\"inLanguage\":\"fr-FR\",\"potentialAction\":[{\"@type\":\"ReadAction\",\"target\":[\"https:\/\/provence-materiaux-anciens.com\/fr\/produit\/sols\/terre-cuite-ancienne\/tomettes-anciennes\/carrelage-terre-cuite-ancienne\/\"]}]},{\"@type\":\"ImageObject\",\"inLanguage\":\"fr-FR\",\"@id\":\"https:\/\/provence-materiaux-anciens.com\/fr\/produit\/sols\/terre-cuite-ancienne\/tomettes-anciennes\/carrelage-terre-cuite-ancienne\/#primaryimage\",\"url\":\"https:\/\/provence-materiaux-anciens.com\/wp-content\/uploads\/2022\/12\/20240522_154831-2-scaled.jpg\",\"contentUrl\":\"https:\/\/provence-materiaux-anciens.com\/wp-content\/uploads\/2022\/12\/20240522_154831-2-scaled.jpg\",\"width\":1920,\"height\":2560},{\"@type\":\"BreadcrumbList\",\"@id\":\"https:\/\/provence-materiaux-anciens.com\/fr\/produit\/sols\/terre-cuite-ancienne\/tomettes-anciennes\/carrelage-terre-cuite-ancienne\/#breadcrumb\",\"itemListElement\":[{\"@type\":\"ListItem\",\"position\":1,\"name\":\"Accueil\",\"item\":\"https:\/\/provence-materiaux-anciens.com\/fr\/\"},{\"@type\":\"ListItem\",\"position\":2,\"name\":\"Produits\",\"item\":\"https:\/\/provence-materiaux-anciens.com\/produit\/\"},{\"@type\":\"ListItem\",\"position\":3,\"name\":\"Carrelage terre cuite ancienne\"}]},{\"@type\":\"WebSite\",\"@id\":\"https:\/\/provence-materiaux-anciens.com\/#website\",\"url\":\"https:\/\/provence-materiaux-anciens.com\/\",\"name\":\"Provence Mat\u00e9riaux Anciens\",\"description\":\"Achat et vente de mat\u00e9riaux anciens de construction, poutres, tuiles, planchers, charpentes, dallages, terres cuites.\",\"publisher\":{\"@id\":\"https:\/\/provence-materiaux-anciens.com\/#organization\"},\"potentialAction\":[{\"@type\":\"SearchAction\",\"target\":{\"@type\":\"EntryPoint\",\"urlTemplate\":\"https:\/\/provence-materiaux-anciens.com\/?s={search_term_string}\"},\"query-input\":{\"@type\":\"PropertyValueSpecification\",\"valueRequired\":true,\"valueName\":\"search_term_string\"}}],\"inLanguage\":\"fr-FR\"},{\"@type\":\"Organization\",\"@id\":\"https:\/\/provence-materiaux-anciens.com\/#organization\",\"name\":\"Provence Mat\u00e9riaux Anciens\",\"url\":\"https:\/\/provence-materiaux-anciens.com\/\",\"logo\":{\"@type\":\"ImageObject\",\"inLanguage\":\"fr-FR\",\"@id\":\"https:\/\/provence-materiaux-anciens.com\/#\/schema\/logo\/image\/\",\"url\":\"https:\/\/provence-materiaux-anciens.com\/wp-content\/uploads\/2022\/03\/cropped-logo-pma-web.png\",\"contentUrl\":\"https:\/\/provence-materiaux-anciens.com\/wp-content\/uploads\/2022\/03\/cropped-logo-pma-web.png\",\"width\":650,\"height\":434,\"caption\":\"Provence Mat\u00e9riaux Anciens\"},\"image\":{\"@id\":\"https:\/\/provence-materiaux-anciens.com\/#\/schema\/logo\/image\/\"},\"sameAs\":[\"https:\/\/www.facebook.com\/provencemateriauxanciens\",\"https:\/\/www.instagram.com\/provencemateriauxanciens\/\",\"https:\/\/www.pinterest.fr\/provencemateriauxanciens\/\"]}]}<\/script>\n<!-- \/ Yoast SEO Premium plugin. -->","yoast_head_json":{"title":"Carrelage en terre cuite ancienne - Provence Mat\u00e9riaux Anciens","description":"D\u00e9couvrez notre sublime Carrelage en terre cuite ancienne, avec sa teinte ros\u00e9e rouge, il est fabriqu\u00e9 \u00e0 partir de carreaux anciens du Sud Ouest","robots":{"index":"index","follow":"follow","max-snippet":"max-snippet:-1","max-image-preview":"max-image-preview:large","max-video-preview":"max-video-preview:-1"},"canonical":"https:\/\/provence-materiaux-anciens.com\/fr\/produit\/sols\/terre-cuite-ancienne\/tomettes-anciennes\/carrelage-terre-cuite-ancienne\/","og_locale":"fr_FR","og_type":"article","og_title":"Carrelage terre cuite ancienne","og_description":"D\u00e9couvrez notre sublime Carrelage en terre cuite ancienne, avec sa teinte ros\u00e9e rouge, il est fabriqu\u00e9 \u00e0 partir de carreaux anciens du Sud Ouest","og_url":"https:\/\/provence-materiaux-anciens.com\/fr\/produit\/sols\/terre-cuite-ancienne\/tomettes-anciennes\/carrelage-terre-cuite-ancienne\/","og_site_name":"Provence Mat\u00e9riaux Anciens","article_publisher":"https:\/\/www.facebook.com\/provencemateriauxanciens","article_modified_time":"2024-07-31T09:29:04+00:00","og_image":[{"width":1920,"height":2560,"url":"https:\/\/provence-materiaux-anciens.com\/wp-content\/uploads\/2022\/12\/20240522_154831-2-scaled.jpg","type":"image\/jpeg"}],"twitter_card":"summary_large_image","twitter_misc":{"Dur\u00e9e de lecture estim\u00e9e":"3 minutes"},"schema":{"@context":"https:\/\/schema.org","@graph":[{"@type":"WebPage","@id":"https:\/\/provence-materiaux-anciens.com\/fr\/produit\/sols\/terre-cuite-ancienne\/tomettes-anciennes\/carrelage-terre-cuite-ancienne\/","url":"https:\/\/provence-materiaux-anciens.com\/fr\/produit\/sols\/terre-cuite-ancienne\/tomettes-anciennes\/carrelage-terre-cuite-ancienne\/","name":"Carrelage en terre cuite ancienne - Provence Mat\u00e9riaux Anciens","isPartOf":{"@id":"https:\/\/provence-materiaux-anciens.com\/#website"},"primaryImageOfPage":{"@id":"https:\/\/provence-materiaux-anciens.com\/fr\/produit\/sols\/terre-cuite-ancienne\/tomettes-anciennes\/carrelage-terre-cuite-ancienne\/#primaryimage"},"image":{"@id":"https:\/\/provence-materiaux-anciens.com\/fr\/produit\/sols\/terre-cuite-ancienne\/tomettes-anciennes\/carrelage-terre-cuite-ancienne\/#primaryimage"},"thumbnailUrl":"https:\/\/provence-materiaux-anciens.com\/wp-content\/uploads\/2022\/12\/20240522_154831-2-scaled.jpg","datePublished":"2022-12-02T18:51:37+00:00","dateModified":"2024-07-31T09:29:04+00:00","description":"D\u00e9couvrez notre sublime Carrelage en terre cuite ancienne, avec sa teinte ros\u00e9e rouge, il est fabriqu\u00e9 \u00e0 partir de carreaux anciens du Sud Ouest","breadcrumb":{"@id":"https:\/\/provence-materiaux-anciens.com\/fr\/produit\/sols\/terre-cuite-ancienne\/tomettes-anciennes\/carrelage-terre-cuite-ancienne\/#breadcrumb"},"inLanguage":"fr-FR","potentialAction":[{"@type":"ReadAction","target":["https:\/\/provence-materiaux-anciens.com\/fr\/produit\/sols\/terre-cuite-ancienne\/tomettes-anciennes\/carrelage-terre-cuite-ancienne\/"]}]},{"@type":"ImageObject","inLanguage":"fr-FR","@id":"https:\/\/provence-materiaux-anciens.com\/fr\/produit\/sols\/terre-cuite-ancienne\/tomettes-anciennes\/carrelage-terre-cuite-ancienne\/#primaryimage","url":"https:\/\/provence-materiaux-anciens.com\/wp-content\/uploads\/2022\/12\/20240522_154831-2-scaled.jpg","contentUrl":"https:\/\/provence-materiaux-anciens.com\/wp-content\/uploads\/2022\/12\/20240522_154831-2-scaled.jpg","width":1920,"height":2560},{"@type":"BreadcrumbList","@id":"https:\/\/provence-materiaux-anciens.com\/fr\/produit\/sols\/terre-cuite-ancienne\/tomettes-anciennes\/carrelage-terre-cuite-ancienne\/#breadcrumb","itemListElement":[{"@type":"ListItem","position":1,"name":"Accueil","item":"https:\/\/provence-materiaux-anciens.com\/fr\/"},{"@type":"ListItem","position":2,"name":"Produits","item":"https:\/\/provence-materiaux-anciens.com\/produit\/"},{"@type":"ListItem","position":3,"name":"Carrelage terre cuite ancienne"}]},{"@type":"WebSite","@id":"https:\/\/provence-materiaux-anciens.com\/#website","url":"https:\/\/provence-materiaux-anciens.com\/","name":"Provence Mat\u00e9riaux Anciens","description":"Achat et vente de mat\u00e9riaux anciens de construction, poutres, tuiles, planchers, charpentes, dallages, terres cuites.","publisher":{"@id":"https:\/\/provence-materiaux-anciens.com\/#organization"},"potentialAction":[{"@type":"SearchAction","target":{"@type":"EntryPoint","urlTemplate":"https:\/\/provence-materiaux-anciens.com\/?s={search_term_string}"},"query-input":{"@type":"PropertyValueSpecification","valueRequired":true,"valueName":"search_term_string"}}],"inLanguage":"fr-FR"},{"@type":"Organization","@id":"https:\/\/provence-materiaux-anciens.com\/#organization","name":"Provence Mat\u00e9riaux Anciens","url":"https:\/\/provence-materiaux-anciens.com\/","logo":{"@type":"ImageObject","inLanguage":"fr-FR","@id":"https:\/\/provence-materiaux-anciens.com\/#\/schema\/logo\/image\/","url":"https:\/\/provence-materiaux-anciens.com\/wp-content\/uploads\/2022\/03\/cropped-logo-pma-web.png","contentUrl":"https:\/\/provence-materiaux-anciens.com\/wp-content\/uploads\/2022\/03\/cropped-logo-pma-web.png","width":650,"height":434,"caption":"Provence Mat\u00e9riaux Anciens"},"image":{"@id":"https:\/\/provence-materiaux-anciens.com\/#\/schema\/logo\/image\/"},"sameAs":["https:\/\/www.facebook.com\/provencemateriauxanciens","https:\/\/www.instagram.com\/provencemateriauxanciens\/","https:\/\/www.pinterest.fr\/provencemateriauxanciens\/"]}]}},"_links":{"self":[{"href":"https:\/\/provence-materiaux-anciens.com\/fr\/wp-json\/wp\/v2\/product\/1065","targetHints":{"allow":["GET"]}}],"collection":[{"href":"https:\/\/provence-materiaux-anciens.com\/fr\/wp-json\/wp\/v2\/product"}],"about":[{"href":"https:\/\/provence-materiaux-anciens.com\/fr\/wp-json\/wp\/v2\/types\/product"}],"wp:featuredmedia":[{"embeddable":true,"href":"https:\/\/provence-materiaux-anciens.com\/fr\/wp-json\/wp\/v2\/media\/5072"}],"wp:attachment":[{"href":"https:\/\/provence-materiaux-anciens.com\/fr\/wp-json\/wp\/v2\/media?parent=1065"}],"wp:term":[{"taxonomy":"product_brand","embeddable":true,"href":"https:\/\/provence-materiaux-anciens.com\/fr\/wp-json\/wp\/v2\/product_brand?post=1065"},{"taxonomy":"product_cat","embeddable":true,"href":"https:\/\/provence-materiaux-anciens.com\/fr\/wp-json\/wp\/v2\/product_cat?post=1065"},{"taxonomy":"product_tag","embeddable":true,"href":"https:\/\/provence-materiaux-anciens.com\/fr\/wp-json\/wp\/v2\/product_tag?post=1065"}],"curies":[{"name":"wp","href":"https:\/\/api.w.org\/{rel}","templated":true}]}}