{"id":1066,"date":"2022-12-02T18:51:37","date_gmt":"2022-12-02T18:51:37","guid":{"rendered":"https:\/\/provence-materiaux-anciens.com\/?post_type=product&#038;p=1066"},"modified":"2024-03-14T10:19:47","modified_gmt":"2024-03-14T10:19:47","slug":"tomettes-anciennes-de-recuperation","status":"publish","type":"product","link":"https:\/\/provence-materiaux-anciens.com\/fr\/produit\/sols\/terre-cuite-ancienne\/tomettes-anciennes\/tomettes-anciennes-de-recuperation\/","title":{"rendered":"Tomettes anciennes de r\u00e9cup\u00e9ration"},"content":{"rendered":"<p><span style=\"font-weight: 400;\">Vous r\u00eavez d\u2019un sol recouvert d\u2019un carrelage rustique aux couleurs chatoyantes, frais en \u00e9t\u00e9 et doux en hiver ? <\/span><span style=\"font-weight: 400;\">Nos<\/span> <span style=\"font-weight: 400;\">Tomettes anciennes de r\u00e9cup\u00e9ration<\/span> <span style=\"font-weight: 400;\">sont<\/span><span style=\"font-weight: 400;\"> le mat\u00e9riau de construction qu\u2019il vous faut.<\/span><\/p>\n<h3><b>Des tomettes<\/b><b>\u00a0pour un rev\u00eatement chaleureux et original<\/b><\/h3>\n<p><span style=\"font-weight: 400;\">Notre Tomette ancienne de r\u00e9cup\u00e9ration a tellement de charme qu\u2019elle laissera vos invit\u00e9s sans voix. <\/span><b>Sa teinte ros\u00e9e rouge cr\u00e9era une ambiance chaleureuse et conviviale<\/b><span style=\"font-weight: 400;\"> dans toutes les pi\u00e8ces dans lesquelles vous la poserez. Cette tomette faite \u00e0 base de terre cuite ancienne date de la r\u00e9gion de la Loire ( du XVIII\u00e8me et du XIX\u00e8me si\u00e8cle). Elle a \u00e9t\u00e9 faite \u00e0 la main et elle poss\u00e8de une patine unique et des dimensions variables.<\/span><\/p>\n<h3><b>Des tomettes anciennes<\/b><b> de r\u00e9cup\u00e9ration<\/b><b> pour diff\u00e9rentes utilisations<\/b><\/h3>\n<p><span style=\"font-weight: 400;\">Vous aimerez r\u00e9nover votre maison ? Les <\/span><b>tomettes anciennes<\/b><b> de r\u00e9cup\u00e9ration<\/b><span style=\"font-weight: 400;\"> de Provence Mat\u00e9riaux Anciens sont des mat\u00e9riaux en terre cuite de<\/span> <b>forme carr\u00e9<\/b><span style=\"font-weight: 400;\"> que vous pourrez utiliser comme rev\u00eatement de sol ou de mur. Si vous souhaitez changer de sol sans tout casser, sachez que vous pourrez poser nos vieilles tomettes directement sur du carrelage existant si votre sol est \u00e0 niveau et que le rev\u00eatement existant n\u2019est pas tr\u00e8s ab\u00eem\u00e9.<\/span><\/p>\n<p><span style=\"font-weight: 400;\">En ext\u00e9rieur ou en int\u00e9rieur, ces tomettes anciennes <\/span><span style=\"font-weight: 400;\">de r\u00e9cup\u00e9ration<\/span><span style=\"font-weight: 400;\"> feront parfaitement l\u2019affaire. Vous pourrez les utiliser pour votre terrasse, plage de piscine et patio. En int\u00e9rieur, elles seront parfaites pour la cuisine, la salle de bain et toute autre pi\u00e8ce qui vous int\u00e9resse.<\/span><\/p>\n<p><span style=\"font-weight: 400;\">La Tomette ancienne de r\u00e9cup\u00e9ration de Provence Mat\u00e9riaux Anciens est un choix populaire pour les projets de r\u00e9novation et de restauration de maisons de style traditionnel ou de b\u00e2timents anciens. Elle est \u00e9galement tr\u00e8s utilis\u00e9e dans les projets de construction de maisons neuves, car elle leur apporte une touche d\u2019authenticit\u00e9 et de caract\u00e8re.<\/span><\/p>\n<p><span style=\"font-weight: 400;\">La Tomette ancienne de r\u00e9cup\u00e9ration est donc un choix solide, durable et \u00e9cologique pour votre logement.<\/span><\/p>\n<p><span style=\"font-weight: 400;\">Retrouvez toute notre collection de<\/span><a href=\"https:\/\/provence-materiaux-anciens.com\/categorie-produit\/sols\/terre-cuite-ancienne\/tomettes-anciennes\/\"> <span style=\"font-weight: 400;\">tomettes anciennes<\/span><\/a><span style=\"font-weight: 400;\">, avec des formes et des teintes diff\u00e9rentes.<\/span><\/p>\n","protected":false},"excerpt":{"rendered":"<h2><strong>Ref: <\/strong>Tomette ancienne de r\u00e9cup\u00e9ration\u00a0 (Loire Car007)<\/h2>\n<ul>\n<li><strong>Mat\u00e9riaux : <\/strong>Vieille terre cuite<\/li>\n<li><strong>Dimensions :<\/strong> entre 20 x 20 cm et 22 x 22 cm<\/li>\n<li><strong>\u00c9paisseur :<\/strong> de 2.5 \u00e0 3 cm<\/li>\n<li><strong>Disponibilit\u00e9 :<\/strong> Constante<\/li>\n<\/ul>\n<p>Tomette ancienne de r\u00e9cup\u00e9ration carr\u00e9e pour int\u00e9rieur et ext\u00e9rieur. Ce Carrelage de r\u00e9cup\u00e9ration se situe dans des teintes ros\u00e9e rouge. Ces carreaux anciens originaires de la r\u00e9gion de la Loire datent du XVIII\u00e8me et du XIX\u00e8me si\u00e8cle. Les carrelages de r\u00e9cup\u00e9ration faits main ont des dimensions variables et une patine unique.<\/p>\n<p>Nous vous recommandons de traiter les tomettes anciennes de r\u00e9cup\u00e9ration \u00ab\u00a0<strong>Loire<\/strong>\u00a0\u00bb avec notre produit <a href=\"https:\/\/provence-materiaux-anciens.com\/produit\/sols\/traitement-des-sols\/provence-natural-floor\/\"><strong>Provence Natural Floor<\/strong><\/a>.<\/p>\n","protected":false},"featured_media":1573,"template":"","meta":{"_monsterinsights_skip_tracking":false,"_monsterinsights_sitenote_active":false,"_monsterinsights_sitenote_note":"","_monsterinsights_sitenote_category":0},"product_brand":[],"product_cat":[32,35,33],"product_tag":[142,140],"class_list":{"0":"post-1066","1":"product","2":"type-product","3":"status-publish","4":"has-post-thumbnail","6":"product_cat-sols","7":"product_cat-tomettes-anciennes","8":"product_cat-terre-cuite-ancienne","9":"product_tag-anciennes","10":"product_tag-tomettes","12":"first","13":"instock","14":"shipping-taxable","15":"product-type-simple"},"yoast_head":"<!-- This site is optimized with the Yoast SEO Premium plugin v22.1 (Yoast SEO v24.6) - https:\/\/yoast.com\/wordpress\/plugins\/seo\/ -->\n<title>Tomettes anciennes de r\u00e9cup\u00e9ration - Provence mat\u00e9riaux anciens<\/title>\n<meta name=\"description\" content=\"D\u00e9couvrez nos tomettes anciennes de r\u00e9cup\u00e9ration. Avec leur forme carr\u00e9 et leur teinte ros\u00e9e rouge, elles apportent une touche de charme \u00e0 vos sols\" \/>\n<meta name=\"robots\" content=\"index, follow, max-snippet:-1, max-image-preview:large, max-video-preview:-1\" \/>\n<link rel=\"canonical\" href=\"https:\/\/provence-materiaux-anciens.com\/fr\/produit\/sols\/terre-cuite-ancienne\/tomettes-anciennes\/tomettes-anciennes-de-recuperation\/\" \/>\n<meta property=\"og:locale\" content=\"fr_FR\" \/>\n<meta property=\"og:type\" content=\"article\" \/>\n<meta property=\"og:title\" content=\"Tomettes anciennes de r\u00e9cup\u00e9ration\" \/>\n<meta property=\"og:description\" content=\"D\u00e9couvrez nos tomettes anciennes de r\u00e9cup\u00e9ration. Avec leur forme carr\u00e9 et leur teinte ros\u00e9e rouge, elles apportent une touche de charme \u00e0 vos sols\" \/>\n<meta property=\"og:url\" content=\"https:\/\/provence-materiaux-anciens.com\/fr\/produit\/sols\/terre-cuite-ancienne\/tomettes-anciennes\/tomettes-anciennes-de-recuperation\/\" \/>\n<meta property=\"og:site_name\" content=\"Provence Mat\u00e9riaux Anciens\" \/>\n<meta property=\"article:publisher\" content=\"https:\/\/www.facebook.com\/provencemateriauxanciens\" \/>\n<meta property=\"article:modified_time\" content=\"2024-03-14T10:19:47+00:00\" \/>\n<meta property=\"og:image\" content=\"https:\/\/provence-materiaux-anciens.com\/wp-content\/uploads\/2022\/12\/Tomette-ancienne-de-recuperation02.jpg\" \/>\n\t<meta property=\"og:image:width\" content=\"700\" \/>\n\t<meta property=\"og:image:height\" content=\"700\" \/>\n\t<meta property=\"og:image:type\" content=\"image\/jpeg\" \/>\n<meta name=\"twitter:card\" content=\"summary_large_image\" \/>\n<meta name=\"twitter:label1\" content=\"Dur\u00e9e de lecture estim\u00e9e\" \/>\n\t<meta name=\"twitter:data1\" content=\"2 minutes\" \/>\n<script type=\"application\/ld+json\" class=\"yoast-schema-graph\">{\"@context\":\"https:\/\/schema.org\",\"@graph\":[{\"@type\":\"WebPage\",\"@id\":\"https:\/\/provence-materiaux-anciens.com\/produit\/sols\/terre-cuite-ancienne\/tomettes-anciennes\/tomettes-anciennes-de-recuperation\/\",\"url\":\"https:\/\/provence-materiaux-anciens.com\/produit\/sols\/terre-cuite-ancienne\/tomettes-anciennes\/tomettes-anciennes-de-recuperation\/\",\"name\":\"Tomettes anciennes de r\u00e9cup\u00e9ration - Provence mat\u00e9riaux anciens\",\"isPartOf\":{\"@id\":\"https:\/\/provence-materiaux-anciens.com\/#website\"},\"primaryImageOfPage\":{\"@id\":\"https:\/\/provence-materiaux-anciens.com\/produit\/sols\/terre-cuite-ancienne\/tomettes-anciennes\/tomettes-anciennes-de-recuperation\/#primaryimage\"},\"image\":{\"@id\":\"https:\/\/provence-materiaux-anciens.com\/produit\/sols\/terre-cuite-ancienne\/tomettes-anciennes\/tomettes-anciennes-de-recuperation\/#primaryimage\"},\"thumbnailUrl\":\"https:\/\/provence-materiaux-anciens.com\/wp-content\/uploads\/2022\/12\/Tomette-ancienne-de-recuperation02.jpg\",\"datePublished\":\"2022-12-02T18:51:37+00:00\",\"dateModified\":\"2024-03-14T10:19:47+00:00\",\"description\":\"D\u00e9couvrez nos tomettes anciennes de r\u00e9cup\u00e9ration. Avec leur forme carr\u00e9 et leur teinte ros\u00e9e rouge, elles apportent une touche de charme \u00e0 vos sols\",\"breadcrumb\":{\"@id\":\"https:\/\/provence-materiaux-anciens.com\/produit\/sols\/terre-cuite-ancienne\/tomettes-anciennes\/tomettes-anciennes-de-recuperation\/#breadcrumb\"},\"inLanguage\":\"fr-FR\",\"potentialAction\":[{\"@type\":\"ReadAction\",\"target\":[\"https:\/\/provence-materiaux-anciens.com\/produit\/sols\/terre-cuite-ancienne\/tomettes-anciennes\/tomettes-anciennes-de-recuperation\/\"]}]},{\"@type\":\"ImageObject\",\"inLanguage\":\"fr-FR\",\"@id\":\"https:\/\/provence-materiaux-anciens.com\/produit\/sols\/terre-cuite-ancienne\/tomettes-anciennes\/tomettes-anciennes-de-recuperation\/#primaryimage\",\"url\":\"https:\/\/provence-materiaux-anciens.com\/wp-content\/uploads\/2022\/12\/Tomette-ancienne-de-recuperation02.jpg\",\"contentUrl\":\"https:\/\/provence-materiaux-anciens.com\/wp-content\/uploads\/2022\/12\/Tomette-ancienne-de-recuperation02.jpg\",\"width\":700,\"height\":700,\"caption\":\"Tomette ancienne de recuperation\"},{\"@type\":\"BreadcrumbList\",\"@id\":\"https:\/\/provence-materiaux-anciens.com\/produit\/sols\/terre-cuite-ancienne\/tomettes-anciennes\/tomettes-anciennes-de-recuperation\/#breadcrumb\",\"itemListElement\":[{\"@type\":\"ListItem\",\"position\":1,\"name\":\"Accueil\",\"item\":\"https:\/\/provence-materiaux-anciens.com\/fr\/\"},{\"@type\":\"ListItem\",\"position\":2,\"name\":\"Produits\",\"item\":\"https:\/\/provence-materiaux-anciens.com\/produit\/\"},{\"@type\":\"ListItem\",\"position\":3,\"name\":\"Tomettes anciennes de r\u00e9cup\u00e9ration\"}]},{\"@type\":\"WebSite\",\"@id\":\"https:\/\/provence-materiaux-anciens.com\/#website\",\"url\":\"https:\/\/provence-materiaux-anciens.com\/\",\"name\":\"Provence Mat\u00e9riaux Anciens\",\"description\":\"Achat et vente de mat\u00e9riaux anciens de construction, poutres, tuiles, planchers, charpentes, dallages, terres cuites.\",\"publisher\":{\"@id\":\"https:\/\/provence-materiaux-anciens.com\/#organization\"},\"potentialAction\":[{\"@type\":\"SearchAction\",\"target\":{\"@type\":\"EntryPoint\",\"urlTemplate\":\"https:\/\/provence-materiaux-anciens.com\/?s={search_term_string}\"},\"query-input\":{\"@type\":\"PropertyValueSpecification\",\"valueRequired\":true,\"valueName\":\"search_term_string\"}}],\"inLanguage\":\"fr-FR\"},{\"@type\":\"Organization\",\"@id\":\"https:\/\/provence-materiaux-anciens.com\/#organization\",\"name\":\"Provence Mat\u00e9riaux Anciens\",\"url\":\"https:\/\/provence-materiaux-anciens.com\/\",\"logo\":{\"@type\":\"ImageObject\",\"inLanguage\":\"fr-FR\",\"@id\":\"https:\/\/provence-materiaux-anciens.com\/#\/schema\/logo\/image\/\",\"url\":\"https:\/\/provence-materiaux-anciens.com\/wp-content\/uploads\/2022\/03\/cropped-logo-pma-web.png\",\"contentUrl\":\"https:\/\/provence-materiaux-anciens.com\/wp-content\/uploads\/2022\/03\/cropped-logo-pma-web.png\",\"width\":650,\"height\":434,\"caption\":\"Provence Mat\u00e9riaux Anciens\"},\"image\":{\"@id\":\"https:\/\/provence-materiaux-anciens.com\/#\/schema\/logo\/image\/\"},\"sameAs\":[\"https:\/\/www.facebook.com\/provencemateriauxanciens\",\"https:\/\/www.instagram.com\/provencemateriauxanciens\/\",\"https:\/\/www.pinterest.fr\/provencemateriauxanciens\/\"]}]}<\/script>\n<!-- \/ Yoast SEO Premium plugin. -->","yoast_head_json":{"title":"Tomettes anciennes de r\u00e9cup\u00e9ration - Provence mat\u00e9riaux anciens","description":"D\u00e9couvrez nos tomettes anciennes de r\u00e9cup\u00e9ration. Avec leur forme carr\u00e9 et leur teinte ros\u00e9e rouge, elles apportent une touche de charme \u00e0 vos sols","robots":{"index":"index","follow":"follow","max-snippet":"max-snippet:-1","max-image-preview":"max-image-preview:large","max-video-preview":"max-video-preview:-1"},"canonical":"https:\/\/provence-materiaux-anciens.com\/fr\/produit\/sols\/terre-cuite-ancienne\/tomettes-anciennes\/tomettes-anciennes-de-recuperation\/","og_locale":"fr_FR","og_type":"article","og_title":"Tomettes anciennes de r\u00e9cup\u00e9ration","og_description":"D\u00e9couvrez nos tomettes anciennes de r\u00e9cup\u00e9ration. Avec leur forme carr\u00e9 et leur teinte ros\u00e9e rouge, elles apportent une touche de charme \u00e0 vos sols","og_url":"https:\/\/provence-materiaux-anciens.com\/fr\/produit\/sols\/terre-cuite-ancienne\/tomettes-anciennes\/tomettes-anciennes-de-recuperation\/","og_site_name":"Provence Mat\u00e9riaux Anciens","article_publisher":"https:\/\/www.facebook.com\/provencemateriauxanciens","article_modified_time":"2024-03-14T10:19:47+00:00","og_image":[{"width":700,"height":700,"url":"https:\/\/provence-materiaux-anciens.com\/wp-content\/uploads\/2022\/12\/Tomette-ancienne-de-recuperation02.jpg","type":"image\/jpeg"}],"twitter_card":"summary_large_image","twitter_misc":{"Dur\u00e9e de lecture estim\u00e9e":"2 minutes"},"schema":{"@context":"https:\/\/schema.org","@graph":[{"@type":"WebPage","@id":"https:\/\/provence-materiaux-anciens.com\/produit\/sols\/terre-cuite-ancienne\/tomettes-anciennes\/tomettes-anciennes-de-recuperation\/","url":"https:\/\/provence-materiaux-anciens.com\/produit\/sols\/terre-cuite-ancienne\/tomettes-anciennes\/tomettes-anciennes-de-recuperation\/","name":"Tomettes anciennes de r\u00e9cup\u00e9ration - Provence mat\u00e9riaux anciens","isPartOf":{"@id":"https:\/\/provence-materiaux-anciens.com\/#website"},"primaryImageOfPage":{"@id":"https:\/\/provence-materiaux-anciens.com\/produit\/sols\/terre-cuite-ancienne\/tomettes-anciennes\/tomettes-anciennes-de-recuperation\/#primaryimage"},"image":{"@id":"https:\/\/provence-materiaux-anciens.com\/produit\/sols\/terre-cuite-ancienne\/tomettes-anciennes\/tomettes-anciennes-de-recuperation\/#primaryimage"},"thumbnailUrl":"https:\/\/provence-materiaux-anciens.com\/wp-content\/uploads\/2022\/12\/Tomette-ancienne-de-recuperation02.jpg","datePublished":"2022-12-02T18:51:37+00:00","dateModified":"2024-03-14T10:19:47+00:00","description":"D\u00e9couvrez nos tomettes anciennes de r\u00e9cup\u00e9ration. Avec leur forme carr\u00e9 et leur teinte ros\u00e9e rouge, elles apportent une touche de charme \u00e0 vos sols","breadcrumb":{"@id":"https:\/\/provence-materiaux-anciens.com\/produit\/sols\/terre-cuite-ancienne\/tomettes-anciennes\/tomettes-anciennes-de-recuperation\/#breadcrumb"},"inLanguage":"fr-FR","potentialAction":[{"@type":"ReadAction","target":["https:\/\/provence-materiaux-anciens.com\/produit\/sols\/terre-cuite-ancienne\/tomettes-anciennes\/tomettes-anciennes-de-recuperation\/"]}]},{"@type":"ImageObject","inLanguage":"fr-FR","@id":"https:\/\/provence-materiaux-anciens.com\/produit\/sols\/terre-cuite-ancienne\/tomettes-anciennes\/tomettes-anciennes-de-recuperation\/#primaryimage","url":"https:\/\/provence-materiaux-anciens.com\/wp-content\/uploads\/2022\/12\/Tomette-ancienne-de-recuperation02.jpg","contentUrl":"https:\/\/provence-materiaux-anciens.com\/wp-content\/uploads\/2022\/12\/Tomette-ancienne-de-recuperation02.jpg","width":700,"height":700,"caption":"Tomette ancienne de recuperation"},{"@type":"BreadcrumbList","@id":"https:\/\/provence-materiaux-anciens.com\/produit\/sols\/terre-cuite-ancienne\/tomettes-anciennes\/tomettes-anciennes-de-recuperation\/#breadcrumb","itemListElement":[{"@type":"ListItem","position":1,"name":"Accueil","item":"https:\/\/provence-materiaux-anciens.com\/fr\/"},{"@type":"ListItem","position":2,"name":"Produits","item":"https:\/\/provence-materiaux-anciens.com\/produit\/"},{"@type":"ListItem","position":3,"name":"Tomettes anciennes de r\u00e9cup\u00e9ration"}]},{"@type":"WebSite","@id":"https:\/\/provence-materiaux-anciens.com\/#website","url":"https:\/\/provence-materiaux-anciens.com\/","name":"Provence Mat\u00e9riaux Anciens","description":"Achat et vente de mat\u00e9riaux anciens de construction, poutres, tuiles, planchers, charpentes, dallages, terres cuites.","publisher":{"@id":"https:\/\/provence-materiaux-anciens.com\/#organization"},"potentialAction":[{"@type":"SearchAction","target":{"@type":"EntryPoint","urlTemplate":"https:\/\/provence-materiaux-anciens.com\/?s={search_term_string}"},"query-input":{"@type":"PropertyValueSpecification","valueRequired":true,"valueName":"search_term_string"}}],"inLanguage":"fr-FR"},{"@type":"Organization","@id":"https:\/\/provence-materiaux-anciens.com\/#organization","name":"Provence Mat\u00e9riaux Anciens","url":"https:\/\/provence-materiaux-anciens.com\/","logo":{"@type":"ImageObject","inLanguage":"fr-FR","@id":"https:\/\/provence-materiaux-anciens.com\/#\/schema\/logo\/image\/","url":"https:\/\/provence-materiaux-anciens.com\/wp-content\/uploads\/2022\/03\/cropped-logo-pma-web.png","contentUrl":"https:\/\/provence-materiaux-anciens.com\/wp-content\/uploads\/2022\/03\/cropped-logo-pma-web.png","width":650,"height":434,"caption":"Provence Mat\u00e9riaux Anciens"},"image":{"@id":"https:\/\/provence-materiaux-anciens.com\/#\/schema\/logo\/image\/"},"sameAs":["https:\/\/www.facebook.com\/provencemateriauxanciens","https:\/\/www.instagram.com\/provencemateriauxanciens\/","https:\/\/www.pinterest.fr\/provencemateriauxanciens\/"]}]}},"_links":{"self":[{"href":"https:\/\/provence-materiaux-anciens.com\/fr\/wp-json\/wp\/v2\/product\/1066","targetHints":{"allow":["GET"]}}],"collection":[{"href":"https:\/\/provence-materiaux-anciens.com\/fr\/wp-json\/wp\/v2\/product"}],"about":[{"href":"https:\/\/provence-materiaux-anciens.com\/fr\/wp-json\/wp\/v2\/types\/product"}],"wp:featuredmedia":[{"embeddable":true,"href":"https:\/\/provence-materiaux-anciens.com\/fr\/wp-json\/wp\/v2\/media\/1573"}],"wp:attachment":[{"href":"https:\/\/provence-materiaux-anciens.com\/fr\/wp-json\/wp\/v2\/media?parent=1066"}],"wp:term":[{"taxonomy":"product_brand","embeddable":true,"href":"https:\/\/provence-materiaux-anciens.com\/fr\/wp-json\/wp\/v2\/product_brand?post=1066"},{"taxonomy":"product_cat","embeddable":true,"href":"https:\/\/provence-materiaux-anciens.com\/fr\/wp-json\/wp\/v2\/product_cat?post=1066"},{"taxonomy":"product_tag","embeddable":true,"href":"https:\/\/provence-materiaux-anciens.com\/fr\/wp-json\/wp\/v2\/product_tag?post=1066"}],"curies":[{"name":"wp","href":"https:\/\/api.w.org\/{rel}","templated":true}]}}