{"id":1068,"date":"2022-12-02T18:51:37","date_gmt":"2022-12-02T18:51:37","guid":{"rendered":"https:\/\/provence-materiaux-anciens.com\/?post_type=product&#038;p=1068"},"modified":"2024-03-06T08:56:48","modified_gmt":"2024-03-06T08:56:48","slug":"plancher-sapin-ancien","status":"publish","type":"product","link":"https:\/\/provence-materiaux-anciens.com\/fr\/produit\/sols\/plancher-parquet\/plancher-sapin-ancien\/plancher-sapin-ancien\/","title":{"rendered":"Plancher sapin ancien"},"content":{"rendered":"","protected":false},"excerpt":{"rendered":"<h2><strong>Ref: <\/strong>Plancher sapin ancien (Pl01)<\/h2>\n<p>Plancher sapin ancien pr\u00e9par\u00e9 pour la pose. Plancher ancien authentique en sapin massif r\u00e9cup\u00e9r\u00e9 dans de vieilles b\u00e2tisses et fa\u00e7onn\u00e9 pr\u00eat \u00e0 poser dans nos ateliers. Les planchers de r\u00e9cup\u00e9ration en sapin ont des couleur claires. Les dimensions des vieilles planches en sapin varient d&rsquo;un lot \u00e0 l&rsquo;autre. Vieux parquet destin\u00e9 \u00e0 une utilisation sous plafond et sol.<\/p>\n<p><strong>Longueur des planches<\/strong> : de 150 \u00e0 360 cm en moyenne<\/p>\n<p><strong>Largeur<\/strong> : de 10 \u00e0 35 cm en moyenne<\/p>\n<p><strong>\u00c9paisseur<\/strong> : de 2 \u00e0 2,5 cm.<\/p>\n","protected":false},"featured_media":1633,"template":"","meta":{"_monsterinsights_skip_tracking":false,"_monsterinsights_sitenote_active":false,"_monsterinsights_sitenote_note":"","_monsterinsights_sitenote_category":0},"product_brand":[],"product_cat":[43,42,32],"product_tag":[],"class_list":{"0":"post-1068","1":"product","2":"type-product","3":"status-publish","4":"has-post-thumbnail","6":"product_cat-plancher-sapin-ancien","7":"product_cat-plancher-parquet","8":"product_cat-sols","10":"first","11":"instock","12":"shipping-taxable","13":"product-type-simple"},"yoast_head":"<!-- This site is optimized with the Yoast SEO Premium plugin v22.1 (Yoast SEO v24.6) - https:\/\/yoast.com\/wordpress\/plugins\/seo\/ -->\n<title>Plancher sapin ancien - Provence Mat\u00e9riaux Anciens<\/title>\n<meta name=\"robots\" content=\"index, follow, max-snippet:-1, max-image-preview:large, max-video-preview:-1\" \/>\n<link rel=\"canonical\" href=\"https:\/\/provence-materiaux-anciens.com\/fr\/produit\/sols\/plancher-parquet\/plancher-sapin-ancien\/plancher-sapin-ancien\/\" \/>\n<meta property=\"og:locale\" content=\"fr_FR\" \/>\n<meta property=\"og:type\" content=\"article\" \/>\n<meta property=\"og:title\" content=\"Plancher sapin ancien\" \/>\n<meta property=\"og:description\" content=\"Ref: Plancher sapin ancien (Pl01) Plancher sapin ancien pr\u00e9par\u00e9 pour la pose. Plancher ancien authentique en sapin massif r\u00e9cup\u00e9r\u00e9 dans de vieilles b\u00e2tisses et fa\u00e7onn\u00e9 pr\u00eat \u00e0 poser dans nos ateliers. Les planchers de r\u00e9cup\u00e9ration en sapin ont des couleur claires. Les dimensions des vieilles planches en sapin varient d&#039;un lot \u00e0 l&#039;autre. Vieux parquet destin\u00e9 \u00e0 une utilisation sous plafond et sol.  Longueur des planches : de 150 \u00e0 360 cm en moyenne  Largeur : de 10 \u00e0 35 cm en moyenne  \u00c9paisseur : de 2 \u00e0 2,5 cm.\" \/>\n<meta property=\"og:url\" content=\"https:\/\/provence-materiaux-anciens.com\/fr\/produit\/sols\/plancher-parquet\/plancher-sapin-ancien\/plancher-sapin-ancien\/\" \/>\n<meta property=\"og:site_name\" content=\"Provence Mat\u00e9riaux Anciens\" \/>\n<meta property=\"article:publisher\" content=\"https:\/\/www.facebook.com\/provencemateriauxanciens\" \/>\n<meta property=\"article:modified_time\" content=\"2024-03-06T08:56:48+00:00\" \/>\n<meta property=\"og:image\" content=\"https:\/\/provence-materiaux-anciens.com\/wp-content\/uploads\/2022\/12\/parquet-sapin-ancien01.jpg\" \/>\n\t<meta property=\"og:image:width\" content=\"700\" \/>\n\t<meta property=\"og:image:height\" content=\"700\" \/>\n\t<meta property=\"og:image:type\" content=\"image\/jpeg\" \/>\n<meta name=\"twitter:card\" content=\"summary_large_image\" \/>\n<script type=\"application\/ld+json\" class=\"yoast-schema-graph\">{\"@context\":\"https:\/\/schema.org\",\"@graph\":[{\"@type\":\"WebPage\",\"@id\":\"https:\/\/provence-materiaux-anciens.com\/produit\/sols\/plancher-parquet\/plancher-sapin-ancien\/plancher-sapin-ancien\/\",\"url\":\"https:\/\/provence-materiaux-anciens.com\/produit\/sols\/plancher-parquet\/plancher-sapin-ancien\/plancher-sapin-ancien\/\",\"name\":\"Plancher sapin ancien - Provence Mat\u00e9riaux Anciens\",\"isPartOf\":{\"@id\":\"https:\/\/provence-materiaux-anciens.com\/#website\"},\"primaryImageOfPage\":{\"@id\":\"https:\/\/provence-materiaux-anciens.com\/produit\/sols\/plancher-parquet\/plancher-sapin-ancien\/plancher-sapin-ancien\/#primaryimage\"},\"image\":{\"@id\":\"https:\/\/provence-materiaux-anciens.com\/produit\/sols\/plancher-parquet\/plancher-sapin-ancien\/plancher-sapin-ancien\/#primaryimage\"},\"thumbnailUrl\":\"https:\/\/provence-materiaux-anciens.com\/wp-content\/uploads\/2022\/12\/parquet-sapin-ancien01.jpg\",\"datePublished\":\"2022-12-02T18:51:37+00:00\",\"dateModified\":\"2024-03-06T08:56:48+00:00\",\"breadcrumb\":{\"@id\":\"https:\/\/provence-materiaux-anciens.com\/produit\/sols\/plancher-parquet\/plancher-sapin-ancien\/plancher-sapin-ancien\/#breadcrumb\"},\"inLanguage\":\"fr-FR\",\"potentialAction\":[{\"@type\":\"ReadAction\",\"target\":[\"https:\/\/provence-materiaux-anciens.com\/produit\/sols\/plancher-parquet\/plancher-sapin-ancien\/plancher-sapin-ancien\/\"]}]},{\"@type\":\"ImageObject\",\"inLanguage\":\"fr-FR\",\"@id\":\"https:\/\/provence-materiaux-anciens.com\/produit\/sols\/plancher-parquet\/plancher-sapin-ancien\/plancher-sapin-ancien\/#primaryimage\",\"url\":\"https:\/\/provence-materiaux-anciens.com\/wp-content\/uploads\/2022\/12\/parquet-sapin-ancien01.jpg\",\"contentUrl\":\"https:\/\/provence-materiaux-anciens.com\/wp-content\/uploads\/2022\/12\/parquet-sapin-ancien01.jpg\",\"width\":700,\"height\":700,\"caption\":\"parquet-sapin-ancien01\"},{\"@type\":\"BreadcrumbList\",\"@id\":\"https:\/\/provence-materiaux-anciens.com\/produit\/sols\/plancher-parquet\/plancher-sapin-ancien\/plancher-sapin-ancien\/#breadcrumb\",\"itemListElement\":[{\"@type\":\"ListItem\",\"position\":1,\"name\":\"Accueil\",\"item\":\"https:\/\/provence-materiaux-anciens.com\/fr\/\"},{\"@type\":\"ListItem\",\"position\":2,\"name\":\"Produits\",\"item\":\"https:\/\/provence-materiaux-anciens.com\/produit\/\"},{\"@type\":\"ListItem\",\"position\":3,\"name\":\"Plancher sapin ancien\"}]},{\"@type\":\"WebSite\",\"@id\":\"https:\/\/provence-materiaux-anciens.com\/#website\",\"url\":\"https:\/\/provence-materiaux-anciens.com\/\",\"name\":\"Provence Mat\u00e9riaux Anciens\",\"description\":\"Achat et vente de mat\u00e9riaux anciens de construction, poutres, tuiles, planchers, charpentes, dallages, terres cuites.\",\"publisher\":{\"@id\":\"https:\/\/provence-materiaux-anciens.com\/#organization\"},\"potentialAction\":[{\"@type\":\"SearchAction\",\"target\":{\"@type\":\"EntryPoint\",\"urlTemplate\":\"https:\/\/provence-materiaux-anciens.com\/?s={search_term_string}\"},\"query-input\":{\"@type\":\"PropertyValueSpecification\",\"valueRequired\":true,\"valueName\":\"search_term_string\"}}],\"inLanguage\":\"fr-FR\"},{\"@type\":\"Organization\",\"@id\":\"https:\/\/provence-materiaux-anciens.com\/#organization\",\"name\":\"Provence Mat\u00e9riaux Anciens\",\"url\":\"https:\/\/provence-materiaux-anciens.com\/\",\"logo\":{\"@type\":\"ImageObject\",\"inLanguage\":\"fr-FR\",\"@id\":\"https:\/\/provence-materiaux-anciens.com\/#\/schema\/logo\/image\/\",\"url\":\"https:\/\/provence-materiaux-anciens.com\/wp-content\/uploads\/2022\/03\/cropped-logo-pma-web.png\",\"contentUrl\":\"https:\/\/provence-materiaux-anciens.com\/wp-content\/uploads\/2022\/03\/cropped-logo-pma-web.png\",\"width\":650,\"height\":434,\"caption\":\"Provence Mat\u00e9riaux Anciens\"},\"image\":{\"@id\":\"https:\/\/provence-materiaux-anciens.com\/#\/schema\/logo\/image\/\"},\"sameAs\":[\"https:\/\/www.facebook.com\/provencemateriauxanciens\",\"https:\/\/www.instagram.com\/provencemateriauxanciens\/\",\"https:\/\/www.pinterest.fr\/provencemateriauxanciens\/\"]}]}<\/script>\n<!-- \/ Yoast SEO Premium plugin. -->","yoast_head_json":{"title":"Plancher sapin ancien - Provence Mat\u00e9riaux Anciens","robots":{"index":"index","follow":"follow","max-snippet":"max-snippet:-1","max-image-preview":"max-image-preview:large","max-video-preview":"max-video-preview:-1"},"canonical":"https:\/\/provence-materiaux-anciens.com\/fr\/produit\/sols\/plancher-parquet\/plancher-sapin-ancien\/plancher-sapin-ancien\/","og_locale":"fr_FR","og_type":"article","og_title":"Plancher sapin ancien","og_description":"Ref: Plancher sapin ancien (Pl01) Plancher sapin ancien pr\u00e9par\u00e9 pour la pose. Plancher ancien authentique en sapin massif r\u00e9cup\u00e9r\u00e9 dans de vieilles b\u00e2tisses et fa\u00e7onn\u00e9 pr\u00eat \u00e0 poser dans nos ateliers. Les planchers de r\u00e9cup\u00e9ration en sapin ont des couleur claires. Les dimensions des vieilles planches en sapin varient d'un lot \u00e0 l'autre. Vieux parquet destin\u00e9 \u00e0 une utilisation sous plafond et sol.  Longueur des planches : de 150 \u00e0 360 cm en moyenne  Largeur : de 10 \u00e0 35 cm en moyenne  \u00c9paisseur : de 2 \u00e0 2,5 cm.","og_url":"https:\/\/provence-materiaux-anciens.com\/fr\/produit\/sols\/plancher-parquet\/plancher-sapin-ancien\/plancher-sapin-ancien\/","og_site_name":"Provence Mat\u00e9riaux Anciens","article_publisher":"https:\/\/www.facebook.com\/provencemateriauxanciens","article_modified_time":"2024-03-06T08:56:48+00:00","og_image":[{"width":700,"height":700,"url":"https:\/\/provence-materiaux-anciens.com\/wp-content\/uploads\/2022\/12\/parquet-sapin-ancien01.jpg","type":"image\/jpeg"}],"twitter_card":"summary_large_image","schema":{"@context":"https:\/\/schema.org","@graph":[{"@type":"WebPage","@id":"https:\/\/provence-materiaux-anciens.com\/produit\/sols\/plancher-parquet\/plancher-sapin-ancien\/plancher-sapin-ancien\/","url":"https:\/\/provence-materiaux-anciens.com\/produit\/sols\/plancher-parquet\/plancher-sapin-ancien\/plancher-sapin-ancien\/","name":"Plancher sapin ancien - Provence Mat\u00e9riaux Anciens","isPartOf":{"@id":"https:\/\/provence-materiaux-anciens.com\/#website"},"primaryImageOfPage":{"@id":"https:\/\/provence-materiaux-anciens.com\/produit\/sols\/plancher-parquet\/plancher-sapin-ancien\/plancher-sapin-ancien\/#primaryimage"},"image":{"@id":"https:\/\/provence-materiaux-anciens.com\/produit\/sols\/plancher-parquet\/plancher-sapin-ancien\/plancher-sapin-ancien\/#primaryimage"},"thumbnailUrl":"https:\/\/provence-materiaux-anciens.com\/wp-content\/uploads\/2022\/12\/parquet-sapin-ancien01.jpg","datePublished":"2022-12-02T18:51:37+00:00","dateModified":"2024-03-06T08:56:48+00:00","breadcrumb":{"@id":"https:\/\/provence-materiaux-anciens.com\/produit\/sols\/plancher-parquet\/plancher-sapin-ancien\/plancher-sapin-ancien\/#breadcrumb"},"inLanguage":"fr-FR","potentialAction":[{"@type":"ReadAction","target":["https:\/\/provence-materiaux-anciens.com\/produit\/sols\/plancher-parquet\/plancher-sapin-ancien\/plancher-sapin-ancien\/"]}]},{"@type":"ImageObject","inLanguage":"fr-FR","@id":"https:\/\/provence-materiaux-anciens.com\/produit\/sols\/plancher-parquet\/plancher-sapin-ancien\/plancher-sapin-ancien\/#primaryimage","url":"https:\/\/provence-materiaux-anciens.com\/wp-content\/uploads\/2022\/12\/parquet-sapin-ancien01.jpg","contentUrl":"https:\/\/provence-materiaux-anciens.com\/wp-content\/uploads\/2022\/12\/parquet-sapin-ancien01.jpg","width":700,"height":700,"caption":"parquet-sapin-ancien01"},{"@type":"BreadcrumbList","@id":"https:\/\/provence-materiaux-anciens.com\/produit\/sols\/plancher-parquet\/plancher-sapin-ancien\/plancher-sapin-ancien\/#breadcrumb","itemListElement":[{"@type":"ListItem","position":1,"name":"Accueil","item":"https:\/\/provence-materiaux-anciens.com\/fr\/"},{"@type":"ListItem","position":2,"name":"Produits","item":"https:\/\/provence-materiaux-anciens.com\/produit\/"},{"@type":"ListItem","position":3,"name":"Plancher sapin ancien"}]},{"@type":"WebSite","@id":"https:\/\/provence-materiaux-anciens.com\/#website","url":"https:\/\/provence-materiaux-anciens.com\/","name":"Provence Mat\u00e9riaux Anciens","description":"Achat et vente de mat\u00e9riaux anciens de construction, poutres, tuiles, planchers, charpentes, dallages, terres cuites.","publisher":{"@id":"https:\/\/provence-materiaux-anciens.com\/#organization"},"potentialAction":[{"@type":"SearchAction","target":{"@type":"EntryPoint","urlTemplate":"https:\/\/provence-materiaux-anciens.com\/?s={search_term_string}"},"query-input":{"@type":"PropertyValueSpecification","valueRequired":true,"valueName":"search_term_string"}}],"inLanguage":"fr-FR"},{"@type":"Organization","@id":"https:\/\/provence-materiaux-anciens.com\/#organization","name":"Provence Mat\u00e9riaux Anciens","url":"https:\/\/provence-materiaux-anciens.com\/","logo":{"@type":"ImageObject","inLanguage":"fr-FR","@id":"https:\/\/provence-materiaux-anciens.com\/#\/schema\/logo\/image\/","url":"https:\/\/provence-materiaux-anciens.com\/wp-content\/uploads\/2022\/03\/cropped-logo-pma-web.png","contentUrl":"https:\/\/provence-materiaux-anciens.com\/wp-content\/uploads\/2022\/03\/cropped-logo-pma-web.png","width":650,"height":434,"caption":"Provence Mat\u00e9riaux Anciens"},"image":{"@id":"https:\/\/provence-materiaux-anciens.com\/#\/schema\/logo\/image\/"},"sameAs":["https:\/\/www.facebook.com\/provencemateriauxanciens","https:\/\/www.instagram.com\/provencemateriauxanciens\/","https:\/\/www.pinterest.fr\/provencemateriauxanciens\/"]}]}},"_links":{"self":[{"href":"https:\/\/provence-materiaux-anciens.com\/fr\/wp-json\/wp\/v2\/product\/1068","targetHints":{"allow":["GET"]}}],"collection":[{"href":"https:\/\/provence-materiaux-anciens.com\/fr\/wp-json\/wp\/v2\/product"}],"about":[{"href":"https:\/\/provence-materiaux-anciens.com\/fr\/wp-json\/wp\/v2\/types\/product"}],"wp:featuredmedia":[{"embeddable":true,"href":"https:\/\/provence-materiaux-anciens.com\/fr\/wp-json\/wp\/v2\/media\/1633"}],"wp:attachment":[{"href":"https:\/\/provence-materiaux-anciens.com\/fr\/wp-json\/wp\/v2\/media?parent=1068"}],"wp:term":[{"taxonomy":"product_brand","embeddable":true,"href":"https:\/\/provence-materiaux-anciens.com\/fr\/wp-json\/wp\/v2\/product_brand?post=1068"},{"taxonomy":"product_cat","embeddable":true,"href":"https:\/\/provence-materiaux-anciens.com\/fr\/wp-json\/wp\/v2\/product_cat?post=1068"},{"taxonomy":"product_tag","embeddable":true,"href":"https:\/\/provence-materiaux-anciens.com\/fr\/wp-json\/wp\/v2\/product_tag?post=1068"}],"curies":[{"name":"wp","href":"https:\/\/api.w.org\/{rel}","templated":true}]}}