{"id":1070,"date":"2022-12-02T18:51:37","date_gmt":"2022-12-02T18:51:37","guid":{"rendered":"https:\/\/provence-materiaux-anciens.com\/?post_type=product&#038;p=1070"},"modified":"2024-03-06T08:56:48","modified_gmt":"2024-03-06T08:56:48","slug":"dalle-ancienne-de-bourgogne","status":"publish","type":"product","link":"https:\/\/provence-materiaux-anciens.com\/fr\/produit\/sols\/dallages-anciens\/dalles-de-bourgogne\/dalle-ancienne-de-bourgogne\/","title":{"rendered":"Dalle ancienne de Bourgogne"},"content":{"rendered":"<p><span style=\"font-weight: 400;\">A la qu\u00eate d\u2019un rev\u00eatement de sol original et durable ? Vous devez jeter un coup d&rsquo;\u0153il sur notre Dalle ancienne de Bourgogne.\u00a0<\/span><\/p>\n<h3><span style=\"font-weight: 400;\">Dalle ancienne de Bourgogne : un rev\u00eatement au charme naturel !<\/span><\/h3>\n<p><span style=\"font-weight: 400;\">Notre Dalle ancienne de Bourgogne est fabriqu\u00e9e \u00e0 partir de terre cuite ancienne. Ce type de rev\u00eatement a travers\u00e9 les \u00e9poques, et continue de s\u00e9duire de nos jours. Leur charme vient premi\u00e8rement de leur aspect naturel. La Dalle ancienne de Bourgogne offre une vari\u00e9t\u00e9 de couleur et de texture pour un habillage harmonieux de votre sol.\u00a0<\/span><\/p>\n<p><span style=\"font-weight: 400;\">Ce rev\u00eatement de sol en terre cuite peut \u00eatre utilis\u00e9 pour des espaces int\u00e9rieurs et ext\u00e9rieurs. En effet, vous pouvez l\u2019utiliser pour les all\u00e9es externes de votre logement, pour le salon, la cuisine, la salle de bain et bien d\u2019autres.<\/span><\/p>\n<p><span style=\"font-weight: 400;\">Vous pouvez associer notre Dalle ancienne de Bourgogne \u00e0 une d\u00e9coration aussi moderne que vintage. Elle se marie facilement pour un style encore plus original.<\/span><\/p>\n<h3><span style=\"font-weight: 400;\">Dalle ancienne de Bourgogne : s\u00e9curit\u00e9, durabilit\u00e9 et solidit\u00e9 assur\u00e9es !\u00a0<\/span><\/h3>\n<p><span style=\"font-weight: 400;\">Si vous habitez avec des enfants ou des personnes \u00e2g\u00e9es, ce serait une raison suppl\u00e9mentaire de choisir ces carreaux de terre cuite pour votre logement. Ce sont des carreaux antid\u00e9rapants, ce qui prot\u00e9gera les habitants de la maison des chutes \u00e0 r\u00e9p\u00e9tition. Par ailleurs, ces carreaux sont suffisamment solides pour r\u00e9sister \u00e0 des chocs violents. Bien entretenus, vous n\u2019aurez pas \u00e0 les changer m\u00eame apr\u00e8s une cinquantaine d\u2019ann\u00e9es.\u00a0<\/span><\/p>\n<p><span style=\"font-weight: 400;\">Ces carreaux d\u2019une \u00e9paisseur de 3 mm sont particuli\u00e8rement favorables aux planchers chauffants. Faits \u00e0 base de terre cuite, ils sont capables de conserver la temp\u00e9rature. Ainsi, ils vous rafra\u00eechiront en temps chaud et vous r\u00e9chaufferont par temps froid.\u00a0<\/span><\/p>\n<p><span style=\"font-weight: 400;\">Le dernier aspect et pas des moindres, c\u2019est le caract\u00e8re \u00e9colo de ces carreaux. Ils ne constituent aucun danger pour l\u2019environnement, gr\u00e2ce au caract\u00e8re naturel du mat\u00e9riau de base, \u00e0 savoir la terre.\u00a0<\/span><\/p>\n<p>&nbsp;<\/p>\n<p><span style=\"font-weight: 400;\">N\u2019attendez plus, commandez notre Dalle ancienne de Bourgogne pour donner une touche d\u2019\u00e9l\u00e9gance particuli\u00e8re \u00e0 votre logement !<\/span><\/p>\n<p>&nbsp;<\/p>\n","protected":false},"excerpt":{"rendered":"<h2><strong>Ref: <\/strong>Dalle ancienne de Bourgogne pour int\u00e9rieur (Dalb04)<\/h2>\n<p>Dalle ancienne de Bourgogne pour int\u00e9rieur. Ce dallage de r\u00e9cup\u00e9ration ancien est s\u00e9lectionn\u00e9 pour sa patine incomparable.\u00a0 Les dalles de Bourgogne anciennes sont issues des maisons de villes et de campagne et permettent aujourd&rsquo;hui un style authentique dans vos constructions. La nature m\u00eame des vieux dallages permet des variations de textures et de couleurs d&rsquo;un lot \u00e0 l&rsquo;autre. Toute notre exp\u00e9rience est n\u00e9cessaire pour parvenir \u00e0 trouver les lots les plus int\u00e9ressants de dalles de Bourgogne anciennes. Nous pouvons couper les vieilles pierres de Bourgogne dans l&rsquo;\u00e9paisseur \u00e0 3 cm pour une pose plus facile et assurer une compatibilit\u00e9 avec du plancher chauffant. Le vieux dallage de Bourgogne se pose traditionnellement en opus.<\/p>\n<div>\n<p><strong>DIMENSIONS:<\/strong> variable (pose en opus incertum)<\/p>\n<p><strong>\u00c9PAISSEUR:<\/strong> variable ou sci\u00e9e \u00e0 3 cm<\/p>\n<\/div>\n","protected":false},"featured_media":1625,"template":"","meta":{"_monsterinsights_skip_tracking":false,"_monsterinsights_sitenote_active":false,"_monsterinsights_sitenote_note":"","_monsterinsights_sitenote_category":0},"product_brand":[],"product_cat":[36,39,32],"product_tag":[],"class_list":{"0":"post-1070","1":"product","2":"type-product","3":"status-publish","4":"has-post-thumbnail","6":"product_cat-dallages-anciens","7":"product_cat-dalles-de-bourgogne","8":"product_cat-sols","10":"first","11":"instock","12":"shipping-taxable","13":"product-type-simple"},"yoast_head":"<!-- This site is optimized with the Yoast SEO Premium plugin v22.1 (Yoast SEO v24.6) - https:\/\/yoast.com\/wordpress\/plugins\/seo\/ -->\n<title>Dalle ancienne de Bourgogne - Provence Mat\u00e9riaux Anciens<\/title>\n<meta name=\"robots\" content=\"index, follow, max-snippet:-1, max-image-preview:large, max-video-preview:-1\" \/>\n<link rel=\"canonical\" href=\"https:\/\/provence-materiaux-anciens.com\/fr\/produit\/sols\/dallages-anciens\/dalles-de-bourgogne\/dalle-ancienne-de-bourgogne\/\" \/>\n<meta property=\"og:locale\" content=\"fr_FR\" \/>\n<meta property=\"og:type\" content=\"article\" \/>\n<meta property=\"og:title\" content=\"Dalle ancienne de Bourgogne\" \/>\n<meta property=\"og:description\" content=\"Ref: Dalle ancienne de Bourgogne pour int\u00e9rieur (Dalb04) Dalle ancienne de Bourgogne pour int\u00e9rieur. Ce dallage de r\u00e9cup\u00e9ration ancien est s\u00e9lectionn\u00e9 pour sa patine incomparable.\u00a0 Les dalles de Bourgogne anciennes sont issues des maisons de villes et de campagne et permettent aujourd&#039;hui un style authentique dans vos constructions. La nature m\u00eame des vieux dallages permet des variations de textures et de couleurs d&#039;un lot \u00e0 l&#039;autre. Toute notre exp\u00e9rience est n\u00e9cessaire pour parvenir \u00e0 trouver les lots les plus int\u00e9ressants de dalles de Bourgogne anciennes. Nous pouvons couper les vieilles pierres de Bourgogne dans l&#039;\u00e9paisseur \u00e0 3 cm pour une pose plus facile et assurer une compatibilit\u00e9 avec du plancher chauffant. Le vieux dallage de Bourgogne se pose traditionnellement en opus.   DIMENSIONS: variable (pose en opus incertum)  \u00c9PAISSEUR: variable ou sci\u00e9e \u00e0 3 cm\" \/>\n<meta property=\"og:url\" content=\"https:\/\/provence-materiaux-anciens.com\/fr\/produit\/sols\/dallages-anciens\/dalles-de-bourgogne\/dalle-ancienne-de-bourgogne\/\" \/>\n<meta property=\"og:site_name\" content=\"Provence Mat\u00e9riaux Anciens\" \/>\n<meta property=\"article:publisher\" content=\"https:\/\/www.facebook.com\/provencemateriauxanciens\" \/>\n<meta property=\"article:modified_time\" content=\"2024-03-06T08:56:48+00:00\" \/>\n<meta property=\"og:image\" content=\"https:\/\/provence-materiaux-anciens.com\/wp-content\/uploads\/2022\/12\/dalle-ancienne-de-bourgogne01.jpg\" \/>\n\t<meta property=\"og:image:width\" content=\"700\" \/>\n\t<meta property=\"og:image:height\" content=\"700\" \/>\n\t<meta property=\"og:image:type\" content=\"image\/jpeg\" \/>\n<meta name=\"twitter:card\" content=\"summary_large_image\" \/>\n<meta name=\"twitter:label1\" content=\"Dur\u00e9e de lecture estim\u00e9e\" \/>\n\t<meta name=\"twitter:data1\" content=\"2 minutes\" \/>\n<script type=\"application\/ld+json\" class=\"yoast-schema-graph\">{\"@context\":\"https:\/\/schema.org\",\"@graph\":[{\"@type\":\"WebPage\",\"@id\":\"https:\/\/provence-materiaux-anciens.com\/produit\/sols\/dallages-anciens\/dalles-de-bourgogne\/dalle-ancienne-de-bourgogne\/\",\"url\":\"https:\/\/provence-materiaux-anciens.com\/produit\/sols\/dallages-anciens\/dalles-de-bourgogne\/dalle-ancienne-de-bourgogne\/\",\"name\":\"Dalle ancienne de Bourgogne - Provence Mat\u00e9riaux Anciens\",\"isPartOf\":{\"@id\":\"https:\/\/provence-materiaux-anciens.com\/#website\"},\"primaryImageOfPage\":{\"@id\":\"https:\/\/provence-materiaux-anciens.com\/produit\/sols\/dallages-anciens\/dalles-de-bourgogne\/dalle-ancienne-de-bourgogne\/#primaryimage\"},\"image\":{\"@id\":\"https:\/\/provence-materiaux-anciens.com\/produit\/sols\/dallages-anciens\/dalles-de-bourgogne\/dalle-ancienne-de-bourgogne\/#primaryimage\"},\"thumbnailUrl\":\"https:\/\/provence-materiaux-anciens.com\/wp-content\/uploads\/2022\/12\/dalle-ancienne-de-bourgogne01.jpg\",\"datePublished\":\"2022-12-02T18:51:37+00:00\",\"dateModified\":\"2024-03-06T08:56:48+00:00\",\"breadcrumb\":{\"@id\":\"https:\/\/provence-materiaux-anciens.com\/produit\/sols\/dallages-anciens\/dalles-de-bourgogne\/dalle-ancienne-de-bourgogne\/#breadcrumb\"},\"inLanguage\":\"fr-FR\",\"potentialAction\":[{\"@type\":\"ReadAction\",\"target\":[\"https:\/\/provence-materiaux-anciens.com\/produit\/sols\/dallages-anciens\/dalles-de-bourgogne\/dalle-ancienne-de-bourgogne\/\"]}]},{\"@type\":\"ImageObject\",\"inLanguage\":\"fr-FR\",\"@id\":\"https:\/\/provence-materiaux-anciens.com\/produit\/sols\/dallages-anciens\/dalles-de-bourgogne\/dalle-ancienne-de-bourgogne\/#primaryimage\",\"url\":\"https:\/\/provence-materiaux-anciens.com\/wp-content\/uploads\/2022\/12\/dalle-ancienne-de-bourgogne01.jpg\",\"contentUrl\":\"https:\/\/provence-materiaux-anciens.com\/wp-content\/uploads\/2022\/12\/dalle-ancienne-de-bourgogne01.jpg\",\"width\":700,\"height\":700,\"caption\":\"dalle-ancienne-de-bourgogne01\"},{\"@type\":\"BreadcrumbList\",\"@id\":\"https:\/\/provence-materiaux-anciens.com\/produit\/sols\/dallages-anciens\/dalles-de-bourgogne\/dalle-ancienne-de-bourgogne\/#breadcrumb\",\"itemListElement\":[{\"@type\":\"ListItem\",\"position\":1,\"name\":\"Accueil\",\"item\":\"https:\/\/provence-materiaux-anciens.com\/fr\/\"},{\"@type\":\"ListItem\",\"position\":2,\"name\":\"Produits\",\"item\":\"https:\/\/provence-materiaux-anciens.com\/produit\/\"},{\"@type\":\"ListItem\",\"position\":3,\"name\":\"Dalle ancienne de Bourgogne\"}]},{\"@type\":\"WebSite\",\"@id\":\"https:\/\/provence-materiaux-anciens.com\/#website\",\"url\":\"https:\/\/provence-materiaux-anciens.com\/\",\"name\":\"Provence Mat\u00e9riaux Anciens\",\"description\":\"Achat et vente de mat\u00e9riaux anciens de construction, poutres, tuiles, planchers, charpentes, dallages, terres cuites.\",\"publisher\":{\"@id\":\"https:\/\/provence-materiaux-anciens.com\/#organization\"},\"potentialAction\":[{\"@type\":\"SearchAction\",\"target\":{\"@type\":\"EntryPoint\",\"urlTemplate\":\"https:\/\/provence-materiaux-anciens.com\/?s={search_term_string}\"},\"query-input\":{\"@type\":\"PropertyValueSpecification\",\"valueRequired\":true,\"valueName\":\"search_term_string\"}}],\"inLanguage\":\"fr-FR\"},{\"@type\":\"Organization\",\"@id\":\"https:\/\/provence-materiaux-anciens.com\/#organization\",\"name\":\"Provence Mat\u00e9riaux Anciens\",\"url\":\"https:\/\/provence-materiaux-anciens.com\/\",\"logo\":{\"@type\":\"ImageObject\",\"inLanguage\":\"fr-FR\",\"@id\":\"https:\/\/provence-materiaux-anciens.com\/#\/schema\/logo\/image\/\",\"url\":\"https:\/\/provence-materiaux-anciens.com\/wp-content\/uploads\/2022\/03\/cropped-logo-pma-web.png\",\"contentUrl\":\"https:\/\/provence-materiaux-anciens.com\/wp-content\/uploads\/2022\/03\/cropped-logo-pma-web.png\",\"width\":650,\"height\":434,\"caption\":\"Provence Mat\u00e9riaux Anciens\"},\"image\":{\"@id\":\"https:\/\/provence-materiaux-anciens.com\/#\/schema\/logo\/image\/\"},\"sameAs\":[\"https:\/\/www.facebook.com\/provencemateriauxanciens\",\"https:\/\/www.instagram.com\/provencemateriauxanciens\/\",\"https:\/\/www.pinterest.fr\/provencemateriauxanciens\/\"]}]}<\/script>\n<!-- \/ Yoast SEO Premium plugin. -->","yoast_head_json":{"title":"Dalle ancienne de Bourgogne - Provence Mat\u00e9riaux Anciens","robots":{"index":"index","follow":"follow","max-snippet":"max-snippet:-1","max-image-preview":"max-image-preview:large","max-video-preview":"max-video-preview:-1"},"canonical":"https:\/\/provence-materiaux-anciens.com\/fr\/produit\/sols\/dallages-anciens\/dalles-de-bourgogne\/dalle-ancienne-de-bourgogne\/","og_locale":"fr_FR","og_type":"article","og_title":"Dalle ancienne de Bourgogne","og_description":"Ref: Dalle ancienne de Bourgogne pour int\u00e9rieur (Dalb04) Dalle ancienne de Bourgogne pour int\u00e9rieur. Ce dallage de r\u00e9cup\u00e9ration ancien est s\u00e9lectionn\u00e9 pour sa patine incomparable.\u00a0 Les dalles de Bourgogne anciennes sont issues des maisons de villes et de campagne et permettent aujourd'hui un style authentique dans vos constructions. La nature m\u00eame des vieux dallages permet des variations de textures et de couleurs d'un lot \u00e0 l'autre. Toute notre exp\u00e9rience est n\u00e9cessaire pour parvenir \u00e0 trouver les lots les plus int\u00e9ressants de dalles de Bourgogne anciennes. Nous pouvons couper les vieilles pierres de Bourgogne dans l'\u00e9paisseur \u00e0 3 cm pour une pose plus facile et assurer une compatibilit\u00e9 avec du plancher chauffant. Le vieux dallage de Bourgogne se pose traditionnellement en opus.   DIMENSIONS: variable (pose en opus incertum)  \u00c9PAISSEUR: variable ou sci\u00e9e \u00e0 3 cm","og_url":"https:\/\/provence-materiaux-anciens.com\/fr\/produit\/sols\/dallages-anciens\/dalles-de-bourgogne\/dalle-ancienne-de-bourgogne\/","og_site_name":"Provence Mat\u00e9riaux Anciens","article_publisher":"https:\/\/www.facebook.com\/provencemateriauxanciens","article_modified_time":"2024-03-06T08:56:48+00:00","og_image":[{"width":700,"height":700,"url":"https:\/\/provence-materiaux-anciens.com\/wp-content\/uploads\/2022\/12\/dalle-ancienne-de-bourgogne01.jpg","type":"image\/jpeg"}],"twitter_card":"summary_large_image","twitter_misc":{"Dur\u00e9e de lecture estim\u00e9e":"2 minutes"},"schema":{"@context":"https:\/\/schema.org","@graph":[{"@type":"WebPage","@id":"https:\/\/provence-materiaux-anciens.com\/produit\/sols\/dallages-anciens\/dalles-de-bourgogne\/dalle-ancienne-de-bourgogne\/","url":"https:\/\/provence-materiaux-anciens.com\/produit\/sols\/dallages-anciens\/dalles-de-bourgogne\/dalle-ancienne-de-bourgogne\/","name":"Dalle ancienne de Bourgogne - Provence Mat\u00e9riaux Anciens","isPartOf":{"@id":"https:\/\/provence-materiaux-anciens.com\/#website"},"primaryImageOfPage":{"@id":"https:\/\/provence-materiaux-anciens.com\/produit\/sols\/dallages-anciens\/dalles-de-bourgogne\/dalle-ancienne-de-bourgogne\/#primaryimage"},"image":{"@id":"https:\/\/provence-materiaux-anciens.com\/produit\/sols\/dallages-anciens\/dalles-de-bourgogne\/dalle-ancienne-de-bourgogne\/#primaryimage"},"thumbnailUrl":"https:\/\/provence-materiaux-anciens.com\/wp-content\/uploads\/2022\/12\/dalle-ancienne-de-bourgogne01.jpg","datePublished":"2022-12-02T18:51:37+00:00","dateModified":"2024-03-06T08:56:48+00:00","breadcrumb":{"@id":"https:\/\/provence-materiaux-anciens.com\/produit\/sols\/dallages-anciens\/dalles-de-bourgogne\/dalle-ancienne-de-bourgogne\/#breadcrumb"},"inLanguage":"fr-FR","potentialAction":[{"@type":"ReadAction","target":["https:\/\/provence-materiaux-anciens.com\/produit\/sols\/dallages-anciens\/dalles-de-bourgogne\/dalle-ancienne-de-bourgogne\/"]}]},{"@type":"ImageObject","inLanguage":"fr-FR","@id":"https:\/\/provence-materiaux-anciens.com\/produit\/sols\/dallages-anciens\/dalles-de-bourgogne\/dalle-ancienne-de-bourgogne\/#primaryimage","url":"https:\/\/provence-materiaux-anciens.com\/wp-content\/uploads\/2022\/12\/dalle-ancienne-de-bourgogne01.jpg","contentUrl":"https:\/\/provence-materiaux-anciens.com\/wp-content\/uploads\/2022\/12\/dalle-ancienne-de-bourgogne01.jpg","width":700,"height":700,"caption":"dalle-ancienne-de-bourgogne01"},{"@type":"BreadcrumbList","@id":"https:\/\/provence-materiaux-anciens.com\/produit\/sols\/dallages-anciens\/dalles-de-bourgogne\/dalle-ancienne-de-bourgogne\/#breadcrumb","itemListElement":[{"@type":"ListItem","position":1,"name":"Accueil","item":"https:\/\/provence-materiaux-anciens.com\/fr\/"},{"@type":"ListItem","position":2,"name":"Produits","item":"https:\/\/provence-materiaux-anciens.com\/produit\/"},{"@type":"ListItem","position":3,"name":"Dalle ancienne de Bourgogne"}]},{"@type":"WebSite","@id":"https:\/\/provence-materiaux-anciens.com\/#website","url":"https:\/\/provence-materiaux-anciens.com\/","name":"Provence Mat\u00e9riaux Anciens","description":"Achat et vente de mat\u00e9riaux anciens de construction, poutres, tuiles, planchers, charpentes, dallages, terres cuites.","publisher":{"@id":"https:\/\/provence-materiaux-anciens.com\/#organization"},"potentialAction":[{"@type":"SearchAction","target":{"@type":"EntryPoint","urlTemplate":"https:\/\/provence-materiaux-anciens.com\/?s={search_term_string}"},"query-input":{"@type":"PropertyValueSpecification","valueRequired":true,"valueName":"search_term_string"}}],"inLanguage":"fr-FR"},{"@type":"Organization","@id":"https:\/\/provence-materiaux-anciens.com\/#organization","name":"Provence Mat\u00e9riaux Anciens","url":"https:\/\/provence-materiaux-anciens.com\/","logo":{"@type":"ImageObject","inLanguage":"fr-FR","@id":"https:\/\/provence-materiaux-anciens.com\/#\/schema\/logo\/image\/","url":"https:\/\/provence-materiaux-anciens.com\/wp-content\/uploads\/2022\/03\/cropped-logo-pma-web.png","contentUrl":"https:\/\/provence-materiaux-anciens.com\/wp-content\/uploads\/2022\/03\/cropped-logo-pma-web.png","width":650,"height":434,"caption":"Provence Mat\u00e9riaux Anciens"},"image":{"@id":"https:\/\/provence-materiaux-anciens.com\/#\/schema\/logo\/image\/"},"sameAs":["https:\/\/www.facebook.com\/provencemateriauxanciens","https:\/\/www.instagram.com\/provencemateriauxanciens\/","https:\/\/www.pinterest.fr\/provencemateriauxanciens\/"]}]}},"_links":{"self":[{"href":"https:\/\/provence-materiaux-anciens.com\/fr\/wp-json\/wp\/v2\/product\/1070","targetHints":{"allow":["GET"]}}],"collection":[{"href":"https:\/\/provence-materiaux-anciens.com\/fr\/wp-json\/wp\/v2\/product"}],"about":[{"href":"https:\/\/provence-materiaux-anciens.com\/fr\/wp-json\/wp\/v2\/types\/product"}],"wp:featuredmedia":[{"embeddable":true,"href":"https:\/\/provence-materiaux-anciens.com\/fr\/wp-json\/wp\/v2\/media\/1625"}],"wp:attachment":[{"href":"https:\/\/provence-materiaux-anciens.com\/fr\/wp-json\/wp\/v2\/media?parent=1070"}],"wp:term":[{"taxonomy":"product_brand","embeddable":true,"href":"https:\/\/provence-materiaux-anciens.com\/fr\/wp-json\/wp\/v2\/product_brand?post=1070"},{"taxonomy":"product_cat","embeddable":true,"href":"https:\/\/provence-materiaux-anciens.com\/fr\/wp-json\/wp\/v2\/product_cat?post=1070"},{"taxonomy":"product_tag","embeddable":true,"href":"https:\/\/provence-materiaux-anciens.com\/fr\/wp-json\/wp\/v2\/product_tag?post=1070"}],"curies":[{"name":"wp","href":"https:\/\/api.w.org\/{rel}","templated":true}]}}