{"id":1074,"date":"2022-12-02T18:51:38","date_gmt":"2022-12-02T18:51:38","guid":{"rendered":"https:\/\/provence-materiaux-anciens.com\/?post_type=product&#038;p=1074"},"modified":"2024-03-06T08:56:47","modified_gmt":"2024-03-06T08:56:47","slug":"vieux-carreaux","status":"publish","type":"product","link":"https:\/\/provence-materiaux-anciens.com\/fr\/produit\/sols\/terre-cuite-ancienne\/tomettes-anciennes\/vieux-carreaux\/","title":{"rendered":"Vieux carreaux"},"content":{"rendered":"<p><span style=\"font-weight: 400;\">Amateur et amatrice de d\u00e9coration d\u2019int\u00e9rieur et d\u2019ext\u00e9rieur, appr\u00e9ciez nos <\/span><b>vieux carreaux<\/b><span style=\"font-weight: 400;\">. Il s\u2019agit de carreaux de grandes dimensions faits main.<\/span><\/p>\n<h3><span style=\"font-weight: 400;\">Nos vieux carreaux apporteront charme et \u00e9l\u00e9gance \u00e0 votre habitat<\/span><\/h3>\n<p><span style=\"font-weight: 400;\">Il est reconnu que de vieux carreaux en terre cuite sont tr\u00e8s esth\u00e9tiques. Nos vieux carreaux de couleur p\u00eache saumon ne d\u00e9rogent pas la r\u00e8gle. Ces carreaux anciens de Gironde datent du 18e et du 19e si\u00e8cle, ils peuvent \u00eatre pos\u00e9s en ext\u00e9rieur et en int\u00e9rieur.<\/span><\/p>\n<h3><span style=\"font-weight: 400;\">Des carreaux anciens faciles \u00e0 associer\u00a0<\/span><\/h3>\n<p><span style=\"font-weight: 400;\">Vous n\u2019aurez pas du mal \u00e0 associer nos vieux carreaux \u00e0 la d\u00e9coration actuelle de votre maison. En effet, ce sont des carreaux qui s&rsquo;harmonisent bien avec une d\u00e9coration moderne, minimaliste, rustique, moderne, etc.<\/span><\/p>\n<p><span style=\"font-weight: 400;\">Ces <\/span><b>carreaux en terre cuite<\/b><span style=\"font-weight: 400;\"> peuvent \u00eatre utilis\u00e9s en rev\u00eatements du sol, mais aussi en rev\u00eatements muraux. Vous pouvez les utiliser pour une cuisine, une salle \u00e0 manger, un s\u00e9jour, un ext\u00e9rieur. Bref, ces carreaux peuvent \u00eatre utilis\u00e9s dans toutes les pi\u00e8ces de la maison.<\/span><\/p>\n<h3><span style=\"font-weight: 400;\">Des carreaux pour \u00e9conomiser sur vos factures d\u2019\u00e9nergie<\/span><\/h3>\n<p><span style=\"font-weight: 400;\">Ces carreaux faits \u00e0 base de terre cuite ancienne sont de v\u00e9ritables <\/span><b>isolants naturels<\/b><span style=\"font-weight: 400;\">, car ils poss\u00e8dent une <\/span><b>excellente inertie chimique<\/b><span style=\"font-weight: 400;\">. Ils sont parfaits pour accueillir un chauffage au sol. Ce sont des carreaux capables d\u2019accumuler la chaleur et de la restituer de mani\u00e8re tr\u00e8s agr\u00e9able.<\/span><\/p>\n<p><span style=\"font-weight: 400;\">Gr\u00e2ce \u00e0 ce type de carreaux, vous pourrez donc <\/span><b>r\u00e9aliser des \u00e9conomies d\u2019\u00e9nergie <\/b><span style=\"font-weight: 400;\">tout en b\u00e9n\u00e9ficiant d&rsquo;une bonne qualit\u00e9 de l\u2019air. En effet, en hiver vous aurez moins besoin de chauffage et en \u00e9t\u00e9, vous pourrez vous passer de la climatisation.<\/span><\/p>\n<p><span style=\"font-weight: 400;\">Les carreaux \u00e0 base de terre cuite ancienne de <\/span><b>Provence Mat\u00e9riaux Anciens<\/b><span style=\"font-weight: 400;\"> sont <\/span><b>100% naturels<\/b><span style=\"font-weight: 400;\"> et ne d\u00e9gagent aucun compos\u00e9 organique ni de substance allerg\u00e8ne. Ces carreaux sont <\/span><b>\u00e9cologiques<\/b><span style=\"font-weight: 400;\"> et ils r\u00e9pondent m\u00eame \u00e0 la norme HQE (Haute Qualit\u00e9 Environnementale). En optant pour nos vieux carreaux, vous faites un geste pour la plan\u00e8te. Ce n\u2019est pas pour rien que ces carreaux sont tr\u00e8s souvent utilis\u00e9s dans les maisons bioclimatiques.<\/span><\/p>\n<p><span style=\"font-weight: 400;\">Nos vieux carreaux n\u2019attendent que vous, choisissez des carreaux esth\u00e9tiques et \u00e9cologiques pour votre habitat.\u00a0<\/span><\/p>\n","protected":false},"excerpt":{"rendered":"<h2><span style=\"font-size: 14pt;\"><strong>Ref: <\/strong>Vieux carreaux (Bordeaux Car009)<\/span><\/h2>\n<ul>\n<li><strong>Mat\u00e9riaux : <\/strong>Terre cuite ancienne<\/li>\n<li><strong>Dimensions : <\/strong>33 x 33 cm<\/li>\n<li><strong>\u00c9paisseur : <\/strong>2.5 \u00e0 3 cm<\/li>\n<li><b>Disponibilit\u00e9<\/b> : Al\u00e9atoire, n&rsquo;h\u00e9sitez pas \u00e0 nous<a href=\"https:\/\/provence-materiaux-anciens.com\/contact\/\"> contacter<\/a> si vous souhaitez savoir la disponibilit\u00e9 du produit<\/li>\n<\/ul>\n<p>Vieux carreaux grandes dimensions. Ce carrelage de r\u00e9cup\u00e9ration se situe dans des teintes p\u00eache saumon.\u00a0Ces carreaux anciens originaires de Gironde datent du XVIII\u00e8me et du XIX\u00e8me si\u00e8cle. Les carrelages de r\u00e9cup\u00e9ration faits main ont des dimensions variables et une patine incomparable. Ces vieux carreaux peuvent \u00eatre pos\u00e9s en ext\u00e9rieur et int\u00e9rieur.<\/p>\n<p>Nous vous recommandons de traiter les carreaux \u00ab\u00a0bordeaux\u00a0\u00bb avec notre produit <a href=\"https:\/\/provence-materiaux-anciens.com\/sols-anciens\/produits-de-traitement\/provence-primer\/\">Provence Primer<\/a>.<\/p>\n<p>&nbsp;<\/p>\n","protected":false},"featured_media":1569,"template":"","meta":{"_monsterinsights_skip_tracking":false,"_monsterinsights_sitenote_active":false,"_monsterinsights_sitenote_note":"","_monsterinsights_sitenote_category":0},"product_brand":[],"product_cat":[32,35,33],"product_tag":[143,144],"class_list":{"0":"post-1074","1":"product","2":"type-product","3":"status-publish","4":"has-post-thumbnail","6":"product_cat-sols","7":"product_cat-tomettes-anciennes","8":"product_cat-terre-cuite-ancienne","9":"product_tag-carreaux","10":"product_tag-vieux","12":"first","13":"instock","14":"shipping-taxable","15":"product-type-simple"},"yoast_head":"<!-- This site is optimized with the Yoast SEO Premium plugin v22.1 (Yoast SEO v24.6) - https:\/\/yoast.com\/wordpress\/plugins\/seo\/ -->\n<title>Vieux carreaux - Provence Mat\u00e9riaux Anciens<\/title>\n<meta name=\"robots\" content=\"index, follow, max-snippet:-1, max-image-preview:large, max-video-preview:-1\" \/>\n<link rel=\"canonical\" href=\"https:\/\/provence-materiaux-anciens.com\/fr\/produit\/sols\/terre-cuite-ancienne\/tomettes-anciennes\/vieux-carreaux\/\" \/>\n<meta property=\"og:locale\" content=\"fr_FR\" \/>\n<meta property=\"og:type\" content=\"article\" \/>\n<meta property=\"og:title\" content=\"Vieux carreaux\" \/>\n<meta property=\"og:description\" content=\"Ref: Vieux carreaux (Bordeaux Car009)   Mat\u00e9riaux : Terre cuite ancienne  Dimensions : 33 x 33 cm  \u00c9paisseur : 2.5 \u00e0 3 cm  Disponibilit\u00e9 : Al\u00e9atoire, n&#039;h\u00e9sitez pas \u00e0 nous contacter si vous souhaitez savoir la disponibilit\u00e9 du produit  Vieux carreaux grandes dimensions. Ce carrelage de r\u00e9cup\u00e9ration se situe dans des teintes p\u00eache saumon.\u00a0Ces carreaux anciens originaires de Gironde datent du XVIII\u00e8me et du XIX\u00e8me si\u00e8cle. Les carrelages de r\u00e9cup\u00e9ration faits main ont des dimensions variables et une patine incomparable. Ces vieux carreaux peuvent \u00eatre pos\u00e9s en ext\u00e9rieur et int\u00e9rieur.  Nous vous recommandons de traiter les carreaux &quot;bordeaux&quot; avec notre produit Provence Primer.  &nbsp;\" \/>\n<meta property=\"og:url\" content=\"https:\/\/provence-materiaux-anciens.com\/fr\/produit\/sols\/terre-cuite-ancienne\/tomettes-anciennes\/vieux-carreaux\/\" \/>\n<meta property=\"og:site_name\" content=\"Provence Mat\u00e9riaux Anciens\" \/>\n<meta property=\"article:publisher\" content=\"https:\/\/www.facebook.com\/provencemateriauxanciens\" \/>\n<meta property=\"article:modified_time\" content=\"2024-03-06T08:56:47+00:00\" \/>\n<meta property=\"og:image\" content=\"https:\/\/provence-materiaux-anciens.com\/wp-content\/uploads\/2022\/12\/vieux-carreaux01.jpg\" \/>\n\t<meta property=\"og:image:width\" content=\"700\" \/>\n\t<meta property=\"og:image:height\" content=\"700\" \/>\n\t<meta property=\"og:image:type\" content=\"image\/jpeg\" \/>\n<meta name=\"twitter:card\" content=\"summary_large_image\" \/>\n<meta name=\"twitter:label1\" content=\"Dur\u00e9e de lecture estim\u00e9e\" \/>\n\t<meta name=\"twitter:data1\" content=\"2 minutes\" \/>\n<script type=\"application\/ld+json\" class=\"yoast-schema-graph\">{\"@context\":\"https:\/\/schema.org\",\"@graph\":[{\"@type\":\"WebPage\",\"@id\":\"https:\/\/provence-materiaux-anciens.com\/produit\/sols\/terre-cuite-ancienne\/tomettes-anciennes\/vieux-carreaux\/\",\"url\":\"https:\/\/provence-materiaux-anciens.com\/produit\/sols\/terre-cuite-ancienne\/tomettes-anciennes\/vieux-carreaux\/\",\"name\":\"Vieux carreaux - Provence Mat\u00e9riaux Anciens\",\"isPartOf\":{\"@id\":\"https:\/\/provence-materiaux-anciens.com\/#website\"},\"primaryImageOfPage\":{\"@id\":\"https:\/\/provence-materiaux-anciens.com\/produit\/sols\/terre-cuite-ancienne\/tomettes-anciennes\/vieux-carreaux\/#primaryimage\"},\"image\":{\"@id\":\"https:\/\/provence-materiaux-anciens.com\/produit\/sols\/terre-cuite-ancienne\/tomettes-anciennes\/vieux-carreaux\/#primaryimage\"},\"thumbnailUrl\":\"https:\/\/provence-materiaux-anciens.com\/wp-content\/uploads\/2022\/12\/vieux-carreaux01.jpg\",\"datePublished\":\"2022-12-02T18:51:38+00:00\",\"dateModified\":\"2024-03-06T08:56:47+00:00\",\"breadcrumb\":{\"@id\":\"https:\/\/provence-materiaux-anciens.com\/produit\/sols\/terre-cuite-ancienne\/tomettes-anciennes\/vieux-carreaux\/#breadcrumb\"},\"inLanguage\":\"fr-FR\",\"potentialAction\":[{\"@type\":\"ReadAction\",\"target\":[\"https:\/\/provence-materiaux-anciens.com\/produit\/sols\/terre-cuite-ancienne\/tomettes-anciennes\/vieux-carreaux\/\"]}]},{\"@type\":\"ImageObject\",\"inLanguage\":\"fr-FR\",\"@id\":\"https:\/\/provence-materiaux-anciens.com\/produit\/sols\/terre-cuite-ancienne\/tomettes-anciennes\/vieux-carreaux\/#primaryimage\",\"url\":\"https:\/\/provence-materiaux-anciens.com\/wp-content\/uploads\/2022\/12\/vieux-carreaux01.jpg\",\"contentUrl\":\"https:\/\/provence-materiaux-anciens.com\/wp-content\/uploads\/2022\/12\/vieux-carreaux01.jpg\",\"width\":700,\"height\":700,\"caption\":\"vieux-carreaux01\"},{\"@type\":\"BreadcrumbList\",\"@id\":\"https:\/\/provence-materiaux-anciens.com\/produit\/sols\/terre-cuite-ancienne\/tomettes-anciennes\/vieux-carreaux\/#breadcrumb\",\"itemListElement\":[{\"@type\":\"ListItem\",\"position\":1,\"name\":\"Accueil\",\"item\":\"https:\/\/provence-materiaux-anciens.com\/fr\/\"},{\"@type\":\"ListItem\",\"position\":2,\"name\":\"Produits\",\"item\":\"https:\/\/provence-materiaux-anciens.com\/produit\/\"},{\"@type\":\"ListItem\",\"position\":3,\"name\":\"Vieux carreaux\"}]},{\"@type\":\"WebSite\",\"@id\":\"https:\/\/provence-materiaux-anciens.com\/#website\",\"url\":\"https:\/\/provence-materiaux-anciens.com\/\",\"name\":\"Provence Mat\u00e9riaux Anciens\",\"description\":\"Achat et vente de mat\u00e9riaux anciens de construction, poutres, tuiles, planchers, charpentes, dallages, terres cuites.\",\"publisher\":{\"@id\":\"https:\/\/provence-materiaux-anciens.com\/#organization\"},\"potentialAction\":[{\"@type\":\"SearchAction\",\"target\":{\"@type\":\"EntryPoint\",\"urlTemplate\":\"https:\/\/provence-materiaux-anciens.com\/?s={search_term_string}\"},\"query-input\":{\"@type\":\"PropertyValueSpecification\",\"valueRequired\":true,\"valueName\":\"search_term_string\"}}],\"inLanguage\":\"fr-FR\"},{\"@type\":\"Organization\",\"@id\":\"https:\/\/provence-materiaux-anciens.com\/#organization\",\"name\":\"Provence Mat\u00e9riaux Anciens\",\"url\":\"https:\/\/provence-materiaux-anciens.com\/\",\"logo\":{\"@type\":\"ImageObject\",\"inLanguage\":\"fr-FR\",\"@id\":\"https:\/\/provence-materiaux-anciens.com\/#\/schema\/logo\/image\/\",\"url\":\"https:\/\/provence-materiaux-anciens.com\/wp-content\/uploads\/2022\/03\/cropped-logo-pma-web.png\",\"contentUrl\":\"https:\/\/provence-materiaux-anciens.com\/wp-content\/uploads\/2022\/03\/cropped-logo-pma-web.png\",\"width\":650,\"height\":434,\"caption\":\"Provence Mat\u00e9riaux Anciens\"},\"image\":{\"@id\":\"https:\/\/provence-materiaux-anciens.com\/#\/schema\/logo\/image\/\"},\"sameAs\":[\"https:\/\/www.facebook.com\/provencemateriauxanciens\",\"https:\/\/www.instagram.com\/provencemateriauxanciens\/\",\"https:\/\/www.pinterest.fr\/provencemateriauxanciens\/\"]}]}<\/script>\n<!-- \/ Yoast SEO Premium plugin. -->","yoast_head_json":{"title":"Vieux carreaux - Provence Mat\u00e9riaux Anciens","robots":{"index":"index","follow":"follow","max-snippet":"max-snippet:-1","max-image-preview":"max-image-preview:large","max-video-preview":"max-video-preview:-1"},"canonical":"https:\/\/provence-materiaux-anciens.com\/fr\/produit\/sols\/terre-cuite-ancienne\/tomettes-anciennes\/vieux-carreaux\/","og_locale":"fr_FR","og_type":"article","og_title":"Vieux carreaux","og_description":"Ref: Vieux carreaux (Bordeaux Car009)   Mat\u00e9riaux : Terre cuite ancienne  Dimensions : 33 x 33 cm  \u00c9paisseur : 2.5 \u00e0 3 cm  Disponibilit\u00e9 : Al\u00e9atoire, n'h\u00e9sitez pas \u00e0 nous contacter si vous souhaitez savoir la disponibilit\u00e9 du produit  Vieux carreaux grandes dimensions. Ce carrelage de r\u00e9cup\u00e9ration se situe dans des teintes p\u00eache saumon.\u00a0Ces carreaux anciens originaires de Gironde datent du XVIII\u00e8me et du XIX\u00e8me si\u00e8cle. Les carrelages de r\u00e9cup\u00e9ration faits main ont des dimensions variables et une patine incomparable. Ces vieux carreaux peuvent \u00eatre pos\u00e9s en ext\u00e9rieur et int\u00e9rieur.  Nous vous recommandons de traiter les carreaux \"bordeaux\" avec notre produit Provence Primer.  &nbsp;","og_url":"https:\/\/provence-materiaux-anciens.com\/fr\/produit\/sols\/terre-cuite-ancienne\/tomettes-anciennes\/vieux-carreaux\/","og_site_name":"Provence Mat\u00e9riaux Anciens","article_publisher":"https:\/\/www.facebook.com\/provencemateriauxanciens","article_modified_time":"2024-03-06T08:56:47+00:00","og_image":[{"width":700,"height":700,"url":"https:\/\/provence-materiaux-anciens.com\/wp-content\/uploads\/2022\/12\/vieux-carreaux01.jpg","type":"image\/jpeg"}],"twitter_card":"summary_large_image","twitter_misc":{"Dur\u00e9e de lecture estim\u00e9e":"2 minutes"},"schema":{"@context":"https:\/\/schema.org","@graph":[{"@type":"WebPage","@id":"https:\/\/provence-materiaux-anciens.com\/produit\/sols\/terre-cuite-ancienne\/tomettes-anciennes\/vieux-carreaux\/","url":"https:\/\/provence-materiaux-anciens.com\/produit\/sols\/terre-cuite-ancienne\/tomettes-anciennes\/vieux-carreaux\/","name":"Vieux carreaux - Provence Mat\u00e9riaux Anciens","isPartOf":{"@id":"https:\/\/provence-materiaux-anciens.com\/#website"},"primaryImageOfPage":{"@id":"https:\/\/provence-materiaux-anciens.com\/produit\/sols\/terre-cuite-ancienne\/tomettes-anciennes\/vieux-carreaux\/#primaryimage"},"image":{"@id":"https:\/\/provence-materiaux-anciens.com\/produit\/sols\/terre-cuite-ancienne\/tomettes-anciennes\/vieux-carreaux\/#primaryimage"},"thumbnailUrl":"https:\/\/provence-materiaux-anciens.com\/wp-content\/uploads\/2022\/12\/vieux-carreaux01.jpg","datePublished":"2022-12-02T18:51:38+00:00","dateModified":"2024-03-06T08:56:47+00:00","breadcrumb":{"@id":"https:\/\/provence-materiaux-anciens.com\/produit\/sols\/terre-cuite-ancienne\/tomettes-anciennes\/vieux-carreaux\/#breadcrumb"},"inLanguage":"fr-FR","potentialAction":[{"@type":"ReadAction","target":["https:\/\/provence-materiaux-anciens.com\/produit\/sols\/terre-cuite-ancienne\/tomettes-anciennes\/vieux-carreaux\/"]}]},{"@type":"ImageObject","inLanguage":"fr-FR","@id":"https:\/\/provence-materiaux-anciens.com\/produit\/sols\/terre-cuite-ancienne\/tomettes-anciennes\/vieux-carreaux\/#primaryimage","url":"https:\/\/provence-materiaux-anciens.com\/wp-content\/uploads\/2022\/12\/vieux-carreaux01.jpg","contentUrl":"https:\/\/provence-materiaux-anciens.com\/wp-content\/uploads\/2022\/12\/vieux-carreaux01.jpg","width":700,"height":700,"caption":"vieux-carreaux01"},{"@type":"BreadcrumbList","@id":"https:\/\/provence-materiaux-anciens.com\/produit\/sols\/terre-cuite-ancienne\/tomettes-anciennes\/vieux-carreaux\/#breadcrumb","itemListElement":[{"@type":"ListItem","position":1,"name":"Accueil","item":"https:\/\/provence-materiaux-anciens.com\/fr\/"},{"@type":"ListItem","position":2,"name":"Produits","item":"https:\/\/provence-materiaux-anciens.com\/produit\/"},{"@type":"ListItem","position":3,"name":"Vieux carreaux"}]},{"@type":"WebSite","@id":"https:\/\/provence-materiaux-anciens.com\/#website","url":"https:\/\/provence-materiaux-anciens.com\/","name":"Provence Mat\u00e9riaux Anciens","description":"Achat et vente de mat\u00e9riaux anciens de construction, poutres, tuiles, planchers, charpentes, dallages, terres cuites.","publisher":{"@id":"https:\/\/provence-materiaux-anciens.com\/#organization"},"potentialAction":[{"@type":"SearchAction","target":{"@type":"EntryPoint","urlTemplate":"https:\/\/provence-materiaux-anciens.com\/?s={search_term_string}"},"query-input":{"@type":"PropertyValueSpecification","valueRequired":true,"valueName":"search_term_string"}}],"inLanguage":"fr-FR"},{"@type":"Organization","@id":"https:\/\/provence-materiaux-anciens.com\/#organization","name":"Provence Mat\u00e9riaux Anciens","url":"https:\/\/provence-materiaux-anciens.com\/","logo":{"@type":"ImageObject","inLanguage":"fr-FR","@id":"https:\/\/provence-materiaux-anciens.com\/#\/schema\/logo\/image\/","url":"https:\/\/provence-materiaux-anciens.com\/wp-content\/uploads\/2022\/03\/cropped-logo-pma-web.png","contentUrl":"https:\/\/provence-materiaux-anciens.com\/wp-content\/uploads\/2022\/03\/cropped-logo-pma-web.png","width":650,"height":434,"caption":"Provence Mat\u00e9riaux Anciens"},"image":{"@id":"https:\/\/provence-materiaux-anciens.com\/#\/schema\/logo\/image\/"},"sameAs":["https:\/\/www.facebook.com\/provencemateriauxanciens","https:\/\/www.instagram.com\/provencemateriauxanciens\/","https:\/\/www.pinterest.fr\/provencemateriauxanciens\/"]}]}},"_links":{"self":[{"href":"https:\/\/provence-materiaux-anciens.com\/fr\/wp-json\/wp\/v2\/product\/1074","targetHints":{"allow":["GET"]}}],"collection":[{"href":"https:\/\/provence-materiaux-anciens.com\/fr\/wp-json\/wp\/v2\/product"}],"about":[{"href":"https:\/\/provence-materiaux-anciens.com\/fr\/wp-json\/wp\/v2\/types\/product"}],"wp:featuredmedia":[{"embeddable":true,"href":"https:\/\/provence-materiaux-anciens.com\/fr\/wp-json\/wp\/v2\/media\/1569"}],"wp:attachment":[{"href":"https:\/\/provence-materiaux-anciens.com\/fr\/wp-json\/wp\/v2\/media?parent=1074"}],"wp:term":[{"taxonomy":"product_brand","embeddable":true,"href":"https:\/\/provence-materiaux-anciens.com\/fr\/wp-json\/wp\/v2\/product_brand?post=1074"},{"taxonomy":"product_cat","embeddable":true,"href":"https:\/\/provence-materiaux-anciens.com\/fr\/wp-json\/wp\/v2\/product_cat?post=1074"},{"taxonomy":"product_tag","embeddable":true,"href":"https:\/\/provence-materiaux-anciens.com\/fr\/wp-json\/wp\/v2\/product_tag?post=1074"}],"curies":[{"name":"wp","href":"https:\/\/api.w.org\/{rel}","templated":true}]}}