{"id":1075,"date":"2022-12-02T18:51:38","date_gmt":"2022-12-02T18:51:38","guid":{"rendered":"https:\/\/provence-materiaux-anciens.com\/?post_type=product&#038;p=1075"},"modified":"2024-06-14T11:29:55","modified_gmt":"2024-06-14T11:29:55","slug":"dallage-ancien-bar-blond","status":"publish","type":"product","link":"https:\/\/provence-materiaux-anciens.com\/fr\/produit\/sols\/dallages-anciens\/dallage-ancien\/dallage-ancien-bar-blond\/","title":{"rendered":"Dallage ancien Bar Blond"},"content":{"rendered":"<p><span style=\"font-weight: 400;\">D\u00e9couvrez notre Dallage ancien Bar Blond, un rev\u00eatement ancien du XIXe si\u00e8cle qui continue de s\u00e9duire de nombreuses personnes !<\/span><\/p>\n<h3><span style=\"font-weight: 400;\">Le charme et la beaut\u00e9 seront au rendez-vous dans votre maison gr\u00e2ce \u00e0 notre Dallage ancien Bar Blond<\/span><\/h3>\n<p><span style=\"font-weight: 400;\">Joindre l\u2019utile \u00e0 l\u2019agr\u00e9able, c\u2019est exactement ce que vous ferez en choisissant notre Dallage ancien Bar Blond. En effet, en plus de sa valeur utile qui est le rev\u00eatement du sol, ces carreaux ont \u00e9galement une vocation d\u2019embellissement.\u00a0<\/span><\/p>\n<p><span style=\"font-weight: 400;\">Le Dallage ancien Bar Blond est fait \u00e0 partir de terre cuite ancienne, ce qui est id\u00e9al pour donner \u00e0 votre domicile un aspect rustique et charmant. Vous pouvez l\u2019utiliser tant pour la d\u00e9coration int\u00e9rieure que pour la d\u00e9coration ext\u00e9rieure. D\u2019ailleurs, selon vos projets, vous pouvez \u00e9galement utiliser ce dallage comme rev\u00eatement mural. Bien install\u00e9 et bien entretenu, notre Dallage ancien Bar Blond apportera beaucoup d\u2019\u00e9l\u00e9gance et de charme \u00e0 n\u2019importe quelle pi\u00e8ce de votre logement.<\/span><\/p>\n<h3><span style=\"font-weight: 400;\">Des carreaux qui dureront une \u00e9ternit\u00e9<\/span><\/h3>\n<p><span style=\"font-weight: 400;\">La terre cuite, mat\u00e9riau phare dans la fabrication de notre Dallage ancien Bar Blond est assez particuli\u00e8re. Notons que cette terre est chauff\u00e9e \u00e0 tr\u00e8s haute temp\u00e9rature durant le processus de fabrication du dallage ancien. Ce qui la rend solide et r\u00e9sistante aux chocs. Notre vieux dallage b\u00e9n\u00e9ficie donc de ces propri\u00e9t\u00e9s qui assurent sa solidit\u00e9 et sa durabilit\u00e9.\u00a0<\/span><\/p>\n<p><span style=\"font-weight: 400;\">Ainsi, les diff\u00e9rents chocs auxquels notre dallage ancien pourra \u00eatre confront\u00e9 auront tr\u00e8s peu de chances de l&rsquo;ab\u00eemer. Ann\u00e9e apr\u00e8s ann\u00e9e, g\u00e9n\u00e9ration apr\u00e8s g\u00e9n\u00e9ration, votre domicile gardera toujours son charme gr\u00e2ce \u00e0 ce rev\u00eatement durable.<\/span><\/p>\n<p><span style=\"font-weight: 400;\">Notre Dallage ancien Bar Blond a une \u00e9paisseur de 3 cm. Il est parfaitement compatible avec les planchers chauffants. Ce sont aussi des carreaux en terre cuite \u00e9cologiques, qui ne constituent aucun danger pour l\u2019environnement. M\u00eame apr\u00e8s un si\u00e8cle, ces dallages ne sauraient \u00eatre nocifs pour la nature.<\/span><\/p>\n<p><span style=\"font-weight: 400;\">C\u2019est le moment de commander notre Dallage ancien Bar Blond pour transformer votre logement en un petit paradis !<\/span><\/p>\n","protected":false},"excerpt":{"rendered":"<h2><strong>Ref: <\/strong>Dallage ancien Bar Blond (DAL04)<\/h2>\n<ul>\n<li><b>Longueur<\/b> : 60 &#8211; 65 cm<\/li>\n<li><b>Largeur <\/b>: 45 &#8211; 48 cm<\/li>\n<li><b>\u00c9paisseur<\/b> : 3 cm (compatible avec plancher chauffant)<\/li>\n<li><b>Disponibilit\u00e9<\/b> : Al\u00e9atoire, n&rsquo;h\u00e9sitez pas \u00e0 nous<a href=\"https:\/\/provence-materiaux-anciens.com\/contact\/\"> contacter<\/a> si vous souhaitez savoir la disponibilit\u00e9 du produit<\/li>\n<\/ul>\n<p>Dallage en pierres anciennes est exclusivement originaire du d\u00e9partement du Gard. Ces pierres de r\u00e9cup\u00e9ration furent extraites aux XVIIIe et XIX\u00e8me si\u00e8cles de diff\u00e9rentes carri\u00e8res dont la plus fameuse est celle de Beaucaire. Les bars en pierres anciennes servaient d&rsquo;unique s\u00e9paration entre les \u00e9tages des maisons traditionnelles. Appel\u00e9s aussi bars blonds anciens, ils \u00e9taient ainsi pos\u00e9s sur des chevrons en bois en tant que plafond. Ce dallage ancien est un symbole de l&rsquo;architecture traditionnelle du d\u00e9partement du Gard<\/p>\n","protected":false},"featured_media":4972,"template":"","meta":{"_monsterinsights_skip_tracking":false,"_monsterinsights_sitenote_active":false,"_monsterinsights_sitenote_note":"","_monsterinsights_sitenote_category":0},"product_brand":[],"product_cat":[36,37,32],"product_tag":[],"class_list":{"0":"post-1075","1":"product","2":"type-product","3":"status-publish","4":"has-post-thumbnail","6":"product_cat-dallages-anciens","7":"product_cat-dallage-ancien","8":"product_cat-sols","10":"first","11":"instock","12":"shipping-taxable","13":"product-type-simple"},"yoast_head":"<!-- This site is optimized with the Yoast SEO Premium plugin v22.1 (Yoast SEO v24.6) - https:\/\/yoast.com\/wordpress\/plugins\/seo\/ -->\n<title>Dallage ancien Bar Blond - Provence Mat\u00e9riaux Anciens<\/title>\n<meta name=\"robots\" content=\"index, follow, max-snippet:-1, max-image-preview:large, max-video-preview:-1\" \/>\n<link rel=\"canonical\" href=\"https:\/\/provence-materiaux-anciens.com\/fr\/produit\/sols\/dallages-anciens\/dallage-ancien\/dallage-ancien-bar-blond\/\" \/>\n<meta property=\"og:locale\" content=\"fr_FR\" \/>\n<meta property=\"og:type\" content=\"article\" \/>\n<meta property=\"og:title\" content=\"Dallage ancien Bar Blond\" \/>\n<meta property=\"og:description\" content=\"Ref: Dallage ancien Bar Blond (DAL04)   Longueur : 60 - 65 cm  Largeur : 45 - 48 cm  \u00c9paisseur : 3 cm (compatible avec plancher chauffant)  Disponibilit\u00e9 : Al\u00e9atoire, n&#039;h\u00e9sitez pas \u00e0 nous contacter si vous souhaitez savoir la disponibilit\u00e9 du produit  Dallage en pierres anciennes est exclusivement originaire du d\u00e9partement du Gard. Ces pierres de r\u00e9cup\u00e9ration furent extraites aux XVIIIe et XIX\u00e8me si\u00e8cles de diff\u00e9rentes carri\u00e8res dont la plus fameuse est celle de Beaucaire. Les bars en pierres anciennes servaient d&#039;unique s\u00e9paration entre les \u00e9tages des maisons traditionnelles. Appel\u00e9s aussi bars blonds anciens, ils \u00e9taient ainsi pos\u00e9s sur des chevrons en bois en tant que plafond. Ce dallage ancien est un symbole de l&#039;architecture traditionnelle du d\u00e9partement du Gard\" \/>\n<meta property=\"og:url\" content=\"https:\/\/provence-materiaux-anciens.com\/fr\/produit\/sols\/dallages-anciens\/dallage-ancien\/dallage-ancien-bar-blond\/\" \/>\n<meta property=\"og:site_name\" content=\"Provence Mat\u00e9riaux Anciens\" \/>\n<meta property=\"article:publisher\" content=\"https:\/\/www.facebook.com\/provencemateriauxanciens\" \/>\n<meta property=\"article:modified_time\" content=\"2024-06-14T11:29:55+00:00\" \/>\n<meta property=\"og:image\" content=\"https:\/\/provence-materiaux-anciens.com\/wp-content\/uploads\/2022\/12\/20240517_102601-scaled.jpg\" \/>\n\t<meta property=\"og:image:width\" content=\"1920\" \/>\n\t<meta property=\"og:image:height\" content=\"2560\" \/>\n\t<meta property=\"og:image:type\" content=\"image\/jpeg\" \/>\n<meta name=\"twitter:card\" content=\"summary_large_image\" \/>\n<meta name=\"twitter:label1\" content=\"Dur\u00e9e de lecture estim\u00e9e\" \/>\n\t<meta name=\"twitter:data1\" content=\"2 minutes\" \/>\n<script type=\"application\/ld+json\" class=\"yoast-schema-graph\">{\"@context\":\"https:\/\/schema.org\",\"@graph\":[{\"@type\":\"WebPage\",\"@id\":\"https:\/\/provence-materiaux-anciens.com\/produit\/sols\/dallages-anciens\/dallage-ancien\/dallage-ancien-bar-blond\/\",\"url\":\"https:\/\/provence-materiaux-anciens.com\/produit\/sols\/dallages-anciens\/dallage-ancien\/dallage-ancien-bar-blond\/\",\"name\":\"Dallage ancien Bar Blond - Provence Mat\u00e9riaux Anciens\",\"isPartOf\":{\"@id\":\"https:\/\/provence-materiaux-anciens.com\/#website\"},\"primaryImageOfPage\":{\"@id\":\"https:\/\/provence-materiaux-anciens.com\/produit\/sols\/dallages-anciens\/dallage-ancien\/dallage-ancien-bar-blond\/#primaryimage\"},\"image\":{\"@id\":\"https:\/\/provence-materiaux-anciens.com\/produit\/sols\/dallages-anciens\/dallage-ancien\/dallage-ancien-bar-blond\/#primaryimage\"},\"thumbnailUrl\":\"https:\/\/provence-materiaux-anciens.com\/wp-content\/uploads\/2022\/12\/20240517_102601-scaled.jpg\",\"datePublished\":\"2022-12-02T18:51:38+00:00\",\"dateModified\":\"2024-06-14T11:29:55+00:00\",\"breadcrumb\":{\"@id\":\"https:\/\/provence-materiaux-anciens.com\/produit\/sols\/dallages-anciens\/dallage-ancien\/dallage-ancien-bar-blond\/#breadcrumb\"},\"inLanguage\":\"fr-FR\",\"potentialAction\":[{\"@type\":\"ReadAction\",\"target\":[\"https:\/\/provence-materiaux-anciens.com\/produit\/sols\/dallages-anciens\/dallage-ancien\/dallage-ancien-bar-blond\/\"]}]},{\"@type\":\"ImageObject\",\"inLanguage\":\"fr-FR\",\"@id\":\"https:\/\/provence-materiaux-anciens.com\/produit\/sols\/dallages-anciens\/dallage-ancien\/dallage-ancien-bar-blond\/#primaryimage\",\"url\":\"https:\/\/provence-materiaux-anciens.com\/wp-content\/uploads\/2022\/12\/20240517_102601-scaled.jpg\",\"contentUrl\":\"https:\/\/provence-materiaux-anciens.com\/wp-content\/uploads\/2022\/12\/20240517_102601-scaled.jpg\",\"width\":1920,\"height\":2560},{\"@type\":\"BreadcrumbList\",\"@id\":\"https:\/\/provence-materiaux-anciens.com\/produit\/sols\/dallages-anciens\/dallage-ancien\/dallage-ancien-bar-blond\/#breadcrumb\",\"itemListElement\":[{\"@type\":\"ListItem\",\"position\":1,\"name\":\"Accueil\",\"item\":\"https:\/\/provence-materiaux-anciens.com\/fr\/\"},{\"@type\":\"ListItem\",\"position\":2,\"name\":\"Produits\",\"item\":\"https:\/\/provence-materiaux-anciens.com\/produit\/\"},{\"@type\":\"ListItem\",\"position\":3,\"name\":\"Dallage ancien Bar Blond\"}]},{\"@type\":\"WebSite\",\"@id\":\"https:\/\/provence-materiaux-anciens.com\/#website\",\"url\":\"https:\/\/provence-materiaux-anciens.com\/\",\"name\":\"Provence Mat\u00e9riaux Anciens\",\"description\":\"Achat et vente de mat\u00e9riaux anciens de construction, poutres, tuiles, planchers, charpentes, dallages, terres cuites.\",\"publisher\":{\"@id\":\"https:\/\/provence-materiaux-anciens.com\/#organization\"},\"potentialAction\":[{\"@type\":\"SearchAction\",\"target\":{\"@type\":\"EntryPoint\",\"urlTemplate\":\"https:\/\/provence-materiaux-anciens.com\/?s={search_term_string}\"},\"query-input\":{\"@type\":\"PropertyValueSpecification\",\"valueRequired\":true,\"valueName\":\"search_term_string\"}}],\"inLanguage\":\"fr-FR\"},{\"@type\":\"Organization\",\"@id\":\"https:\/\/provence-materiaux-anciens.com\/#organization\",\"name\":\"Provence Mat\u00e9riaux Anciens\",\"url\":\"https:\/\/provence-materiaux-anciens.com\/\",\"logo\":{\"@type\":\"ImageObject\",\"inLanguage\":\"fr-FR\",\"@id\":\"https:\/\/provence-materiaux-anciens.com\/#\/schema\/logo\/image\/\",\"url\":\"https:\/\/provence-materiaux-anciens.com\/wp-content\/uploads\/2022\/03\/cropped-logo-pma-web.png\",\"contentUrl\":\"https:\/\/provence-materiaux-anciens.com\/wp-content\/uploads\/2022\/03\/cropped-logo-pma-web.png\",\"width\":650,\"height\":434,\"caption\":\"Provence Mat\u00e9riaux Anciens\"},\"image\":{\"@id\":\"https:\/\/provence-materiaux-anciens.com\/#\/schema\/logo\/image\/\"},\"sameAs\":[\"https:\/\/www.facebook.com\/provencemateriauxanciens\",\"https:\/\/www.instagram.com\/provencemateriauxanciens\/\",\"https:\/\/www.pinterest.fr\/provencemateriauxanciens\/\"]}]}<\/script>\n<!-- \/ Yoast SEO Premium plugin. -->","yoast_head_json":{"title":"Dallage ancien Bar Blond - Provence Mat\u00e9riaux Anciens","robots":{"index":"index","follow":"follow","max-snippet":"max-snippet:-1","max-image-preview":"max-image-preview:large","max-video-preview":"max-video-preview:-1"},"canonical":"https:\/\/provence-materiaux-anciens.com\/fr\/produit\/sols\/dallages-anciens\/dallage-ancien\/dallage-ancien-bar-blond\/","og_locale":"fr_FR","og_type":"article","og_title":"Dallage ancien Bar Blond","og_description":"Ref: Dallage ancien Bar Blond (DAL04)   Longueur : 60 - 65 cm  Largeur : 45 - 48 cm  \u00c9paisseur : 3 cm (compatible avec plancher chauffant)  Disponibilit\u00e9 : Al\u00e9atoire, n'h\u00e9sitez pas \u00e0 nous contacter si vous souhaitez savoir la disponibilit\u00e9 du produit  Dallage en pierres anciennes est exclusivement originaire du d\u00e9partement du Gard. Ces pierres de r\u00e9cup\u00e9ration furent extraites aux XVIIIe et XIX\u00e8me si\u00e8cles de diff\u00e9rentes carri\u00e8res dont la plus fameuse est celle de Beaucaire. Les bars en pierres anciennes servaient d'unique s\u00e9paration entre les \u00e9tages des maisons traditionnelles. Appel\u00e9s aussi bars blonds anciens, ils \u00e9taient ainsi pos\u00e9s sur des chevrons en bois en tant que plafond. Ce dallage ancien est un symbole de l'architecture traditionnelle du d\u00e9partement du Gard","og_url":"https:\/\/provence-materiaux-anciens.com\/fr\/produit\/sols\/dallages-anciens\/dallage-ancien\/dallage-ancien-bar-blond\/","og_site_name":"Provence Mat\u00e9riaux Anciens","article_publisher":"https:\/\/www.facebook.com\/provencemateriauxanciens","article_modified_time":"2024-06-14T11:29:55+00:00","og_image":[{"width":1920,"height":2560,"url":"https:\/\/provence-materiaux-anciens.com\/wp-content\/uploads\/2022\/12\/20240517_102601-scaled.jpg","type":"image\/jpeg"}],"twitter_card":"summary_large_image","twitter_misc":{"Dur\u00e9e de lecture estim\u00e9e":"2 minutes"},"schema":{"@context":"https:\/\/schema.org","@graph":[{"@type":"WebPage","@id":"https:\/\/provence-materiaux-anciens.com\/produit\/sols\/dallages-anciens\/dallage-ancien\/dallage-ancien-bar-blond\/","url":"https:\/\/provence-materiaux-anciens.com\/produit\/sols\/dallages-anciens\/dallage-ancien\/dallage-ancien-bar-blond\/","name":"Dallage ancien Bar Blond - Provence Mat\u00e9riaux Anciens","isPartOf":{"@id":"https:\/\/provence-materiaux-anciens.com\/#website"},"primaryImageOfPage":{"@id":"https:\/\/provence-materiaux-anciens.com\/produit\/sols\/dallages-anciens\/dallage-ancien\/dallage-ancien-bar-blond\/#primaryimage"},"image":{"@id":"https:\/\/provence-materiaux-anciens.com\/produit\/sols\/dallages-anciens\/dallage-ancien\/dallage-ancien-bar-blond\/#primaryimage"},"thumbnailUrl":"https:\/\/provence-materiaux-anciens.com\/wp-content\/uploads\/2022\/12\/20240517_102601-scaled.jpg","datePublished":"2022-12-02T18:51:38+00:00","dateModified":"2024-06-14T11:29:55+00:00","breadcrumb":{"@id":"https:\/\/provence-materiaux-anciens.com\/produit\/sols\/dallages-anciens\/dallage-ancien\/dallage-ancien-bar-blond\/#breadcrumb"},"inLanguage":"fr-FR","potentialAction":[{"@type":"ReadAction","target":["https:\/\/provence-materiaux-anciens.com\/produit\/sols\/dallages-anciens\/dallage-ancien\/dallage-ancien-bar-blond\/"]}]},{"@type":"ImageObject","inLanguage":"fr-FR","@id":"https:\/\/provence-materiaux-anciens.com\/produit\/sols\/dallages-anciens\/dallage-ancien\/dallage-ancien-bar-blond\/#primaryimage","url":"https:\/\/provence-materiaux-anciens.com\/wp-content\/uploads\/2022\/12\/20240517_102601-scaled.jpg","contentUrl":"https:\/\/provence-materiaux-anciens.com\/wp-content\/uploads\/2022\/12\/20240517_102601-scaled.jpg","width":1920,"height":2560},{"@type":"BreadcrumbList","@id":"https:\/\/provence-materiaux-anciens.com\/produit\/sols\/dallages-anciens\/dallage-ancien\/dallage-ancien-bar-blond\/#breadcrumb","itemListElement":[{"@type":"ListItem","position":1,"name":"Accueil","item":"https:\/\/provence-materiaux-anciens.com\/fr\/"},{"@type":"ListItem","position":2,"name":"Produits","item":"https:\/\/provence-materiaux-anciens.com\/produit\/"},{"@type":"ListItem","position":3,"name":"Dallage ancien Bar Blond"}]},{"@type":"WebSite","@id":"https:\/\/provence-materiaux-anciens.com\/#website","url":"https:\/\/provence-materiaux-anciens.com\/","name":"Provence Mat\u00e9riaux Anciens","description":"Achat et vente de mat\u00e9riaux anciens de construction, poutres, tuiles, planchers, charpentes, dallages, terres cuites.","publisher":{"@id":"https:\/\/provence-materiaux-anciens.com\/#organization"},"potentialAction":[{"@type":"SearchAction","target":{"@type":"EntryPoint","urlTemplate":"https:\/\/provence-materiaux-anciens.com\/?s={search_term_string}"},"query-input":{"@type":"PropertyValueSpecification","valueRequired":true,"valueName":"search_term_string"}}],"inLanguage":"fr-FR"},{"@type":"Organization","@id":"https:\/\/provence-materiaux-anciens.com\/#organization","name":"Provence Mat\u00e9riaux Anciens","url":"https:\/\/provence-materiaux-anciens.com\/","logo":{"@type":"ImageObject","inLanguage":"fr-FR","@id":"https:\/\/provence-materiaux-anciens.com\/#\/schema\/logo\/image\/","url":"https:\/\/provence-materiaux-anciens.com\/wp-content\/uploads\/2022\/03\/cropped-logo-pma-web.png","contentUrl":"https:\/\/provence-materiaux-anciens.com\/wp-content\/uploads\/2022\/03\/cropped-logo-pma-web.png","width":650,"height":434,"caption":"Provence Mat\u00e9riaux Anciens"},"image":{"@id":"https:\/\/provence-materiaux-anciens.com\/#\/schema\/logo\/image\/"},"sameAs":["https:\/\/www.facebook.com\/provencemateriauxanciens","https:\/\/www.instagram.com\/provencemateriauxanciens\/","https:\/\/www.pinterest.fr\/provencemateriauxanciens\/"]}]}},"_links":{"self":[{"href":"https:\/\/provence-materiaux-anciens.com\/fr\/wp-json\/wp\/v2\/product\/1075","targetHints":{"allow":["GET"]}}],"collection":[{"href":"https:\/\/provence-materiaux-anciens.com\/fr\/wp-json\/wp\/v2\/product"}],"about":[{"href":"https:\/\/provence-materiaux-anciens.com\/fr\/wp-json\/wp\/v2\/types\/product"}],"wp:featuredmedia":[{"embeddable":true,"href":"https:\/\/provence-materiaux-anciens.com\/fr\/wp-json\/wp\/v2\/media\/4972"}],"wp:attachment":[{"href":"https:\/\/provence-materiaux-anciens.com\/fr\/wp-json\/wp\/v2\/media?parent=1075"}],"wp:term":[{"taxonomy":"product_brand","embeddable":true,"href":"https:\/\/provence-materiaux-anciens.com\/fr\/wp-json\/wp\/v2\/product_brand?post=1075"},{"taxonomy":"product_cat","embeddable":true,"href":"https:\/\/provence-materiaux-anciens.com\/fr\/wp-json\/wp\/v2\/product_cat?post=1075"},{"taxonomy":"product_tag","embeddable":true,"href":"https:\/\/provence-materiaux-anciens.com\/fr\/wp-json\/wp\/v2\/product_tag?post=1075"}],"curies":[{"name":"wp","href":"https:\/\/api.w.org\/{rel}","templated":true}]}}