{"id":1076,"date":"2022-12-02T18:51:38","date_gmt":"2022-12-02T18:51:38","guid":{"rendered":"https:\/\/provence-materiaux-anciens.com\/?post_type=product&#038;p=1076"},"modified":"2024-03-06T08:56:47","modified_gmt":"2024-03-06T08:56:47","slug":"vieux-dallage-bar-de-montpellier","status":"publish","type":"product","link":"https:\/\/provence-materiaux-anciens.com\/fr\/produit\/sols\/dallages-anciens\/dallage-ancien\/vieux-dallage-bar-de-montpellier\/","title":{"rendered":"Vieux dallage bar de Montpellier"},"content":{"rendered":"<p><span style=\"font-weight: 400;\">Donnez \u00e0 votre domicile l\u2019originalit\u00e9 et la splendeur qu\u2019il m\u00e9rite avec notre Vieux dallage bar de Montpellier !<\/span><\/p>\n<h3><span style=\"font-weight: 400;\">Optez pour ce vieux dallage pour un rev\u00eatement \u00e9l\u00e9gant et raffin\u00e9 de votre logement !<\/span><\/h3>\n<p><span style=\"font-weight: 400;\">Le choix du rev\u00eatement d\u2019un logement en construction ou en r\u00e9novation est tr\u00e8s important. Notre Vieux dallage bar de Montpellier est un rev\u00eatement pour sol vintage, adapt\u00e9 particuli\u00e8rement \u00e0 la d\u00e9coration int\u00e9rieure. Vous pourrez l\u2019utiliser pour cr\u00e9er une atmosph\u00e8re conviviale et agr\u00e9able pour les pi\u00e8ces dans lesquelles vous passerez une bonne partie de votre vie.\u00a0<\/span><\/p>\n<p><span style=\"font-weight: 400;\">Ce sont des carreaux fabriqu\u00e9s \u00e0 partir de terre cuite ancienne qui donneront un design rustique \u00e0 votre maison. Utilisables pour le rev\u00eatement de toutes les pi\u00e8ces internes de la maison, ces dallages peaufineront en beaut\u00e9 vos travaux de r\u00e9novation. Ils sont faciles \u00e0 poser et s\u2019agencent ais\u00e9ment.\u00a0<\/span><\/p>\n<h3><span style=\"font-weight: 400;\">Un rev\u00eatement r\u00e9sistant \u00e0 l\u2019usure du temps<\/span><\/h3>\n<p><span style=\"font-weight: 400;\">Le moins que l\u2019on puisse dire, c\u2019est que notre Vieux dallage bar de Montpellier a une capacit\u00e9 de r\u00e9sistance hors du commun. La terre cuite \u00e0 partir de laquelle il est fabriqu\u00e9 favorise une durabilit\u00e9 qui peut s\u2019\u00e9tendre sur plusieurs dizaines d\u2019ann\u00e9es. Opter pour ces dallages, c\u2019est \u00eatre s\u00fbr d\u2019avoir fait le choix d\u2019un rev\u00eatement solide et capable de r\u00e9sister \u00e0 des chocs extr\u00eames.\u00a0<\/span><\/p>\n<p><span style=\"font-weight: 400;\">Les dallages sont antid\u00e9rapants, ce qui procure un maximum de s\u00e9curit\u00e9 aux habitants de la maison. Les risques de chute seront amoindris du fait de la bonne adh\u00e9rence avec les pieds (avec des chaussures ou non.)\u00a0<\/span><\/p>\n<p><span style=\"font-weight: 400;\">Le nettoyage de ce dallage ancien doit se faire de mani\u00e8re r\u00e9guli\u00e8re afin d\u2019emp\u00eacher que la salet\u00e9 ne s\u2019incruste. Avec de simples produits naturels tels que du savon noir, du bicarbonate de soude, ou encore du vinaigre blanc, vous prendrez soin de ces carreaux \u00e0 merveille. Ils seront toujours \u00e9clatants et brillants, par la m\u00eame occasion, ils dureront une \u00e9ternit\u00e9.<\/span><\/p>\n<p><span style=\"font-weight: 400;\">Ne perdez plus de temps, commandez d\u00e8s maintenant notre Vieux dallage bar de Montpellier pour donner \u00e0 votre domicile l\u2019originalit\u00e9 tant recherch\u00e9e !<\/span><\/p>\n","protected":false},"excerpt":{"rendered":"<h2><strong>Ref: <\/strong>Vieux dallage bar de Montpellier (DAL03)<\/h2>\n<ul>\n<li><b>Longueur<\/b> : 70 cm<\/li>\n<li><b>Largeur <\/b>: 50 cm<\/li>\n<li><b>\u00c9paisseur<\/b> :\u00a0 3 cm (compatible avec plancher chauffant)<\/li>\n<li><b>Disponibilit\u00e9<\/b> : Al\u00e9atoire, n&rsquo;h\u00e9sitez pas \u00e0 nous<a href=\"https:\/\/provence-materiaux-anciens.com\/contact\/\"> contacter<\/a> si vous souhaitez savoir la disponibilit\u00e9 du produit<\/li>\n<\/ul>\n<p>Vieux dallage bar de Montpellier originaire de l\u2019H\u00e9rault. Ce dallage ancien est un symbole de l&rsquo;architecture traditionnelle Montpelli\u00e9raine. Les bars de Montpellier anciens sont destin\u00e9s \u00e0 une pose exclusivement en int\u00e9rieur. Ces dalles anciennes de r\u00e9cup\u00e9ration furent extraites des carri\u00e8res h\u00e9raultaises aux XVIIIe et XIX\u00e8me si\u00e8cles. Les bars de Montpellier anciens sont caract\u00e9ristiques des constructions de cette r\u00e9gion. Les vieux bars ont des teintes dans les couleurs grises.<\/p>\n<p>&nbsp;<\/p>\n","protected":false},"featured_media":2091,"template":"","meta":{"_monsterinsights_skip_tracking":false,"_monsterinsights_sitenote_active":false,"_monsterinsights_sitenote_note":"","_monsterinsights_sitenote_category":0},"product_brand":[],"product_cat":[36,37,32],"product_tag":[],"class_list":{"0":"post-1076","1":"product","2":"type-product","3":"status-publish","4":"has-post-thumbnail","6":"product_cat-dallages-anciens","7":"product_cat-dallage-ancien","8":"product_cat-sols","10":"first","11":"instock","12":"shipping-taxable","13":"product-type-simple"},"yoast_head":"<!-- This site is optimized with the Yoast SEO Premium plugin v22.1 (Yoast SEO v24.6) - https:\/\/yoast.com\/wordpress\/plugins\/seo\/ -->\n<title>Vieux dallage bar de Montpellier - Provence Mat\u00e9riaux Anciens<\/title>\n<meta name=\"robots\" content=\"index, follow, max-snippet:-1, max-image-preview:large, max-video-preview:-1\" \/>\n<link rel=\"canonical\" href=\"https:\/\/provence-materiaux-anciens.com\/fr\/produit\/sols\/dallages-anciens\/dallage-ancien\/vieux-dallage-bar-de-montpellier\/\" \/>\n<meta property=\"og:locale\" content=\"fr_FR\" \/>\n<meta property=\"og:type\" content=\"article\" \/>\n<meta property=\"og:title\" content=\"Vieux dallage bar de Montpellier\" \/>\n<meta property=\"og:description\" content=\"Ref: Vieux dallage bar de Montpellier (DAL03)   Longueur : 70 cm  Largeur : 50 cm  \u00c9paisseur :\u00a0 3 cm (compatible avec plancher chauffant)  Disponibilit\u00e9 : Al\u00e9atoire, n&#039;h\u00e9sitez pas \u00e0 nous contacter si vous souhaitez savoir la disponibilit\u00e9 du produit  Vieux dallage bar de Montpellier originaire de l\u2019H\u00e9rault. Ce dallage ancien est un symbole de l&#039;architecture traditionnelle Montpelli\u00e9raine. Les bars de Montpellier anciens sont destin\u00e9s \u00e0 une pose exclusivement en int\u00e9rieur. Ces dalles anciennes de r\u00e9cup\u00e9ration furent extraites des carri\u00e8res h\u00e9raultaises aux XVIIIe et XIX\u00e8me si\u00e8cles. Les bars de Montpellier anciens sont caract\u00e9ristiques des constructions de cette r\u00e9gion. Les vieux bars ont des teintes dans les couleurs grises.  &nbsp;\" \/>\n<meta property=\"og:url\" content=\"https:\/\/provence-materiaux-anciens.com\/fr\/produit\/sols\/dallages-anciens\/dallage-ancien\/vieux-dallage-bar-de-montpellier\/\" \/>\n<meta property=\"og:site_name\" content=\"Provence Mat\u00e9riaux Anciens\" \/>\n<meta property=\"article:publisher\" content=\"https:\/\/www.facebook.com\/provencemateriauxanciens\" \/>\n<meta property=\"article:modified_time\" content=\"2024-03-06T08:56:47+00:00\" \/>\n<meta property=\"og:image\" content=\"https:\/\/provence-materiaux-anciens.com\/wp-content\/uploads\/2022\/12\/vieux-dallage-bar-montpeller01.jpg\" \/>\n\t<meta property=\"og:image:width\" content=\"700\" \/>\n\t<meta property=\"og:image:height\" content=\"700\" \/>\n\t<meta property=\"og:image:type\" content=\"image\/jpeg\" \/>\n<meta name=\"twitter:card\" content=\"summary_large_image\" \/>\n<meta name=\"twitter:label1\" content=\"Dur\u00e9e de lecture estim\u00e9e\" \/>\n\t<meta name=\"twitter:data1\" content=\"2 minutes\" \/>\n<script type=\"application\/ld+json\" class=\"yoast-schema-graph\">{\"@context\":\"https:\/\/schema.org\",\"@graph\":[{\"@type\":\"WebPage\",\"@id\":\"https:\/\/provence-materiaux-anciens.com\/produit\/sols\/dallages-anciens\/dallage-ancien\/vieux-dallage-bar-de-montpellier\/\",\"url\":\"https:\/\/provence-materiaux-anciens.com\/produit\/sols\/dallages-anciens\/dallage-ancien\/vieux-dallage-bar-de-montpellier\/\",\"name\":\"Vieux dallage bar de Montpellier - Provence Mat\u00e9riaux Anciens\",\"isPartOf\":{\"@id\":\"https:\/\/provence-materiaux-anciens.com\/#website\"},\"primaryImageOfPage\":{\"@id\":\"https:\/\/provence-materiaux-anciens.com\/produit\/sols\/dallages-anciens\/dallage-ancien\/vieux-dallage-bar-de-montpellier\/#primaryimage\"},\"image\":{\"@id\":\"https:\/\/provence-materiaux-anciens.com\/produit\/sols\/dallages-anciens\/dallage-ancien\/vieux-dallage-bar-de-montpellier\/#primaryimage\"},\"thumbnailUrl\":\"https:\/\/provence-materiaux-anciens.com\/wp-content\/uploads\/2022\/12\/vieux-dallage-bar-montpeller01.jpg\",\"datePublished\":\"2022-12-02T18:51:38+00:00\",\"dateModified\":\"2024-03-06T08:56:47+00:00\",\"breadcrumb\":{\"@id\":\"https:\/\/provence-materiaux-anciens.com\/produit\/sols\/dallages-anciens\/dallage-ancien\/vieux-dallage-bar-de-montpellier\/#breadcrumb\"},\"inLanguage\":\"fr-FR\",\"potentialAction\":[{\"@type\":\"ReadAction\",\"target\":[\"https:\/\/provence-materiaux-anciens.com\/produit\/sols\/dallages-anciens\/dallage-ancien\/vieux-dallage-bar-de-montpellier\/\"]}]},{\"@type\":\"ImageObject\",\"inLanguage\":\"fr-FR\",\"@id\":\"https:\/\/provence-materiaux-anciens.com\/produit\/sols\/dallages-anciens\/dallage-ancien\/vieux-dallage-bar-de-montpellier\/#primaryimage\",\"url\":\"https:\/\/provence-materiaux-anciens.com\/wp-content\/uploads\/2022\/12\/vieux-dallage-bar-montpeller01.jpg\",\"contentUrl\":\"https:\/\/provence-materiaux-anciens.com\/wp-content\/uploads\/2022\/12\/vieux-dallage-bar-montpeller01.jpg\",\"width\":700,\"height\":700,\"caption\":\"vieux dallage bar de montpellier\"},{\"@type\":\"BreadcrumbList\",\"@id\":\"https:\/\/provence-materiaux-anciens.com\/produit\/sols\/dallages-anciens\/dallage-ancien\/vieux-dallage-bar-de-montpellier\/#breadcrumb\",\"itemListElement\":[{\"@type\":\"ListItem\",\"position\":1,\"name\":\"Accueil\",\"item\":\"https:\/\/provence-materiaux-anciens.com\/fr\/\"},{\"@type\":\"ListItem\",\"position\":2,\"name\":\"Produits\",\"item\":\"https:\/\/provence-materiaux-anciens.com\/produit\/\"},{\"@type\":\"ListItem\",\"position\":3,\"name\":\"Vieux dallage bar de Montpellier\"}]},{\"@type\":\"WebSite\",\"@id\":\"https:\/\/provence-materiaux-anciens.com\/#website\",\"url\":\"https:\/\/provence-materiaux-anciens.com\/\",\"name\":\"Provence Mat\u00e9riaux Anciens\",\"description\":\"Achat et vente de mat\u00e9riaux anciens de construction, poutres, tuiles, planchers, charpentes, dallages, terres cuites.\",\"publisher\":{\"@id\":\"https:\/\/provence-materiaux-anciens.com\/#organization\"},\"potentialAction\":[{\"@type\":\"SearchAction\",\"target\":{\"@type\":\"EntryPoint\",\"urlTemplate\":\"https:\/\/provence-materiaux-anciens.com\/?s={search_term_string}\"},\"query-input\":{\"@type\":\"PropertyValueSpecification\",\"valueRequired\":true,\"valueName\":\"search_term_string\"}}],\"inLanguage\":\"fr-FR\"},{\"@type\":\"Organization\",\"@id\":\"https:\/\/provence-materiaux-anciens.com\/#organization\",\"name\":\"Provence Mat\u00e9riaux Anciens\",\"url\":\"https:\/\/provence-materiaux-anciens.com\/\",\"logo\":{\"@type\":\"ImageObject\",\"inLanguage\":\"fr-FR\",\"@id\":\"https:\/\/provence-materiaux-anciens.com\/#\/schema\/logo\/image\/\",\"url\":\"https:\/\/provence-materiaux-anciens.com\/wp-content\/uploads\/2022\/03\/cropped-logo-pma-web.png\",\"contentUrl\":\"https:\/\/provence-materiaux-anciens.com\/wp-content\/uploads\/2022\/03\/cropped-logo-pma-web.png\",\"width\":650,\"height\":434,\"caption\":\"Provence Mat\u00e9riaux Anciens\"},\"image\":{\"@id\":\"https:\/\/provence-materiaux-anciens.com\/#\/schema\/logo\/image\/\"},\"sameAs\":[\"https:\/\/www.facebook.com\/provencemateriauxanciens\",\"https:\/\/www.instagram.com\/provencemateriauxanciens\/\",\"https:\/\/www.pinterest.fr\/provencemateriauxanciens\/\"]}]}<\/script>\n<!-- \/ Yoast SEO Premium plugin. -->","yoast_head_json":{"title":"Vieux dallage bar de Montpellier - Provence Mat\u00e9riaux Anciens","robots":{"index":"index","follow":"follow","max-snippet":"max-snippet:-1","max-image-preview":"max-image-preview:large","max-video-preview":"max-video-preview:-1"},"canonical":"https:\/\/provence-materiaux-anciens.com\/fr\/produit\/sols\/dallages-anciens\/dallage-ancien\/vieux-dallage-bar-de-montpellier\/","og_locale":"fr_FR","og_type":"article","og_title":"Vieux dallage bar de Montpellier","og_description":"Ref: Vieux dallage bar de Montpellier (DAL03)   Longueur : 70 cm  Largeur : 50 cm  \u00c9paisseur :\u00a0 3 cm (compatible avec plancher chauffant)  Disponibilit\u00e9 : Al\u00e9atoire, n'h\u00e9sitez pas \u00e0 nous contacter si vous souhaitez savoir la disponibilit\u00e9 du produit  Vieux dallage bar de Montpellier originaire de l\u2019H\u00e9rault. Ce dallage ancien est un symbole de l'architecture traditionnelle Montpelli\u00e9raine. Les bars de Montpellier anciens sont destin\u00e9s \u00e0 une pose exclusivement en int\u00e9rieur. Ces dalles anciennes de r\u00e9cup\u00e9ration furent extraites des carri\u00e8res h\u00e9raultaises aux XVIIIe et XIX\u00e8me si\u00e8cles. Les bars de Montpellier anciens sont caract\u00e9ristiques des constructions de cette r\u00e9gion. Les vieux bars ont des teintes dans les couleurs grises.  &nbsp;","og_url":"https:\/\/provence-materiaux-anciens.com\/fr\/produit\/sols\/dallages-anciens\/dallage-ancien\/vieux-dallage-bar-de-montpellier\/","og_site_name":"Provence Mat\u00e9riaux Anciens","article_publisher":"https:\/\/www.facebook.com\/provencemateriauxanciens","article_modified_time":"2024-03-06T08:56:47+00:00","og_image":[{"width":700,"height":700,"url":"https:\/\/provence-materiaux-anciens.com\/wp-content\/uploads\/2022\/12\/vieux-dallage-bar-montpeller01.jpg","type":"image\/jpeg"}],"twitter_card":"summary_large_image","twitter_misc":{"Dur\u00e9e de lecture estim\u00e9e":"2 minutes"},"schema":{"@context":"https:\/\/schema.org","@graph":[{"@type":"WebPage","@id":"https:\/\/provence-materiaux-anciens.com\/produit\/sols\/dallages-anciens\/dallage-ancien\/vieux-dallage-bar-de-montpellier\/","url":"https:\/\/provence-materiaux-anciens.com\/produit\/sols\/dallages-anciens\/dallage-ancien\/vieux-dallage-bar-de-montpellier\/","name":"Vieux dallage bar de Montpellier - Provence Mat\u00e9riaux Anciens","isPartOf":{"@id":"https:\/\/provence-materiaux-anciens.com\/#website"},"primaryImageOfPage":{"@id":"https:\/\/provence-materiaux-anciens.com\/produit\/sols\/dallages-anciens\/dallage-ancien\/vieux-dallage-bar-de-montpellier\/#primaryimage"},"image":{"@id":"https:\/\/provence-materiaux-anciens.com\/produit\/sols\/dallages-anciens\/dallage-ancien\/vieux-dallage-bar-de-montpellier\/#primaryimage"},"thumbnailUrl":"https:\/\/provence-materiaux-anciens.com\/wp-content\/uploads\/2022\/12\/vieux-dallage-bar-montpeller01.jpg","datePublished":"2022-12-02T18:51:38+00:00","dateModified":"2024-03-06T08:56:47+00:00","breadcrumb":{"@id":"https:\/\/provence-materiaux-anciens.com\/produit\/sols\/dallages-anciens\/dallage-ancien\/vieux-dallage-bar-de-montpellier\/#breadcrumb"},"inLanguage":"fr-FR","potentialAction":[{"@type":"ReadAction","target":["https:\/\/provence-materiaux-anciens.com\/produit\/sols\/dallages-anciens\/dallage-ancien\/vieux-dallage-bar-de-montpellier\/"]}]},{"@type":"ImageObject","inLanguage":"fr-FR","@id":"https:\/\/provence-materiaux-anciens.com\/produit\/sols\/dallages-anciens\/dallage-ancien\/vieux-dallage-bar-de-montpellier\/#primaryimage","url":"https:\/\/provence-materiaux-anciens.com\/wp-content\/uploads\/2022\/12\/vieux-dallage-bar-montpeller01.jpg","contentUrl":"https:\/\/provence-materiaux-anciens.com\/wp-content\/uploads\/2022\/12\/vieux-dallage-bar-montpeller01.jpg","width":700,"height":700,"caption":"vieux dallage bar de montpellier"},{"@type":"BreadcrumbList","@id":"https:\/\/provence-materiaux-anciens.com\/produit\/sols\/dallages-anciens\/dallage-ancien\/vieux-dallage-bar-de-montpellier\/#breadcrumb","itemListElement":[{"@type":"ListItem","position":1,"name":"Accueil","item":"https:\/\/provence-materiaux-anciens.com\/fr\/"},{"@type":"ListItem","position":2,"name":"Produits","item":"https:\/\/provence-materiaux-anciens.com\/produit\/"},{"@type":"ListItem","position":3,"name":"Vieux dallage bar de Montpellier"}]},{"@type":"WebSite","@id":"https:\/\/provence-materiaux-anciens.com\/#website","url":"https:\/\/provence-materiaux-anciens.com\/","name":"Provence Mat\u00e9riaux Anciens","description":"Achat et vente de mat\u00e9riaux anciens de construction, poutres, tuiles, planchers, charpentes, dallages, terres cuites.","publisher":{"@id":"https:\/\/provence-materiaux-anciens.com\/#organization"},"potentialAction":[{"@type":"SearchAction","target":{"@type":"EntryPoint","urlTemplate":"https:\/\/provence-materiaux-anciens.com\/?s={search_term_string}"},"query-input":{"@type":"PropertyValueSpecification","valueRequired":true,"valueName":"search_term_string"}}],"inLanguage":"fr-FR"},{"@type":"Organization","@id":"https:\/\/provence-materiaux-anciens.com\/#organization","name":"Provence Mat\u00e9riaux Anciens","url":"https:\/\/provence-materiaux-anciens.com\/","logo":{"@type":"ImageObject","inLanguage":"fr-FR","@id":"https:\/\/provence-materiaux-anciens.com\/#\/schema\/logo\/image\/","url":"https:\/\/provence-materiaux-anciens.com\/wp-content\/uploads\/2022\/03\/cropped-logo-pma-web.png","contentUrl":"https:\/\/provence-materiaux-anciens.com\/wp-content\/uploads\/2022\/03\/cropped-logo-pma-web.png","width":650,"height":434,"caption":"Provence Mat\u00e9riaux Anciens"},"image":{"@id":"https:\/\/provence-materiaux-anciens.com\/#\/schema\/logo\/image\/"},"sameAs":["https:\/\/www.facebook.com\/provencemateriauxanciens","https:\/\/www.instagram.com\/provencemateriauxanciens\/","https:\/\/www.pinterest.fr\/provencemateriauxanciens\/"]}]}},"_links":{"self":[{"href":"https:\/\/provence-materiaux-anciens.com\/fr\/wp-json\/wp\/v2\/product\/1076","targetHints":{"allow":["GET"]}}],"collection":[{"href":"https:\/\/provence-materiaux-anciens.com\/fr\/wp-json\/wp\/v2\/product"}],"about":[{"href":"https:\/\/provence-materiaux-anciens.com\/fr\/wp-json\/wp\/v2\/types\/product"}],"wp:featuredmedia":[{"embeddable":true,"href":"https:\/\/provence-materiaux-anciens.com\/fr\/wp-json\/wp\/v2\/media\/2091"}],"wp:attachment":[{"href":"https:\/\/provence-materiaux-anciens.com\/fr\/wp-json\/wp\/v2\/media?parent=1076"}],"wp:term":[{"taxonomy":"product_brand","embeddable":true,"href":"https:\/\/provence-materiaux-anciens.com\/fr\/wp-json\/wp\/v2\/product_brand?post=1076"},{"taxonomy":"product_cat","embeddable":true,"href":"https:\/\/provence-materiaux-anciens.com\/fr\/wp-json\/wp\/v2\/product_cat?post=1076"},{"taxonomy":"product_tag","embeddable":true,"href":"https:\/\/provence-materiaux-anciens.com\/fr\/wp-json\/wp\/v2\/product_tag?post=1076"}],"curies":[{"name":"wp","href":"https:\/\/api.w.org\/{rel}","templated":true}]}}