{"id":1077,"date":"2022-12-02T18:51:38","date_gmt":"2022-12-02T18:51:38","guid":{"rendered":"https:\/\/provence-materiaux-anciens.com\/?post_type=product&#038;p=1077"},"modified":"2024-03-06T08:56:47","modified_gmt":"2024-03-06T08:56:47","slug":"reedition-dalles-anciennes-bars-de-comps","status":"publish","type":"product","link":"https:\/\/provence-materiaux-anciens.com\/fr\/produit\/sols\/dallage-pierre-naturelle\/reedition-dalles-anciennes-bars-de-comps\/","title":{"rendered":"R\u00e9\u00e9dition dalles anciennes \u00ab\u00a0Bars de Comps\u00a0\u00bb"},"content":{"rendered":"","protected":false},"excerpt":{"rendered":"<h2><strong>Ref: <\/strong>R\u00e9\u00e9dition dalles anciennes \u00ab\u00a0Bars de Comps\u00a0\u00bb (Daln11)<\/h2>\n<p>R\u00e9\u00e9dition dalles anciennes \u00ab\u00a0Bars de Comps\u00a0\u00bb. Ce dallage en pierre naturelle est une r\u00e9\u00e9dition du dallage ancien <a href=\"https:\/\/provence-materiaux-anciens.com\/produit\/dallage-ancien-exterieur\/\">bar blond pour ext\u00e9rieur<\/a> . Nous produisons ainsi ce dallage calcaire \u00e0 partir de blocs de pierres de r\u00e9cup\u00e9ration exclusivement du Gard. Cette r\u00e9\u00e9dition de dallage ancien peut se poser en int\u00e9rieur ou bien pour une terrasse en dallage.<\/p>\n<p><strong>LONGUEUR: <\/strong>libre<\/p>\n<p><strong>LARGEUR:<\/strong> De 40 \u00e0 50 cm<\/p>\n<p><b>\u00c9PAISSEUR<\/b><strong>\u00a0:<\/strong> \u00e0 partir de 3 cm<\/p>\n","protected":false},"featured_media":2148,"template":"","meta":{"_monsterinsights_skip_tracking":false,"_monsterinsights_sitenote_active":false,"_monsterinsights_sitenote_note":"","_monsterinsights_sitenote_category":0},"product_brand":[],"product_cat":[38,32],"product_tag":[],"class_list":{"0":"post-1077","1":"product","2":"type-product","3":"status-publish","4":"has-post-thumbnail","6":"product_cat-dallage-pierre-naturelle","7":"product_cat-sols","9":"first","10":"instock","11":"shipping-taxable","12":"product-type-simple"},"yoast_head":"<!-- This site is optimized with the Yoast SEO Premium plugin v22.1 (Yoast SEO v24.6) - https:\/\/yoast.com\/wordpress\/plugins\/seo\/ -->\n<title>R\u00e9\u00e9dition dalles anciennes &quot;Bars de Comps&quot; - Provence Mat\u00e9riaux Anciens<\/title>\n<meta name=\"robots\" content=\"index, follow, max-snippet:-1, max-image-preview:large, max-video-preview:-1\" \/>\n<link rel=\"canonical\" href=\"https:\/\/provence-materiaux-anciens.com\/fr\/produit\/sols\/dallage-pierre-naturelle\/reedition-dalles-anciennes-bars-de-comps\/\" \/>\n<meta property=\"og:locale\" content=\"fr_FR\" \/>\n<meta property=\"og:type\" content=\"article\" \/>\n<meta property=\"og:title\" content=\"R\u00e9\u00e9dition dalles anciennes &quot;Bars de Comps&quot;\" \/>\n<meta property=\"og:description\" content=\"Ref: R\u00e9\u00e9dition dalles anciennes &quot;Bars de Comps&quot; (Daln11) R\u00e9\u00e9dition dalles anciennes &quot;Bars de Comps&quot;. Ce dallage en pierre naturelle est une r\u00e9\u00e9dition du dallage ancien bar blond pour ext\u00e9rieur . Nous produisons ainsi ce dallage calcaire \u00e0 partir de blocs de pierres de r\u00e9cup\u00e9ration exclusivement du Gard. Cette r\u00e9\u00e9dition de dallage ancien peut se poser en int\u00e9rieur ou bien pour une terrasse en dallage.  LONGUEUR: libre  LARGEUR: De 40 \u00e0 50 cm  \u00c9PAISSEUR\u00a0: \u00e0 partir de 3 cm\" \/>\n<meta property=\"og:url\" content=\"https:\/\/provence-materiaux-anciens.com\/fr\/produit\/sols\/dallage-pierre-naturelle\/reedition-dalles-anciennes-bars-de-comps\/\" \/>\n<meta property=\"og:site_name\" content=\"Provence Mat\u00e9riaux Anciens\" \/>\n<meta property=\"article:publisher\" content=\"https:\/\/www.facebook.com\/provencemateriauxanciens\" \/>\n<meta property=\"article:modified_time\" content=\"2024-03-06T08:56:47+00:00\" \/>\n<meta property=\"og:image\" content=\"https:\/\/provence-materiaux-anciens.com\/wp-content\/uploads\/2022\/12\/reedition-dalles-anciennes-Bars-de-Comps04.jpg\" \/>\n\t<meta property=\"og:image:width\" content=\"700\" \/>\n\t<meta property=\"og:image:height\" content=\"700\" \/>\n\t<meta property=\"og:image:type\" content=\"image\/jpeg\" \/>\n<meta name=\"twitter:card\" content=\"summary_large_image\" \/>\n<script type=\"application\/ld+json\" class=\"yoast-schema-graph\">{\"@context\":\"https:\/\/schema.org\",\"@graph\":[{\"@type\":\"WebPage\",\"@id\":\"https:\/\/provence-materiaux-anciens.com\/fr\/produit\/sols\/dallage-pierre-naturelle\/reedition-dalles-anciennes-bars-de-comps\/\",\"url\":\"https:\/\/provence-materiaux-anciens.com\/fr\/produit\/sols\/dallage-pierre-naturelle\/reedition-dalles-anciennes-bars-de-comps\/\",\"name\":\"R\u00e9\u00e9dition dalles anciennes \\\"Bars de Comps\\\" - Provence Mat\u00e9riaux Anciens\",\"isPartOf\":{\"@id\":\"https:\/\/provence-materiaux-anciens.com\/#website\"},\"primaryImageOfPage\":{\"@id\":\"https:\/\/provence-materiaux-anciens.com\/fr\/produit\/sols\/dallage-pierre-naturelle\/reedition-dalles-anciennes-bars-de-comps\/#primaryimage\"},\"image\":{\"@id\":\"https:\/\/provence-materiaux-anciens.com\/fr\/produit\/sols\/dallage-pierre-naturelle\/reedition-dalles-anciennes-bars-de-comps\/#primaryimage\"},\"thumbnailUrl\":\"https:\/\/provence-materiaux-anciens.com\/wp-content\/uploads\/2022\/12\/reedition-dalles-anciennes-Bars-de-Comps04.jpg\",\"datePublished\":\"2022-12-02T18:51:38+00:00\",\"dateModified\":\"2024-03-06T08:56:47+00:00\",\"breadcrumb\":{\"@id\":\"https:\/\/provence-materiaux-anciens.com\/fr\/produit\/sols\/dallage-pierre-naturelle\/reedition-dalles-anciennes-bars-de-comps\/#breadcrumb\"},\"inLanguage\":\"fr-FR\",\"potentialAction\":[{\"@type\":\"ReadAction\",\"target\":[\"https:\/\/provence-materiaux-anciens.com\/fr\/produit\/sols\/dallage-pierre-naturelle\/reedition-dalles-anciennes-bars-de-comps\/\"]}]},{\"@type\":\"ImageObject\",\"inLanguage\":\"fr-FR\",\"@id\":\"https:\/\/provence-materiaux-anciens.com\/fr\/produit\/sols\/dallage-pierre-naturelle\/reedition-dalles-anciennes-bars-de-comps\/#primaryimage\",\"url\":\"https:\/\/provence-materiaux-anciens.com\/wp-content\/uploads\/2022\/12\/reedition-dalles-anciennes-Bars-de-Comps04.jpg\",\"contentUrl\":\"https:\/\/provence-materiaux-anciens.com\/wp-content\/uploads\/2022\/12\/reedition-dalles-anciennes-Bars-de-Comps04.jpg\",\"width\":700,\"height\":700,\"caption\":\"reedition-dalles-anciennes-Bars-de-Comps\"},{\"@type\":\"BreadcrumbList\",\"@id\":\"https:\/\/provence-materiaux-anciens.com\/fr\/produit\/sols\/dallage-pierre-naturelle\/reedition-dalles-anciennes-bars-de-comps\/#breadcrumb\",\"itemListElement\":[{\"@type\":\"ListItem\",\"position\":1,\"name\":\"Accueil\",\"item\":\"https:\/\/provence-materiaux-anciens.com\/fr\/\"},{\"@type\":\"ListItem\",\"position\":2,\"name\":\"Produits\",\"item\":\"https:\/\/provence-materiaux-anciens.com\/produit\/\"},{\"@type\":\"ListItem\",\"position\":3,\"name\":\"R\u00e9\u00e9dition dalles anciennes \u00ab\u00a0Bars de Comps\u00a0\u00bb\"}]},{\"@type\":\"WebSite\",\"@id\":\"https:\/\/provence-materiaux-anciens.com\/#website\",\"url\":\"https:\/\/provence-materiaux-anciens.com\/\",\"name\":\"Provence Mat\u00e9riaux Anciens\",\"description\":\"Achat et vente de mat\u00e9riaux anciens de construction, poutres, tuiles, planchers, charpentes, dallages, terres cuites.\",\"publisher\":{\"@id\":\"https:\/\/provence-materiaux-anciens.com\/#organization\"},\"potentialAction\":[{\"@type\":\"SearchAction\",\"target\":{\"@type\":\"EntryPoint\",\"urlTemplate\":\"https:\/\/provence-materiaux-anciens.com\/?s={search_term_string}\"},\"query-input\":{\"@type\":\"PropertyValueSpecification\",\"valueRequired\":true,\"valueName\":\"search_term_string\"}}],\"inLanguage\":\"fr-FR\"},{\"@type\":\"Organization\",\"@id\":\"https:\/\/provence-materiaux-anciens.com\/#organization\",\"name\":\"Provence Mat\u00e9riaux Anciens\",\"url\":\"https:\/\/provence-materiaux-anciens.com\/\",\"logo\":{\"@type\":\"ImageObject\",\"inLanguage\":\"fr-FR\",\"@id\":\"https:\/\/provence-materiaux-anciens.com\/#\/schema\/logo\/image\/\",\"url\":\"https:\/\/provence-materiaux-anciens.com\/wp-content\/uploads\/2022\/03\/cropped-logo-pma-web.png\",\"contentUrl\":\"https:\/\/provence-materiaux-anciens.com\/wp-content\/uploads\/2022\/03\/cropped-logo-pma-web.png\",\"width\":650,\"height\":434,\"caption\":\"Provence Mat\u00e9riaux Anciens\"},\"image\":{\"@id\":\"https:\/\/provence-materiaux-anciens.com\/#\/schema\/logo\/image\/\"},\"sameAs\":[\"https:\/\/www.facebook.com\/provencemateriauxanciens\",\"https:\/\/www.instagram.com\/provencemateriauxanciens\/\",\"https:\/\/www.pinterest.fr\/provencemateriauxanciens\/\"]}]}<\/script>\n<!-- \/ Yoast SEO Premium plugin. -->","yoast_head_json":{"title":"R\u00e9\u00e9dition dalles anciennes \"Bars de Comps\" - Provence Mat\u00e9riaux Anciens","robots":{"index":"index","follow":"follow","max-snippet":"max-snippet:-1","max-image-preview":"max-image-preview:large","max-video-preview":"max-video-preview:-1"},"canonical":"https:\/\/provence-materiaux-anciens.com\/fr\/produit\/sols\/dallage-pierre-naturelle\/reedition-dalles-anciennes-bars-de-comps\/","og_locale":"fr_FR","og_type":"article","og_title":"R\u00e9\u00e9dition dalles anciennes \"Bars de Comps\"","og_description":"Ref: R\u00e9\u00e9dition dalles anciennes \"Bars de Comps\" (Daln11) R\u00e9\u00e9dition dalles anciennes \"Bars de Comps\". Ce dallage en pierre naturelle est une r\u00e9\u00e9dition du dallage ancien bar blond pour ext\u00e9rieur . Nous produisons ainsi ce dallage calcaire \u00e0 partir de blocs de pierres de r\u00e9cup\u00e9ration exclusivement du Gard. Cette r\u00e9\u00e9dition de dallage ancien peut se poser en int\u00e9rieur ou bien pour une terrasse en dallage.  LONGUEUR: libre  LARGEUR: De 40 \u00e0 50 cm  \u00c9PAISSEUR\u00a0: \u00e0 partir de 3 cm","og_url":"https:\/\/provence-materiaux-anciens.com\/fr\/produit\/sols\/dallage-pierre-naturelle\/reedition-dalles-anciennes-bars-de-comps\/","og_site_name":"Provence Mat\u00e9riaux Anciens","article_publisher":"https:\/\/www.facebook.com\/provencemateriauxanciens","article_modified_time":"2024-03-06T08:56:47+00:00","og_image":[{"width":700,"height":700,"url":"https:\/\/provence-materiaux-anciens.com\/wp-content\/uploads\/2022\/12\/reedition-dalles-anciennes-Bars-de-Comps04.jpg","type":"image\/jpeg"}],"twitter_card":"summary_large_image","schema":{"@context":"https:\/\/schema.org","@graph":[{"@type":"WebPage","@id":"https:\/\/provence-materiaux-anciens.com\/fr\/produit\/sols\/dallage-pierre-naturelle\/reedition-dalles-anciennes-bars-de-comps\/","url":"https:\/\/provence-materiaux-anciens.com\/fr\/produit\/sols\/dallage-pierre-naturelle\/reedition-dalles-anciennes-bars-de-comps\/","name":"R\u00e9\u00e9dition dalles anciennes \"Bars de Comps\" - Provence Mat\u00e9riaux Anciens","isPartOf":{"@id":"https:\/\/provence-materiaux-anciens.com\/#website"},"primaryImageOfPage":{"@id":"https:\/\/provence-materiaux-anciens.com\/fr\/produit\/sols\/dallage-pierre-naturelle\/reedition-dalles-anciennes-bars-de-comps\/#primaryimage"},"image":{"@id":"https:\/\/provence-materiaux-anciens.com\/fr\/produit\/sols\/dallage-pierre-naturelle\/reedition-dalles-anciennes-bars-de-comps\/#primaryimage"},"thumbnailUrl":"https:\/\/provence-materiaux-anciens.com\/wp-content\/uploads\/2022\/12\/reedition-dalles-anciennes-Bars-de-Comps04.jpg","datePublished":"2022-12-02T18:51:38+00:00","dateModified":"2024-03-06T08:56:47+00:00","breadcrumb":{"@id":"https:\/\/provence-materiaux-anciens.com\/fr\/produit\/sols\/dallage-pierre-naturelle\/reedition-dalles-anciennes-bars-de-comps\/#breadcrumb"},"inLanguage":"fr-FR","potentialAction":[{"@type":"ReadAction","target":["https:\/\/provence-materiaux-anciens.com\/fr\/produit\/sols\/dallage-pierre-naturelle\/reedition-dalles-anciennes-bars-de-comps\/"]}]},{"@type":"ImageObject","inLanguage":"fr-FR","@id":"https:\/\/provence-materiaux-anciens.com\/fr\/produit\/sols\/dallage-pierre-naturelle\/reedition-dalles-anciennes-bars-de-comps\/#primaryimage","url":"https:\/\/provence-materiaux-anciens.com\/wp-content\/uploads\/2022\/12\/reedition-dalles-anciennes-Bars-de-Comps04.jpg","contentUrl":"https:\/\/provence-materiaux-anciens.com\/wp-content\/uploads\/2022\/12\/reedition-dalles-anciennes-Bars-de-Comps04.jpg","width":700,"height":700,"caption":"reedition-dalles-anciennes-Bars-de-Comps"},{"@type":"BreadcrumbList","@id":"https:\/\/provence-materiaux-anciens.com\/fr\/produit\/sols\/dallage-pierre-naturelle\/reedition-dalles-anciennes-bars-de-comps\/#breadcrumb","itemListElement":[{"@type":"ListItem","position":1,"name":"Accueil","item":"https:\/\/provence-materiaux-anciens.com\/fr\/"},{"@type":"ListItem","position":2,"name":"Produits","item":"https:\/\/provence-materiaux-anciens.com\/produit\/"},{"@type":"ListItem","position":3,"name":"R\u00e9\u00e9dition dalles anciennes \u00ab\u00a0Bars de Comps\u00a0\u00bb"}]},{"@type":"WebSite","@id":"https:\/\/provence-materiaux-anciens.com\/#website","url":"https:\/\/provence-materiaux-anciens.com\/","name":"Provence Mat\u00e9riaux Anciens","description":"Achat et vente de mat\u00e9riaux anciens de construction, poutres, tuiles, planchers, charpentes, dallages, terres cuites.","publisher":{"@id":"https:\/\/provence-materiaux-anciens.com\/#organization"},"potentialAction":[{"@type":"SearchAction","target":{"@type":"EntryPoint","urlTemplate":"https:\/\/provence-materiaux-anciens.com\/?s={search_term_string}"},"query-input":{"@type":"PropertyValueSpecification","valueRequired":true,"valueName":"search_term_string"}}],"inLanguage":"fr-FR"},{"@type":"Organization","@id":"https:\/\/provence-materiaux-anciens.com\/#organization","name":"Provence Mat\u00e9riaux Anciens","url":"https:\/\/provence-materiaux-anciens.com\/","logo":{"@type":"ImageObject","inLanguage":"fr-FR","@id":"https:\/\/provence-materiaux-anciens.com\/#\/schema\/logo\/image\/","url":"https:\/\/provence-materiaux-anciens.com\/wp-content\/uploads\/2022\/03\/cropped-logo-pma-web.png","contentUrl":"https:\/\/provence-materiaux-anciens.com\/wp-content\/uploads\/2022\/03\/cropped-logo-pma-web.png","width":650,"height":434,"caption":"Provence Mat\u00e9riaux Anciens"},"image":{"@id":"https:\/\/provence-materiaux-anciens.com\/#\/schema\/logo\/image\/"},"sameAs":["https:\/\/www.facebook.com\/provencemateriauxanciens","https:\/\/www.instagram.com\/provencemateriauxanciens\/","https:\/\/www.pinterest.fr\/provencemateriauxanciens\/"]}]}},"_links":{"self":[{"href":"https:\/\/provence-materiaux-anciens.com\/fr\/wp-json\/wp\/v2\/product\/1077","targetHints":{"allow":["GET"]}}],"collection":[{"href":"https:\/\/provence-materiaux-anciens.com\/fr\/wp-json\/wp\/v2\/product"}],"about":[{"href":"https:\/\/provence-materiaux-anciens.com\/fr\/wp-json\/wp\/v2\/types\/product"}],"wp:featuredmedia":[{"embeddable":true,"href":"https:\/\/provence-materiaux-anciens.com\/fr\/wp-json\/wp\/v2\/media\/2148"}],"wp:attachment":[{"href":"https:\/\/provence-materiaux-anciens.com\/fr\/wp-json\/wp\/v2\/media?parent=1077"}],"wp:term":[{"taxonomy":"product_brand","embeddable":true,"href":"https:\/\/provence-materiaux-anciens.com\/fr\/wp-json\/wp\/v2\/product_brand?post=1077"},{"taxonomy":"product_cat","embeddable":true,"href":"https:\/\/provence-materiaux-anciens.com\/fr\/wp-json\/wp\/v2\/product_cat?post=1077"},{"taxonomy":"product_tag","embeddable":true,"href":"https:\/\/provence-materiaux-anciens.com\/fr\/wp-json\/wp\/v2\/product_tag?post=1077"}],"curies":[{"name":"wp","href":"https:\/\/api.w.org\/{rel}","templated":true}]}}