{"id":1086,"date":"2022-12-02T18:51:39","date_gmt":"2022-12-02T18:51:39","guid":{"rendered":"https:\/\/provence-materiaux-anciens.com\/?post_type=product&#038;p=1086"},"modified":"2024-03-06T08:56:47","modified_gmt":"2024-03-06T08:56:47","slug":"paves-de-rue-de-recuperation","status":"publish","type":"product","link":"https:\/\/provence-materiaux-anciens.com\/fr\/produit\/sols\/dallages-anciens\/paves-anciens\/paves-de-rue-de-recuperation\/","title":{"rendered":"Pav\u00e9s de rue de r\u00e9cup\u00e9ration"},"content":{"rendered":"<p><span style=\"font-weight: 400;\">Nos Pav\u00e9s de rue de r\u00e9cup\u00e9ration sont des pav\u00e9s anciens recycl\u00e9s et remodel\u00e9s avec un maximum de soins esth\u00e9tiques. Ces pav\u00e9s apporteront un charme particulier \u00e0 vos espaces ext\u00e9rieurs.<\/span><\/p>\n<h3><span style=\"font-weight: 400;\">D\u00e9couvrez nos Pav\u00e9s de rue de r\u00e9cup\u00e9ration, des pavages anciens pour une d\u00e9coration ext\u00e9rieure hors du commun.<\/span><\/h3>\n<p><span style=\"font-weight: 400;\">Que vous les sollicitez pour cr\u00e9er une ambiance cosy aux abords de la piscine, pour cr\u00e9er un parterre important ou pour structurer un jardin, vous ne serez pas d\u00e9\u00e7u. Ces pav\u00e9s anciens sont une belle option pour cr\u00e9er un am\u00e9nagement paysager unique et charmant.\u00a0<\/span><\/p>\n<p><span style=\"font-weight: 400;\">Vous pourrez vous en servir pour les all\u00e9es de jardins, les entr\u00e9es de garage, les patios, les all\u00e9es pi\u00e9tonnes, les terrasses et m\u00eame les trottoirs. Ils s\u2019associent \u00e0 tout style architectural. De ce fait, ils sont convenables tant pour ceux qui aimeraient cr\u00e9er un espace ext\u00e9rieur rustique que moderne.<\/span><\/p>\n<h3><span style=\"font-weight: 400;\">Des pav\u00e9s anciens pour cr\u00e9er des espaces ext\u00e9rieurs 100% naturels et \u00e9cologiques<\/span><\/h3>\n<p><span style=\"font-weight: 400;\">Nos Pav\u00e9s de rue de r\u00e9cup\u00e9ration sont fabriqu\u00e9s en France. Ce sont des rev\u00eatements de sol respectueux de l\u2019environnement tant dans leur processus de fabrication que de recyclage. Nous avons choisi de les r\u00e9cup\u00e9rer afin de contribuer \u00e0 la pr\u00e9servation des ressources naturelles et \u00e0 la r\u00e9duction des d\u00e9chets.\u00a0<\/span><\/p>\n<p><span style=\"font-weight: 400;\">De plus, ils sont tr\u00e8s robustes et durables, parfaits pour rev\u00eatir le sol de vos espaces ext\u00e9rieurs. D\u2019ailleurs, ils peuvent \u00eatre une solution pour pallier les probl\u00e8mes d\u2019inondation dans les jardins. En effet, ce sont des pav\u00e9s recommand\u00e9s pour drainer les eaux afin de d\u00e9barrasser les all\u00e9es des eaux stagnantes.<\/span><\/p>\n<p><span style=\"font-weight: 400;\">Nos pav\u00e9s de rue de r\u00e9cup\u00e9ration sont antid\u00e9rapants. Ainsi vous pouvez les utiliser pour les all\u00e9es pi\u00e9tonnes de votre logement. Ils sont aussi tr\u00e8s appr\u00e9ci\u00e9s pour leur solidit\u00e9 et leur r\u00e9sistance face aux conditions climatiques. Choisir nos Pav\u00e9s de rue de r\u00e9cup\u00e9ration, c\u2019est opter pour des mat\u00e9riaux qui ont d\u00e9j\u00e0 fait leurs preuves sur le long terme.<\/span><\/p>\n<p><span style=\"font-weight: 400;\">Craquez pour nos Pav\u00e9s de rue de r\u00e9cup\u00e9ration pour retrouver le charme des anciennes rues pi\u00e9tonnes et ajouter une touche d\u2019authenticit\u00e9 \u00e0 vos espaces ext\u00e9rieurs.<\/span><\/p>\n","protected":false},"excerpt":{"rendered":"<h2><strong>Ref: <\/strong>Pav\u00e9s de rue de r\u00e9cup\u00e9ration (Pav03)<\/h2>\n<p>Pav\u00e9s de rue de r\u00e9cup\u00e9ration disponible selon arrivages. Nos vieux pav\u00e9s de r\u00e9cup\u00e9ration transmettent une grande authenticit\u00e9 \u00e0 vos ext\u00e9rieurs. Les pav\u00e9s anciens permettent de retrouver le charme des vieilles rues pi\u00e9tonnes. Les pav\u00e9s de rue anciens sont pr\u00eat-a-poser.<\/p>\n<p><b>Dimension<\/b> : 15 x 15 cm<\/p>\n<p><b>\u00c9paisseur<\/b> : 12 &#8211; 15 cm<\/p>\n<p><b>Disponibilit\u00e9<\/b> : Al\u00e9atoire, n&rsquo;h\u00e9sitez pas \u00e0 nous<a href=\"https:\/\/provence-materiaux-anciens.com\/contact\/\"> contacter<\/a> si vous souhaitez savoir la disponibilit\u00e9 du produit<\/p>\n","protected":false},"featured_media":1605,"template":"","meta":{"_monsterinsights_skip_tracking":false,"_monsterinsights_sitenote_active":false,"_monsterinsights_sitenote_note":"","_monsterinsights_sitenote_category":0},"product_brand":[],"product_cat":[36,40,32],"product_tag":[],"class_list":{"0":"post-1086","1":"product","2":"type-product","3":"status-publish","4":"has-post-thumbnail","6":"product_cat-dallages-anciens","7":"product_cat-paves-anciens","8":"product_cat-sols","10":"first","11":"instock","12":"shipping-taxable","13":"product-type-simple"},"yoast_head":"<!-- This site is optimized with the Yoast SEO Premium plugin v22.1 (Yoast SEO v24.6) - https:\/\/yoast.com\/wordpress\/plugins\/seo\/ -->\n<title>Pav\u00e9s de rue de r\u00e9cup\u00e9ration - Provence Mat\u00e9riaux Anciens<\/title>\n<meta name=\"robots\" content=\"index, follow, max-snippet:-1, max-image-preview:large, max-video-preview:-1\" \/>\n<link rel=\"canonical\" href=\"https:\/\/provence-materiaux-anciens.com\/fr\/produit\/sols\/dallages-anciens\/paves-anciens\/paves-de-rue-de-recuperation\/\" \/>\n<meta property=\"og:locale\" content=\"fr_FR\" \/>\n<meta property=\"og:type\" content=\"article\" \/>\n<meta property=\"og:title\" content=\"Pav\u00e9s de rue de r\u00e9cup\u00e9ration\" \/>\n<meta property=\"og:description\" content=\"Ref: Pav\u00e9s de rue de r\u00e9cup\u00e9ration (Pav03) Pav\u00e9s de rue de r\u00e9cup\u00e9ration disponible selon arrivages. Nos vieux pav\u00e9s de r\u00e9cup\u00e9ration transmettent une grande authenticit\u00e9 \u00e0 vos ext\u00e9rieurs. Les pav\u00e9s anciens permettent de retrouver le charme des vieilles rues pi\u00e9tonnes. Les pav\u00e9s de rue anciens sont pr\u00eat-a-poser.  Dimension : 15 x 15 cm  \u00c9paisseur : 12 - 15 cm  Disponibilit\u00e9 : Al\u00e9atoire, n&#039;h\u00e9sitez pas \u00e0 nous contacter si vous souhaitez savoir la disponibilit\u00e9 du produit\" \/>\n<meta property=\"og:url\" content=\"https:\/\/provence-materiaux-anciens.com\/fr\/produit\/sols\/dallages-anciens\/paves-anciens\/paves-de-rue-de-recuperation\/\" \/>\n<meta property=\"og:site_name\" content=\"Provence Mat\u00e9riaux Anciens\" \/>\n<meta property=\"article:publisher\" content=\"https:\/\/www.facebook.com\/provencemateriauxanciens\" \/>\n<meta property=\"article:modified_time\" content=\"2024-03-06T08:56:47+00:00\" \/>\n<meta property=\"og:image\" content=\"https:\/\/provence-materiaux-anciens.com\/wp-content\/uploads\/2022\/12\/paves-de-rue-de-recuperation01.jpg\" \/>\n\t<meta property=\"og:image:width\" content=\"700\" \/>\n\t<meta property=\"og:image:height\" content=\"700\" \/>\n\t<meta property=\"og:image:type\" content=\"image\/jpeg\" \/>\n<meta name=\"twitter:card\" content=\"summary_large_image\" \/>\n<meta name=\"twitter:label1\" content=\"Dur\u00e9e de lecture estim\u00e9e\" \/>\n\t<meta name=\"twitter:data1\" content=\"2 minutes\" \/>\n<script type=\"application\/ld+json\" class=\"yoast-schema-graph\">{\"@context\":\"https:\/\/schema.org\",\"@graph\":[{\"@type\":\"WebPage\",\"@id\":\"https:\/\/provence-materiaux-anciens.com\/fr\/produit\/sols\/dallages-anciens\/paves-anciens\/paves-de-rue-de-recuperation\/\",\"url\":\"https:\/\/provence-materiaux-anciens.com\/fr\/produit\/sols\/dallages-anciens\/paves-anciens\/paves-de-rue-de-recuperation\/\",\"name\":\"Pav\u00e9s de rue de r\u00e9cup\u00e9ration - Provence Mat\u00e9riaux Anciens\",\"isPartOf\":{\"@id\":\"https:\/\/provence-materiaux-anciens.com\/#website\"},\"primaryImageOfPage\":{\"@id\":\"https:\/\/provence-materiaux-anciens.com\/fr\/produit\/sols\/dallages-anciens\/paves-anciens\/paves-de-rue-de-recuperation\/#primaryimage\"},\"image\":{\"@id\":\"https:\/\/provence-materiaux-anciens.com\/fr\/produit\/sols\/dallages-anciens\/paves-anciens\/paves-de-rue-de-recuperation\/#primaryimage\"},\"thumbnailUrl\":\"https:\/\/provence-materiaux-anciens.com\/wp-content\/uploads\/2022\/12\/paves-de-rue-de-recuperation01.jpg\",\"datePublished\":\"2022-12-02T18:51:39+00:00\",\"dateModified\":\"2024-03-06T08:56:47+00:00\",\"breadcrumb\":{\"@id\":\"https:\/\/provence-materiaux-anciens.com\/fr\/produit\/sols\/dallages-anciens\/paves-anciens\/paves-de-rue-de-recuperation\/#breadcrumb\"},\"inLanguage\":\"fr-FR\",\"potentialAction\":[{\"@type\":\"ReadAction\",\"target\":[\"https:\/\/provence-materiaux-anciens.com\/fr\/produit\/sols\/dallages-anciens\/paves-anciens\/paves-de-rue-de-recuperation\/\"]}]},{\"@type\":\"ImageObject\",\"inLanguage\":\"fr-FR\",\"@id\":\"https:\/\/provence-materiaux-anciens.com\/fr\/produit\/sols\/dallages-anciens\/paves-anciens\/paves-de-rue-de-recuperation\/#primaryimage\",\"url\":\"https:\/\/provence-materiaux-anciens.com\/wp-content\/uploads\/2022\/12\/paves-de-rue-de-recuperation01.jpg\",\"contentUrl\":\"https:\/\/provence-materiaux-anciens.com\/wp-content\/uploads\/2022\/12\/paves-de-rue-de-recuperation01.jpg\",\"width\":700,\"height\":700,\"caption\":\"paves-de-rue-de-recuperation01\"},{\"@type\":\"BreadcrumbList\",\"@id\":\"https:\/\/provence-materiaux-anciens.com\/fr\/produit\/sols\/dallages-anciens\/paves-anciens\/paves-de-rue-de-recuperation\/#breadcrumb\",\"itemListElement\":[{\"@type\":\"ListItem\",\"position\":1,\"name\":\"Accueil\",\"item\":\"https:\/\/provence-materiaux-anciens.com\/fr\/\"},{\"@type\":\"ListItem\",\"position\":2,\"name\":\"Produits\",\"item\":\"https:\/\/provence-materiaux-anciens.com\/produit\/\"},{\"@type\":\"ListItem\",\"position\":3,\"name\":\"Pav\u00e9s de rue de r\u00e9cup\u00e9ration\"}]},{\"@type\":\"WebSite\",\"@id\":\"https:\/\/provence-materiaux-anciens.com\/#website\",\"url\":\"https:\/\/provence-materiaux-anciens.com\/\",\"name\":\"Provence Mat\u00e9riaux Anciens\",\"description\":\"Achat et vente de mat\u00e9riaux anciens de construction, poutres, tuiles, planchers, charpentes, dallages, terres cuites.\",\"publisher\":{\"@id\":\"https:\/\/provence-materiaux-anciens.com\/#organization\"},\"potentialAction\":[{\"@type\":\"SearchAction\",\"target\":{\"@type\":\"EntryPoint\",\"urlTemplate\":\"https:\/\/provence-materiaux-anciens.com\/?s={search_term_string}\"},\"query-input\":{\"@type\":\"PropertyValueSpecification\",\"valueRequired\":true,\"valueName\":\"search_term_string\"}}],\"inLanguage\":\"fr-FR\"},{\"@type\":\"Organization\",\"@id\":\"https:\/\/provence-materiaux-anciens.com\/#organization\",\"name\":\"Provence Mat\u00e9riaux Anciens\",\"url\":\"https:\/\/provence-materiaux-anciens.com\/\",\"logo\":{\"@type\":\"ImageObject\",\"inLanguage\":\"fr-FR\",\"@id\":\"https:\/\/provence-materiaux-anciens.com\/#\/schema\/logo\/image\/\",\"url\":\"https:\/\/provence-materiaux-anciens.com\/wp-content\/uploads\/2022\/03\/cropped-logo-pma-web.png\",\"contentUrl\":\"https:\/\/provence-materiaux-anciens.com\/wp-content\/uploads\/2022\/03\/cropped-logo-pma-web.png\",\"width\":650,\"height\":434,\"caption\":\"Provence Mat\u00e9riaux Anciens\"},\"image\":{\"@id\":\"https:\/\/provence-materiaux-anciens.com\/#\/schema\/logo\/image\/\"},\"sameAs\":[\"https:\/\/www.facebook.com\/provencemateriauxanciens\",\"https:\/\/www.instagram.com\/provencemateriauxanciens\/\",\"https:\/\/www.pinterest.fr\/provencemateriauxanciens\/\"]}]}<\/script>\n<!-- \/ Yoast SEO Premium plugin. -->","yoast_head_json":{"title":"Pav\u00e9s de rue de r\u00e9cup\u00e9ration - Provence Mat\u00e9riaux Anciens","robots":{"index":"index","follow":"follow","max-snippet":"max-snippet:-1","max-image-preview":"max-image-preview:large","max-video-preview":"max-video-preview:-1"},"canonical":"https:\/\/provence-materiaux-anciens.com\/fr\/produit\/sols\/dallages-anciens\/paves-anciens\/paves-de-rue-de-recuperation\/","og_locale":"fr_FR","og_type":"article","og_title":"Pav\u00e9s de rue de r\u00e9cup\u00e9ration","og_description":"Ref: Pav\u00e9s de rue de r\u00e9cup\u00e9ration (Pav03) Pav\u00e9s de rue de r\u00e9cup\u00e9ration disponible selon arrivages. Nos vieux pav\u00e9s de r\u00e9cup\u00e9ration transmettent une grande authenticit\u00e9 \u00e0 vos ext\u00e9rieurs. Les pav\u00e9s anciens permettent de retrouver le charme des vieilles rues pi\u00e9tonnes. Les pav\u00e9s de rue anciens sont pr\u00eat-a-poser.  Dimension : 15 x 15 cm  \u00c9paisseur : 12 - 15 cm  Disponibilit\u00e9 : Al\u00e9atoire, n'h\u00e9sitez pas \u00e0 nous contacter si vous souhaitez savoir la disponibilit\u00e9 du produit","og_url":"https:\/\/provence-materiaux-anciens.com\/fr\/produit\/sols\/dallages-anciens\/paves-anciens\/paves-de-rue-de-recuperation\/","og_site_name":"Provence Mat\u00e9riaux Anciens","article_publisher":"https:\/\/www.facebook.com\/provencemateriauxanciens","article_modified_time":"2024-03-06T08:56:47+00:00","og_image":[{"width":700,"height":700,"url":"https:\/\/provence-materiaux-anciens.com\/wp-content\/uploads\/2022\/12\/paves-de-rue-de-recuperation01.jpg","type":"image\/jpeg"}],"twitter_card":"summary_large_image","twitter_misc":{"Dur\u00e9e de lecture estim\u00e9e":"2 minutes"},"schema":{"@context":"https:\/\/schema.org","@graph":[{"@type":"WebPage","@id":"https:\/\/provence-materiaux-anciens.com\/fr\/produit\/sols\/dallages-anciens\/paves-anciens\/paves-de-rue-de-recuperation\/","url":"https:\/\/provence-materiaux-anciens.com\/fr\/produit\/sols\/dallages-anciens\/paves-anciens\/paves-de-rue-de-recuperation\/","name":"Pav\u00e9s de rue de r\u00e9cup\u00e9ration - Provence Mat\u00e9riaux Anciens","isPartOf":{"@id":"https:\/\/provence-materiaux-anciens.com\/#website"},"primaryImageOfPage":{"@id":"https:\/\/provence-materiaux-anciens.com\/fr\/produit\/sols\/dallages-anciens\/paves-anciens\/paves-de-rue-de-recuperation\/#primaryimage"},"image":{"@id":"https:\/\/provence-materiaux-anciens.com\/fr\/produit\/sols\/dallages-anciens\/paves-anciens\/paves-de-rue-de-recuperation\/#primaryimage"},"thumbnailUrl":"https:\/\/provence-materiaux-anciens.com\/wp-content\/uploads\/2022\/12\/paves-de-rue-de-recuperation01.jpg","datePublished":"2022-12-02T18:51:39+00:00","dateModified":"2024-03-06T08:56:47+00:00","breadcrumb":{"@id":"https:\/\/provence-materiaux-anciens.com\/fr\/produit\/sols\/dallages-anciens\/paves-anciens\/paves-de-rue-de-recuperation\/#breadcrumb"},"inLanguage":"fr-FR","potentialAction":[{"@type":"ReadAction","target":["https:\/\/provence-materiaux-anciens.com\/fr\/produit\/sols\/dallages-anciens\/paves-anciens\/paves-de-rue-de-recuperation\/"]}]},{"@type":"ImageObject","inLanguage":"fr-FR","@id":"https:\/\/provence-materiaux-anciens.com\/fr\/produit\/sols\/dallages-anciens\/paves-anciens\/paves-de-rue-de-recuperation\/#primaryimage","url":"https:\/\/provence-materiaux-anciens.com\/wp-content\/uploads\/2022\/12\/paves-de-rue-de-recuperation01.jpg","contentUrl":"https:\/\/provence-materiaux-anciens.com\/wp-content\/uploads\/2022\/12\/paves-de-rue-de-recuperation01.jpg","width":700,"height":700,"caption":"paves-de-rue-de-recuperation01"},{"@type":"BreadcrumbList","@id":"https:\/\/provence-materiaux-anciens.com\/fr\/produit\/sols\/dallages-anciens\/paves-anciens\/paves-de-rue-de-recuperation\/#breadcrumb","itemListElement":[{"@type":"ListItem","position":1,"name":"Accueil","item":"https:\/\/provence-materiaux-anciens.com\/fr\/"},{"@type":"ListItem","position":2,"name":"Produits","item":"https:\/\/provence-materiaux-anciens.com\/produit\/"},{"@type":"ListItem","position":3,"name":"Pav\u00e9s de rue de r\u00e9cup\u00e9ration"}]},{"@type":"WebSite","@id":"https:\/\/provence-materiaux-anciens.com\/#website","url":"https:\/\/provence-materiaux-anciens.com\/","name":"Provence Mat\u00e9riaux Anciens","description":"Achat et vente de mat\u00e9riaux anciens de construction, poutres, tuiles, planchers, charpentes, dallages, terres cuites.","publisher":{"@id":"https:\/\/provence-materiaux-anciens.com\/#organization"},"potentialAction":[{"@type":"SearchAction","target":{"@type":"EntryPoint","urlTemplate":"https:\/\/provence-materiaux-anciens.com\/?s={search_term_string}"},"query-input":{"@type":"PropertyValueSpecification","valueRequired":true,"valueName":"search_term_string"}}],"inLanguage":"fr-FR"},{"@type":"Organization","@id":"https:\/\/provence-materiaux-anciens.com\/#organization","name":"Provence Mat\u00e9riaux Anciens","url":"https:\/\/provence-materiaux-anciens.com\/","logo":{"@type":"ImageObject","inLanguage":"fr-FR","@id":"https:\/\/provence-materiaux-anciens.com\/#\/schema\/logo\/image\/","url":"https:\/\/provence-materiaux-anciens.com\/wp-content\/uploads\/2022\/03\/cropped-logo-pma-web.png","contentUrl":"https:\/\/provence-materiaux-anciens.com\/wp-content\/uploads\/2022\/03\/cropped-logo-pma-web.png","width":650,"height":434,"caption":"Provence Mat\u00e9riaux Anciens"},"image":{"@id":"https:\/\/provence-materiaux-anciens.com\/#\/schema\/logo\/image\/"},"sameAs":["https:\/\/www.facebook.com\/provencemateriauxanciens","https:\/\/www.instagram.com\/provencemateriauxanciens\/","https:\/\/www.pinterest.fr\/provencemateriauxanciens\/"]}]}},"_links":{"self":[{"href":"https:\/\/provence-materiaux-anciens.com\/fr\/wp-json\/wp\/v2\/product\/1086","targetHints":{"allow":["GET"]}}],"collection":[{"href":"https:\/\/provence-materiaux-anciens.com\/fr\/wp-json\/wp\/v2\/product"}],"about":[{"href":"https:\/\/provence-materiaux-anciens.com\/fr\/wp-json\/wp\/v2\/types\/product"}],"wp:featuredmedia":[{"embeddable":true,"href":"https:\/\/provence-materiaux-anciens.com\/fr\/wp-json\/wp\/v2\/media\/1605"}],"wp:attachment":[{"href":"https:\/\/provence-materiaux-anciens.com\/fr\/wp-json\/wp\/v2\/media?parent=1086"}],"wp:term":[{"taxonomy":"product_brand","embeddable":true,"href":"https:\/\/provence-materiaux-anciens.com\/fr\/wp-json\/wp\/v2\/product_brand?post=1086"},{"taxonomy":"product_cat","embeddable":true,"href":"https:\/\/provence-materiaux-anciens.com\/fr\/wp-json\/wp\/v2\/product_cat?post=1086"},{"taxonomy":"product_tag","embeddable":true,"href":"https:\/\/provence-materiaux-anciens.com\/fr\/wp-json\/wp\/v2\/product_tag?post=1086"}],"curies":[{"name":"wp","href":"https:\/\/api.w.org\/{rel}","templated":true}]}}