{"id":1087,"date":"2022-12-02T18:51:42","date_gmt":"2022-12-02T18:51:42","guid":{"rendered":"https:\/\/provence-materiaux-anciens.com\/?post_type=product&#038;p=1087"},"modified":"2024-03-06T08:56:46","modified_gmt":"2024-03-06T08:56:46","slug":"paves-anciens-en-pierre-calcaire","status":"publish","type":"product","link":"https:\/\/provence-materiaux-anciens.com\/fr\/produit\/sols\/dallages-anciens\/paves-anciens\/paves-anciens-en-pierre-calcaire\/","title":{"rendered":"Pav\u00e9s anciens en pierre calcaire"},"content":{"rendered":"<p><span style=\"font-weight: 400;\">Cr\u00e9ez un espace ext\u00e9rieur rustique et unique avec nos Pav\u00e9s anciens en pierre calcaire.<\/span><\/p>\n<h3><span style=\"font-weight: 400;\">Des pav\u00e9s anciens pour donner un charme naturel \u00e0 vos ext\u00e9rieurs<\/span><\/h3>\n<p><span style=\"font-weight: 400;\">Nos Pav\u00e9s anciens sont faits \u00e0 base de pierre calcaire. Ils sont faciles \u00e0 assembler et ils donneront un c\u00f4t\u00e9 chaleureux \u00e0 vos ext\u00e9rieurs. Vous pouvez les utiliser pour la cour ext\u00e9rieure arri\u00e8re ou avant de votre logement. Ces pav\u00e9s anciens seront aussi parfaits pour les garages ext\u00e9rieurs et pour le jardin. Ce sont \u00e9galement de v\u00e9ritables p\u00e9pites en mati\u00e8re d\u2019am\u00e9nagement paysager. Ils peuvent \u00eatre associ\u00e9s \u00e0 d\u2019autres mat\u00e9riaux pour une d\u00e9coration unique et styl\u00e9e. En effet, ces pav\u00e9s anciens peuvent \u00eatre assembl\u00e9s \u00e0 une d\u00e9coration ext\u00e9rieure moderne, vintage, traditionnelle et bien d\u2019autres.<\/span><\/p>\n<h3><span style=\"font-weight: 400;\">Optez pour des pav\u00e9s r\u00e9sistants \u00e0 l\u2019usure et \u00e9cologiques<\/span><\/h3>\n<p><span style=\"font-weight: 400;\">Nos Pav\u00e9s anciens en pierre calcaire sont faits \u00e0 base de mat\u00e9riaux naturels, soit la pierre calcaire. Ce mat\u00e9riau est reconnu pour sa r\u00e9sistance aux intemp\u00e9ries et sa durabilit\u00e9. Nos pav\u00e9s en pierre calcaire sont donc tr\u00e8s r\u00e9sistants \u00e0 l\u2019usure. D\u2019ailleurs, ils sont tellement solides qu\u2019ils peuvent supporter le passage de v\u00e9hicules l\u00e9gers et le trafic pi\u00e9tonnier.<\/span><\/p>\n<p><span style=\"font-weight: 400;\">Choisir des pav\u00e9s anciens en pierre calcaire, c\u2019est aussi faire un geste pour l\u2019environnement. Nos pav\u00e9s anciens particuli\u00e8rement ont \u00e9t\u00e9 r\u00e9cup\u00e9r\u00e9s dans d\u2019anciennes \u00e9curies. Nous n\u2019avons donc pas eu besoin d\u2019utiliser de nouvelles ressources naturelles pour les fabriquer, ce qui est b\u00e9n\u00e9fique pour la pr\u00e9servation de l\u2019\u00e9cosyst\u00e8me.<\/span><\/p>\n<p><span style=\"font-weight: 400;\">Un autre atout positif de nos pav\u00e9s anciens en pierre est qu\u2019ils sont tr\u00e8s faciles \u00e0 entretenir. Vous pouvez les nettoyer avec de l\u2019eau et des produits de nettoyage doux. De plus, en cas d\u2019usure d\u2019un pav\u00e9 en particulier, il est possible de le remplacer individuellement sans avoir besoin de refaire toute la surface.<\/span><\/p>\n<p><span style=\"font-weight: 400;\">Augmentez la valeur esth\u00e9tique et financi\u00e8re de votre domicile gr\u00e2ce \u00e0 nos Pav\u00e9s anciens en pierre calcaire, des pav\u00e9s faits \u00e0 base de mat\u00e9riaux de haute qualit\u00e9.<\/span><\/p>\n","protected":false},"excerpt":{"rendered":"<h2><strong>Ref: <\/strong>Pav\u00e9s anciens en pierre calcaire d&rsquo;\u00e9curie (Pav02)<\/h2>\n<ul>\n<li><strong>Dimensions :<\/strong> 10 &#8211; 18 cm<\/li>\n<li><b>Disponibilit\u00e9<\/b> : Al\u00e9atoire, n&rsquo;h\u00e9sitez pas \u00e0 nous<a href=\"https:\/\/provence-materiaux-anciens.com\/contact\/\"> contacter<\/a> si vous souhaitez savoir la disponibilit\u00e9 du produit<\/li>\n<\/ul>\n<p>Les pav\u00e9s anciens en pierre calcaire d&rsquo;\u00e9curie sont disponibles selon les arrivages. Ces pav\u00e9s de r\u00e9cup\u00e9ration proviennent d&rsquo;\u00e9curies anciennes. Les vieux pav\u00e9s ont une patine fa\u00e7onn\u00e9e par le temps. Les pav\u00e9s anciens en pierre calcaire apportent une authenticit\u00e9 unique \u00e0 vos ext\u00e9rieurs. Les pav\u00e9s de r\u00e9cup\u00e9ration calcaire supportent le passage de v\u00e9hicules.<\/p>\n<p>&nbsp;<\/p>\n","protected":false},"featured_media":1612,"template":"","meta":{"_monsterinsights_skip_tracking":false,"_monsterinsights_sitenote_active":false,"_monsterinsights_sitenote_note":"","_monsterinsights_sitenote_category":0},"product_brand":[],"product_cat":[36,40,32],"product_tag":[],"class_list":{"0":"post-1087","1":"product","2":"type-product","3":"status-publish","4":"has-post-thumbnail","6":"product_cat-dallages-anciens","7":"product_cat-paves-anciens","8":"product_cat-sols","10":"first","11":"instock","12":"shipping-taxable","13":"product-type-simple"},"yoast_head":"<!-- This site is optimized with the Yoast SEO Premium plugin v22.1 (Yoast SEO v24.6) - https:\/\/yoast.com\/wordpress\/plugins\/seo\/ -->\n<title>Pav\u00e9s anciens en pierre calcaire - Provence Mat\u00e9riaux Anciens<\/title>\n<meta name=\"robots\" content=\"index, follow, max-snippet:-1, max-image-preview:large, max-video-preview:-1\" \/>\n<link rel=\"canonical\" href=\"https:\/\/provence-materiaux-anciens.com\/fr\/produit\/sols\/dallages-anciens\/paves-anciens\/paves-anciens-en-pierre-calcaire\/\" \/>\n<meta property=\"og:locale\" content=\"fr_FR\" \/>\n<meta property=\"og:type\" content=\"article\" \/>\n<meta property=\"og:title\" content=\"Pav\u00e9s anciens en pierre calcaire\" \/>\n<meta property=\"og:description\" content=\"Ref: Pav\u00e9s anciens en pierre calcaire d&#039;\u00e9curie (Pav02)   Dimensions : 10 - 18 cm  Disponibilit\u00e9 : Al\u00e9atoire, n&#039;h\u00e9sitez pas \u00e0 nous contacter si vous souhaitez savoir la disponibilit\u00e9 du produit  Les pav\u00e9s anciens en pierre calcaire d&#039;\u00e9curie sont disponibles selon les arrivages. Ces pav\u00e9s de r\u00e9cup\u00e9ration proviennent d&#039;\u00e9curies anciennes. Les vieux pav\u00e9s ont une patine fa\u00e7onn\u00e9e par le temps. Les pav\u00e9s anciens en pierre calcaire apportent une authenticit\u00e9 unique \u00e0 vos ext\u00e9rieurs. Les pav\u00e9s de r\u00e9cup\u00e9ration calcaire supportent le passage de v\u00e9hicules.  &nbsp;\" \/>\n<meta property=\"og:url\" content=\"https:\/\/provence-materiaux-anciens.com\/fr\/produit\/sols\/dallages-anciens\/paves-anciens\/paves-anciens-en-pierre-calcaire\/\" \/>\n<meta property=\"og:site_name\" content=\"Provence Mat\u00e9riaux Anciens\" \/>\n<meta property=\"article:publisher\" content=\"https:\/\/www.facebook.com\/provencemateriauxanciens\" \/>\n<meta property=\"article:modified_time\" content=\"2024-03-06T08:56:46+00:00\" \/>\n<meta property=\"og:image\" content=\"https:\/\/provence-materiaux-anciens.com\/wp-content\/uploads\/2022\/12\/paves-anciens-en-pierre-calcaire01.jpg\" \/>\n\t<meta property=\"og:image:width\" content=\"700\" \/>\n\t<meta property=\"og:image:height\" content=\"700\" \/>\n\t<meta property=\"og:image:type\" content=\"image\/jpeg\" \/>\n<meta name=\"twitter:card\" content=\"summary_large_image\" \/>\n<meta name=\"twitter:label1\" content=\"Dur\u00e9e de lecture estim\u00e9e\" \/>\n\t<meta name=\"twitter:data1\" content=\"2 minutes\" \/>\n<script type=\"application\/ld+json\" class=\"yoast-schema-graph\">{\"@context\":\"https:\/\/schema.org\",\"@graph\":[{\"@type\":\"WebPage\",\"@id\":\"https:\/\/provence-materiaux-anciens.com\/produit\/sols\/dallages-anciens\/paves-anciens\/paves-anciens-en-pierre-calcaire\/\",\"url\":\"https:\/\/provence-materiaux-anciens.com\/produit\/sols\/dallages-anciens\/paves-anciens\/paves-anciens-en-pierre-calcaire\/\",\"name\":\"Pav\u00e9s anciens en pierre calcaire - Provence Mat\u00e9riaux Anciens\",\"isPartOf\":{\"@id\":\"https:\/\/provence-materiaux-anciens.com\/#website\"},\"primaryImageOfPage\":{\"@id\":\"https:\/\/provence-materiaux-anciens.com\/produit\/sols\/dallages-anciens\/paves-anciens\/paves-anciens-en-pierre-calcaire\/#primaryimage\"},\"image\":{\"@id\":\"https:\/\/provence-materiaux-anciens.com\/produit\/sols\/dallages-anciens\/paves-anciens\/paves-anciens-en-pierre-calcaire\/#primaryimage\"},\"thumbnailUrl\":\"https:\/\/provence-materiaux-anciens.com\/wp-content\/uploads\/2022\/12\/paves-anciens-en-pierre-calcaire01.jpg\",\"datePublished\":\"2022-12-02T18:51:42+00:00\",\"dateModified\":\"2024-03-06T08:56:46+00:00\",\"breadcrumb\":{\"@id\":\"https:\/\/provence-materiaux-anciens.com\/produit\/sols\/dallages-anciens\/paves-anciens\/paves-anciens-en-pierre-calcaire\/#breadcrumb\"},\"inLanguage\":\"fr-FR\",\"potentialAction\":[{\"@type\":\"ReadAction\",\"target\":[\"https:\/\/provence-materiaux-anciens.com\/produit\/sols\/dallages-anciens\/paves-anciens\/paves-anciens-en-pierre-calcaire\/\"]}]},{\"@type\":\"ImageObject\",\"inLanguage\":\"fr-FR\",\"@id\":\"https:\/\/provence-materiaux-anciens.com\/produit\/sols\/dallages-anciens\/paves-anciens\/paves-anciens-en-pierre-calcaire\/#primaryimage\",\"url\":\"https:\/\/provence-materiaux-anciens.com\/wp-content\/uploads\/2022\/12\/paves-anciens-en-pierre-calcaire01.jpg\",\"contentUrl\":\"https:\/\/provence-materiaux-anciens.com\/wp-content\/uploads\/2022\/12\/paves-anciens-en-pierre-calcaire01.jpg\",\"width\":700,\"height\":700,\"caption\":\"paves-anciens-en-pierre-calcaire01\"},{\"@type\":\"BreadcrumbList\",\"@id\":\"https:\/\/provence-materiaux-anciens.com\/produit\/sols\/dallages-anciens\/paves-anciens\/paves-anciens-en-pierre-calcaire\/#breadcrumb\",\"itemListElement\":[{\"@type\":\"ListItem\",\"position\":1,\"name\":\"Accueil\",\"item\":\"https:\/\/provence-materiaux-anciens.com\/fr\/\"},{\"@type\":\"ListItem\",\"position\":2,\"name\":\"Produits\",\"item\":\"https:\/\/provence-materiaux-anciens.com\/produit\/\"},{\"@type\":\"ListItem\",\"position\":3,\"name\":\"Pav\u00e9s anciens en pierre calcaire\"}]},{\"@type\":\"WebSite\",\"@id\":\"https:\/\/provence-materiaux-anciens.com\/#website\",\"url\":\"https:\/\/provence-materiaux-anciens.com\/\",\"name\":\"Provence Mat\u00e9riaux Anciens\",\"description\":\"Achat et vente de mat\u00e9riaux anciens de construction, poutres, tuiles, planchers, charpentes, dallages, terres cuites.\",\"publisher\":{\"@id\":\"https:\/\/provence-materiaux-anciens.com\/#organization\"},\"potentialAction\":[{\"@type\":\"SearchAction\",\"target\":{\"@type\":\"EntryPoint\",\"urlTemplate\":\"https:\/\/provence-materiaux-anciens.com\/?s={search_term_string}\"},\"query-input\":{\"@type\":\"PropertyValueSpecification\",\"valueRequired\":true,\"valueName\":\"search_term_string\"}}],\"inLanguage\":\"fr-FR\"},{\"@type\":\"Organization\",\"@id\":\"https:\/\/provence-materiaux-anciens.com\/#organization\",\"name\":\"Provence Mat\u00e9riaux Anciens\",\"url\":\"https:\/\/provence-materiaux-anciens.com\/\",\"logo\":{\"@type\":\"ImageObject\",\"inLanguage\":\"fr-FR\",\"@id\":\"https:\/\/provence-materiaux-anciens.com\/#\/schema\/logo\/image\/\",\"url\":\"https:\/\/provence-materiaux-anciens.com\/wp-content\/uploads\/2022\/03\/cropped-logo-pma-web.png\",\"contentUrl\":\"https:\/\/provence-materiaux-anciens.com\/wp-content\/uploads\/2022\/03\/cropped-logo-pma-web.png\",\"width\":650,\"height\":434,\"caption\":\"Provence Mat\u00e9riaux Anciens\"},\"image\":{\"@id\":\"https:\/\/provence-materiaux-anciens.com\/#\/schema\/logo\/image\/\"},\"sameAs\":[\"https:\/\/www.facebook.com\/provencemateriauxanciens\",\"https:\/\/www.instagram.com\/provencemateriauxanciens\/\",\"https:\/\/www.pinterest.fr\/provencemateriauxanciens\/\"]}]}<\/script>\n<!-- \/ Yoast SEO Premium plugin. -->","yoast_head_json":{"title":"Pav\u00e9s anciens en pierre calcaire - Provence Mat\u00e9riaux Anciens","robots":{"index":"index","follow":"follow","max-snippet":"max-snippet:-1","max-image-preview":"max-image-preview:large","max-video-preview":"max-video-preview:-1"},"canonical":"https:\/\/provence-materiaux-anciens.com\/fr\/produit\/sols\/dallages-anciens\/paves-anciens\/paves-anciens-en-pierre-calcaire\/","og_locale":"fr_FR","og_type":"article","og_title":"Pav\u00e9s anciens en pierre calcaire","og_description":"Ref: Pav\u00e9s anciens en pierre calcaire d'\u00e9curie (Pav02)   Dimensions : 10 - 18 cm  Disponibilit\u00e9 : Al\u00e9atoire, n'h\u00e9sitez pas \u00e0 nous contacter si vous souhaitez savoir la disponibilit\u00e9 du produit  Les pav\u00e9s anciens en pierre calcaire d'\u00e9curie sont disponibles selon les arrivages. Ces pav\u00e9s de r\u00e9cup\u00e9ration proviennent d'\u00e9curies anciennes. Les vieux pav\u00e9s ont une patine fa\u00e7onn\u00e9e par le temps. Les pav\u00e9s anciens en pierre calcaire apportent une authenticit\u00e9 unique \u00e0 vos ext\u00e9rieurs. Les pav\u00e9s de r\u00e9cup\u00e9ration calcaire supportent le passage de v\u00e9hicules.  &nbsp;","og_url":"https:\/\/provence-materiaux-anciens.com\/fr\/produit\/sols\/dallages-anciens\/paves-anciens\/paves-anciens-en-pierre-calcaire\/","og_site_name":"Provence Mat\u00e9riaux Anciens","article_publisher":"https:\/\/www.facebook.com\/provencemateriauxanciens","article_modified_time":"2024-03-06T08:56:46+00:00","og_image":[{"width":700,"height":700,"url":"https:\/\/provence-materiaux-anciens.com\/wp-content\/uploads\/2022\/12\/paves-anciens-en-pierre-calcaire01.jpg","type":"image\/jpeg"}],"twitter_card":"summary_large_image","twitter_misc":{"Dur\u00e9e de lecture estim\u00e9e":"2 minutes"},"schema":{"@context":"https:\/\/schema.org","@graph":[{"@type":"WebPage","@id":"https:\/\/provence-materiaux-anciens.com\/produit\/sols\/dallages-anciens\/paves-anciens\/paves-anciens-en-pierre-calcaire\/","url":"https:\/\/provence-materiaux-anciens.com\/produit\/sols\/dallages-anciens\/paves-anciens\/paves-anciens-en-pierre-calcaire\/","name":"Pav\u00e9s anciens en pierre calcaire - Provence Mat\u00e9riaux Anciens","isPartOf":{"@id":"https:\/\/provence-materiaux-anciens.com\/#website"},"primaryImageOfPage":{"@id":"https:\/\/provence-materiaux-anciens.com\/produit\/sols\/dallages-anciens\/paves-anciens\/paves-anciens-en-pierre-calcaire\/#primaryimage"},"image":{"@id":"https:\/\/provence-materiaux-anciens.com\/produit\/sols\/dallages-anciens\/paves-anciens\/paves-anciens-en-pierre-calcaire\/#primaryimage"},"thumbnailUrl":"https:\/\/provence-materiaux-anciens.com\/wp-content\/uploads\/2022\/12\/paves-anciens-en-pierre-calcaire01.jpg","datePublished":"2022-12-02T18:51:42+00:00","dateModified":"2024-03-06T08:56:46+00:00","breadcrumb":{"@id":"https:\/\/provence-materiaux-anciens.com\/produit\/sols\/dallages-anciens\/paves-anciens\/paves-anciens-en-pierre-calcaire\/#breadcrumb"},"inLanguage":"fr-FR","potentialAction":[{"@type":"ReadAction","target":["https:\/\/provence-materiaux-anciens.com\/produit\/sols\/dallages-anciens\/paves-anciens\/paves-anciens-en-pierre-calcaire\/"]}]},{"@type":"ImageObject","inLanguage":"fr-FR","@id":"https:\/\/provence-materiaux-anciens.com\/produit\/sols\/dallages-anciens\/paves-anciens\/paves-anciens-en-pierre-calcaire\/#primaryimage","url":"https:\/\/provence-materiaux-anciens.com\/wp-content\/uploads\/2022\/12\/paves-anciens-en-pierre-calcaire01.jpg","contentUrl":"https:\/\/provence-materiaux-anciens.com\/wp-content\/uploads\/2022\/12\/paves-anciens-en-pierre-calcaire01.jpg","width":700,"height":700,"caption":"paves-anciens-en-pierre-calcaire01"},{"@type":"BreadcrumbList","@id":"https:\/\/provence-materiaux-anciens.com\/produit\/sols\/dallages-anciens\/paves-anciens\/paves-anciens-en-pierre-calcaire\/#breadcrumb","itemListElement":[{"@type":"ListItem","position":1,"name":"Accueil","item":"https:\/\/provence-materiaux-anciens.com\/fr\/"},{"@type":"ListItem","position":2,"name":"Produits","item":"https:\/\/provence-materiaux-anciens.com\/produit\/"},{"@type":"ListItem","position":3,"name":"Pav\u00e9s anciens en pierre calcaire"}]},{"@type":"WebSite","@id":"https:\/\/provence-materiaux-anciens.com\/#website","url":"https:\/\/provence-materiaux-anciens.com\/","name":"Provence Mat\u00e9riaux Anciens","description":"Achat et vente de mat\u00e9riaux anciens de construction, poutres, tuiles, planchers, charpentes, dallages, terres cuites.","publisher":{"@id":"https:\/\/provence-materiaux-anciens.com\/#organization"},"potentialAction":[{"@type":"SearchAction","target":{"@type":"EntryPoint","urlTemplate":"https:\/\/provence-materiaux-anciens.com\/?s={search_term_string}"},"query-input":{"@type":"PropertyValueSpecification","valueRequired":true,"valueName":"search_term_string"}}],"inLanguage":"fr-FR"},{"@type":"Organization","@id":"https:\/\/provence-materiaux-anciens.com\/#organization","name":"Provence Mat\u00e9riaux Anciens","url":"https:\/\/provence-materiaux-anciens.com\/","logo":{"@type":"ImageObject","inLanguage":"fr-FR","@id":"https:\/\/provence-materiaux-anciens.com\/#\/schema\/logo\/image\/","url":"https:\/\/provence-materiaux-anciens.com\/wp-content\/uploads\/2022\/03\/cropped-logo-pma-web.png","contentUrl":"https:\/\/provence-materiaux-anciens.com\/wp-content\/uploads\/2022\/03\/cropped-logo-pma-web.png","width":650,"height":434,"caption":"Provence Mat\u00e9riaux Anciens"},"image":{"@id":"https:\/\/provence-materiaux-anciens.com\/#\/schema\/logo\/image\/"},"sameAs":["https:\/\/www.facebook.com\/provencemateriauxanciens","https:\/\/www.instagram.com\/provencemateriauxanciens\/","https:\/\/www.pinterest.fr\/provencemateriauxanciens\/"]}]}},"_links":{"self":[{"href":"https:\/\/provence-materiaux-anciens.com\/fr\/wp-json\/wp\/v2\/product\/1087","targetHints":{"allow":["GET"]}}],"collection":[{"href":"https:\/\/provence-materiaux-anciens.com\/fr\/wp-json\/wp\/v2\/product"}],"about":[{"href":"https:\/\/provence-materiaux-anciens.com\/fr\/wp-json\/wp\/v2\/types\/product"}],"wp:featuredmedia":[{"embeddable":true,"href":"https:\/\/provence-materiaux-anciens.com\/fr\/wp-json\/wp\/v2\/media\/1612"}],"wp:attachment":[{"href":"https:\/\/provence-materiaux-anciens.com\/fr\/wp-json\/wp\/v2\/media?parent=1087"}],"wp:term":[{"taxonomy":"product_brand","embeddable":true,"href":"https:\/\/provence-materiaux-anciens.com\/fr\/wp-json\/wp\/v2\/product_brand?post=1087"},{"taxonomy":"product_cat","embeddable":true,"href":"https:\/\/provence-materiaux-anciens.com\/fr\/wp-json\/wp\/v2\/product_cat?post=1087"},{"taxonomy":"product_tag","embeddable":true,"href":"https:\/\/provence-materiaux-anciens.com\/fr\/wp-json\/wp\/v2\/product_tag?post=1087"}],"curies":[{"name":"wp","href":"https:\/\/api.w.org\/{rel}","templated":true}]}}