{"id":1088,"date":"2022-12-02T18:51:42","date_gmt":"2022-12-02T18:51:42","guid":{"rendered":"https:\/\/provence-materiaux-anciens.com\/?post_type=product&#038;p=1088"},"modified":"2024-07-31T13:13:53","modified_gmt":"2024-07-31T13:13:53","slug":"vieux-paves-de-rue-granit","status":"publish","type":"product","link":"https:\/\/provence-materiaux-anciens.com\/fr\/produit\/sols\/dallages-anciens\/paves-anciens\/vieux-paves-de-rue-granit\/","title":{"rendered":"Vieux pav\u00e9s de rue granit"},"content":{"rendered":"<p><span style=\"font-weight: 400;\">Pour des ext\u00e9rieurs chaleureux et originaux, optez pour nos Vieux pav\u00e9s de rue granit.<\/span><\/p>\n<h3><span style=\"font-weight: 400;\">Nos vieux pav\u00e9s de rue granit rendront vos espaces ext\u00e9rieurs authentiques<\/span><\/h3>\n<p><span style=\"font-weight: 400;\">Ces pav\u00e9s en granit proviennent de diff\u00e9rentes villes. Chacun d\u2019eux a d\u00e9j\u00e0 \u00e9t\u00e9 utilis\u00e9 pour rev\u00eatir les rues, ils ont donc tous une histoire, une patine et un caract\u00e8re unique.<\/span><\/p>\n<p><span style=\"font-weight: 400;\">Toutefois, en g\u00e9n\u00e9ral leur apparence naturelle fait craquer de nombreuses personnes. En effet, ces pav\u00e9s gr\u00e2ce \u00e0 leur teinte naturelle ajoutent du caract\u00e8re et de l\u2019\u00e9l\u00e9gance aux projets d\u2019am\u00e9nagement paysager ou de construction. Ils sont tr\u00e8s souvent utilis\u00e9s pour d\u00e9corer les all\u00e9es de jardin, cour, trottoir et place publique. Ce sont des pav\u00e9s qui s\u2019adaptent \u00e0 tout style architectural. D\u2019ailleurs, de nombreux professionnels les utilisent pour cr\u00e9er des bordures d\u00e9taill\u00e9es et des motifs complexes.<\/span><\/p>\n<p><span style=\"font-weight: 400;\">Nos Vieux pav\u00e9s de rue granit peuvent \u00eatre utilis\u00e9s pour cr\u00e9er des designs textur\u00e9s et authentiques. Ce sont des pav\u00e9s que vous pourrez polir pour avoir une surface lisse ou les laisser tel quel pour une surface rugueuse et textur\u00e9e.<\/span><\/p>\n<h3><span style=\"font-weight: 400;\">Des pav\u00e9s \u00e0 base de granit : solides, r\u00e9sistants et \u00e9cologiques<\/span><\/h3>\n<p><span style=\"font-weight: 400;\">Le granit qui est le mat\u00e9riau de fabrication de nos vieux pav\u00e9s est une pierre naturelle r\u00e9sistante au gel, aux intemp\u00e9ries, \u00e0 l\u2019usure et aux lourdes charges. Opter pour nos Vieux pav\u00e9s de rue granit, c\u2019est donc \u00eatre s\u00fbr d\u2019avoir un rev\u00eatement de sol ext\u00e9rieur r\u00e9sistant et durable.<\/span><\/p>\n<p><span style=\"font-weight: 400;\">De plus, ce sont des pav\u00e9s r\u00e9sistants aux t\u00e2ches, \u00e0 la d\u00e9coloration et faciles \u00e0 entretenir. Vous pouvez les nettoyer avec un balai, un jet d\u2019eau ou un nettoyant doux.<\/span><\/p>\n<p><span style=\"font-weight: 400;\">Gr\u00e2ce \u00e0 leur surface textur\u00e9e, les pav\u00e9s de rue granit sont antid\u00e9rapants. Ces pav\u00e9s seront donc parfaits pour les trottoirs, les terrasses et les all\u00e9es. Ils assureront une certaine s\u00e9curit\u00e9 aux personnes qui se d\u00e9placent sur ces surfaces sp\u00e9cialement par temps humide.<\/span><\/p>\n<p><span style=\"font-weight: 400;\">Commandez nos Vieux pav\u00e9s de rue granit, des pav\u00e9s au charme particulier pour en mettre plein la vue \u00e0 vos visiteurs. <\/span><\/p>\n","protected":false},"excerpt":{"rendered":"<h2><strong>Ref:<\/strong> Vieux Pav\u00e9s de rue granit (Pav01)<\/h2>\n<ul>\n<li><strong>Dimensions :<\/strong> 15 x 20 cm environs<\/li>\n<li><b>\u00c9paisseur<\/b> : 18 cm, existe aussi en \u00e9paisseur de 2 \u00e0 5 cm<\/li>\n<li><b>Disponibilit\u00e9<\/b> : Constante<\/li>\n<\/ul>\n<p>Vieux pav\u00e9s de rue en granit pour un ext\u00e9rieur authentique. Nous r\u00e9cup\u00e9rons nos pav\u00e9s de rue anciens dans diff\u00e9rentes villes. Nous permettons une deuxi\u00e8me utilisation des pav\u00e9s de rue de r\u00e9cup\u00e9ration. C&rsquo;est ainsi que leur recyclage apporte authenticit\u00e9 et \u00e9l\u00e9gance \u00e0 vos projets de construction. Nous pouvons par ailleurs scier les pav\u00e9s anciens de rue granit dans l&rsquo;\u00e9paisseur pour une pose plus accessible.<\/p>\n","protected":false},"featured_media":5080,"template":"","meta":{"_monsterinsights_skip_tracking":false,"_monsterinsights_sitenote_active":false,"_monsterinsights_sitenote_note":"","_monsterinsights_sitenote_category":0},"product_brand":[],"product_cat":[36,40,32],"product_tag":[],"class_list":{"0":"post-1088","1":"product","2":"type-product","3":"status-publish","4":"has-post-thumbnail","6":"product_cat-dallages-anciens","7":"product_cat-paves-anciens","8":"product_cat-sols","10":"first","11":"instock","12":"shipping-taxable","13":"product-type-simple"},"yoast_head":"<!-- This site is optimized with the Yoast SEO Premium plugin v22.1 (Yoast SEO v24.6) - https:\/\/yoast.com\/wordpress\/plugins\/seo\/ -->\n<title>Vieux pav\u00e9s de rue granit - Provence Mat\u00e9riaux Anciens<\/title>\n<meta name=\"robots\" content=\"index, follow, max-snippet:-1, max-image-preview:large, max-video-preview:-1\" \/>\n<link rel=\"canonical\" href=\"https:\/\/provence-materiaux-anciens.com\/fr\/produit\/sols\/dallages-anciens\/paves-anciens\/vieux-paves-de-rue-granit\/\" \/>\n<meta property=\"og:locale\" content=\"fr_FR\" \/>\n<meta property=\"og:type\" content=\"article\" \/>\n<meta property=\"og:title\" content=\"Vieux pav\u00e9s de rue granit\" \/>\n<meta property=\"og:description\" content=\"Ref: Vieux Pav\u00e9s de rue granit (Pav01)   Dimensions : 15 x 20 cm environs  \u00c9paisseur : 18 cm, existe aussi en \u00e9paisseur de 2 \u00e0 5 cm  Disponibilit\u00e9 : Constante  Vieux pav\u00e9s de rue en granit pour un ext\u00e9rieur authentique. Nous r\u00e9cup\u00e9rons nos pav\u00e9s de rue anciens dans diff\u00e9rentes villes. Nous permettons une deuxi\u00e8me utilisation des pav\u00e9s de rue de r\u00e9cup\u00e9ration. C&#039;est ainsi que leur recyclage apporte authenticit\u00e9 et \u00e9l\u00e9gance \u00e0 vos projets de construction. Nous pouvons par ailleurs scier les pav\u00e9s anciens de rue granit dans l&#039;\u00e9paisseur pour une pose plus accessible.\" \/>\n<meta property=\"og:url\" content=\"https:\/\/provence-materiaux-anciens.com\/fr\/produit\/sols\/dallages-anciens\/paves-anciens\/vieux-paves-de-rue-granit\/\" \/>\n<meta property=\"og:site_name\" content=\"Provence Mat\u00e9riaux Anciens\" \/>\n<meta property=\"article:publisher\" content=\"https:\/\/www.facebook.com\/provencemateriauxanciens\" \/>\n<meta property=\"article:modified_time\" content=\"2024-07-31T13:13:53+00:00\" \/>\n<meta property=\"og:image\" content=\"https:\/\/provence-materiaux-anciens.com\/wp-content\/uploads\/2022\/12\/20240711_115812-scaled.jpg\" \/>\n\t<meta property=\"og:image:width\" content=\"1920\" \/>\n\t<meta property=\"og:image:height\" content=\"2560\" \/>\n\t<meta property=\"og:image:type\" content=\"image\/jpeg\" \/>\n<meta name=\"twitter:card\" content=\"summary_large_image\" \/>\n<meta name=\"twitter:label1\" content=\"Dur\u00e9e de lecture estim\u00e9e\" \/>\n\t<meta name=\"twitter:data1\" content=\"2 minutes\" \/>\n<script type=\"application\/ld+json\" class=\"yoast-schema-graph\">{\"@context\":\"https:\/\/schema.org\",\"@graph\":[{\"@type\":\"WebPage\",\"@id\":\"https:\/\/provence-materiaux-anciens.com\/fr\/produit\/sols\/dallages-anciens\/paves-anciens\/vieux-paves-de-rue-granit\/\",\"url\":\"https:\/\/provence-materiaux-anciens.com\/fr\/produit\/sols\/dallages-anciens\/paves-anciens\/vieux-paves-de-rue-granit\/\",\"name\":\"Vieux pav\u00e9s de rue granit - Provence Mat\u00e9riaux Anciens\",\"isPartOf\":{\"@id\":\"https:\/\/provence-materiaux-anciens.com\/#website\"},\"primaryImageOfPage\":{\"@id\":\"https:\/\/provence-materiaux-anciens.com\/fr\/produit\/sols\/dallages-anciens\/paves-anciens\/vieux-paves-de-rue-granit\/#primaryimage\"},\"image\":{\"@id\":\"https:\/\/provence-materiaux-anciens.com\/fr\/produit\/sols\/dallages-anciens\/paves-anciens\/vieux-paves-de-rue-granit\/#primaryimage\"},\"thumbnailUrl\":\"https:\/\/provence-materiaux-anciens.com\/wp-content\/uploads\/2022\/12\/20240711_115812-scaled.jpg\",\"datePublished\":\"2022-12-02T18:51:42+00:00\",\"dateModified\":\"2024-07-31T13:13:53+00:00\",\"breadcrumb\":{\"@id\":\"https:\/\/provence-materiaux-anciens.com\/fr\/produit\/sols\/dallages-anciens\/paves-anciens\/vieux-paves-de-rue-granit\/#breadcrumb\"},\"inLanguage\":\"fr-FR\",\"potentialAction\":[{\"@type\":\"ReadAction\",\"target\":[\"https:\/\/provence-materiaux-anciens.com\/fr\/produit\/sols\/dallages-anciens\/paves-anciens\/vieux-paves-de-rue-granit\/\"]}]},{\"@type\":\"ImageObject\",\"inLanguage\":\"fr-FR\",\"@id\":\"https:\/\/provence-materiaux-anciens.com\/fr\/produit\/sols\/dallages-anciens\/paves-anciens\/vieux-paves-de-rue-granit\/#primaryimage\",\"url\":\"https:\/\/provence-materiaux-anciens.com\/wp-content\/uploads\/2022\/12\/20240711_115812-scaled.jpg\",\"contentUrl\":\"https:\/\/provence-materiaux-anciens.com\/wp-content\/uploads\/2022\/12\/20240711_115812-scaled.jpg\",\"width\":1920,\"height\":2560},{\"@type\":\"BreadcrumbList\",\"@id\":\"https:\/\/provence-materiaux-anciens.com\/fr\/produit\/sols\/dallages-anciens\/paves-anciens\/vieux-paves-de-rue-granit\/#breadcrumb\",\"itemListElement\":[{\"@type\":\"ListItem\",\"position\":1,\"name\":\"Accueil\",\"item\":\"https:\/\/provence-materiaux-anciens.com\/fr\/\"},{\"@type\":\"ListItem\",\"position\":2,\"name\":\"Produits\",\"item\":\"https:\/\/provence-materiaux-anciens.com\/produit\/\"},{\"@type\":\"ListItem\",\"position\":3,\"name\":\"Vieux pav\u00e9s de rue granit\"}]},{\"@type\":\"WebSite\",\"@id\":\"https:\/\/provence-materiaux-anciens.com\/#website\",\"url\":\"https:\/\/provence-materiaux-anciens.com\/\",\"name\":\"Provence Mat\u00e9riaux Anciens\",\"description\":\"Achat et vente de mat\u00e9riaux anciens de construction, poutres, tuiles, planchers, charpentes, dallages, terres cuites.\",\"publisher\":{\"@id\":\"https:\/\/provence-materiaux-anciens.com\/#organization\"},\"potentialAction\":[{\"@type\":\"SearchAction\",\"target\":{\"@type\":\"EntryPoint\",\"urlTemplate\":\"https:\/\/provence-materiaux-anciens.com\/?s={search_term_string}\"},\"query-input\":{\"@type\":\"PropertyValueSpecification\",\"valueRequired\":true,\"valueName\":\"search_term_string\"}}],\"inLanguage\":\"fr-FR\"},{\"@type\":\"Organization\",\"@id\":\"https:\/\/provence-materiaux-anciens.com\/#organization\",\"name\":\"Provence Mat\u00e9riaux Anciens\",\"url\":\"https:\/\/provence-materiaux-anciens.com\/\",\"logo\":{\"@type\":\"ImageObject\",\"inLanguage\":\"fr-FR\",\"@id\":\"https:\/\/provence-materiaux-anciens.com\/#\/schema\/logo\/image\/\",\"url\":\"https:\/\/provence-materiaux-anciens.com\/wp-content\/uploads\/2022\/03\/cropped-logo-pma-web.png\",\"contentUrl\":\"https:\/\/provence-materiaux-anciens.com\/wp-content\/uploads\/2022\/03\/cropped-logo-pma-web.png\",\"width\":650,\"height\":434,\"caption\":\"Provence Mat\u00e9riaux Anciens\"},\"image\":{\"@id\":\"https:\/\/provence-materiaux-anciens.com\/#\/schema\/logo\/image\/\"},\"sameAs\":[\"https:\/\/www.facebook.com\/provencemateriauxanciens\",\"https:\/\/www.instagram.com\/provencemateriauxanciens\/\",\"https:\/\/www.pinterest.fr\/provencemateriauxanciens\/\"]}]}<\/script>\n<!-- \/ Yoast SEO Premium plugin. -->","yoast_head_json":{"title":"Vieux pav\u00e9s de rue granit - Provence Mat\u00e9riaux Anciens","robots":{"index":"index","follow":"follow","max-snippet":"max-snippet:-1","max-image-preview":"max-image-preview:large","max-video-preview":"max-video-preview:-1"},"canonical":"https:\/\/provence-materiaux-anciens.com\/fr\/produit\/sols\/dallages-anciens\/paves-anciens\/vieux-paves-de-rue-granit\/","og_locale":"fr_FR","og_type":"article","og_title":"Vieux pav\u00e9s de rue granit","og_description":"Ref: Vieux Pav\u00e9s de rue granit (Pav01)   Dimensions : 15 x 20 cm environs  \u00c9paisseur : 18 cm, existe aussi en \u00e9paisseur de 2 \u00e0 5 cm  Disponibilit\u00e9 : Constante  Vieux pav\u00e9s de rue en granit pour un ext\u00e9rieur authentique. Nous r\u00e9cup\u00e9rons nos pav\u00e9s de rue anciens dans diff\u00e9rentes villes. Nous permettons une deuxi\u00e8me utilisation des pav\u00e9s de rue de r\u00e9cup\u00e9ration. C'est ainsi que leur recyclage apporte authenticit\u00e9 et \u00e9l\u00e9gance \u00e0 vos projets de construction. Nous pouvons par ailleurs scier les pav\u00e9s anciens de rue granit dans l'\u00e9paisseur pour une pose plus accessible.","og_url":"https:\/\/provence-materiaux-anciens.com\/fr\/produit\/sols\/dallages-anciens\/paves-anciens\/vieux-paves-de-rue-granit\/","og_site_name":"Provence Mat\u00e9riaux Anciens","article_publisher":"https:\/\/www.facebook.com\/provencemateriauxanciens","article_modified_time":"2024-07-31T13:13:53+00:00","og_image":[{"width":1920,"height":2560,"url":"https:\/\/provence-materiaux-anciens.com\/wp-content\/uploads\/2022\/12\/20240711_115812-scaled.jpg","type":"image\/jpeg"}],"twitter_card":"summary_large_image","twitter_misc":{"Dur\u00e9e de lecture estim\u00e9e":"2 minutes"},"schema":{"@context":"https:\/\/schema.org","@graph":[{"@type":"WebPage","@id":"https:\/\/provence-materiaux-anciens.com\/fr\/produit\/sols\/dallages-anciens\/paves-anciens\/vieux-paves-de-rue-granit\/","url":"https:\/\/provence-materiaux-anciens.com\/fr\/produit\/sols\/dallages-anciens\/paves-anciens\/vieux-paves-de-rue-granit\/","name":"Vieux pav\u00e9s de rue granit - Provence Mat\u00e9riaux Anciens","isPartOf":{"@id":"https:\/\/provence-materiaux-anciens.com\/#website"},"primaryImageOfPage":{"@id":"https:\/\/provence-materiaux-anciens.com\/fr\/produit\/sols\/dallages-anciens\/paves-anciens\/vieux-paves-de-rue-granit\/#primaryimage"},"image":{"@id":"https:\/\/provence-materiaux-anciens.com\/fr\/produit\/sols\/dallages-anciens\/paves-anciens\/vieux-paves-de-rue-granit\/#primaryimage"},"thumbnailUrl":"https:\/\/provence-materiaux-anciens.com\/wp-content\/uploads\/2022\/12\/20240711_115812-scaled.jpg","datePublished":"2022-12-02T18:51:42+00:00","dateModified":"2024-07-31T13:13:53+00:00","breadcrumb":{"@id":"https:\/\/provence-materiaux-anciens.com\/fr\/produit\/sols\/dallages-anciens\/paves-anciens\/vieux-paves-de-rue-granit\/#breadcrumb"},"inLanguage":"fr-FR","potentialAction":[{"@type":"ReadAction","target":["https:\/\/provence-materiaux-anciens.com\/fr\/produit\/sols\/dallages-anciens\/paves-anciens\/vieux-paves-de-rue-granit\/"]}]},{"@type":"ImageObject","inLanguage":"fr-FR","@id":"https:\/\/provence-materiaux-anciens.com\/fr\/produit\/sols\/dallages-anciens\/paves-anciens\/vieux-paves-de-rue-granit\/#primaryimage","url":"https:\/\/provence-materiaux-anciens.com\/wp-content\/uploads\/2022\/12\/20240711_115812-scaled.jpg","contentUrl":"https:\/\/provence-materiaux-anciens.com\/wp-content\/uploads\/2022\/12\/20240711_115812-scaled.jpg","width":1920,"height":2560},{"@type":"BreadcrumbList","@id":"https:\/\/provence-materiaux-anciens.com\/fr\/produit\/sols\/dallages-anciens\/paves-anciens\/vieux-paves-de-rue-granit\/#breadcrumb","itemListElement":[{"@type":"ListItem","position":1,"name":"Accueil","item":"https:\/\/provence-materiaux-anciens.com\/fr\/"},{"@type":"ListItem","position":2,"name":"Produits","item":"https:\/\/provence-materiaux-anciens.com\/produit\/"},{"@type":"ListItem","position":3,"name":"Vieux pav\u00e9s de rue granit"}]},{"@type":"WebSite","@id":"https:\/\/provence-materiaux-anciens.com\/#website","url":"https:\/\/provence-materiaux-anciens.com\/","name":"Provence Mat\u00e9riaux Anciens","description":"Achat et vente de mat\u00e9riaux anciens de construction, poutres, tuiles, planchers, charpentes, dallages, terres cuites.","publisher":{"@id":"https:\/\/provence-materiaux-anciens.com\/#organization"},"potentialAction":[{"@type":"SearchAction","target":{"@type":"EntryPoint","urlTemplate":"https:\/\/provence-materiaux-anciens.com\/?s={search_term_string}"},"query-input":{"@type":"PropertyValueSpecification","valueRequired":true,"valueName":"search_term_string"}}],"inLanguage":"fr-FR"},{"@type":"Organization","@id":"https:\/\/provence-materiaux-anciens.com\/#organization","name":"Provence Mat\u00e9riaux Anciens","url":"https:\/\/provence-materiaux-anciens.com\/","logo":{"@type":"ImageObject","inLanguage":"fr-FR","@id":"https:\/\/provence-materiaux-anciens.com\/#\/schema\/logo\/image\/","url":"https:\/\/provence-materiaux-anciens.com\/wp-content\/uploads\/2022\/03\/cropped-logo-pma-web.png","contentUrl":"https:\/\/provence-materiaux-anciens.com\/wp-content\/uploads\/2022\/03\/cropped-logo-pma-web.png","width":650,"height":434,"caption":"Provence Mat\u00e9riaux Anciens"},"image":{"@id":"https:\/\/provence-materiaux-anciens.com\/#\/schema\/logo\/image\/"},"sameAs":["https:\/\/www.facebook.com\/provencemateriauxanciens","https:\/\/www.instagram.com\/provencemateriauxanciens\/","https:\/\/www.pinterest.fr\/provencemateriauxanciens\/"]}]}},"_links":{"self":[{"href":"https:\/\/provence-materiaux-anciens.com\/fr\/wp-json\/wp\/v2\/product\/1088","targetHints":{"allow":["GET"]}}],"collection":[{"href":"https:\/\/provence-materiaux-anciens.com\/fr\/wp-json\/wp\/v2\/product"}],"about":[{"href":"https:\/\/provence-materiaux-anciens.com\/fr\/wp-json\/wp\/v2\/types\/product"}],"wp:featuredmedia":[{"embeddable":true,"href":"https:\/\/provence-materiaux-anciens.com\/fr\/wp-json\/wp\/v2\/media\/5080"}],"wp:attachment":[{"href":"https:\/\/provence-materiaux-anciens.com\/fr\/wp-json\/wp\/v2\/media?parent=1088"}],"wp:term":[{"taxonomy":"product_brand","embeddable":true,"href":"https:\/\/provence-materiaux-anciens.com\/fr\/wp-json\/wp\/v2\/product_brand?post=1088"},{"taxonomy":"product_cat","embeddable":true,"href":"https:\/\/provence-materiaux-anciens.com\/fr\/wp-json\/wp\/v2\/product_cat?post=1088"},{"taxonomy":"product_tag","embeddable":true,"href":"https:\/\/provence-materiaux-anciens.com\/fr\/wp-json\/wp\/v2\/product_tag?post=1088"}],"curies":[{"name":"wp","href":"https:\/\/api.w.org\/{rel}","templated":true}]}}