{"id":1089,"date":"2022-12-02T18:51:42","date_gmt":"2022-12-02T18:51:42","guid":{"rendered":"https:\/\/provence-materiaux-anciens.com\/?post_type=product&#038;p=1089"},"modified":"2024-06-05T13:14:11","modified_gmt":"2024-06-05T13:14:11","slug":"dallage-ancien-bar-gris","status":"publish","type":"product","link":"https:\/\/provence-materiaux-anciens.com\/fr\/produit\/sols\/dallages-anciens\/dallage-ancien\/dallage-ancien-bar-gris\/","title":{"rendered":"Dallage ancien Bar Gris"},"content":{"rendered":"<p><span style=\"font-weight: 400;\">Vous \u00eates \u00e0 court d\u2019id\u00e9es dans votre projet de construction ou de r\u00e9novation ? Notre <\/span><b>Dallage ancien Bar Gris<\/b><span style=\"font-weight: 400;\"> est un rev\u00eatement qui est utilisable dans divers projets et types de d\u00e9co !\u00a0<\/span><\/p>\n<h3><span style=\"font-weight: 400;\">Craquez pour ce dallage ancien, pour un am\u00e9nagement esth\u00e9tique et flamboyant de votre logement<\/span><\/h3>\n<p><span style=\"font-weight: 400;\">Pour donner \u00e0 votre cadre de vie un aspect esth\u00e9tique, convivial et rustique, notre Dallage ancien Bar Gris est une belle pioche. Vous pouvez l\u2019utiliser pour le rev\u00eatement du sol de votre salon, chambre \u00e0 coucher, cuisine, salle \u00e0 manger, etc. Et si vous le souhaitez, vous pourrez m\u00eame l\u2019utiliser pour un rev\u00eatement mural, quelle que soit la pi\u00e8ce. Il faut noter que ces dallages anciens sont \u00e0 utiliser pour un rev\u00eatement int\u00e9rieur uniquement.<\/span><\/p>\n<p><span style=\"font-weight: 400;\">En campagne ou en ville, vous pouvez choisir ce dallage de forme rectangulaire et de couleur grise. Qu\u2019il s\u2019agisse d\u2019un projet de construction neuve ou de r\u00e9novation, ce dallage\u00a0d&rsquo;int\u00e9rieur en pierre<\/span>\u00a0<span style=\"font-weight: 400;\">saura apporter plus de vie \u00e0 votre domicile. Grande sera votre joie d\u2019accueillir des amis, coll\u00e8gues, dans ce petit paradis terrestre que sera votre logement apr\u00e8s l\u2019avoir am\u00e9nag\u00e9 avec notre <\/span><b>Dallage ancien Bar Gris.<\/b><\/p>\n<h3>Les Teintes Grises du Dallage en Vieilles Pierres<\/h3>\n<p><span style=\"font-weight: 400;\">Les teintes grises de notre dallage ancien \u00e9voquent un charme subtil et une \u00e9l\u00e9gance intemporelle qui s&rsquo;int\u00e8grent parfaitement \u00e0 tout type d&rsquo;int\u00e9rieur. Que ce soit pour recr\u00e9er l&rsquo;ambiance rustique d&rsquo;une maison de campagne ou pour ajouter une touche d&rsquo;authenticit\u00e9 \u00e0 un int\u00e9rieur contemporain, ces dalles anciennes apportent une touche de caract\u00e8re et de sophistication \u00e0 chaque espace.<\/span><\/p>\n<h3><span style=\"font-weight: 400;\">Un rev\u00eatement qui durera une \u00e9ternit\u00e9<\/span><\/h3>\n<p><span style=\"font-weight: 400;\">Si vous aimez l&rsquo;authenticit\u00e9 de la pierre naturelle de r\u00e9cup\u00e9ration, notre Dallage ancien Bar Gris r\u00e9pondra \u00e0 vos exigences. Ce dallage ancien est fabriqu\u00e9 \u00e0 partir de terre cuite ancienne. Elles sont chauff\u00e9es \u00e0 haute temp\u00e9rature et elles ont une \u00e9paisseur de 6 cm. Nous pouvons re-scier les dalles pour qu&rsquo;elles fassent 3cm d&rsquo;\u00e9paisseur, afin d&rsquo;\u00eatre compatibles avec le chauffage au sol.<\/span><\/p>\n<p><span style=\"font-weight: 400;\">Particuli\u00e8rement solide, ce dallage d&rsquo;int\u00e9rieur en pierre est aussi tr\u00e8s r\u00e9sistant \u00e0 l\u2019usure. De plus, elles sont antid\u00e9rapantes.\u00a0<\/span><\/p>\n<p><span style=\"font-weight: 400;\">Notons \u00e9galement que ce carrelage en pierre est un rev\u00eatement \u00e9cologique et respectueux de l\u2019environnement. Ainsi, si vous le choisissez comme rev\u00eatement, vous n\u2019aurez pas besoin d&rsquo;en changer pendant plusieurs dizaines d\u2019ann\u00e9es.<\/span><\/p>\n<p><span style=\"font-weight: 400;\">Que vous souhaitiez r\u00e9nover une maison ancienne, cr\u00e9er un espace de vie chaleureux et authentique, ou simplement ajouter une touche d&rsquo;histoire \u00e0 votre int\u00e9rieur, notre dallage ancien est un choix qui ne manquera pas de vous s\u00e9duire. Laissez-vous transporter dans le temps avec ces dalles anciennes empreintes d&rsquo;histoire et d&rsquo;\u00e9l\u00e9gance, et transformez votre espace en un v\u00e9ritable joyau architectural du Gard.<\/span><\/p>\n<p><span style=\"font-weight: 400;\">Choisissez notre Dallage ancien Bar Gris pour personnaliser votre logement \u00e0 la perfection <\/span><span style=\"font-weight: 400;\">avec Provence Mat\u00e9riaux Anciens <\/span><span style=\"font-weight: 400;\">!<\/span><\/p>\n<p><a href=\"https:\/\/provence-materiaux-anciens.com\/contact\/\"><b>Contactez-nous<\/b><\/a><b> pour discuter de votre projet.<\/b><\/p>\n","protected":false},"excerpt":{"rendered":"<h2><strong>Ref: <\/strong>Dallage ancien Bar Gris (DAL02)<\/h2>\n<ul>\n<li><b>Longueur<\/b> : 55 &#8211; 60 cm<\/li>\n<li><b>Largeur <\/b>: 46 &#8211; 50 cm<\/li>\n<li><b>\u00c9paisseur<\/b> : 6 cm,\u00a0 sciable \u00e0 3 cm pour compatibilit\u00e9 plancher chauffant<\/li>\n<li><b>Disponibilit\u00e9<\/b> : Al\u00e9atoire, n&rsquo;h\u00e9sitez pas \u00e0 nous<a href=\"https:\/\/provence-materiaux-anciens.com\/contact\/\"> contacter<\/a> si vous souhaitez savoir la disponibilit\u00e9 du produit<\/li>\n<\/ul>\n<p>Dallage ancien Bar Gris originaire du d\u00e9partement du Gard. Les dalles anciennes bars gris furent produites au XVIII\u00e8me et XIX\u00e8me si\u00e8cle<span style=\"font-weight: 400;\">.<\/span><span style=\"font-weight: 400;\"> Elles <\/span> servaient d&rsquo;unique s\u00e9paration entre les \u00e9tages des maisons traditionnelles. Les dallages de r\u00e9cup\u00e9ration bars gris \u00e9taient ainsi pos\u00e9s sur des chevrons en bois en tant que plafond. Ce <span style=\"font-weight: 400;\">carrelage en pierre est <\/span> un symbole de l&rsquo;architecture traditionnelle du d\u00e9partement du Gard. Les teintes de <span style=\"font-weight: 400;\">notre<\/span> dallage en vieilles pierres sont dans les couleurs grises.<\/p>\n<p><strong>Le dallage ancien bar gris est destin\u00e9s \u00e0 une pose int\u00e9rieure.<\/strong><\/p>\n","protected":false},"featured_media":2073,"template":"","meta":{"_monsterinsights_skip_tracking":false,"_monsterinsights_sitenote_active":false,"_monsterinsights_sitenote_note":"","_monsterinsights_sitenote_category":0},"product_brand":[],"product_cat":[36,37,32],"product_tag":[],"class_list":{"0":"post-1089","1":"product","2":"type-product","3":"status-publish","4":"has-post-thumbnail","6":"product_cat-dallages-anciens","7":"product_cat-dallage-ancien","8":"product_cat-sols","10":"first","11":"instock","12":"shipping-taxable","13":"product-type-simple"},"yoast_head":"<!-- This site is optimized with the Yoast SEO Premium plugin v22.1 (Yoast SEO v24.6) - https:\/\/yoast.com\/wordpress\/plugins\/seo\/ -->\n<title>Dallage ancien ref Bar Gris - Provence Mat\u00e9riaux Anciens<\/title>\n<meta name=\"description\" content=\"D\u00e9couvrez ce sublime dallage ancien du Gard : l&#039;authenticit\u00e9 de la pierre naturelle de r\u00e9cup\u00e9ration avec une teinte gris\u00e9e pour tous vos projets\" \/>\n<meta name=\"robots\" content=\"index, follow, max-snippet:-1, max-image-preview:large, max-video-preview:-1\" \/>\n<link rel=\"canonical\" href=\"https:\/\/provence-materiaux-anciens.com\/fr\/produit\/sols\/dallages-anciens\/dallage-ancien\/dallage-ancien-bar-gris\/\" \/>\n<meta property=\"og:locale\" content=\"fr_FR\" \/>\n<meta property=\"og:type\" content=\"article\" \/>\n<meta property=\"og:title\" content=\"Dallage ancien Bar Gris\" \/>\n<meta property=\"og:description\" content=\"D\u00e9couvrez ce sublime dallage ancien du Gard : l&#039;authenticit\u00e9 de la pierre naturelle de r\u00e9cup\u00e9ration avec une teinte gris\u00e9e pour tous vos projets\" \/>\n<meta property=\"og:url\" content=\"https:\/\/provence-materiaux-anciens.com\/fr\/produit\/sols\/dallages-anciens\/dallage-ancien\/dallage-ancien-bar-gris\/\" \/>\n<meta property=\"og:site_name\" content=\"Provence Mat\u00e9riaux Anciens\" \/>\n<meta property=\"article:publisher\" content=\"https:\/\/www.facebook.com\/provencemateriauxanciens\" \/>\n<meta property=\"article:modified_time\" content=\"2024-06-05T13:14:11+00:00\" \/>\n<meta property=\"og:image\" content=\"https:\/\/provence-materiaux-anciens.com\/wp-content\/uploads\/2022\/12\/dallage-bar-gris01.jpg\" \/>\n\t<meta property=\"og:image:width\" content=\"700\" \/>\n\t<meta property=\"og:image:height\" content=\"700\" \/>\n\t<meta property=\"og:image:type\" content=\"image\/jpeg\" \/>\n<meta name=\"twitter:card\" content=\"summary_large_image\" \/>\n<meta name=\"twitter:label1\" content=\"Dur\u00e9e de lecture estim\u00e9e\" \/>\n\t<meta name=\"twitter:data1\" content=\"3 minutes\" \/>\n<script type=\"application\/ld+json\" class=\"yoast-schema-graph\">{\"@context\":\"https:\/\/schema.org\",\"@graph\":[{\"@type\":\"WebPage\",\"@id\":\"https:\/\/provence-materiaux-anciens.com\/fr\/produit\/sols\/dallages-anciens\/dallage-ancien\/dallage-ancien-bar-gris\/\",\"url\":\"https:\/\/provence-materiaux-anciens.com\/fr\/produit\/sols\/dallages-anciens\/dallage-ancien\/dallage-ancien-bar-gris\/\",\"name\":\"Dallage ancien ref Bar Gris - Provence Mat\u00e9riaux Anciens\",\"isPartOf\":{\"@id\":\"https:\/\/provence-materiaux-anciens.com\/#website\"},\"primaryImageOfPage\":{\"@id\":\"https:\/\/provence-materiaux-anciens.com\/fr\/produit\/sols\/dallages-anciens\/dallage-ancien\/dallage-ancien-bar-gris\/#primaryimage\"},\"image\":{\"@id\":\"https:\/\/provence-materiaux-anciens.com\/fr\/produit\/sols\/dallages-anciens\/dallage-ancien\/dallage-ancien-bar-gris\/#primaryimage\"},\"thumbnailUrl\":\"https:\/\/provence-materiaux-anciens.com\/wp-content\/uploads\/2022\/12\/dallage-bar-gris01.jpg\",\"datePublished\":\"2022-12-02T18:51:42+00:00\",\"dateModified\":\"2024-06-05T13:14:11+00:00\",\"description\":\"D\u00e9couvrez ce sublime dallage ancien du Gard : l'authenticit\u00e9 de la pierre naturelle de r\u00e9cup\u00e9ration avec une teinte gris\u00e9e pour tous vos projets\",\"breadcrumb\":{\"@id\":\"https:\/\/provence-materiaux-anciens.com\/fr\/produit\/sols\/dallages-anciens\/dallage-ancien\/dallage-ancien-bar-gris\/#breadcrumb\"},\"inLanguage\":\"fr-FR\",\"potentialAction\":[{\"@type\":\"ReadAction\",\"target\":[\"https:\/\/provence-materiaux-anciens.com\/fr\/produit\/sols\/dallages-anciens\/dallage-ancien\/dallage-ancien-bar-gris\/\"]}]},{\"@type\":\"ImageObject\",\"inLanguage\":\"fr-FR\",\"@id\":\"https:\/\/provence-materiaux-anciens.com\/fr\/produit\/sols\/dallages-anciens\/dallage-ancien\/dallage-ancien-bar-gris\/#primaryimage\",\"url\":\"https:\/\/provence-materiaux-anciens.com\/wp-content\/uploads\/2022\/12\/dallage-bar-gris01.jpg\",\"contentUrl\":\"https:\/\/provence-materiaux-anciens.com\/wp-content\/uploads\/2022\/12\/dallage-bar-gris01.jpg\",\"width\":700,\"height\":700,\"caption\":\"dallage ancien gris\"},{\"@type\":\"BreadcrumbList\",\"@id\":\"https:\/\/provence-materiaux-anciens.com\/fr\/produit\/sols\/dallages-anciens\/dallage-ancien\/dallage-ancien-bar-gris\/#breadcrumb\",\"itemListElement\":[{\"@type\":\"ListItem\",\"position\":1,\"name\":\"Accueil\",\"item\":\"https:\/\/provence-materiaux-anciens.com\/fr\/\"},{\"@type\":\"ListItem\",\"position\":2,\"name\":\"Produits\",\"item\":\"https:\/\/provence-materiaux-anciens.com\/produit\/\"},{\"@type\":\"ListItem\",\"position\":3,\"name\":\"Dallage ancien Bar Gris\"}]},{\"@type\":\"WebSite\",\"@id\":\"https:\/\/provence-materiaux-anciens.com\/#website\",\"url\":\"https:\/\/provence-materiaux-anciens.com\/\",\"name\":\"Provence Mat\u00e9riaux Anciens\",\"description\":\"Achat et vente de mat\u00e9riaux anciens de construction, poutres, tuiles, planchers, charpentes, dallages, terres cuites.\",\"publisher\":{\"@id\":\"https:\/\/provence-materiaux-anciens.com\/#organization\"},\"potentialAction\":[{\"@type\":\"SearchAction\",\"target\":{\"@type\":\"EntryPoint\",\"urlTemplate\":\"https:\/\/provence-materiaux-anciens.com\/?s={search_term_string}\"},\"query-input\":{\"@type\":\"PropertyValueSpecification\",\"valueRequired\":true,\"valueName\":\"search_term_string\"}}],\"inLanguage\":\"fr-FR\"},{\"@type\":\"Organization\",\"@id\":\"https:\/\/provence-materiaux-anciens.com\/#organization\",\"name\":\"Provence Mat\u00e9riaux Anciens\",\"url\":\"https:\/\/provence-materiaux-anciens.com\/\",\"logo\":{\"@type\":\"ImageObject\",\"inLanguage\":\"fr-FR\",\"@id\":\"https:\/\/provence-materiaux-anciens.com\/#\/schema\/logo\/image\/\",\"url\":\"https:\/\/provence-materiaux-anciens.com\/wp-content\/uploads\/2022\/03\/cropped-logo-pma-web.png\",\"contentUrl\":\"https:\/\/provence-materiaux-anciens.com\/wp-content\/uploads\/2022\/03\/cropped-logo-pma-web.png\",\"width\":650,\"height\":434,\"caption\":\"Provence Mat\u00e9riaux Anciens\"},\"image\":{\"@id\":\"https:\/\/provence-materiaux-anciens.com\/#\/schema\/logo\/image\/\"},\"sameAs\":[\"https:\/\/www.facebook.com\/provencemateriauxanciens\",\"https:\/\/www.instagram.com\/provencemateriauxanciens\/\",\"https:\/\/www.pinterest.fr\/provencemateriauxanciens\/\"]}]}<\/script>\n<!-- \/ Yoast SEO Premium plugin. -->","yoast_head_json":{"title":"Dallage ancien ref Bar Gris - Provence Mat\u00e9riaux Anciens","description":"D\u00e9couvrez ce sublime dallage ancien du Gard : l'authenticit\u00e9 de la pierre naturelle de r\u00e9cup\u00e9ration avec une teinte gris\u00e9e pour tous vos projets","robots":{"index":"index","follow":"follow","max-snippet":"max-snippet:-1","max-image-preview":"max-image-preview:large","max-video-preview":"max-video-preview:-1"},"canonical":"https:\/\/provence-materiaux-anciens.com\/fr\/produit\/sols\/dallages-anciens\/dallage-ancien\/dallage-ancien-bar-gris\/","og_locale":"fr_FR","og_type":"article","og_title":"Dallage ancien Bar Gris","og_description":"D\u00e9couvrez ce sublime dallage ancien du Gard : l'authenticit\u00e9 de la pierre naturelle de r\u00e9cup\u00e9ration avec une teinte gris\u00e9e pour tous vos projets","og_url":"https:\/\/provence-materiaux-anciens.com\/fr\/produit\/sols\/dallages-anciens\/dallage-ancien\/dallage-ancien-bar-gris\/","og_site_name":"Provence Mat\u00e9riaux Anciens","article_publisher":"https:\/\/www.facebook.com\/provencemateriauxanciens","article_modified_time":"2024-06-05T13:14:11+00:00","og_image":[{"width":700,"height":700,"url":"https:\/\/provence-materiaux-anciens.com\/wp-content\/uploads\/2022\/12\/dallage-bar-gris01.jpg","type":"image\/jpeg"}],"twitter_card":"summary_large_image","twitter_misc":{"Dur\u00e9e de lecture estim\u00e9e":"3 minutes"},"schema":{"@context":"https:\/\/schema.org","@graph":[{"@type":"WebPage","@id":"https:\/\/provence-materiaux-anciens.com\/fr\/produit\/sols\/dallages-anciens\/dallage-ancien\/dallage-ancien-bar-gris\/","url":"https:\/\/provence-materiaux-anciens.com\/fr\/produit\/sols\/dallages-anciens\/dallage-ancien\/dallage-ancien-bar-gris\/","name":"Dallage ancien ref Bar Gris - Provence Mat\u00e9riaux Anciens","isPartOf":{"@id":"https:\/\/provence-materiaux-anciens.com\/#website"},"primaryImageOfPage":{"@id":"https:\/\/provence-materiaux-anciens.com\/fr\/produit\/sols\/dallages-anciens\/dallage-ancien\/dallage-ancien-bar-gris\/#primaryimage"},"image":{"@id":"https:\/\/provence-materiaux-anciens.com\/fr\/produit\/sols\/dallages-anciens\/dallage-ancien\/dallage-ancien-bar-gris\/#primaryimage"},"thumbnailUrl":"https:\/\/provence-materiaux-anciens.com\/wp-content\/uploads\/2022\/12\/dallage-bar-gris01.jpg","datePublished":"2022-12-02T18:51:42+00:00","dateModified":"2024-06-05T13:14:11+00:00","description":"D\u00e9couvrez ce sublime dallage ancien du Gard : l'authenticit\u00e9 de la pierre naturelle de r\u00e9cup\u00e9ration avec une teinte gris\u00e9e pour tous vos projets","breadcrumb":{"@id":"https:\/\/provence-materiaux-anciens.com\/fr\/produit\/sols\/dallages-anciens\/dallage-ancien\/dallage-ancien-bar-gris\/#breadcrumb"},"inLanguage":"fr-FR","potentialAction":[{"@type":"ReadAction","target":["https:\/\/provence-materiaux-anciens.com\/fr\/produit\/sols\/dallages-anciens\/dallage-ancien\/dallage-ancien-bar-gris\/"]}]},{"@type":"ImageObject","inLanguage":"fr-FR","@id":"https:\/\/provence-materiaux-anciens.com\/fr\/produit\/sols\/dallages-anciens\/dallage-ancien\/dallage-ancien-bar-gris\/#primaryimage","url":"https:\/\/provence-materiaux-anciens.com\/wp-content\/uploads\/2022\/12\/dallage-bar-gris01.jpg","contentUrl":"https:\/\/provence-materiaux-anciens.com\/wp-content\/uploads\/2022\/12\/dallage-bar-gris01.jpg","width":700,"height":700,"caption":"dallage ancien gris"},{"@type":"BreadcrumbList","@id":"https:\/\/provence-materiaux-anciens.com\/fr\/produit\/sols\/dallages-anciens\/dallage-ancien\/dallage-ancien-bar-gris\/#breadcrumb","itemListElement":[{"@type":"ListItem","position":1,"name":"Accueil","item":"https:\/\/provence-materiaux-anciens.com\/fr\/"},{"@type":"ListItem","position":2,"name":"Produits","item":"https:\/\/provence-materiaux-anciens.com\/produit\/"},{"@type":"ListItem","position":3,"name":"Dallage ancien Bar Gris"}]},{"@type":"WebSite","@id":"https:\/\/provence-materiaux-anciens.com\/#website","url":"https:\/\/provence-materiaux-anciens.com\/","name":"Provence Mat\u00e9riaux Anciens","description":"Achat et vente de mat\u00e9riaux anciens de construction, poutres, tuiles, planchers, charpentes, dallages, terres cuites.","publisher":{"@id":"https:\/\/provence-materiaux-anciens.com\/#organization"},"potentialAction":[{"@type":"SearchAction","target":{"@type":"EntryPoint","urlTemplate":"https:\/\/provence-materiaux-anciens.com\/?s={search_term_string}"},"query-input":{"@type":"PropertyValueSpecification","valueRequired":true,"valueName":"search_term_string"}}],"inLanguage":"fr-FR"},{"@type":"Organization","@id":"https:\/\/provence-materiaux-anciens.com\/#organization","name":"Provence Mat\u00e9riaux Anciens","url":"https:\/\/provence-materiaux-anciens.com\/","logo":{"@type":"ImageObject","inLanguage":"fr-FR","@id":"https:\/\/provence-materiaux-anciens.com\/#\/schema\/logo\/image\/","url":"https:\/\/provence-materiaux-anciens.com\/wp-content\/uploads\/2022\/03\/cropped-logo-pma-web.png","contentUrl":"https:\/\/provence-materiaux-anciens.com\/wp-content\/uploads\/2022\/03\/cropped-logo-pma-web.png","width":650,"height":434,"caption":"Provence Mat\u00e9riaux Anciens"},"image":{"@id":"https:\/\/provence-materiaux-anciens.com\/#\/schema\/logo\/image\/"},"sameAs":["https:\/\/www.facebook.com\/provencemateriauxanciens","https:\/\/www.instagram.com\/provencemateriauxanciens\/","https:\/\/www.pinterest.fr\/provencemateriauxanciens\/"]}]}},"_links":{"self":[{"href":"https:\/\/provence-materiaux-anciens.com\/fr\/wp-json\/wp\/v2\/product\/1089","targetHints":{"allow":["GET"]}}],"collection":[{"href":"https:\/\/provence-materiaux-anciens.com\/fr\/wp-json\/wp\/v2\/product"}],"about":[{"href":"https:\/\/provence-materiaux-anciens.com\/fr\/wp-json\/wp\/v2\/types\/product"}],"wp:featuredmedia":[{"embeddable":true,"href":"https:\/\/provence-materiaux-anciens.com\/fr\/wp-json\/wp\/v2\/media\/2073"}],"wp:attachment":[{"href":"https:\/\/provence-materiaux-anciens.com\/fr\/wp-json\/wp\/v2\/media?parent=1089"}],"wp:term":[{"taxonomy":"product_brand","embeddable":true,"href":"https:\/\/provence-materiaux-anciens.com\/fr\/wp-json\/wp\/v2\/product_brand?post=1089"},{"taxonomy":"product_cat","embeddable":true,"href":"https:\/\/provence-materiaux-anciens.com\/fr\/wp-json\/wp\/v2\/product_cat?post=1089"},{"taxonomy":"product_tag","embeddable":true,"href":"https:\/\/provence-materiaux-anciens.com\/fr\/wp-json\/wp\/v2\/product_tag?post=1089"}],"curies":[{"name":"wp","href":"https:\/\/api.w.org\/{rel}","templated":true}]}}