{"id":1090,"date":"2022-12-02T18:51:42","date_gmt":"2022-12-02T18:51:42","guid":{"rendered":"https:\/\/provence-materiaux-anciens.com\/?post_type=product&#038;p=1090"},"modified":"2024-03-06T08:56:46","modified_gmt":"2024-03-06T08:56:46","slug":"dallage-ancien-exterieur-bar-de-beaucaire","status":"publish","type":"product","link":"https:\/\/provence-materiaux-anciens.com\/fr\/produit\/sols\/dallages-anciens\/dallage-ancien\/dallage-ancien-exterieur-bar-de-beaucaire\/","title":{"rendered":"Dallage ancien ext\u00e9rieur \u00ab\u00a0Bar de Beaucaire\u00a0\u00bb"},"content":{"rendered":"<p><span style=\"font-weight: 400;\">Vous \u00eates attir\u00e9 par l\u2019architecture du XVIIIe et du XIXe si\u00e8cle ? Vous serez \u00e9merveill\u00e9 par notre Dallage ancien ext\u00e9rieur \u00ab Bar de Beaucaire \u00bb.<\/span><\/p>\n<h3><span style=\"font-weight: 400;\">Choisissez notre Dallage ancien ext\u00e9rieur \u00ab Bar de Beaucaire \u00bb pour embellir votre domicile !<\/span><\/h3>\n<p><span style=\"font-weight: 400;\">De nos jours, de nombreux fran\u00e7ais privil\u00e9gient les dallages anciens pour le rev\u00eatement de leur logement. Il s\u2019agit l\u00e0 d\u2019un type de rev\u00eatement plus ou moins ancien, mais qui reste d\u2019actualit\u00e9, notamment gr\u00e2ce \u00e0 son c\u00f4t\u00e9 esth\u00e9tique.\u00a0<\/span><\/p>\n<p><span style=\"font-weight: 400;\">Si vous souhaitez habiller votre maison, la rendre plus vivante et agr\u00e9able, les dallages anciens sont une bonne alternative. Vous pouvez \u00e9galement les utiliser pour donner un design rustique \u00e0 votre maison. Elles sont parfaitement convenables comme rev\u00eatements ext\u00e9rieurs. En effet, vous pouvez utiliser notre dallage ancien pour embellir votre patio, votre plage de piscine, les all\u00e9es externes de votre maison, votre cour ext\u00e9rieure et bien d\u2019autres.<\/span><\/p>\n<h3><span style=\"font-weight: 400;\">Un rev\u00eatement id\u00e9al pour les \u00e9colo<\/span><\/h3>\n<p><span style=\"font-weight: 400;\">Vous souhaitez voir notre plan\u00e8te subsister face aux multiples agressions qu\u2019elle subit ? Alors, vous pouvez contribuer en choisissant ce produit 100% naturel, qui ne constitue aucun risque pour l\u2019environnement. Le Dallage ancien ext\u00e9rieur \u00ab Bar de Beaucaire \u00bb est un rev\u00eatement solide et durable qui r\u00e9siste \u00e0 l\u2019usure du temps. M\u00eame apr\u00e8s des dizaines d\u2019ann\u00e9es, votre maison conservera tout son charme et sa splendeur.\u00a0<\/span><\/p>\n<p><span style=\"font-weight: 400;\">Notons par ailleurs que ces dallages anciens sont antid\u00e9rapants. Ainsi, les risques de chutes sont quasi nulles, pour les adultes, les enfants et m\u00eame les personnes \u00e2g\u00e9es.\u00a0<\/span><\/p>\n<p><span style=\"font-weight: 400;\">L\u2019entretien de ce dallage ancien est assez facile. Avec un balai, vous pourrez le d\u00e9barrasser de la salet\u00e9. Toutefois, nous vous recommandons de balayer de mani\u00e8re r\u00e9guli\u00e8re afin d\u2019\u00e9viter que la salet\u00e9 ne s\u2019incruste.<\/span><\/p>\n<p><span style=\"font-weight: 400;\">Donnez de la classe \u00e0 votre domicile gr\u00e2ce \u00e0 notre <\/span><b>Dallage ancien ext\u00e9rieur \u00ab Bar de Beaucaire \u00bb.<\/b><\/p>\n","protected":false},"excerpt":{"rendered":"<h2><strong>Ref: <\/strong>Dallage ancien ext\u00e9rieur \u00ab\u00a0Bar de beaucaire\u00a0\u00bb (DAL01)<\/h2>\n<ul>\n<li><b>Longueur<\/b> : 55 &#8211; 60 cm<\/li>\n<li><b>Largeur <\/b>: 46 &#8211; 50 cm<\/li>\n<li><b>\u00c9paisseur<\/b> :\u00a0 3 cm<\/li>\n<li><b>Disponibilit\u00e9<\/b> : Al\u00e9atoire, n&rsquo;h\u00e9sitez pas \u00e0 nous<a href=\"https:\/\/provence-materiaux-anciens.com\/contact\/\"> contacter<\/a> si vous souhaitez savoir la disponibilit\u00e9 du produit<\/li>\n<\/ul>\n<p>Dallage ancien ext\u00e9rieur \u00ab\u00a0bars de Beaucaire\u00a0\u00bb. Ce dallage tr\u00e8s rare sublimera vos terrasses, all\u00e9es pi\u00e9tonnes ou tour de piscine. Il s&rsquo;agit d&rsquo;un vieux dallage d&rsquo;un calcaire d\u2019excellente qualit\u00e9 bonifi\u00e9 par la patine des ann\u00e9es. Ces vieux bars apportent une authenticit\u00e9 incomparable \u00e0 vos projets. La pose de ce vieux dallage calcaire est en bandes libres. Pour un dallage ancien pos\u00e9 en opus, d\u00e9couvrez nos <a href=\"https:\/\/provence-materiaux-anciens.com\/produit\/sols\/dallages-anciens\/dalles-de-bourgogne\/dalles-de-bourgogne-anciennes\/\">dalles de Bourgogne anciennes<\/a>.<\/p>\n","protected":false},"featured_media":3658,"template":"","meta":{"_monsterinsights_skip_tracking":false,"_monsterinsights_sitenote_active":false,"_monsterinsights_sitenote_note":"","_monsterinsights_sitenote_category":0},"product_brand":[],"product_cat":[36,37,32],"product_tag":[],"class_list":{"0":"post-1090","1":"product","2":"type-product","3":"status-publish","4":"has-post-thumbnail","6":"product_cat-dallages-anciens","7":"product_cat-dallage-ancien","8":"product_cat-sols","10":"first","11":"instock","12":"shipping-taxable","13":"product-type-simple"},"yoast_head":"<!-- This site is optimized with the Yoast SEO Premium plugin v22.1 (Yoast SEO v24.6) - https:\/\/yoast.com\/wordpress\/plugins\/seo\/ -->\n<title>Dallage ancien ext\u00e9rieur &quot;Bar de Beaucaire&quot; - Provence Mat\u00e9riaux Anciens<\/title>\n<meta name=\"robots\" content=\"index, follow, max-snippet:-1, max-image-preview:large, max-video-preview:-1\" \/>\n<link rel=\"canonical\" href=\"https:\/\/provence-materiaux-anciens.com\/fr\/produit\/sols\/dallages-anciens\/dallage-ancien\/dallage-ancien-exterieur-bar-de-beaucaire\/\" \/>\n<meta property=\"og:locale\" content=\"fr_FR\" \/>\n<meta property=\"og:type\" content=\"article\" \/>\n<meta property=\"og:title\" content=\"Dallage ancien ext\u00e9rieur &quot;Bar de Beaucaire&quot;\" \/>\n<meta property=\"og:description\" content=\"Ref: Dallage ancien ext\u00e9rieur &quot;Bar de beaucaire&quot; (DAL01)   Longueur : 55 - 60 cm  Largeur : 46 - 50 cm  \u00c9paisseur :\u00a0 3 cm  Disponibilit\u00e9 : Al\u00e9atoire, n&#039;h\u00e9sitez pas \u00e0 nous contacter si vous souhaitez savoir la disponibilit\u00e9 du produit  Dallage ancien ext\u00e9rieur &quot;bars de Beaucaire&quot;. Ce dallage tr\u00e8s rare sublimera vos terrasses, all\u00e9es pi\u00e9tonnes ou tour de piscine. Il s&#039;agit d&#039;un vieux dallage d&#039;un calcaire d\u2019excellente qualit\u00e9 bonifi\u00e9 par la patine des ann\u00e9es. Ces vieux bars apportent une authenticit\u00e9 incomparable \u00e0 vos projets. La pose de ce vieux dallage calcaire est en bandes libres. Pour un dallage ancien pos\u00e9 en opus, d\u00e9couvrez nos dalles de Bourgogne anciennes.\" \/>\n<meta property=\"og:url\" content=\"https:\/\/provence-materiaux-anciens.com\/fr\/produit\/sols\/dallages-anciens\/dallage-ancien\/dallage-ancien-exterieur-bar-de-beaucaire\/\" \/>\n<meta property=\"og:site_name\" content=\"Provence Mat\u00e9riaux Anciens\" \/>\n<meta property=\"article:publisher\" content=\"https:\/\/www.facebook.com\/provencemateriauxanciens\" \/>\n<meta property=\"article:modified_time\" content=\"2024-03-06T08:56:46+00:00\" \/>\n<meta property=\"og:image\" content=\"https:\/\/provence-materiaux-anciens.com\/wp-content\/uploads\/2023\/05\/BAR-BEAUCAIRE.jpg\" \/>\n\t<meta property=\"og:image:width\" content=\"960\" \/>\n\t<meta property=\"og:image:height\" content=\"1280\" \/>\n\t<meta property=\"og:image:type\" content=\"image\/jpeg\" \/>\n<meta name=\"twitter:card\" content=\"summary_large_image\" \/>\n<meta name=\"twitter:label1\" content=\"Dur\u00e9e de lecture estim\u00e9e\" \/>\n\t<meta name=\"twitter:data1\" content=\"2 minutes\" \/>\n<script type=\"application\/ld+json\" class=\"yoast-schema-graph\">{\"@context\":\"https:\/\/schema.org\",\"@graph\":[{\"@type\":\"WebPage\",\"@id\":\"https:\/\/provence-materiaux-anciens.com\/fr\/produit\/sols\/dallages-anciens\/dallage-ancien\/dallage-ancien-exterieur-bar-de-beaucaire\/\",\"url\":\"https:\/\/provence-materiaux-anciens.com\/fr\/produit\/sols\/dallages-anciens\/dallage-ancien\/dallage-ancien-exterieur-bar-de-beaucaire\/\",\"name\":\"Dallage ancien ext\u00e9rieur \\\"Bar de Beaucaire\\\" - Provence Mat\u00e9riaux Anciens\",\"isPartOf\":{\"@id\":\"https:\/\/provence-materiaux-anciens.com\/#website\"},\"primaryImageOfPage\":{\"@id\":\"https:\/\/provence-materiaux-anciens.com\/fr\/produit\/sols\/dallages-anciens\/dallage-ancien\/dallage-ancien-exterieur-bar-de-beaucaire\/#primaryimage\"},\"image\":{\"@id\":\"https:\/\/provence-materiaux-anciens.com\/fr\/produit\/sols\/dallages-anciens\/dallage-ancien\/dallage-ancien-exterieur-bar-de-beaucaire\/#primaryimage\"},\"thumbnailUrl\":\"https:\/\/provence-materiaux-anciens.com\/wp-content\/uploads\/2023\/05\/BAR-BEAUCAIRE.jpg\",\"datePublished\":\"2022-12-02T18:51:42+00:00\",\"dateModified\":\"2024-03-06T08:56:46+00:00\",\"breadcrumb\":{\"@id\":\"https:\/\/provence-materiaux-anciens.com\/fr\/produit\/sols\/dallages-anciens\/dallage-ancien\/dallage-ancien-exterieur-bar-de-beaucaire\/#breadcrumb\"},\"inLanguage\":\"fr-FR\",\"potentialAction\":[{\"@type\":\"ReadAction\",\"target\":[\"https:\/\/provence-materiaux-anciens.com\/fr\/produit\/sols\/dallages-anciens\/dallage-ancien\/dallage-ancien-exterieur-bar-de-beaucaire\/\"]}]},{\"@type\":\"ImageObject\",\"inLanguage\":\"fr-FR\",\"@id\":\"https:\/\/provence-materiaux-anciens.com\/fr\/produit\/sols\/dallages-anciens\/dallage-ancien\/dallage-ancien-exterieur-bar-de-beaucaire\/#primaryimage\",\"url\":\"https:\/\/provence-materiaux-anciens.com\/wp-content\/uploads\/2023\/05\/BAR-BEAUCAIRE.jpg\",\"contentUrl\":\"https:\/\/provence-materiaux-anciens.com\/wp-content\/uploads\/2023\/05\/BAR-BEAUCAIRE.jpg\",\"width\":960,\"height\":1280},{\"@type\":\"BreadcrumbList\",\"@id\":\"https:\/\/provence-materiaux-anciens.com\/fr\/produit\/sols\/dallages-anciens\/dallage-ancien\/dallage-ancien-exterieur-bar-de-beaucaire\/#breadcrumb\",\"itemListElement\":[{\"@type\":\"ListItem\",\"position\":1,\"name\":\"Accueil\",\"item\":\"https:\/\/provence-materiaux-anciens.com\/fr\/\"},{\"@type\":\"ListItem\",\"position\":2,\"name\":\"Produits\",\"item\":\"https:\/\/provence-materiaux-anciens.com\/produit\/\"},{\"@type\":\"ListItem\",\"position\":3,\"name\":\"Dallage ancien ext\u00e9rieur \u00ab\u00a0Bar de Beaucaire\u00a0\u00bb\"}]},{\"@type\":\"WebSite\",\"@id\":\"https:\/\/provence-materiaux-anciens.com\/#website\",\"url\":\"https:\/\/provence-materiaux-anciens.com\/\",\"name\":\"Provence Mat\u00e9riaux Anciens\",\"description\":\"Achat et vente de mat\u00e9riaux anciens de construction, poutres, tuiles, planchers, charpentes, dallages, terres cuites.\",\"publisher\":{\"@id\":\"https:\/\/provence-materiaux-anciens.com\/#organization\"},\"potentialAction\":[{\"@type\":\"SearchAction\",\"target\":{\"@type\":\"EntryPoint\",\"urlTemplate\":\"https:\/\/provence-materiaux-anciens.com\/?s={search_term_string}\"},\"query-input\":{\"@type\":\"PropertyValueSpecification\",\"valueRequired\":true,\"valueName\":\"search_term_string\"}}],\"inLanguage\":\"fr-FR\"},{\"@type\":\"Organization\",\"@id\":\"https:\/\/provence-materiaux-anciens.com\/#organization\",\"name\":\"Provence Mat\u00e9riaux Anciens\",\"url\":\"https:\/\/provence-materiaux-anciens.com\/\",\"logo\":{\"@type\":\"ImageObject\",\"inLanguage\":\"fr-FR\",\"@id\":\"https:\/\/provence-materiaux-anciens.com\/#\/schema\/logo\/image\/\",\"url\":\"https:\/\/provence-materiaux-anciens.com\/wp-content\/uploads\/2022\/03\/cropped-logo-pma-web.png\",\"contentUrl\":\"https:\/\/provence-materiaux-anciens.com\/wp-content\/uploads\/2022\/03\/cropped-logo-pma-web.png\",\"width\":650,\"height\":434,\"caption\":\"Provence Mat\u00e9riaux Anciens\"},\"image\":{\"@id\":\"https:\/\/provence-materiaux-anciens.com\/#\/schema\/logo\/image\/\"},\"sameAs\":[\"https:\/\/www.facebook.com\/provencemateriauxanciens\",\"https:\/\/www.instagram.com\/provencemateriauxanciens\/\",\"https:\/\/www.pinterest.fr\/provencemateriauxanciens\/\"]}]}<\/script>\n<!-- \/ Yoast SEO Premium plugin. -->","yoast_head_json":{"title":"Dallage ancien ext\u00e9rieur \"Bar de Beaucaire\" - Provence Mat\u00e9riaux Anciens","robots":{"index":"index","follow":"follow","max-snippet":"max-snippet:-1","max-image-preview":"max-image-preview:large","max-video-preview":"max-video-preview:-1"},"canonical":"https:\/\/provence-materiaux-anciens.com\/fr\/produit\/sols\/dallages-anciens\/dallage-ancien\/dallage-ancien-exterieur-bar-de-beaucaire\/","og_locale":"fr_FR","og_type":"article","og_title":"Dallage ancien ext\u00e9rieur \"Bar de Beaucaire\"","og_description":"Ref: Dallage ancien ext\u00e9rieur \"Bar de beaucaire\" (DAL01)   Longueur : 55 - 60 cm  Largeur : 46 - 50 cm  \u00c9paisseur :\u00a0 3 cm  Disponibilit\u00e9 : Al\u00e9atoire, n'h\u00e9sitez pas \u00e0 nous contacter si vous souhaitez savoir la disponibilit\u00e9 du produit  Dallage ancien ext\u00e9rieur \"bars de Beaucaire\". Ce dallage tr\u00e8s rare sublimera vos terrasses, all\u00e9es pi\u00e9tonnes ou tour de piscine. Il s'agit d'un vieux dallage d'un calcaire d\u2019excellente qualit\u00e9 bonifi\u00e9 par la patine des ann\u00e9es. Ces vieux bars apportent une authenticit\u00e9 incomparable \u00e0 vos projets. La pose de ce vieux dallage calcaire est en bandes libres. Pour un dallage ancien pos\u00e9 en opus, d\u00e9couvrez nos dalles de Bourgogne anciennes.","og_url":"https:\/\/provence-materiaux-anciens.com\/fr\/produit\/sols\/dallages-anciens\/dallage-ancien\/dallage-ancien-exterieur-bar-de-beaucaire\/","og_site_name":"Provence Mat\u00e9riaux Anciens","article_publisher":"https:\/\/www.facebook.com\/provencemateriauxanciens","article_modified_time":"2024-03-06T08:56:46+00:00","og_image":[{"width":960,"height":1280,"url":"https:\/\/provence-materiaux-anciens.com\/wp-content\/uploads\/2023\/05\/BAR-BEAUCAIRE.jpg","type":"image\/jpeg"}],"twitter_card":"summary_large_image","twitter_misc":{"Dur\u00e9e de lecture estim\u00e9e":"2 minutes"},"schema":{"@context":"https:\/\/schema.org","@graph":[{"@type":"WebPage","@id":"https:\/\/provence-materiaux-anciens.com\/fr\/produit\/sols\/dallages-anciens\/dallage-ancien\/dallage-ancien-exterieur-bar-de-beaucaire\/","url":"https:\/\/provence-materiaux-anciens.com\/fr\/produit\/sols\/dallages-anciens\/dallage-ancien\/dallage-ancien-exterieur-bar-de-beaucaire\/","name":"Dallage ancien ext\u00e9rieur \"Bar de Beaucaire\" - Provence Mat\u00e9riaux Anciens","isPartOf":{"@id":"https:\/\/provence-materiaux-anciens.com\/#website"},"primaryImageOfPage":{"@id":"https:\/\/provence-materiaux-anciens.com\/fr\/produit\/sols\/dallages-anciens\/dallage-ancien\/dallage-ancien-exterieur-bar-de-beaucaire\/#primaryimage"},"image":{"@id":"https:\/\/provence-materiaux-anciens.com\/fr\/produit\/sols\/dallages-anciens\/dallage-ancien\/dallage-ancien-exterieur-bar-de-beaucaire\/#primaryimage"},"thumbnailUrl":"https:\/\/provence-materiaux-anciens.com\/wp-content\/uploads\/2023\/05\/BAR-BEAUCAIRE.jpg","datePublished":"2022-12-02T18:51:42+00:00","dateModified":"2024-03-06T08:56:46+00:00","breadcrumb":{"@id":"https:\/\/provence-materiaux-anciens.com\/fr\/produit\/sols\/dallages-anciens\/dallage-ancien\/dallage-ancien-exterieur-bar-de-beaucaire\/#breadcrumb"},"inLanguage":"fr-FR","potentialAction":[{"@type":"ReadAction","target":["https:\/\/provence-materiaux-anciens.com\/fr\/produit\/sols\/dallages-anciens\/dallage-ancien\/dallage-ancien-exterieur-bar-de-beaucaire\/"]}]},{"@type":"ImageObject","inLanguage":"fr-FR","@id":"https:\/\/provence-materiaux-anciens.com\/fr\/produit\/sols\/dallages-anciens\/dallage-ancien\/dallage-ancien-exterieur-bar-de-beaucaire\/#primaryimage","url":"https:\/\/provence-materiaux-anciens.com\/wp-content\/uploads\/2023\/05\/BAR-BEAUCAIRE.jpg","contentUrl":"https:\/\/provence-materiaux-anciens.com\/wp-content\/uploads\/2023\/05\/BAR-BEAUCAIRE.jpg","width":960,"height":1280},{"@type":"BreadcrumbList","@id":"https:\/\/provence-materiaux-anciens.com\/fr\/produit\/sols\/dallages-anciens\/dallage-ancien\/dallage-ancien-exterieur-bar-de-beaucaire\/#breadcrumb","itemListElement":[{"@type":"ListItem","position":1,"name":"Accueil","item":"https:\/\/provence-materiaux-anciens.com\/fr\/"},{"@type":"ListItem","position":2,"name":"Produits","item":"https:\/\/provence-materiaux-anciens.com\/produit\/"},{"@type":"ListItem","position":3,"name":"Dallage ancien ext\u00e9rieur \u00ab\u00a0Bar de Beaucaire\u00a0\u00bb"}]},{"@type":"WebSite","@id":"https:\/\/provence-materiaux-anciens.com\/#website","url":"https:\/\/provence-materiaux-anciens.com\/","name":"Provence Mat\u00e9riaux Anciens","description":"Achat et vente de mat\u00e9riaux anciens de construction, poutres, tuiles, planchers, charpentes, dallages, terres cuites.","publisher":{"@id":"https:\/\/provence-materiaux-anciens.com\/#organization"},"potentialAction":[{"@type":"SearchAction","target":{"@type":"EntryPoint","urlTemplate":"https:\/\/provence-materiaux-anciens.com\/?s={search_term_string}"},"query-input":{"@type":"PropertyValueSpecification","valueRequired":true,"valueName":"search_term_string"}}],"inLanguage":"fr-FR"},{"@type":"Organization","@id":"https:\/\/provence-materiaux-anciens.com\/#organization","name":"Provence Mat\u00e9riaux Anciens","url":"https:\/\/provence-materiaux-anciens.com\/","logo":{"@type":"ImageObject","inLanguage":"fr-FR","@id":"https:\/\/provence-materiaux-anciens.com\/#\/schema\/logo\/image\/","url":"https:\/\/provence-materiaux-anciens.com\/wp-content\/uploads\/2022\/03\/cropped-logo-pma-web.png","contentUrl":"https:\/\/provence-materiaux-anciens.com\/wp-content\/uploads\/2022\/03\/cropped-logo-pma-web.png","width":650,"height":434,"caption":"Provence Mat\u00e9riaux Anciens"},"image":{"@id":"https:\/\/provence-materiaux-anciens.com\/#\/schema\/logo\/image\/"},"sameAs":["https:\/\/www.facebook.com\/provencemateriauxanciens","https:\/\/www.instagram.com\/provencemateriauxanciens\/","https:\/\/www.pinterest.fr\/provencemateriauxanciens\/"]}]}},"_links":{"self":[{"href":"https:\/\/provence-materiaux-anciens.com\/fr\/wp-json\/wp\/v2\/product\/1090","targetHints":{"allow":["GET"]}}],"collection":[{"href":"https:\/\/provence-materiaux-anciens.com\/fr\/wp-json\/wp\/v2\/product"}],"about":[{"href":"https:\/\/provence-materiaux-anciens.com\/fr\/wp-json\/wp\/v2\/types\/product"}],"wp:featuredmedia":[{"embeddable":true,"href":"https:\/\/provence-materiaux-anciens.com\/fr\/wp-json\/wp\/v2\/media\/3658"}],"wp:attachment":[{"href":"https:\/\/provence-materiaux-anciens.com\/fr\/wp-json\/wp\/v2\/media?parent=1090"}],"wp:term":[{"taxonomy":"product_brand","embeddable":true,"href":"https:\/\/provence-materiaux-anciens.com\/fr\/wp-json\/wp\/v2\/product_brand?post=1090"},{"taxonomy":"product_cat","embeddable":true,"href":"https:\/\/provence-materiaux-anciens.com\/fr\/wp-json\/wp\/v2\/product_cat?post=1090"},{"taxonomy":"product_tag","embeddable":true,"href":"https:\/\/provence-materiaux-anciens.com\/fr\/wp-json\/wp\/v2\/product_tag?post=1090"}],"curies":[{"name":"wp","href":"https:\/\/api.w.org\/{rel}","templated":true}]}}