{"id":1092,"date":"2022-12-02T18:51:42","date_gmt":"2022-12-02T18:51:42","guid":{"rendered":"https:\/\/provence-materiaux-anciens.com\/?post_type=product&#038;p=1092"},"modified":"2024-03-06T08:56:46","modified_gmt":"2024-03-06T08:56:46","slug":"vieux-dallage-de-bourgogne","status":"publish","type":"product","link":"https:\/\/provence-materiaux-anciens.com\/fr\/produit\/sols\/dallages-anciens\/dalles-de-bourgogne\/vieux-dallage-de-bourgogne\/","title":{"rendered":"Vieux dallage de Bourgogne"},"content":{"rendered":"<p><span style=\"font-weight: 400;\">Vous recherchez un rev\u00eatement pour sol original et qui rendra \u00e0 votre domicile toute sa splendeur ? Notre Vieux dallage de Bourgogne est ce qu\u2019il vous faut !<\/span><\/p>\n<h3><span style=\"font-weight: 400;\">Vieux dallage de Bourgogne : quand l\u2019esth\u00e9tisme et le charme se rencontrent !<\/span><\/h3>\n<p><span style=\"font-weight: 400;\">Voici des dallages anciens qui rendront votre cadre de vie sympathique et agr\u00e9able. Avec ses diff\u00e9rents tons clairs, ces carreaux en terre cuite apporteront la touche finale esth\u00e9tique qui manquait \u00e0 votre maison. Vous pourrez les utiliser pour vos projets de construction ou de r\u00e9novation. Ce sont des carreaux qui s\u2019assemblent facilement, et qui apporteront du dynamisme \u00e0 votre maison. Leur couleur naturelle est particuli\u00e8rement belle et s\u2019associe avec de la d\u00e9coration moderne ou rustique.<\/span><\/p>\n<p><span style=\"font-weight: 400;\">De ce fait, vous pouvez vous servir de ce vieux dallage pour le rev\u00eatement de toutes les pi\u00e8ces de la maison, du salon \u00e0 la salle bain, en passant par les chambres \u00e0 coucher ou encore la cuisine. Et pourquoi pas les utiliser pour un rev\u00eatement mural ? Tout cela est possible.<\/span><\/p>\n<h3><span style=\"font-weight: 400;\">Choisissez des carreaux solides et r\u00e9sistants<\/span><\/h3>\n<p><span style=\"font-weight: 400;\">L\u2019une des caract\u00e9ristiques majeures de notre Vieux dallage de Bourgogne, c\u2019est sa forte solidit\u00e9. Leur fabrication \u00e0 partir de la terre cuite leur assure une p\u00e9rennit\u00e9 certaine. Pendant de nombreuses ann\u00e9es, ils vont r\u00e9sister \u00e0 l\u2019usure du temps. Toutefois, il est important d\u2019assurer un entretien r\u00e9gulier en les nettoyant avec quelques produits naturels notamment du bicarbonate de soude, du vinaigre blanc, etc. Pour garder la beaut\u00e9 et l\u2019\u00e9clat de ces carreaux en terre cuite, vous devrez \u00e9viter au maximum l\u2019incrustation de la salet\u00e9.\u00a0<\/span><\/p>\n<p><span style=\"font-weight: 400;\">Ces dallages anciens sont \u00e9cologiques. Ils peuvent \u00eatre utilis\u00e9s et r\u00e9utilis\u00e9s pendant de longues ann\u00e9es.<\/span><\/p>\n<p><span style=\"font-weight: 400;\">Il est clair que les carreaux en terre cuite sont de nos jours une aubaine pour le rev\u00eatement de sol, alors n\u2019h\u00e9sitez plus ! Commandez d\u00e8s maintenant notre Vieux dallage de Bourgogne, le stock est limit\u00e9 !<\/span><\/p>\n","protected":false},"excerpt":{"rendered":"<h2><strong>Ref: <\/strong>Vieux dallage de Bourgogne (Dalb03)<\/h2>\n<ul>\n<li><strong>DIMENSIONS:<\/strong> variable (pose en opus incertum)<\/li>\n<li><strong>\u00c9PAISSEUR:<\/strong> variable<\/li>\n<\/ul>\n<p>Vieux dallage de Bourgogne dans des tons clairs. Les vieilles pierres de Bourgogne ont des variations de teintes et de surfaces selon les arrivages. Toute notre exp\u00e9rience est n\u00e9cessaire pour la s\u00e9lection des sols anciens de Bourgogne. Les caract\u00e9ristiques de chaque lot de dallage ancien de Bourgogne font que le r\u00e9sultat \u00e0 la pose est toujours unique. Un sol en dalle de Bourgogne de r\u00e9cup\u00e9ration d\u00e9gage une \u00e9l\u00e9gance incomparable.<\/p>\n","protected":false},"featured_media":1631,"template":"","meta":{"_monsterinsights_skip_tracking":false,"_monsterinsights_sitenote_active":false,"_monsterinsights_sitenote_note":"","_monsterinsights_sitenote_category":0},"product_brand":[],"product_cat":[39],"product_tag":[],"class_list":{"0":"post-1092","1":"product","2":"type-product","3":"status-publish","4":"has-post-thumbnail","6":"product_cat-dalles-de-bourgogne","8":"first","9":"instock","10":"shipping-taxable","11":"product-type-simple"},"yoast_head":"<!-- This site is optimized with the Yoast SEO Premium plugin v22.1 (Yoast SEO v24.6) - https:\/\/yoast.com\/wordpress\/plugins\/seo\/ -->\n<title>Vieux dallage de Bourgogne - Provence Mat\u00e9riaux Anciens<\/title>\n<meta name=\"robots\" content=\"index, follow, max-snippet:-1, max-image-preview:large, max-video-preview:-1\" \/>\n<link rel=\"canonical\" href=\"https:\/\/provence-materiaux-anciens.com\/fr\/produit\/sols\/dallages-anciens\/dalles-de-bourgogne\/vieux-dallage-de-bourgogne\/\" \/>\n<meta property=\"og:locale\" content=\"fr_FR\" \/>\n<meta property=\"og:type\" content=\"article\" \/>\n<meta property=\"og:title\" content=\"Vieux dallage de Bourgogne\" \/>\n<meta property=\"og:description\" content=\"Ref: Vieux dallage de Bourgogne (Dalb03)   DIMENSIONS: variable (pose en opus incertum)  \u00c9PAISSEUR: variable  Vieux dallage de Bourgogne dans des tons clairs. Les vieilles pierres de Bourgogne ont des variations de teintes et de surfaces selon les arrivages. Toute notre exp\u00e9rience est n\u00e9cessaire pour la s\u00e9lection des sols anciens de Bourgogne. Les caract\u00e9ristiques de chaque lot de dallage ancien de Bourgogne font que le r\u00e9sultat \u00e0 la pose est toujours unique. Un sol en dalle de Bourgogne de r\u00e9cup\u00e9ration d\u00e9gage une \u00e9l\u00e9gance incomparable.\" \/>\n<meta property=\"og:url\" content=\"https:\/\/provence-materiaux-anciens.com\/fr\/produit\/sols\/dallages-anciens\/dalles-de-bourgogne\/vieux-dallage-de-bourgogne\/\" \/>\n<meta property=\"og:site_name\" content=\"Provence Mat\u00e9riaux Anciens\" \/>\n<meta property=\"article:publisher\" content=\"https:\/\/www.facebook.com\/provencemateriauxanciens\" \/>\n<meta property=\"article:modified_time\" content=\"2024-03-06T08:56:46+00:00\" \/>\n<meta property=\"og:image\" content=\"https:\/\/provence-materiaux-anciens.com\/wp-content\/uploads\/2022\/12\/vieux-dallage-de-bourgogne04.jpg\" \/>\n\t<meta property=\"og:image:width\" content=\"700\" \/>\n\t<meta property=\"og:image:height\" content=\"700\" \/>\n\t<meta property=\"og:image:type\" content=\"image\/jpeg\" \/>\n<meta name=\"twitter:card\" content=\"summary_large_image\" \/>\n<meta name=\"twitter:label1\" content=\"Dur\u00e9e de lecture estim\u00e9e\" \/>\n\t<meta name=\"twitter:data1\" content=\"2 minutes\" \/>\n<script type=\"application\/ld+json\" class=\"yoast-schema-graph\">{\"@context\":\"https:\/\/schema.org\",\"@graph\":[{\"@type\":\"WebPage\",\"@id\":\"https:\/\/provence-materiaux-anciens.com\/produit\/sols\/dallages-anciens\/dalles-de-bourgogne\/vieux-dallage-de-bourgogne\/\",\"url\":\"https:\/\/provence-materiaux-anciens.com\/produit\/sols\/dallages-anciens\/dalles-de-bourgogne\/vieux-dallage-de-bourgogne\/\",\"name\":\"Vieux dallage de Bourgogne - Provence Mat\u00e9riaux Anciens\",\"isPartOf\":{\"@id\":\"https:\/\/provence-materiaux-anciens.com\/#website\"},\"primaryImageOfPage\":{\"@id\":\"https:\/\/provence-materiaux-anciens.com\/produit\/sols\/dallages-anciens\/dalles-de-bourgogne\/vieux-dallage-de-bourgogne\/#primaryimage\"},\"image\":{\"@id\":\"https:\/\/provence-materiaux-anciens.com\/produit\/sols\/dallages-anciens\/dalles-de-bourgogne\/vieux-dallage-de-bourgogne\/#primaryimage\"},\"thumbnailUrl\":\"https:\/\/provence-materiaux-anciens.com\/wp-content\/uploads\/2022\/12\/vieux-dallage-de-bourgogne04.jpg\",\"datePublished\":\"2022-12-02T18:51:42+00:00\",\"dateModified\":\"2024-03-06T08:56:46+00:00\",\"breadcrumb\":{\"@id\":\"https:\/\/provence-materiaux-anciens.com\/produit\/sols\/dallages-anciens\/dalles-de-bourgogne\/vieux-dallage-de-bourgogne\/#breadcrumb\"},\"inLanguage\":\"fr-FR\",\"potentialAction\":[{\"@type\":\"ReadAction\",\"target\":[\"https:\/\/provence-materiaux-anciens.com\/produit\/sols\/dallages-anciens\/dalles-de-bourgogne\/vieux-dallage-de-bourgogne\/\"]}]},{\"@type\":\"ImageObject\",\"inLanguage\":\"fr-FR\",\"@id\":\"https:\/\/provence-materiaux-anciens.com\/produit\/sols\/dallages-anciens\/dalles-de-bourgogne\/vieux-dallage-de-bourgogne\/#primaryimage\",\"url\":\"https:\/\/provence-materiaux-anciens.com\/wp-content\/uploads\/2022\/12\/vieux-dallage-de-bourgogne04.jpg\",\"contentUrl\":\"https:\/\/provence-materiaux-anciens.com\/wp-content\/uploads\/2022\/12\/vieux-dallage-de-bourgogne04.jpg\",\"width\":700,\"height\":700,\"caption\":\"vieux-dallage-de-bourgogne04\"},{\"@type\":\"BreadcrumbList\",\"@id\":\"https:\/\/provence-materiaux-anciens.com\/produit\/sols\/dallages-anciens\/dalles-de-bourgogne\/vieux-dallage-de-bourgogne\/#breadcrumb\",\"itemListElement\":[{\"@type\":\"ListItem\",\"position\":1,\"name\":\"Accueil\",\"item\":\"https:\/\/provence-materiaux-anciens.com\/fr\/\"},{\"@type\":\"ListItem\",\"position\":2,\"name\":\"Produits\",\"item\":\"https:\/\/provence-materiaux-anciens.com\/produit\/\"},{\"@type\":\"ListItem\",\"position\":3,\"name\":\"Vieux dallage de Bourgogne\"}]},{\"@type\":\"WebSite\",\"@id\":\"https:\/\/provence-materiaux-anciens.com\/#website\",\"url\":\"https:\/\/provence-materiaux-anciens.com\/\",\"name\":\"Provence Mat\u00e9riaux Anciens\",\"description\":\"Achat et vente de mat\u00e9riaux anciens de construction, poutres, tuiles, planchers, charpentes, dallages, terres cuites.\",\"publisher\":{\"@id\":\"https:\/\/provence-materiaux-anciens.com\/#organization\"},\"potentialAction\":[{\"@type\":\"SearchAction\",\"target\":{\"@type\":\"EntryPoint\",\"urlTemplate\":\"https:\/\/provence-materiaux-anciens.com\/?s={search_term_string}\"},\"query-input\":{\"@type\":\"PropertyValueSpecification\",\"valueRequired\":true,\"valueName\":\"search_term_string\"}}],\"inLanguage\":\"fr-FR\"},{\"@type\":\"Organization\",\"@id\":\"https:\/\/provence-materiaux-anciens.com\/#organization\",\"name\":\"Provence Mat\u00e9riaux Anciens\",\"url\":\"https:\/\/provence-materiaux-anciens.com\/\",\"logo\":{\"@type\":\"ImageObject\",\"inLanguage\":\"fr-FR\",\"@id\":\"https:\/\/provence-materiaux-anciens.com\/#\/schema\/logo\/image\/\",\"url\":\"https:\/\/provence-materiaux-anciens.com\/wp-content\/uploads\/2022\/03\/cropped-logo-pma-web.png\",\"contentUrl\":\"https:\/\/provence-materiaux-anciens.com\/wp-content\/uploads\/2022\/03\/cropped-logo-pma-web.png\",\"width\":650,\"height\":434,\"caption\":\"Provence Mat\u00e9riaux Anciens\"},\"image\":{\"@id\":\"https:\/\/provence-materiaux-anciens.com\/#\/schema\/logo\/image\/\"},\"sameAs\":[\"https:\/\/www.facebook.com\/provencemateriauxanciens\",\"https:\/\/www.instagram.com\/provencemateriauxanciens\/\",\"https:\/\/www.pinterest.fr\/provencemateriauxanciens\/\"]}]}<\/script>\n<!-- \/ Yoast SEO Premium plugin. -->","yoast_head_json":{"title":"Vieux dallage de Bourgogne - Provence Mat\u00e9riaux Anciens","robots":{"index":"index","follow":"follow","max-snippet":"max-snippet:-1","max-image-preview":"max-image-preview:large","max-video-preview":"max-video-preview:-1"},"canonical":"https:\/\/provence-materiaux-anciens.com\/fr\/produit\/sols\/dallages-anciens\/dalles-de-bourgogne\/vieux-dallage-de-bourgogne\/","og_locale":"fr_FR","og_type":"article","og_title":"Vieux dallage de Bourgogne","og_description":"Ref: Vieux dallage de Bourgogne (Dalb03)   DIMENSIONS: variable (pose en opus incertum)  \u00c9PAISSEUR: variable  Vieux dallage de Bourgogne dans des tons clairs. Les vieilles pierres de Bourgogne ont des variations de teintes et de surfaces selon les arrivages. Toute notre exp\u00e9rience est n\u00e9cessaire pour la s\u00e9lection des sols anciens de Bourgogne. Les caract\u00e9ristiques de chaque lot de dallage ancien de Bourgogne font que le r\u00e9sultat \u00e0 la pose est toujours unique. Un sol en dalle de Bourgogne de r\u00e9cup\u00e9ration d\u00e9gage une \u00e9l\u00e9gance incomparable.","og_url":"https:\/\/provence-materiaux-anciens.com\/fr\/produit\/sols\/dallages-anciens\/dalles-de-bourgogne\/vieux-dallage-de-bourgogne\/","og_site_name":"Provence Mat\u00e9riaux Anciens","article_publisher":"https:\/\/www.facebook.com\/provencemateriauxanciens","article_modified_time":"2024-03-06T08:56:46+00:00","og_image":[{"width":700,"height":700,"url":"https:\/\/provence-materiaux-anciens.com\/wp-content\/uploads\/2022\/12\/vieux-dallage-de-bourgogne04.jpg","type":"image\/jpeg"}],"twitter_card":"summary_large_image","twitter_misc":{"Dur\u00e9e de lecture estim\u00e9e":"2 minutes"},"schema":{"@context":"https:\/\/schema.org","@graph":[{"@type":"WebPage","@id":"https:\/\/provence-materiaux-anciens.com\/produit\/sols\/dallages-anciens\/dalles-de-bourgogne\/vieux-dallage-de-bourgogne\/","url":"https:\/\/provence-materiaux-anciens.com\/produit\/sols\/dallages-anciens\/dalles-de-bourgogne\/vieux-dallage-de-bourgogne\/","name":"Vieux dallage de Bourgogne - Provence Mat\u00e9riaux Anciens","isPartOf":{"@id":"https:\/\/provence-materiaux-anciens.com\/#website"},"primaryImageOfPage":{"@id":"https:\/\/provence-materiaux-anciens.com\/produit\/sols\/dallages-anciens\/dalles-de-bourgogne\/vieux-dallage-de-bourgogne\/#primaryimage"},"image":{"@id":"https:\/\/provence-materiaux-anciens.com\/produit\/sols\/dallages-anciens\/dalles-de-bourgogne\/vieux-dallage-de-bourgogne\/#primaryimage"},"thumbnailUrl":"https:\/\/provence-materiaux-anciens.com\/wp-content\/uploads\/2022\/12\/vieux-dallage-de-bourgogne04.jpg","datePublished":"2022-12-02T18:51:42+00:00","dateModified":"2024-03-06T08:56:46+00:00","breadcrumb":{"@id":"https:\/\/provence-materiaux-anciens.com\/produit\/sols\/dallages-anciens\/dalles-de-bourgogne\/vieux-dallage-de-bourgogne\/#breadcrumb"},"inLanguage":"fr-FR","potentialAction":[{"@type":"ReadAction","target":["https:\/\/provence-materiaux-anciens.com\/produit\/sols\/dallages-anciens\/dalles-de-bourgogne\/vieux-dallage-de-bourgogne\/"]}]},{"@type":"ImageObject","inLanguage":"fr-FR","@id":"https:\/\/provence-materiaux-anciens.com\/produit\/sols\/dallages-anciens\/dalles-de-bourgogne\/vieux-dallage-de-bourgogne\/#primaryimage","url":"https:\/\/provence-materiaux-anciens.com\/wp-content\/uploads\/2022\/12\/vieux-dallage-de-bourgogne04.jpg","contentUrl":"https:\/\/provence-materiaux-anciens.com\/wp-content\/uploads\/2022\/12\/vieux-dallage-de-bourgogne04.jpg","width":700,"height":700,"caption":"vieux-dallage-de-bourgogne04"},{"@type":"BreadcrumbList","@id":"https:\/\/provence-materiaux-anciens.com\/produit\/sols\/dallages-anciens\/dalles-de-bourgogne\/vieux-dallage-de-bourgogne\/#breadcrumb","itemListElement":[{"@type":"ListItem","position":1,"name":"Accueil","item":"https:\/\/provence-materiaux-anciens.com\/fr\/"},{"@type":"ListItem","position":2,"name":"Produits","item":"https:\/\/provence-materiaux-anciens.com\/produit\/"},{"@type":"ListItem","position":3,"name":"Vieux dallage de Bourgogne"}]},{"@type":"WebSite","@id":"https:\/\/provence-materiaux-anciens.com\/#website","url":"https:\/\/provence-materiaux-anciens.com\/","name":"Provence Mat\u00e9riaux Anciens","description":"Achat et vente de mat\u00e9riaux anciens de construction, poutres, tuiles, planchers, charpentes, dallages, terres cuites.","publisher":{"@id":"https:\/\/provence-materiaux-anciens.com\/#organization"},"potentialAction":[{"@type":"SearchAction","target":{"@type":"EntryPoint","urlTemplate":"https:\/\/provence-materiaux-anciens.com\/?s={search_term_string}"},"query-input":{"@type":"PropertyValueSpecification","valueRequired":true,"valueName":"search_term_string"}}],"inLanguage":"fr-FR"},{"@type":"Organization","@id":"https:\/\/provence-materiaux-anciens.com\/#organization","name":"Provence Mat\u00e9riaux Anciens","url":"https:\/\/provence-materiaux-anciens.com\/","logo":{"@type":"ImageObject","inLanguage":"fr-FR","@id":"https:\/\/provence-materiaux-anciens.com\/#\/schema\/logo\/image\/","url":"https:\/\/provence-materiaux-anciens.com\/wp-content\/uploads\/2022\/03\/cropped-logo-pma-web.png","contentUrl":"https:\/\/provence-materiaux-anciens.com\/wp-content\/uploads\/2022\/03\/cropped-logo-pma-web.png","width":650,"height":434,"caption":"Provence Mat\u00e9riaux Anciens"},"image":{"@id":"https:\/\/provence-materiaux-anciens.com\/#\/schema\/logo\/image\/"},"sameAs":["https:\/\/www.facebook.com\/provencemateriauxanciens","https:\/\/www.instagram.com\/provencemateriauxanciens\/","https:\/\/www.pinterest.fr\/provencemateriauxanciens\/"]}]}},"_links":{"self":[{"href":"https:\/\/provence-materiaux-anciens.com\/fr\/wp-json\/wp\/v2\/product\/1092","targetHints":{"allow":["GET"]}}],"collection":[{"href":"https:\/\/provence-materiaux-anciens.com\/fr\/wp-json\/wp\/v2\/product"}],"about":[{"href":"https:\/\/provence-materiaux-anciens.com\/fr\/wp-json\/wp\/v2\/types\/product"}],"wp:featuredmedia":[{"embeddable":true,"href":"https:\/\/provence-materiaux-anciens.com\/fr\/wp-json\/wp\/v2\/media\/1631"}],"wp:attachment":[{"href":"https:\/\/provence-materiaux-anciens.com\/fr\/wp-json\/wp\/v2\/media?parent=1092"}],"wp:term":[{"taxonomy":"product_brand","embeddable":true,"href":"https:\/\/provence-materiaux-anciens.com\/fr\/wp-json\/wp\/v2\/product_brand?post=1092"},{"taxonomy":"product_cat","embeddable":true,"href":"https:\/\/provence-materiaux-anciens.com\/fr\/wp-json\/wp\/v2\/product_cat?post=1092"},{"taxonomy":"product_tag","embeddable":true,"href":"https:\/\/provence-materiaux-anciens.com\/fr\/wp-json\/wp\/v2\/product_tag?post=1092"}],"curies":[{"name":"wp","href":"https:\/\/api.w.org\/{rel}","templated":true}]}}