{"id":1093,"date":"2022-12-02T18:51:42","date_gmt":"2022-12-02T18:51:42","guid":{"rendered":"https:\/\/provence-materiaux-anciens.com\/?post_type=product&#038;p=1093"},"modified":"2025-04-29T13:35:23","modified_gmt":"2025-04-29T13:35:23","slug":"dalles-de-bourgogne-anciennes","status":"publish","type":"product","link":"https:\/\/provence-materiaux-anciens.com\/fr\/produit\/sols\/dallages-anciens\/dalles-de-bourgogne\/dalles-de-bourgogne-anciennes\/","title":{"rendered":"Dalles de Bourgogne anciennes"},"content":{"rendered":"<p><span style=\"font-weight: 400;\">D\u00e9couvrez nos Dalles de Bourgogne anciennes, un rev\u00eatement de sol atypique pour les logements en campagne et en zone urbaine !\u00a0<\/span><\/p>\n<h3><span style=\"font-weight: 400;\">Choisissez les dalles en terre cuite pour une d\u00e9co ext\u00e9rieure originale et attrayante\u00a0<\/span><\/h3>\n<p><span style=\"font-weight: 400;\">Nous aimerions tous vivre dans un cadre plaisant et agr\u00e9able. Pour cela, il est important de faire les bons choix d\u2019am\u00e9nagement. Nos Dalles de Bourgogne anciennes s\u2019utilisent principalement pour la d\u00e9co ext\u00e9rieure. Ce sont des carreaux particuli\u00e8rement esth\u00e9tiques, qui peuvent \u00eatre pos\u00e9s sur le sol d\u2019un patio, d\u2019une v\u00e9randa, etc. Ces carrelages fabriqu\u00e9s \u00e0 partir de terre cuite ont une couleur naturelle qui les distingue de tous les autres types de carreaux. D\u00e8s l\u2019ext\u00e9rieur de votre domicile, vos visiteurs seront d\u00e9j\u00e0 bluff\u00e9s par l\u2019accueil chaleureux que leur offrira la couleur douce de nos dallages.<\/span><\/p>\n<h3><span style=\"font-weight: 400;\">Faites le choix d\u2019un rev\u00eatement solide et durable<\/span><\/h3>\n<p><span style=\"font-weight: 400;\">Personne ne souhaiterait voir son carrelage ab\u00eem\u00e9 au bout de quelques ann\u00e9es seulement. Dans ce genre de cas, \u00e7a serait un investissement perdu. Pour vous \u00e9viter de devoir changer de carrelage en peu de temps, vous pourrez choisir avec assurance nos Dalles de Bourgogne anciennes. Ces carrelages en terre cuite sont capables de durer plusieurs dizaines d\u2019ann\u00e9es tout en gardant leur beaut\u00e9. Ils sont r\u00e9sistants aux chocs et se fissurent difficilement. Il faut \u00e9galement noter que c\u2019est un rev\u00eatement qui r\u00e9siste parfaitement aux intemp\u00e9ries. Ann\u00e9es apr\u00e8s ann\u00e9es, le rev\u00eatement restera bien en place, pour votre plus grande satisfaction.<\/span><\/p>\n<p><span style=\"font-weight: 400;\">Par ailleurs, c\u2019est un rev\u00eatement id\u00e9al pour les maisons fr\u00e9quent\u00e9es par des enfants et personnes \u00e2g\u00e9es. Il est en effet antid\u00e9rapant, et limite les risques de chutes, y compris pendant le nettoyage. Et parlant justement de nettoyage, l\u2019entretien de ces dalles n\u00e9cessite juste quelques petits gestes de routine pour \u00eatre impeccable. Vous pouvez tout simplement vous servir d\u2019un balai. Id\u00e9alement, faites-le de mani\u00e8re r\u00e9guli\u00e8re, afin d\u2019emp\u00eacher au maximum l\u2019incrustation de la salet\u00e9. Toutefois, en cas d\u2019incrustation, les produits naturels tels que le bicarbonate de soude, le vinaigre blanc ou encore du jus de citron seront efficaces pour le nettoyage.\u00a0<\/span><\/p>\n<p><span style=\"font-weight: 400;\">Choisissez nos Dalles de Bourgogne anciennes pour une d\u00e9co originale avec des rev\u00eatements de sol durables.<\/span><span style=\"font-weight: 400;\"><br \/>\n<\/span><\/p>\n","protected":false},"excerpt":{"rendered":"<h2><strong>Ref : <\/strong>Dalles de Bourgogne anciennes (Dalb02)<\/h2>\n<ul>\n<li><strong>DIMENSIONS :<\/strong> variable (pose en opus incertum)<\/li>\n<li><strong>\u00c9PAISSEUR :<\/strong> variable ou sci\u00e9e \u00e0 3 cm.<\/li>\n<\/ul>\n<p>Vieilles dalles de Bourgogne pour pose en ext\u00e9rieur.<br \/>\nLes vieilles dalles de Bourgogne sont un choix prestigieux pour les am\u00e9nagements ext\u00e9rieurs, alliant tradition et authenticit\u00e9. Originaires des carri\u00e8res historiques de la r\u00e9gion de Bourgogne, ces dalles anciennes remontent aux XVIIIe et XIXe si\u00e8cles. Chaque pi\u00e8ce raconte une histoire, marqu\u00e9e par les variations naturelles de textures et de couleurs, en raison de la diversit\u00e9 des carri\u00e8res de la r\u00e9gion.<br \/>\nTraditionnellement pos\u00e9es en opus, ces dalles apportent une esth\u00e9tique intemporelle \u00e0 vos espaces ext\u00e9rieurs. La richesse min\u00e9rale du terroir bourguignon se refl\u00e8te dans la beaut\u00e9 de chaque dalle, rendant chaque installation unique.<br \/>\nForts de notre expertise, nous s\u00e9lectionnons les meilleurs lots de dalles anciennes, en garantissant une qualit\u00e9 irr\u00e9prochable pour r\u00e9pondre \u00e0 vos besoins les plus exigeants. De plus, pour faciliter leur pose, nous proposons de couper les dalles \u00e0 une \u00e9paisseur de 3 cm, compatible avec des installations de plancher chauffant.<br \/>\nChoisir nos vieilles dalles de Bourgogne, c&rsquo;est opter pour l&rsquo;\u00e9l\u00e9gance, la durabilit\u00e9 et l&rsquo;authenticit\u00e9.<\/p>\n","protected":false},"featured_media":1620,"template":"","meta":{"_monsterinsights_skip_tracking":false,"_monsterinsights_sitenote_active":false,"_monsterinsights_sitenote_note":"","_monsterinsights_sitenote_category":0},"product_brand":[],"product_cat":[36,39,32],"product_tag":[],"class_list":{"0":"post-1093","1":"product","2":"type-product","3":"status-publish","4":"has-post-thumbnail","6":"product_cat-dallages-anciens","7":"product_cat-dalles-de-bourgogne","8":"product_cat-sols","10":"first","11":"instock","12":"shipping-taxable","13":"product-type-simple"},"yoast_head":"<!-- This site is optimized with the Yoast SEO Premium plugin v22.1 (Yoast SEO v24.6) - https:\/\/yoast.com\/wordpress\/plugins\/seo\/ -->\n<title>Dalles de Bourgogne anciennes - Provence Mat\u00e9riaux Anciens<\/title>\n<meta name=\"robots\" content=\"index, follow, max-snippet:-1, max-image-preview:large, max-video-preview:-1\" \/>\n<link rel=\"canonical\" href=\"https:\/\/provence-materiaux-anciens.com\/fr\/produit\/sols\/dallages-anciens\/dalles-de-bourgogne\/dalles-de-bourgogne-anciennes\/\" \/>\n<meta property=\"og:locale\" content=\"fr_FR\" \/>\n<meta property=\"og:type\" content=\"article\" \/>\n<meta property=\"og:title\" content=\"Dalles de Bourgogne anciennes\" \/>\n<meta property=\"og:description\" content=\"Ref : Dalles de Bourgogne anciennes (Dalb02)   DIMENSIONS : variable (pose en opus incertum)  \u00c9PAISSEUR : variable ou sci\u00e9e \u00e0 3 cm.  Vieilles dalles de Bourgogne pour pose en ext\u00e9rieur. Les vieilles dalles de Bourgogne sont un choix prestigieux pour les am\u00e9nagements ext\u00e9rieurs, alliant tradition et authenticit\u00e9. Originaires des carri\u00e8res historiques de la r\u00e9gion de Bourgogne, ces dalles anciennes remontent aux XVIIIe et XIXe si\u00e8cles. Chaque pi\u00e8ce raconte une histoire, marqu\u00e9e par les variations naturelles de textures et de couleurs, en raison de la diversit\u00e9 des carri\u00e8res de la r\u00e9gion. Traditionnellement pos\u00e9es en opus, ces dalles apportent une esth\u00e9tique intemporelle \u00e0 vos espaces ext\u00e9rieurs. La richesse min\u00e9rale du terroir bourguignon se refl\u00e8te dans la beaut\u00e9 de chaque dalle, rendant chaque installation unique. Forts de notre expertise, nous s\u00e9lectionnons les meilleurs lots de dalles anciennes, en garantissant une qualit\u00e9 irr\u00e9prochable pour r\u00e9pondre \u00e0 vos besoins les plus exigeants. De plus, pour faciliter leur pose, nous proposons de couper les dalles \u00e0 une \u00e9paisseur de 3 cm, compatible avec des installations de plancher chauffant. Choisir nos vieilles dalles de Bourgogne, c&#039;est opter pour l&#039;\u00e9l\u00e9gance, la durabilit\u00e9 et l&#039;authenticit\u00e9.\" \/>\n<meta property=\"og:url\" content=\"https:\/\/provence-materiaux-anciens.com\/fr\/produit\/sols\/dallages-anciens\/dalles-de-bourgogne\/dalles-de-bourgogne-anciennes\/\" \/>\n<meta property=\"og:site_name\" content=\"Provence Mat\u00e9riaux Anciens\" \/>\n<meta property=\"article:publisher\" content=\"https:\/\/www.facebook.com\/provencemateriauxanciens\" \/>\n<meta property=\"article:modified_time\" content=\"2025-04-29T13:35:23+00:00\" \/>\n<meta property=\"og:image\" content=\"https:\/\/provence-materiaux-anciens.com\/wp-content\/uploads\/2022\/12\/dalles-de-bourgogne-anciennes01.jpg\" \/>\n\t<meta property=\"og:image:width\" content=\"700\" \/>\n\t<meta property=\"og:image:height\" content=\"700\" \/>\n\t<meta property=\"og:image:type\" content=\"image\/jpeg\" \/>\n<meta name=\"twitter:card\" content=\"summary_large_image\" \/>\n<meta name=\"twitter:label1\" content=\"Dur\u00e9e de lecture estim\u00e9e\" \/>\n\t<meta name=\"twitter:data1\" content=\"2 minutes\" \/>\n<script type=\"application\/ld+json\" class=\"yoast-schema-graph\">{\"@context\":\"https:\/\/schema.org\",\"@graph\":[{\"@type\":\"WebPage\",\"@id\":\"https:\/\/provence-materiaux-anciens.com\/produit\/sols\/dallages-anciens\/dalles-de-bourgogne\/dalles-de-bourgogne-anciennes\/\",\"url\":\"https:\/\/provence-materiaux-anciens.com\/produit\/sols\/dallages-anciens\/dalles-de-bourgogne\/dalles-de-bourgogne-anciennes\/\",\"name\":\"Dalles de Bourgogne anciennes - Provence Mat\u00e9riaux Anciens\",\"isPartOf\":{\"@id\":\"https:\/\/provence-materiaux-anciens.com\/#website\"},\"primaryImageOfPage\":{\"@id\":\"https:\/\/provence-materiaux-anciens.com\/produit\/sols\/dallages-anciens\/dalles-de-bourgogne\/dalles-de-bourgogne-anciennes\/#primaryimage\"},\"image\":{\"@id\":\"https:\/\/provence-materiaux-anciens.com\/produit\/sols\/dallages-anciens\/dalles-de-bourgogne\/dalles-de-bourgogne-anciennes\/#primaryimage\"},\"thumbnailUrl\":\"https:\/\/provence-materiaux-anciens.com\/wp-content\/uploads\/2022\/12\/dalles-de-bourgogne-anciennes01.jpg\",\"datePublished\":\"2022-12-02T18:51:42+00:00\",\"dateModified\":\"2025-04-29T13:35:23+00:00\",\"breadcrumb\":{\"@id\":\"https:\/\/provence-materiaux-anciens.com\/produit\/sols\/dallages-anciens\/dalles-de-bourgogne\/dalles-de-bourgogne-anciennes\/#breadcrumb\"},\"inLanguage\":\"fr-FR\",\"potentialAction\":[{\"@type\":\"ReadAction\",\"target\":[\"https:\/\/provence-materiaux-anciens.com\/produit\/sols\/dallages-anciens\/dalles-de-bourgogne\/dalles-de-bourgogne-anciennes\/\"]}]},{\"@type\":\"ImageObject\",\"inLanguage\":\"fr-FR\",\"@id\":\"https:\/\/provence-materiaux-anciens.com\/produit\/sols\/dallages-anciens\/dalles-de-bourgogne\/dalles-de-bourgogne-anciennes\/#primaryimage\",\"url\":\"https:\/\/provence-materiaux-anciens.com\/wp-content\/uploads\/2022\/12\/dalles-de-bourgogne-anciennes01.jpg\",\"contentUrl\":\"https:\/\/provence-materiaux-anciens.com\/wp-content\/uploads\/2022\/12\/dalles-de-bourgogne-anciennes01.jpg\",\"width\":700,\"height\":700,\"caption\":\"dalles-de-bourgogne-anciennes01\"},{\"@type\":\"BreadcrumbList\",\"@id\":\"https:\/\/provence-materiaux-anciens.com\/produit\/sols\/dallages-anciens\/dalles-de-bourgogne\/dalles-de-bourgogne-anciennes\/#breadcrumb\",\"itemListElement\":[{\"@type\":\"ListItem\",\"position\":1,\"name\":\"Accueil\",\"item\":\"https:\/\/provence-materiaux-anciens.com\/fr\/\"},{\"@type\":\"ListItem\",\"position\":2,\"name\":\"Produits\",\"item\":\"https:\/\/provence-materiaux-anciens.com\/produit\/\"},{\"@type\":\"ListItem\",\"position\":3,\"name\":\"Dalles de Bourgogne anciennes\"}]},{\"@type\":\"WebSite\",\"@id\":\"https:\/\/provence-materiaux-anciens.com\/#website\",\"url\":\"https:\/\/provence-materiaux-anciens.com\/\",\"name\":\"Provence Mat\u00e9riaux Anciens\",\"description\":\"Achat et vente de mat\u00e9riaux anciens de construction, poutres, tuiles, planchers, charpentes, dallages, terres cuites.\",\"publisher\":{\"@id\":\"https:\/\/provence-materiaux-anciens.com\/#organization\"},\"potentialAction\":[{\"@type\":\"SearchAction\",\"target\":{\"@type\":\"EntryPoint\",\"urlTemplate\":\"https:\/\/provence-materiaux-anciens.com\/?s={search_term_string}\"},\"query-input\":{\"@type\":\"PropertyValueSpecification\",\"valueRequired\":true,\"valueName\":\"search_term_string\"}}],\"inLanguage\":\"fr-FR\"},{\"@type\":\"Organization\",\"@id\":\"https:\/\/provence-materiaux-anciens.com\/#organization\",\"name\":\"Provence Mat\u00e9riaux Anciens\",\"url\":\"https:\/\/provence-materiaux-anciens.com\/\",\"logo\":{\"@type\":\"ImageObject\",\"inLanguage\":\"fr-FR\",\"@id\":\"https:\/\/provence-materiaux-anciens.com\/#\/schema\/logo\/image\/\",\"url\":\"https:\/\/provence-materiaux-anciens.com\/wp-content\/uploads\/2022\/03\/cropped-logo-pma-web.png\",\"contentUrl\":\"https:\/\/provence-materiaux-anciens.com\/wp-content\/uploads\/2022\/03\/cropped-logo-pma-web.png\",\"width\":650,\"height\":434,\"caption\":\"Provence Mat\u00e9riaux Anciens\"},\"image\":{\"@id\":\"https:\/\/provence-materiaux-anciens.com\/#\/schema\/logo\/image\/\"},\"sameAs\":[\"https:\/\/www.facebook.com\/provencemateriauxanciens\",\"https:\/\/www.instagram.com\/provencemateriauxanciens\/\",\"https:\/\/www.pinterest.fr\/provencemateriauxanciens\/\"]}]}<\/script>\n<!-- \/ Yoast SEO Premium plugin. -->","yoast_head_json":{"title":"Dalles de Bourgogne anciennes - Provence Mat\u00e9riaux Anciens","robots":{"index":"index","follow":"follow","max-snippet":"max-snippet:-1","max-image-preview":"max-image-preview:large","max-video-preview":"max-video-preview:-1"},"canonical":"https:\/\/provence-materiaux-anciens.com\/fr\/produit\/sols\/dallages-anciens\/dalles-de-bourgogne\/dalles-de-bourgogne-anciennes\/","og_locale":"fr_FR","og_type":"article","og_title":"Dalles de Bourgogne anciennes","og_description":"Ref : Dalles de Bourgogne anciennes (Dalb02)   DIMENSIONS : variable (pose en opus incertum)  \u00c9PAISSEUR : variable ou sci\u00e9e \u00e0 3 cm.  Vieilles dalles de Bourgogne pour pose en ext\u00e9rieur. Les vieilles dalles de Bourgogne sont un choix prestigieux pour les am\u00e9nagements ext\u00e9rieurs, alliant tradition et authenticit\u00e9. Originaires des carri\u00e8res historiques de la r\u00e9gion de Bourgogne, ces dalles anciennes remontent aux XVIIIe et XIXe si\u00e8cles. Chaque pi\u00e8ce raconte une histoire, marqu\u00e9e par les variations naturelles de textures et de couleurs, en raison de la diversit\u00e9 des carri\u00e8res de la r\u00e9gion. Traditionnellement pos\u00e9es en opus, ces dalles apportent une esth\u00e9tique intemporelle \u00e0 vos espaces ext\u00e9rieurs. La richesse min\u00e9rale du terroir bourguignon se refl\u00e8te dans la beaut\u00e9 de chaque dalle, rendant chaque installation unique. Forts de notre expertise, nous s\u00e9lectionnons les meilleurs lots de dalles anciennes, en garantissant une qualit\u00e9 irr\u00e9prochable pour r\u00e9pondre \u00e0 vos besoins les plus exigeants. De plus, pour faciliter leur pose, nous proposons de couper les dalles \u00e0 une \u00e9paisseur de 3 cm, compatible avec des installations de plancher chauffant. Choisir nos vieilles dalles de Bourgogne, c'est opter pour l'\u00e9l\u00e9gance, la durabilit\u00e9 et l'authenticit\u00e9.","og_url":"https:\/\/provence-materiaux-anciens.com\/fr\/produit\/sols\/dallages-anciens\/dalles-de-bourgogne\/dalles-de-bourgogne-anciennes\/","og_site_name":"Provence Mat\u00e9riaux Anciens","article_publisher":"https:\/\/www.facebook.com\/provencemateriauxanciens","article_modified_time":"2025-04-29T13:35:23+00:00","og_image":[{"width":700,"height":700,"url":"https:\/\/provence-materiaux-anciens.com\/wp-content\/uploads\/2022\/12\/dalles-de-bourgogne-anciennes01.jpg","type":"image\/jpeg"}],"twitter_card":"summary_large_image","twitter_misc":{"Dur\u00e9e de lecture estim\u00e9e":"2 minutes"},"schema":{"@context":"https:\/\/schema.org","@graph":[{"@type":"WebPage","@id":"https:\/\/provence-materiaux-anciens.com\/produit\/sols\/dallages-anciens\/dalles-de-bourgogne\/dalles-de-bourgogne-anciennes\/","url":"https:\/\/provence-materiaux-anciens.com\/produit\/sols\/dallages-anciens\/dalles-de-bourgogne\/dalles-de-bourgogne-anciennes\/","name":"Dalles de Bourgogne anciennes - Provence Mat\u00e9riaux Anciens","isPartOf":{"@id":"https:\/\/provence-materiaux-anciens.com\/#website"},"primaryImageOfPage":{"@id":"https:\/\/provence-materiaux-anciens.com\/produit\/sols\/dallages-anciens\/dalles-de-bourgogne\/dalles-de-bourgogne-anciennes\/#primaryimage"},"image":{"@id":"https:\/\/provence-materiaux-anciens.com\/produit\/sols\/dallages-anciens\/dalles-de-bourgogne\/dalles-de-bourgogne-anciennes\/#primaryimage"},"thumbnailUrl":"https:\/\/provence-materiaux-anciens.com\/wp-content\/uploads\/2022\/12\/dalles-de-bourgogne-anciennes01.jpg","datePublished":"2022-12-02T18:51:42+00:00","dateModified":"2025-04-29T13:35:23+00:00","breadcrumb":{"@id":"https:\/\/provence-materiaux-anciens.com\/produit\/sols\/dallages-anciens\/dalles-de-bourgogne\/dalles-de-bourgogne-anciennes\/#breadcrumb"},"inLanguage":"fr-FR","potentialAction":[{"@type":"ReadAction","target":["https:\/\/provence-materiaux-anciens.com\/produit\/sols\/dallages-anciens\/dalles-de-bourgogne\/dalles-de-bourgogne-anciennes\/"]}]},{"@type":"ImageObject","inLanguage":"fr-FR","@id":"https:\/\/provence-materiaux-anciens.com\/produit\/sols\/dallages-anciens\/dalles-de-bourgogne\/dalles-de-bourgogne-anciennes\/#primaryimage","url":"https:\/\/provence-materiaux-anciens.com\/wp-content\/uploads\/2022\/12\/dalles-de-bourgogne-anciennes01.jpg","contentUrl":"https:\/\/provence-materiaux-anciens.com\/wp-content\/uploads\/2022\/12\/dalles-de-bourgogne-anciennes01.jpg","width":700,"height":700,"caption":"dalles-de-bourgogne-anciennes01"},{"@type":"BreadcrumbList","@id":"https:\/\/provence-materiaux-anciens.com\/produit\/sols\/dallages-anciens\/dalles-de-bourgogne\/dalles-de-bourgogne-anciennes\/#breadcrumb","itemListElement":[{"@type":"ListItem","position":1,"name":"Accueil","item":"https:\/\/provence-materiaux-anciens.com\/fr\/"},{"@type":"ListItem","position":2,"name":"Produits","item":"https:\/\/provence-materiaux-anciens.com\/produit\/"},{"@type":"ListItem","position":3,"name":"Dalles de Bourgogne anciennes"}]},{"@type":"WebSite","@id":"https:\/\/provence-materiaux-anciens.com\/#website","url":"https:\/\/provence-materiaux-anciens.com\/","name":"Provence Mat\u00e9riaux Anciens","description":"Achat et vente de mat\u00e9riaux anciens de construction, poutres, tuiles, planchers, charpentes, dallages, terres cuites.","publisher":{"@id":"https:\/\/provence-materiaux-anciens.com\/#organization"},"potentialAction":[{"@type":"SearchAction","target":{"@type":"EntryPoint","urlTemplate":"https:\/\/provence-materiaux-anciens.com\/?s={search_term_string}"},"query-input":{"@type":"PropertyValueSpecification","valueRequired":true,"valueName":"search_term_string"}}],"inLanguage":"fr-FR"},{"@type":"Organization","@id":"https:\/\/provence-materiaux-anciens.com\/#organization","name":"Provence Mat\u00e9riaux Anciens","url":"https:\/\/provence-materiaux-anciens.com\/","logo":{"@type":"ImageObject","inLanguage":"fr-FR","@id":"https:\/\/provence-materiaux-anciens.com\/#\/schema\/logo\/image\/","url":"https:\/\/provence-materiaux-anciens.com\/wp-content\/uploads\/2022\/03\/cropped-logo-pma-web.png","contentUrl":"https:\/\/provence-materiaux-anciens.com\/wp-content\/uploads\/2022\/03\/cropped-logo-pma-web.png","width":650,"height":434,"caption":"Provence Mat\u00e9riaux Anciens"},"image":{"@id":"https:\/\/provence-materiaux-anciens.com\/#\/schema\/logo\/image\/"},"sameAs":["https:\/\/www.facebook.com\/provencemateriauxanciens","https:\/\/www.instagram.com\/provencemateriauxanciens\/","https:\/\/www.pinterest.fr\/provencemateriauxanciens\/"]}]}},"_links":{"self":[{"href":"https:\/\/provence-materiaux-anciens.com\/fr\/wp-json\/wp\/v2\/product\/1093","targetHints":{"allow":["GET"]}}],"collection":[{"href":"https:\/\/provence-materiaux-anciens.com\/fr\/wp-json\/wp\/v2\/product"}],"about":[{"href":"https:\/\/provence-materiaux-anciens.com\/fr\/wp-json\/wp\/v2\/types\/product"}],"wp:featuredmedia":[{"embeddable":true,"href":"https:\/\/provence-materiaux-anciens.com\/fr\/wp-json\/wp\/v2\/media\/1620"}],"wp:attachment":[{"href":"https:\/\/provence-materiaux-anciens.com\/fr\/wp-json\/wp\/v2\/media?parent=1093"}],"wp:term":[{"taxonomy":"product_brand","embeddable":true,"href":"https:\/\/provence-materiaux-anciens.com\/fr\/wp-json\/wp\/v2\/product_brand?post=1093"},{"taxonomy":"product_cat","embeddable":true,"href":"https:\/\/provence-materiaux-anciens.com\/fr\/wp-json\/wp\/v2\/product_cat?post=1093"},{"taxonomy":"product_tag","embeddable":true,"href":"https:\/\/provence-materiaux-anciens.com\/fr\/wp-json\/wp\/v2\/product_tag?post=1093"}],"curies":[{"name":"wp","href":"https:\/\/api.w.org\/{rel}","templated":true}]}}