{"id":1096,"date":"2022-12-02T18:51:43","date_gmt":"2022-12-02T18:51:43","guid":{"rendered":"https:\/\/provence-materiaux-anciens.com\/?post_type=product&#038;p=1096"},"modified":"2024-03-06T08:56:45","modified_gmt":"2024-03-06T08:56:45","slug":"vieux-plancher-chene","status":"publish","type":"product","link":"https:\/\/provence-materiaux-anciens.com\/fr\/produit\/sols\/plancher-parquet\/plancher-chene\/vieux-plancher-chene\/","title":{"rendered":"Vieux plancher ch\u00eane"},"content":{"rendered":"","protected":false},"excerpt":{"rendered":"<h2><strong>Ref: <\/strong>Vieux plancher ch\u00eane finition bross\u00e9 (Pl05B)<\/h2>\n<p>&nbsp;<\/p>\n<p>Vieux plancher ch\u00eane finition bross\u00e9 pr\u00eat-\u00e0-poser.<\/p>\n<p>Plancher ancien authentique r\u00e9cup\u00e9r\u00e9 dans de vieilles maisons et propos\u00e9 retravaill\u00e9 pour la pose.<\/p>\n<p>La pr\u00e9paration des vieilles planches en ch\u00eane se fait dans notre atelier de menuiserie.<\/p>\n<p>Nous sommes sp\u00e9cialis\u00e9 dans la restauration de vieux parquets en ch\u00eane.<\/p>\n<p>Les planchers anciens en ch\u00eane peuvent \u00eatre poser comme parquet ou comme sous plafond.<\/p>\n<p>D\u00e9couvrez nos planchers anciens en sapin en <a href=\"https:\/\/provence-materiaux-anciens.com\/produit\/plancher-sapin-ancien\/\">cliquant ici<\/a>.<\/p>\n<p><strong>Longueur des planches :<\/strong> de 100 \u00e0 250 cm en moyenne<\/p>\n<p><strong>Largeur : <\/strong>de 10 \u00e0 25 cm en moyenne<\/p>\n<p><strong>\u00c9paisseur : <\/strong>de 2 \u00e0 2,5 cm<\/p>\n<p><strong>Disponibilit\u00e9 :<\/strong> Constante<\/p>\n","protected":false},"featured_media":1658,"template":"","meta":{"_monsterinsights_skip_tracking":false,"_monsterinsights_sitenote_active":false,"_monsterinsights_sitenote_note":"","_monsterinsights_sitenote_category":0},"product_brand":[],"product_cat":[45,42,32],"product_tag":[],"class_list":{"0":"post-1096","1":"product","2":"type-product","3":"status-publish","4":"has-post-thumbnail","6":"product_cat-plancher-chene","7":"product_cat-plancher-parquet","8":"product_cat-sols","10":"first","11":"instock","12":"shipping-taxable","13":"product-type-simple"},"yoast_head":"<!-- This site is optimized with the Yoast SEO Premium plugin v22.1 (Yoast SEO v24.6) - https:\/\/yoast.com\/wordpress\/plugins\/seo\/ -->\n<title>Vieux plancher ch\u00eane - Provence Mat\u00e9riaux Anciens<\/title>\n<meta name=\"robots\" content=\"index, follow, max-snippet:-1, max-image-preview:large, max-video-preview:-1\" \/>\n<link rel=\"canonical\" href=\"https:\/\/provence-materiaux-anciens.com\/fr\/produit\/sols\/plancher-parquet\/plancher-chene\/vieux-plancher-chene\/\" \/>\n<meta property=\"og:locale\" content=\"fr_FR\" \/>\n<meta property=\"og:type\" content=\"article\" \/>\n<meta property=\"og:title\" content=\"Vieux plancher ch\u00eane\" \/>\n<meta property=\"og:description\" content=\"Ref: Vieux plancher ch\u00eane finition bross\u00e9 (Pl05B) &nbsp;  Vieux plancher ch\u00eane finition bross\u00e9 pr\u00eat-\u00e0-poser.  Plancher ancien authentique r\u00e9cup\u00e9r\u00e9 dans de vieilles maisons et propos\u00e9 retravaill\u00e9 pour la pose.  La pr\u00e9paration des vieilles planches en ch\u00eane se fait dans notre atelier de menuiserie.  Nous sommes sp\u00e9cialis\u00e9 dans la restauration de vieux parquets en ch\u00eane.  Les planchers anciens en ch\u00eane peuvent \u00eatre poser comme parquet ou comme sous plafond.  D\u00e9couvrez nos planchers anciens en sapin en cliquant ici.  Longueur des planches : de 100 \u00e0 250 cm en moyenne  Largeur : de 10 \u00e0 25 cm en moyenne  \u00c9paisseur : de 2 \u00e0 2,5 cm  Disponibilit\u00e9 : Constante\" \/>\n<meta property=\"og:url\" content=\"https:\/\/provence-materiaux-anciens.com\/fr\/produit\/sols\/plancher-parquet\/plancher-chene\/vieux-plancher-chene\/\" \/>\n<meta property=\"og:site_name\" content=\"Provence Mat\u00e9riaux Anciens\" \/>\n<meta property=\"article:publisher\" content=\"https:\/\/www.facebook.com\/provencemateriauxanciens\" \/>\n<meta property=\"article:modified_time\" content=\"2024-03-06T08:56:45+00:00\" \/>\n<meta property=\"og:image\" content=\"https:\/\/provence-materiaux-anciens.com\/wp-content\/uploads\/2022\/12\/vieux-plancher-chene02.jpg\" \/>\n\t<meta property=\"og:image:width\" content=\"700\" \/>\n\t<meta property=\"og:image:height\" content=\"700\" \/>\n\t<meta property=\"og:image:type\" content=\"image\/jpeg\" \/>\n<meta name=\"twitter:card\" content=\"summary_large_image\" \/>\n<script type=\"application\/ld+json\" class=\"yoast-schema-graph\">{\"@context\":\"https:\/\/schema.org\",\"@graph\":[{\"@type\":\"WebPage\",\"@id\":\"https:\/\/provence-materiaux-anciens.com\/produit\/sols\/plancher-parquet\/plancher-chene\/vieux-plancher-chene\/\",\"url\":\"https:\/\/provence-materiaux-anciens.com\/produit\/sols\/plancher-parquet\/plancher-chene\/vieux-plancher-chene\/\",\"name\":\"Vieux plancher ch\u00eane - Provence Mat\u00e9riaux Anciens\",\"isPartOf\":{\"@id\":\"https:\/\/provence-materiaux-anciens.com\/#website\"},\"primaryImageOfPage\":{\"@id\":\"https:\/\/provence-materiaux-anciens.com\/produit\/sols\/plancher-parquet\/plancher-chene\/vieux-plancher-chene\/#primaryimage\"},\"image\":{\"@id\":\"https:\/\/provence-materiaux-anciens.com\/produit\/sols\/plancher-parquet\/plancher-chene\/vieux-plancher-chene\/#primaryimage\"},\"thumbnailUrl\":\"https:\/\/provence-materiaux-anciens.com\/wp-content\/uploads\/2022\/12\/vieux-plancher-chene02.jpg\",\"datePublished\":\"2022-12-02T18:51:43+00:00\",\"dateModified\":\"2024-03-06T08:56:45+00:00\",\"breadcrumb\":{\"@id\":\"https:\/\/provence-materiaux-anciens.com\/produit\/sols\/plancher-parquet\/plancher-chene\/vieux-plancher-chene\/#breadcrumb\"},\"inLanguage\":\"fr-FR\",\"potentialAction\":[{\"@type\":\"ReadAction\",\"target\":[\"https:\/\/provence-materiaux-anciens.com\/produit\/sols\/plancher-parquet\/plancher-chene\/vieux-plancher-chene\/\"]}]},{\"@type\":\"ImageObject\",\"inLanguage\":\"fr-FR\",\"@id\":\"https:\/\/provence-materiaux-anciens.com\/produit\/sols\/plancher-parquet\/plancher-chene\/vieux-plancher-chene\/#primaryimage\",\"url\":\"https:\/\/provence-materiaux-anciens.com\/wp-content\/uploads\/2022\/12\/vieux-plancher-chene02.jpg\",\"contentUrl\":\"https:\/\/provence-materiaux-anciens.com\/wp-content\/uploads\/2022\/12\/vieux-plancher-chene02.jpg\",\"width\":700,\"height\":700,\"caption\":\"vieux-plancher-chene02\"},{\"@type\":\"BreadcrumbList\",\"@id\":\"https:\/\/provence-materiaux-anciens.com\/produit\/sols\/plancher-parquet\/plancher-chene\/vieux-plancher-chene\/#breadcrumb\",\"itemListElement\":[{\"@type\":\"ListItem\",\"position\":1,\"name\":\"Accueil\",\"item\":\"https:\/\/provence-materiaux-anciens.com\/fr\/\"},{\"@type\":\"ListItem\",\"position\":2,\"name\":\"Produits\",\"item\":\"https:\/\/provence-materiaux-anciens.com\/produit\/\"},{\"@type\":\"ListItem\",\"position\":3,\"name\":\"Vieux plancher ch\u00eane\"}]},{\"@type\":\"WebSite\",\"@id\":\"https:\/\/provence-materiaux-anciens.com\/#website\",\"url\":\"https:\/\/provence-materiaux-anciens.com\/\",\"name\":\"Provence Mat\u00e9riaux Anciens\",\"description\":\"Achat et vente de mat\u00e9riaux anciens de construction, poutres, tuiles, planchers, charpentes, dallages, terres cuites.\",\"publisher\":{\"@id\":\"https:\/\/provence-materiaux-anciens.com\/#organization\"},\"potentialAction\":[{\"@type\":\"SearchAction\",\"target\":{\"@type\":\"EntryPoint\",\"urlTemplate\":\"https:\/\/provence-materiaux-anciens.com\/?s={search_term_string}\"},\"query-input\":{\"@type\":\"PropertyValueSpecification\",\"valueRequired\":true,\"valueName\":\"search_term_string\"}}],\"inLanguage\":\"fr-FR\"},{\"@type\":\"Organization\",\"@id\":\"https:\/\/provence-materiaux-anciens.com\/#organization\",\"name\":\"Provence Mat\u00e9riaux Anciens\",\"url\":\"https:\/\/provence-materiaux-anciens.com\/\",\"logo\":{\"@type\":\"ImageObject\",\"inLanguage\":\"fr-FR\",\"@id\":\"https:\/\/provence-materiaux-anciens.com\/#\/schema\/logo\/image\/\",\"url\":\"https:\/\/provence-materiaux-anciens.com\/wp-content\/uploads\/2022\/03\/cropped-logo-pma-web.png\",\"contentUrl\":\"https:\/\/provence-materiaux-anciens.com\/wp-content\/uploads\/2022\/03\/cropped-logo-pma-web.png\",\"width\":650,\"height\":434,\"caption\":\"Provence Mat\u00e9riaux Anciens\"},\"image\":{\"@id\":\"https:\/\/provence-materiaux-anciens.com\/#\/schema\/logo\/image\/\"},\"sameAs\":[\"https:\/\/www.facebook.com\/provencemateriauxanciens\",\"https:\/\/www.instagram.com\/provencemateriauxanciens\/\",\"https:\/\/www.pinterest.fr\/provencemateriauxanciens\/\"]}]}<\/script>\n<!-- \/ Yoast SEO Premium plugin. -->","yoast_head_json":{"title":"Vieux plancher ch\u00eane - Provence Mat\u00e9riaux Anciens","robots":{"index":"index","follow":"follow","max-snippet":"max-snippet:-1","max-image-preview":"max-image-preview:large","max-video-preview":"max-video-preview:-1"},"canonical":"https:\/\/provence-materiaux-anciens.com\/fr\/produit\/sols\/plancher-parquet\/plancher-chene\/vieux-plancher-chene\/","og_locale":"fr_FR","og_type":"article","og_title":"Vieux plancher ch\u00eane","og_description":"Ref: Vieux plancher ch\u00eane finition bross\u00e9 (Pl05B) &nbsp;  Vieux plancher ch\u00eane finition bross\u00e9 pr\u00eat-\u00e0-poser.  Plancher ancien authentique r\u00e9cup\u00e9r\u00e9 dans de vieilles maisons et propos\u00e9 retravaill\u00e9 pour la pose.  La pr\u00e9paration des vieilles planches en ch\u00eane se fait dans notre atelier de menuiserie.  Nous sommes sp\u00e9cialis\u00e9 dans la restauration de vieux parquets en ch\u00eane.  Les planchers anciens en ch\u00eane peuvent \u00eatre poser comme parquet ou comme sous plafond.  D\u00e9couvrez nos planchers anciens en sapin en cliquant ici.  Longueur des planches : de 100 \u00e0 250 cm en moyenne  Largeur : de 10 \u00e0 25 cm en moyenne  \u00c9paisseur : de 2 \u00e0 2,5 cm  Disponibilit\u00e9 : Constante","og_url":"https:\/\/provence-materiaux-anciens.com\/fr\/produit\/sols\/plancher-parquet\/plancher-chene\/vieux-plancher-chene\/","og_site_name":"Provence Mat\u00e9riaux Anciens","article_publisher":"https:\/\/www.facebook.com\/provencemateriauxanciens","article_modified_time":"2024-03-06T08:56:45+00:00","og_image":[{"width":700,"height":700,"url":"https:\/\/provence-materiaux-anciens.com\/wp-content\/uploads\/2022\/12\/vieux-plancher-chene02.jpg","type":"image\/jpeg"}],"twitter_card":"summary_large_image","schema":{"@context":"https:\/\/schema.org","@graph":[{"@type":"WebPage","@id":"https:\/\/provence-materiaux-anciens.com\/produit\/sols\/plancher-parquet\/plancher-chene\/vieux-plancher-chene\/","url":"https:\/\/provence-materiaux-anciens.com\/produit\/sols\/plancher-parquet\/plancher-chene\/vieux-plancher-chene\/","name":"Vieux plancher ch\u00eane - Provence Mat\u00e9riaux Anciens","isPartOf":{"@id":"https:\/\/provence-materiaux-anciens.com\/#website"},"primaryImageOfPage":{"@id":"https:\/\/provence-materiaux-anciens.com\/produit\/sols\/plancher-parquet\/plancher-chene\/vieux-plancher-chene\/#primaryimage"},"image":{"@id":"https:\/\/provence-materiaux-anciens.com\/produit\/sols\/plancher-parquet\/plancher-chene\/vieux-plancher-chene\/#primaryimage"},"thumbnailUrl":"https:\/\/provence-materiaux-anciens.com\/wp-content\/uploads\/2022\/12\/vieux-plancher-chene02.jpg","datePublished":"2022-12-02T18:51:43+00:00","dateModified":"2024-03-06T08:56:45+00:00","breadcrumb":{"@id":"https:\/\/provence-materiaux-anciens.com\/produit\/sols\/plancher-parquet\/plancher-chene\/vieux-plancher-chene\/#breadcrumb"},"inLanguage":"fr-FR","potentialAction":[{"@type":"ReadAction","target":["https:\/\/provence-materiaux-anciens.com\/produit\/sols\/plancher-parquet\/plancher-chene\/vieux-plancher-chene\/"]}]},{"@type":"ImageObject","inLanguage":"fr-FR","@id":"https:\/\/provence-materiaux-anciens.com\/produit\/sols\/plancher-parquet\/plancher-chene\/vieux-plancher-chene\/#primaryimage","url":"https:\/\/provence-materiaux-anciens.com\/wp-content\/uploads\/2022\/12\/vieux-plancher-chene02.jpg","contentUrl":"https:\/\/provence-materiaux-anciens.com\/wp-content\/uploads\/2022\/12\/vieux-plancher-chene02.jpg","width":700,"height":700,"caption":"vieux-plancher-chene02"},{"@type":"BreadcrumbList","@id":"https:\/\/provence-materiaux-anciens.com\/produit\/sols\/plancher-parquet\/plancher-chene\/vieux-plancher-chene\/#breadcrumb","itemListElement":[{"@type":"ListItem","position":1,"name":"Accueil","item":"https:\/\/provence-materiaux-anciens.com\/fr\/"},{"@type":"ListItem","position":2,"name":"Produits","item":"https:\/\/provence-materiaux-anciens.com\/produit\/"},{"@type":"ListItem","position":3,"name":"Vieux plancher ch\u00eane"}]},{"@type":"WebSite","@id":"https:\/\/provence-materiaux-anciens.com\/#website","url":"https:\/\/provence-materiaux-anciens.com\/","name":"Provence Mat\u00e9riaux Anciens","description":"Achat et vente de mat\u00e9riaux anciens de construction, poutres, tuiles, planchers, charpentes, dallages, terres cuites.","publisher":{"@id":"https:\/\/provence-materiaux-anciens.com\/#organization"},"potentialAction":[{"@type":"SearchAction","target":{"@type":"EntryPoint","urlTemplate":"https:\/\/provence-materiaux-anciens.com\/?s={search_term_string}"},"query-input":{"@type":"PropertyValueSpecification","valueRequired":true,"valueName":"search_term_string"}}],"inLanguage":"fr-FR"},{"@type":"Organization","@id":"https:\/\/provence-materiaux-anciens.com\/#organization","name":"Provence Mat\u00e9riaux Anciens","url":"https:\/\/provence-materiaux-anciens.com\/","logo":{"@type":"ImageObject","inLanguage":"fr-FR","@id":"https:\/\/provence-materiaux-anciens.com\/#\/schema\/logo\/image\/","url":"https:\/\/provence-materiaux-anciens.com\/wp-content\/uploads\/2022\/03\/cropped-logo-pma-web.png","contentUrl":"https:\/\/provence-materiaux-anciens.com\/wp-content\/uploads\/2022\/03\/cropped-logo-pma-web.png","width":650,"height":434,"caption":"Provence Mat\u00e9riaux Anciens"},"image":{"@id":"https:\/\/provence-materiaux-anciens.com\/#\/schema\/logo\/image\/"},"sameAs":["https:\/\/www.facebook.com\/provencemateriauxanciens","https:\/\/www.instagram.com\/provencemateriauxanciens\/","https:\/\/www.pinterest.fr\/provencemateriauxanciens\/"]}]}},"_links":{"self":[{"href":"https:\/\/provence-materiaux-anciens.com\/fr\/wp-json\/wp\/v2\/product\/1096","targetHints":{"allow":["GET"]}}],"collection":[{"href":"https:\/\/provence-materiaux-anciens.com\/fr\/wp-json\/wp\/v2\/product"}],"about":[{"href":"https:\/\/provence-materiaux-anciens.com\/fr\/wp-json\/wp\/v2\/types\/product"}],"wp:featuredmedia":[{"embeddable":true,"href":"https:\/\/provence-materiaux-anciens.com\/fr\/wp-json\/wp\/v2\/media\/1658"}],"wp:attachment":[{"href":"https:\/\/provence-materiaux-anciens.com\/fr\/wp-json\/wp\/v2\/media?parent=1096"}],"wp:term":[{"taxonomy":"product_brand","embeddable":true,"href":"https:\/\/provence-materiaux-anciens.com\/fr\/wp-json\/wp\/v2\/product_brand?post=1096"},{"taxonomy":"product_cat","embeddable":true,"href":"https:\/\/provence-materiaux-anciens.com\/fr\/wp-json\/wp\/v2\/product_cat?post=1096"},{"taxonomy":"product_tag","embeddable":true,"href":"https:\/\/provence-materiaux-anciens.com\/fr\/wp-json\/wp\/v2\/product_tag?post=1096"}],"curies":[{"name":"wp","href":"https:\/\/api.w.org\/{rel}","templated":true}]}}