{"id":1097,"date":"2022-12-02T18:51:43","date_gmt":"2022-12-02T18:51:43","guid":{"rendered":"https:\/\/provence-materiaux-anciens.com\/?post_type=product&#038;p=1097"},"modified":"2024-03-06T08:56:46","modified_gmt":"2024-03-06T08:56:46","slug":"parquet-vieux-bois","status":"publish","type":"product","link":"https:\/\/provence-materiaux-anciens.com\/fr\/produit\/sols\/plancher-parquet\/parquets\/parquet-vieux-bois\/","title":{"rendered":"Parquet vieux bois"},"content":{"rendered":"","protected":false},"excerpt":{"rendered":"<h2><strong>Ref:<\/strong> Parquet vieux bois ch\u00eane XVIII eme si\u00e8cle (Pl05)<\/h2>\n<p>Parquet vieux bois massif en ch\u00eane. Vieux parquet ch\u00eane avec une patine fa\u00e7onn\u00e9 par les ann\u00e9es. Ce parquet ancien est pr\u00e9par\u00e9 dans notre atelier de menuiserie. Ce parquet en ch\u00eane peut se poser en \u00e9chelle ou \u00e0 l&rsquo;anglaise selon les inspirations de chaque client.<\/p>\n<p><strong>DIMENSIONS:<\/strong> variable selon arrivage.<\/p>\n","protected":false},"featured_media":2519,"template":"","meta":{"_monsterinsights_skip_tracking":false,"_monsterinsights_sitenote_active":false,"_monsterinsights_sitenote_note":"","_monsterinsights_sitenote_category":0},"product_brand":[],"product_cat":[97,42,32],"product_tag":[],"class_list":{"0":"post-1097","1":"product","2":"type-product","3":"status-publish","4":"has-post-thumbnail","6":"product_cat-parquets","7":"product_cat-plancher-parquet","8":"product_cat-sols","10":"first","11":"instock","12":"shipping-taxable","13":"product-type-simple"},"yoast_head":"<!-- This site is optimized with the Yoast SEO Premium plugin v22.1 (Yoast SEO v24.6) - https:\/\/yoast.com\/wordpress\/plugins\/seo\/ -->\n<title>Parquet vieux bois - Provence Mat\u00e9riaux Anciens<\/title>\n<meta name=\"robots\" content=\"index, follow, max-snippet:-1, max-image-preview:large, max-video-preview:-1\" \/>\n<link rel=\"canonical\" href=\"https:\/\/provence-materiaux-anciens.com\/fr\/produit\/sols\/plancher-parquet\/parquets\/parquet-vieux-bois\/\" \/>\n<meta property=\"og:locale\" content=\"fr_FR\" \/>\n<meta property=\"og:type\" content=\"article\" \/>\n<meta property=\"og:title\" content=\"Parquet vieux bois\" \/>\n<meta property=\"og:description\" content=\"Ref: Parquet vieux bois ch\u00eane XVIII eme si\u00e8cle (Pl05) Parquet vieux bois massif en ch\u00eane. Vieux parquet ch\u00eane avec une patine fa\u00e7onn\u00e9 par les ann\u00e9es. Ce parquet ancien est pr\u00e9par\u00e9 dans notre atelier de menuiserie. Ce parquet en ch\u00eane peut se poser en \u00e9chelle ou \u00e0 l&#039;anglaise selon les inspirations de chaque client.  DIMENSIONS: variable selon arrivage.\" \/>\n<meta property=\"og:url\" content=\"https:\/\/provence-materiaux-anciens.com\/fr\/produit\/sols\/plancher-parquet\/parquets\/parquet-vieux-bois\/\" \/>\n<meta property=\"og:site_name\" content=\"Provence Mat\u00e9riaux Anciens\" \/>\n<meta property=\"article:publisher\" content=\"https:\/\/www.facebook.com\/provencemateriauxanciens\" \/>\n<meta property=\"article:modified_time\" content=\"2024-03-06T08:56:46+00:00\" \/>\n<meta property=\"og:image\" content=\"https:\/\/provence-materiaux-anciens.com\/wp-content\/uploads\/2022\/12\/Plancher-chene-ancien-8.jpg\" \/>\n\t<meta property=\"og:image:width\" content=\"544\" \/>\n\t<meta property=\"og:image:height\" content=\"660\" \/>\n\t<meta property=\"og:image:type\" content=\"image\/jpeg\" \/>\n<meta name=\"twitter:card\" content=\"summary_large_image\" \/>\n<script type=\"application\/ld+json\" class=\"yoast-schema-graph\">{\"@context\":\"https:\/\/schema.org\",\"@graph\":[{\"@type\":\"WebPage\",\"@id\":\"https:\/\/provence-materiaux-anciens.com\/fr\/produit\/sols\/plancher-parquet\/parquets\/parquet-vieux-bois\/\",\"url\":\"https:\/\/provence-materiaux-anciens.com\/fr\/produit\/sols\/plancher-parquet\/parquets\/parquet-vieux-bois\/\",\"name\":\"Parquet vieux bois - Provence Mat\u00e9riaux Anciens\",\"isPartOf\":{\"@id\":\"https:\/\/provence-materiaux-anciens.com\/#website\"},\"primaryImageOfPage\":{\"@id\":\"https:\/\/provence-materiaux-anciens.com\/fr\/produit\/sols\/plancher-parquet\/parquets\/parquet-vieux-bois\/#primaryimage\"},\"image\":{\"@id\":\"https:\/\/provence-materiaux-anciens.com\/fr\/produit\/sols\/plancher-parquet\/parquets\/parquet-vieux-bois\/#primaryimage\"},\"thumbnailUrl\":\"https:\/\/provence-materiaux-anciens.com\/wp-content\/uploads\/2022\/12\/Plancher-chene-ancien-8.jpg\",\"datePublished\":\"2022-12-02T18:51:43+00:00\",\"dateModified\":\"2024-03-06T08:56:46+00:00\",\"breadcrumb\":{\"@id\":\"https:\/\/provence-materiaux-anciens.com\/fr\/produit\/sols\/plancher-parquet\/parquets\/parquet-vieux-bois\/#breadcrumb\"},\"inLanguage\":\"fr-FR\",\"potentialAction\":[{\"@type\":\"ReadAction\",\"target\":[\"https:\/\/provence-materiaux-anciens.com\/fr\/produit\/sols\/plancher-parquet\/parquets\/parquet-vieux-bois\/\"]}]},{\"@type\":\"ImageObject\",\"inLanguage\":\"fr-FR\",\"@id\":\"https:\/\/provence-materiaux-anciens.com\/fr\/produit\/sols\/plancher-parquet\/parquets\/parquet-vieux-bois\/#primaryimage\",\"url\":\"https:\/\/provence-materiaux-anciens.com\/wp-content\/uploads\/2022\/12\/Plancher-chene-ancien-8.jpg\",\"contentUrl\":\"https:\/\/provence-materiaux-anciens.com\/wp-content\/uploads\/2022\/12\/Plancher-chene-ancien-8.jpg\",\"width\":544,\"height\":660},{\"@type\":\"BreadcrumbList\",\"@id\":\"https:\/\/provence-materiaux-anciens.com\/fr\/produit\/sols\/plancher-parquet\/parquets\/parquet-vieux-bois\/#breadcrumb\",\"itemListElement\":[{\"@type\":\"ListItem\",\"position\":1,\"name\":\"Accueil\",\"item\":\"https:\/\/provence-materiaux-anciens.com\/fr\/\"},{\"@type\":\"ListItem\",\"position\":2,\"name\":\"Produits\",\"item\":\"https:\/\/provence-materiaux-anciens.com\/produit\/\"},{\"@type\":\"ListItem\",\"position\":3,\"name\":\"Parquet vieux bois\"}]},{\"@type\":\"WebSite\",\"@id\":\"https:\/\/provence-materiaux-anciens.com\/#website\",\"url\":\"https:\/\/provence-materiaux-anciens.com\/\",\"name\":\"Provence Mat\u00e9riaux Anciens\",\"description\":\"Achat et vente de mat\u00e9riaux anciens de construction, poutres, tuiles, planchers, charpentes, dallages, terres cuites.\",\"publisher\":{\"@id\":\"https:\/\/provence-materiaux-anciens.com\/#organization\"},\"potentialAction\":[{\"@type\":\"SearchAction\",\"target\":{\"@type\":\"EntryPoint\",\"urlTemplate\":\"https:\/\/provence-materiaux-anciens.com\/?s={search_term_string}\"},\"query-input\":{\"@type\":\"PropertyValueSpecification\",\"valueRequired\":true,\"valueName\":\"search_term_string\"}}],\"inLanguage\":\"fr-FR\"},{\"@type\":\"Organization\",\"@id\":\"https:\/\/provence-materiaux-anciens.com\/#organization\",\"name\":\"Provence Mat\u00e9riaux Anciens\",\"url\":\"https:\/\/provence-materiaux-anciens.com\/\",\"logo\":{\"@type\":\"ImageObject\",\"inLanguage\":\"fr-FR\",\"@id\":\"https:\/\/provence-materiaux-anciens.com\/#\/schema\/logo\/image\/\",\"url\":\"https:\/\/provence-materiaux-anciens.com\/wp-content\/uploads\/2022\/03\/cropped-logo-pma-web.png\",\"contentUrl\":\"https:\/\/provence-materiaux-anciens.com\/wp-content\/uploads\/2022\/03\/cropped-logo-pma-web.png\",\"width\":650,\"height\":434,\"caption\":\"Provence Mat\u00e9riaux Anciens\"},\"image\":{\"@id\":\"https:\/\/provence-materiaux-anciens.com\/#\/schema\/logo\/image\/\"},\"sameAs\":[\"https:\/\/www.facebook.com\/provencemateriauxanciens\",\"https:\/\/www.instagram.com\/provencemateriauxanciens\/\",\"https:\/\/www.pinterest.fr\/provencemateriauxanciens\/\"]}]}<\/script>\n<!-- \/ Yoast SEO Premium plugin. -->","yoast_head_json":{"title":"Parquet vieux bois - Provence Mat\u00e9riaux Anciens","robots":{"index":"index","follow":"follow","max-snippet":"max-snippet:-1","max-image-preview":"max-image-preview:large","max-video-preview":"max-video-preview:-1"},"canonical":"https:\/\/provence-materiaux-anciens.com\/fr\/produit\/sols\/plancher-parquet\/parquets\/parquet-vieux-bois\/","og_locale":"fr_FR","og_type":"article","og_title":"Parquet vieux bois","og_description":"Ref: Parquet vieux bois ch\u00eane XVIII eme si\u00e8cle (Pl05) Parquet vieux bois massif en ch\u00eane. Vieux parquet ch\u00eane avec une patine fa\u00e7onn\u00e9 par les ann\u00e9es. Ce parquet ancien est pr\u00e9par\u00e9 dans notre atelier de menuiserie. Ce parquet en ch\u00eane peut se poser en \u00e9chelle ou \u00e0 l'anglaise selon les inspirations de chaque client.  DIMENSIONS: variable selon arrivage.","og_url":"https:\/\/provence-materiaux-anciens.com\/fr\/produit\/sols\/plancher-parquet\/parquets\/parquet-vieux-bois\/","og_site_name":"Provence Mat\u00e9riaux Anciens","article_publisher":"https:\/\/www.facebook.com\/provencemateriauxanciens","article_modified_time":"2024-03-06T08:56:46+00:00","og_image":[{"width":544,"height":660,"url":"https:\/\/provence-materiaux-anciens.com\/wp-content\/uploads\/2022\/12\/Plancher-chene-ancien-8.jpg","type":"image\/jpeg"}],"twitter_card":"summary_large_image","schema":{"@context":"https:\/\/schema.org","@graph":[{"@type":"WebPage","@id":"https:\/\/provence-materiaux-anciens.com\/fr\/produit\/sols\/plancher-parquet\/parquets\/parquet-vieux-bois\/","url":"https:\/\/provence-materiaux-anciens.com\/fr\/produit\/sols\/plancher-parquet\/parquets\/parquet-vieux-bois\/","name":"Parquet vieux bois - Provence Mat\u00e9riaux Anciens","isPartOf":{"@id":"https:\/\/provence-materiaux-anciens.com\/#website"},"primaryImageOfPage":{"@id":"https:\/\/provence-materiaux-anciens.com\/fr\/produit\/sols\/plancher-parquet\/parquets\/parquet-vieux-bois\/#primaryimage"},"image":{"@id":"https:\/\/provence-materiaux-anciens.com\/fr\/produit\/sols\/plancher-parquet\/parquets\/parquet-vieux-bois\/#primaryimage"},"thumbnailUrl":"https:\/\/provence-materiaux-anciens.com\/wp-content\/uploads\/2022\/12\/Plancher-chene-ancien-8.jpg","datePublished":"2022-12-02T18:51:43+00:00","dateModified":"2024-03-06T08:56:46+00:00","breadcrumb":{"@id":"https:\/\/provence-materiaux-anciens.com\/fr\/produit\/sols\/plancher-parquet\/parquets\/parquet-vieux-bois\/#breadcrumb"},"inLanguage":"fr-FR","potentialAction":[{"@type":"ReadAction","target":["https:\/\/provence-materiaux-anciens.com\/fr\/produit\/sols\/plancher-parquet\/parquets\/parquet-vieux-bois\/"]}]},{"@type":"ImageObject","inLanguage":"fr-FR","@id":"https:\/\/provence-materiaux-anciens.com\/fr\/produit\/sols\/plancher-parquet\/parquets\/parquet-vieux-bois\/#primaryimage","url":"https:\/\/provence-materiaux-anciens.com\/wp-content\/uploads\/2022\/12\/Plancher-chene-ancien-8.jpg","contentUrl":"https:\/\/provence-materiaux-anciens.com\/wp-content\/uploads\/2022\/12\/Plancher-chene-ancien-8.jpg","width":544,"height":660},{"@type":"BreadcrumbList","@id":"https:\/\/provence-materiaux-anciens.com\/fr\/produit\/sols\/plancher-parquet\/parquets\/parquet-vieux-bois\/#breadcrumb","itemListElement":[{"@type":"ListItem","position":1,"name":"Accueil","item":"https:\/\/provence-materiaux-anciens.com\/fr\/"},{"@type":"ListItem","position":2,"name":"Produits","item":"https:\/\/provence-materiaux-anciens.com\/produit\/"},{"@type":"ListItem","position":3,"name":"Parquet vieux bois"}]},{"@type":"WebSite","@id":"https:\/\/provence-materiaux-anciens.com\/#website","url":"https:\/\/provence-materiaux-anciens.com\/","name":"Provence Mat\u00e9riaux Anciens","description":"Achat et vente de mat\u00e9riaux anciens de construction, poutres, tuiles, planchers, charpentes, dallages, terres cuites.","publisher":{"@id":"https:\/\/provence-materiaux-anciens.com\/#organization"},"potentialAction":[{"@type":"SearchAction","target":{"@type":"EntryPoint","urlTemplate":"https:\/\/provence-materiaux-anciens.com\/?s={search_term_string}"},"query-input":{"@type":"PropertyValueSpecification","valueRequired":true,"valueName":"search_term_string"}}],"inLanguage":"fr-FR"},{"@type":"Organization","@id":"https:\/\/provence-materiaux-anciens.com\/#organization","name":"Provence Mat\u00e9riaux Anciens","url":"https:\/\/provence-materiaux-anciens.com\/","logo":{"@type":"ImageObject","inLanguage":"fr-FR","@id":"https:\/\/provence-materiaux-anciens.com\/#\/schema\/logo\/image\/","url":"https:\/\/provence-materiaux-anciens.com\/wp-content\/uploads\/2022\/03\/cropped-logo-pma-web.png","contentUrl":"https:\/\/provence-materiaux-anciens.com\/wp-content\/uploads\/2022\/03\/cropped-logo-pma-web.png","width":650,"height":434,"caption":"Provence Mat\u00e9riaux Anciens"},"image":{"@id":"https:\/\/provence-materiaux-anciens.com\/#\/schema\/logo\/image\/"},"sameAs":["https:\/\/www.facebook.com\/provencemateriauxanciens","https:\/\/www.instagram.com\/provencemateriauxanciens\/","https:\/\/www.pinterest.fr\/provencemateriauxanciens\/"]}]}},"_links":{"self":[{"href":"https:\/\/provence-materiaux-anciens.com\/fr\/wp-json\/wp\/v2\/product\/1097","targetHints":{"allow":["GET"]}}],"collection":[{"href":"https:\/\/provence-materiaux-anciens.com\/fr\/wp-json\/wp\/v2\/product"}],"about":[{"href":"https:\/\/provence-materiaux-anciens.com\/fr\/wp-json\/wp\/v2\/types\/product"}],"wp:featuredmedia":[{"embeddable":true,"href":"https:\/\/provence-materiaux-anciens.com\/fr\/wp-json\/wp\/v2\/media\/2519"}],"wp:attachment":[{"href":"https:\/\/provence-materiaux-anciens.com\/fr\/wp-json\/wp\/v2\/media?parent=1097"}],"wp:term":[{"taxonomy":"product_brand","embeddable":true,"href":"https:\/\/provence-materiaux-anciens.com\/fr\/wp-json\/wp\/v2\/product_brand?post=1097"},{"taxonomy":"product_cat","embeddable":true,"href":"https:\/\/provence-materiaux-anciens.com\/fr\/wp-json\/wp\/v2\/product_cat?post=1097"},{"taxonomy":"product_tag","embeddable":true,"href":"https:\/\/provence-materiaux-anciens.com\/fr\/wp-json\/wp\/v2\/product_tag?post=1097"}],"curies":[{"name":"wp","href":"https:\/\/api.w.org\/{rel}","templated":true}]}}