{"id":1102,"date":"2022-12-02T18:51:43","date_gmt":"2022-12-02T18:51:43","guid":{"rendered":"https:\/\/provence-materiaux-anciens.com\/?post_type=product&#038;p=1102"},"modified":"2026-01-15T15:26:06","modified_gmt":"2026-01-15T15:26:06","slug":"plancher-vieux-bois","status":"publish","type":"product","link":"https:\/\/provence-materiaux-anciens.com\/fr\/produit\/sols\/plancher-parquet\/plancher-sapin-ancien\/plancher-vieux-bois\/","title":{"rendered":"Planche \u00e0 fromage vieux bois"},"content":{"rendered":"","protected":false},"excerpt":{"rendered":"<h2><strong>Ref:<\/strong> Planche \u00e0 fromage (Pl02B)<\/h2>\n<p>Plancher vieux bois Planches \u00e0 fromage pr\u00eat \u00e0 poser. Il s&rsquo;agit d&rsquo;un vieux plancher en sapin r\u00e9cup\u00e9rer au sein de fromagerie de diff\u00e9rentes r\u00e9gions. Les vieilles planches \u00e9taient utilis\u00e9es pour stocker et affiner les fromages. Nous utilisons aujourd&rsquo;hui ce plancher ancien en bois pour apporter authenticit\u00e9 \u00e0 vos projets de constructions. La pr\u00e9paration de ces planches bois de r\u00e9cup\u00e9ration s&rsquo;effectue dans notre atelier de menuiserie.<\/p>\n<p><strong>Dimensions :<\/strong> selon arrivages.<\/p>\n","protected":false},"featured_media":7000,"template":"","meta":{"_monsterinsights_skip_tracking":false,"_monsterinsights_sitenote_active":false,"_monsterinsights_sitenote_note":"","_monsterinsights_sitenote_category":0},"product_brand":[],"product_cat":[43,42,32],"product_tag":[],"class_list":{"0":"post-1102","1":"product","2":"type-product","3":"status-publish","4":"has-post-thumbnail","6":"product_cat-plancher-sapin-ancien","7":"product_cat-plancher-parquet","8":"product_cat-sols","10":"first","11":"instock","12":"shipping-taxable","13":"product-type-simple"},"yoast_head":"<!-- This site is optimized with the Yoast SEO Premium plugin v22.1 (Yoast SEO v24.6) - https:\/\/yoast.com\/wordpress\/plugins\/seo\/ -->\n<title>Planche \u00e0 fromage vieux bois - Provence Mat\u00e9riaux Anciens<\/title>\n<meta name=\"robots\" content=\"index, follow, max-snippet:-1, max-image-preview:large, max-video-preview:-1\" \/>\n<link rel=\"canonical\" href=\"https:\/\/provence-materiaux-anciens.com\/fr\/produit\/sols\/plancher-parquet\/plancher-sapin-ancien\/plancher-vieux-bois\/\" \/>\n<meta property=\"og:locale\" content=\"fr_FR\" \/>\n<meta property=\"og:type\" content=\"article\" \/>\n<meta property=\"og:title\" content=\"Planche \u00e0 fromage vieux bois\" \/>\n<meta property=\"og:description\" content=\"Ref: Planche \u00e0 fromage (Pl02B) Plancher vieux bois Planches \u00e0 fromage pr\u00eat \u00e0 poser. Il s&#039;agit d&#039;un vieux plancher en sapin r\u00e9cup\u00e9rer au sein de fromagerie de diff\u00e9rentes r\u00e9gions. Les vieilles planches \u00e9taient utilis\u00e9es pour stocker et affiner les fromages. Nous utilisons aujourd&#039;hui ce plancher ancien en bois pour apporter authenticit\u00e9 \u00e0 vos projets de constructions. La pr\u00e9paration de ces planches bois de r\u00e9cup\u00e9ration s&#039;effectue dans notre atelier de menuiserie.  Dimensions : selon arrivages.\" \/>\n<meta property=\"og:url\" content=\"https:\/\/provence-materiaux-anciens.com\/fr\/produit\/sols\/plancher-parquet\/plancher-sapin-ancien\/plancher-vieux-bois\/\" \/>\n<meta property=\"og:site_name\" content=\"Provence Mat\u00e9riaux Anciens\" \/>\n<meta property=\"article:publisher\" content=\"https:\/\/www.facebook.com\/provencemateriauxanciens\" \/>\n<meta property=\"article:modified_time\" content=\"2026-01-15T15:26:06+00:00\" \/>\n<meta property=\"og:image\" content=\"https:\/\/provence-materiaux-anciens.com\/wp-content\/uploads\/2022\/12\/20251028_140105-scaled.jpg\" \/>\n\t<meta property=\"og:image:width\" content=\"1920\" \/>\n\t<meta property=\"og:image:height\" content=\"2560\" \/>\n\t<meta property=\"og:image:type\" content=\"image\/jpeg\" \/>\n<meta name=\"twitter:card\" content=\"summary_large_image\" \/>\n<meta name=\"twitter:label1\" content=\"Dur\u00e9e de lecture estim\u00e9e\" \/>\n\t<meta name=\"twitter:data1\" content=\"1 minute\" \/>\n<script type=\"application\/ld+json\" class=\"yoast-schema-graph\">{\"@context\":\"https:\/\/schema.org\",\"@graph\":[{\"@type\":\"WebPage\",\"@id\":\"https:\/\/provence-materiaux-anciens.com\/produit\/sols\/plancher-parquet\/plancher-sapin-ancien\/plancher-vieux-bois\/\",\"url\":\"https:\/\/provence-materiaux-anciens.com\/produit\/sols\/plancher-parquet\/plancher-sapin-ancien\/plancher-vieux-bois\/\",\"name\":\"Planche \u00e0 fromage vieux bois - Provence Mat\u00e9riaux Anciens\",\"isPartOf\":{\"@id\":\"https:\/\/provence-materiaux-anciens.com\/#website\"},\"primaryImageOfPage\":{\"@id\":\"https:\/\/provence-materiaux-anciens.com\/produit\/sols\/plancher-parquet\/plancher-sapin-ancien\/plancher-vieux-bois\/#primaryimage\"},\"image\":{\"@id\":\"https:\/\/provence-materiaux-anciens.com\/produit\/sols\/plancher-parquet\/plancher-sapin-ancien\/plancher-vieux-bois\/#primaryimage\"},\"thumbnailUrl\":\"https:\/\/provence-materiaux-anciens.com\/wp-content\/uploads\/2022\/12\/20251028_140105-scaled.jpg\",\"datePublished\":\"2022-12-02T18:51:43+00:00\",\"dateModified\":\"2026-01-15T15:26:06+00:00\",\"breadcrumb\":{\"@id\":\"https:\/\/provence-materiaux-anciens.com\/produit\/sols\/plancher-parquet\/plancher-sapin-ancien\/plancher-vieux-bois\/#breadcrumb\"},\"inLanguage\":\"fr-FR\",\"potentialAction\":[{\"@type\":\"ReadAction\",\"target\":[\"https:\/\/provence-materiaux-anciens.com\/produit\/sols\/plancher-parquet\/plancher-sapin-ancien\/plancher-vieux-bois\/\"]}]},{\"@type\":\"ImageObject\",\"inLanguage\":\"fr-FR\",\"@id\":\"https:\/\/provence-materiaux-anciens.com\/produit\/sols\/plancher-parquet\/plancher-sapin-ancien\/plancher-vieux-bois\/#primaryimage\",\"url\":\"https:\/\/provence-materiaux-anciens.com\/wp-content\/uploads\/2022\/12\/20251028_140105-scaled.jpg\",\"contentUrl\":\"https:\/\/provence-materiaux-anciens.com\/wp-content\/uploads\/2022\/12\/20251028_140105-scaled.jpg\",\"width\":1920,\"height\":2560},{\"@type\":\"BreadcrumbList\",\"@id\":\"https:\/\/provence-materiaux-anciens.com\/produit\/sols\/plancher-parquet\/plancher-sapin-ancien\/plancher-vieux-bois\/#breadcrumb\",\"itemListElement\":[{\"@type\":\"ListItem\",\"position\":1,\"name\":\"Accueil\",\"item\":\"https:\/\/provence-materiaux-anciens.com\/fr\/\"},{\"@type\":\"ListItem\",\"position\":2,\"name\":\"Produits\",\"item\":\"https:\/\/provence-materiaux-anciens.com\/produit\/\"},{\"@type\":\"ListItem\",\"position\":3,\"name\":\"Planche \u00e0 fromage vieux bois\"}]},{\"@type\":\"WebSite\",\"@id\":\"https:\/\/provence-materiaux-anciens.com\/#website\",\"url\":\"https:\/\/provence-materiaux-anciens.com\/\",\"name\":\"Provence Mat\u00e9riaux Anciens\",\"description\":\"Achat et vente de mat\u00e9riaux anciens de construction, poutres, tuiles, planchers, charpentes, dallages, terres cuites.\",\"publisher\":{\"@id\":\"https:\/\/provence-materiaux-anciens.com\/#organization\"},\"potentialAction\":[{\"@type\":\"SearchAction\",\"target\":{\"@type\":\"EntryPoint\",\"urlTemplate\":\"https:\/\/provence-materiaux-anciens.com\/?s={search_term_string}\"},\"query-input\":{\"@type\":\"PropertyValueSpecification\",\"valueRequired\":true,\"valueName\":\"search_term_string\"}}],\"inLanguage\":\"fr-FR\"},{\"@type\":\"Organization\",\"@id\":\"https:\/\/provence-materiaux-anciens.com\/#organization\",\"name\":\"Provence Mat\u00e9riaux Anciens\",\"url\":\"https:\/\/provence-materiaux-anciens.com\/\",\"logo\":{\"@type\":\"ImageObject\",\"inLanguage\":\"fr-FR\",\"@id\":\"https:\/\/provence-materiaux-anciens.com\/#\/schema\/logo\/image\/\",\"url\":\"https:\/\/provence-materiaux-anciens.com\/wp-content\/uploads\/2022\/03\/cropped-logo-pma-web.png\",\"contentUrl\":\"https:\/\/provence-materiaux-anciens.com\/wp-content\/uploads\/2022\/03\/cropped-logo-pma-web.png\",\"width\":650,\"height\":434,\"caption\":\"Provence Mat\u00e9riaux Anciens\"},\"image\":{\"@id\":\"https:\/\/provence-materiaux-anciens.com\/#\/schema\/logo\/image\/\"},\"sameAs\":[\"https:\/\/www.facebook.com\/provencemateriauxanciens\",\"https:\/\/www.instagram.com\/provencemateriauxanciens\/\",\"https:\/\/www.pinterest.fr\/provencemateriauxanciens\/\"]}]}<\/script>\n<!-- \/ Yoast SEO Premium plugin. -->","yoast_head_json":{"title":"Planche \u00e0 fromage vieux bois - Provence Mat\u00e9riaux Anciens","robots":{"index":"index","follow":"follow","max-snippet":"max-snippet:-1","max-image-preview":"max-image-preview:large","max-video-preview":"max-video-preview:-1"},"canonical":"https:\/\/provence-materiaux-anciens.com\/fr\/produit\/sols\/plancher-parquet\/plancher-sapin-ancien\/plancher-vieux-bois\/","og_locale":"fr_FR","og_type":"article","og_title":"Planche \u00e0 fromage vieux bois","og_description":"Ref: Planche \u00e0 fromage (Pl02B) Plancher vieux bois Planches \u00e0 fromage pr\u00eat \u00e0 poser. Il s'agit d'un vieux plancher en sapin r\u00e9cup\u00e9rer au sein de fromagerie de diff\u00e9rentes r\u00e9gions. Les vieilles planches \u00e9taient utilis\u00e9es pour stocker et affiner les fromages. Nous utilisons aujourd'hui ce plancher ancien en bois pour apporter authenticit\u00e9 \u00e0 vos projets de constructions. La pr\u00e9paration de ces planches bois de r\u00e9cup\u00e9ration s'effectue dans notre atelier de menuiserie.  Dimensions : selon arrivages.","og_url":"https:\/\/provence-materiaux-anciens.com\/fr\/produit\/sols\/plancher-parquet\/plancher-sapin-ancien\/plancher-vieux-bois\/","og_site_name":"Provence Mat\u00e9riaux Anciens","article_publisher":"https:\/\/www.facebook.com\/provencemateriauxanciens","article_modified_time":"2026-01-15T15:26:06+00:00","og_image":[{"width":1920,"height":2560,"url":"https:\/\/provence-materiaux-anciens.com\/wp-content\/uploads\/2022\/12\/20251028_140105-scaled.jpg","type":"image\/jpeg"}],"twitter_card":"summary_large_image","twitter_misc":{"Dur\u00e9e de lecture estim\u00e9e":"1 minute"},"schema":{"@context":"https:\/\/schema.org","@graph":[{"@type":"WebPage","@id":"https:\/\/provence-materiaux-anciens.com\/produit\/sols\/plancher-parquet\/plancher-sapin-ancien\/plancher-vieux-bois\/","url":"https:\/\/provence-materiaux-anciens.com\/produit\/sols\/plancher-parquet\/plancher-sapin-ancien\/plancher-vieux-bois\/","name":"Planche \u00e0 fromage vieux bois - Provence Mat\u00e9riaux Anciens","isPartOf":{"@id":"https:\/\/provence-materiaux-anciens.com\/#website"},"primaryImageOfPage":{"@id":"https:\/\/provence-materiaux-anciens.com\/produit\/sols\/plancher-parquet\/plancher-sapin-ancien\/plancher-vieux-bois\/#primaryimage"},"image":{"@id":"https:\/\/provence-materiaux-anciens.com\/produit\/sols\/plancher-parquet\/plancher-sapin-ancien\/plancher-vieux-bois\/#primaryimage"},"thumbnailUrl":"https:\/\/provence-materiaux-anciens.com\/wp-content\/uploads\/2022\/12\/20251028_140105-scaled.jpg","datePublished":"2022-12-02T18:51:43+00:00","dateModified":"2026-01-15T15:26:06+00:00","breadcrumb":{"@id":"https:\/\/provence-materiaux-anciens.com\/produit\/sols\/plancher-parquet\/plancher-sapin-ancien\/plancher-vieux-bois\/#breadcrumb"},"inLanguage":"fr-FR","potentialAction":[{"@type":"ReadAction","target":["https:\/\/provence-materiaux-anciens.com\/produit\/sols\/plancher-parquet\/plancher-sapin-ancien\/plancher-vieux-bois\/"]}]},{"@type":"ImageObject","inLanguage":"fr-FR","@id":"https:\/\/provence-materiaux-anciens.com\/produit\/sols\/plancher-parquet\/plancher-sapin-ancien\/plancher-vieux-bois\/#primaryimage","url":"https:\/\/provence-materiaux-anciens.com\/wp-content\/uploads\/2022\/12\/20251028_140105-scaled.jpg","contentUrl":"https:\/\/provence-materiaux-anciens.com\/wp-content\/uploads\/2022\/12\/20251028_140105-scaled.jpg","width":1920,"height":2560},{"@type":"BreadcrumbList","@id":"https:\/\/provence-materiaux-anciens.com\/produit\/sols\/plancher-parquet\/plancher-sapin-ancien\/plancher-vieux-bois\/#breadcrumb","itemListElement":[{"@type":"ListItem","position":1,"name":"Accueil","item":"https:\/\/provence-materiaux-anciens.com\/fr\/"},{"@type":"ListItem","position":2,"name":"Produits","item":"https:\/\/provence-materiaux-anciens.com\/produit\/"},{"@type":"ListItem","position":3,"name":"Planche \u00e0 fromage vieux bois"}]},{"@type":"WebSite","@id":"https:\/\/provence-materiaux-anciens.com\/#website","url":"https:\/\/provence-materiaux-anciens.com\/","name":"Provence Mat\u00e9riaux Anciens","description":"Achat et vente de mat\u00e9riaux anciens de construction, poutres, tuiles, planchers, charpentes, dallages, terres cuites.","publisher":{"@id":"https:\/\/provence-materiaux-anciens.com\/#organization"},"potentialAction":[{"@type":"SearchAction","target":{"@type":"EntryPoint","urlTemplate":"https:\/\/provence-materiaux-anciens.com\/?s={search_term_string}"},"query-input":{"@type":"PropertyValueSpecification","valueRequired":true,"valueName":"search_term_string"}}],"inLanguage":"fr-FR"},{"@type":"Organization","@id":"https:\/\/provence-materiaux-anciens.com\/#organization","name":"Provence Mat\u00e9riaux Anciens","url":"https:\/\/provence-materiaux-anciens.com\/","logo":{"@type":"ImageObject","inLanguage":"fr-FR","@id":"https:\/\/provence-materiaux-anciens.com\/#\/schema\/logo\/image\/","url":"https:\/\/provence-materiaux-anciens.com\/wp-content\/uploads\/2022\/03\/cropped-logo-pma-web.png","contentUrl":"https:\/\/provence-materiaux-anciens.com\/wp-content\/uploads\/2022\/03\/cropped-logo-pma-web.png","width":650,"height":434,"caption":"Provence Mat\u00e9riaux Anciens"},"image":{"@id":"https:\/\/provence-materiaux-anciens.com\/#\/schema\/logo\/image\/"},"sameAs":["https:\/\/www.facebook.com\/provencemateriauxanciens","https:\/\/www.instagram.com\/provencemateriauxanciens\/","https:\/\/www.pinterest.fr\/provencemateriauxanciens\/"]}]}},"_links":{"self":[{"href":"https:\/\/provence-materiaux-anciens.com\/fr\/wp-json\/wp\/v2\/product\/1102","targetHints":{"allow":["GET"]}}],"collection":[{"href":"https:\/\/provence-materiaux-anciens.com\/fr\/wp-json\/wp\/v2\/product"}],"about":[{"href":"https:\/\/provence-materiaux-anciens.com\/fr\/wp-json\/wp\/v2\/types\/product"}],"wp:featuredmedia":[{"embeddable":true,"href":"https:\/\/provence-materiaux-anciens.com\/fr\/wp-json\/wp\/v2\/media\/7000"}],"wp:attachment":[{"href":"https:\/\/provence-materiaux-anciens.com\/fr\/wp-json\/wp\/v2\/media?parent=1102"}],"wp:term":[{"taxonomy":"product_brand","embeddable":true,"href":"https:\/\/provence-materiaux-anciens.com\/fr\/wp-json\/wp\/v2\/product_brand?post=1102"},{"taxonomy":"product_cat","embeddable":true,"href":"https:\/\/provence-materiaux-anciens.com\/fr\/wp-json\/wp\/v2\/product_cat?post=1102"},{"taxonomy":"product_tag","embeddable":true,"href":"https:\/\/provence-materiaux-anciens.com\/fr\/wp-json\/wp\/v2\/product_tag?post=1102"}],"curies":[{"name":"wp","href":"https:\/\/api.w.org\/{rel}","templated":true}]}}