{"id":1106,"date":"2022-12-02T18:51:43","date_gmt":"2022-12-02T18:51:43","guid":{"rendered":"https:\/\/provence-materiaux-anciens.com\/?post_type=product&#038;p=1106"},"modified":"2024-06-13T15:05:59","modified_gmt":"2024-06-13T15:05:59","slug":"vieille-charpente-chene","status":"publish","type":"product","link":"https:\/\/provence-materiaux-anciens.com\/fr\/produit\/charpente-vieux-bois\/charpentes-vieux-chene\/vieille-charpente-chene\/","title":{"rendered":"Vieille Charpente Ch\u00eane"},"content":{"rendered":"<h3>La charpente en ch\u00eane : notre savoir-faire sur mesure<\/h3>\n<p>Nous cr\u00e9ons pour vous la charpente en ch\u00eane dont vous r\u00eavez. <strong>Elle est fabriqu\u00e9e sur mesure avec des poutres anciennes de r\u00e9cup\u00e9ration en ch\u00eane.<\/strong> Chaque pi\u00e8ce de nos charpentes sont de tr\u00e8s bonne qualit\u00e9 et incarne le c\u00f4t\u00e9 intemporel et la robustesse du ch\u00eane. Avec ces mat\u00e9riaux, vous apportez une touche d&rsquo;authenticit\u00e9 \u00e0 votre <a href=\"https:\/\/provence-materiaux-anciens.com\/categorie-produit\/charpente-vieux-bois\/\" target=\"\" rel=\"noopener\">charpente traditionnelle<\/a> en bois.<\/p>\n<h3>La solidit\u00e9 du ch\u00eane<\/h3>\n<p><strong>Le ch\u00eane, avec sa densit\u00e9 et sa r\u00e9sistance exceptionnelle, est depuis des si\u00e8cles le mat\u00e9riau de pr\u00e9dilection pour la construction de charpentes en bois. <\/strong>Nos <a href=\"https:\/\/provence-materiaux-anciens.com\/produit\/charpente-vieux-bois\/charpentes-vieux-chene\/poutres-vieux-bois-chene\/\" target=\"\" rel=\"noopener\">poutres anciennes de r\u00e9cup\u00e9ration<\/a> en ch\u00eane sont soigneusement s\u00e9lectionn\u00e9es pour leur qualit\u00e9 et leur caract\u00e8re unique. Leur grain, leurs n\u0153uds et leurs patines vieillies ajoutent une touche d&rsquo;authenticit\u00e9 et de caract\u00e8re.<\/p>\n<h3>La conception sur mesure pour r\u00e9pondre \u00e0 tous vos besoins<\/h3>\n<p>Chez nous, <strong>chaque charpente en ch\u00eane est con\u00e7ue sur mesure pour r\u00e9pondre aux besoins sp\u00e9cifiques de nos clients.<\/strong> Que vous envisagiez de construire une charpente pour une maison traditionnelle ou une grange r\u00e9nov\u00e9e, notre \u00e9quipe qualifi\u00e9e travaille en \u00e9troite collaboration avec vous pour cr\u00e9er une structure qui allie \u00e0 la perfection esth\u00e9tique et fonctionnalit\u00e9. Gr\u00e2ce \u00e0 notre expertise et notre savoir-faire, nous sommes en mesure de r\u00e9aliser des projets de toutes tailles et de toutes complexit\u00e9s, en respectant vos exigences et vos attentes.<\/p>\n<h3>De la r\u00e9cup\u00e9ration de poutres \u00e0 la charpente en ch\u00eane<\/h3>\n<p>En utilisant des poutres anciennes de r\u00e9cup\u00e9ration en ch\u00eane, nous contribuons \u00e0 pr\u00e9server un patrimoine pr\u00e9cieux tout en prot\u00e9geant l&rsquo;environnement. Nous \u00e9vitons ainsi l&rsquo;abattage d&rsquo;arbres suppl\u00e9mentaires et r\u00e9duisons ainsi l&#8217;empreinte \u00e9cologique de la construction.<\/p>\n<p>&nbsp;<\/p>\n<p><strong><a href=\"https:\/\/provence-materiaux-anciens.com\/contact\/\" target=\"\" rel=\"noopener\">Contactez-nous pour mettre en place votre projet<\/a><\/strong><\/p>\n","protected":false},"excerpt":{"rendered":"<h2><strong>R\u00e9f : <\/strong>Charpente Ch\u00eane (CHCH)<\/h2>\n<p>Vieille charpente en ch\u00eane r\u00e9alis\u00e9e sur mesure dans notre atelier de charpente. <strong>Ces charpentes sont fa\u00e7onn\u00e9es avec <\/strong><strong><a href=\"https:\/\/provence-materiaux-anciens.com\/produit\/charpente-vieux-bois\/charpentes-vieux-chene\/poutres-vieux-bois-chene\/\" target=\"\" rel=\"noopener\">poutres anciennes de r\u00e9cup\u00e9ration<\/a> <\/strong><strong>en ch\u00eane<\/strong>, pr\u00e9alablement ponc\u00e9es et trait\u00e9es.<\/p>\n<p>Nos charpentiers assembleront tous les \u00e9l\u00e9ments de la charpente ancienne en vieux ch\u00eane sur notre d\u00e9p\u00f4t de mani\u00e8re artisanale. <strong>Les poutres anciennes<\/strong><strong> de r\u00e9cup\u00e9ration<\/strong><strong> en ch\u00eane sont embo\u00eet\u00e9es et chevill\u00e9es<\/strong> (tenons-mortaises ou semi encastr\u00e9es).<\/p>\n<p>La charpente termin\u00e9e, vous pourrez \u00e0 votre gr\u00e9 la compl\u00e9ter avec des <a href=\"https:\/\/provence-materiaux-anciens.com\/produit\/charpente-vieux-bois\/charpentes-vieux-chene\/chevrons-chene-de-recuperation\/\">chevrons en ch\u00eane<\/a> anciens, du<a href=\"https:\/\/provence-materiaux-anciens.com\/categorie-produit\/plancher-parquet\/\"> plancher<\/a> (cf. sous plafond), <a href=\"https:\/\/provence-materiaux-anciens.com\/produit\/parefeuille-ancien\/\">du parefeuille ancien<\/a> ou encore des <a href=\"https:\/\/provence-materiaux-anciens.com\/categorie-produit\/tuiles-anciennes\/\">tuiles anciennes<\/a>.<\/p>\n","protected":false},"featured_media":4914,"template":"","meta":{"_monsterinsights_skip_tracking":false,"_monsterinsights_sitenote_active":false,"_monsterinsights_sitenote_note":"","_monsterinsights_sitenote_category":0},"product_brand":[],"product_cat":[27,56],"product_tag":[],"class_list":{"0":"post-1106","1":"product","2":"type-product","3":"status-publish","4":"has-post-thumbnail","6":"product_cat-charpente-vieux-bois","7":"product_cat-charpentes-vieux-chene","9":"first","10":"instock","11":"shipping-taxable","12":"product-type-simple"},"yoast_head":"<!-- This site is optimized with the Yoast SEO Premium plugin v22.1 (Yoast SEO v24.6) - https:\/\/yoast.com\/wordpress\/plugins\/seo\/ -->\n<title>Vieille Charpente en ch\u00eane - Provence Mat\u00e9riaux Anciens<\/title>\n<meta name=\"description\" content=\"Nous fabriquons la charpente en ch\u00eane de vos r\u00eaves avec des poutres anciennes de r\u00e9cup\u00e9ration. Chaque cr\u00e9ation est unique, authentique et sur mesure\" \/>\n<meta name=\"robots\" content=\"index, follow, max-snippet:-1, max-image-preview:large, max-video-preview:-1\" \/>\n<link rel=\"canonical\" href=\"https:\/\/provence-materiaux-anciens.com\/fr\/produit\/charpente-vieux-bois\/charpentes-vieux-chene\/vieille-charpente-chene\/\" \/>\n<meta property=\"og:locale\" content=\"fr_FR\" \/>\n<meta property=\"og:type\" content=\"article\" \/>\n<meta property=\"og:title\" content=\"Vieille Charpente Ch\u00eane\" \/>\n<meta property=\"og:description\" content=\"Nous fabriquons la charpente en ch\u00eane de vos r\u00eaves avec des poutres anciennes de r\u00e9cup\u00e9ration. Chaque cr\u00e9ation est unique, authentique et sur mesure\" \/>\n<meta property=\"og:url\" content=\"https:\/\/provence-materiaux-anciens.com\/fr\/produit\/charpente-vieux-bois\/charpentes-vieux-chene\/vieille-charpente-chene\/\" \/>\n<meta property=\"og:site_name\" content=\"Provence Mat\u00e9riaux Anciens\" \/>\n<meta property=\"article:publisher\" content=\"https:\/\/www.facebook.com\/provencemateriauxanciens\" \/>\n<meta property=\"article:modified_time\" content=\"2024-06-13T15:05:59+00:00\" \/>\n<meta property=\"og:image\" content=\"https:\/\/provence-materiaux-anciens.com\/wp-content\/uploads\/2022\/12\/2_20240612_171912_0001-682x1024.png\" \/>\n\t<meta property=\"og:image:width\" content=\"682\" \/>\n\t<meta property=\"og:image:height\" content=\"1024\" \/>\n\t<meta property=\"og:image:type\" content=\"image\/png\" \/>\n<meta name=\"twitter:card\" content=\"summary_large_image\" \/>\n<meta name=\"twitter:label1\" content=\"Dur\u00e9e de lecture estim\u00e9e\" \/>\n\t<meta name=\"twitter:data1\" content=\"2 minutes\" \/>\n<script type=\"application\/ld+json\" class=\"yoast-schema-graph\">{\"@context\":\"https:\/\/schema.org\",\"@graph\":[{\"@type\":\"WebPage\",\"@id\":\"https:\/\/provence-materiaux-anciens.com\/fr\/produit\/charpente-vieux-bois\/charpentes-vieux-chene\/vieille-charpente-chene\/\",\"url\":\"https:\/\/provence-materiaux-anciens.com\/fr\/produit\/charpente-vieux-bois\/charpentes-vieux-chene\/vieille-charpente-chene\/\",\"name\":\"Vieille Charpente en ch\u00eane - Provence Mat\u00e9riaux Anciens\",\"isPartOf\":{\"@id\":\"https:\/\/provence-materiaux-anciens.com\/#website\"},\"primaryImageOfPage\":{\"@id\":\"https:\/\/provence-materiaux-anciens.com\/fr\/produit\/charpente-vieux-bois\/charpentes-vieux-chene\/vieille-charpente-chene\/#primaryimage\"},\"image\":{\"@id\":\"https:\/\/provence-materiaux-anciens.com\/fr\/produit\/charpente-vieux-bois\/charpentes-vieux-chene\/vieille-charpente-chene\/#primaryimage\"},\"thumbnailUrl\":\"https:\/\/provence-materiaux-anciens.com\/wp-content\/uploads\/2022\/12\/2_20240612_171912_0001.png\",\"datePublished\":\"2022-12-02T18:51:43+00:00\",\"dateModified\":\"2024-06-13T15:05:59+00:00\",\"description\":\"Nous fabriquons la charpente en ch\u00eane de vos r\u00eaves avec des poutres anciennes de r\u00e9cup\u00e9ration. Chaque cr\u00e9ation est unique, authentique et sur mesure\",\"breadcrumb\":{\"@id\":\"https:\/\/provence-materiaux-anciens.com\/fr\/produit\/charpente-vieux-bois\/charpentes-vieux-chene\/vieille-charpente-chene\/#breadcrumb\"},\"inLanguage\":\"fr-FR\",\"potentialAction\":[{\"@type\":\"ReadAction\",\"target\":[\"https:\/\/provence-materiaux-anciens.com\/fr\/produit\/charpente-vieux-bois\/charpentes-vieux-chene\/vieille-charpente-chene\/\"]}]},{\"@type\":\"ImageObject\",\"inLanguage\":\"fr-FR\",\"@id\":\"https:\/\/provence-materiaux-anciens.com\/fr\/produit\/charpente-vieux-bois\/charpentes-vieux-chene\/vieille-charpente-chene\/#primaryimage\",\"url\":\"https:\/\/provence-materiaux-anciens.com\/wp-content\/uploads\/2022\/12\/2_20240612_171912_0001.png\",\"contentUrl\":\"https:\/\/provence-materiaux-anciens.com\/wp-content\/uploads\/2022\/12\/2_20240612_171912_0001.png\",\"width\":1333,\"height\":2000},{\"@type\":\"BreadcrumbList\",\"@id\":\"https:\/\/provence-materiaux-anciens.com\/fr\/produit\/charpente-vieux-bois\/charpentes-vieux-chene\/vieille-charpente-chene\/#breadcrumb\",\"itemListElement\":[{\"@type\":\"ListItem\",\"position\":1,\"name\":\"Accueil\",\"item\":\"https:\/\/provence-materiaux-anciens.com\/fr\/\"},{\"@type\":\"ListItem\",\"position\":2,\"name\":\"Produits\",\"item\":\"https:\/\/provence-materiaux-anciens.com\/produit\/\"},{\"@type\":\"ListItem\",\"position\":3,\"name\":\"Vieille Charpente Ch\u00eane\"}]},{\"@type\":\"WebSite\",\"@id\":\"https:\/\/provence-materiaux-anciens.com\/#website\",\"url\":\"https:\/\/provence-materiaux-anciens.com\/\",\"name\":\"Provence Mat\u00e9riaux Anciens\",\"description\":\"Achat et vente de mat\u00e9riaux anciens de construction, poutres, tuiles, planchers, charpentes, dallages, terres cuites.\",\"publisher\":{\"@id\":\"https:\/\/provence-materiaux-anciens.com\/#organization\"},\"potentialAction\":[{\"@type\":\"SearchAction\",\"target\":{\"@type\":\"EntryPoint\",\"urlTemplate\":\"https:\/\/provence-materiaux-anciens.com\/?s={search_term_string}\"},\"query-input\":{\"@type\":\"PropertyValueSpecification\",\"valueRequired\":true,\"valueName\":\"search_term_string\"}}],\"inLanguage\":\"fr-FR\"},{\"@type\":\"Organization\",\"@id\":\"https:\/\/provence-materiaux-anciens.com\/#organization\",\"name\":\"Provence Mat\u00e9riaux Anciens\",\"url\":\"https:\/\/provence-materiaux-anciens.com\/\",\"logo\":{\"@type\":\"ImageObject\",\"inLanguage\":\"fr-FR\",\"@id\":\"https:\/\/provence-materiaux-anciens.com\/#\/schema\/logo\/image\/\",\"url\":\"https:\/\/provence-materiaux-anciens.com\/wp-content\/uploads\/2022\/03\/cropped-logo-pma-web.png\",\"contentUrl\":\"https:\/\/provence-materiaux-anciens.com\/wp-content\/uploads\/2022\/03\/cropped-logo-pma-web.png\",\"width\":650,\"height\":434,\"caption\":\"Provence Mat\u00e9riaux Anciens\"},\"image\":{\"@id\":\"https:\/\/provence-materiaux-anciens.com\/#\/schema\/logo\/image\/\"},\"sameAs\":[\"https:\/\/www.facebook.com\/provencemateriauxanciens\",\"https:\/\/www.instagram.com\/provencemateriauxanciens\/\",\"https:\/\/www.pinterest.fr\/provencemateriauxanciens\/\"]}]}<\/script>\n<!-- \/ Yoast SEO Premium plugin. -->","yoast_head_json":{"title":"Vieille Charpente en ch\u00eane - Provence Mat\u00e9riaux Anciens","description":"Nous fabriquons la charpente en ch\u00eane de vos r\u00eaves avec des poutres anciennes de r\u00e9cup\u00e9ration. Chaque cr\u00e9ation est unique, authentique et sur mesure","robots":{"index":"index","follow":"follow","max-snippet":"max-snippet:-1","max-image-preview":"max-image-preview:large","max-video-preview":"max-video-preview:-1"},"canonical":"https:\/\/provence-materiaux-anciens.com\/fr\/produit\/charpente-vieux-bois\/charpentes-vieux-chene\/vieille-charpente-chene\/","og_locale":"fr_FR","og_type":"article","og_title":"Vieille Charpente Ch\u00eane","og_description":"Nous fabriquons la charpente en ch\u00eane de vos r\u00eaves avec des poutres anciennes de r\u00e9cup\u00e9ration. Chaque cr\u00e9ation est unique, authentique et sur mesure","og_url":"https:\/\/provence-materiaux-anciens.com\/fr\/produit\/charpente-vieux-bois\/charpentes-vieux-chene\/vieille-charpente-chene\/","og_site_name":"Provence Mat\u00e9riaux Anciens","article_publisher":"https:\/\/www.facebook.com\/provencemateriauxanciens","article_modified_time":"2024-06-13T15:05:59+00:00","og_image":[{"width":682,"height":1024,"url":"https:\/\/provence-materiaux-anciens.com\/wp-content\/uploads\/2022\/12\/2_20240612_171912_0001-682x1024.png","type":"image\/png"}],"twitter_card":"summary_large_image","twitter_misc":{"Dur\u00e9e de lecture estim\u00e9e":"2 minutes"},"schema":{"@context":"https:\/\/schema.org","@graph":[{"@type":"WebPage","@id":"https:\/\/provence-materiaux-anciens.com\/fr\/produit\/charpente-vieux-bois\/charpentes-vieux-chene\/vieille-charpente-chene\/","url":"https:\/\/provence-materiaux-anciens.com\/fr\/produit\/charpente-vieux-bois\/charpentes-vieux-chene\/vieille-charpente-chene\/","name":"Vieille Charpente en ch\u00eane - Provence Mat\u00e9riaux Anciens","isPartOf":{"@id":"https:\/\/provence-materiaux-anciens.com\/#website"},"primaryImageOfPage":{"@id":"https:\/\/provence-materiaux-anciens.com\/fr\/produit\/charpente-vieux-bois\/charpentes-vieux-chene\/vieille-charpente-chene\/#primaryimage"},"image":{"@id":"https:\/\/provence-materiaux-anciens.com\/fr\/produit\/charpente-vieux-bois\/charpentes-vieux-chene\/vieille-charpente-chene\/#primaryimage"},"thumbnailUrl":"https:\/\/provence-materiaux-anciens.com\/wp-content\/uploads\/2022\/12\/2_20240612_171912_0001.png","datePublished":"2022-12-02T18:51:43+00:00","dateModified":"2024-06-13T15:05:59+00:00","description":"Nous fabriquons la charpente en ch\u00eane de vos r\u00eaves avec des poutres anciennes de r\u00e9cup\u00e9ration. Chaque cr\u00e9ation est unique, authentique et sur mesure","breadcrumb":{"@id":"https:\/\/provence-materiaux-anciens.com\/fr\/produit\/charpente-vieux-bois\/charpentes-vieux-chene\/vieille-charpente-chene\/#breadcrumb"},"inLanguage":"fr-FR","potentialAction":[{"@type":"ReadAction","target":["https:\/\/provence-materiaux-anciens.com\/fr\/produit\/charpente-vieux-bois\/charpentes-vieux-chene\/vieille-charpente-chene\/"]}]},{"@type":"ImageObject","inLanguage":"fr-FR","@id":"https:\/\/provence-materiaux-anciens.com\/fr\/produit\/charpente-vieux-bois\/charpentes-vieux-chene\/vieille-charpente-chene\/#primaryimage","url":"https:\/\/provence-materiaux-anciens.com\/wp-content\/uploads\/2022\/12\/2_20240612_171912_0001.png","contentUrl":"https:\/\/provence-materiaux-anciens.com\/wp-content\/uploads\/2022\/12\/2_20240612_171912_0001.png","width":1333,"height":2000},{"@type":"BreadcrumbList","@id":"https:\/\/provence-materiaux-anciens.com\/fr\/produit\/charpente-vieux-bois\/charpentes-vieux-chene\/vieille-charpente-chene\/#breadcrumb","itemListElement":[{"@type":"ListItem","position":1,"name":"Accueil","item":"https:\/\/provence-materiaux-anciens.com\/fr\/"},{"@type":"ListItem","position":2,"name":"Produits","item":"https:\/\/provence-materiaux-anciens.com\/produit\/"},{"@type":"ListItem","position":3,"name":"Vieille Charpente Ch\u00eane"}]},{"@type":"WebSite","@id":"https:\/\/provence-materiaux-anciens.com\/#website","url":"https:\/\/provence-materiaux-anciens.com\/","name":"Provence Mat\u00e9riaux Anciens","description":"Achat et vente de mat\u00e9riaux anciens de construction, poutres, tuiles, planchers, charpentes, dallages, terres cuites.","publisher":{"@id":"https:\/\/provence-materiaux-anciens.com\/#organization"},"potentialAction":[{"@type":"SearchAction","target":{"@type":"EntryPoint","urlTemplate":"https:\/\/provence-materiaux-anciens.com\/?s={search_term_string}"},"query-input":{"@type":"PropertyValueSpecification","valueRequired":true,"valueName":"search_term_string"}}],"inLanguage":"fr-FR"},{"@type":"Organization","@id":"https:\/\/provence-materiaux-anciens.com\/#organization","name":"Provence Mat\u00e9riaux Anciens","url":"https:\/\/provence-materiaux-anciens.com\/","logo":{"@type":"ImageObject","inLanguage":"fr-FR","@id":"https:\/\/provence-materiaux-anciens.com\/#\/schema\/logo\/image\/","url":"https:\/\/provence-materiaux-anciens.com\/wp-content\/uploads\/2022\/03\/cropped-logo-pma-web.png","contentUrl":"https:\/\/provence-materiaux-anciens.com\/wp-content\/uploads\/2022\/03\/cropped-logo-pma-web.png","width":650,"height":434,"caption":"Provence Mat\u00e9riaux Anciens"},"image":{"@id":"https:\/\/provence-materiaux-anciens.com\/#\/schema\/logo\/image\/"},"sameAs":["https:\/\/www.facebook.com\/provencemateriauxanciens","https:\/\/www.instagram.com\/provencemateriauxanciens\/","https:\/\/www.pinterest.fr\/provencemateriauxanciens\/"]}]}},"_links":{"self":[{"href":"https:\/\/provence-materiaux-anciens.com\/fr\/wp-json\/wp\/v2\/product\/1106","targetHints":{"allow":["GET"]}}],"collection":[{"href":"https:\/\/provence-materiaux-anciens.com\/fr\/wp-json\/wp\/v2\/product"}],"about":[{"href":"https:\/\/provence-materiaux-anciens.com\/fr\/wp-json\/wp\/v2\/types\/product"}],"wp:featuredmedia":[{"embeddable":true,"href":"https:\/\/provence-materiaux-anciens.com\/fr\/wp-json\/wp\/v2\/media\/4914"}],"wp:attachment":[{"href":"https:\/\/provence-materiaux-anciens.com\/fr\/wp-json\/wp\/v2\/media?parent=1106"}],"wp:term":[{"taxonomy":"product_brand","embeddable":true,"href":"https:\/\/provence-materiaux-anciens.com\/fr\/wp-json\/wp\/v2\/product_brand?post=1106"},{"taxonomy":"product_cat","embeddable":true,"href":"https:\/\/provence-materiaux-anciens.com\/fr\/wp-json\/wp\/v2\/product_cat?post=1106"},{"taxonomy":"product_tag","embeddable":true,"href":"https:\/\/provence-materiaux-anciens.com\/fr\/wp-json\/wp\/v2\/product_tag?post=1106"}],"curies":[{"name":"wp","href":"https:\/\/api.w.org\/{rel}","templated":true}]}}