{"id":1107,"date":"2022-12-02T18:51:44","date_gmt":"2022-12-02T18:51:44","guid":{"rendered":"https:\/\/provence-materiaux-anciens.com\/?post_type=product&#038;p=1107"},"modified":"2025-04-22T10:08:38","modified_gmt":"2025-04-22T10:08:38","slug":"poutres-anciennes-sapin","status":"publish","type":"product","link":"https:\/\/provence-materiaux-anciens.com\/fr\/produit\/charpente-vieux-bois\/charpentes-sapin-ancien\/poutres-anciennes-sapin\/","title":{"rendered":"Poutres anciennes sapin"},"content":{"rendered":"<h3>La beaut\u00e9 naturelle des poutres anciennes en sapin<\/h3>\n<p>Les poutres anciennes racontent une histoire, impr\u00e9gn\u00e9es des si\u00e8cles pass\u00e9s. Fabriqu\u00e9e \u00e0 partir du bois noble de sapin, chaque poutre pr\u00e9sente des marques du temps : des n\u0153uds naturels, des fissures d\u00e9licates, et une patine vieillie qui conf\u00e8re une beaut\u00e9 naturelle et authentique. <strong>Chaque imperfection ajoute une touche de caract\u00e8re et de charme \u00e0 votre charpente.<\/strong><\/p>\n<h3>La solidit\u00e9 des poutres anciennes en bois<\/h3>\n<p>En plus de leur esth\u00e9tique, les poutres en bois offrent une solidit\u00e9 et une durabilit\u00e9 in\u00e9gal\u00e9es. Le bois utilis\u00e9 dans leur fabrication a travers\u00e9 les \u00e2ges, acqu\u00e9rant une densit\u00e9 et une r\u00e9sistance qui r\u00e9sistent \u00e0 l&rsquo;\u00e9preuve du temps. <strong>Ces poutres sont capables de supporter des charges importantes<\/strong>, assurant ainsi la stabilit\u00e9 et la s\u00e9curit\u00e9 de votre charpente.<\/p>\n<h3>La r\u00e9cup\u00e9ration de mat\u00e9riaux anciens : un geste \u00e9cologique<\/h3>\n<p>La r\u00e9cup\u00e9ration de mat\u00e9riaux anciens est une d\u00e9marche \u00e9cologique qui nous tient \u00e0 coeur. <strong>Que ce soit pour les poutres anciennes, les <a href=\"https:\/\/provence-materiaux-anciens.com\/categorie-produit\/sols\/terre-cuite-ancienne\/tomettes-anciennes\/\" target=\"\" rel=\"noopener\">tomettes anciennes<\/a>, les <\/strong><strong><a href=\"https:\/\/provence-materiaux-anciens.com\/categorie-produit\/tuiles-anciennes\/\" target=\"\" rel=\"noopener\">tuiles anciennes<\/a>, nous souhaitons pr\u00e9server ces pi\u00e8ces uniques<\/strong><strong> de grande qualit\u00e9. <\/strong><\/p>\n<p>Chaque poutre ancienne r\u00e9utilis\u00e9e contribue \u00e0 la pr\u00e9servation de notre h\u00e9ritage culturel et \u00e0 la r\u00e9duction de notre empreinte environnementale.<\/p>\n<h3>Cr\u00e9ez votre charpente en bois avec nos poutres en sapin<\/h3>\n<p>Que vous envisagiez de construire une maison, une grange, un chalet ou tout autre type de structure, l&rsquo;utilisation de poutres anciennes dans votre charpente ajoute une dimension unique et un charme intemporel \u00e0 votre projet. Confiez votre projet \u00e0 nos charpentiers qualifi\u00e9s qui sauront donner vie \u00e0 vos r\u00eaves en utilisant le bois dans toute sa splendeur et son authenticit\u00e9.<\/p>\n<p><strong><a href=\"https:\/\/provence-materiaux-anciens.com\/contact\/\" target=\"\" rel=\"noopener\">Contactez nous pour discuter de votre projet !<\/a><\/strong><\/p>\n","protected":false},"excerpt":{"rendered":"<h2><strong>R\u00e9f :<\/strong> Poutres anciennes sapin\u00a0 (POU002)<\/h2>\n<p>Nous disposons d\u2019un vaste choix de poutres anciennes de r\u00e9cup\u00e9ration en sapin. Ces vieilles poutres en sapin ont tous types de patines car ont du v\u00e9cu et donc plus d&rsquo;authenticit\u00e9. N\u00e9anmoins, nous pouvons nettoyer nos poutres anciennes en sapin afin de les rendre plus identiques. Nos charpentiers peuvent par ailleurs fabriquer vos charpentes en bois sur-mesure \u00e0 partir de nos vieilles poutres sapin.<\/p>\n<p>Retrouvez nos <a href=\"https:\/\/provence-materiaux-anciens.com\/produit\/charpente-vieux-sapin\/\">charpentes en vieux sapin.<\/a><\/p>\n<p><strong>DIMENSIONS:\u00a0<\/strong>variable<\/p>\n","protected":false},"featured_media":1715,"template":"","meta":{"_monsterinsights_skip_tracking":false,"_monsterinsights_sitenote_active":false,"_monsterinsights_sitenote_note":"","_monsterinsights_sitenote_category":0},"product_brand":[],"product_cat":[55,27],"product_tag":[],"class_list":{"0":"post-1107","1":"product","2":"type-product","3":"status-publish","4":"has-post-thumbnail","6":"product_cat-charpentes-sapin-ancien","7":"product_cat-charpente-vieux-bois","9":"first","10":"instock","11":"shipping-taxable","12":"product-type-simple"},"yoast_head":"<!-- This site is optimized with the Yoast SEO Premium plugin v22.1 (Yoast SEO v24.6) - https:\/\/yoast.com\/wordpress\/plugins\/seo\/ -->\n<title>Poutres anciennes en sapin - Provence Mat\u00e9riaux Anciens<\/title>\n<meta name=\"description\" content=\"D\u00e9couvrez nos poutres anciennes en sapin disponibles en grande quantit\u00e9 : des poutres de r\u00e9cup\u00e9ration de grande qualit\u00e9 pour vos charpentes en bois\" \/>\n<meta name=\"robots\" content=\"index, follow, max-snippet:-1, max-image-preview:large, max-video-preview:-1\" \/>\n<link rel=\"canonical\" href=\"https:\/\/provence-materiaux-anciens.com\/fr\/produit\/charpente-vieux-bois\/charpentes-sapin-ancien\/poutres-anciennes-sapin\/\" \/>\n<meta property=\"og:locale\" content=\"fr_FR\" \/>\n<meta property=\"og:type\" content=\"article\" \/>\n<meta property=\"og:title\" content=\"Poutres anciennes sapin\" \/>\n<meta property=\"og:description\" content=\"D\u00e9couvrez nos poutres anciennes en sapin disponibles en grande quantit\u00e9 : des poutres de r\u00e9cup\u00e9ration de grande qualit\u00e9 pour vos charpentes en bois\" \/>\n<meta property=\"og:url\" content=\"https:\/\/provence-materiaux-anciens.com\/fr\/produit\/charpente-vieux-bois\/charpentes-sapin-ancien\/poutres-anciennes-sapin\/\" \/>\n<meta property=\"og:site_name\" content=\"Provence Mat\u00e9riaux Anciens\" \/>\n<meta property=\"article:publisher\" content=\"https:\/\/www.facebook.com\/provencemateriauxanciens\" \/>\n<meta property=\"article:modified_time\" content=\"2025-04-22T10:08:38+00:00\" \/>\n<meta property=\"og:image\" content=\"https:\/\/provence-materiaux-anciens.com\/wp-content\/uploads\/2022\/12\/poutres-anciennes-sapin03.jpg\" \/>\n\t<meta property=\"og:image:width\" content=\"700\" \/>\n\t<meta property=\"og:image:height\" content=\"700\" \/>\n\t<meta property=\"og:image:type\" content=\"image\/jpeg\" \/>\n<meta name=\"twitter:card\" content=\"summary_large_image\" \/>\n<meta name=\"twitter:label1\" content=\"Dur\u00e9e de lecture estim\u00e9e\" \/>\n\t<meta name=\"twitter:data1\" content=\"2 minutes\" \/>\n<script type=\"application\/ld+json\" class=\"yoast-schema-graph\">{\"@context\":\"https:\/\/schema.org\",\"@graph\":[{\"@type\":\"WebPage\",\"@id\":\"https:\/\/provence-materiaux-anciens.com\/produit\/charpente-vieux-bois\/charpentes-sapin-ancien\/poutres-anciennes-sapin\/\",\"url\":\"https:\/\/provence-materiaux-anciens.com\/produit\/charpente-vieux-bois\/charpentes-sapin-ancien\/poutres-anciennes-sapin\/\",\"name\":\"Poutres anciennes en sapin - Provence Mat\u00e9riaux Anciens\",\"isPartOf\":{\"@id\":\"https:\/\/provence-materiaux-anciens.com\/#website\"},\"primaryImageOfPage\":{\"@id\":\"https:\/\/provence-materiaux-anciens.com\/produit\/charpente-vieux-bois\/charpentes-sapin-ancien\/poutres-anciennes-sapin\/#primaryimage\"},\"image\":{\"@id\":\"https:\/\/provence-materiaux-anciens.com\/produit\/charpente-vieux-bois\/charpentes-sapin-ancien\/poutres-anciennes-sapin\/#primaryimage\"},\"thumbnailUrl\":\"https:\/\/provence-materiaux-anciens.com\/wp-content\/uploads\/2022\/12\/poutres-anciennes-sapin03.jpg\",\"datePublished\":\"2022-12-02T18:51:44+00:00\",\"dateModified\":\"2025-04-22T10:08:38+00:00\",\"description\":\"D\u00e9couvrez nos poutres anciennes en sapin disponibles en grande quantit\u00e9 : des poutres de r\u00e9cup\u00e9ration de grande qualit\u00e9 pour vos charpentes en bois\",\"breadcrumb\":{\"@id\":\"https:\/\/provence-materiaux-anciens.com\/produit\/charpente-vieux-bois\/charpentes-sapin-ancien\/poutres-anciennes-sapin\/#breadcrumb\"},\"inLanguage\":\"fr-FR\",\"potentialAction\":[{\"@type\":\"ReadAction\",\"target\":[\"https:\/\/provence-materiaux-anciens.com\/produit\/charpente-vieux-bois\/charpentes-sapin-ancien\/poutres-anciennes-sapin\/\"]}]},{\"@type\":\"ImageObject\",\"inLanguage\":\"fr-FR\",\"@id\":\"https:\/\/provence-materiaux-anciens.com\/produit\/charpente-vieux-bois\/charpentes-sapin-ancien\/poutres-anciennes-sapin\/#primaryimage\",\"url\":\"https:\/\/provence-materiaux-anciens.com\/wp-content\/uploads\/2022\/12\/poutres-anciennes-sapin03.jpg\",\"contentUrl\":\"https:\/\/provence-materiaux-anciens.com\/wp-content\/uploads\/2022\/12\/poutres-anciennes-sapin03.jpg\",\"width\":700,\"height\":700,\"caption\":\"poutres-anciennes-sapin03\"},{\"@type\":\"BreadcrumbList\",\"@id\":\"https:\/\/provence-materiaux-anciens.com\/produit\/charpente-vieux-bois\/charpentes-sapin-ancien\/poutres-anciennes-sapin\/#breadcrumb\",\"itemListElement\":[{\"@type\":\"ListItem\",\"position\":1,\"name\":\"Accueil\",\"item\":\"https:\/\/provence-materiaux-anciens.com\/fr\/\"},{\"@type\":\"ListItem\",\"position\":2,\"name\":\"Produits\",\"item\":\"https:\/\/provence-materiaux-anciens.com\/produit\/\"},{\"@type\":\"ListItem\",\"position\":3,\"name\":\"Poutres anciennes sapin\"}]},{\"@type\":\"WebSite\",\"@id\":\"https:\/\/provence-materiaux-anciens.com\/#website\",\"url\":\"https:\/\/provence-materiaux-anciens.com\/\",\"name\":\"Provence Mat\u00e9riaux Anciens\",\"description\":\"Achat et vente de mat\u00e9riaux anciens de construction, poutres, tuiles, planchers, charpentes, dallages, terres cuites.\",\"publisher\":{\"@id\":\"https:\/\/provence-materiaux-anciens.com\/#organization\"},\"potentialAction\":[{\"@type\":\"SearchAction\",\"target\":{\"@type\":\"EntryPoint\",\"urlTemplate\":\"https:\/\/provence-materiaux-anciens.com\/?s={search_term_string}\"},\"query-input\":{\"@type\":\"PropertyValueSpecification\",\"valueRequired\":true,\"valueName\":\"search_term_string\"}}],\"inLanguage\":\"fr-FR\"},{\"@type\":\"Organization\",\"@id\":\"https:\/\/provence-materiaux-anciens.com\/#organization\",\"name\":\"Provence Mat\u00e9riaux Anciens\",\"url\":\"https:\/\/provence-materiaux-anciens.com\/\",\"logo\":{\"@type\":\"ImageObject\",\"inLanguage\":\"fr-FR\",\"@id\":\"https:\/\/provence-materiaux-anciens.com\/#\/schema\/logo\/image\/\",\"url\":\"https:\/\/provence-materiaux-anciens.com\/wp-content\/uploads\/2022\/03\/cropped-logo-pma-web.png\",\"contentUrl\":\"https:\/\/provence-materiaux-anciens.com\/wp-content\/uploads\/2022\/03\/cropped-logo-pma-web.png\",\"width\":650,\"height\":434,\"caption\":\"Provence Mat\u00e9riaux Anciens\"},\"image\":{\"@id\":\"https:\/\/provence-materiaux-anciens.com\/#\/schema\/logo\/image\/\"},\"sameAs\":[\"https:\/\/www.facebook.com\/provencemateriauxanciens\",\"https:\/\/www.instagram.com\/provencemateriauxanciens\/\",\"https:\/\/www.pinterest.fr\/provencemateriauxanciens\/\"]}]}<\/script>\n<!-- \/ Yoast SEO Premium plugin. -->","yoast_head_json":{"title":"Poutres anciennes en sapin - Provence Mat\u00e9riaux Anciens","description":"D\u00e9couvrez nos poutres anciennes en sapin disponibles en grande quantit\u00e9 : des poutres de r\u00e9cup\u00e9ration de grande qualit\u00e9 pour vos charpentes en bois","robots":{"index":"index","follow":"follow","max-snippet":"max-snippet:-1","max-image-preview":"max-image-preview:large","max-video-preview":"max-video-preview:-1"},"canonical":"https:\/\/provence-materiaux-anciens.com\/fr\/produit\/charpente-vieux-bois\/charpentes-sapin-ancien\/poutres-anciennes-sapin\/","og_locale":"fr_FR","og_type":"article","og_title":"Poutres anciennes sapin","og_description":"D\u00e9couvrez nos poutres anciennes en sapin disponibles en grande quantit\u00e9 : des poutres de r\u00e9cup\u00e9ration de grande qualit\u00e9 pour vos charpentes en bois","og_url":"https:\/\/provence-materiaux-anciens.com\/fr\/produit\/charpente-vieux-bois\/charpentes-sapin-ancien\/poutres-anciennes-sapin\/","og_site_name":"Provence Mat\u00e9riaux Anciens","article_publisher":"https:\/\/www.facebook.com\/provencemateriauxanciens","article_modified_time":"2025-04-22T10:08:38+00:00","og_image":[{"width":700,"height":700,"url":"https:\/\/provence-materiaux-anciens.com\/wp-content\/uploads\/2022\/12\/poutres-anciennes-sapin03.jpg","type":"image\/jpeg"}],"twitter_card":"summary_large_image","twitter_misc":{"Dur\u00e9e de lecture estim\u00e9e":"2 minutes"},"schema":{"@context":"https:\/\/schema.org","@graph":[{"@type":"WebPage","@id":"https:\/\/provence-materiaux-anciens.com\/produit\/charpente-vieux-bois\/charpentes-sapin-ancien\/poutres-anciennes-sapin\/","url":"https:\/\/provence-materiaux-anciens.com\/produit\/charpente-vieux-bois\/charpentes-sapin-ancien\/poutres-anciennes-sapin\/","name":"Poutres anciennes en sapin - Provence Mat\u00e9riaux Anciens","isPartOf":{"@id":"https:\/\/provence-materiaux-anciens.com\/#website"},"primaryImageOfPage":{"@id":"https:\/\/provence-materiaux-anciens.com\/produit\/charpente-vieux-bois\/charpentes-sapin-ancien\/poutres-anciennes-sapin\/#primaryimage"},"image":{"@id":"https:\/\/provence-materiaux-anciens.com\/produit\/charpente-vieux-bois\/charpentes-sapin-ancien\/poutres-anciennes-sapin\/#primaryimage"},"thumbnailUrl":"https:\/\/provence-materiaux-anciens.com\/wp-content\/uploads\/2022\/12\/poutres-anciennes-sapin03.jpg","datePublished":"2022-12-02T18:51:44+00:00","dateModified":"2025-04-22T10:08:38+00:00","description":"D\u00e9couvrez nos poutres anciennes en sapin disponibles en grande quantit\u00e9 : des poutres de r\u00e9cup\u00e9ration de grande qualit\u00e9 pour vos charpentes en bois","breadcrumb":{"@id":"https:\/\/provence-materiaux-anciens.com\/produit\/charpente-vieux-bois\/charpentes-sapin-ancien\/poutres-anciennes-sapin\/#breadcrumb"},"inLanguage":"fr-FR","potentialAction":[{"@type":"ReadAction","target":["https:\/\/provence-materiaux-anciens.com\/produit\/charpente-vieux-bois\/charpentes-sapin-ancien\/poutres-anciennes-sapin\/"]}]},{"@type":"ImageObject","inLanguage":"fr-FR","@id":"https:\/\/provence-materiaux-anciens.com\/produit\/charpente-vieux-bois\/charpentes-sapin-ancien\/poutres-anciennes-sapin\/#primaryimage","url":"https:\/\/provence-materiaux-anciens.com\/wp-content\/uploads\/2022\/12\/poutres-anciennes-sapin03.jpg","contentUrl":"https:\/\/provence-materiaux-anciens.com\/wp-content\/uploads\/2022\/12\/poutres-anciennes-sapin03.jpg","width":700,"height":700,"caption":"poutres-anciennes-sapin03"},{"@type":"BreadcrumbList","@id":"https:\/\/provence-materiaux-anciens.com\/produit\/charpente-vieux-bois\/charpentes-sapin-ancien\/poutres-anciennes-sapin\/#breadcrumb","itemListElement":[{"@type":"ListItem","position":1,"name":"Accueil","item":"https:\/\/provence-materiaux-anciens.com\/fr\/"},{"@type":"ListItem","position":2,"name":"Produits","item":"https:\/\/provence-materiaux-anciens.com\/produit\/"},{"@type":"ListItem","position":3,"name":"Poutres anciennes sapin"}]},{"@type":"WebSite","@id":"https:\/\/provence-materiaux-anciens.com\/#website","url":"https:\/\/provence-materiaux-anciens.com\/","name":"Provence Mat\u00e9riaux Anciens","description":"Achat et vente de mat\u00e9riaux anciens de construction, poutres, tuiles, planchers, charpentes, dallages, terres cuites.","publisher":{"@id":"https:\/\/provence-materiaux-anciens.com\/#organization"},"potentialAction":[{"@type":"SearchAction","target":{"@type":"EntryPoint","urlTemplate":"https:\/\/provence-materiaux-anciens.com\/?s={search_term_string}"},"query-input":{"@type":"PropertyValueSpecification","valueRequired":true,"valueName":"search_term_string"}}],"inLanguage":"fr-FR"},{"@type":"Organization","@id":"https:\/\/provence-materiaux-anciens.com\/#organization","name":"Provence Mat\u00e9riaux Anciens","url":"https:\/\/provence-materiaux-anciens.com\/","logo":{"@type":"ImageObject","inLanguage":"fr-FR","@id":"https:\/\/provence-materiaux-anciens.com\/#\/schema\/logo\/image\/","url":"https:\/\/provence-materiaux-anciens.com\/wp-content\/uploads\/2022\/03\/cropped-logo-pma-web.png","contentUrl":"https:\/\/provence-materiaux-anciens.com\/wp-content\/uploads\/2022\/03\/cropped-logo-pma-web.png","width":650,"height":434,"caption":"Provence Mat\u00e9riaux Anciens"},"image":{"@id":"https:\/\/provence-materiaux-anciens.com\/#\/schema\/logo\/image\/"},"sameAs":["https:\/\/www.facebook.com\/provencemateriauxanciens","https:\/\/www.instagram.com\/provencemateriauxanciens\/","https:\/\/www.pinterest.fr\/provencemateriauxanciens\/"]}]}},"_links":{"self":[{"href":"https:\/\/provence-materiaux-anciens.com\/fr\/wp-json\/wp\/v2\/product\/1107","targetHints":{"allow":["GET"]}}],"collection":[{"href":"https:\/\/provence-materiaux-anciens.com\/fr\/wp-json\/wp\/v2\/product"}],"about":[{"href":"https:\/\/provence-materiaux-anciens.com\/fr\/wp-json\/wp\/v2\/types\/product"}],"wp:featuredmedia":[{"embeddable":true,"href":"https:\/\/provence-materiaux-anciens.com\/fr\/wp-json\/wp\/v2\/media\/1715"}],"wp:attachment":[{"href":"https:\/\/provence-materiaux-anciens.com\/fr\/wp-json\/wp\/v2\/media?parent=1107"}],"wp:term":[{"taxonomy":"product_brand","embeddable":true,"href":"https:\/\/provence-materiaux-anciens.com\/fr\/wp-json\/wp\/v2\/product_brand?post=1107"},{"taxonomy":"product_cat","embeddable":true,"href":"https:\/\/provence-materiaux-anciens.com\/fr\/wp-json\/wp\/v2\/product_cat?post=1107"},{"taxonomy":"product_tag","embeddable":true,"href":"https:\/\/provence-materiaux-anciens.com\/fr\/wp-json\/wp\/v2\/product_tag?post=1107"}],"curies":[{"name":"wp","href":"https:\/\/api.w.org\/{rel}","templated":true}]}}