{"id":1108,"date":"2022-12-02T18:51:44","date_gmt":"2022-12-02T18:51:44","guid":{"rendered":"https:\/\/provence-materiaux-anciens.com\/?post_type=product&#038;p=1108"},"modified":"2024-06-14T11:41:11","modified_gmt":"2024-06-14T11:41:11","slug":"poutres-vieux-bois-chene","status":"publish","type":"product","link":"https:\/\/provence-materiaux-anciens.com\/fr\/produit\/charpente-vieux-bois\/charpentes-vieux-chene\/poutres-vieux-bois-chene\/","title":{"rendered":"Poutres vieux bois ch\u00eane"},"content":{"rendered":"<h3>La beaut\u00e9 et la solidit\u00e9 des Poutres Anciennes de R\u00e9cup\u00e9ration en vieux ch\u00eane<\/h3>\n<p>Plongez dans l&rsquo;authenticit\u00e9 et l&rsquo;histoire avec nos poutres anciennes de r\u00e9cup\u00e9ration en vieux ch\u00eane. Ces pi\u00e8ces de bois incarnent \u00e0 la fois la beaut\u00e9 naturelle et la solidit\u00e9 incomparable. T\u00e9moins du temps et du travail artisanal d&rsquo;autrefois, elles sont soigneusement s\u00e9lectionn\u00e9es pour leur caract\u00e8re unique et leur qualit\u00e9 exceptionnelle, en faisant des \u00e9l\u00e9ments de choix pour la <strong>construction de charpente traditionnelle en bois<\/strong>.<\/p>\n<h3>Durabilit\u00e9 et Fiabilit\u00e9<\/h3>\n<p>En plus de son esth\u00e9tique incomparable, <strong>la poutre en vieux ch\u00eane offre une durabilit\u00e9 et une fiabilit\u00e9 in\u00e9gal\u00e9es<\/strong>. Gr\u00e2ce \u00e0 sa densit\u00e9 et \u00e0 sa structure serr\u00e9e, ce bois est capable de supporter des charges importantes tout en r\u00e9sistant aux \u00e9l\u00e9ments et au passage du temps. Que ce soit pour soutenir un toit, cr\u00e9er une structure pour un pool house ou une pergola, les poutres anciennes\u00a0de\u00a0r\u00e9cup\u00e9ration en vieux ch\u00eane sont un choix de confiance pour tout projet de construction.<\/p>\n<h3>La r\u00e9cup\u00e9ration de mat\u00e9riaux anciens : une participation \u00e0 l&rsquo;\u00e9cologie<\/h3>\n<p>La r\u00e9cup\u00e9ration de poutres anciennes permet non seulement de pr\u00e9server un patrimoine, mais aussi de donner une seconde vie \u00e0 des mat\u00e9riaux. En r\u00e9utilisant ces poutres, <strong>nous contribuons \u00e0 r\u00e9duire notre empreinte \u00e9cologique en \u00e9vitant l&rsquo;abattage d&rsquo;arbres suppl\u00e9mentaires<\/strong> et en minimisant la production de d\u00e9chets. C&rsquo;est aussi une mani\u00e8re de rendre hommage \u00e0 l&rsquo;histoire et au savoir-faire des artisans d&rsquo;autrefois, tout en cr\u00e9ant des espaces intemporels et durables pour les g\u00e9n\u00e9rations futures.<\/p>\n<h3>Une charpente traditionnelle en bois sur mesure avec des poutres anciennes<\/h3>\n<p>Que vous envisagiez de <strong>construire une <a href=\"https:\/\/provence-materiaux-anciens.com\/categorie-produit\/charpente-vieux-bois\/\" target=\"\" rel=\"noopener\">charpente traditionnelle<\/a> <\/strong>pour votre maison, un abri pour votre jardin ou une structure pour votre entreprise, nos poutres anciennes en vieux ch\u00eane offrent une solution \u00e9l\u00e9gante, solide et respectueuse de l&rsquo;environnement. Laissez-vous s\u00e9duire par leur beaut\u00e9 naturelle et leur caract\u00e8re unique, et donnez vie \u00e0 vos projets les plus ambitieux avec l&rsquo;h\u00e9ritage vivant du vieux ch\u00eane.<\/p>\n","protected":false},"excerpt":{"rendered":"<h2><strong>Ref: <\/strong>Poutres vieux bois ch\u00eane (Pou01)<\/h2>\n<p>Nous disposons en permanence d\u2019un important stock de poutres et de chevrons en ch\u00eane de r\u00e9cup\u00e9ration issus de vieilles b\u00e2tisses. <strong>Nous nettoyons et traitons les vieilles poutres en ch\u00eane dans nos ateliers.<\/strong> Nos poutres anciennes de r\u00e9cup\u00e9ration permettent la fabrication de charpente traditionnelle. Nos charpentiers s\u2019adapteront \u00e0 vos demandes pour tous projets de structure en vieilles poutres en bois de ch\u00eane.<\/p>\n<p>Nous \u00e9laborons \u00e9galement des <a href=\"https:\/\/provence-materiaux-anciens.com\/produit\/charpente-vieux-bois\/charpentes-vieux-chene\/vieille-charpente-chene\/\" target=\"\" rel=\"noopener\">charpentes <\/a><a href=\"https:\/\/provence-materiaux-anciens.com\/produit\/charpente-vieux-bois\/charpentes-vieux-chene\/vieille-charpente-chene\/\" target=\"\" rel=\"noopener\">en<\/a> <a href=\"https:\/\/provence-materiaux-anciens.com\/produit\/charpente-vieux-bois\/charpentes-vieux-chene\/vieille-charpente-chene\/\" target=\"\" rel=\"noopener\">ch\u00eane<\/a> sur mesure.<\/p>\n<p>Les poutres en ch\u00eane ont la caract\u00e9ristique de pr\u00e9senter des irr\u00e9gularit\u00e9s. Si vous d\u00e9sirez des poutres en bois droites nous vous conseillons de vous diriger vers des <a href=\"https:\/\/provence-materiaux-anciens.com\/produit\/charpente-vieux-bois\/charpentes-sapin-ancien\/poutres-anciennes-sapin\/\" target=\"\" rel=\"noopener\">poutres en sapin<\/a>.<\/p>\n<p><strong>DIMENSIONS :<\/strong> variable<\/p>\n","protected":false},"featured_media":2511,"template":"","meta":{"_monsterinsights_skip_tracking":false,"_monsterinsights_sitenote_active":false,"_monsterinsights_sitenote_note":"","_monsterinsights_sitenote_category":0},"product_brand":[],"product_cat":[56],"product_tag":[],"class_list":{"0":"post-1108","1":"product","2":"type-product","3":"status-publish","4":"has-post-thumbnail","6":"product_cat-charpentes-vieux-chene","8":"first","9":"instock","10":"shipping-taxable","11":"product-type-simple"},"yoast_head":"<!-- This site is optimized with the Yoast SEO Premium plugin v22.1 (Yoast SEO v24.6) - https:\/\/yoast.com\/wordpress\/plugins\/seo\/ -->\n<title>Poutres anciennes de r\u00e9cup\u00e9ration vieux ch\u00eane - PMA<\/title>\n<meta name=\"description\" content=\"Nous proposons des poutres anciennes de r\u00e9cup\u00e9ration en vieux ch\u00eane pour votre charpente traditionnelle en bois. Nous vous accompagnons sur votre projet\" \/>\n<meta name=\"robots\" content=\"index, follow, max-snippet:-1, max-image-preview:large, max-video-preview:-1\" \/>\n<link rel=\"canonical\" href=\"https:\/\/provence-materiaux-anciens.com\/fr\/produit\/charpente-vieux-bois\/charpentes-vieux-chene\/poutres-vieux-bois-chene\/\" \/>\n<meta property=\"og:locale\" content=\"fr_FR\" \/>\n<meta property=\"og:type\" content=\"article\" \/>\n<meta property=\"og:title\" content=\"Poutres vieux bois ch\u00eane\" \/>\n<meta property=\"og:description\" content=\"Nous proposons des poutres anciennes de r\u00e9cup\u00e9ration en vieux ch\u00eane pour votre charpente traditionnelle en bois. Nous vous accompagnons sur votre projet\" \/>\n<meta property=\"og:url\" content=\"https:\/\/provence-materiaux-anciens.com\/fr\/produit\/charpente-vieux-bois\/charpentes-vieux-chene\/poutres-vieux-bois-chene\/\" \/>\n<meta property=\"og:site_name\" content=\"Provence Mat\u00e9riaux Anciens\" \/>\n<meta property=\"article:publisher\" content=\"https:\/\/www.facebook.com\/provencemateriauxanciens\" \/>\n<meta property=\"article:modified_time\" content=\"2024-06-14T11:41:11+00:00\" \/>\n<meta property=\"og:image\" content=\"https:\/\/provence-materiaux-anciens.com\/wp-content\/uploads\/2022\/12\/001487.jpg\" \/>\n\t<meta property=\"og:image:width\" content=\"2240\" \/>\n\t<meta property=\"og:image:height\" content=\"1344\" \/>\n\t<meta property=\"og:image:type\" content=\"image\/jpeg\" \/>\n<meta name=\"twitter:card\" content=\"summary_large_image\" \/>\n<meta name=\"twitter:label1\" content=\"Dur\u00e9e de lecture estim\u00e9e\" \/>\n\t<meta name=\"twitter:data1\" content=\"2 minutes\" \/>\n<script type=\"application\/ld+json\" class=\"yoast-schema-graph\">{\"@context\":\"https:\/\/schema.org\",\"@graph\":[{\"@type\":\"WebPage\",\"@id\":\"https:\/\/provence-materiaux-anciens.com\/produit\/charpente-vieux-bois\/charpentes-vieux-chene\/poutres-vieux-bois-chene\/\",\"url\":\"https:\/\/provence-materiaux-anciens.com\/produit\/charpente-vieux-bois\/charpentes-vieux-chene\/poutres-vieux-bois-chene\/\",\"name\":\"Poutres anciennes de r\u00e9cup\u00e9ration vieux ch\u00eane - PMA\",\"isPartOf\":{\"@id\":\"https:\/\/provence-materiaux-anciens.com\/#website\"},\"primaryImageOfPage\":{\"@id\":\"https:\/\/provence-materiaux-anciens.com\/produit\/charpente-vieux-bois\/charpentes-vieux-chene\/poutres-vieux-bois-chene\/#primaryimage\"},\"image\":{\"@id\":\"https:\/\/provence-materiaux-anciens.com\/produit\/charpente-vieux-bois\/charpentes-vieux-chene\/poutres-vieux-bois-chene\/#primaryimage\"},\"thumbnailUrl\":\"https:\/\/provence-materiaux-anciens.com\/wp-content\/uploads\/2022\/12\/001487.jpg\",\"datePublished\":\"2022-12-02T18:51:44+00:00\",\"dateModified\":\"2024-06-14T11:41:11+00:00\",\"description\":\"Nous proposons des poutres anciennes de r\u00e9cup\u00e9ration en vieux ch\u00eane pour votre charpente traditionnelle en bois. Nous vous accompagnons sur votre projet\",\"breadcrumb\":{\"@id\":\"https:\/\/provence-materiaux-anciens.com\/produit\/charpente-vieux-bois\/charpentes-vieux-chene\/poutres-vieux-bois-chene\/#breadcrumb\"},\"inLanguage\":\"fr-FR\",\"potentialAction\":[{\"@type\":\"ReadAction\",\"target\":[\"https:\/\/provence-materiaux-anciens.com\/produit\/charpente-vieux-bois\/charpentes-vieux-chene\/poutres-vieux-bois-chene\/\"]}]},{\"@type\":\"ImageObject\",\"inLanguage\":\"fr-FR\",\"@id\":\"https:\/\/provence-materiaux-anciens.com\/produit\/charpente-vieux-bois\/charpentes-vieux-chene\/poutres-vieux-bois-chene\/#primaryimage\",\"url\":\"https:\/\/provence-materiaux-anciens.com\/wp-content\/uploads\/2022\/12\/001487.jpg\",\"contentUrl\":\"https:\/\/provence-materiaux-anciens.com\/wp-content\/uploads\/2022\/12\/001487.jpg\",\"width\":2240,\"height\":1344,\"caption\":\"poutres anciennes de r\u00e9cup\u00e9ration en vieux ch\u00eane\"},{\"@type\":\"BreadcrumbList\",\"@id\":\"https:\/\/provence-materiaux-anciens.com\/produit\/charpente-vieux-bois\/charpentes-vieux-chene\/poutres-vieux-bois-chene\/#breadcrumb\",\"itemListElement\":[{\"@type\":\"ListItem\",\"position\":1,\"name\":\"Accueil\",\"item\":\"https:\/\/provence-materiaux-anciens.com\/fr\/\"},{\"@type\":\"ListItem\",\"position\":2,\"name\":\"Produits\",\"item\":\"https:\/\/provence-materiaux-anciens.com\/produit\/\"},{\"@type\":\"ListItem\",\"position\":3,\"name\":\"Poutres vieux bois ch\u00eane\"}]},{\"@type\":\"WebSite\",\"@id\":\"https:\/\/provence-materiaux-anciens.com\/#website\",\"url\":\"https:\/\/provence-materiaux-anciens.com\/\",\"name\":\"Provence Mat\u00e9riaux Anciens\",\"description\":\"Achat et vente de mat\u00e9riaux anciens de construction, poutres, tuiles, planchers, charpentes, dallages, terres cuites.\",\"publisher\":{\"@id\":\"https:\/\/provence-materiaux-anciens.com\/#organization\"},\"potentialAction\":[{\"@type\":\"SearchAction\",\"target\":{\"@type\":\"EntryPoint\",\"urlTemplate\":\"https:\/\/provence-materiaux-anciens.com\/?s={search_term_string}\"},\"query-input\":{\"@type\":\"PropertyValueSpecification\",\"valueRequired\":true,\"valueName\":\"search_term_string\"}}],\"inLanguage\":\"fr-FR\"},{\"@type\":\"Organization\",\"@id\":\"https:\/\/provence-materiaux-anciens.com\/#organization\",\"name\":\"Provence Mat\u00e9riaux Anciens\",\"url\":\"https:\/\/provence-materiaux-anciens.com\/\",\"logo\":{\"@type\":\"ImageObject\",\"inLanguage\":\"fr-FR\",\"@id\":\"https:\/\/provence-materiaux-anciens.com\/#\/schema\/logo\/image\/\",\"url\":\"https:\/\/provence-materiaux-anciens.com\/wp-content\/uploads\/2022\/03\/cropped-logo-pma-web.png\",\"contentUrl\":\"https:\/\/provence-materiaux-anciens.com\/wp-content\/uploads\/2022\/03\/cropped-logo-pma-web.png\",\"width\":650,\"height\":434,\"caption\":\"Provence Mat\u00e9riaux Anciens\"},\"image\":{\"@id\":\"https:\/\/provence-materiaux-anciens.com\/#\/schema\/logo\/image\/\"},\"sameAs\":[\"https:\/\/www.facebook.com\/provencemateriauxanciens\",\"https:\/\/www.instagram.com\/provencemateriauxanciens\/\",\"https:\/\/www.pinterest.fr\/provencemateriauxanciens\/\"]}]}<\/script>\n<!-- \/ Yoast SEO Premium plugin. -->","yoast_head_json":{"title":"Poutres anciennes de r\u00e9cup\u00e9ration vieux ch\u00eane - PMA","description":"Nous proposons des poutres anciennes de r\u00e9cup\u00e9ration en vieux ch\u00eane pour votre charpente traditionnelle en bois. Nous vous accompagnons sur votre projet","robots":{"index":"index","follow":"follow","max-snippet":"max-snippet:-1","max-image-preview":"max-image-preview:large","max-video-preview":"max-video-preview:-1"},"canonical":"https:\/\/provence-materiaux-anciens.com\/fr\/produit\/charpente-vieux-bois\/charpentes-vieux-chene\/poutres-vieux-bois-chene\/","og_locale":"fr_FR","og_type":"article","og_title":"Poutres vieux bois ch\u00eane","og_description":"Nous proposons des poutres anciennes de r\u00e9cup\u00e9ration en vieux ch\u00eane pour votre charpente traditionnelle en bois. Nous vous accompagnons sur votre projet","og_url":"https:\/\/provence-materiaux-anciens.com\/fr\/produit\/charpente-vieux-bois\/charpentes-vieux-chene\/poutres-vieux-bois-chene\/","og_site_name":"Provence Mat\u00e9riaux Anciens","article_publisher":"https:\/\/www.facebook.com\/provencemateriauxanciens","article_modified_time":"2024-06-14T11:41:11+00:00","og_image":[{"width":2240,"height":1344,"url":"https:\/\/provence-materiaux-anciens.com\/wp-content\/uploads\/2022\/12\/001487.jpg","type":"image\/jpeg"}],"twitter_card":"summary_large_image","twitter_misc":{"Dur\u00e9e de lecture estim\u00e9e":"2 minutes"},"schema":{"@context":"https:\/\/schema.org","@graph":[{"@type":"WebPage","@id":"https:\/\/provence-materiaux-anciens.com\/produit\/charpente-vieux-bois\/charpentes-vieux-chene\/poutres-vieux-bois-chene\/","url":"https:\/\/provence-materiaux-anciens.com\/produit\/charpente-vieux-bois\/charpentes-vieux-chene\/poutres-vieux-bois-chene\/","name":"Poutres anciennes de r\u00e9cup\u00e9ration vieux ch\u00eane - PMA","isPartOf":{"@id":"https:\/\/provence-materiaux-anciens.com\/#website"},"primaryImageOfPage":{"@id":"https:\/\/provence-materiaux-anciens.com\/produit\/charpente-vieux-bois\/charpentes-vieux-chene\/poutres-vieux-bois-chene\/#primaryimage"},"image":{"@id":"https:\/\/provence-materiaux-anciens.com\/produit\/charpente-vieux-bois\/charpentes-vieux-chene\/poutres-vieux-bois-chene\/#primaryimage"},"thumbnailUrl":"https:\/\/provence-materiaux-anciens.com\/wp-content\/uploads\/2022\/12\/001487.jpg","datePublished":"2022-12-02T18:51:44+00:00","dateModified":"2024-06-14T11:41:11+00:00","description":"Nous proposons des poutres anciennes de r\u00e9cup\u00e9ration en vieux ch\u00eane pour votre charpente traditionnelle en bois. Nous vous accompagnons sur votre projet","breadcrumb":{"@id":"https:\/\/provence-materiaux-anciens.com\/produit\/charpente-vieux-bois\/charpentes-vieux-chene\/poutres-vieux-bois-chene\/#breadcrumb"},"inLanguage":"fr-FR","potentialAction":[{"@type":"ReadAction","target":["https:\/\/provence-materiaux-anciens.com\/produit\/charpente-vieux-bois\/charpentes-vieux-chene\/poutres-vieux-bois-chene\/"]}]},{"@type":"ImageObject","inLanguage":"fr-FR","@id":"https:\/\/provence-materiaux-anciens.com\/produit\/charpente-vieux-bois\/charpentes-vieux-chene\/poutres-vieux-bois-chene\/#primaryimage","url":"https:\/\/provence-materiaux-anciens.com\/wp-content\/uploads\/2022\/12\/001487.jpg","contentUrl":"https:\/\/provence-materiaux-anciens.com\/wp-content\/uploads\/2022\/12\/001487.jpg","width":2240,"height":1344,"caption":"poutres anciennes de r\u00e9cup\u00e9ration en vieux ch\u00eane"},{"@type":"BreadcrumbList","@id":"https:\/\/provence-materiaux-anciens.com\/produit\/charpente-vieux-bois\/charpentes-vieux-chene\/poutres-vieux-bois-chene\/#breadcrumb","itemListElement":[{"@type":"ListItem","position":1,"name":"Accueil","item":"https:\/\/provence-materiaux-anciens.com\/fr\/"},{"@type":"ListItem","position":2,"name":"Produits","item":"https:\/\/provence-materiaux-anciens.com\/produit\/"},{"@type":"ListItem","position":3,"name":"Poutres vieux bois ch\u00eane"}]},{"@type":"WebSite","@id":"https:\/\/provence-materiaux-anciens.com\/#website","url":"https:\/\/provence-materiaux-anciens.com\/","name":"Provence Mat\u00e9riaux Anciens","description":"Achat et vente de mat\u00e9riaux anciens de construction, poutres, tuiles, planchers, charpentes, dallages, terres cuites.","publisher":{"@id":"https:\/\/provence-materiaux-anciens.com\/#organization"},"potentialAction":[{"@type":"SearchAction","target":{"@type":"EntryPoint","urlTemplate":"https:\/\/provence-materiaux-anciens.com\/?s={search_term_string}"},"query-input":{"@type":"PropertyValueSpecification","valueRequired":true,"valueName":"search_term_string"}}],"inLanguage":"fr-FR"},{"@type":"Organization","@id":"https:\/\/provence-materiaux-anciens.com\/#organization","name":"Provence Mat\u00e9riaux Anciens","url":"https:\/\/provence-materiaux-anciens.com\/","logo":{"@type":"ImageObject","inLanguage":"fr-FR","@id":"https:\/\/provence-materiaux-anciens.com\/#\/schema\/logo\/image\/","url":"https:\/\/provence-materiaux-anciens.com\/wp-content\/uploads\/2022\/03\/cropped-logo-pma-web.png","contentUrl":"https:\/\/provence-materiaux-anciens.com\/wp-content\/uploads\/2022\/03\/cropped-logo-pma-web.png","width":650,"height":434,"caption":"Provence Mat\u00e9riaux Anciens"},"image":{"@id":"https:\/\/provence-materiaux-anciens.com\/#\/schema\/logo\/image\/"},"sameAs":["https:\/\/www.facebook.com\/provencemateriauxanciens","https:\/\/www.instagram.com\/provencemateriauxanciens\/","https:\/\/www.pinterest.fr\/provencemateriauxanciens\/"]}]}},"_links":{"self":[{"href":"https:\/\/provence-materiaux-anciens.com\/fr\/wp-json\/wp\/v2\/product\/1108","targetHints":{"allow":["GET"]}}],"collection":[{"href":"https:\/\/provence-materiaux-anciens.com\/fr\/wp-json\/wp\/v2\/product"}],"about":[{"href":"https:\/\/provence-materiaux-anciens.com\/fr\/wp-json\/wp\/v2\/types\/product"}],"wp:featuredmedia":[{"embeddable":true,"href":"https:\/\/provence-materiaux-anciens.com\/fr\/wp-json\/wp\/v2\/media\/2511"}],"wp:attachment":[{"href":"https:\/\/provence-materiaux-anciens.com\/fr\/wp-json\/wp\/v2\/media?parent=1108"}],"wp:term":[{"taxonomy":"product_brand","embeddable":true,"href":"https:\/\/provence-materiaux-anciens.com\/fr\/wp-json\/wp\/v2\/product_brand?post=1108"},{"taxonomy":"product_cat","embeddable":true,"href":"https:\/\/provence-materiaux-anciens.com\/fr\/wp-json\/wp\/v2\/product_cat?post=1108"},{"taxonomy":"product_tag","embeddable":true,"href":"https:\/\/provence-materiaux-anciens.com\/fr\/wp-json\/wp\/v2\/product_tag?post=1108"}],"curies":[{"name":"wp","href":"https:\/\/api.w.org\/{rel}","templated":true}]}}