{"id":1112,"date":"2022-12-02T18:51:44","date_gmt":"2022-12-02T18:51:44","guid":{"rendered":"https:\/\/provence-materiaux-anciens.com\/?post_type=product&#038;p=1112"},"modified":"2024-07-30T10:43:24","modified_gmt":"2024-07-30T10:43:24","slug":"dallage-naturel-manoir","status":"publish","type":"product","link":"https:\/\/provence-materiaux-anciens.com\/fr\/produit\/sols\/dallage-pierre-naturelle\/dallages\/dallage-naturel-manoir\/","title":{"rendered":"Dallage naturel \u00ab\u00a0Manoir\u00a0\u00bb"},"content":{"rendered":"","protected":false},"excerpt":{"rendered":"<h2><strong>Ref: <\/strong>Dallage naturel \u00ab\u00a0Manoir\u00a0\u00bb finition bouchard\u00e9 et bross\u00e9<\/h2>\n<p>&nbsp;<\/p>\n<div class=\"woocommerce-product-details__short-description\">\n<p>Dallage naturel \u00ab\u00a0Manoir\u00a0\u00bb Bouchard\u00e9. Dalles en pierre calcaire dans des tons de couleurs beiges mixte. La finition est bouchard\u00e9e et bross\u00e9 mais d&rsquo;autres finitions sont possible. Ce dallage peut \u00eatre pos\u00e9 en int\u00e9rieur et en ext\u00e9rieur pour une terrasse en pierres naturelles.<\/p>\n<p><strong>Largeur :<\/strong> 40-50 cm<\/p>\n<p><strong>Longueur :<\/strong> libre<\/p>\n<p><strong>\u00c9paisseur :<\/strong> 1.8 ou 4 cm<\/p>\n<p><strong>Autres formats disponibles sur commande :<\/strong><\/p>\n<ul>\n<li>Largeur 30 cm x Longueurs libres x \u00c9paisseur 1.8 cm ou 4cm<\/li>\n<li>Largeur 40 cm x Longueurs libres x \u00c9paisseur 1.8 cm ou 4cm<\/li>\n<li>Largeur 50 cm x Longueurs libres x \u00c9paisseur 1.8 cm ou 4cm<\/li>\n<li>Opus 40, 50, 60 cm<\/li>\n<\/ul>\n<\/div>\n","protected":false},"featured_media":4939,"template":"","meta":{"_monsterinsights_skip_tracking":false,"_monsterinsights_sitenote_active":false,"_monsterinsights_sitenote_note":"","_monsterinsights_sitenote_category":0},"product_brand":[],"product_cat":[38,163,32],"product_tag":[],"class_list":{"0":"post-1112","1":"product","2":"type-product","3":"status-publish","4":"has-post-thumbnail","6":"product_cat-dallage-pierre-naturelle","7":"product_cat-dallages","8":"product_cat-sols","10":"first","11":"instock","12":"shipping-taxable","13":"product-type-simple"},"yoast_head":"<!-- This site is optimized with the Yoast SEO Premium plugin v22.1 (Yoast SEO v24.6) - https:\/\/yoast.com\/wordpress\/plugins\/seo\/ -->\n<title>Dallage naturel &quot;Manoir&quot; - Provence Mat\u00e9riaux Anciens<\/title>\n<meta name=\"robots\" content=\"index, follow, max-snippet:-1, max-image-preview:large, max-video-preview:-1\" \/>\n<link rel=\"canonical\" href=\"https:\/\/provence-materiaux-anciens.com\/fr\/produit\/sols\/dallage-pierre-naturelle\/dallages\/dallage-naturel-manoir\/\" \/>\n<meta property=\"og:locale\" content=\"fr_FR\" \/>\n<meta property=\"og:type\" content=\"article\" \/>\n<meta property=\"og:title\" content=\"Dallage naturel &quot;Manoir&quot;\" \/>\n<meta property=\"og:description\" content=\"Ref: Dallage naturel &quot;Manoir&quot; finition bouchard\u00e9 et bross\u00e9 &nbsp;   Dallage naturel &quot;Manoir&quot; Bouchard\u00e9. Dalles en pierre calcaire dans des tons de couleurs beiges mixte. La finition est bouchard\u00e9e et bross\u00e9 mais d&#039;autres finitions sont possible. Ce dallage peut \u00eatre pos\u00e9 en int\u00e9rieur et en ext\u00e9rieur pour une terrasse en pierres naturelles.  Largeur : 40-50 cm  Longueur : libre  \u00c9paisseur : 1.8 ou 4 cm  Autres formats disponibles sur commande :   Largeur 30 cm x Longueurs libres x \u00c9paisseur 1.8 cm ou 4cm  Largeur 40 cm x Longueurs libres x \u00c9paisseur 1.8 cm ou 4cm  Largeur 50 cm x Longueurs libres x \u00c9paisseur 1.8 cm ou 4cm  Opus 40, 50, 60 cm\" \/>\n<meta property=\"og:url\" content=\"https:\/\/provence-materiaux-anciens.com\/fr\/produit\/sols\/dallage-pierre-naturelle\/dallages\/dallage-naturel-manoir\/\" \/>\n<meta property=\"og:site_name\" content=\"Provence Mat\u00e9riaux Anciens\" \/>\n<meta property=\"article:publisher\" content=\"https:\/\/www.facebook.com\/provencemateriauxanciens\" \/>\n<meta property=\"article:modified_time\" content=\"2024-07-30T10:43:24+00:00\" \/>\n<meta property=\"og:image\" content=\"https:\/\/provence-materiaux-anciens.com\/wp-content\/uploads\/2022\/12\/IMG-20240611-WA0012.jpg\" \/>\n\t<meta property=\"og:image:width\" content=\"1132\" \/>\n\t<meta property=\"og:image:height\" content=\"1509\" \/>\n\t<meta property=\"og:image:type\" content=\"image\/jpeg\" \/>\n<meta name=\"twitter:card\" content=\"summary_large_image\" \/>\n<meta name=\"twitter:label1\" content=\"Dur\u00e9e de lecture estim\u00e9e\" \/>\n\t<meta name=\"twitter:data1\" content=\"1 minute\" \/>\n<script type=\"application\/ld+json\" class=\"yoast-schema-graph\">{\"@context\":\"https:\/\/schema.org\",\"@graph\":[{\"@type\":\"WebPage\",\"@id\":\"https:\/\/provence-materiaux-anciens.com\/produit\/sols\/dallage-pierre-naturelle\/dallages\/dallage-naturel-manoir\/\",\"url\":\"https:\/\/provence-materiaux-anciens.com\/produit\/sols\/dallage-pierre-naturelle\/dallages\/dallage-naturel-manoir\/\",\"name\":\"Dallage naturel \\\"Manoir\\\" - Provence Mat\u00e9riaux Anciens\",\"isPartOf\":{\"@id\":\"https:\/\/provence-materiaux-anciens.com\/#website\"},\"primaryImageOfPage\":{\"@id\":\"https:\/\/provence-materiaux-anciens.com\/produit\/sols\/dallage-pierre-naturelle\/dallages\/dallage-naturel-manoir\/#primaryimage\"},\"image\":{\"@id\":\"https:\/\/provence-materiaux-anciens.com\/produit\/sols\/dallage-pierre-naturelle\/dallages\/dallage-naturel-manoir\/#primaryimage\"},\"thumbnailUrl\":\"https:\/\/provence-materiaux-anciens.com\/wp-content\/uploads\/2022\/12\/IMG-20240611-WA0012.jpg\",\"datePublished\":\"2022-12-02T18:51:44+00:00\",\"dateModified\":\"2024-07-30T10:43:24+00:00\",\"breadcrumb\":{\"@id\":\"https:\/\/provence-materiaux-anciens.com\/produit\/sols\/dallage-pierre-naturelle\/dallages\/dallage-naturel-manoir\/#breadcrumb\"},\"inLanguage\":\"fr-FR\",\"potentialAction\":[{\"@type\":\"ReadAction\",\"target\":[\"https:\/\/provence-materiaux-anciens.com\/produit\/sols\/dallage-pierre-naturelle\/dallages\/dallage-naturel-manoir\/\"]}]},{\"@type\":\"ImageObject\",\"inLanguage\":\"fr-FR\",\"@id\":\"https:\/\/provence-materiaux-anciens.com\/produit\/sols\/dallage-pierre-naturelle\/dallages\/dallage-naturel-manoir\/#primaryimage\",\"url\":\"https:\/\/provence-materiaux-anciens.com\/wp-content\/uploads\/2022\/12\/IMG-20240611-WA0012.jpg\",\"contentUrl\":\"https:\/\/provence-materiaux-anciens.com\/wp-content\/uploads\/2022\/12\/IMG-20240611-WA0012.jpg\",\"width\":1132,\"height\":1509},{\"@type\":\"BreadcrumbList\",\"@id\":\"https:\/\/provence-materiaux-anciens.com\/produit\/sols\/dallage-pierre-naturelle\/dallages\/dallage-naturel-manoir\/#breadcrumb\",\"itemListElement\":[{\"@type\":\"ListItem\",\"position\":1,\"name\":\"Accueil\",\"item\":\"https:\/\/provence-materiaux-anciens.com\/fr\/\"},{\"@type\":\"ListItem\",\"position\":2,\"name\":\"Produits\",\"item\":\"https:\/\/provence-materiaux-anciens.com\/produit\/\"},{\"@type\":\"ListItem\",\"position\":3,\"name\":\"Dallage naturel \u00ab\u00a0Manoir\u00a0\u00bb\"}]},{\"@type\":\"WebSite\",\"@id\":\"https:\/\/provence-materiaux-anciens.com\/#website\",\"url\":\"https:\/\/provence-materiaux-anciens.com\/\",\"name\":\"Provence Mat\u00e9riaux Anciens\",\"description\":\"Achat et vente de mat\u00e9riaux anciens de construction, poutres, tuiles, planchers, charpentes, dallages, terres cuites.\",\"publisher\":{\"@id\":\"https:\/\/provence-materiaux-anciens.com\/#organization\"},\"potentialAction\":[{\"@type\":\"SearchAction\",\"target\":{\"@type\":\"EntryPoint\",\"urlTemplate\":\"https:\/\/provence-materiaux-anciens.com\/?s={search_term_string}\"},\"query-input\":{\"@type\":\"PropertyValueSpecification\",\"valueRequired\":true,\"valueName\":\"search_term_string\"}}],\"inLanguage\":\"fr-FR\"},{\"@type\":\"Organization\",\"@id\":\"https:\/\/provence-materiaux-anciens.com\/#organization\",\"name\":\"Provence Mat\u00e9riaux Anciens\",\"url\":\"https:\/\/provence-materiaux-anciens.com\/\",\"logo\":{\"@type\":\"ImageObject\",\"inLanguage\":\"fr-FR\",\"@id\":\"https:\/\/provence-materiaux-anciens.com\/#\/schema\/logo\/image\/\",\"url\":\"https:\/\/provence-materiaux-anciens.com\/wp-content\/uploads\/2022\/03\/cropped-logo-pma-web.png\",\"contentUrl\":\"https:\/\/provence-materiaux-anciens.com\/wp-content\/uploads\/2022\/03\/cropped-logo-pma-web.png\",\"width\":650,\"height\":434,\"caption\":\"Provence Mat\u00e9riaux Anciens\"},\"image\":{\"@id\":\"https:\/\/provence-materiaux-anciens.com\/#\/schema\/logo\/image\/\"},\"sameAs\":[\"https:\/\/www.facebook.com\/provencemateriauxanciens\",\"https:\/\/www.instagram.com\/provencemateriauxanciens\/\",\"https:\/\/www.pinterest.fr\/provencemateriauxanciens\/\"]}]}<\/script>\n<!-- \/ Yoast SEO Premium plugin. -->","yoast_head_json":{"title":"Dallage naturel \"Manoir\" - Provence Mat\u00e9riaux Anciens","robots":{"index":"index","follow":"follow","max-snippet":"max-snippet:-1","max-image-preview":"max-image-preview:large","max-video-preview":"max-video-preview:-1"},"canonical":"https:\/\/provence-materiaux-anciens.com\/fr\/produit\/sols\/dallage-pierre-naturelle\/dallages\/dallage-naturel-manoir\/","og_locale":"fr_FR","og_type":"article","og_title":"Dallage naturel \"Manoir\"","og_description":"Ref: Dallage naturel \"Manoir\" finition bouchard\u00e9 et bross\u00e9 &nbsp;   Dallage naturel \"Manoir\" Bouchard\u00e9. Dalles en pierre calcaire dans des tons de couleurs beiges mixte. La finition est bouchard\u00e9e et bross\u00e9 mais d'autres finitions sont possible. Ce dallage peut \u00eatre pos\u00e9 en int\u00e9rieur et en ext\u00e9rieur pour une terrasse en pierres naturelles.  Largeur : 40-50 cm  Longueur : libre  \u00c9paisseur : 1.8 ou 4 cm  Autres formats disponibles sur commande :   Largeur 30 cm x Longueurs libres x \u00c9paisseur 1.8 cm ou 4cm  Largeur 40 cm x Longueurs libres x \u00c9paisseur 1.8 cm ou 4cm  Largeur 50 cm x Longueurs libres x \u00c9paisseur 1.8 cm ou 4cm  Opus 40, 50, 60 cm","og_url":"https:\/\/provence-materiaux-anciens.com\/fr\/produit\/sols\/dallage-pierre-naturelle\/dallages\/dallage-naturel-manoir\/","og_site_name":"Provence Mat\u00e9riaux Anciens","article_publisher":"https:\/\/www.facebook.com\/provencemateriauxanciens","article_modified_time":"2024-07-30T10:43:24+00:00","og_image":[{"width":1132,"height":1509,"url":"https:\/\/provence-materiaux-anciens.com\/wp-content\/uploads\/2022\/12\/IMG-20240611-WA0012.jpg","type":"image\/jpeg"}],"twitter_card":"summary_large_image","twitter_misc":{"Dur\u00e9e de lecture estim\u00e9e":"1 minute"},"schema":{"@context":"https:\/\/schema.org","@graph":[{"@type":"WebPage","@id":"https:\/\/provence-materiaux-anciens.com\/produit\/sols\/dallage-pierre-naturelle\/dallages\/dallage-naturel-manoir\/","url":"https:\/\/provence-materiaux-anciens.com\/produit\/sols\/dallage-pierre-naturelle\/dallages\/dallage-naturel-manoir\/","name":"Dallage naturel \"Manoir\" - Provence Mat\u00e9riaux Anciens","isPartOf":{"@id":"https:\/\/provence-materiaux-anciens.com\/#website"},"primaryImageOfPage":{"@id":"https:\/\/provence-materiaux-anciens.com\/produit\/sols\/dallage-pierre-naturelle\/dallages\/dallage-naturel-manoir\/#primaryimage"},"image":{"@id":"https:\/\/provence-materiaux-anciens.com\/produit\/sols\/dallage-pierre-naturelle\/dallages\/dallage-naturel-manoir\/#primaryimage"},"thumbnailUrl":"https:\/\/provence-materiaux-anciens.com\/wp-content\/uploads\/2022\/12\/IMG-20240611-WA0012.jpg","datePublished":"2022-12-02T18:51:44+00:00","dateModified":"2024-07-30T10:43:24+00:00","breadcrumb":{"@id":"https:\/\/provence-materiaux-anciens.com\/produit\/sols\/dallage-pierre-naturelle\/dallages\/dallage-naturel-manoir\/#breadcrumb"},"inLanguage":"fr-FR","potentialAction":[{"@type":"ReadAction","target":["https:\/\/provence-materiaux-anciens.com\/produit\/sols\/dallage-pierre-naturelle\/dallages\/dallage-naturel-manoir\/"]}]},{"@type":"ImageObject","inLanguage":"fr-FR","@id":"https:\/\/provence-materiaux-anciens.com\/produit\/sols\/dallage-pierre-naturelle\/dallages\/dallage-naturel-manoir\/#primaryimage","url":"https:\/\/provence-materiaux-anciens.com\/wp-content\/uploads\/2022\/12\/IMG-20240611-WA0012.jpg","contentUrl":"https:\/\/provence-materiaux-anciens.com\/wp-content\/uploads\/2022\/12\/IMG-20240611-WA0012.jpg","width":1132,"height":1509},{"@type":"BreadcrumbList","@id":"https:\/\/provence-materiaux-anciens.com\/produit\/sols\/dallage-pierre-naturelle\/dallages\/dallage-naturel-manoir\/#breadcrumb","itemListElement":[{"@type":"ListItem","position":1,"name":"Accueil","item":"https:\/\/provence-materiaux-anciens.com\/fr\/"},{"@type":"ListItem","position":2,"name":"Produits","item":"https:\/\/provence-materiaux-anciens.com\/produit\/"},{"@type":"ListItem","position":3,"name":"Dallage naturel \u00ab\u00a0Manoir\u00a0\u00bb"}]},{"@type":"WebSite","@id":"https:\/\/provence-materiaux-anciens.com\/#website","url":"https:\/\/provence-materiaux-anciens.com\/","name":"Provence Mat\u00e9riaux Anciens","description":"Achat et vente de mat\u00e9riaux anciens de construction, poutres, tuiles, planchers, charpentes, dallages, terres cuites.","publisher":{"@id":"https:\/\/provence-materiaux-anciens.com\/#organization"},"potentialAction":[{"@type":"SearchAction","target":{"@type":"EntryPoint","urlTemplate":"https:\/\/provence-materiaux-anciens.com\/?s={search_term_string}"},"query-input":{"@type":"PropertyValueSpecification","valueRequired":true,"valueName":"search_term_string"}}],"inLanguage":"fr-FR"},{"@type":"Organization","@id":"https:\/\/provence-materiaux-anciens.com\/#organization","name":"Provence Mat\u00e9riaux Anciens","url":"https:\/\/provence-materiaux-anciens.com\/","logo":{"@type":"ImageObject","inLanguage":"fr-FR","@id":"https:\/\/provence-materiaux-anciens.com\/#\/schema\/logo\/image\/","url":"https:\/\/provence-materiaux-anciens.com\/wp-content\/uploads\/2022\/03\/cropped-logo-pma-web.png","contentUrl":"https:\/\/provence-materiaux-anciens.com\/wp-content\/uploads\/2022\/03\/cropped-logo-pma-web.png","width":650,"height":434,"caption":"Provence Mat\u00e9riaux Anciens"},"image":{"@id":"https:\/\/provence-materiaux-anciens.com\/#\/schema\/logo\/image\/"},"sameAs":["https:\/\/www.facebook.com\/provencemateriauxanciens","https:\/\/www.instagram.com\/provencemateriauxanciens\/","https:\/\/www.pinterest.fr\/provencemateriauxanciens\/"]}]}},"_links":{"self":[{"href":"https:\/\/provence-materiaux-anciens.com\/fr\/wp-json\/wp\/v2\/product\/1112","targetHints":{"allow":["GET"]}}],"collection":[{"href":"https:\/\/provence-materiaux-anciens.com\/fr\/wp-json\/wp\/v2\/product"}],"about":[{"href":"https:\/\/provence-materiaux-anciens.com\/fr\/wp-json\/wp\/v2\/types\/product"}],"wp:featuredmedia":[{"embeddable":true,"href":"https:\/\/provence-materiaux-anciens.com\/fr\/wp-json\/wp\/v2\/media\/4939"}],"wp:attachment":[{"href":"https:\/\/provence-materiaux-anciens.com\/fr\/wp-json\/wp\/v2\/media?parent=1112"}],"wp:term":[{"taxonomy":"product_brand","embeddable":true,"href":"https:\/\/provence-materiaux-anciens.com\/fr\/wp-json\/wp\/v2\/product_brand?post=1112"},{"taxonomy":"product_cat","embeddable":true,"href":"https:\/\/provence-materiaux-anciens.com\/fr\/wp-json\/wp\/v2\/product_cat?post=1112"},{"taxonomy":"product_tag","embeddable":true,"href":"https:\/\/provence-materiaux-anciens.com\/fr\/wp-json\/wp\/v2\/product_tag?post=1112"}],"curies":[{"name":"wp","href":"https:\/\/api.w.org\/{rel}","templated":true}]}}