{"id":1113,"date":"2022-12-02T18:51:44","date_gmt":"2022-12-02T18:51:44","guid":{"rendered":"https:\/\/provence-materiaux-anciens.com\/?post_type=product&#038;p=1113"},"modified":"2024-03-06T08:56:45","modified_gmt":"2024-03-06T08:56:45","slug":"carport-chene-ancien","status":"publish","type":"product","link":"https:\/\/provence-materiaux-anciens.com\/fr\/produit\/charpente-vieux-bois\/charpentes-vieux-chene\/carport-chene-ancien\/","title":{"rendered":"Carport ch\u00eane ancien"},"content":{"rendered":"","protected":false},"excerpt":{"rendered":"<h2><strong>Ref: <\/strong>Carport ch\u00eane (CARPORT CH)<\/h2>\n<p>Carport ch\u00eane ancien travaill\u00e9 sur-mesure. Carports fabriqu\u00e9s par nos charpentiers \u00e0 partir de bois de r\u00e9cup\u00e9ration.<\/p>\n<p>Notre stock important de poutres en vieux ch\u00eane nous permet de r\u00e9aliser des carports ou pergolas sur-mesure. Les vieilles poutres sont s\u00e9lectionn\u00e9es selon les aspirations de chaque client.<\/p>\n<p>Nos carports en vieux bois apportent une authenticit\u00e9 incomparable \u00e0 vos projets. Nos charpentiers peuvent prendre en charge le montage sur votre chantier de nos carport en vieux bois.<\/p>\n<p>Assembl\u00e9s et d\u00e9mont\u00e9s dans notre atelier charpente, les poutres et chevrons sont identifi\u00e9s et num\u00e9rot\u00e9s.<\/p>\n<p>\u00c0 l&rsquo;aide du plan fourni vous pourrez monter votre carport vous m\u00eame.<\/p>\n<p><strong>DIMENSIONS:<\/strong> Sur-mesure.<\/p>\n","protected":false},"featured_media":1722,"template":"","meta":{"_monsterinsights_skip_tracking":false,"_monsterinsights_sitenote_active":false,"_monsterinsights_sitenote_note":"","_monsterinsights_sitenote_category":0},"product_brand":[],"product_cat":[27,56],"product_tag":[],"class_list":{"0":"post-1113","1":"product","2":"type-product","3":"status-publish","4":"has-post-thumbnail","6":"product_cat-charpente-vieux-bois","7":"product_cat-charpentes-vieux-chene","9":"first","10":"instock","11":"shipping-taxable","12":"product-type-simple"},"yoast_head":"<!-- This site is optimized with the Yoast SEO Premium plugin v22.1 (Yoast SEO v24.6) - https:\/\/yoast.com\/wordpress\/plugins\/seo\/ -->\n<title>Carport ch\u00eane ancien - Provence Mat\u00e9riaux Anciens<\/title>\n<meta name=\"robots\" content=\"index, follow, max-snippet:-1, max-image-preview:large, max-video-preview:-1\" \/>\n<link rel=\"canonical\" href=\"https:\/\/provence-materiaux-anciens.com\/fr\/produit\/charpente-vieux-bois\/charpentes-vieux-chene\/carport-chene-ancien\/\" \/>\n<meta property=\"og:locale\" content=\"fr_FR\" \/>\n<meta property=\"og:type\" content=\"article\" \/>\n<meta property=\"og:title\" content=\"Carport ch\u00eane ancien\" \/>\n<meta property=\"og:description\" content=\"Ref: Carport ch\u00eane (CARPORT CH) Carport ch\u00eane ancien travaill\u00e9 sur-mesure. Carports fabriqu\u00e9s par nos charpentiers \u00e0 partir de bois de r\u00e9cup\u00e9ration.  Notre stock important de poutres en vieux ch\u00eane nous permet de r\u00e9aliser des carports ou pergolas sur-mesure. Les vieilles poutres sont s\u00e9lectionn\u00e9es selon les aspirations de chaque client.  Nos carports en vieux bois apportent une authenticit\u00e9 incomparable \u00e0 vos projets. Nos charpentiers peuvent prendre en charge le montage sur votre chantier de nos carport en vieux bois.  Assembl\u00e9s et d\u00e9mont\u00e9s dans notre atelier charpente, les poutres et chevrons sont identifi\u00e9s et num\u00e9rot\u00e9s.  \u00c0 l&#039;aide du plan fourni vous pourrez monter votre carport vous m\u00eame.  DIMENSIONS: Sur-mesure.\" \/>\n<meta property=\"og:url\" content=\"https:\/\/provence-materiaux-anciens.com\/fr\/produit\/charpente-vieux-bois\/charpentes-vieux-chene\/carport-chene-ancien\/\" \/>\n<meta property=\"og:site_name\" content=\"Provence Mat\u00e9riaux Anciens\" \/>\n<meta property=\"article:publisher\" content=\"https:\/\/www.facebook.com\/provencemateriauxanciens\" \/>\n<meta property=\"article:modified_time\" content=\"2024-03-06T08:56:45+00:00\" \/>\n<meta property=\"og:image\" content=\"https:\/\/provence-materiaux-anciens.com\/wp-content\/uploads\/2022\/12\/carport-chene-ancien03.jpg\" \/>\n\t<meta property=\"og:image:width\" content=\"700\" \/>\n\t<meta property=\"og:image:height\" content=\"700\" \/>\n\t<meta property=\"og:image:type\" content=\"image\/jpeg\" \/>\n<meta name=\"twitter:card\" content=\"summary_large_image\" \/>\n<script type=\"application\/ld+json\" class=\"yoast-schema-graph\">{\"@context\":\"https:\/\/schema.org\",\"@graph\":[{\"@type\":\"WebPage\",\"@id\":\"https:\/\/provence-materiaux-anciens.com\/produit\/charpente-vieux-bois\/charpentes-vieux-chene\/carport-chene-ancien\/\",\"url\":\"https:\/\/provence-materiaux-anciens.com\/produit\/charpente-vieux-bois\/charpentes-vieux-chene\/carport-chene-ancien\/\",\"name\":\"Carport ch\u00eane ancien - Provence Mat\u00e9riaux Anciens\",\"isPartOf\":{\"@id\":\"https:\/\/provence-materiaux-anciens.com\/#website\"},\"primaryImageOfPage\":{\"@id\":\"https:\/\/provence-materiaux-anciens.com\/produit\/charpente-vieux-bois\/charpentes-vieux-chene\/carport-chene-ancien\/#primaryimage\"},\"image\":{\"@id\":\"https:\/\/provence-materiaux-anciens.com\/produit\/charpente-vieux-bois\/charpentes-vieux-chene\/carport-chene-ancien\/#primaryimage\"},\"thumbnailUrl\":\"https:\/\/provence-materiaux-anciens.com\/wp-content\/uploads\/2022\/12\/carport-chene-ancien03.jpg\",\"datePublished\":\"2022-12-02T18:51:44+00:00\",\"dateModified\":\"2024-03-06T08:56:45+00:00\",\"breadcrumb\":{\"@id\":\"https:\/\/provence-materiaux-anciens.com\/produit\/charpente-vieux-bois\/charpentes-vieux-chene\/carport-chene-ancien\/#breadcrumb\"},\"inLanguage\":\"fr-FR\",\"potentialAction\":[{\"@type\":\"ReadAction\",\"target\":[\"https:\/\/provence-materiaux-anciens.com\/produit\/charpente-vieux-bois\/charpentes-vieux-chene\/carport-chene-ancien\/\"]}]},{\"@type\":\"ImageObject\",\"inLanguage\":\"fr-FR\",\"@id\":\"https:\/\/provence-materiaux-anciens.com\/produit\/charpente-vieux-bois\/charpentes-vieux-chene\/carport-chene-ancien\/#primaryimage\",\"url\":\"https:\/\/provence-materiaux-anciens.com\/wp-content\/uploads\/2022\/12\/carport-chene-ancien03.jpg\",\"contentUrl\":\"https:\/\/provence-materiaux-anciens.com\/wp-content\/uploads\/2022\/12\/carport-chene-ancien03.jpg\",\"width\":700,\"height\":700,\"caption\":\"carport-chene-ancien03\"},{\"@type\":\"BreadcrumbList\",\"@id\":\"https:\/\/provence-materiaux-anciens.com\/produit\/charpente-vieux-bois\/charpentes-vieux-chene\/carport-chene-ancien\/#breadcrumb\",\"itemListElement\":[{\"@type\":\"ListItem\",\"position\":1,\"name\":\"Accueil\",\"item\":\"https:\/\/provence-materiaux-anciens.com\/fr\/\"},{\"@type\":\"ListItem\",\"position\":2,\"name\":\"Produits\",\"item\":\"https:\/\/provence-materiaux-anciens.com\/produit\/\"},{\"@type\":\"ListItem\",\"position\":3,\"name\":\"Carport ch\u00eane ancien\"}]},{\"@type\":\"WebSite\",\"@id\":\"https:\/\/provence-materiaux-anciens.com\/#website\",\"url\":\"https:\/\/provence-materiaux-anciens.com\/\",\"name\":\"Provence Mat\u00e9riaux Anciens\",\"description\":\"Achat et vente de mat\u00e9riaux anciens de construction, poutres, tuiles, planchers, charpentes, dallages, terres cuites.\",\"publisher\":{\"@id\":\"https:\/\/provence-materiaux-anciens.com\/#organization\"},\"potentialAction\":[{\"@type\":\"SearchAction\",\"target\":{\"@type\":\"EntryPoint\",\"urlTemplate\":\"https:\/\/provence-materiaux-anciens.com\/?s={search_term_string}\"},\"query-input\":{\"@type\":\"PropertyValueSpecification\",\"valueRequired\":true,\"valueName\":\"search_term_string\"}}],\"inLanguage\":\"fr-FR\"},{\"@type\":\"Organization\",\"@id\":\"https:\/\/provence-materiaux-anciens.com\/#organization\",\"name\":\"Provence Mat\u00e9riaux Anciens\",\"url\":\"https:\/\/provence-materiaux-anciens.com\/\",\"logo\":{\"@type\":\"ImageObject\",\"inLanguage\":\"fr-FR\",\"@id\":\"https:\/\/provence-materiaux-anciens.com\/#\/schema\/logo\/image\/\",\"url\":\"https:\/\/provence-materiaux-anciens.com\/wp-content\/uploads\/2022\/03\/cropped-logo-pma-web.png\",\"contentUrl\":\"https:\/\/provence-materiaux-anciens.com\/wp-content\/uploads\/2022\/03\/cropped-logo-pma-web.png\",\"width\":650,\"height\":434,\"caption\":\"Provence Mat\u00e9riaux Anciens\"},\"image\":{\"@id\":\"https:\/\/provence-materiaux-anciens.com\/#\/schema\/logo\/image\/\"},\"sameAs\":[\"https:\/\/www.facebook.com\/provencemateriauxanciens\",\"https:\/\/www.instagram.com\/provencemateriauxanciens\/\",\"https:\/\/www.pinterest.fr\/provencemateriauxanciens\/\"]}]}<\/script>\n<!-- \/ Yoast SEO Premium plugin. -->","yoast_head_json":{"title":"Carport ch\u00eane ancien - Provence Mat\u00e9riaux Anciens","robots":{"index":"index","follow":"follow","max-snippet":"max-snippet:-1","max-image-preview":"max-image-preview:large","max-video-preview":"max-video-preview:-1"},"canonical":"https:\/\/provence-materiaux-anciens.com\/fr\/produit\/charpente-vieux-bois\/charpentes-vieux-chene\/carport-chene-ancien\/","og_locale":"fr_FR","og_type":"article","og_title":"Carport ch\u00eane ancien","og_description":"Ref: Carport ch\u00eane (CARPORT CH) Carport ch\u00eane ancien travaill\u00e9 sur-mesure. Carports fabriqu\u00e9s par nos charpentiers \u00e0 partir de bois de r\u00e9cup\u00e9ration.  Notre stock important de poutres en vieux ch\u00eane nous permet de r\u00e9aliser des carports ou pergolas sur-mesure. Les vieilles poutres sont s\u00e9lectionn\u00e9es selon les aspirations de chaque client.  Nos carports en vieux bois apportent une authenticit\u00e9 incomparable \u00e0 vos projets. Nos charpentiers peuvent prendre en charge le montage sur votre chantier de nos carport en vieux bois.  Assembl\u00e9s et d\u00e9mont\u00e9s dans notre atelier charpente, les poutres et chevrons sont identifi\u00e9s et num\u00e9rot\u00e9s.  \u00c0 l'aide du plan fourni vous pourrez monter votre carport vous m\u00eame.  DIMENSIONS: Sur-mesure.","og_url":"https:\/\/provence-materiaux-anciens.com\/fr\/produit\/charpente-vieux-bois\/charpentes-vieux-chene\/carport-chene-ancien\/","og_site_name":"Provence Mat\u00e9riaux Anciens","article_publisher":"https:\/\/www.facebook.com\/provencemateriauxanciens","article_modified_time":"2024-03-06T08:56:45+00:00","og_image":[{"width":700,"height":700,"url":"https:\/\/provence-materiaux-anciens.com\/wp-content\/uploads\/2022\/12\/carport-chene-ancien03.jpg","type":"image\/jpeg"}],"twitter_card":"summary_large_image","schema":{"@context":"https:\/\/schema.org","@graph":[{"@type":"WebPage","@id":"https:\/\/provence-materiaux-anciens.com\/produit\/charpente-vieux-bois\/charpentes-vieux-chene\/carport-chene-ancien\/","url":"https:\/\/provence-materiaux-anciens.com\/produit\/charpente-vieux-bois\/charpentes-vieux-chene\/carport-chene-ancien\/","name":"Carport ch\u00eane ancien - Provence Mat\u00e9riaux Anciens","isPartOf":{"@id":"https:\/\/provence-materiaux-anciens.com\/#website"},"primaryImageOfPage":{"@id":"https:\/\/provence-materiaux-anciens.com\/produit\/charpente-vieux-bois\/charpentes-vieux-chene\/carport-chene-ancien\/#primaryimage"},"image":{"@id":"https:\/\/provence-materiaux-anciens.com\/produit\/charpente-vieux-bois\/charpentes-vieux-chene\/carport-chene-ancien\/#primaryimage"},"thumbnailUrl":"https:\/\/provence-materiaux-anciens.com\/wp-content\/uploads\/2022\/12\/carport-chene-ancien03.jpg","datePublished":"2022-12-02T18:51:44+00:00","dateModified":"2024-03-06T08:56:45+00:00","breadcrumb":{"@id":"https:\/\/provence-materiaux-anciens.com\/produit\/charpente-vieux-bois\/charpentes-vieux-chene\/carport-chene-ancien\/#breadcrumb"},"inLanguage":"fr-FR","potentialAction":[{"@type":"ReadAction","target":["https:\/\/provence-materiaux-anciens.com\/produit\/charpente-vieux-bois\/charpentes-vieux-chene\/carport-chene-ancien\/"]}]},{"@type":"ImageObject","inLanguage":"fr-FR","@id":"https:\/\/provence-materiaux-anciens.com\/produit\/charpente-vieux-bois\/charpentes-vieux-chene\/carport-chene-ancien\/#primaryimage","url":"https:\/\/provence-materiaux-anciens.com\/wp-content\/uploads\/2022\/12\/carport-chene-ancien03.jpg","contentUrl":"https:\/\/provence-materiaux-anciens.com\/wp-content\/uploads\/2022\/12\/carport-chene-ancien03.jpg","width":700,"height":700,"caption":"carport-chene-ancien03"},{"@type":"BreadcrumbList","@id":"https:\/\/provence-materiaux-anciens.com\/produit\/charpente-vieux-bois\/charpentes-vieux-chene\/carport-chene-ancien\/#breadcrumb","itemListElement":[{"@type":"ListItem","position":1,"name":"Accueil","item":"https:\/\/provence-materiaux-anciens.com\/fr\/"},{"@type":"ListItem","position":2,"name":"Produits","item":"https:\/\/provence-materiaux-anciens.com\/produit\/"},{"@type":"ListItem","position":3,"name":"Carport ch\u00eane ancien"}]},{"@type":"WebSite","@id":"https:\/\/provence-materiaux-anciens.com\/#website","url":"https:\/\/provence-materiaux-anciens.com\/","name":"Provence Mat\u00e9riaux Anciens","description":"Achat et vente de mat\u00e9riaux anciens de construction, poutres, tuiles, planchers, charpentes, dallages, terres cuites.","publisher":{"@id":"https:\/\/provence-materiaux-anciens.com\/#organization"},"potentialAction":[{"@type":"SearchAction","target":{"@type":"EntryPoint","urlTemplate":"https:\/\/provence-materiaux-anciens.com\/?s={search_term_string}"},"query-input":{"@type":"PropertyValueSpecification","valueRequired":true,"valueName":"search_term_string"}}],"inLanguage":"fr-FR"},{"@type":"Organization","@id":"https:\/\/provence-materiaux-anciens.com\/#organization","name":"Provence Mat\u00e9riaux Anciens","url":"https:\/\/provence-materiaux-anciens.com\/","logo":{"@type":"ImageObject","inLanguage":"fr-FR","@id":"https:\/\/provence-materiaux-anciens.com\/#\/schema\/logo\/image\/","url":"https:\/\/provence-materiaux-anciens.com\/wp-content\/uploads\/2022\/03\/cropped-logo-pma-web.png","contentUrl":"https:\/\/provence-materiaux-anciens.com\/wp-content\/uploads\/2022\/03\/cropped-logo-pma-web.png","width":650,"height":434,"caption":"Provence Mat\u00e9riaux Anciens"},"image":{"@id":"https:\/\/provence-materiaux-anciens.com\/#\/schema\/logo\/image\/"},"sameAs":["https:\/\/www.facebook.com\/provencemateriauxanciens","https:\/\/www.instagram.com\/provencemateriauxanciens\/","https:\/\/www.pinterest.fr\/provencemateriauxanciens\/"]}]}},"_links":{"self":[{"href":"https:\/\/provence-materiaux-anciens.com\/fr\/wp-json\/wp\/v2\/product\/1113","targetHints":{"allow":["GET"]}}],"collection":[{"href":"https:\/\/provence-materiaux-anciens.com\/fr\/wp-json\/wp\/v2\/product"}],"about":[{"href":"https:\/\/provence-materiaux-anciens.com\/fr\/wp-json\/wp\/v2\/types\/product"}],"wp:featuredmedia":[{"embeddable":true,"href":"https:\/\/provence-materiaux-anciens.com\/fr\/wp-json\/wp\/v2\/media\/1722"}],"wp:attachment":[{"href":"https:\/\/provence-materiaux-anciens.com\/fr\/wp-json\/wp\/v2\/media?parent=1113"}],"wp:term":[{"taxonomy":"product_brand","embeddable":true,"href":"https:\/\/provence-materiaux-anciens.com\/fr\/wp-json\/wp\/v2\/product_brand?post=1113"},{"taxonomy":"product_cat","embeddable":true,"href":"https:\/\/provence-materiaux-anciens.com\/fr\/wp-json\/wp\/v2\/product_cat?post=1113"},{"taxonomy":"product_tag","embeddable":true,"href":"https:\/\/provence-materiaux-anciens.com\/fr\/wp-json\/wp\/v2\/product_tag?post=1113"}],"curies":[{"name":"wp","href":"https:\/\/api.w.org\/{rel}","templated":true}]}}