{"id":1119,"date":"2022-12-02T18:51:47","date_gmt":"2022-12-02T18:51:47","guid":{"rendered":"https:\/\/provence-materiaux-anciens.com\/?post_type=product&#038;p=1119"},"modified":"2025-09-29T14:55:10","modified_gmt":"2025-09-29T14:55:10","slug":"briques-rouges-anciennes","status":"publish","type":"product","link":"https:\/\/provence-materiaux-anciens.com\/fr\/produit\/brique-en-terre-cuite\/briques-rouges-anciennes\/","title":{"rendered":"Briques rouges anciennes"},"content":{"rendered":"","protected":false},"excerpt":{"rendered":"<h2><strong>Ref: <\/strong>Briques rouges (BRI01)<\/h2>\n<p>Briques rouges anciennes disponibles pour vos projets de constructions et r\u00e9novations. Il s&rsquo;agit de briques de r\u00e9cup\u00e9ration provenant de diff\u00e9rentes r\u00e9gions fran\u00e7aises. Les vieilles briques sont id\u00e9ales pour un parement en briques et ainsi habiller un mur int\u00e9rieur. Nos briques de r\u00e9cup\u00e9ration anciennes peuvent \u00eatre pos\u00e9es \u00e0 l&rsquo;int\u00e9rieur comme \u00e0 l&rsquo;ext\u00e9rieur.<\/p>\n<p>La couleur des vieilles briques peut varier d&rsquo;un lot \u00e0 l&rsquo;autre.<\/p>\n<p>Les briques anciennes de r\u00e9cup\u00e9ration ne sont pas r\u00e9fractaires, si vous souhaitez les utiliser en parement du foyer de votre chemin\u00e9e, n\u2019h\u00e9sitez pas \u00e0 consulter nos <a href=\"https:\/\/provence-materiaux-anciens.com\/categorie-produit\/elements-architecturaux\/plaques-de-cheminees-anciennes\/\">plaques de chemin\u00e9es<\/a><\/p>\n<p>D\u00e9couvrez nos vieilles briques dans des <a href=\"https:\/\/provence-materiaux-anciens.com\/produit\/parements-zelliges\/parements-anciens\/parement-vieilles-briques\/\">tons clairs<\/a>.<\/p>\n<p>Les briques anciennes peuvent \u00eatre recoup\u00e9es pour obtenir une \u00e9paisseur moindre et faciliter la pose.<\/p>\n<p><strong>Longueur : <\/strong>21 &#8211; 22 cm<\/p>\n<p><strong>Largeur<\/strong> : 10 cm<\/p>\n<p><strong>\u00c9paisseur : <\/strong>environ 5,5 cm<\/p>\n<p><strong>Disponibilit\u00e9<\/strong> : Constante<\/p>\n<p>&nbsp;<\/p>\n","protected":false},"featured_media":2301,"template":"","meta":{"_monsterinsights_skip_tracking":false,"_monsterinsights_sitenote_active":false,"_monsterinsights_sitenote_note":"","_monsterinsights_sitenote_category":0},"product_brand":[],"product_cat":[191],"product_tag":[],"class_list":{"0":"post-1119","1":"product","2":"type-product","3":"status-publish","4":"has-post-thumbnail","6":"product_cat-brique-en-terre-cuite","8":"first","9":"instock","10":"shipping-taxable","11":"product-type-simple"},"yoast_head":"<!-- This site is optimized with the Yoast SEO Premium plugin v22.1 (Yoast SEO v24.6) - https:\/\/yoast.com\/wordpress\/plugins\/seo\/ -->\n<title>Briques rouges anciennes - Provence Mat\u00e9riaux Anciens<\/title>\n<meta name=\"robots\" content=\"index, follow, max-snippet:-1, max-image-preview:large, max-video-preview:-1\" \/>\n<link rel=\"canonical\" href=\"https:\/\/provence-materiaux-anciens.com\/fr\/produit\/brique-en-terre-cuite\/briques-rouges-anciennes\/\" \/>\n<meta property=\"og:locale\" content=\"fr_FR\" \/>\n<meta property=\"og:type\" content=\"article\" \/>\n<meta property=\"og:title\" content=\"Briques rouges anciennes\" \/>\n<meta property=\"og:description\" content=\"Ref: Briques rouges (BRI01) Briques rouges anciennes disponibles pour vos projets de constructions et r\u00e9novations. Il s&#039;agit de briques de r\u00e9cup\u00e9ration provenant de diff\u00e9rentes r\u00e9gions fran\u00e7aises. Les vieilles briques sont id\u00e9ales pour un parement en briques et ainsi habiller un mur int\u00e9rieur. Nos briques de r\u00e9cup\u00e9ration anciennes peuvent \u00eatre pos\u00e9es \u00e0 l&#039;int\u00e9rieur comme \u00e0 l&#039;ext\u00e9rieur.  La couleur des vieilles briques peut varier d&#039;un lot \u00e0 l&#039;autre.  Les briques anciennes de r\u00e9cup\u00e9ration ne sont pas r\u00e9fractaires, si vous souhaitez les utiliser en parement du foyer de votre chemin\u00e9e, n\u2019h\u00e9sitez pas \u00e0 consulter nos plaques de chemin\u00e9es  D\u00e9couvrez nos vieilles briques dans des tons clairs.  Les briques anciennes peuvent \u00eatre recoup\u00e9es pour obtenir une \u00e9paisseur moindre et faciliter la pose.  Longueur : 21 - 22 cm  Largeur : 10 cm  \u00c9paisseur : environ 5,5 cm  Disponibilit\u00e9 : Constante  &nbsp;\" \/>\n<meta property=\"og:url\" content=\"https:\/\/provence-materiaux-anciens.com\/fr\/produit\/brique-en-terre-cuite\/briques-rouges-anciennes\/\" \/>\n<meta property=\"og:site_name\" content=\"Provence Mat\u00e9riaux Anciens\" \/>\n<meta property=\"article:publisher\" content=\"https:\/\/www.facebook.com\/provencemateriauxanciens\" \/>\n<meta property=\"article:modified_time\" content=\"2025-09-29T14:55:10+00:00\" \/>\n<meta property=\"og:image\" content=\"https:\/\/provence-materiaux-anciens.com\/wp-content\/uploads\/2022\/12\/briques-rouges-anciennes04.jpg\" \/>\n\t<meta property=\"og:image:width\" content=\"700\" \/>\n\t<meta property=\"og:image:height\" content=\"700\" \/>\n\t<meta property=\"og:image:type\" content=\"image\/jpeg\" \/>\n<meta name=\"twitter:card\" content=\"summary_large_image\" \/>\n<meta name=\"twitter:label1\" content=\"Dur\u00e9e de lecture estim\u00e9e\" \/>\n\t<meta name=\"twitter:data1\" content=\"1 minute\" \/>\n<script type=\"application\/ld+json\" class=\"yoast-schema-graph\">{\"@context\":\"https:\/\/schema.org\",\"@graph\":[{\"@type\":\"WebPage\",\"@id\":\"https:\/\/provence-materiaux-anciens.com\/produit\/brique-en-terre-cuite\/briques-rouges-anciennes\/\",\"url\":\"https:\/\/provence-materiaux-anciens.com\/produit\/brique-en-terre-cuite\/briques-rouges-anciennes\/\",\"name\":\"Briques rouges anciennes - Provence Mat\u00e9riaux Anciens\",\"isPartOf\":{\"@id\":\"https:\/\/provence-materiaux-anciens.com\/#website\"},\"primaryImageOfPage\":{\"@id\":\"https:\/\/provence-materiaux-anciens.com\/produit\/brique-en-terre-cuite\/briques-rouges-anciennes\/#primaryimage\"},\"image\":{\"@id\":\"https:\/\/provence-materiaux-anciens.com\/produit\/brique-en-terre-cuite\/briques-rouges-anciennes\/#primaryimage\"},\"thumbnailUrl\":\"https:\/\/provence-materiaux-anciens.com\/wp-content\/uploads\/2022\/12\/briques-rouges-anciennes04.jpg\",\"datePublished\":\"2022-12-02T18:51:47+00:00\",\"dateModified\":\"2025-09-29T14:55:10+00:00\",\"breadcrumb\":{\"@id\":\"https:\/\/provence-materiaux-anciens.com\/produit\/brique-en-terre-cuite\/briques-rouges-anciennes\/#breadcrumb\"},\"inLanguage\":\"fr-FR\",\"potentialAction\":[{\"@type\":\"ReadAction\",\"target\":[\"https:\/\/provence-materiaux-anciens.com\/produit\/brique-en-terre-cuite\/briques-rouges-anciennes\/\"]}]},{\"@type\":\"ImageObject\",\"inLanguage\":\"fr-FR\",\"@id\":\"https:\/\/provence-materiaux-anciens.com\/produit\/brique-en-terre-cuite\/briques-rouges-anciennes\/#primaryimage\",\"url\":\"https:\/\/provence-materiaux-anciens.com\/wp-content\/uploads\/2022\/12\/briques-rouges-anciennes04.jpg\",\"contentUrl\":\"https:\/\/provence-materiaux-anciens.com\/wp-content\/uploads\/2022\/12\/briques-rouges-anciennes04.jpg\",\"width\":700,\"height\":700,\"caption\":\"briques de parement rouges anciennes\"},{\"@type\":\"BreadcrumbList\",\"@id\":\"https:\/\/provence-materiaux-anciens.com\/produit\/brique-en-terre-cuite\/briques-rouges-anciennes\/#breadcrumb\",\"itemListElement\":[{\"@type\":\"ListItem\",\"position\":1,\"name\":\"Accueil\",\"item\":\"https:\/\/provence-materiaux-anciens.com\/fr\/\"},{\"@type\":\"ListItem\",\"position\":2,\"name\":\"Produits\",\"item\":\"https:\/\/provence-materiaux-anciens.com\/produit\/\"},{\"@type\":\"ListItem\",\"position\":3,\"name\":\"Briques rouges anciennes\"}]},{\"@type\":\"WebSite\",\"@id\":\"https:\/\/provence-materiaux-anciens.com\/#website\",\"url\":\"https:\/\/provence-materiaux-anciens.com\/\",\"name\":\"Provence Mat\u00e9riaux Anciens\",\"description\":\"Achat et vente de mat\u00e9riaux anciens de construction, poutres, tuiles, planchers, charpentes, dallages, terres cuites.\",\"publisher\":{\"@id\":\"https:\/\/provence-materiaux-anciens.com\/#organization\"},\"potentialAction\":[{\"@type\":\"SearchAction\",\"target\":{\"@type\":\"EntryPoint\",\"urlTemplate\":\"https:\/\/provence-materiaux-anciens.com\/?s={search_term_string}\"},\"query-input\":{\"@type\":\"PropertyValueSpecification\",\"valueRequired\":true,\"valueName\":\"search_term_string\"}}],\"inLanguage\":\"fr-FR\"},{\"@type\":\"Organization\",\"@id\":\"https:\/\/provence-materiaux-anciens.com\/#organization\",\"name\":\"Provence Mat\u00e9riaux Anciens\",\"url\":\"https:\/\/provence-materiaux-anciens.com\/\",\"logo\":{\"@type\":\"ImageObject\",\"inLanguage\":\"fr-FR\",\"@id\":\"https:\/\/provence-materiaux-anciens.com\/#\/schema\/logo\/image\/\",\"url\":\"https:\/\/provence-materiaux-anciens.com\/wp-content\/uploads\/2022\/03\/cropped-logo-pma-web.png\",\"contentUrl\":\"https:\/\/provence-materiaux-anciens.com\/wp-content\/uploads\/2022\/03\/cropped-logo-pma-web.png\",\"width\":650,\"height\":434,\"caption\":\"Provence Mat\u00e9riaux Anciens\"},\"image\":{\"@id\":\"https:\/\/provence-materiaux-anciens.com\/#\/schema\/logo\/image\/\"},\"sameAs\":[\"https:\/\/www.facebook.com\/provencemateriauxanciens\",\"https:\/\/www.instagram.com\/provencemateriauxanciens\/\",\"https:\/\/www.pinterest.fr\/provencemateriauxanciens\/\"]}]}<\/script>\n<!-- \/ Yoast SEO Premium plugin. -->","yoast_head_json":{"title":"Briques rouges anciennes - Provence Mat\u00e9riaux Anciens","robots":{"index":"index","follow":"follow","max-snippet":"max-snippet:-1","max-image-preview":"max-image-preview:large","max-video-preview":"max-video-preview:-1"},"canonical":"https:\/\/provence-materiaux-anciens.com\/fr\/produit\/brique-en-terre-cuite\/briques-rouges-anciennes\/","og_locale":"fr_FR","og_type":"article","og_title":"Briques rouges anciennes","og_description":"Ref: Briques rouges (BRI01) Briques rouges anciennes disponibles pour vos projets de constructions et r\u00e9novations. Il s'agit de briques de r\u00e9cup\u00e9ration provenant de diff\u00e9rentes r\u00e9gions fran\u00e7aises. Les vieilles briques sont id\u00e9ales pour un parement en briques et ainsi habiller un mur int\u00e9rieur. Nos briques de r\u00e9cup\u00e9ration anciennes peuvent \u00eatre pos\u00e9es \u00e0 l'int\u00e9rieur comme \u00e0 l'ext\u00e9rieur.  La couleur des vieilles briques peut varier d'un lot \u00e0 l'autre.  Les briques anciennes de r\u00e9cup\u00e9ration ne sont pas r\u00e9fractaires, si vous souhaitez les utiliser en parement du foyer de votre chemin\u00e9e, n\u2019h\u00e9sitez pas \u00e0 consulter nos plaques de chemin\u00e9es  D\u00e9couvrez nos vieilles briques dans des tons clairs.  Les briques anciennes peuvent \u00eatre recoup\u00e9es pour obtenir une \u00e9paisseur moindre et faciliter la pose.  Longueur : 21 - 22 cm  Largeur : 10 cm  \u00c9paisseur : environ 5,5 cm  Disponibilit\u00e9 : Constante  &nbsp;","og_url":"https:\/\/provence-materiaux-anciens.com\/fr\/produit\/brique-en-terre-cuite\/briques-rouges-anciennes\/","og_site_name":"Provence Mat\u00e9riaux Anciens","article_publisher":"https:\/\/www.facebook.com\/provencemateriauxanciens","article_modified_time":"2025-09-29T14:55:10+00:00","og_image":[{"width":700,"height":700,"url":"https:\/\/provence-materiaux-anciens.com\/wp-content\/uploads\/2022\/12\/briques-rouges-anciennes04.jpg","type":"image\/jpeg"}],"twitter_card":"summary_large_image","twitter_misc":{"Dur\u00e9e de lecture estim\u00e9e":"1 minute"},"schema":{"@context":"https:\/\/schema.org","@graph":[{"@type":"WebPage","@id":"https:\/\/provence-materiaux-anciens.com\/produit\/brique-en-terre-cuite\/briques-rouges-anciennes\/","url":"https:\/\/provence-materiaux-anciens.com\/produit\/brique-en-terre-cuite\/briques-rouges-anciennes\/","name":"Briques rouges anciennes - Provence Mat\u00e9riaux Anciens","isPartOf":{"@id":"https:\/\/provence-materiaux-anciens.com\/#website"},"primaryImageOfPage":{"@id":"https:\/\/provence-materiaux-anciens.com\/produit\/brique-en-terre-cuite\/briques-rouges-anciennes\/#primaryimage"},"image":{"@id":"https:\/\/provence-materiaux-anciens.com\/produit\/brique-en-terre-cuite\/briques-rouges-anciennes\/#primaryimage"},"thumbnailUrl":"https:\/\/provence-materiaux-anciens.com\/wp-content\/uploads\/2022\/12\/briques-rouges-anciennes04.jpg","datePublished":"2022-12-02T18:51:47+00:00","dateModified":"2025-09-29T14:55:10+00:00","breadcrumb":{"@id":"https:\/\/provence-materiaux-anciens.com\/produit\/brique-en-terre-cuite\/briques-rouges-anciennes\/#breadcrumb"},"inLanguage":"fr-FR","potentialAction":[{"@type":"ReadAction","target":["https:\/\/provence-materiaux-anciens.com\/produit\/brique-en-terre-cuite\/briques-rouges-anciennes\/"]}]},{"@type":"ImageObject","inLanguage":"fr-FR","@id":"https:\/\/provence-materiaux-anciens.com\/produit\/brique-en-terre-cuite\/briques-rouges-anciennes\/#primaryimage","url":"https:\/\/provence-materiaux-anciens.com\/wp-content\/uploads\/2022\/12\/briques-rouges-anciennes04.jpg","contentUrl":"https:\/\/provence-materiaux-anciens.com\/wp-content\/uploads\/2022\/12\/briques-rouges-anciennes04.jpg","width":700,"height":700,"caption":"briques de parement rouges anciennes"},{"@type":"BreadcrumbList","@id":"https:\/\/provence-materiaux-anciens.com\/produit\/brique-en-terre-cuite\/briques-rouges-anciennes\/#breadcrumb","itemListElement":[{"@type":"ListItem","position":1,"name":"Accueil","item":"https:\/\/provence-materiaux-anciens.com\/fr\/"},{"@type":"ListItem","position":2,"name":"Produits","item":"https:\/\/provence-materiaux-anciens.com\/produit\/"},{"@type":"ListItem","position":3,"name":"Briques rouges anciennes"}]},{"@type":"WebSite","@id":"https:\/\/provence-materiaux-anciens.com\/#website","url":"https:\/\/provence-materiaux-anciens.com\/","name":"Provence Mat\u00e9riaux Anciens","description":"Achat et vente de mat\u00e9riaux anciens de construction, poutres, tuiles, planchers, charpentes, dallages, terres cuites.","publisher":{"@id":"https:\/\/provence-materiaux-anciens.com\/#organization"},"potentialAction":[{"@type":"SearchAction","target":{"@type":"EntryPoint","urlTemplate":"https:\/\/provence-materiaux-anciens.com\/?s={search_term_string}"},"query-input":{"@type":"PropertyValueSpecification","valueRequired":true,"valueName":"search_term_string"}}],"inLanguage":"fr-FR"},{"@type":"Organization","@id":"https:\/\/provence-materiaux-anciens.com\/#organization","name":"Provence Mat\u00e9riaux Anciens","url":"https:\/\/provence-materiaux-anciens.com\/","logo":{"@type":"ImageObject","inLanguage":"fr-FR","@id":"https:\/\/provence-materiaux-anciens.com\/#\/schema\/logo\/image\/","url":"https:\/\/provence-materiaux-anciens.com\/wp-content\/uploads\/2022\/03\/cropped-logo-pma-web.png","contentUrl":"https:\/\/provence-materiaux-anciens.com\/wp-content\/uploads\/2022\/03\/cropped-logo-pma-web.png","width":650,"height":434,"caption":"Provence Mat\u00e9riaux Anciens"},"image":{"@id":"https:\/\/provence-materiaux-anciens.com\/#\/schema\/logo\/image\/"},"sameAs":["https:\/\/www.facebook.com\/provencemateriauxanciens","https:\/\/www.instagram.com\/provencemateriauxanciens\/","https:\/\/www.pinterest.fr\/provencemateriauxanciens\/"]}]}},"_links":{"self":[{"href":"https:\/\/provence-materiaux-anciens.com\/fr\/wp-json\/wp\/v2\/product\/1119","targetHints":{"allow":["GET"]}}],"collection":[{"href":"https:\/\/provence-materiaux-anciens.com\/fr\/wp-json\/wp\/v2\/product"}],"about":[{"href":"https:\/\/provence-materiaux-anciens.com\/fr\/wp-json\/wp\/v2\/types\/product"}],"wp:featuredmedia":[{"embeddable":true,"href":"https:\/\/provence-materiaux-anciens.com\/fr\/wp-json\/wp\/v2\/media\/2301"}],"wp:attachment":[{"href":"https:\/\/provence-materiaux-anciens.com\/fr\/wp-json\/wp\/v2\/media?parent=1119"}],"wp:term":[{"taxonomy":"product_brand","embeddable":true,"href":"https:\/\/provence-materiaux-anciens.com\/fr\/wp-json\/wp\/v2\/product_brand?post=1119"},{"taxonomy":"product_cat","embeddable":true,"href":"https:\/\/provence-materiaux-anciens.com\/fr\/wp-json\/wp\/v2\/product_cat?post=1119"},{"taxonomy":"product_tag","embeddable":true,"href":"https:\/\/provence-materiaux-anciens.com\/fr\/wp-json\/wp\/v2\/product_tag?post=1119"}],"curies":[{"name":"wp","href":"https:\/\/api.w.org\/{rel}","templated":true}]}}