{"id":1199,"date":"2022-12-02T18:52:01","date_gmt":"2022-12-02T18:52:01","guid":{"rendered":"https:\/\/provence-materiaux-anciens.com\/?post_type=product&#038;p=1199"},"modified":"2024-06-14T10:44:56","modified_gmt":"2024-06-14T10:44:56","slug":"bardage-interieur-vieux-bois-chene","status":"publish","type":"product","link":"https:\/\/provence-materiaux-anciens.com\/fr\/produit\/parements\/parements-anciens\/bardage-interieur-vieux-bois-chene\/","title":{"rendered":"Bardage int\u00e9rieur vieux bois ch\u00eane"},"content":{"rendered":"","protected":false},"excerpt":{"rendered":"<h2><strong>Ref:<\/strong> Bardage int\u00e9rieur vieux bois ch\u00eane (Bar03)<\/h2>\n<p>Bardage int\u00e9rieur vieux bois ch\u00eane r\u00e9alis\u00e9 \u00e0 partir de planches de r\u00e9cup\u00e9ration en ch\u00eane. Le bardage en vieux bois de ch\u00eane apporte authenticit\u00e9 \u00e0 votre int\u00e9rieur.<\/p>\n<p><strong>Mat\u00e9riaux :<\/strong>\u00a0Vieux bois de r\u00e9cup\u00e9ration<\/p>\n<p><strong>Dimensions :<\/strong>\u00a0Variable<\/p>\n<p><strong>Disponibilit\u00e9 :<\/strong> Constante<\/p>\n","protected":false},"featured_media":4361,"template":"","meta":{"_monsterinsights_skip_tracking":false,"_monsterinsights_sitenote_active":false,"_monsterinsights_sitenote_note":"","_monsterinsights_sitenote_category":0},"product_brand":[],"product_cat":[60,158],"product_tag":[],"class_list":{"0":"post-1199","1":"product","2":"type-product","3":"status-publish","4":"has-post-thumbnail","6":"product_cat-parements-anciens","7":"product_cat-parements-en-pierre-naturelle","9":"first","10":"instock","11":"shipping-taxable","12":"product-type-simple"},"yoast_head":"<!-- This site is optimized with the Yoast SEO Premium plugin v22.1 (Yoast SEO v24.6) - https:\/\/yoast.com\/wordpress\/plugins\/seo\/ -->\n<title>Bardage int\u00e9rieur vieux bois ch\u00eane - Provence Mat\u00e9riaux Anciens<\/title>\n<meta name=\"robots\" content=\"index, follow, max-snippet:-1, max-image-preview:large, max-video-preview:-1\" \/>\n<link rel=\"canonical\" href=\"https:\/\/provence-materiaux-anciens.com\/fr\/produit\/parements\/parements-anciens\/bardage-interieur-vieux-bois-chene\/\" \/>\n<meta property=\"og:locale\" content=\"fr_FR\" \/>\n<meta property=\"og:type\" content=\"article\" \/>\n<meta property=\"og:title\" content=\"Bardage int\u00e9rieur vieux bois ch\u00eane\" \/>\n<meta property=\"og:description\" content=\"Ref: Bardage int\u00e9rieur vieux bois ch\u00eane (Bar03) Bardage int\u00e9rieur vieux bois ch\u00eane r\u00e9alis\u00e9 \u00e0 partir de planches de r\u00e9cup\u00e9ration en ch\u00eane. Le bardage en vieux bois de ch\u00eane apporte authenticit\u00e9 \u00e0 votre int\u00e9rieur.  Mat\u00e9riaux :\u00a0Vieux bois de r\u00e9cup\u00e9ration  Dimensions :\u00a0Variable  Disponibilit\u00e9 : Constante\" \/>\n<meta property=\"og:url\" content=\"https:\/\/provence-materiaux-anciens.com\/fr\/produit\/parements\/parements-anciens\/bardage-interieur-vieux-bois-chene\/\" \/>\n<meta property=\"og:site_name\" content=\"Provence Mat\u00e9riaux Anciens\" \/>\n<meta property=\"article:publisher\" content=\"https:\/\/www.facebook.com\/provencemateriauxanciens\" \/>\n<meta property=\"article:modified_time\" content=\"2024-06-14T10:44:56+00:00\" \/>\n<meta property=\"og:image\" content=\"https:\/\/provence-materiaux-anciens.com\/wp-content\/uploads\/2022\/12\/bardage-vieux-chene.jpg\" \/>\n\t<meta property=\"og:image:width\" content=\"1024\" \/>\n\t<meta property=\"og:image:height\" content=\"682\" \/>\n\t<meta property=\"og:image:type\" content=\"image\/jpeg\" \/>\n<meta name=\"twitter:card\" content=\"summary_large_image\" \/>\n<meta name=\"twitter:label1\" content=\"Dur\u00e9e de lecture estim\u00e9e\" \/>\n\t<meta name=\"twitter:data1\" content=\"1 minute\" \/>\n<script type=\"application\/ld+json\" class=\"yoast-schema-graph\">{\"@context\":\"https:\/\/schema.org\",\"@graph\":[{\"@type\":\"WebPage\",\"@id\":\"https:\/\/provence-materiaux-anciens.com\/produit\/parements\/parements-anciens\/bardage-interieur-vieux-bois-chene\/\",\"url\":\"https:\/\/provence-materiaux-anciens.com\/produit\/parements\/parements-anciens\/bardage-interieur-vieux-bois-chene\/\",\"name\":\"Bardage int\u00e9rieur vieux bois ch\u00eane - Provence Mat\u00e9riaux Anciens\",\"isPartOf\":{\"@id\":\"https:\/\/provence-materiaux-anciens.com\/#website\"},\"primaryImageOfPage\":{\"@id\":\"https:\/\/provence-materiaux-anciens.com\/produit\/parements\/parements-anciens\/bardage-interieur-vieux-bois-chene\/#primaryimage\"},\"image\":{\"@id\":\"https:\/\/provence-materiaux-anciens.com\/produit\/parements\/parements-anciens\/bardage-interieur-vieux-bois-chene\/#primaryimage\"},\"thumbnailUrl\":\"https:\/\/provence-materiaux-anciens.com\/wp-content\/uploads\/2022\/12\/bardage-vieux-chene.jpg\",\"datePublished\":\"2022-12-02T18:52:01+00:00\",\"dateModified\":\"2024-06-14T10:44:56+00:00\",\"breadcrumb\":{\"@id\":\"https:\/\/provence-materiaux-anciens.com\/produit\/parements\/parements-anciens\/bardage-interieur-vieux-bois-chene\/#breadcrumb\"},\"inLanguage\":\"fr-FR\",\"potentialAction\":[{\"@type\":\"ReadAction\",\"target\":[\"https:\/\/provence-materiaux-anciens.com\/produit\/parements\/parements-anciens\/bardage-interieur-vieux-bois-chene\/\"]}]},{\"@type\":\"ImageObject\",\"inLanguage\":\"fr-FR\",\"@id\":\"https:\/\/provence-materiaux-anciens.com\/produit\/parements\/parements-anciens\/bardage-interieur-vieux-bois-chene\/#primaryimage\",\"url\":\"https:\/\/provence-materiaux-anciens.com\/wp-content\/uploads\/2022\/12\/bardage-vieux-chene.jpg\",\"contentUrl\":\"https:\/\/provence-materiaux-anciens.com\/wp-content\/uploads\/2022\/12\/bardage-vieux-chene.jpg\",\"width\":1024,\"height\":682},{\"@type\":\"BreadcrumbList\",\"@id\":\"https:\/\/provence-materiaux-anciens.com\/produit\/parements\/parements-anciens\/bardage-interieur-vieux-bois-chene\/#breadcrumb\",\"itemListElement\":[{\"@type\":\"ListItem\",\"position\":1,\"name\":\"Accueil\",\"item\":\"https:\/\/provence-materiaux-anciens.com\/fr\/\"},{\"@type\":\"ListItem\",\"position\":2,\"name\":\"Produits\",\"item\":\"https:\/\/provence-materiaux-anciens.com\/produit\/\"},{\"@type\":\"ListItem\",\"position\":3,\"name\":\"Bardage int\u00e9rieur vieux bois ch\u00eane\"}]},{\"@type\":\"WebSite\",\"@id\":\"https:\/\/provence-materiaux-anciens.com\/#website\",\"url\":\"https:\/\/provence-materiaux-anciens.com\/\",\"name\":\"Provence Mat\u00e9riaux Anciens\",\"description\":\"Achat et vente de mat\u00e9riaux anciens de construction, poutres, tuiles, planchers, charpentes, dallages, terres cuites.\",\"publisher\":{\"@id\":\"https:\/\/provence-materiaux-anciens.com\/#organization\"},\"potentialAction\":[{\"@type\":\"SearchAction\",\"target\":{\"@type\":\"EntryPoint\",\"urlTemplate\":\"https:\/\/provence-materiaux-anciens.com\/?s={search_term_string}\"},\"query-input\":{\"@type\":\"PropertyValueSpecification\",\"valueRequired\":true,\"valueName\":\"search_term_string\"}}],\"inLanguage\":\"fr-FR\"},{\"@type\":\"Organization\",\"@id\":\"https:\/\/provence-materiaux-anciens.com\/#organization\",\"name\":\"Provence Mat\u00e9riaux Anciens\",\"url\":\"https:\/\/provence-materiaux-anciens.com\/\",\"logo\":{\"@type\":\"ImageObject\",\"inLanguage\":\"fr-FR\",\"@id\":\"https:\/\/provence-materiaux-anciens.com\/#\/schema\/logo\/image\/\",\"url\":\"https:\/\/provence-materiaux-anciens.com\/wp-content\/uploads\/2022\/03\/cropped-logo-pma-web.png\",\"contentUrl\":\"https:\/\/provence-materiaux-anciens.com\/wp-content\/uploads\/2022\/03\/cropped-logo-pma-web.png\",\"width\":650,\"height\":434,\"caption\":\"Provence Mat\u00e9riaux Anciens\"},\"image\":{\"@id\":\"https:\/\/provence-materiaux-anciens.com\/#\/schema\/logo\/image\/\"},\"sameAs\":[\"https:\/\/www.facebook.com\/provencemateriauxanciens\",\"https:\/\/www.instagram.com\/provencemateriauxanciens\/\",\"https:\/\/www.pinterest.fr\/provencemateriauxanciens\/\"]}]}<\/script>\n<!-- \/ Yoast SEO Premium plugin. -->","yoast_head_json":{"title":"Bardage int\u00e9rieur vieux bois ch\u00eane - Provence Mat\u00e9riaux Anciens","robots":{"index":"index","follow":"follow","max-snippet":"max-snippet:-1","max-image-preview":"max-image-preview:large","max-video-preview":"max-video-preview:-1"},"canonical":"https:\/\/provence-materiaux-anciens.com\/fr\/produit\/parements\/parements-anciens\/bardage-interieur-vieux-bois-chene\/","og_locale":"fr_FR","og_type":"article","og_title":"Bardage int\u00e9rieur vieux bois ch\u00eane","og_description":"Ref: Bardage int\u00e9rieur vieux bois ch\u00eane (Bar03) Bardage int\u00e9rieur vieux bois ch\u00eane r\u00e9alis\u00e9 \u00e0 partir de planches de r\u00e9cup\u00e9ration en ch\u00eane. Le bardage en vieux bois de ch\u00eane apporte authenticit\u00e9 \u00e0 votre int\u00e9rieur.  Mat\u00e9riaux :\u00a0Vieux bois de r\u00e9cup\u00e9ration  Dimensions :\u00a0Variable  Disponibilit\u00e9 : Constante","og_url":"https:\/\/provence-materiaux-anciens.com\/fr\/produit\/parements\/parements-anciens\/bardage-interieur-vieux-bois-chene\/","og_site_name":"Provence Mat\u00e9riaux Anciens","article_publisher":"https:\/\/www.facebook.com\/provencemateriauxanciens","article_modified_time":"2024-06-14T10:44:56+00:00","og_image":[{"width":1024,"height":682,"url":"https:\/\/provence-materiaux-anciens.com\/wp-content\/uploads\/2022\/12\/bardage-vieux-chene.jpg","type":"image\/jpeg"}],"twitter_card":"summary_large_image","twitter_misc":{"Dur\u00e9e de lecture estim\u00e9e":"1 minute"},"schema":{"@context":"https:\/\/schema.org","@graph":[{"@type":"WebPage","@id":"https:\/\/provence-materiaux-anciens.com\/produit\/parements\/parements-anciens\/bardage-interieur-vieux-bois-chene\/","url":"https:\/\/provence-materiaux-anciens.com\/produit\/parements\/parements-anciens\/bardage-interieur-vieux-bois-chene\/","name":"Bardage int\u00e9rieur vieux bois ch\u00eane - Provence Mat\u00e9riaux Anciens","isPartOf":{"@id":"https:\/\/provence-materiaux-anciens.com\/#website"},"primaryImageOfPage":{"@id":"https:\/\/provence-materiaux-anciens.com\/produit\/parements\/parements-anciens\/bardage-interieur-vieux-bois-chene\/#primaryimage"},"image":{"@id":"https:\/\/provence-materiaux-anciens.com\/produit\/parements\/parements-anciens\/bardage-interieur-vieux-bois-chene\/#primaryimage"},"thumbnailUrl":"https:\/\/provence-materiaux-anciens.com\/wp-content\/uploads\/2022\/12\/bardage-vieux-chene.jpg","datePublished":"2022-12-02T18:52:01+00:00","dateModified":"2024-06-14T10:44:56+00:00","breadcrumb":{"@id":"https:\/\/provence-materiaux-anciens.com\/produit\/parements\/parements-anciens\/bardage-interieur-vieux-bois-chene\/#breadcrumb"},"inLanguage":"fr-FR","potentialAction":[{"@type":"ReadAction","target":["https:\/\/provence-materiaux-anciens.com\/produit\/parements\/parements-anciens\/bardage-interieur-vieux-bois-chene\/"]}]},{"@type":"ImageObject","inLanguage":"fr-FR","@id":"https:\/\/provence-materiaux-anciens.com\/produit\/parements\/parements-anciens\/bardage-interieur-vieux-bois-chene\/#primaryimage","url":"https:\/\/provence-materiaux-anciens.com\/wp-content\/uploads\/2022\/12\/bardage-vieux-chene.jpg","contentUrl":"https:\/\/provence-materiaux-anciens.com\/wp-content\/uploads\/2022\/12\/bardage-vieux-chene.jpg","width":1024,"height":682},{"@type":"BreadcrumbList","@id":"https:\/\/provence-materiaux-anciens.com\/produit\/parements\/parements-anciens\/bardage-interieur-vieux-bois-chene\/#breadcrumb","itemListElement":[{"@type":"ListItem","position":1,"name":"Accueil","item":"https:\/\/provence-materiaux-anciens.com\/fr\/"},{"@type":"ListItem","position":2,"name":"Produits","item":"https:\/\/provence-materiaux-anciens.com\/produit\/"},{"@type":"ListItem","position":3,"name":"Bardage int\u00e9rieur vieux bois ch\u00eane"}]},{"@type":"WebSite","@id":"https:\/\/provence-materiaux-anciens.com\/#website","url":"https:\/\/provence-materiaux-anciens.com\/","name":"Provence Mat\u00e9riaux Anciens","description":"Achat et vente de mat\u00e9riaux anciens de construction, poutres, tuiles, planchers, charpentes, dallages, terres cuites.","publisher":{"@id":"https:\/\/provence-materiaux-anciens.com\/#organization"},"potentialAction":[{"@type":"SearchAction","target":{"@type":"EntryPoint","urlTemplate":"https:\/\/provence-materiaux-anciens.com\/?s={search_term_string}"},"query-input":{"@type":"PropertyValueSpecification","valueRequired":true,"valueName":"search_term_string"}}],"inLanguage":"fr-FR"},{"@type":"Organization","@id":"https:\/\/provence-materiaux-anciens.com\/#organization","name":"Provence Mat\u00e9riaux Anciens","url":"https:\/\/provence-materiaux-anciens.com\/","logo":{"@type":"ImageObject","inLanguage":"fr-FR","@id":"https:\/\/provence-materiaux-anciens.com\/#\/schema\/logo\/image\/","url":"https:\/\/provence-materiaux-anciens.com\/wp-content\/uploads\/2022\/03\/cropped-logo-pma-web.png","contentUrl":"https:\/\/provence-materiaux-anciens.com\/wp-content\/uploads\/2022\/03\/cropped-logo-pma-web.png","width":650,"height":434,"caption":"Provence Mat\u00e9riaux Anciens"},"image":{"@id":"https:\/\/provence-materiaux-anciens.com\/#\/schema\/logo\/image\/"},"sameAs":["https:\/\/www.facebook.com\/provencemateriauxanciens","https:\/\/www.instagram.com\/provencemateriauxanciens\/","https:\/\/www.pinterest.fr\/provencemateriauxanciens\/"]}]}},"_links":{"self":[{"href":"https:\/\/provence-materiaux-anciens.com\/fr\/wp-json\/wp\/v2\/product\/1199","targetHints":{"allow":["GET"]}}],"collection":[{"href":"https:\/\/provence-materiaux-anciens.com\/fr\/wp-json\/wp\/v2\/product"}],"about":[{"href":"https:\/\/provence-materiaux-anciens.com\/fr\/wp-json\/wp\/v2\/types\/product"}],"wp:featuredmedia":[{"embeddable":true,"href":"https:\/\/provence-materiaux-anciens.com\/fr\/wp-json\/wp\/v2\/media\/4361"}],"wp:attachment":[{"href":"https:\/\/provence-materiaux-anciens.com\/fr\/wp-json\/wp\/v2\/media?parent=1199"}],"wp:term":[{"taxonomy":"product_brand","embeddable":true,"href":"https:\/\/provence-materiaux-anciens.com\/fr\/wp-json\/wp\/v2\/product_brand?post=1199"},{"taxonomy":"product_cat","embeddable":true,"href":"https:\/\/provence-materiaux-anciens.com\/fr\/wp-json\/wp\/v2\/product_cat?post=1199"},{"taxonomy":"product_tag","embeddable":true,"href":"https:\/\/provence-materiaux-anciens.com\/fr\/wp-json\/wp\/v2\/product_tag?post=1199"}],"curies":[{"name":"wp","href":"https:\/\/api.w.org\/{rel}","templated":true}]}}