{"id":1209,"date":"2022-12-02T18:52:06","date_gmt":"2022-12-02T18:52:06","guid":{"rendered":"https:\/\/provence-materiaux-anciens.com\/?post_type=product&#038;p=1209"},"modified":"2025-09-12T14:45:01","modified_gmt":"2025-09-12T14:45:01","slug":"parement-cheminee-vieille-terre-cuite","status":"publish","type":"product","link":"https:\/\/provence-materiaux-anciens.com\/fr\/produit\/parements\/parements-anciens\/parement-cheminee-vieille-terre-cuite\/","title":{"rendered":"Parement chemin\u00e9e vieille terre cuite"},"content":{"rendered":"","protected":false},"excerpt":{"rendered":"<h2><strong>Ref:<\/strong> Parement chemin\u00e9e vieille terre cuite (Par03)<\/h2>\n<p>Parement chemin\u00e9e en terre cuite ancienne. Ce parement est r\u00e9alis\u00e9 \u00e0 partir de parefeuilles anciens sci\u00e9s pour obtenir la dimension souhait\u00e9e.<br \/>\nCe parement n&rsquo;est pas r\u00e9fractaire, vous pouvez disposer une de nos <a href=\"https:\/\/provence-materiaux-anciens.com\/categorie-produit\/elements-architecturaux\/plaques-de-cheminees-anciennes\/\">plaques de chemin\u00e9es<\/a>.<\/p>\n<p><strong>Dimension :<\/strong> 6 x 33 x 2.5 cm<\/p>\n<p><strong>Disponibilit\u00e9<\/strong> <strong>:<\/strong> Constante<\/p>\n","protected":false},"featured_media":1543,"template":"","meta":{"_monsterinsights_skip_tracking":false,"_monsterinsights_sitenote_active":false,"_monsterinsights_sitenote_note":"","_monsterinsights_sitenote_category":0},"product_brand":[],"product_cat":[60,158],"product_tag":[],"class_list":{"0":"post-1209","1":"product","2":"type-product","3":"status-publish","4":"has-post-thumbnail","6":"product_cat-parements-anciens","7":"product_cat-parements-en-pierre-naturelle","9":"first","10":"instock","11":"shipping-taxable","12":"product-type-simple"},"yoast_head":"<!-- This site is optimized with the Yoast SEO Premium plugin v22.1 (Yoast SEO v24.6) - https:\/\/yoast.com\/wordpress\/plugins\/seo\/ -->\n<title>Parement chemin\u00e9e vieille terre cuite - Provence Mat\u00e9riaux Anciens<\/title>\n<meta name=\"robots\" content=\"index, follow, max-snippet:-1, max-image-preview:large, max-video-preview:-1\" \/>\n<link rel=\"canonical\" href=\"https:\/\/provence-materiaux-anciens.com\/fr\/produit\/parements\/parements-anciens\/parement-cheminee-vieille-terre-cuite\/\" \/>\n<meta property=\"og:locale\" content=\"fr_FR\" \/>\n<meta property=\"og:type\" content=\"article\" \/>\n<meta property=\"og:title\" content=\"Parement chemin\u00e9e vieille terre cuite\" \/>\n<meta property=\"og:description\" content=\"Ref: Parement chemin\u00e9e vieille terre cuite (Par03) Parement chemin\u00e9e en terre cuite ancienne. Ce parement est r\u00e9alis\u00e9 \u00e0 partir de parefeuilles anciens sci\u00e9s pour obtenir la dimension souhait\u00e9e. Ce parement n&#039;est pas r\u00e9fractaire, vous pouvez disposer une de nos plaques de chemin\u00e9es.  Dimension : 6 x 33 x 2.5 cm  Disponibilit\u00e9 : Constante\" \/>\n<meta property=\"og:url\" content=\"https:\/\/provence-materiaux-anciens.com\/fr\/produit\/parements\/parements-anciens\/parement-cheminee-vieille-terre-cuite\/\" \/>\n<meta property=\"og:site_name\" content=\"Provence Mat\u00e9riaux Anciens\" \/>\n<meta property=\"article:publisher\" content=\"https:\/\/www.facebook.com\/provencemateriauxanciens\" \/>\n<meta property=\"article:modified_time\" content=\"2025-09-12T14:45:01+00:00\" \/>\n<meta property=\"og:image\" content=\"https:\/\/provence-materiaux-anciens.com\/wp-content\/uploads\/2022\/12\/Terre-cuite-en-chevrons02.jpg\" \/>\n\t<meta property=\"og:image:width\" content=\"700\" \/>\n\t<meta property=\"og:image:height\" content=\"700\" \/>\n\t<meta property=\"og:image:type\" content=\"image\/jpeg\" \/>\n<meta name=\"twitter:card\" content=\"summary_large_image\" \/>\n<meta name=\"twitter:label1\" content=\"Dur\u00e9e de lecture estim\u00e9e\" \/>\n\t<meta name=\"twitter:data1\" content=\"1 minute\" \/>\n<script type=\"application\/ld+json\" class=\"yoast-schema-graph\">{\"@context\":\"https:\/\/schema.org\",\"@graph\":[{\"@type\":\"WebPage\",\"@id\":\"https:\/\/provence-materiaux-anciens.com\/produit\/parements\/parements-anciens\/parement-cheminee-vieille-terre-cuite\/\",\"url\":\"https:\/\/provence-materiaux-anciens.com\/produit\/parements\/parements-anciens\/parement-cheminee-vieille-terre-cuite\/\",\"name\":\"Parement chemin\u00e9e vieille terre cuite - Provence Mat\u00e9riaux Anciens\",\"isPartOf\":{\"@id\":\"https:\/\/provence-materiaux-anciens.com\/#website\"},\"primaryImageOfPage\":{\"@id\":\"https:\/\/provence-materiaux-anciens.com\/produit\/parements\/parements-anciens\/parement-cheminee-vieille-terre-cuite\/#primaryimage\"},\"image\":{\"@id\":\"https:\/\/provence-materiaux-anciens.com\/produit\/parements\/parements-anciens\/parement-cheminee-vieille-terre-cuite\/#primaryimage\"},\"thumbnailUrl\":\"https:\/\/provence-materiaux-anciens.com\/wp-content\/uploads\/2022\/12\/Terre-cuite-en-chevrons02.jpg\",\"datePublished\":\"2022-12-02T18:52:06+00:00\",\"dateModified\":\"2025-09-12T14:45:01+00:00\",\"breadcrumb\":{\"@id\":\"https:\/\/provence-materiaux-anciens.com\/produit\/parements\/parements-anciens\/parement-cheminee-vieille-terre-cuite\/#breadcrumb\"},\"inLanguage\":\"fr-FR\",\"potentialAction\":[{\"@type\":\"ReadAction\",\"target\":[\"https:\/\/provence-materiaux-anciens.com\/produit\/parements\/parements-anciens\/parement-cheminee-vieille-terre-cuite\/\"]}]},{\"@type\":\"ImageObject\",\"inLanguage\":\"fr-FR\",\"@id\":\"https:\/\/provence-materiaux-anciens.com\/produit\/parements\/parements-anciens\/parement-cheminee-vieille-terre-cuite\/#primaryimage\",\"url\":\"https:\/\/provence-materiaux-anciens.com\/wp-content\/uploads\/2022\/12\/Terre-cuite-en-chevrons02.jpg\",\"contentUrl\":\"https:\/\/provence-materiaux-anciens.com\/wp-content\/uploads\/2022\/12\/Terre-cuite-en-chevrons02.jpg\",\"width\":700,\"height\":700,\"caption\":\"Terre-cuite-en-chevrons02\"},{\"@type\":\"BreadcrumbList\",\"@id\":\"https:\/\/provence-materiaux-anciens.com\/produit\/parements\/parements-anciens\/parement-cheminee-vieille-terre-cuite\/#breadcrumb\",\"itemListElement\":[{\"@type\":\"ListItem\",\"position\":1,\"name\":\"Accueil\",\"item\":\"https:\/\/provence-materiaux-anciens.com\/fr\/\"},{\"@type\":\"ListItem\",\"position\":2,\"name\":\"Produits\",\"item\":\"https:\/\/provence-materiaux-anciens.com\/produit\/\"},{\"@type\":\"ListItem\",\"position\":3,\"name\":\"Parement chemin\u00e9e vieille terre cuite\"}]},{\"@type\":\"WebSite\",\"@id\":\"https:\/\/provence-materiaux-anciens.com\/#website\",\"url\":\"https:\/\/provence-materiaux-anciens.com\/\",\"name\":\"Provence Mat\u00e9riaux Anciens\",\"description\":\"Achat et vente de mat\u00e9riaux anciens de construction, poutres, tuiles, planchers, charpentes, dallages, terres cuites.\",\"publisher\":{\"@id\":\"https:\/\/provence-materiaux-anciens.com\/#organization\"},\"potentialAction\":[{\"@type\":\"SearchAction\",\"target\":{\"@type\":\"EntryPoint\",\"urlTemplate\":\"https:\/\/provence-materiaux-anciens.com\/?s={search_term_string}\"},\"query-input\":{\"@type\":\"PropertyValueSpecification\",\"valueRequired\":true,\"valueName\":\"search_term_string\"}}],\"inLanguage\":\"fr-FR\"},{\"@type\":\"Organization\",\"@id\":\"https:\/\/provence-materiaux-anciens.com\/#organization\",\"name\":\"Provence Mat\u00e9riaux Anciens\",\"url\":\"https:\/\/provence-materiaux-anciens.com\/\",\"logo\":{\"@type\":\"ImageObject\",\"inLanguage\":\"fr-FR\",\"@id\":\"https:\/\/provence-materiaux-anciens.com\/#\/schema\/logo\/image\/\",\"url\":\"https:\/\/provence-materiaux-anciens.com\/wp-content\/uploads\/2022\/03\/cropped-logo-pma-web.png\",\"contentUrl\":\"https:\/\/provence-materiaux-anciens.com\/wp-content\/uploads\/2022\/03\/cropped-logo-pma-web.png\",\"width\":650,\"height\":434,\"caption\":\"Provence Mat\u00e9riaux Anciens\"},\"image\":{\"@id\":\"https:\/\/provence-materiaux-anciens.com\/#\/schema\/logo\/image\/\"},\"sameAs\":[\"https:\/\/www.facebook.com\/provencemateriauxanciens\",\"https:\/\/www.instagram.com\/provencemateriauxanciens\/\",\"https:\/\/www.pinterest.fr\/provencemateriauxanciens\/\"]}]}<\/script>\n<!-- \/ Yoast SEO Premium plugin. -->","yoast_head_json":{"title":"Parement chemin\u00e9e vieille terre cuite - Provence Mat\u00e9riaux Anciens","robots":{"index":"index","follow":"follow","max-snippet":"max-snippet:-1","max-image-preview":"max-image-preview:large","max-video-preview":"max-video-preview:-1"},"canonical":"https:\/\/provence-materiaux-anciens.com\/fr\/produit\/parements\/parements-anciens\/parement-cheminee-vieille-terre-cuite\/","og_locale":"fr_FR","og_type":"article","og_title":"Parement chemin\u00e9e vieille terre cuite","og_description":"Ref: Parement chemin\u00e9e vieille terre cuite (Par03) Parement chemin\u00e9e en terre cuite ancienne. Ce parement est r\u00e9alis\u00e9 \u00e0 partir de parefeuilles anciens sci\u00e9s pour obtenir la dimension souhait\u00e9e. Ce parement n'est pas r\u00e9fractaire, vous pouvez disposer une de nos plaques de chemin\u00e9es.  Dimension : 6 x 33 x 2.5 cm  Disponibilit\u00e9 : Constante","og_url":"https:\/\/provence-materiaux-anciens.com\/fr\/produit\/parements\/parements-anciens\/parement-cheminee-vieille-terre-cuite\/","og_site_name":"Provence Mat\u00e9riaux Anciens","article_publisher":"https:\/\/www.facebook.com\/provencemateriauxanciens","article_modified_time":"2025-09-12T14:45:01+00:00","og_image":[{"width":700,"height":700,"url":"https:\/\/provence-materiaux-anciens.com\/wp-content\/uploads\/2022\/12\/Terre-cuite-en-chevrons02.jpg","type":"image\/jpeg"}],"twitter_card":"summary_large_image","twitter_misc":{"Dur\u00e9e de lecture estim\u00e9e":"1 minute"},"schema":{"@context":"https:\/\/schema.org","@graph":[{"@type":"WebPage","@id":"https:\/\/provence-materiaux-anciens.com\/produit\/parements\/parements-anciens\/parement-cheminee-vieille-terre-cuite\/","url":"https:\/\/provence-materiaux-anciens.com\/produit\/parements\/parements-anciens\/parement-cheminee-vieille-terre-cuite\/","name":"Parement chemin\u00e9e vieille terre cuite - Provence Mat\u00e9riaux Anciens","isPartOf":{"@id":"https:\/\/provence-materiaux-anciens.com\/#website"},"primaryImageOfPage":{"@id":"https:\/\/provence-materiaux-anciens.com\/produit\/parements\/parements-anciens\/parement-cheminee-vieille-terre-cuite\/#primaryimage"},"image":{"@id":"https:\/\/provence-materiaux-anciens.com\/produit\/parements\/parements-anciens\/parement-cheminee-vieille-terre-cuite\/#primaryimage"},"thumbnailUrl":"https:\/\/provence-materiaux-anciens.com\/wp-content\/uploads\/2022\/12\/Terre-cuite-en-chevrons02.jpg","datePublished":"2022-12-02T18:52:06+00:00","dateModified":"2025-09-12T14:45:01+00:00","breadcrumb":{"@id":"https:\/\/provence-materiaux-anciens.com\/produit\/parements\/parements-anciens\/parement-cheminee-vieille-terre-cuite\/#breadcrumb"},"inLanguage":"fr-FR","potentialAction":[{"@type":"ReadAction","target":["https:\/\/provence-materiaux-anciens.com\/produit\/parements\/parements-anciens\/parement-cheminee-vieille-terre-cuite\/"]}]},{"@type":"ImageObject","inLanguage":"fr-FR","@id":"https:\/\/provence-materiaux-anciens.com\/produit\/parements\/parements-anciens\/parement-cheminee-vieille-terre-cuite\/#primaryimage","url":"https:\/\/provence-materiaux-anciens.com\/wp-content\/uploads\/2022\/12\/Terre-cuite-en-chevrons02.jpg","contentUrl":"https:\/\/provence-materiaux-anciens.com\/wp-content\/uploads\/2022\/12\/Terre-cuite-en-chevrons02.jpg","width":700,"height":700,"caption":"Terre-cuite-en-chevrons02"},{"@type":"BreadcrumbList","@id":"https:\/\/provence-materiaux-anciens.com\/produit\/parements\/parements-anciens\/parement-cheminee-vieille-terre-cuite\/#breadcrumb","itemListElement":[{"@type":"ListItem","position":1,"name":"Accueil","item":"https:\/\/provence-materiaux-anciens.com\/fr\/"},{"@type":"ListItem","position":2,"name":"Produits","item":"https:\/\/provence-materiaux-anciens.com\/produit\/"},{"@type":"ListItem","position":3,"name":"Parement chemin\u00e9e vieille terre cuite"}]},{"@type":"WebSite","@id":"https:\/\/provence-materiaux-anciens.com\/#website","url":"https:\/\/provence-materiaux-anciens.com\/","name":"Provence Mat\u00e9riaux Anciens","description":"Achat et vente de mat\u00e9riaux anciens de construction, poutres, tuiles, planchers, charpentes, dallages, terres cuites.","publisher":{"@id":"https:\/\/provence-materiaux-anciens.com\/#organization"},"potentialAction":[{"@type":"SearchAction","target":{"@type":"EntryPoint","urlTemplate":"https:\/\/provence-materiaux-anciens.com\/?s={search_term_string}"},"query-input":{"@type":"PropertyValueSpecification","valueRequired":true,"valueName":"search_term_string"}}],"inLanguage":"fr-FR"},{"@type":"Organization","@id":"https:\/\/provence-materiaux-anciens.com\/#organization","name":"Provence Mat\u00e9riaux Anciens","url":"https:\/\/provence-materiaux-anciens.com\/","logo":{"@type":"ImageObject","inLanguage":"fr-FR","@id":"https:\/\/provence-materiaux-anciens.com\/#\/schema\/logo\/image\/","url":"https:\/\/provence-materiaux-anciens.com\/wp-content\/uploads\/2022\/03\/cropped-logo-pma-web.png","contentUrl":"https:\/\/provence-materiaux-anciens.com\/wp-content\/uploads\/2022\/03\/cropped-logo-pma-web.png","width":650,"height":434,"caption":"Provence Mat\u00e9riaux Anciens"},"image":{"@id":"https:\/\/provence-materiaux-anciens.com\/#\/schema\/logo\/image\/"},"sameAs":["https:\/\/www.facebook.com\/provencemateriauxanciens","https:\/\/www.instagram.com\/provencemateriauxanciens\/","https:\/\/www.pinterest.fr\/provencemateriauxanciens\/"]}]}},"_links":{"self":[{"href":"https:\/\/provence-materiaux-anciens.com\/fr\/wp-json\/wp\/v2\/product\/1209","targetHints":{"allow":["GET"]}}],"collection":[{"href":"https:\/\/provence-materiaux-anciens.com\/fr\/wp-json\/wp\/v2\/product"}],"about":[{"href":"https:\/\/provence-materiaux-anciens.com\/fr\/wp-json\/wp\/v2\/types\/product"}],"wp:featuredmedia":[{"embeddable":true,"href":"https:\/\/provence-materiaux-anciens.com\/fr\/wp-json\/wp\/v2\/media\/1543"}],"wp:attachment":[{"href":"https:\/\/provence-materiaux-anciens.com\/fr\/wp-json\/wp\/v2\/media?parent=1209"}],"wp:term":[{"taxonomy":"product_brand","embeddable":true,"href":"https:\/\/provence-materiaux-anciens.com\/fr\/wp-json\/wp\/v2\/product_brand?post=1209"},{"taxonomy":"product_cat","embeddable":true,"href":"https:\/\/provence-materiaux-anciens.com\/fr\/wp-json\/wp\/v2\/product_cat?post=1209"},{"taxonomy":"product_tag","embeddable":true,"href":"https:\/\/provence-materiaux-anciens.com\/fr\/wp-json\/wp\/v2\/product_tag?post=1209"}],"curies":[{"name":"wp","href":"https:\/\/api.w.org\/{rel}","templated":true}]}}