{"id":1252,"date":"2022-12-02T18:52:12","date_gmt":"2022-12-02T18:52:12","guid":{"rendered":"https:\/\/provence-materiaux-anciens.com\/?post_type=product&#038;p=1252"},"modified":"2024-03-06T08:56:42","modified_gmt":"2024-03-06T08:56:42","slug":"provence-cire","status":"publish","type":"product","link":"https:\/\/provence-materiaux-anciens.com\/fr\/produit\/sols\/traitement-des-sols\/provence-cire\/","title":{"rendered":"Provence cire"},"content":{"rendered":"","protected":false},"excerpt":{"rendered":"<p><span style=\"color: #800000;\"><strong>Provence Cire<\/strong><\/span> est une \u00e9mulsion lustrable \u00e0 base de cire de carnauba. Elle procure sur le sol un effet brillant sans avoir recours \u00e0 un lustrage m\u00e9canique.<\/p>\n<p><strong><span style=\"color: #800000;\">Provence Cire<\/span><\/strong> est indiqu\u00e9 pour les sols en marbre cristallis\u00e9s ou polis au plomb, les pierres assimil\u00e9es, les ardoises et granit.<\/p>\n<p>Elle peut \u00eatre aussi utilis\u00e9 pour prot\u00e9ger les sols souples, pour l\u2019entretien des sols en terre cuite trait\u00e9s avec <span style=\"color: #800000;\"><strong>Provence Primer<\/strong><\/span> et pour lustrer les parquets vitrifi\u00e9s avec <strong><span style=\"color: #800000;\">Provence Vitrificateur<\/span><\/strong> ou <span style=\"color: #800000;\"><strong>Provence Vitrificateur Opaque<\/strong><\/span>.<\/p>\n<p>Nous vous recommandons d\u2019utiliser\u00a0<span style=\"color: #800000;\"><strong>Provence Cire<\/strong><\/span>\u00a0avec notre brosse sp\u00e9ciale traitement.<\/p>\n<p>Une notice d\u2019utilisation et de s\u00e9curit\u00e9 vous sera fournie.<\/p>\n<p>Disponible en 1L ou 5L.<\/p>\n","protected":false},"featured_media":1688,"template":"","meta":{"_monsterinsights_skip_tracking":false,"_monsterinsights_sitenote_active":false,"_monsterinsights_sitenote_note":"","_monsterinsights_sitenote_category":0},"product_brand":[],"product_cat":[41],"product_tag":[],"class_list":{"0":"post-1252","1":"product","2":"type-product","3":"status-publish","4":"has-post-thumbnail","6":"product_cat-traitement-des-sols","8":"first","9":"instock","10":"shipping-taxable","11":"product-type-simple"},"yoast_head":"<!-- This site is optimized with the Yoast SEO Premium plugin v22.1 (Yoast SEO v24.6) - https:\/\/yoast.com\/wordpress\/plugins\/seo\/ -->\n<title>Provence cire - Provence Mat\u00e9riaux Anciens<\/title>\n<meta name=\"robots\" content=\"index, follow, max-snippet:-1, max-image-preview:large, max-video-preview:-1\" \/>\n<link rel=\"canonical\" href=\"https:\/\/provence-materiaux-anciens.com\/fr\/produit\/sols\/traitement-des-sols\/provence-cire\/\" \/>\n<meta property=\"og:locale\" content=\"fr_FR\" \/>\n<meta property=\"og:type\" content=\"article\" \/>\n<meta property=\"og:title\" content=\"Provence cire\" \/>\n<meta property=\"og:description\" content=\"Provence Cire est une \u00e9mulsion lustrable \u00e0 base de cire de carnauba. Elle procure sur le sol un effet brillant sans avoir recours \u00e0 un lustrage m\u00e9canique.  Provence Cire est indiqu\u00e9 pour les sols en marbre cristallis\u00e9s ou polis au plomb, les pierres assimil\u00e9es, les ardoises et granit.  Elle peut \u00eatre aussi utilis\u00e9 pour prot\u00e9ger les sols souples, pour l\u2019entretien des sols en terre cuite trait\u00e9s avec Provence Primer et pour lustrer les parquets vitrifi\u00e9s avec Provence Vitrificateur ou Provence Vitrificateur Opaque.  Nous vous recommandons d\u2019utiliser\u00a0Provence Cire\u00a0avec notre brosse sp\u00e9ciale traitement.  Une notice d\u2019utilisation et de s\u00e9curit\u00e9 vous sera fournie.  Disponible en 1L ou 5L.\" \/>\n<meta property=\"og:url\" content=\"https:\/\/provence-materiaux-anciens.com\/fr\/produit\/sols\/traitement-des-sols\/provence-cire\/\" \/>\n<meta property=\"og:site_name\" content=\"Provence Mat\u00e9riaux Anciens\" \/>\n<meta property=\"article:publisher\" content=\"https:\/\/www.facebook.com\/provencemateriauxanciens\" \/>\n<meta property=\"article:modified_time\" content=\"2024-03-06T08:56:42+00:00\" \/>\n<meta property=\"og:image\" content=\"https:\/\/provence-materiaux-anciens.com\/wp-content\/uploads\/2022\/12\/prov-cire.jpg\" \/>\n\t<meta property=\"og:image:width\" content=\"1512\" \/>\n\t<meta property=\"og:image:height\" content=\"2016\" \/>\n\t<meta property=\"og:image:type\" content=\"image\/jpeg\" \/>\n<meta name=\"twitter:card\" content=\"summary_large_image\" \/>\n<script type=\"application\/ld+json\" class=\"yoast-schema-graph\">{\"@context\":\"https:\/\/schema.org\",\"@graph\":[{\"@type\":\"WebPage\",\"@id\":\"https:\/\/provence-materiaux-anciens.com\/produit\/sols\/traitement-des-sols\/provence-cire\/\",\"url\":\"https:\/\/provence-materiaux-anciens.com\/produit\/sols\/traitement-des-sols\/provence-cire\/\",\"name\":\"Provence cire - Provence Mat\u00e9riaux Anciens\",\"isPartOf\":{\"@id\":\"https:\/\/provence-materiaux-anciens.com\/#website\"},\"primaryImageOfPage\":{\"@id\":\"https:\/\/provence-materiaux-anciens.com\/produit\/sols\/traitement-des-sols\/provence-cire\/#primaryimage\"},\"image\":{\"@id\":\"https:\/\/provence-materiaux-anciens.com\/produit\/sols\/traitement-des-sols\/provence-cire\/#primaryimage\"},\"thumbnailUrl\":\"https:\/\/provence-materiaux-anciens.com\/wp-content\/uploads\/2022\/12\/prov-cire.jpg\",\"datePublished\":\"2022-12-02T18:52:12+00:00\",\"dateModified\":\"2024-03-06T08:56:42+00:00\",\"breadcrumb\":{\"@id\":\"https:\/\/provence-materiaux-anciens.com\/produit\/sols\/traitement-des-sols\/provence-cire\/#breadcrumb\"},\"inLanguage\":\"fr-FR\",\"potentialAction\":[{\"@type\":\"ReadAction\",\"target\":[\"https:\/\/provence-materiaux-anciens.com\/produit\/sols\/traitement-des-sols\/provence-cire\/\"]}]},{\"@type\":\"ImageObject\",\"inLanguage\":\"fr-FR\",\"@id\":\"https:\/\/provence-materiaux-anciens.com\/produit\/sols\/traitement-des-sols\/provence-cire\/#primaryimage\",\"url\":\"https:\/\/provence-materiaux-anciens.com\/wp-content\/uploads\/2022\/12\/prov-cire.jpg\",\"contentUrl\":\"https:\/\/provence-materiaux-anciens.com\/wp-content\/uploads\/2022\/12\/prov-cire.jpg\",\"width\":1512,\"height\":2016,\"caption\":\"prov-cire\"},{\"@type\":\"BreadcrumbList\",\"@id\":\"https:\/\/provence-materiaux-anciens.com\/produit\/sols\/traitement-des-sols\/provence-cire\/#breadcrumb\",\"itemListElement\":[{\"@type\":\"ListItem\",\"position\":1,\"name\":\"Accueil\",\"item\":\"https:\/\/provence-materiaux-anciens.com\/fr\/\"},{\"@type\":\"ListItem\",\"position\":2,\"name\":\"Produits\",\"item\":\"https:\/\/provence-materiaux-anciens.com\/produit\/\"},{\"@type\":\"ListItem\",\"position\":3,\"name\":\"Provence cire\"}]},{\"@type\":\"WebSite\",\"@id\":\"https:\/\/provence-materiaux-anciens.com\/#website\",\"url\":\"https:\/\/provence-materiaux-anciens.com\/\",\"name\":\"Provence Mat\u00e9riaux Anciens\",\"description\":\"Achat et vente de mat\u00e9riaux anciens de construction, poutres, tuiles, planchers, charpentes, dallages, terres cuites.\",\"publisher\":{\"@id\":\"https:\/\/provence-materiaux-anciens.com\/#organization\"},\"potentialAction\":[{\"@type\":\"SearchAction\",\"target\":{\"@type\":\"EntryPoint\",\"urlTemplate\":\"https:\/\/provence-materiaux-anciens.com\/?s={search_term_string}\"},\"query-input\":{\"@type\":\"PropertyValueSpecification\",\"valueRequired\":true,\"valueName\":\"search_term_string\"}}],\"inLanguage\":\"fr-FR\"},{\"@type\":\"Organization\",\"@id\":\"https:\/\/provence-materiaux-anciens.com\/#organization\",\"name\":\"Provence Mat\u00e9riaux Anciens\",\"url\":\"https:\/\/provence-materiaux-anciens.com\/\",\"logo\":{\"@type\":\"ImageObject\",\"inLanguage\":\"fr-FR\",\"@id\":\"https:\/\/provence-materiaux-anciens.com\/#\/schema\/logo\/image\/\",\"url\":\"https:\/\/provence-materiaux-anciens.com\/wp-content\/uploads\/2022\/03\/cropped-logo-pma-web.png\",\"contentUrl\":\"https:\/\/provence-materiaux-anciens.com\/wp-content\/uploads\/2022\/03\/cropped-logo-pma-web.png\",\"width\":650,\"height\":434,\"caption\":\"Provence Mat\u00e9riaux Anciens\"},\"image\":{\"@id\":\"https:\/\/provence-materiaux-anciens.com\/#\/schema\/logo\/image\/\"},\"sameAs\":[\"https:\/\/www.facebook.com\/provencemateriauxanciens\",\"https:\/\/www.instagram.com\/provencemateriauxanciens\/\",\"https:\/\/www.pinterest.fr\/provencemateriauxanciens\/\"]}]}<\/script>\n<!-- \/ Yoast SEO Premium plugin. -->","yoast_head_json":{"title":"Provence cire - Provence Mat\u00e9riaux Anciens","robots":{"index":"index","follow":"follow","max-snippet":"max-snippet:-1","max-image-preview":"max-image-preview:large","max-video-preview":"max-video-preview:-1"},"canonical":"https:\/\/provence-materiaux-anciens.com\/fr\/produit\/sols\/traitement-des-sols\/provence-cire\/","og_locale":"fr_FR","og_type":"article","og_title":"Provence cire","og_description":"Provence Cire est une \u00e9mulsion lustrable \u00e0 base de cire de carnauba. Elle procure sur le sol un effet brillant sans avoir recours \u00e0 un lustrage m\u00e9canique.  Provence Cire est indiqu\u00e9 pour les sols en marbre cristallis\u00e9s ou polis au plomb, les pierres assimil\u00e9es, les ardoises et granit.  Elle peut \u00eatre aussi utilis\u00e9 pour prot\u00e9ger les sols souples, pour l\u2019entretien des sols en terre cuite trait\u00e9s avec Provence Primer et pour lustrer les parquets vitrifi\u00e9s avec Provence Vitrificateur ou Provence Vitrificateur Opaque.  Nous vous recommandons d\u2019utiliser\u00a0Provence Cire\u00a0avec notre brosse sp\u00e9ciale traitement.  Une notice d\u2019utilisation et de s\u00e9curit\u00e9 vous sera fournie.  Disponible en 1L ou 5L.","og_url":"https:\/\/provence-materiaux-anciens.com\/fr\/produit\/sols\/traitement-des-sols\/provence-cire\/","og_site_name":"Provence Mat\u00e9riaux Anciens","article_publisher":"https:\/\/www.facebook.com\/provencemateriauxanciens","article_modified_time":"2024-03-06T08:56:42+00:00","og_image":[{"width":1512,"height":2016,"url":"https:\/\/provence-materiaux-anciens.com\/wp-content\/uploads\/2022\/12\/prov-cire.jpg","type":"image\/jpeg"}],"twitter_card":"summary_large_image","schema":{"@context":"https:\/\/schema.org","@graph":[{"@type":"WebPage","@id":"https:\/\/provence-materiaux-anciens.com\/produit\/sols\/traitement-des-sols\/provence-cire\/","url":"https:\/\/provence-materiaux-anciens.com\/produit\/sols\/traitement-des-sols\/provence-cire\/","name":"Provence cire - Provence Mat\u00e9riaux Anciens","isPartOf":{"@id":"https:\/\/provence-materiaux-anciens.com\/#website"},"primaryImageOfPage":{"@id":"https:\/\/provence-materiaux-anciens.com\/produit\/sols\/traitement-des-sols\/provence-cire\/#primaryimage"},"image":{"@id":"https:\/\/provence-materiaux-anciens.com\/produit\/sols\/traitement-des-sols\/provence-cire\/#primaryimage"},"thumbnailUrl":"https:\/\/provence-materiaux-anciens.com\/wp-content\/uploads\/2022\/12\/prov-cire.jpg","datePublished":"2022-12-02T18:52:12+00:00","dateModified":"2024-03-06T08:56:42+00:00","breadcrumb":{"@id":"https:\/\/provence-materiaux-anciens.com\/produit\/sols\/traitement-des-sols\/provence-cire\/#breadcrumb"},"inLanguage":"fr-FR","potentialAction":[{"@type":"ReadAction","target":["https:\/\/provence-materiaux-anciens.com\/produit\/sols\/traitement-des-sols\/provence-cire\/"]}]},{"@type":"ImageObject","inLanguage":"fr-FR","@id":"https:\/\/provence-materiaux-anciens.com\/produit\/sols\/traitement-des-sols\/provence-cire\/#primaryimage","url":"https:\/\/provence-materiaux-anciens.com\/wp-content\/uploads\/2022\/12\/prov-cire.jpg","contentUrl":"https:\/\/provence-materiaux-anciens.com\/wp-content\/uploads\/2022\/12\/prov-cire.jpg","width":1512,"height":2016,"caption":"prov-cire"},{"@type":"BreadcrumbList","@id":"https:\/\/provence-materiaux-anciens.com\/produit\/sols\/traitement-des-sols\/provence-cire\/#breadcrumb","itemListElement":[{"@type":"ListItem","position":1,"name":"Accueil","item":"https:\/\/provence-materiaux-anciens.com\/fr\/"},{"@type":"ListItem","position":2,"name":"Produits","item":"https:\/\/provence-materiaux-anciens.com\/produit\/"},{"@type":"ListItem","position":3,"name":"Provence cire"}]},{"@type":"WebSite","@id":"https:\/\/provence-materiaux-anciens.com\/#website","url":"https:\/\/provence-materiaux-anciens.com\/","name":"Provence Mat\u00e9riaux Anciens","description":"Achat et vente de mat\u00e9riaux anciens de construction, poutres, tuiles, planchers, charpentes, dallages, terres cuites.","publisher":{"@id":"https:\/\/provence-materiaux-anciens.com\/#organization"},"potentialAction":[{"@type":"SearchAction","target":{"@type":"EntryPoint","urlTemplate":"https:\/\/provence-materiaux-anciens.com\/?s={search_term_string}"},"query-input":{"@type":"PropertyValueSpecification","valueRequired":true,"valueName":"search_term_string"}}],"inLanguage":"fr-FR"},{"@type":"Organization","@id":"https:\/\/provence-materiaux-anciens.com\/#organization","name":"Provence Mat\u00e9riaux Anciens","url":"https:\/\/provence-materiaux-anciens.com\/","logo":{"@type":"ImageObject","inLanguage":"fr-FR","@id":"https:\/\/provence-materiaux-anciens.com\/#\/schema\/logo\/image\/","url":"https:\/\/provence-materiaux-anciens.com\/wp-content\/uploads\/2022\/03\/cropped-logo-pma-web.png","contentUrl":"https:\/\/provence-materiaux-anciens.com\/wp-content\/uploads\/2022\/03\/cropped-logo-pma-web.png","width":650,"height":434,"caption":"Provence Mat\u00e9riaux Anciens"},"image":{"@id":"https:\/\/provence-materiaux-anciens.com\/#\/schema\/logo\/image\/"},"sameAs":["https:\/\/www.facebook.com\/provencemateriauxanciens","https:\/\/www.instagram.com\/provencemateriauxanciens\/","https:\/\/www.pinterest.fr\/provencemateriauxanciens\/"]}]}},"_links":{"self":[{"href":"https:\/\/provence-materiaux-anciens.com\/fr\/wp-json\/wp\/v2\/product\/1252","targetHints":{"allow":["GET"]}}],"collection":[{"href":"https:\/\/provence-materiaux-anciens.com\/fr\/wp-json\/wp\/v2\/product"}],"about":[{"href":"https:\/\/provence-materiaux-anciens.com\/fr\/wp-json\/wp\/v2\/types\/product"}],"wp:featuredmedia":[{"embeddable":true,"href":"https:\/\/provence-materiaux-anciens.com\/fr\/wp-json\/wp\/v2\/media\/1688"}],"wp:attachment":[{"href":"https:\/\/provence-materiaux-anciens.com\/fr\/wp-json\/wp\/v2\/media?parent=1252"}],"wp:term":[{"taxonomy":"product_brand","embeddable":true,"href":"https:\/\/provence-materiaux-anciens.com\/fr\/wp-json\/wp\/v2\/product_brand?post=1252"},{"taxonomy":"product_cat","embeddable":true,"href":"https:\/\/provence-materiaux-anciens.com\/fr\/wp-json\/wp\/v2\/product_cat?post=1252"},{"taxonomy":"product_tag","embeddable":true,"href":"https:\/\/provence-materiaux-anciens.com\/fr\/wp-json\/wp\/v2\/product_tag?post=1252"}],"curies":[{"name":"wp","href":"https:\/\/api.w.org\/{rel}","templated":true}]}}