{"id":1324,"date":"2022-12-02T18:52:24","date_gmt":"2022-12-02T18:52:24","guid":{"rendered":"https:\/\/provence-materiaux-anciens.com\/?post_type=product&#038;p=1324"},"modified":"2024-03-06T08:56:39","modified_gmt":"2024-03-06T08:56:39","slug":"vieilles-tomettes-rouges","status":"publish","type":"product","link":"https:\/\/provence-materiaux-anciens.com\/fr\/produit\/sols\/terre-cuite-ancienne\/tomettes-anciennes\/vieilles-tomettes-rouges\/","title":{"rendered":"Vieilles tomettes rouges"},"content":{"rendered":"<p><span style=\"font-weight: 400;\">En qu\u00eate d\u2019un rev\u00eatement de sol \u00e9l\u00e9gant, r\u00e9sistant et s\u00e9curis\u00e9 ?<\/span> <span style=\"font-weight: 400;\">Vous serez \u00e9merveill\u00e9 par<\/span> <span style=\"font-weight: 400;\">nos <\/span><b>Vieilles tomettes rouges !<\/b><\/p>\n<h3><b>Un rev\u00eatement ancien au design \u00e9l\u00e9gant !<\/b><\/h3>\n<p><span style=\"font-weight: 400;\">Quoi de mieux qu\u2019un rev\u00eatement \u00e0 base de terre cuite pour apporter un c\u00f4t\u00e9 vintage et \u00e9l\u00e9gant \u00e0 votre maison ? Les tomettes \u00e0 base de terre cuite ancienne n\u2019ont pas c\u00e9d\u00e9 \u00e0 l\u2019usure du temps et elles continuent de sublimer le sol de diff\u00e9rentes habitations.\u00a0<\/span><\/p>\n<p><span style=\"font-weight: 400;\">Ce qui est impressionnant avec ce rev\u00eatement, c\u2019est qu\u2019il a un aspect d\u00e9coratif incroyable. Votre domicile aura fi\u00e8re allure avec nos vieilles tomettes rouges, dont le charme ne laisse personne indiff\u00e9rent.\u00a0<\/span><\/p>\n<p><span style=\"font-weight: 400;\">Elles sont si belles qu\u2019elles peuvent \u00eatre associ\u00e9es \u00e0 des logements \u00e0 la d\u00e9coration rustique, moderne, minimaliste et bien d\u2019autres. Vous pourrez les installer dans n\u2019importe quelle pi\u00e8ce de votre habitat : cuisine, salon, salle de bain, v\u00e9randa, chambre \u00e0 coucher, etc.<\/span><\/p>\n<h3><b>Un rev\u00eatement r\u00e9sistant et s\u00e9curis\u00e9 !<\/b><\/h3>\n<p><span style=\"font-weight: 400;\">Les carreaux modernes sont tr\u00e8s glissants, particuli\u00e8rement lorsqu\u2019ils sont mouill\u00e9s. Cela peut \u00eatre tr\u00e8s g\u00eanant et devenir parfois tr\u00e8s dangereux pour les enfants en bas \u00e2ge et les personnes \u00e2g\u00e9es. Vous ne vivrez pas de tels d\u00e9sagr\u00e9ments avec nos Vieilles tomettes rouges, car elles sont <\/span><b>antid\u00e9rapantes<\/b><span style=\"font-weight: 400;\">.\u00a0<\/span><\/p>\n<p><span style=\"font-weight: 400;\">De plus, ni les moisissures, ni les bact\u00e9ries ne pourront alt\u00e9rer la qualit\u00e9 de ces tomettes, car elles sont tr\u00e8s r\u00e9sistantes. D\u00e8s lors, elles resteront bien en place pendant plusieurs ann\u00e9es pour votre plus grande satisfaction.\u00a0<\/span><\/p>\n<h3><b>Un entretien facile !<\/b><\/h3>\n<p><span style=\"font-weight: 400;\">La forme carr\u00e9e de nos <\/span><b>Vieilles tomettes rouges <\/b><span style=\"font-weight: 400;\">facilite leur entretien. Vous n\u2019aurez besoin que de quelques minutes pour les nettoyer en profondeur, y compris avec les joints. Pour les nettoyer, vous pouvez opter pour une m\u00e9thode naturelle en utilisant : de l\u2019eau, du savon noir, des cristaux de soude, du bicarbonate de soude, du dentifrice, etc.\u00a0<\/span><\/p>\n<p><span style=\"font-weight: 400;\">Toutefois, en fonction de vos go\u00fbts, vous pourrez les polir, les poncer ou les d\u00e9caper.<\/span><\/p>\n<p><span style=\"font-weight: 400;\">Choisir nos <\/span><b>Vieilles tomettes rouges, <\/b><span style=\"font-weight: 400;\">c\u2019est assurer \u00e0 votre maison un cadre de vie princier !<\/span><\/p>\n","protected":false},"excerpt":{"rendered":"<h2><span style=\"font-size: 14pt;\"><strong>Ref: <\/strong>Vieilles tomettes rouges <strong>(Fontainebleau car018)<\/strong><\/span><\/h2>\n<ul>\n<li><strong>Mat\u00e9riaux : <\/strong>Terre cuite ancienne<\/li>\n<li><strong>Dimensions :\u00a0<\/strong>entre 15 x 15 cm et 17 x 17 cm<\/li>\n<li><b>\u00c9paisseur<\/b> : 2.5 et 3 cm<\/li>\n<li><b>Disponibilit\u00e9<\/b> : Constante<\/li>\n<\/ul>\n<p>Tomettes anciennes panach\u00e9 ros\u00e9, rouge allant jusqu\u2019au marron, en terre cuite. Ces tomettes anciennes datent du XVIII\u00e8me et du XIX\u00e8me si\u00e8cle. Ces tomettes anciennes sont originaires de Bourgogne.<\/p>\n<p>Pour des tomettes anciennes dans des tons plus clairs, <a href=\"https:\/\/provence-materiaux-anciens.com\/produit\/sols\/terre-cuite-ancienne\/tomettes-anciennes\/vieilles-tomettes\/\">cliquez ici<\/a>.<\/p>\n<p>Nous vous recommandons de traiter les tomettes \u00ab\u00a0Fontainebleau\u00a0\u00bb avec notre produit <a href=\"https:\/\/provence-materiaux-anciens.com\/sols-anciens\/produits-de-traitement\/provence-primer\/\">Provence Primer<\/a>.<\/p>\n","protected":false},"featured_media":1565,"template":"","meta":{"_monsterinsights_skip_tracking":false,"_monsterinsights_sitenote_active":false,"_monsterinsights_sitenote_note":"","_monsterinsights_sitenote_category":0},"product_brand":[],"product_cat":[32,35,33],"product_tag":[],"class_list":{"0":"post-1324","1":"product","2":"type-product","3":"status-publish","4":"has-post-thumbnail","6":"product_cat-sols","7":"product_cat-tomettes-anciennes","8":"product_cat-terre-cuite-ancienne","10":"first","11":"instock","12":"shipping-taxable","13":"product-type-simple"},"yoast_head":"<!-- This site is optimized with the Yoast SEO Premium plugin v22.1 (Yoast SEO v24.6) - https:\/\/yoast.com\/wordpress\/plugins\/seo\/ -->\n<title>Vieilles tomettes rouges - Provence Mat\u00e9riaux Anciens<\/title>\n<meta name=\"robots\" content=\"index, follow, max-snippet:-1, max-image-preview:large, max-video-preview:-1\" \/>\n<link rel=\"canonical\" href=\"https:\/\/provence-materiaux-anciens.com\/fr\/produit\/sols\/terre-cuite-ancienne\/tomettes-anciennes\/vieilles-tomettes-rouges\/\" \/>\n<meta property=\"og:locale\" content=\"fr_FR\" \/>\n<meta property=\"og:type\" content=\"article\" \/>\n<meta property=\"og:title\" content=\"Vieilles tomettes rouges\" \/>\n<meta property=\"og:description\" content=\"Ref: Vieilles tomettes rouges (Fontainebleau car018)   Mat\u00e9riaux : Terre cuite ancienne  Dimensions :\u00a0entre 15 x 15 cm et 17 x 17 cm  \u00c9paisseur : 2.5 et 3 cm  Disponibilit\u00e9 : Constante  Tomettes anciennes panach\u00e9 ros\u00e9, rouge allant jusqu\u2019au marron, en terre cuite. Ces tomettes anciennes datent du XVIII\u00e8me et du XIX\u00e8me si\u00e8cle. Ces tomettes anciennes sont originaires de Bourgogne.  Pour des tomettes anciennes dans des tons plus clairs, cliquez ici.  Nous vous recommandons de traiter les tomettes &quot;Fontainebleau&quot; avec notre produit Provence Primer.\" \/>\n<meta property=\"og:url\" content=\"https:\/\/provence-materiaux-anciens.com\/fr\/produit\/sols\/terre-cuite-ancienne\/tomettes-anciennes\/vieilles-tomettes-rouges\/\" \/>\n<meta property=\"og:site_name\" content=\"Provence Mat\u00e9riaux Anciens\" \/>\n<meta property=\"article:publisher\" content=\"https:\/\/www.facebook.com\/provencemateriauxanciens\" \/>\n<meta property=\"article:modified_time\" content=\"2024-03-06T08:56:39+00:00\" \/>\n<meta property=\"og:image\" content=\"https:\/\/provence-materiaux-anciens.com\/wp-content\/uploads\/2022\/12\/vieilles-tomettes-rouges01.jpg\" \/>\n\t<meta property=\"og:image:width\" content=\"700\" \/>\n\t<meta property=\"og:image:height\" content=\"700\" \/>\n\t<meta property=\"og:image:type\" content=\"image\/jpeg\" \/>\n<meta name=\"twitter:card\" content=\"summary_large_image\" \/>\n<meta name=\"twitter:label1\" content=\"Dur\u00e9e de lecture estim\u00e9e\" \/>\n\t<meta name=\"twitter:data1\" content=\"2 minutes\" \/>\n<script type=\"application\/ld+json\" class=\"yoast-schema-graph\">{\"@context\":\"https:\/\/schema.org\",\"@graph\":[{\"@type\":\"WebPage\",\"@id\":\"https:\/\/provence-materiaux-anciens.com\/produit\/sols\/terre-cuite-ancienne\/tomettes-anciennes\/vieilles-tomettes-rouges\/\",\"url\":\"https:\/\/provence-materiaux-anciens.com\/produit\/sols\/terre-cuite-ancienne\/tomettes-anciennes\/vieilles-tomettes-rouges\/\",\"name\":\"Vieilles tomettes rouges - Provence Mat\u00e9riaux Anciens\",\"isPartOf\":{\"@id\":\"https:\/\/provence-materiaux-anciens.com\/#website\"},\"primaryImageOfPage\":{\"@id\":\"https:\/\/provence-materiaux-anciens.com\/produit\/sols\/terre-cuite-ancienne\/tomettes-anciennes\/vieilles-tomettes-rouges\/#primaryimage\"},\"image\":{\"@id\":\"https:\/\/provence-materiaux-anciens.com\/produit\/sols\/terre-cuite-ancienne\/tomettes-anciennes\/vieilles-tomettes-rouges\/#primaryimage\"},\"thumbnailUrl\":\"https:\/\/provence-materiaux-anciens.com\/wp-content\/uploads\/2022\/12\/vieilles-tomettes-rouges01.jpg\",\"datePublished\":\"2022-12-02T18:52:24+00:00\",\"dateModified\":\"2024-03-06T08:56:39+00:00\",\"breadcrumb\":{\"@id\":\"https:\/\/provence-materiaux-anciens.com\/produit\/sols\/terre-cuite-ancienne\/tomettes-anciennes\/vieilles-tomettes-rouges\/#breadcrumb\"},\"inLanguage\":\"fr-FR\",\"potentialAction\":[{\"@type\":\"ReadAction\",\"target\":[\"https:\/\/provence-materiaux-anciens.com\/produit\/sols\/terre-cuite-ancienne\/tomettes-anciennes\/vieilles-tomettes-rouges\/\"]}]},{\"@type\":\"ImageObject\",\"inLanguage\":\"fr-FR\",\"@id\":\"https:\/\/provence-materiaux-anciens.com\/produit\/sols\/terre-cuite-ancienne\/tomettes-anciennes\/vieilles-tomettes-rouges\/#primaryimage\",\"url\":\"https:\/\/provence-materiaux-anciens.com\/wp-content\/uploads\/2022\/12\/vieilles-tomettes-rouges01.jpg\",\"contentUrl\":\"https:\/\/provence-materiaux-anciens.com\/wp-content\/uploads\/2022\/12\/vieilles-tomettes-rouges01.jpg\",\"width\":700,\"height\":700,\"caption\":\"vieilles-tomettes-rouges01\"},{\"@type\":\"BreadcrumbList\",\"@id\":\"https:\/\/provence-materiaux-anciens.com\/produit\/sols\/terre-cuite-ancienne\/tomettes-anciennes\/vieilles-tomettes-rouges\/#breadcrumb\",\"itemListElement\":[{\"@type\":\"ListItem\",\"position\":1,\"name\":\"Accueil\",\"item\":\"https:\/\/provence-materiaux-anciens.com\/fr\/\"},{\"@type\":\"ListItem\",\"position\":2,\"name\":\"Produits\",\"item\":\"https:\/\/provence-materiaux-anciens.com\/produit\/\"},{\"@type\":\"ListItem\",\"position\":3,\"name\":\"Vieilles tomettes rouges\"}]},{\"@type\":\"WebSite\",\"@id\":\"https:\/\/provence-materiaux-anciens.com\/#website\",\"url\":\"https:\/\/provence-materiaux-anciens.com\/\",\"name\":\"Provence Mat\u00e9riaux Anciens\",\"description\":\"Achat et vente de mat\u00e9riaux anciens de construction, poutres, tuiles, planchers, charpentes, dallages, terres cuites.\",\"publisher\":{\"@id\":\"https:\/\/provence-materiaux-anciens.com\/#organization\"},\"potentialAction\":[{\"@type\":\"SearchAction\",\"target\":{\"@type\":\"EntryPoint\",\"urlTemplate\":\"https:\/\/provence-materiaux-anciens.com\/?s={search_term_string}\"},\"query-input\":{\"@type\":\"PropertyValueSpecification\",\"valueRequired\":true,\"valueName\":\"search_term_string\"}}],\"inLanguage\":\"fr-FR\"},{\"@type\":\"Organization\",\"@id\":\"https:\/\/provence-materiaux-anciens.com\/#organization\",\"name\":\"Provence Mat\u00e9riaux Anciens\",\"url\":\"https:\/\/provence-materiaux-anciens.com\/\",\"logo\":{\"@type\":\"ImageObject\",\"inLanguage\":\"fr-FR\",\"@id\":\"https:\/\/provence-materiaux-anciens.com\/#\/schema\/logo\/image\/\",\"url\":\"https:\/\/provence-materiaux-anciens.com\/wp-content\/uploads\/2022\/03\/cropped-logo-pma-web.png\",\"contentUrl\":\"https:\/\/provence-materiaux-anciens.com\/wp-content\/uploads\/2022\/03\/cropped-logo-pma-web.png\",\"width\":650,\"height\":434,\"caption\":\"Provence Mat\u00e9riaux Anciens\"},\"image\":{\"@id\":\"https:\/\/provence-materiaux-anciens.com\/#\/schema\/logo\/image\/\"},\"sameAs\":[\"https:\/\/www.facebook.com\/provencemateriauxanciens\",\"https:\/\/www.instagram.com\/provencemateriauxanciens\/\",\"https:\/\/www.pinterest.fr\/provencemateriauxanciens\/\"]}]}<\/script>\n<!-- \/ Yoast SEO Premium plugin. -->","yoast_head_json":{"title":"Vieilles tomettes rouges - Provence Mat\u00e9riaux Anciens","robots":{"index":"index","follow":"follow","max-snippet":"max-snippet:-1","max-image-preview":"max-image-preview:large","max-video-preview":"max-video-preview:-1"},"canonical":"https:\/\/provence-materiaux-anciens.com\/fr\/produit\/sols\/terre-cuite-ancienne\/tomettes-anciennes\/vieilles-tomettes-rouges\/","og_locale":"fr_FR","og_type":"article","og_title":"Vieilles tomettes rouges","og_description":"Ref: Vieilles tomettes rouges (Fontainebleau car018)   Mat\u00e9riaux : Terre cuite ancienne  Dimensions :\u00a0entre 15 x 15 cm et 17 x 17 cm  \u00c9paisseur : 2.5 et 3 cm  Disponibilit\u00e9 : Constante  Tomettes anciennes panach\u00e9 ros\u00e9, rouge allant jusqu\u2019au marron, en terre cuite. Ces tomettes anciennes datent du XVIII\u00e8me et du XIX\u00e8me si\u00e8cle. Ces tomettes anciennes sont originaires de Bourgogne.  Pour des tomettes anciennes dans des tons plus clairs, cliquez ici.  Nous vous recommandons de traiter les tomettes \"Fontainebleau\" avec notre produit Provence Primer.","og_url":"https:\/\/provence-materiaux-anciens.com\/fr\/produit\/sols\/terre-cuite-ancienne\/tomettes-anciennes\/vieilles-tomettes-rouges\/","og_site_name":"Provence Mat\u00e9riaux Anciens","article_publisher":"https:\/\/www.facebook.com\/provencemateriauxanciens","article_modified_time":"2024-03-06T08:56:39+00:00","og_image":[{"width":700,"height":700,"url":"https:\/\/provence-materiaux-anciens.com\/wp-content\/uploads\/2022\/12\/vieilles-tomettes-rouges01.jpg","type":"image\/jpeg"}],"twitter_card":"summary_large_image","twitter_misc":{"Dur\u00e9e de lecture estim\u00e9e":"2 minutes"},"schema":{"@context":"https:\/\/schema.org","@graph":[{"@type":"WebPage","@id":"https:\/\/provence-materiaux-anciens.com\/produit\/sols\/terre-cuite-ancienne\/tomettes-anciennes\/vieilles-tomettes-rouges\/","url":"https:\/\/provence-materiaux-anciens.com\/produit\/sols\/terre-cuite-ancienne\/tomettes-anciennes\/vieilles-tomettes-rouges\/","name":"Vieilles tomettes rouges - Provence Mat\u00e9riaux Anciens","isPartOf":{"@id":"https:\/\/provence-materiaux-anciens.com\/#website"},"primaryImageOfPage":{"@id":"https:\/\/provence-materiaux-anciens.com\/produit\/sols\/terre-cuite-ancienne\/tomettes-anciennes\/vieilles-tomettes-rouges\/#primaryimage"},"image":{"@id":"https:\/\/provence-materiaux-anciens.com\/produit\/sols\/terre-cuite-ancienne\/tomettes-anciennes\/vieilles-tomettes-rouges\/#primaryimage"},"thumbnailUrl":"https:\/\/provence-materiaux-anciens.com\/wp-content\/uploads\/2022\/12\/vieilles-tomettes-rouges01.jpg","datePublished":"2022-12-02T18:52:24+00:00","dateModified":"2024-03-06T08:56:39+00:00","breadcrumb":{"@id":"https:\/\/provence-materiaux-anciens.com\/produit\/sols\/terre-cuite-ancienne\/tomettes-anciennes\/vieilles-tomettes-rouges\/#breadcrumb"},"inLanguage":"fr-FR","potentialAction":[{"@type":"ReadAction","target":["https:\/\/provence-materiaux-anciens.com\/produit\/sols\/terre-cuite-ancienne\/tomettes-anciennes\/vieilles-tomettes-rouges\/"]}]},{"@type":"ImageObject","inLanguage":"fr-FR","@id":"https:\/\/provence-materiaux-anciens.com\/produit\/sols\/terre-cuite-ancienne\/tomettes-anciennes\/vieilles-tomettes-rouges\/#primaryimage","url":"https:\/\/provence-materiaux-anciens.com\/wp-content\/uploads\/2022\/12\/vieilles-tomettes-rouges01.jpg","contentUrl":"https:\/\/provence-materiaux-anciens.com\/wp-content\/uploads\/2022\/12\/vieilles-tomettes-rouges01.jpg","width":700,"height":700,"caption":"vieilles-tomettes-rouges01"},{"@type":"BreadcrumbList","@id":"https:\/\/provence-materiaux-anciens.com\/produit\/sols\/terre-cuite-ancienne\/tomettes-anciennes\/vieilles-tomettes-rouges\/#breadcrumb","itemListElement":[{"@type":"ListItem","position":1,"name":"Accueil","item":"https:\/\/provence-materiaux-anciens.com\/fr\/"},{"@type":"ListItem","position":2,"name":"Produits","item":"https:\/\/provence-materiaux-anciens.com\/produit\/"},{"@type":"ListItem","position":3,"name":"Vieilles tomettes rouges"}]},{"@type":"WebSite","@id":"https:\/\/provence-materiaux-anciens.com\/#website","url":"https:\/\/provence-materiaux-anciens.com\/","name":"Provence Mat\u00e9riaux Anciens","description":"Achat et vente de mat\u00e9riaux anciens de construction, poutres, tuiles, planchers, charpentes, dallages, terres cuites.","publisher":{"@id":"https:\/\/provence-materiaux-anciens.com\/#organization"},"potentialAction":[{"@type":"SearchAction","target":{"@type":"EntryPoint","urlTemplate":"https:\/\/provence-materiaux-anciens.com\/?s={search_term_string}"},"query-input":{"@type":"PropertyValueSpecification","valueRequired":true,"valueName":"search_term_string"}}],"inLanguage":"fr-FR"},{"@type":"Organization","@id":"https:\/\/provence-materiaux-anciens.com\/#organization","name":"Provence Mat\u00e9riaux Anciens","url":"https:\/\/provence-materiaux-anciens.com\/","logo":{"@type":"ImageObject","inLanguage":"fr-FR","@id":"https:\/\/provence-materiaux-anciens.com\/#\/schema\/logo\/image\/","url":"https:\/\/provence-materiaux-anciens.com\/wp-content\/uploads\/2022\/03\/cropped-logo-pma-web.png","contentUrl":"https:\/\/provence-materiaux-anciens.com\/wp-content\/uploads\/2022\/03\/cropped-logo-pma-web.png","width":650,"height":434,"caption":"Provence Mat\u00e9riaux Anciens"},"image":{"@id":"https:\/\/provence-materiaux-anciens.com\/#\/schema\/logo\/image\/"},"sameAs":["https:\/\/www.facebook.com\/provencemateriauxanciens","https:\/\/www.instagram.com\/provencemateriauxanciens\/","https:\/\/www.pinterest.fr\/provencemateriauxanciens\/"]}]}},"_links":{"self":[{"href":"https:\/\/provence-materiaux-anciens.com\/fr\/wp-json\/wp\/v2\/product\/1324","targetHints":{"allow":["GET"]}}],"collection":[{"href":"https:\/\/provence-materiaux-anciens.com\/fr\/wp-json\/wp\/v2\/product"}],"about":[{"href":"https:\/\/provence-materiaux-anciens.com\/fr\/wp-json\/wp\/v2\/types\/product"}],"wp:featuredmedia":[{"embeddable":true,"href":"https:\/\/provence-materiaux-anciens.com\/fr\/wp-json\/wp\/v2\/media\/1565"}],"wp:attachment":[{"href":"https:\/\/provence-materiaux-anciens.com\/fr\/wp-json\/wp\/v2\/media?parent=1324"}],"wp:term":[{"taxonomy":"product_brand","embeddable":true,"href":"https:\/\/provence-materiaux-anciens.com\/fr\/wp-json\/wp\/v2\/product_brand?post=1324"},{"taxonomy":"product_cat","embeddable":true,"href":"https:\/\/provence-materiaux-anciens.com\/fr\/wp-json\/wp\/v2\/product_cat?post=1324"},{"taxonomy":"product_tag","embeddable":true,"href":"https:\/\/provence-materiaux-anciens.com\/fr\/wp-json\/wp\/v2\/product_tag?post=1324"}],"curies":[{"name":"wp","href":"https:\/\/api.w.org\/{rel}","templated":true}]}}