{"id":1426,"date":"2022-12-02T18:52:47","date_gmt":"2022-12-02T18:52:47","guid":{"rendered":"https:\/\/provence-materiaux-anciens.com\/?post_type=product&#038;p=1426"},"modified":"2025-07-25T10:26:59","modified_gmt":"2025-07-25T10:26:59","slug":"bois-de-charpente-en-chene-francais-2","status":"publish","type":"product","link":"https:\/\/provence-materiaux-anciens.com\/fr\/produit\/charpente-vieux-bois\/chene-neuf\/bois-de-charpente-en-chene-francais-2\/","title":{"rendered":"Bois de charpente en ch\u00eane Fran\u00e7ais"},"content":{"rendered":"<h3>Le bois de charpente en ch\u00eane<\/h3>\n<p><strong>Le choix du bois de charpente en ch\u00eane est synonyme de durabilit\u00e9<\/strong> pour tout projet de construction. Avec sa r\u00e9putation de robustesse, le ch\u00eane est depuis longtemps le mat\u00e9riau de pr\u00e9dilection pour les <a href=\"https:\/\/provence-materiaux-anciens.com\/produit\/charpente-vieux-bois\/charpentes-vieux-chene\/vieille-charpente-chene\/\" target=\"\" rel=\"noopener\">charpentes en bois<\/a>. Il offre une combinaison parfaite de r\u00e9sistance, d&rsquo;esth\u00e9tique et de durabilit\u00e9.<\/p>\n<h4>LA R\u00c9SISTANCE DU CH\u00caNE<\/h4>\n<p>Le bois de ch\u00eane est r\u00e9put\u00e9 pour sa densit\u00e9 exceptionnelle et sa r\u00e9sistance naturelle aux intemp\u00e9ries, aux insectes et \u00e0 la pourriture. Ces caract\u00e9ristiques en font un mat\u00e9riau id\u00e9al pour les charpentes, offrant une <strong>stabilit\u00e9 et une solidit\u00e9 \u00e0 toute \u00e9preuve<\/strong>. Que ce soit pour soutenir un toit, une terrasse ou une structure ext\u00e9rieure, le ch\u00eane est la solution qui garantit la long\u00e9vit\u00e9 de votre construction.<\/p>\n<h4>LE GRAIN DISTINCTIF DU CH\u00caNE<\/h4>\n<p>En plus de sa r\u00e9sistance, le ch\u00eane est appr\u00e9ci\u00e9 pour sa beaut\u00e9 naturelle et son grain distinctif. Chaque pi\u00e8ce de bois pr\u00e9sente des variations subtiles de couleur, de texture et de motif. Cela cr\u00e9e ainsi des charpentes en bois qui sont \u00e0 la fois solides et uniques. Lorsqu&rsquo;il est utilis\u00e9 dans la construction d&rsquo;une charpente traditionnelle, le ch\u00eane apporte une touche d&rsquo;\u00e9l\u00e9gance intemporelle qui rehausse l&rsquo;ensemble de l&rsquo;architecture.<\/p>\n<p>Si vous souhaitez des poutres droites, nous vous conseillons de vous diriger vers la <a href=\"https:\/\/provence-materiaux-anciens.com\/produit\/charpente-vieux-bois\/charpentes-sapin-ancien\/poutres-anciennes-sapin\/\" target=\"\" rel=\"noopener\">poutre en sapin<\/a>.<\/p>\n<h3>La durabilit\u00e9 de la charpente en bois<\/h3>\n<p>Investir dans une charpente en ch\u00eane, c&rsquo;est <strong>investir dans la durabilit\u00e9 et la dur\u00e9e de vie de votre construction<\/strong>. Le ch\u00eane est un bois qui vieillit tr\u00e8s bien, d\u00e9veloppant une patine naturelle et acqu\u00e9rant encore plus de caract\u00e8re au fil du temps. Avec un entretien r\u00e9gulier, une charpente en ch\u00eane peut durer des d\u00e9cennies, voire des si\u00e8cles. Cela qui en fait donc un choix judicieux pour ceux qui recherchent un investissement \u00e0 long terme dans leur propri\u00e9t\u00e9.<\/p>\n<h3>Le choix de la provenance made in France<\/h3>\n<p><strong>En choisissant du ch\u00eane fran\u00e7ais pour votre charpente traditionnelle, nous privil\u00e9gions la qualit\u00e9 et l&rsquo;\u00e9cologie<\/strong>. Les for\u00eats de ch\u00eanes fran\u00e7aises sont g\u00e9r\u00e9es de mani\u00e8re responsable, garantissant ainsi la pr\u00e9servation de ces \u00e9cosyst\u00e8mes pr\u00e9cieux pour les g\u00e9n\u00e9rations futures. De plus, le ch\u00eane est un mat\u00e9riau renouvelable, ce qui en fait un choix respectueux de l&rsquo;environnement pour tout projet de construction.<\/p>\n<p><strong><a href=\"https:\/\/provence-materiaux-anciens.com\/contact\/\" target=\"\" rel=\"noopener\">Prenez contact avec nous<\/a> d\u00e8s maintenant<\/strong> pour discuter de votre projet de <a href=\"https:\/\/provence-materiaux-anciens.com\/categorie-produit\/charpente-vieux-bois\/\" target=\"\" rel=\"noopener\">charpente traditionnelle<\/a> avec notre bois de charpente fran\u00e7ais.<\/p>\n","protected":false},"excerpt":{"rendered":"<h2><span style=\"font-size: 14pt;\"><strong>Ref:<\/strong> Bois de charpente en ch\u00eane Fran\u00e7ais (Pou03)<\/span><\/h2>\n<p>Nous disposons en permanence d\u2019un important stock de bois de charpente en ch\u00eane Fran\u00e7ais. Nous nettoyons et traitons les poutres en ch\u00eane dans nos ateliers. <strong>Nos poutres neuves ponc\u00e9es en ch\u00eane permettent la fabrication de <a href=\"https:\/\/provence-materiaux-anciens.com\/categorie-produit\/charpente-vieux-bois\/\">charpentes traditionnelles<\/a>.<\/strong><\/p>\n<p>Nos charpentiers s\u2019adapteront \u00e0 vos demandes pour tous projets de structure avec nos bois de charpente en ch\u00eane Fran\u00e7ais.<\/p>\n<p>Les poutres en ch\u00eane ont la caract\u00e9ristique de pr\u00e9senter des irr\u00e9gularit\u00e9s. Si vous d\u00e9sirez des poutres droites nous vous conseillons de vous diriger vers des <a href=\"https:\/\/provence-materiaux-anciens.com\/produit\/charpente-vieux-bois\/charpentes-sapin-ancien\/poutres-anciennes-sapin\/\">poutres en sapin<\/a>.<\/p>\n<p><strong>DIMENSIONS<\/strong> :<\/p>\n<ul>\n<li>Jusqu&rsquo;\u00e0 5.5 m<\/li>\n<li>De 5.5 \u00e0 6.5 m<\/li>\n<li>De 6.5 \u00e0 7.5 m<\/li>\n<li>De 735 \u00e0 8.5 m<\/li>\n<li>+ sur Devis<\/li>\n<\/ul>\n","protected":false},"featured_media":4908,"template":"","meta":{"_monsterinsights_skip_tracking":false,"_monsterinsights_sitenote_active":false,"_monsterinsights_sitenote_note":"","_monsterinsights_sitenote_category":0},"product_brand":[],"product_cat":[27,57],"product_tag":[],"class_list":{"0":"post-1426","1":"product","2":"type-product","3":"status-publish","4":"has-post-thumbnail","6":"product_cat-charpente-vieux-bois","7":"product_cat-chene-neuf","9":"first","10":"instock","11":"shipping-taxable","12":"product-type-simple"},"yoast_head":"<!-- This site is optimized with the Yoast SEO Premium plugin v22.1 (Yoast SEO v24.6) - https:\/\/yoast.com\/wordpress\/plugins\/seo\/ -->\n<title>Bois de charpente en ch\u00eane Fran\u00e7ais - PMA<\/title>\n<meta name=\"description\" content=\"Nous vous proposons du bois de charpente en ch\u00eane fran\u00e7ais pour votre charpente traditionnelle. Le choix de la qualit\u00e9 et de l&#039;authenticit\u00e9\" \/>\n<meta name=\"robots\" content=\"index, follow, max-snippet:-1, max-image-preview:large, max-video-preview:-1\" \/>\n<link rel=\"canonical\" href=\"https:\/\/provence-materiaux-anciens.com\/fr\/produit\/charpente-vieux-bois\/chene-neuf\/bois-de-charpente-en-chene-francais-2\/\" \/>\n<meta property=\"og:locale\" content=\"fr_FR\" \/>\n<meta property=\"og:type\" content=\"article\" \/>\n<meta property=\"og:title\" content=\"Bois de charpente en ch\u00eane Fran\u00e7ais\" \/>\n<meta property=\"og:description\" content=\"Nous vous proposons du bois de charpente en ch\u00eane fran\u00e7ais pour votre charpente traditionnelle. Le choix de la qualit\u00e9 et de l&#039;authenticit\u00e9\" \/>\n<meta property=\"og:url\" content=\"https:\/\/provence-materiaux-anciens.com\/fr\/produit\/charpente-vieux-bois\/chene-neuf\/bois-de-charpente-en-chene-francais-2\/\" \/>\n<meta property=\"og:site_name\" content=\"Provence Mat\u00e9riaux Anciens\" \/>\n<meta property=\"article:publisher\" content=\"https:\/\/www.facebook.com\/provencemateriauxanciens\" \/>\n<meta property=\"article:modified_time\" content=\"2025-07-25T10:26:59+00:00\" \/>\n<meta property=\"og:image\" content=\"https:\/\/provence-materiaux-anciens.com\/wp-content\/uploads\/2022\/12\/20240612_162630-scaled.jpg\" \/>\n\t<meta property=\"og:image:width\" content=\"1920\" \/>\n\t<meta property=\"og:image:height\" content=\"2560\" \/>\n\t<meta property=\"og:image:type\" content=\"image\/jpeg\" \/>\n<meta name=\"twitter:card\" content=\"summary_large_image\" \/>\n<meta name=\"twitter:label1\" content=\"Dur\u00e9e de lecture estim\u00e9e\" \/>\n\t<meta name=\"twitter:data1\" content=\"3 minutes\" \/>\n<script type=\"application\/ld+json\" class=\"yoast-schema-graph\">{\"@context\":\"https:\/\/schema.org\",\"@graph\":[{\"@type\":\"WebPage\",\"@id\":\"https:\/\/provence-materiaux-anciens.com\/produit\/charpente-vieux-bois\/chene-neuf\/bois-de-charpente-en-chene-francais-2\/\",\"url\":\"https:\/\/provence-materiaux-anciens.com\/produit\/charpente-vieux-bois\/chene-neuf\/bois-de-charpente-en-chene-francais-2\/\",\"name\":\"Bois de charpente en ch\u00eane Fran\u00e7ais - PMA\",\"isPartOf\":{\"@id\":\"https:\/\/provence-materiaux-anciens.com\/#website\"},\"primaryImageOfPage\":{\"@id\":\"https:\/\/provence-materiaux-anciens.com\/produit\/charpente-vieux-bois\/chene-neuf\/bois-de-charpente-en-chene-francais-2\/#primaryimage\"},\"image\":{\"@id\":\"https:\/\/provence-materiaux-anciens.com\/produit\/charpente-vieux-bois\/chene-neuf\/bois-de-charpente-en-chene-francais-2\/#primaryimage\"},\"thumbnailUrl\":\"https:\/\/provence-materiaux-anciens.com\/wp-content\/uploads\/2022\/12\/20240612_162630-scaled.jpg\",\"datePublished\":\"2022-12-02T18:52:47+00:00\",\"dateModified\":\"2025-07-25T10:26:59+00:00\",\"description\":\"Nous vous proposons du bois de charpente en ch\u00eane fran\u00e7ais pour votre charpente traditionnelle. Le choix de la qualit\u00e9 et de l'authenticit\u00e9\",\"breadcrumb\":{\"@id\":\"https:\/\/provence-materiaux-anciens.com\/produit\/charpente-vieux-bois\/chene-neuf\/bois-de-charpente-en-chene-francais-2\/#breadcrumb\"},\"inLanguage\":\"fr-FR\",\"potentialAction\":[{\"@type\":\"ReadAction\",\"target\":[\"https:\/\/provence-materiaux-anciens.com\/produit\/charpente-vieux-bois\/chene-neuf\/bois-de-charpente-en-chene-francais-2\/\"]}]},{\"@type\":\"ImageObject\",\"inLanguage\":\"fr-FR\",\"@id\":\"https:\/\/provence-materiaux-anciens.com\/produit\/charpente-vieux-bois\/chene-neuf\/bois-de-charpente-en-chene-francais-2\/#primaryimage\",\"url\":\"https:\/\/provence-materiaux-anciens.com\/wp-content\/uploads\/2022\/12\/20240612_162630-scaled.jpg\",\"contentUrl\":\"https:\/\/provence-materiaux-anciens.com\/wp-content\/uploads\/2022\/12\/20240612_162630-scaled.jpg\",\"width\":1920,\"height\":2560},{\"@type\":\"BreadcrumbList\",\"@id\":\"https:\/\/provence-materiaux-anciens.com\/produit\/charpente-vieux-bois\/chene-neuf\/bois-de-charpente-en-chene-francais-2\/#breadcrumb\",\"itemListElement\":[{\"@type\":\"ListItem\",\"position\":1,\"name\":\"Accueil\",\"item\":\"https:\/\/provence-materiaux-anciens.com\/fr\/\"},{\"@type\":\"ListItem\",\"position\":2,\"name\":\"Produits\",\"item\":\"https:\/\/provence-materiaux-anciens.com\/produit\/\"},{\"@type\":\"ListItem\",\"position\":3,\"name\":\"Bois de charpente en ch\u00eane Fran\u00e7ais\"}]},{\"@type\":\"WebSite\",\"@id\":\"https:\/\/provence-materiaux-anciens.com\/#website\",\"url\":\"https:\/\/provence-materiaux-anciens.com\/\",\"name\":\"Provence Mat\u00e9riaux Anciens\",\"description\":\"Achat et vente de mat\u00e9riaux anciens de construction, poutres, tuiles, planchers, charpentes, dallages, terres cuites.\",\"publisher\":{\"@id\":\"https:\/\/provence-materiaux-anciens.com\/#organization\"},\"potentialAction\":[{\"@type\":\"SearchAction\",\"target\":{\"@type\":\"EntryPoint\",\"urlTemplate\":\"https:\/\/provence-materiaux-anciens.com\/?s={search_term_string}\"},\"query-input\":{\"@type\":\"PropertyValueSpecification\",\"valueRequired\":true,\"valueName\":\"search_term_string\"}}],\"inLanguage\":\"fr-FR\"},{\"@type\":\"Organization\",\"@id\":\"https:\/\/provence-materiaux-anciens.com\/#organization\",\"name\":\"Provence Mat\u00e9riaux Anciens\",\"url\":\"https:\/\/provence-materiaux-anciens.com\/\",\"logo\":{\"@type\":\"ImageObject\",\"inLanguage\":\"fr-FR\",\"@id\":\"https:\/\/provence-materiaux-anciens.com\/#\/schema\/logo\/image\/\",\"url\":\"https:\/\/provence-materiaux-anciens.com\/wp-content\/uploads\/2022\/03\/cropped-logo-pma-web.png\",\"contentUrl\":\"https:\/\/provence-materiaux-anciens.com\/wp-content\/uploads\/2022\/03\/cropped-logo-pma-web.png\",\"width\":650,\"height\":434,\"caption\":\"Provence Mat\u00e9riaux Anciens\"},\"image\":{\"@id\":\"https:\/\/provence-materiaux-anciens.com\/#\/schema\/logo\/image\/\"},\"sameAs\":[\"https:\/\/www.facebook.com\/provencemateriauxanciens\",\"https:\/\/www.instagram.com\/provencemateriauxanciens\/\",\"https:\/\/www.pinterest.fr\/provencemateriauxanciens\/\"]}]}<\/script>\n<!-- \/ Yoast SEO Premium plugin. -->","yoast_head_json":{"title":"Bois de charpente en ch\u00eane Fran\u00e7ais - PMA","description":"Nous vous proposons du bois de charpente en ch\u00eane fran\u00e7ais pour votre charpente traditionnelle. Le choix de la qualit\u00e9 et de l'authenticit\u00e9","robots":{"index":"index","follow":"follow","max-snippet":"max-snippet:-1","max-image-preview":"max-image-preview:large","max-video-preview":"max-video-preview:-1"},"canonical":"https:\/\/provence-materiaux-anciens.com\/fr\/produit\/charpente-vieux-bois\/chene-neuf\/bois-de-charpente-en-chene-francais-2\/","og_locale":"fr_FR","og_type":"article","og_title":"Bois de charpente en ch\u00eane Fran\u00e7ais","og_description":"Nous vous proposons du bois de charpente en ch\u00eane fran\u00e7ais pour votre charpente traditionnelle. Le choix de la qualit\u00e9 et de l'authenticit\u00e9","og_url":"https:\/\/provence-materiaux-anciens.com\/fr\/produit\/charpente-vieux-bois\/chene-neuf\/bois-de-charpente-en-chene-francais-2\/","og_site_name":"Provence Mat\u00e9riaux Anciens","article_publisher":"https:\/\/www.facebook.com\/provencemateriauxanciens","article_modified_time":"2025-07-25T10:26:59+00:00","og_image":[{"width":1920,"height":2560,"url":"https:\/\/provence-materiaux-anciens.com\/wp-content\/uploads\/2022\/12\/20240612_162630-scaled.jpg","type":"image\/jpeg"}],"twitter_card":"summary_large_image","twitter_misc":{"Dur\u00e9e de lecture estim\u00e9e":"3 minutes"},"schema":{"@context":"https:\/\/schema.org","@graph":[{"@type":"WebPage","@id":"https:\/\/provence-materiaux-anciens.com\/produit\/charpente-vieux-bois\/chene-neuf\/bois-de-charpente-en-chene-francais-2\/","url":"https:\/\/provence-materiaux-anciens.com\/produit\/charpente-vieux-bois\/chene-neuf\/bois-de-charpente-en-chene-francais-2\/","name":"Bois de charpente en ch\u00eane Fran\u00e7ais - PMA","isPartOf":{"@id":"https:\/\/provence-materiaux-anciens.com\/#website"},"primaryImageOfPage":{"@id":"https:\/\/provence-materiaux-anciens.com\/produit\/charpente-vieux-bois\/chene-neuf\/bois-de-charpente-en-chene-francais-2\/#primaryimage"},"image":{"@id":"https:\/\/provence-materiaux-anciens.com\/produit\/charpente-vieux-bois\/chene-neuf\/bois-de-charpente-en-chene-francais-2\/#primaryimage"},"thumbnailUrl":"https:\/\/provence-materiaux-anciens.com\/wp-content\/uploads\/2022\/12\/20240612_162630-scaled.jpg","datePublished":"2022-12-02T18:52:47+00:00","dateModified":"2025-07-25T10:26:59+00:00","description":"Nous vous proposons du bois de charpente en ch\u00eane fran\u00e7ais pour votre charpente traditionnelle. Le choix de la qualit\u00e9 et de l'authenticit\u00e9","breadcrumb":{"@id":"https:\/\/provence-materiaux-anciens.com\/produit\/charpente-vieux-bois\/chene-neuf\/bois-de-charpente-en-chene-francais-2\/#breadcrumb"},"inLanguage":"fr-FR","potentialAction":[{"@type":"ReadAction","target":["https:\/\/provence-materiaux-anciens.com\/produit\/charpente-vieux-bois\/chene-neuf\/bois-de-charpente-en-chene-francais-2\/"]}]},{"@type":"ImageObject","inLanguage":"fr-FR","@id":"https:\/\/provence-materiaux-anciens.com\/produit\/charpente-vieux-bois\/chene-neuf\/bois-de-charpente-en-chene-francais-2\/#primaryimage","url":"https:\/\/provence-materiaux-anciens.com\/wp-content\/uploads\/2022\/12\/20240612_162630-scaled.jpg","contentUrl":"https:\/\/provence-materiaux-anciens.com\/wp-content\/uploads\/2022\/12\/20240612_162630-scaled.jpg","width":1920,"height":2560},{"@type":"BreadcrumbList","@id":"https:\/\/provence-materiaux-anciens.com\/produit\/charpente-vieux-bois\/chene-neuf\/bois-de-charpente-en-chene-francais-2\/#breadcrumb","itemListElement":[{"@type":"ListItem","position":1,"name":"Accueil","item":"https:\/\/provence-materiaux-anciens.com\/fr\/"},{"@type":"ListItem","position":2,"name":"Produits","item":"https:\/\/provence-materiaux-anciens.com\/produit\/"},{"@type":"ListItem","position":3,"name":"Bois de charpente en ch\u00eane Fran\u00e7ais"}]},{"@type":"WebSite","@id":"https:\/\/provence-materiaux-anciens.com\/#website","url":"https:\/\/provence-materiaux-anciens.com\/","name":"Provence Mat\u00e9riaux Anciens","description":"Achat et vente de mat\u00e9riaux anciens de construction, poutres, tuiles, planchers, charpentes, dallages, terres cuites.","publisher":{"@id":"https:\/\/provence-materiaux-anciens.com\/#organization"},"potentialAction":[{"@type":"SearchAction","target":{"@type":"EntryPoint","urlTemplate":"https:\/\/provence-materiaux-anciens.com\/?s={search_term_string}"},"query-input":{"@type":"PropertyValueSpecification","valueRequired":true,"valueName":"search_term_string"}}],"inLanguage":"fr-FR"},{"@type":"Organization","@id":"https:\/\/provence-materiaux-anciens.com\/#organization","name":"Provence Mat\u00e9riaux Anciens","url":"https:\/\/provence-materiaux-anciens.com\/","logo":{"@type":"ImageObject","inLanguage":"fr-FR","@id":"https:\/\/provence-materiaux-anciens.com\/#\/schema\/logo\/image\/","url":"https:\/\/provence-materiaux-anciens.com\/wp-content\/uploads\/2022\/03\/cropped-logo-pma-web.png","contentUrl":"https:\/\/provence-materiaux-anciens.com\/wp-content\/uploads\/2022\/03\/cropped-logo-pma-web.png","width":650,"height":434,"caption":"Provence Mat\u00e9riaux Anciens"},"image":{"@id":"https:\/\/provence-materiaux-anciens.com\/#\/schema\/logo\/image\/"},"sameAs":["https:\/\/www.facebook.com\/provencemateriauxanciens","https:\/\/www.instagram.com\/provencemateriauxanciens\/","https:\/\/www.pinterest.fr\/provencemateriauxanciens\/"]}]}},"_links":{"self":[{"href":"https:\/\/provence-materiaux-anciens.com\/fr\/wp-json\/wp\/v2\/product\/1426","targetHints":{"allow":["GET"]}}],"collection":[{"href":"https:\/\/provence-materiaux-anciens.com\/fr\/wp-json\/wp\/v2\/product"}],"about":[{"href":"https:\/\/provence-materiaux-anciens.com\/fr\/wp-json\/wp\/v2\/types\/product"}],"wp:featuredmedia":[{"embeddable":true,"href":"https:\/\/provence-materiaux-anciens.com\/fr\/wp-json\/wp\/v2\/media\/4908"}],"wp:attachment":[{"href":"https:\/\/provence-materiaux-anciens.com\/fr\/wp-json\/wp\/v2\/media?parent=1426"}],"wp:term":[{"taxonomy":"product_brand","embeddable":true,"href":"https:\/\/provence-materiaux-anciens.com\/fr\/wp-json\/wp\/v2\/product_brand?post=1426"},{"taxonomy":"product_cat","embeddable":true,"href":"https:\/\/provence-materiaux-anciens.com\/fr\/wp-json\/wp\/v2\/product_cat?post=1426"},{"taxonomy":"product_tag","embeddable":true,"href":"https:\/\/provence-materiaux-anciens.com\/fr\/wp-json\/wp\/v2\/product_tag?post=1426"}],"curies":[{"name":"wp","href":"https:\/\/api.w.org\/{rel}","templated":true}]}}