{"id":1430,"date":"2022-12-02T18:52:47","date_gmt":"2022-12-02T18:52:47","guid":{"rendered":"https:\/\/provence-materiaux-anciens.com\/?post_type=product&#038;p=1430"},"modified":"2025-07-25T11:22:30","modified_gmt":"2025-07-25T11:22:30","slug":"reedition-tomette-hexagonale-rouge","status":"publish","type":"product","link":"https:\/\/provence-materiaux-anciens.com\/fr\/produit\/sols\/terre-cuite-ancienne\/tomettes-anciennes\/reedition-tomette-hexagonale-rouge\/","title":{"rendered":"Tomettes hexagonales rouges"},"content":{"rendered":"<p><span style=\"font-weight: 400;\">Vous \u00eates \u00e0 la recherche d\u2019un rev\u00eatement de sol solide, r\u00e9sistant aux intemp\u00e9ries et vintage ? Notre <\/span><b>R\u00e9\u00e9dition tomette hexagonale rouge<\/b><span style=\"font-weight: 400;\"> est ce qu\u2019il vous faut.<\/span><\/p>\n<h3><span style=\"font-weight: 400;\">Des Tomettes anciennes hexagonales pour apporter du charme \u00e0 votre domicile<\/span><\/h3>\n<p><span style=\"font-weight: 400;\">Si vous vous tournez vers des rev\u00eatements faits \u00e0 base de terre cuite ancienne, c\u2019est certainement parce que vous \u00eates conscient du charme qu\u2019ils apporteront \u00e0 votre domicile. La <\/span><b>R\u00e9\u00e9dition tomette hexagonale rouge<\/b><span style=\"font-weight: 400;\"> de Provence Mat\u00e9riaux Anciens fait partie des tomettes les plus appr\u00e9ci\u00e9es par nos clients.<\/span><\/p>\n<p><span style=\"font-weight: 400;\">Ces tomettes donneront un aspect \u00e9l\u00e9gant, chaleureux et accueillant \u00e0 votre maison. Gr\u00e2ce \u00e0 ces carreaux en terre cuite, vous pourrez donner un look unique \u00e0 votre logement.<\/span><\/p>\n<p><span style=\"font-weight: 400;\">Vous pouvez les utiliser pour le sol du s\u00e9jour, de la cuisine, des chambres \u00e0 coucher, du couloir, de la salle de bain et bien d\u2019autres.<\/span><\/p>\n<h3><span style=\"font-weight: 400;\">Optez pour un rev\u00eatement de sol esth\u00e9tique et d\u00e9coratif<\/span><\/h3>\n<p><span style=\"font-weight: 400;\">Notre <\/span><b>R\u00e9\u00e9dition tomette hexagonale rouge<\/b><span style=\"font-weight: 400;\"> est le type de carreaux qu\u2019il vous faut si vous avez besoin d\u2019avoir un <\/span><b>rev\u00eatement de sol atypique et facile \u00e0 accorder<\/b><span style=\"font-weight: 400;\">. Ce sont des carreaux que vous pourrez associer \u00e0 une d\u00e9coration moderne, contemporaine, minimaliste, scandinave et bien d\u2019autres.<\/span><\/p>\n<p><span style=\"font-weight: 400;\">Ces <\/span><b>tomettes anciennes de forme hexagonale<\/b><span style=\"font-weight: 400;\"> sont antid\u00e9rapantes et faciles \u00e0 poser. Vous pouvez les utiliser comme rev\u00eatement de sol interne et externe, car elles r\u00e9sistent bien aux intemp\u00e9ries.<\/span><\/p>\n<h3><span style=\"font-weight: 400;\">Des tomettes anciennes \u00e9cologiques<\/span><\/h3>\n<p><span style=\"font-weight: 400;\">Oui, nos vieilles tomettes sont faites \u00e0 base de mat\u00e9riaux naturels. D\u2019ailleurs, elles ont \u00e9t\u00e9 fabriqu\u00e9es \u00e0 partir de mat\u00e9riaux de construction anciens. De plus, elles peuvent \u00eatre recycl\u00e9es ou r\u00e9utilis\u00e9es \u00e0 la fin de leurs vies.<\/span><\/p>\n<h3><span style=\"font-weight: 400;\">Des tomettes hexagonales anciennes tr\u00e8s durables<\/span><\/h3>\n<p><span style=\"font-weight: 400;\">Nos tomettes hexagonales anciennes sont extr\u00eamement durables. Avec de bons gestes, vous pourrez les utiliser pendant de nombreuses ann\u00e9es, de g\u00e9n\u00e9ration en g\u00e9n\u00e9ration. Elles sont faites \u00e0 base de <\/span><b>mat\u00e9riaux de haute qualit\u00e9<\/b><span style=\"font-weight: 400;\"> et elles sont donc moins susceptibles de se casser ou de se fissurer.<\/span><\/p>\n<p><span style=\"font-weight: 400;\">Notre <\/span><b>R\u00e9\u00e9dition tomette hexagonale roug<\/b><span style=\"font-weight: 400;\">e est un choix de qualit\u00e9 pour tous ceux qui veulent un rev\u00eatement de sol authentique et durable.<\/span><\/p>\n","protected":false},"excerpt":{"rendered":"<h3><strong>Ref : HEXNATEFFE (Hexagone Naturel) ou HEXPATIN (Hexagone effet patin\u00e9)<br \/>\n<\/strong><\/h3>\n<ul>\n<li><strong>Mat\u00e9riaux<\/strong> : Terre cuite<\/li>\n<li><strong>Dimensions<\/strong> : 15 x 15 cm<\/li>\n<li><strong>\u00c9paisseur<\/strong> : 2 cm<\/li>\n<li><b>Disponibilit\u00e9<\/b> : Constante<\/li>\n<\/ul>\n<p>Tomettes hexagonales disponibles en grande quantit\u00e9. Carrelage en terre cuite de teinte ros\u00e9e rouge.<\/p>\n<p>Nous vous recommandons de traiter les tomettes avec notre produit <a href=\"https:\/\/provence-materiaux-anciens.com\/produit\/sols\/traitement-des-sols\/provence-primer\/\">Provence Primer<\/a>.<\/p>\n<p>Pour des tomettes plus anciennes, nous vous conseillons <a href=\"https:\/\/provence-materiaux-anciens.com\/sols-anciens\/terre-cuite-ancienne\/tomette\/tomettes-anciennes-hexagonales\/\">Tomettes Anciennes Hexagonales<\/a>.<\/p>\n","protected":false},"featured_media":1563,"template":"","meta":{"_monsterinsights_skip_tracking":false,"_monsterinsights_sitenote_active":false,"_monsterinsights_sitenote_note":"","_monsterinsights_sitenote_category":0},"product_brand":[],"product_cat":[32,35,33],"product_tag":[141,140],"class_list":{"0":"post-1430","1":"product","2":"type-product","3":"status-publish","4":"has-post-thumbnail","6":"product_cat-sols","7":"product_cat-tomettes-anciennes","8":"product_cat-terre-cuite-ancienne","9":"product_tag-hexagonales","10":"product_tag-tomettes","12":"first","13":"instock","14":"shipping-taxable","15":"product-type-simple"},"yoast_head":"<!-- This site is optimized with the Yoast SEO Premium plugin v22.1 (Yoast SEO v24.6) - https:\/\/yoast.com\/wordpress\/plugins\/seo\/ -->\n<title>Tomettes hexagonales rouges - Provence Mat\u00e9riaux Anciens<\/title>\n<meta name=\"robots\" content=\"index, follow, max-snippet:-1, max-image-preview:large, max-video-preview:-1\" \/>\n<link rel=\"canonical\" href=\"https:\/\/provence-materiaux-anciens.com\/fr\/produit\/sols\/terre-cuite-ancienne\/tomettes-anciennes\/reedition-tomette-hexagonale-rouge\/\" \/>\n<meta property=\"og:locale\" content=\"fr_FR\" \/>\n<meta property=\"og:type\" content=\"article\" \/>\n<meta property=\"og:title\" content=\"Tomettes hexagonales rouges\" \/>\n<meta property=\"og:description\" content=\"Ref : HEXNATEFFE (Hexagone Naturel) ou HEXPATIN (Hexagone effet patin\u00e9)    Mat\u00e9riaux : Terre cuite  Dimensions : 15 x 15 cm  \u00c9paisseur : 2 cm  Disponibilit\u00e9 : Constante  Tomettes hexagonales disponibles en grande quantit\u00e9. Carrelage en terre cuite de teinte ros\u00e9e rouge.  Nous vous recommandons de traiter les tomettes avec notre produit Provence Primer.  Pour des tomettes plus anciennes, nous vous conseillons Tomettes Anciennes Hexagonales.\" \/>\n<meta property=\"og:url\" content=\"https:\/\/provence-materiaux-anciens.com\/fr\/produit\/sols\/terre-cuite-ancienne\/tomettes-anciennes\/reedition-tomette-hexagonale-rouge\/\" \/>\n<meta property=\"og:site_name\" content=\"Provence Mat\u00e9riaux Anciens\" \/>\n<meta property=\"article:publisher\" content=\"https:\/\/www.facebook.com\/provencemateriauxanciens\" \/>\n<meta property=\"article:modified_time\" content=\"2025-07-25T11:22:30+00:00\" \/>\n<meta property=\"og:image\" content=\"https:\/\/provence-materiaux-anciens.com\/wp-content\/uploads\/2022\/12\/tomette-hexagonale-rouge01.jpg\" \/>\n\t<meta property=\"og:image:width\" content=\"700\" \/>\n\t<meta property=\"og:image:height\" content=\"700\" \/>\n\t<meta property=\"og:image:type\" content=\"image\/jpeg\" \/>\n<meta name=\"twitter:card\" content=\"summary_large_image\" \/>\n<meta name=\"twitter:label1\" content=\"Dur\u00e9e de lecture estim\u00e9e\" \/>\n\t<meta name=\"twitter:data1\" content=\"2 minutes\" \/>\n<script type=\"application\/ld+json\" class=\"yoast-schema-graph\">{\"@context\":\"https:\/\/schema.org\",\"@graph\":[{\"@type\":\"WebPage\",\"@id\":\"https:\/\/provence-materiaux-anciens.com\/produit\/sols\/terre-cuite-ancienne\/tomettes-anciennes\/reedition-tomette-hexagonale-rouge\/\",\"url\":\"https:\/\/provence-materiaux-anciens.com\/produit\/sols\/terre-cuite-ancienne\/tomettes-anciennes\/reedition-tomette-hexagonale-rouge\/\",\"name\":\"Tomettes hexagonales rouges - Provence Mat\u00e9riaux Anciens\",\"isPartOf\":{\"@id\":\"https:\/\/provence-materiaux-anciens.com\/#website\"},\"primaryImageOfPage\":{\"@id\":\"https:\/\/provence-materiaux-anciens.com\/produit\/sols\/terre-cuite-ancienne\/tomettes-anciennes\/reedition-tomette-hexagonale-rouge\/#primaryimage\"},\"image\":{\"@id\":\"https:\/\/provence-materiaux-anciens.com\/produit\/sols\/terre-cuite-ancienne\/tomettes-anciennes\/reedition-tomette-hexagonale-rouge\/#primaryimage\"},\"thumbnailUrl\":\"https:\/\/provence-materiaux-anciens.com\/wp-content\/uploads\/2022\/12\/tomette-hexagonale-rouge01.jpg\",\"datePublished\":\"2022-12-02T18:52:47+00:00\",\"dateModified\":\"2025-07-25T11:22:30+00:00\",\"breadcrumb\":{\"@id\":\"https:\/\/provence-materiaux-anciens.com\/produit\/sols\/terre-cuite-ancienne\/tomettes-anciennes\/reedition-tomette-hexagonale-rouge\/#breadcrumb\"},\"inLanguage\":\"fr-FR\",\"potentialAction\":[{\"@type\":\"ReadAction\",\"target\":[\"https:\/\/provence-materiaux-anciens.com\/produit\/sols\/terre-cuite-ancienne\/tomettes-anciennes\/reedition-tomette-hexagonale-rouge\/\"]}]},{\"@type\":\"ImageObject\",\"inLanguage\":\"fr-FR\",\"@id\":\"https:\/\/provence-materiaux-anciens.com\/produit\/sols\/terre-cuite-ancienne\/tomettes-anciennes\/reedition-tomette-hexagonale-rouge\/#primaryimage\",\"url\":\"https:\/\/provence-materiaux-anciens.com\/wp-content\/uploads\/2022\/12\/tomette-hexagonale-rouge01.jpg\",\"contentUrl\":\"https:\/\/provence-materiaux-anciens.com\/wp-content\/uploads\/2022\/12\/tomette-hexagonale-rouge01.jpg\",\"width\":700,\"height\":700,\"caption\":\"R\u00e9\u00e9dition tomette hexagonale rouge\"},{\"@type\":\"BreadcrumbList\",\"@id\":\"https:\/\/provence-materiaux-anciens.com\/produit\/sols\/terre-cuite-ancienne\/tomettes-anciennes\/reedition-tomette-hexagonale-rouge\/#breadcrumb\",\"itemListElement\":[{\"@type\":\"ListItem\",\"position\":1,\"name\":\"Accueil\",\"item\":\"https:\/\/provence-materiaux-anciens.com\/fr\/\"},{\"@type\":\"ListItem\",\"position\":2,\"name\":\"Produits\",\"item\":\"https:\/\/provence-materiaux-anciens.com\/produit\/\"},{\"@type\":\"ListItem\",\"position\":3,\"name\":\"Tomettes hexagonales rouges\"}]},{\"@type\":\"WebSite\",\"@id\":\"https:\/\/provence-materiaux-anciens.com\/#website\",\"url\":\"https:\/\/provence-materiaux-anciens.com\/\",\"name\":\"Provence Mat\u00e9riaux Anciens\",\"description\":\"Achat et vente de mat\u00e9riaux anciens de construction, poutres, tuiles, planchers, charpentes, dallages, terres cuites.\",\"publisher\":{\"@id\":\"https:\/\/provence-materiaux-anciens.com\/#organization\"},\"potentialAction\":[{\"@type\":\"SearchAction\",\"target\":{\"@type\":\"EntryPoint\",\"urlTemplate\":\"https:\/\/provence-materiaux-anciens.com\/?s={search_term_string}\"},\"query-input\":{\"@type\":\"PropertyValueSpecification\",\"valueRequired\":true,\"valueName\":\"search_term_string\"}}],\"inLanguage\":\"fr-FR\"},{\"@type\":\"Organization\",\"@id\":\"https:\/\/provence-materiaux-anciens.com\/#organization\",\"name\":\"Provence Mat\u00e9riaux Anciens\",\"url\":\"https:\/\/provence-materiaux-anciens.com\/\",\"logo\":{\"@type\":\"ImageObject\",\"inLanguage\":\"fr-FR\",\"@id\":\"https:\/\/provence-materiaux-anciens.com\/#\/schema\/logo\/image\/\",\"url\":\"https:\/\/provence-materiaux-anciens.com\/wp-content\/uploads\/2022\/03\/cropped-logo-pma-web.png\",\"contentUrl\":\"https:\/\/provence-materiaux-anciens.com\/wp-content\/uploads\/2022\/03\/cropped-logo-pma-web.png\",\"width\":650,\"height\":434,\"caption\":\"Provence Mat\u00e9riaux Anciens\"},\"image\":{\"@id\":\"https:\/\/provence-materiaux-anciens.com\/#\/schema\/logo\/image\/\"},\"sameAs\":[\"https:\/\/www.facebook.com\/provencemateriauxanciens\",\"https:\/\/www.instagram.com\/provencemateriauxanciens\/\",\"https:\/\/www.pinterest.fr\/provencemateriauxanciens\/\"]}]}<\/script>\n<!-- \/ Yoast SEO Premium plugin. -->","yoast_head_json":{"title":"Tomettes hexagonales rouges - Provence Mat\u00e9riaux Anciens","robots":{"index":"index","follow":"follow","max-snippet":"max-snippet:-1","max-image-preview":"max-image-preview:large","max-video-preview":"max-video-preview:-1"},"canonical":"https:\/\/provence-materiaux-anciens.com\/fr\/produit\/sols\/terre-cuite-ancienne\/tomettes-anciennes\/reedition-tomette-hexagonale-rouge\/","og_locale":"fr_FR","og_type":"article","og_title":"Tomettes hexagonales rouges","og_description":"Ref : HEXNATEFFE (Hexagone Naturel) ou HEXPATIN (Hexagone effet patin\u00e9)    Mat\u00e9riaux : Terre cuite  Dimensions : 15 x 15 cm  \u00c9paisseur : 2 cm  Disponibilit\u00e9 : Constante  Tomettes hexagonales disponibles en grande quantit\u00e9. Carrelage en terre cuite de teinte ros\u00e9e rouge.  Nous vous recommandons de traiter les tomettes avec notre produit Provence Primer.  Pour des tomettes plus anciennes, nous vous conseillons Tomettes Anciennes Hexagonales.","og_url":"https:\/\/provence-materiaux-anciens.com\/fr\/produit\/sols\/terre-cuite-ancienne\/tomettes-anciennes\/reedition-tomette-hexagonale-rouge\/","og_site_name":"Provence Mat\u00e9riaux Anciens","article_publisher":"https:\/\/www.facebook.com\/provencemateriauxanciens","article_modified_time":"2025-07-25T11:22:30+00:00","og_image":[{"width":700,"height":700,"url":"https:\/\/provence-materiaux-anciens.com\/wp-content\/uploads\/2022\/12\/tomette-hexagonale-rouge01.jpg","type":"image\/jpeg"}],"twitter_card":"summary_large_image","twitter_misc":{"Dur\u00e9e de lecture estim\u00e9e":"2 minutes"},"schema":{"@context":"https:\/\/schema.org","@graph":[{"@type":"WebPage","@id":"https:\/\/provence-materiaux-anciens.com\/produit\/sols\/terre-cuite-ancienne\/tomettes-anciennes\/reedition-tomette-hexagonale-rouge\/","url":"https:\/\/provence-materiaux-anciens.com\/produit\/sols\/terre-cuite-ancienne\/tomettes-anciennes\/reedition-tomette-hexagonale-rouge\/","name":"Tomettes hexagonales rouges - Provence Mat\u00e9riaux Anciens","isPartOf":{"@id":"https:\/\/provence-materiaux-anciens.com\/#website"},"primaryImageOfPage":{"@id":"https:\/\/provence-materiaux-anciens.com\/produit\/sols\/terre-cuite-ancienne\/tomettes-anciennes\/reedition-tomette-hexagonale-rouge\/#primaryimage"},"image":{"@id":"https:\/\/provence-materiaux-anciens.com\/produit\/sols\/terre-cuite-ancienne\/tomettes-anciennes\/reedition-tomette-hexagonale-rouge\/#primaryimage"},"thumbnailUrl":"https:\/\/provence-materiaux-anciens.com\/wp-content\/uploads\/2022\/12\/tomette-hexagonale-rouge01.jpg","datePublished":"2022-12-02T18:52:47+00:00","dateModified":"2025-07-25T11:22:30+00:00","breadcrumb":{"@id":"https:\/\/provence-materiaux-anciens.com\/produit\/sols\/terre-cuite-ancienne\/tomettes-anciennes\/reedition-tomette-hexagonale-rouge\/#breadcrumb"},"inLanguage":"fr-FR","potentialAction":[{"@type":"ReadAction","target":["https:\/\/provence-materiaux-anciens.com\/produit\/sols\/terre-cuite-ancienne\/tomettes-anciennes\/reedition-tomette-hexagonale-rouge\/"]}]},{"@type":"ImageObject","inLanguage":"fr-FR","@id":"https:\/\/provence-materiaux-anciens.com\/produit\/sols\/terre-cuite-ancienne\/tomettes-anciennes\/reedition-tomette-hexagonale-rouge\/#primaryimage","url":"https:\/\/provence-materiaux-anciens.com\/wp-content\/uploads\/2022\/12\/tomette-hexagonale-rouge01.jpg","contentUrl":"https:\/\/provence-materiaux-anciens.com\/wp-content\/uploads\/2022\/12\/tomette-hexagonale-rouge01.jpg","width":700,"height":700,"caption":"R\u00e9\u00e9dition tomette hexagonale rouge"},{"@type":"BreadcrumbList","@id":"https:\/\/provence-materiaux-anciens.com\/produit\/sols\/terre-cuite-ancienne\/tomettes-anciennes\/reedition-tomette-hexagonale-rouge\/#breadcrumb","itemListElement":[{"@type":"ListItem","position":1,"name":"Accueil","item":"https:\/\/provence-materiaux-anciens.com\/fr\/"},{"@type":"ListItem","position":2,"name":"Produits","item":"https:\/\/provence-materiaux-anciens.com\/produit\/"},{"@type":"ListItem","position":3,"name":"Tomettes hexagonales rouges"}]},{"@type":"WebSite","@id":"https:\/\/provence-materiaux-anciens.com\/#website","url":"https:\/\/provence-materiaux-anciens.com\/","name":"Provence Mat\u00e9riaux Anciens","description":"Achat et vente de mat\u00e9riaux anciens de construction, poutres, tuiles, planchers, charpentes, dallages, terres cuites.","publisher":{"@id":"https:\/\/provence-materiaux-anciens.com\/#organization"},"potentialAction":[{"@type":"SearchAction","target":{"@type":"EntryPoint","urlTemplate":"https:\/\/provence-materiaux-anciens.com\/?s={search_term_string}"},"query-input":{"@type":"PropertyValueSpecification","valueRequired":true,"valueName":"search_term_string"}}],"inLanguage":"fr-FR"},{"@type":"Organization","@id":"https:\/\/provence-materiaux-anciens.com\/#organization","name":"Provence Mat\u00e9riaux Anciens","url":"https:\/\/provence-materiaux-anciens.com\/","logo":{"@type":"ImageObject","inLanguage":"fr-FR","@id":"https:\/\/provence-materiaux-anciens.com\/#\/schema\/logo\/image\/","url":"https:\/\/provence-materiaux-anciens.com\/wp-content\/uploads\/2022\/03\/cropped-logo-pma-web.png","contentUrl":"https:\/\/provence-materiaux-anciens.com\/wp-content\/uploads\/2022\/03\/cropped-logo-pma-web.png","width":650,"height":434,"caption":"Provence Mat\u00e9riaux Anciens"},"image":{"@id":"https:\/\/provence-materiaux-anciens.com\/#\/schema\/logo\/image\/"},"sameAs":["https:\/\/www.facebook.com\/provencemateriauxanciens","https:\/\/www.instagram.com\/provencemateriauxanciens\/","https:\/\/www.pinterest.fr\/provencemateriauxanciens\/"]}]}},"_links":{"self":[{"href":"https:\/\/provence-materiaux-anciens.com\/fr\/wp-json\/wp\/v2\/product\/1430","targetHints":{"allow":["GET"]}}],"collection":[{"href":"https:\/\/provence-materiaux-anciens.com\/fr\/wp-json\/wp\/v2\/product"}],"about":[{"href":"https:\/\/provence-materiaux-anciens.com\/fr\/wp-json\/wp\/v2\/types\/product"}],"wp:featuredmedia":[{"embeddable":true,"href":"https:\/\/provence-materiaux-anciens.com\/fr\/wp-json\/wp\/v2\/media\/1563"}],"wp:attachment":[{"href":"https:\/\/provence-materiaux-anciens.com\/fr\/wp-json\/wp\/v2\/media?parent=1430"}],"wp:term":[{"taxonomy":"product_brand","embeddable":true,"href":"https:\/\/provence-materiaux-anciens.com\/fr\/wp-json\/wp\/v2\/product_brand?post=1430"},{"taxonomy":"product_cat","embeddable":true,"href":"https:\/\/provence-materiaux-anciens.com\/fr\/wp-json\/wp\/v2\/product_cat?post=1430"},{"taxonomy":"product_tag","embeddable":true,"href":"https:\/\/provence-materiaux-anciens.com\/fr\/wp-json\/wp\/v2\/product_tag?post=1430"}],"curies":[{"name":"wp","href":"https:\/\/api.w.org\/{rel}","templated":true}]}}