{"id":1432,"date":"2022-12-02T18:52:48","date_gmt":"2022-12-02T18:52:48","guid":{"rendered":"https:\/\/provence-materiaux-anciens.com\/?post_type=product&#038;p=1432"},"modified":"2024-03-06T08:56:38","modified_gmt":"2024-03-06T08:56:38","slug":"terre-cuite-en-chevrons","status":"publish","type":"product","link":"https:\/\/provence-materiaux-anciens.com\/fr\/produit\/sols\/terre-cuite-ancienne\/parefeuille-ancien\/terre-cuite-en-chevrons\/","title":{"rendered":"Terres cuites en chevrons"},"content":{"rendered":"<p><span style=\"font-weight: 400;\">D\u00e9couvrez notre <\/span><b>Terre cuite en chevrons<\/b><span style=\"font-weight: 400;\">, un rev\u00eatement de sol qui am\u00e9liorera le confort et le charme de votre cadre de vie !<\/span><\/p>\n<h3><b>Un rev\u00eatement 100% naturel<\/b><\/h3>\n<p><span style=\"font-weight: 400;\">Pour vos projets de construction, ou de r\u00e9novation, vous ferez bien d\u2019opter pour ce rev\u00eatement qui a la particularit\u00e9 d\u2019\u00eatre \u00e9colo. C\u2019est un rev\u00eatement respectueux de la nature, car il a \u00e9t\u00e9 fabriqu\u00e9 \u00e0 partir de terre cuite ancienne. Il ne d\u00e9gage aucun compos\u00e9 organique ni substance allerg\u00e8ne. Ce qui est un \u00e9l\u00e9ment tr\u00e8s important lorsqu\u2019on consid\u00e8re les dommages que subit l\u2019environnement depuis plusieurs ann\u00e9es.\u00a0<\/span><\/p>\n<h3><b>Optez pour un rev\u00eatement au design \u00e9l\u00e9gant et charmant<\/b><\/h3>\n<p><span style=\"font-weight: 400;\">Vous donnerez un look unique aux diff\u00e9rentes pi\u00e8ces de votre domicile avec notre Terre cuite en chevrons. Ces tomettes ont des teintes qui varient d\u2019un lot \u00e0 l\u2019autre. Elles procurent un charme et une \u00e9l\u00e9gance particuli\u00e8res \u00e0 toutes les pi\u00e8ces dans lesquelles elles sont pos\u00e9es.\u00a0<\/span><\/p>\n<p><span style=\"font-weight: 400;\">La <\/span><b>Terre cuite en chevrons <\/b><span style=\"font-weight: 400;\">de Provence Mat\u00e9riaux Anciens peut \u00eatre utilis\u00e9e comme rev\u00eatement du sol int\u00e9rieur ou ext\u00e9rieur.<\/span><\/p>\n<h3><b>Un isolant thermique naturel<\/b><\/h3>\n<p><span style=\"font-weight: 400;\">Avec notre <strong>Terre cuite en chevrons<\/strong>, vous pourrez optimiser le syst\u00e8me de chauffage de votre domicile. Ces tomettes sont fabriqu\u00e9es en terre cuite ancienne, chauff\u00e9es \u00e0 tr\u00e8s haute temp\u00e9rature. Elles permettront une plus grande conservation d\u2019\u00e9nergie pour le chauffage de votre maison. Vous pouvez imaginer \u00e0 quel point cela peut \u00eatre salvateur, particuli\u00e8rement en hiver o\u00f9 les temp\u00e9ratures sont assez basses. Cet isolant naturel vous aidera par cons\u00e9quent \u00e0 \u00e9conomiser sur les factures de chauffage.\u00a0<\/span><\/p>\n<h3><b>Des tomettes solides<\/b><\/h3>\n<p><span style=\"font-weight: 400;\">Fabriqu\u00e9 avec une \u00e9paisseur de 5 cm, notre <\/span><b>Terre cuite en chevrons <\/b><span style=\"font-weight: 400;\">est particuli\u00e8rement solide. Elle a la capacit\u00e9 de r\u00e9sister aux chocs et \u00e0 l\u2019usure. Vous pourrez l\u2019utiliser pendant des d\u00e9cennies, voire m\u00eame des si\u00e8cles.<\/span><\/p>\n<p><span style=\"font-weight: 400;\">Commandez notre <\/span><b>Terre cuite en chevrons, <\/b><span style=\"font-weight: 400;\">le meilleur choix de rev\u00eatement pour vos travaux de construction et de r\u00e9novation.<\/span><\/p>\n","protected":false},"excerpt":{"rendered":"<h2><span style=\"font-size: 14pt;\">Ref : Terre cuite en chevrons (N\u00eemes Car020)<\/span><\/h2>\n<ul>\n<li><strong>Mat\u00e9riaux<\/strong> : Terre cuite<\/li>\n<li><strong>Dimensions<\/strong> : 33cm x 2.5cm<\/li>\n<li><strong>\u00c9paisseur<\/strong> : 5 cm<\/li>\n<li><strong>Disponibilit\u00e9 :<\/strong> Constante<\/li>\n<\/ul>\n<p>&nbsp;<\/p>\n<p>Voici nos terres cuites en chevrons pour votre terrasse. Ils sont originaires du d\u00e9partement du Gard. A l\u2019\u00e9poque, ils \u00e9taient utilis\u00e9s en tant que volige et les tuiles \u00e9taient b\u00e2ties dessus.<\/p>\n<p>Ces terres cuites peuvent \u00eatre install\u00e9s \u00e0 l\u2019int\u00e9rieur et \u00e0 l\u2019ext\u00e9rieur de vos projets. Les chevrons en terre cuite ancienne ont des teintes qui varient d\u2019un lot \u00e0 l\u2019autre.<\/p>\n<p>Pour une approche plus ancienne, d\u00e9couvrez nos <a href=\"https:\/\/provence-materiaux-anciens.com\/produit\/sols\/terre-cuite-ancienne\/parefeuille-ancien\/parefeuille-ancien-scie\/\">vieux parefeuilles sci\u00e9s<\/a>.<\/p>\n","protected":false},"featured_media":3392,"template":"","meta":{"_monsterinsights_skip_tracking":false,"_monsterinsights_sitenote_active":false,"_monsterinsights_sitenote_note":"","_monsterinsights_sitenote_category":0},"product_brand":[],"product_cat":[34,32,33],"product_tag":[149,145],"class_list":{"0":"post-1432","1":"product","2":"type-product","3":"status-publish","4":"has-post-thumbnail","6":"product_cat-parefeuille-ancien","7":"product_cat-sols","8":"product_cat-terre-cuite-ancienne","9":"product_tag-chevron","10":"product_tag-terre-cuite","12":"first","13":"instock","14":"shipping-taxable","15":"product-type-simple"},"yoast_head":"<!-- This site is optimized with the Yoast SEO Premium plugin v22.1 (Yoast SEO v24.6) - https:\/\/yoast.com\/wordpress\/plugins\/seo\/ -->\n<title>Terres cuites en chevrons - Provence Mat\u00e9riaux Anciens<\/title>\n<meta name=\"robots\" content=\"index, follow, max-snippet:-1, max-image-preview:large, max-video-preview:-1\" \/>\n<link rel=\"canonical\" href=\"https:\/\/provence-materiaux-anciens.com\/fr\/produit\/sols\/terre-cuite-ancienne\/parefeuille-ancien\/terre-cuite-en-chevrons\/\" \/>\n<meta property=\"og:locale\" content=\"fr_FR\" \/>\n<meta property=\"og:type\" content=\"article\" \/>\n<meta property=\"og:title\" content=\"Terres cuites en chevrons\" \/>\n<meta property=\"og:description\" content=\"Ref : Terre cuite en chevrons (N\u00eemes Car020)   Mat\u00e9riaux : Terre cuite  Dimensions : 33cm x 2.5cm  \u00c9paisseur : 5 cm  Disponibilit\u00e9 : Constante  &nbsp;  Voici nos terres cuites en chevrons pour votre terrasse. Ils sont originaires du d\u00e9partement du Gard. A l\u2019\u00e9poque, ils \u00e9taient utilis\u00e9s en tant que volige et les tuiles \u00e9taient b\u00e2ties dessus.  Ces terres cuites peuvent \u00eatre install\u00e9s \u00e0 l\u2019int\u00e9rieur et \u00e0 l\u2019ext\u00e9rieur de vos projets. Les chevrons en terre cuite ancienne ont des teintes qui varient d\u2019un lot \u00e0 l\u2019autre.  Pour une approche plus ancienne, d\u00e9couvrez nos vieux parefeuilles sci\u00e9s.\" \/>\n<meta property=\"og:url\" content=\"https:\/\/provence-materiaux-anciens.com\/fr\/produit\/sols\/terre-cuite-ancienne\/parefeuille-ancien\/terre-cuite-en-chevrons\/\" \/>\n<meta property=\"og:site_name\" content=\"Provence Mat\u00e9riaux Anciens\" \/>\n<meta property=\"article:publisher\" content=\"https:\/\/www.facebook.com\/provencemateriauxanciens\" \/>\n<meta property=\"article:modified_time\" content=\"2024-03-06T08:56:38+00:00\" \/>\n<meta property=\"og:image\" content=\"https:\/\/provence-materiaux-anciens.com\/wp-content\/uploads\/2022\/12\/Terre-cuite-en-chevrons01-1.jpg\" \/>\n\t<meta property=\"og:image:width\" content=\"600\" \/>\n\t<meta property=\"og:image:height\" content=\"600\" \/>\n\t<meta property=\"og:image:type\" content=\"image\/jpeg\" \/>\n<meta name=\"twitter:card\" content=\"summary_large_image\" \/>\n<meta name=\"twitter:label1\" content=\"Dur\u00e9e de lecture estim\u00e9e\" \/>\n\t<meta name=\"twitter:data1\" content=\"2 minutes\" \/>\n<script type=\"application\/ld+json\" class=\"yoast-schema-graph\">{\"@context\":\"https:\/\/schema.org\",\"@graph\":[{\"@type\":\"WebPage\",\"@id\":\"https:\/\/provence-materiaux-anciens.com\/fr\/produit\/sols\/terre-cuite-ancienne\/parefeuille-ancien\/terre-cuite-en-chevrons\/\",\"url\":\"https:\/\/provence-materiaux-anciens.com\/fr\/produit\/sols\/terre-cuite-ancienne\/parefeuille-ancien\/terre-cuite-en-chevrons\/\",\"name\":\"Terres cuites en chevrons - Provence Mat\u00e9riaux Anciens\",\"isPartOf\":{\"@id\":\"https:\/\/provence-materiaux-anciens.com\/#website\"},\"primaryImageOfPage\":{\"@id\":\"https:\/\/provence-materiaux-anciens.com\/fr\/produit\/sols\/terre-cuite-ancienne\/parefeuille-ancien\/terre-cuite-en-chevrons\/#primaryimage\"},\"image\":{\"@id\":\"https:\/\/provence-materiaux-anciens.com\/fr\/produit\/sols\/terre-cuite-ancienne\/parefeuille-ancien\/terre-cuite-en-chevrons\/#primaryimage\"},\"thumbnailUrl\":\"https:\/\/provence-materiaux-anciens.com\/wp-content\/uploads\/2022\/12\/Terre-cuite-en-chevrons01-1.jpg\",\"datePublished\":\"2022-12-02T18:52:48+00:00\",\"dateModified\":\"2024-03-06T08:56:38+00:00\",\"breadcrumb\":{\"@id\":\"https:\/\/provence-materiaux-anciens.com\/fr\/produit\/sols\/terre-cuite-ancienne\/parefeuille-ancien\/terre-cuite-en-chevrons\/#breadcrumb\"},\"inLanguage\":\"fr-FR\",\"potentialAction\":[{\"@type\":\"ReadAction\",\"target\":[\"https:\/\/provence-materiaux-anciens.com\/fr\/produit\/sols\/terre-cuite-ancienne\/parefeuille-ancien\/terre-cuite-en-chevrons\/\"]}]},{\"@type\":\"ImageObject\",\"inLanguage\":\"fr-FR\",\"@id\":\"https:\/\/provence-materiaux-anciens.com\/fr\/produit\/sols\/terre-cuite-ancienne\/parefeuille-ancien\/terre-cuite-en-chevrons\/#primaryimage\",\"url\":\"https:\/\/provence-materiaux-anciens.com\/wp-content\/uploads\/2022\/12\/Terre-cuite-en-chevrons01-1.jpg\",\"contentUrl\":\"https:\/\/provence-materiaux-anciens.com\/wp-content\/uploads\/2022\/12\/Terre-cuite-en-chevrons01-1.jpg\",\"width\":600,\"height\":600,\"caption\":\"Terre cuite en chevrons\"},{\"@type\":\"BreadcrumbList\",\"@id\":\"https:\/\/provence-materiaux-anciens.com\/fr\/produit\/sols\/terre-cuite-ancienne\/parefeuille-ancien\/terre-cuite-en-chevrons\/#breadcrumb\",\"itemListElement\":[{\"@type\":\"ListItem\",\"position\":1,\"name\":\"Accueil\",\"item\":\"https:\/\/provence-materiaux-anciens.com\/fr\/\"},{\"@type\":\"ListItem\",\"position\":2,\"name\":\"Produits\",\"item\":\"https:\/\/provence-materiaux-anciens.com\/produit\/\"},{\"@type\":\"ListItem\",\"position\":3,\"name\":\"Terres cuites en chevrons\"}]},{\"@type\":\"WebSite\",\"@id\":\"https:\/\/provence-materiaux-anciens.com\/#website\",\"url\":\"https:\/\/provence-materiaux-anciens.com\/\",\"name\":\"Provence Mat\u00e9riaux Anciens\",\"description\":\"Achat et vente de mat\u00e9riaux anciens de construction, poutres, tuiles, planchers, charpentes, dallages, terres cuites.\",\"publisher\":{\"@id\":\"https:\/\/provence-materiaux-anciens.com\/#organization\"},\"potentialAction\":[{\"@type\":\"SearchAction\",\"target\":{\"@type\":\"EntryPoint\",\"urlTemplate\":\"https:\/\/provence-materiaux-anciens.com\/?s={search_term_string}\"},\"query-input\":{\"@type\":\"PropertyValueSpecification\",\"valueRequired\":true,\"valueName\":\"search_term_string\"}}],\"inLanguage\":\"fr-FR\"},{\"@type\":\"Organization\",\"@id\":\"https:\/\/provence-materiaux-anciens.com\/#organization\",\"name\":\"Provence Mat\u00e9riaux Anciens\",\"url\":\"https:\/\/provence-materiaux-anciens.com\/\",\"logo\":{\"@type\":\"ImageObject\",\"inLanguage\":\"fr-FR\",\"@id\":\"https:\/\/provence-materiaux-anciens.com\/#\/schema\/logo\/image\/\",\"url\":\"https:\/\/provence-materiaux-anciens.com\/wp-content\/uploads\/2022\/03\/cropped-logo-pma-web.png\",\"contentUrl\":\"https:\/\/provence-materiaux-anciens.com\/wp-content\/uploads\/2022\/03\/cropped-logo-pma-web.png\",\"width\":650,\"height\":434,\"caption\":\"Provence Mat\u00e9riaux Anciens\"},\"image\":{\"@id\":\"https:\/\/provence-materiaux-anciens.com\/#\/schema\/logo\/image\/\"},\"sameAs\":[\"https:\/\/www.facebook.com\/provencemateriauxanciens\",\"https:\/\/www.instagram.com\/provencemateriauxanciens\/\",\"https:\/\/www.pinterest.fr\/provencemateriauxanciens\/\"]}]}<\/script>\n<!-- \/ Yoast SEO Premium plugin. -->","yoast_head_json":{"title":"Terres cuites en chevrons - Provence Mat\u00e9riaux Anciens","robots":{"index":"index","follow":"follow","max-snippet":"max-snippet:-1","max-image-preview":"max-image-preview:large","max-video-preview":"max-video-preview:-1"},"canonical":"https:\/\/provence-materiaux-anciens.com\/fr\/produit\/sols\/terre-cuite-ancienne\/parefeuille-ancien\/terre-cuite-en-chevrons\/","og_locale":"fr_FR","og_type":"article","og_title":"Terres cuites en chevrons","og_description":"Ref : Terre cuite en chevrons (N\u00eemes Car020)   Mat\u00e9riaux : Terre cuite  Dimensions : 33cm x 2.5cm  \u00c9paisseur : 5 cm  Disponibilit\u00e9 : Constante  &nbsp;  Voici nos terres cuites en chevrons pour votre terrasse. Ils sont originaires du d\u00e9partement du Gard. A l\u2019\u00e9poque, ils \u00e9taient utilis\u00e9s en tant que volige et les tuiles \u00e9taient b\u00e2ties dessus.  Ces terres cuites peuvent \u00eatre install\u00e9s \u00e0 l\u2019int\u00e9rieur et \u00e0 l\u2019ext\u00e9rieur de vos projets. Les chevrons en terre cuite ancienne ont des teintes qui varient d\u2019un lot \u00e0 l\u2019autre.  Pour une approche plus ancienne, d\u00e9couvrez nos vieux parefeuilles sci\u00e9s.","og_url":"https:\/\/provence-materiaux-anciens.com\/fr\/produit\/sols\/terre-cuite-ancienne\/parefeuille-ancien\/terre-cuite-en-chevrons\/","og_site_name":"Provence Mat\u00e9riaux Anciens","article_publisher":"https:\/\/www.facebook.com\/provencemateriauxanciens","article_modified_time":"2024-03-06T08:56:38+00:00","og_image":[{"width":600,"height":600,"url":"https:\/\/provence-materiaux-anciens.com\/wp-content\/uploads\/2022\/12\/Terre-cuite-en-chevrons01-1.jpg","type":"image\/jpeg"}],"twitter_card":"summary_large_image","twitter_misc":{"Dur\u00e9e de lecture estim\u00e9e":"2 minutes"},"schema":{"@context":"https:\/\/schema.org","@graph":[{"@type":"WebPage","@id":"https:\/\/provence-materiaux-anciens.com\/fr\/produit\/sols\/terre-cuite-ancienne\/parefeuille-ancien\/terre-cuite-en-chevrons\/","url":"https:\/\/provence-materiaux-anciens.com\/fr\/produit\/sols\/terre-cuite-ancienne\/parefeuille-ancien\/terre-cuite-en-chevrons\/","name":"Terres cuites en chevrons - Provence Mat\u00e9riaux Anciens","isPartOf":{"@id":"https:\/\/provence-materiaux-anciens.com\/#website"},"primaryImageOfPage":{"@id":"https:\/\/provence-materiaux-anciens.com\/fr\/produit\/sols\/terre-cuite-ancienne\/parefeuille-ancien\/terre-cuite-en-chevrons\/#primaryimage"},"image":{"@id":"https:\/\/provence-materiaux-anciens.com\/fr\/produit\/sols\/terre-cuite-ancienne\/parefeuille-ancien\/terre-cuite-en-chevrons\/#primaryimage"},"thumbnailUrl":"https:\/\/provence-materiaux-anciens.com\/wp-content\/uploads\/2022\/12\/Terre-cuite-en-chevrons01-1.jpg","datePublished":"2022-12-02T18:52:48+00:00","dateModified":"2024-03-06T08:56:38+00:00","breadcrumb":{"@id":"https:\/\/provence-materiaux-anciens.com\/fr\/produit\/sols\/terre-cuite-ancienne\/parefeuille-ancien\/terre-cuite-en-chevrons\/#breadcrumb"},"inLanguage":"fr-FR","potentialAction":[{"@type":"ReadAction","target":["https:\/\/provence-materiaux-anciens.com\/fr\/produit\/sols\/terre-cuite-ancienne\/parefeuille-ancien\/terre-cuite-en-chevrons\/"]}]},{"@type":"ImageObject","inLanguage":"fr-FR","@id":"https:\/\/provence-materiaux-anciens.com\/fr\/produit\/sols\/terre-cuite-ancienne\/parefeuille-ancien\/terre-cuite-en-chevrons\/#primaryimage","url":"https:\/\/provence-materiaux-anciens.com\/wp-content\/uploads\/2022\/12\/Terre-cuite-en-chevrons01-1.jpg","contentUrl":"https:\/\/provence-materiaux-anciens.com\/wp-content\/uploads\/2022\/12\/Terre-cuite-en-chevrons01-1.jpg","width":600,"height":600,"caption":"Terre cuite en chevrons"},{"@type":"BreadcrumbList","@id":"https:\/\/provence-materiaux-anciens.com\/fr\/produit\/sols\/terre-cuite-ancienne\/parefeuille-ancien\/terre-cuite-en-chevrons\/#breadcrumb","itemListElement":[{"@type":"ListItem","position":1,"name":"Accueil","item":"https:\/\/provence-materiaux-anciens.com\/fr\/"},{"@type":"ListItem","position":2,"name":"Produits","item":"https:\/\/provence-materiaux-anciens.com\/produit\/"},{"@type":"ListItem","position":3,"name":"Terres cuites en chevrons"}]},{"@type":"WebSite","@id":"https:\/\/provence-materiaux-anciens.com\/#website","url":"https:\/\/provence-materiaux-anciens.com\/","name":"Provence Mat\u00e9riaux Anciens","description":"Achat et vente de mat\u00e9riaux anciens de construction, poutres, tuiles, planchers, charpentes, dallages, terres cuites.","publisher":{"@id":"https:\/\/provence-materiaux-anciens.com\/#organization"},"potentialAction":[{"@type":"SearchAction","target":{"@type":"EntryPoint","urlTemplate":"https:\/\/provence-materiaux-anciens.com\/?s={search_term_string}"},"query-input":{"@type":"PropertyValueSpecification","valueRequired":true,"valueName":"search_term_string"}}],"inLanguage":"fr-FR"},{"@type":"Organization","@id":"https:\/\/provence-materiaux-anciens.com\/#organization","name":"Provence Mat\u00e9riaux Anciens","url":"https:\/\/provence-materiaux-anciens.com\/","logo":{"@type":"ImageObject","inLanguage":"fr-FR","@id":"https:\/\/provence-materiaux-anciens.com\/#\/schema\/logo\/image\/","url":"https:\/\/provence-materiaux-anciens.com\/wp-content\/uploads\/2022\/03\/cropped-logo-pma-web.png","contentUrl":"https:\/\/provence-materiaux-anciens.com\/wp-content\/uploads\/2022\/03\/cropped-logo-pma-web.png","width":650,"height":434,"caption":"Provence Mat\u00e9riaux Anciens"},"image":{"@id":"https:\/\/provence-materiaux-anciens.com\/#\/schema\/logo\/image\/"},"sameAs":["https:\/\/www.facebook.com\/provencemateriauxanciens","https:\/\/www.instagram.com\/provencemateriauxanciens\/","https:\/\/www.pinterest.fr\/provencemateriauxanciens\/"]}]}},"_links":{"self":[{"href":"https:\/\/provence-materiaux-anciens.com\/fr\/wp-json\/wp\/v2\/product\/1432","targetHints":{"allow":["GET"]}}],"collection":[{"href":"https:\/\/provence-materiaux-anciens.com\/fr\/wp-json\/wp\/v2\/product"}],"about":[{"href":"https:\/\/provence-materiaux-anciens.com\/fr\/wp-json\/wp\/v2\/types\/product"}],"wp:featuredmedia":[{"embeddable":true,"href":"https:\/\/provence-materiaux-anciens.com\/fr\/wp-json\/wp\/v2\/media\/3392"}],"wp:attachment":[{"href":"https:\/\/provence-materiaux-anciens.com\/fr\/wp-json\/wp\/v2\/media?parent=1432"}],"wp:term":[{"taxonomy":"product_brand","embeddable":true,"href":"https:\/\/provence-materiaux-anciens.com\/fr\/wp-json\/wp\/v2\/product_brand?post=1432"},{"taxonomy":"product_cat","embeddable":true,"href":"https:\/\/provence-materiaux-anciens.com\/fr\/wp-json\/wp\/v2\/product_cat?post=1432"},{"taxonomy":"product_tag","embeddable":true,"href":"https:\/\/provence-materiaux-anciens.com\/fr\/wp-json\/wp\/v2\/product_tag?post=1432"}],"curies":[{"name":"wp","href":"https:\/\/api.w.org\/{rel}","templated":true}]}}