{"id":1558,"date":"2022-12-08T17:31:38","date_gmt":"2022-12-08T17:31:38","guid":{"rendered":"https:\/\/provence-materiaux-anciens.com\/?post_type=product&#038;p=1558"},"modified":"2024-03-06T08:56:38","modified_gmt":"2024-03-06T08:56:38","slug":"parefeuille-ancien-scie","status":"publish","type":"product","link":"https:\/\/provence-materiaux-anciens.com\/fr\/produit\/sols\/terre-cuite-ancienne\/parefeuille-ancien\/parefeuille-ancien-scie\/","title":{"rendered":"Parefeuilles anciens sci\u00e9s"},"content":{"rendered":"<p><span style=\"font-weight: 400;\">Vous recherchez un rev\u00eatement de sol sophistiqu\u00e9 pour vos maisons en campagne ou en m\u00e9tropole ? Notre <\/span><b>Parefeuille ancien sci\u00e9<\/b><span style=\"font-weight: 400;\"> fera l\u2019affaire !<\/span><\/p>\n<h3><b>Optez pour un rev\u00eatement de sol solide et r\u00e9sistant<\/b><\/h3>\n<p><span style=\"font-weight: 400;\">Un rev\u00eatement de sol c\u2019est bien, mais un rev\u00eatement solide et r\u00e9sistant, c\u2019est encore mieux. Ce rev\u00eatement, fabriqu\u00e9 \u00e0 partir de <\/span><b>terre cuite ancienne<\/b><span style=\"font-weight: 400;\">, est capable de r\u00e9sister \u00e0 divers chocs. En effet, la solidit\u00e9 de ces tomettes vient du fait qu\u2019elles sont cuites \u00e0 de tr\u00e8s hautes temp\u00e9ratures. Vous direz adieu aux cassures et fissures fr\u00e9quentes avec les carreaux modernes.<\/span><\/p>\n<p><span style=\"font-weight: 400;\">Notre Parefeuille ancien sci\u00e9 se caract\u00e9rise aussi par sa r\u00e9sistance, notamment face aux intemp\u00e9ries. Il poss\u00e8de entre 2,5 et 3 cm d\u2019\u00e9paisseur. Par cons\u00e9quent, il est parfait comme rev\u00eatement ext\u00e9rieur.\u00a0<\/span><\/p>\n<h3><b>L\u2019esth\u00e9tisme au rendez-vous !<\/b><\/h3>\n<p><span style=\"font-weight: 400;\">Joindre l\u2019utile \u00e0 l\u2019agr\u00e9able, c\u2019est exactement ce que vous ferez en choisissant notre Parefeuille ancien sci\u00e9. Son design original fait de ce rev\u00eatement l\u2019un des plus pris\u00e9s. Install\u00e9es dans votre salon, chambre \u00e0 coucher, cuisine, ou m\u00eame dans votre salle de bain, ces parefeuilles apporteront un charme unique \u00e0 vos pi\u00e8ces.\u00a0<\/span><\/p>\n<h3><b>Un rev\u00eatement pour les amoureux de la nature<\/b><\/h3>\n<p><span style=\"font-weight: 400;\">Que vous soyez en campagne ou en ville, vous pouvez marquer votre amour pour la nature \u00e0 travers notre <\/span><b>Parefeuille ancien sci\u00e9<\/b><span style=\"font-weight: 400;\">. Comme vous le savez, ces parefeuilles sont fabriqu\u00e9s en terre cuite ancienne. Par cons\u00e9quent, ils ne constituent aucun risque pour l\u2019environnement.\u00a0<\/span><\/p>\n<p><span style=\"font-weight: 400;\">Bien au contraire, elles sont une belle alternative pour la protection de la nature et de l\u2019environnement. Sans rien enlever au charme de votre maison, vous participerez \u00e0 votre mani\u00e8re \u00e0 la protection de l\u2019environnement.\u00a0<\/span><\/p>\n<p><span style=\"font-weight: 400;\">Choisissez notre <\/span><b>Parefeuille ancien sci\u00e9, <\/b><span style=\"font-weight: 400;\">pour transformer votre cadre de vie en un v\u00e9ritable paradis terrestre !<\/span><\/p>\n","protected":false},"excerpt":{"rendered":"<div class=\"elementor-element elementor-element-13797b53 elementor-widget elementor-widget-woocommerce-product-short-description\" data-id=\"13797b53\" data-element_type=\"widget\" data-widget_type=\"woocommerce-product-short-description.default\">\n<div class=\"elementor-widget-container\">\n<div class=\"woocommerce-product-details__short-description\">\n<h2><strong>Ref: <\/strong>parefeuille en chevrons (car017)<\/h2>\n<ul>\n<li><strong>Mat\u00e9riaux<\/strong> : Terre cuite de r\u00e9cup\u00e9ration<\/li>\n<li><b>Longueur<\/b> : 33 cm<\/li>\n<li><b>Largeur <\/b>: 6.5 cm<\/li>\n<li><b>\u00c9paisseur<\/b> : 2.5 \u00e0 3 cm<\/li>\n<li><b>Disponibilit\u00e9<\/b> : Constante<\/li>\n<\/ul>\n<p>&nbsp;<\/p>\n<p>Parefeuille ancien sci\u00e9 pour terrasse. Ce parefeuille ancien, fa\u00e7onn\u00e9 \u00e0 la main, date du XIX\u00e8me si\u00e8cle et est originaire du d\u00e9partement du <a href=\"https:\/\/fr.wikipedia.org\/wiki\/Gard\">Gard<\/a>. A l\u2019\u00e9poque, les vieux parefeuilles \u00e9taient utilis\u00e9s en tant que volige et les tuiles \u00e9taient b\u00e2ties dessus. Les parefeuilles anciens peuvent \u00eatre install\u00e9s \u00e0 l\u2019int\u00e9rieur et \u00e0 l\u2019ext\u00e9rieur de vos projets. Les parefeuilles en terre cuite ancienne ont des teintes qui varient d\u2019un lot \u00e0 l\u2019autre.<\/p>\n<p>D\u00e9couvrez nos <a href=\"https:\/\/provence-materiaux-anciens.com\/produit\/parefeuille-ancien\/\">vieux parefeuilles non sci\u00e9s<\/a>.<\/p>\n<\/div>\n<\/div>\n<\/div>\n","protected":false},"featured_media":3388,"template":"","meta":{"_monsterinsights_skip_tracking":false,"_monsterinsights_sitenote_active":false,"_monsterinsights_sitenote_note":"","_monsterinsights_sitenote_category":0},"product_brand":[],"product_cat":[34,32,33],"product_tag":[148,146,147],"class_list":{"0":"post-1558","1":"product","2":"type-product","3":"status-publish","4":"has-post-thumbnail","6":"product_cat-parefeuille-ancien","7":"product_cat-sols","8":"product_cat-terre-cuite-ancienne","9":"product_tag-ancien","10":"product_tag-parefeuille","11":"product_tag-scie","13":"first","14":"instock","15":"shipping-taxable","16":"product-type-simple"},"yoast_head":"<!-- This site is optimized with the Yoast SEO Premium plugin v22.1 (Yoast SEO v24.6) - https:\/\/yoast.com\/wordpress\/plugins\/seo\/ -->\n<title>Parefeuilles anciens sci\u00e9s - Provence Mat\u00e9riaux Anciens<\/title>\n<meta name=\"robots\" content=\"index, follow, max-snippet:-1, max-image-preview:large, max-video-preview:-1\" \/>\n<link rel=\"canonical\" href=\"https:\/\/provence-materiaux-anciens.com\/fr\/produit\/sols\/terre-cuite-ancienne\/parefeuille-ancien\/parefeuille-ancien-scie\/\" \/>\n<meta property=\"og:locale\" content=\"fr_FR\" \/>\n<meta property=\"og:type\" content=\"article\" \/>\n<meta property=\"og:title\" content=\"Parefeuilles anciens sci\u00e9s\" \/>\n<meta property=\"og:description\" content=\"Ref: parefeuille en chevrons (car017)   Mat\u00e9riaux : Terre cuite de r\u00e9cup\u00e9ration  Longueur : 33 cm  Largeur : 6.5 cm  \u00c9paisseur : 2.5 \u00e0 3 cm  Disponibilit\u00e9 : Constante  &nbsp;  Parefeuille ancien sci\u00e9 pour terrasse. Ce parefeuille ancien, fa\u00e7onn\u00e9 \u00e0 la main, date du XIX\u00e8me si\u00e8cle et est originaire du d\u00e9partement du Gard. A l\u2019\u00e9poque, les vieux parefeuilles \u00e9taient utilis\u00e9s en tant que volige et les tuiles \u00e9taient b\u00e2ties dessus. Les parefeuilles anciens peuvent \u00eatre install\u00e9s \u00e0 l\u2019int\u00e9rieur et \u00e0 l\u2019ext\u00e9rieur de vos projets. Les parefeuilles en terre cuite ancienne ont des teintes qui varient d\u2019un lot \u00e0 l\u2019autre.  D\u00e9couvrez nos vieux parefeuilles non sci\u00e9s.\" \/>\n<meta property=\"og:url\" content=\"https:\/\/provence-materiaux-anciens.com\/fr\/produit\/sols\/terre-cuite-ancienne\/parefeuille-ancien\/parefeuille-ancien-scie\/\" \/>\n<meta property=\"og:site_name\" content=\"Provence Mat\u00e9riaux Anciens\" \/>\n<meta property=\"article:publisher\" content=\"https:\/\/www.facebook.com\/provencemateriauxanciens\" \/>\n<meta property=\"article:modified_time\" content=\"2024-03-06T08:56:38+00:00\" \/>\n<meta property=\"og:image\" content=\"https:\/\/provence-materiaux-anciens.com\/wp-content\/uploads\/2022\/12\/parefeuille-ancien-scie02-1.jpg\" \/>\n\t<meta property=\"og:image:width\" content=\"600\" \/>\n\t<meta property=\"og:image:height\" content=\"600\" \/>\n\t<meta property=\"og:image:type\" content=\"image\/jpeg\" \/>\n<meta name=\"twitter:card\" content=\"summary_large_image\" \/>\n<meta name=\"twitter:label1\" content=\"Dur\u00e9e de lecture estim\u00e9e\" \/>\n\t<meta name=\"twitter:data1\" content=\"2 minutes\" \/>\n<script type=\"application\/ld+json\" class=\"yoast-schema-graph\">{\"@context\":\"https:\/\/schema.org\",\"@graph\":[{\"@type\":\"WebPage\",\"@id\":\"https:\/\/provence-materiaux-anciens.com\/produit\/sols\/terre-cuite-ancienne\/parefeuille-ancien\/parefeuille-ancien-scie\/\",\"url\":\"https:\/\/provence-materiaux-anciens.com\/produit\/sols\/terre-cuite-ancienne\/parefeuille-ancien\/parefeuille-ancien-scie\/\",\"name\":\"Parefeuilles anciens sci\u00e9s - Provence Mat\u00e9riaux Anciens\",\"isPartOf\":{\"@id\":\"https:\/\/provence-materiaux-anciens.com\/#website\"},\"primaryImageOfPage\":{\"@id\":\"https:\/\/provence-materiaux-anciens.com\/produit\/sols\/terre-cuite-ancienne\/parefeuille-ancien\/parefeuille-ancien-scie\/#primaryimage\"},\"image\":{\"@id\":\"https:\/\/provence-materiaux-anciens.com\/produit\/sols\/terre-cuite-ancienne\/parefeuille-ancien\/parefeuille-ancien-scie\/#primaryimage\"},\"thumbnailUrl\":\"https:\/\/provence-materiaux-anciens.com\/wp-content\/uploads\/2022\/12\/parefeuille-ancien-scie02-1.jpg\",\"datePublished\":\"2022-12-08T17:31:38+00:00\",\"dateModified\":\"2024-03-06T08:56:38+00:00\",\"breadcrumb\":{\"@id\":\"https:\/\/provence-materiaux-anciens.com\/produit\/sols\/terre-cuite-ancienne\/parefeuille-ancien\/parefeuille-ancien-scie\/#breadcrumb\"},\"inLanguage\":\"fr-FR\",\"potentialAction\":[{\"@type\":\"ReadAction\",\"target\":[\"https:\/\/provence-materiaux-anciens.com\/produit\/sols\/terre-cuite-ancienne\/parefeuille-ancien\/parefeuille-ancien-scie\/\"]}]},{\"@type\":\"ImageObject\",\"inLanguage\":\"fr-FR\",\"@id\":\"https:\/\/provence-materiaux-anciens.com\/produit\/sols\/terre-cuite-ancienne\/parefeuille-ancien\/parefeuille-ancien-scie\/#primaryimage\",\"url\":\"https:\/\/provence-materiaux-anciens.com\/wp-content\/uploads\/2022\/12\/parefeuille-ancien-scie02-1.jpg\",\"contentUrl\":\"https:\/\/provence-materiaux-anciens.com\/wp-content\/uploads\/2022\/12\/parefeuille-ancien-scie02-1.jpg\",\"width\":600,\"height\":600,\"caption\":\"parefeuille ancien sci\u00e9\"},{\"@type\":\"BreadcrumbList\",\"@id\":\"https:\/\/provence-materiaux-anciens.com\/produit\/sols\/terre-cuite-ancienne\/parefeuille-ancien\/parefeuille-ancien-scie\/#breadcrumb\",\"itemListElement\":[{\"@type\":\"ListItem\",\"position\":1,\"name\":\"Accueil\",\"item\":\"https:\/\/provence-materiaux-anciens.com\/fr\/\"},{\"@type\":\"ListItem\",\"position\":2,\"name\":\"Produits\",\"item\":\"https:\/\/provence-materiaux-anciens.com\/produit\/\"},{\"@type\":\"ListItem\",\"position\":3,\"name\":\"Parefeuilles anciens sci\u00e9s\"}]},{\"@type\":\"WebSite\",\"@id\":\"https:\/\/provence-materiaux-anciens.com\/#website\",\"url\":\"https:\/\/provence-materiaux-anciens.com\/\",\"name\":\"Provence Mat\u00e9riaux Anciens\",\"description\":\"Achat et vente de mat\u00e9riaux anciens de construction, poutres, tuiles, planchers, charpentes, dallages, terres cuites.\",\"publisher\":{\"@id\":\"https:\/\/provence-materiaux-anciens.com\/#organization\"},\"potentialAction\":[{\"@type\":\"SearchAction\",\"target\":{\"@type\":\"EntryPoint\",\"urlTemplate\":\"https:\/\/provence-materiaux-anciens.com\/?s={search_term_string}\"},\"query-input\":{\"@type\":\"PropertyValueSpecification\",\"valueRequired\":true,\"valueName\":\"search_term_string\"}}],\"inLanguage\":\"fr-FR\"},{\"@type\":\"Organization\",\"@id\":\"https:\/\/provence-materiaux-anciens.com\/#organization\",\"name\":\"Provence Mat\u00e9riaux Anciens\",\"url\":\"https:\/\/provence-materiaux-anciens.com\/\",\"logo\":{\"@type\":\"ImageObject\",\"inLanguage\":\"fr-FR\",\"@id\":\"https:\/\/provence-materiaux-anciens.com\/#\/schema\/logo\/image\/\",\"url\":\"https:\/\/provence-materiaux-anciens.com\/wp-content\/uploads\/2022\/03\/cropped-logo-pma-web.png\",\"contentUrl\":\"https:\/\/provence-materiaux-anciens.com\/wp-content\/uploads\/2022\/03\/cropped-logo-pma-web.png\",\"width\":650,\"height\":434,\"caption\":\"Provence Mat\u00e9riaux Anciens\"},\"image\":{\"@id\":\"https:\/\/provence-materiaux-anciens.com\/#\/schema\/logo\/image\/\"},\"sameAs\":[\"https:\/\/www.facebook.com\/provencemateriauxanciens\",\"https:\/\/www.instagram.com\/provencemateriauxanciens\/\",\"https:\/\/www.pinterest.fr\/provencemateriauxanciens\/\"]}]}<\/script>\n<!-- \/ Yoast SEO Premium plugin. -->","yoast_head_json":{"title":"Parefeuilles anciens sci\u00e9s - Provence Mat\u00e9riaux Anciens","robots":{"index":"index","follow":"follow","max-snippet":"max-snippet:-1","max-image-preview":"max-image-preview:large","max-video-preview":"max-video-preview:-1"},"canonical":"https:\/\/provence-materiaux-anciens.com\/fr\/produit\/sols\/terre-cuite-ancienne\/parefeuille-ancien\/parefeuille-ancien-scie\/","og_locale":"fr_FR","og_type":"article","og_title":"Parefeuilles anciens sci\u00e9s","og_description":"Ref: parefeuille en chevrons (car017)   Mat\u00e9riaux : Terre cuite de r\u00e9cup\u00e9ration  Longueur : 33 cm  Largeur : 6.5 cm  \u00c9paisseur : 2.5 \u00e0 3 cm  Disponibilit\u00e9 : Constante  &nbsp;  Parefeuille ancien sci\u00e9 pour terrasse. Ce parefeuille ancien, fa\u00e7onn\u00e9 \u00e0 la main, date du XIX\u00e8me si\u00e8cle et est originaire du d\u00e9partement du Gard. A l\u2019\u00e9poque, les vieux parefeuilles \u00e9taient utilis\u00e9s en tant que volige et les tuiles \u00e9taient b\u00e2ties dessus. Les parefeuilles anciens peuvent \u00eatre install\u00e9s \u00e0 l\u2019int\u00e9rieur et \u00e0 l\u2019ext\u00e9rieur de vos projets. Les parefeuilles en terre cuite ancienne ont des teintes qui varient d\u2019un lot \u00e0 l\u2019autre.  D\u00e9couvrez nos vieux parefeuilles non sci\u00e9s.","og_url":"https:\/\/provence-materiaux-anciens.com\/fr\/produit\/sols\/terre-cuite-ancienne\/parefeuille-ancien\/parefeuille-ancien-scie\/","og_site_name":"Provence Mat\u00e9riaux Anciens","article_publisher":"https:\/\/www.facebook.com\/provencemateriauxanciens","article_modified_time":"2024-03-06T08:56:38+00:00","og_image":[{"width":600,"height":600,"url":"https:\/\/provence-materiaux-anciens.com\/wp-content\/uploads\/2022\/12\/parefeuille-ancien-scie02-1.jpg","type":"image\/jpeg"}],"twitter_card":"summary_large_image","twitter_misc":{"Dur\u00e9e de lecture estim\u00e9e":"2 minutes"},"schema":{"@context":"https:\/\/schema.org","@graph":[{"@type":"WebPage","@id":"https:\/\/provence-materiaux-anciens.com\/produit\/sols\/terre-cuite-ancienne\/parefeuille-ancien\/parefeuille-ancien-scie\/","url":"https:\/\/provence-materiaux-anciens.com\/produit\/sols\/terre-cuite-ancienne\/parefeuille-ancien\/parefeuille-ancien-scie\/","name":"Parefeuilles anciens sci\u00e9s - Provence Mat\u00e9riaux Anciens","isPartOf":{"@id":"https:\/\/provence-materiaux-anciens.com\/#website"},"primaryImageOfPage":{"@id":"https:\/\/provence-materiaux-anciens.com\/produit\/sols\/terre-cuite-ancienne\/parefeuille-ancien\/parefeuille-ancien-scie\/#primaryimage"},"image":{"@id":"https:\/\/provence-materiaux-anciens.com\/produit\/sols\/terre-cuite-ancienne\/parefeuille-ancien\/parefeuille-ancien-scie\/#primaryimage"},"thumbnailUrl":"https:\/\/provence-materiaux-anciens.com\/wp-content\/uploads\/2022\/12\/parefeuille-ancien-scie02-1.jpg","datePublished":"2022-12-08T17:31:38+00:00","dateModified":"2024-03-06T08:56:38+00:00","breadcrumb":{"@id":"https:\/\/provence-materiaux-anciens.com\/produit\/sols\/terre-cuite-ancienne\/parefeuille-ancien\/parefeuille-ancien-scie\/#breadcrumb"},"inLanguage":"fr-FR","potentialAction":[{"@type":"ReadAction","target":["https:\/\/provence-materiaux-anciens.com\/produit\/sols\/terre-cuite-ancienne\/parefeuille-ancien\/parefeuille-ancien-scie\/"]}]},{"@type":"ImageObject","inLanguage":"fr-FR","@id":"https:\/\/provence-materiaux-anciens.com\/produit\/sols\/terre-cuite-ancienne\/parefeuille-ancien\/parefeuille-ancien-scie\/#primaryimage","url":"https:\/\/provence-materiaux-anciens.com\/wp-content\/uploads\/2022\/12\/parefeuille-ancien-scie02-1.jpg","contentUrl":"https:\/\/provence-materiaux-anciens.com\/wp-content\/uploads\/2022\/12\/parefeuille-ancien-scie02-1.jpg","width":600,"height":600,"caption":"parefeuille ancien sci\u00e9"},{"@type":"BreadcrumbList","@id":"https:\/\/provence-materiaux-anciens.com\/produit\/sols\/terre-cuite-ancienne\/parefeuille-ancien\/parefeuille-ancien-scie\/#breadcrumb","itemListElement":[{"@type":"ListItem","position":1,"name":"Accueil","item":"https:\/\/provence-materiaux-anciens.com\/fr\/"},{"@type":"ListItem","position":2,"name":"Produits","item":"https:\/\/provence-materiaux-anciens.com\/produit\/"},{"@type":"ListItem","position":3,"name":"Parefeuilles anciens sci\u00e9s"}]},{"@type":"WebSite","@id":"https:\/\/provence-materiaux-anciens.com\/#website","url":"https:\/\/provence-materiaux-anciens.com\/","name":"Provence Mat\u00e9riaux Anciens","description":"Achat et vente de mat\u00e9riaux anciens de construction, poutres, tuiles, planchers, charpentes, dallages, terres cuites.","publisher":{"@id":"https:\/\/provence-materiaux-anciens.com\/#organization"},"potentialAction":[{"@type":"SearchAction","target":{"@type":"EntryPoint","urlTemplate":"https:\/\/provence-materiaux-anciens.com\/?s={search_term_string}"},"query-input":{"@type":"PropertyValueSpecification","valueRequired":true,"valueName":"search_term_string"}}],"inLanguage":"fr-FR"},{"@type":"Organization","@id":"https:\/\/provence-materiaux-anciens.com\/#organization","name":"Provence Mat\u00e9riaux Anciens","url":"https:\/\/provence-materiaux-anciens.com\/","logo":{"@type":"ImageObject","inLanguage":"fr-FR","@id":"https:\/\/provence-materiaux-anciens.com\/#\/schema\/logo\/image\/","url":"https:\/\/provence-materiaux-anciens.com\/wp-content\/uploads\/2022\/03\/cropped-logo-pma-web.png","contentUrl":"https:\/\/provence-materiaux-anciens.com\/wp-content\/uploads\/2022\/03\/cropped-logo-pma-web.png","width":650,"height":434,"caption":"Provence Mat\u00e9riaux Anciens"},"image":{"@id":"https:\/\/provence-materiaux-anciens.com\/#\/schema\/logo\/image\/"},"sameAs":["https:\/\/www.facebook.com\/provencemateriauxanciens","https:\/\/www.instagram.com\/provencemateriauxanciens\/","https:\/\/www.pinterest.fr\/provencemateriauxanciens\/"]}]}},"_links":{"self":[{"href":"https:\/\/provence-materiaux-anciens.com\/fr\/wp-json\/wp\/v2\/product\/1558","targetHints":{"allow":["GET"]}}],"collection":[{"href":"https:\/\/provence-materiaux-anciens.com\/fr\/wp-json\/wp\/v2\/product"}],"about":[{"href":"https:\/\/provence-materiaux-anciens.com\/fr\/wp-json\/wp\/v2\/types\/product"}],"wp:featuredmedia":[{"embeddable":true,"href":"https:\/\/provence-materiaux-anciens.com\/fr\/wp-json\/wp\/v2\/media\/3388"}],"wp:attachment":[{"href":"https:\/\/provence-materiaux-anciens.com\/fr\/wp-json\/wp\/v2\/media?parent=1558"}],"wp:term":[{"taxonomy":"product_brand","embeddable":true,"href":"https:\/\/provence-materiaux-anciens.com\/fr\/wp-json\/wp\/v2\/product_brand?post=1558"},{"taxonomy":"product_cat","embeddable":true,"href":"https:\/\/provence-materiaux-anciens.com\/fr\/wp-json\/wp\/v2\/product_cat?post=1558"},{"taxonomy":"product_tag","embeddable":true,"href":"https:\/\/provence-materiaux-anciens.com\/fr\/wp-json\/wp\/v2\/product_tag?post=1558"}],"curies":[{"name":"wp","href":"https:\/\/api.w.org\/{rel}","templated":true}]}}