{"id":2308,"date":"2022-12-29T16:25:56","date_gmt":"2022-12-29T16:25:56","guid":{"rendered":"https:\/\/provence-materiaux-anciens.com\/?post_type=product&#038;p=2308"},"modified":"2024-07-30T10:38:58","modified_gmt":"2024-07-30T10:38:58","slug":"dallage-naturel-amazone-exterieur","status":"publish","type":"product","link":"https:\/\/provence-materiaux-anciens.com\/fr\/produit\/sols\/dallage-pierre-naturelle\/dallages\/dallage-naturel-amazone-exterieur\/","title":{"rendered":"Dallage naturel \u00ab\u00a0Amazone\u00a0\u00bb ext\u00e9rieur"},"content":{"rendered":"<p><span style=\"font-weight: 400;\">D\u00e9couvrez notre Dallage naturel \u00ab Amazone \u00bb ext\u00e9rieur, un rev\u00eatement 100% naturel qui donnera de la classe \u00e0 votre logement !\u00a0<\/span><\/p>\n<h3><span style=\"font-weight: 400;\">Choisissez notre Dallage naturel \u00ab Amazone \u00bb ext\u00e9rieur pour cr\u00e9er un espace ext\u00e9rieur harmonieux et charmant<\/span><\/h3>\n<p><span style=\"font-weight: 400;\">Comme son nom l\u2019indique, notre Dallage naturel \u00ab Amazone \u00bb ext\u00e9rieur est un rev\u00eatement qui contribuera \u00e0 ajouter de l\u2019authenticit\u00e9 \u00e0 vos ext\u00e9rieurs. Avec ses tons gris\/beige, ce rev\u00eatement de sol assez sobre a beaucoup de classe.\u00a0<\/span><\/p>\n<p><span style=\"font-weight: 400;\">C\u2019est un dallage naturel qui se fond parfaitement dans tout type de d\u00e9coration ext\u00e9rieure. Vous pouvez l\u2019associer \u00e0 une d\u00e9co moderne ou \u00e0 une d\u00e9co rustique. Que vous soyez en plein c\u0153ur de Paris, \u00e0 Lyon, Marseille ou en campagne, vous pourrez convenablement opter pour ce dallage naturel. Il offrira un accueil chaleureux \u00e0 vos visiteurs d\u00e8s l\u2019ext\u00e9rieur de la maison.\u00a0<\/span><\/p>\n<h3><span style=\"font-weight: 400;\">Optez pour un rev\u00eatement robuste et r\u00e9sistant !<\/span><\/h3>\n<p><span style=\"font-weight: 400;\">L\u2019un des aspects majeurs que nous tenons en compte lors de la confection de nos dalles est leur dur\u00e9e de vie. Notre Dallage naturel \u00ab Amazone \u00bb ext\u00e9rieur a la particularit\u00e9 de r\u00e9sister aux chocs extr\u00eames. Ce dallage ancien est fabriqu\u00e9 \u00e0 partir de terre cuite chauff\u00e9e \u00e0 tr\u00e8s haute temp\u00e9rature. Par cons\u00e9quent, il se cassera difficilement. Une fois pos\u00e9, vous n\u2019aurez plus \u00e0 vous y faire, car il est super r\u00e9sistant aux intemp\u00e9ries.<\/span><\/p>\n<p><span style=\"font-weight: 400;\">L\u2019autre aspect important \u00e0 relever est le caract\u00e8re antid\u00e9rapant de ces dallages anciens. Ils ont une adh\u00e9rence totale avec les pieds, en temps sec et m\u00eame en temps humide. Si vous avez des enfants qui aiment courir dans tous les sens, c\u2019est le moment de songer \u00e0 les prot\u00e9ger des chutes avec ce type de rev\u00eatement de sol.\u00a0<\/span><\/p>\n<p><span style=\"font-weight: 400;\">Nous terminerons en parlant de l\u2019aspect \u00e9cologique de ce rev\u00eatement. Son mat\u00e9riau de base qui est la terre n\u2019a aucun impact n\u00e9gatif sur l\u2019environnement. C\u2019est entre autres l\u2019une des raisons qui a permis \u00e0 ce rev\u00eatement de traverser autant d\u2019\u00e9poques !<\/span><\/p>\n<p><span style=\"font-weight: 400;\">Commandez notre Dallage naturel \u00ab Amazone \u00bb ext\u00e9rieur pour vos travaux de construction et\/ou de r\u00e9novation !<\/span><\/p>\n","protected":false},"excerpt":{"rendered":"<h2><strong>Ref: <\/strong>\u00ab\u00a0Amazone\u00a0\u00bb Ext\u00e9rieur<\/h2>\n<ul>\n<li><strong>Largeur :<\/strong> 40 &#8211; 50 cm<\/li>\n<li><strong>Longueur :<\/strong>\u00a0libre<\/li>\n<li><strong>\u00c9paisseur :<\/strong> 1.5 cm<\/li>\n<\/ul>\n<p><strong>Autres formats disponibles sur commande :<\/strong><\/p>\n<ul>\n<li>Largeur 40 cm x Longueurs libres x \u00c9paisseur 1.5 cm<\/li>\n<li>Largeur 50 cm x Longueurs libres x \u00c9paisseur 1.5 cm<\/li>\n<li>Opus 40 cm<\/li>\n<\/ul>\n<p>Dalles en pierre naturelle \u00ab\u00a0Amazone\u00a0\u00bb pour une pose en bande libre. Dallage en pierre naturelle calcaire, dans des tons de beiges pour une pose en ext\u00e9rieur uniquement, ce dallage existe pour l&rsquo;<a href=\"https:\/\/provence-materiaux-anciens.com\/produit\/sols\/dallages-pierre-naturelle\/dallage-en-pierre-gordes-beige\/\">int\u00e9rieur<\/a>.<\/p>\n","protected":false},"featured_media":4034,"template":"","meta":{"_monsterinsights_skip_tracking":false,"_monsterinsights_sitenote_active":false,"_monsterinsights_sitenote_note":"","_monsterinsights_sitenote_category":0},"product_brand":[],"product_cat":[38,163,32],"product_tag":[],"class_list":{"0":"post-2308","1":"product","2":"type-product","3":"status-publish","4":"has-post-thumbnail","6":"product_cat-dallage-pierre-naturelle","7":"product_cat-dallages","8":"product_cat-sols","10":"first","11":"instock","12":"shipping-taxable","13":"product-type-simple"},"yoast_head":"<!-- This site is optimized with the Yoast SEO Premium plugin v22.1 (Yoast SEO v24.6) - https:\/\/yoast.com\/wordpress\/plugins\/seo\/ -->\n<title>Dallage naturel &quot;Amazone&quot; ext\u00e9rieur - Provence Mat\u00e9riaux Anciens<\/title>\n<meta name=\"robots\" content=\"index, follow, max-snippet:-1, max-image-preview:large, max-video-preview:-1\" \/>\n<link rel=\"canonical\" href=\"https:\/\/provence-materiaux-anciens.com\/fr\/produit\/sols\/dallage-pierre-naturelle\/dallages\/dallage-naturel-amazone-exterieur\/\" \/>\n<meta property=\"og:locale\" content=\"fr_FR\" \/>\n<meta property=\"og:type\" content=\"article\" \/>\n<meta property=\"og:title\" content=\"Dallage naturel &quot;Amazone&quot; ext\u00e9rieur\" \/>\n<meta property=\"og:description\" content=\"Ref: &quot;Amazone&quot; Ext\u00e9rieur   Largeur : 40 - 50 cm  Longueur :\u00a0libre  \u00c9paisseur : 1.5 cm  Autres formats disponibles sur commande :   Largeur 40 cm x Longueurs libres x \u00c9paisseur 1.5 cm  Largeur 50 cm x Longueurs libres x \u00c9paisseur 1.5 cm  Opus 40 cm  Dalles en pierre naturelle &quot;Amazone&quot; pour une pose en bande libre. Dallage en pierre naturelle calcaire, dans des tons de beiges pour une pose en ext\u00e9rieur uniquement, ce dallage existe pour l&#039;int\u00e9rieur.\" \/>\n<meta property=\"og:url\" content=\"https:\/\/provence-materiaux-anciens.com\/fr\/produit\/sols\/dallage-pierre-naturelle\/dallages\/dallage-naturel-amazone-exterieur\/\" \/>\n<meta property=\"og:site_name\" content=\"Provence Mat\u00e9riaux Anciens\" \/>\n<meta property=\"article:publisher\" content=\"https:\/\/www.facebook.com\/provencemateriauxanciens\" \/>\n<meta property=\"article:modified_time\" content=\"2024-07-30T10:38:58+00:00\" \/>\n<meta property=\"og:image\" content=\"https:\/\/provence-materiaux-anciens.com\/wp-content\/uploads\/2022\/12\/amazone-2eme-choix-10-scaled.jpg\" \/>\n\t<meta property=\"og:image:width\" content=\"1707\" \/>\n\t<meta property=\"og:image:height\" content=\"2560\" \/>\n\t<meta property=\"og:image:type\" content=\"image\/jpeg\" \/>\n<meta name=\"twitter:card\" content=\"summary_large_image\" \/>\n<meta name=\"twitter:label1\" content=\"Dur\u00e9e de lecture estim\u00e9e\" \/>\n\t<meta name=\"twitter:data1\" content=\"2 minutes\" \/>\n<script type=\"application\/ld+json\" class=\"yoast-schema-graph\">{\"@context\":\"https:\/\/schema.org\",\"@graph\":[{\"@type\":\"WebPage\",\"@id\":\"https:\/\/provence-materiaux-anciens.com\/produit\/sols\/dallage-pierre-naturelle\/dallages\/dallage-naturel-amazone-exterieur\/\",\"url\":\"https:\/\/provence-materiaux-anciens.com\/produit\/sols\/dallage-pierre-naturelle\/dallages\/dallage-naturel-amazone-exterieur\/\",\"name\":\"Dallage naturel \\\"Amazone\\\" ext\u00e9rieur - Provence Mat\u00e9riaux Anciens\",\"isPartOf\":{\"@id\":\"https:\/\/provence-materiaux-anciens.com\/#website\"},\"primaryImageOfPage\":{\"@id\":\"https:\/\/provence-materiaux-anciens.com\/produit\/sols\/dallage-pierre-naturelle\/dallages\/dallage-naturel-amazone-exterieur\/#primaryimage\"},\"image\":{\"@id\":\"https:\/\/provence-materiaux-anciens.com\/produit\/sols\/dallage-pierre-naturelle\/dallages\/dallage-naturel-amazone-exterieur\/#primaryimage\"},\"thumbnailUrl\":\"https:\/\/provence-materiaux-anciens.com\/wp-content\/uploads\/2022\/12\/amazone-2eme-choix-10-scaled.jpg\",\"datePublished\":\"2022-12-29T16:25:56+00:00\",\"dateModified\":\"2024-07-30T10:38:58+00:00\",\"breadcrumb\":{\"@id\":\"https:\/\/provence-materiaux-anciens.com\/produit\/sols\/dallage-pierre-naturelle\/dallages\/dallage-naturel-amazone-exterieur\/#breadcrumb\"},\"inLanguage\":\"fr-FR\",\"potentialAction\":[{\"@type\":\"ReadAction\",\"target\":[\"https:\/\/provence-materiaux-anciens.com\/produit\/sols\/dallage-pierre-naturelle\/dallages\/dallage-naturel-amazone-exterieur\/\"]}]},{\"@type\":\"ImageObject\",\"inLanguage\":\"fr-FR\",\"@id\":\"https:\/\/provence-materiaux-anciens.com\/produit\/sols\/dallage-pierre-naturelle\/dallages\/dallage-naturel-amazone-exterieur\/#primaryimage\",\"url\":\"https:\/\/provence-materiaux-anciens.com\/wp-content\/uploads\/2022\/12\/amazone-2eme-choix-10-scaled.jpg\",\"contentUrl\":\"https:\/\/provence-materiaux-anciens.com\/wp-content\/uploads\/2022\/12\/amazone-2eme-choix-10-scaled.jpg\",\"width\":1707,\"height\":2560},{\"@type\":\"BreadcrumbList\",\"@id\":\"https:\/\/provence-materiaux-anciens.com\/produit\/sols\/dallage-pierre-naturelle\/dallages\/dallage-naturel-amazone-exterieur\/#breadcrumb\",\"itemListElement\":[{\"@type\":\"ListItem\",\"position\":1,\"name\":\"Accueil\",\"item\":\"https:\/\/provence-materiaux-anciens.com\/fr\/\"},{\"@type\":\"ListItem\",\"position\":2,\"name\":\"Produits\",\"item\":\"https:\/\/provence-materiaux-anciens.com\/produit\/\"},{\"@type\":\"ListItem\",\"position\":3,\"name\":\"Dallage naturel \u00ab\u00a0Amazone\u00a0\u00bb ext\u00e9rieur\"}]},{\"@type\":\"WebSite\",\"@id\":\"https:\/\/provence-materiaux-anciens.com\/#website\",\"url\":\"https:\/\/provence-materiaux-anciens.com\/\",\"name\":\"Provence Mat\u00e9riaux Anciens\",\"description\":\"Achat et vente de mat\u00e9riaux anciens de construction, poutres, tuiles, planchers, charpentes, dallages, terres cuites.\",\"publisher\":{\"@id\":\"https:\/\/provence-materiaux-anciens.com\/#organization\"},\"potentialAction\":[{\"@type\":\"SearchAction\",\"target\":{\"@type\":\"EntryPoint\",\"urlTemplate\":\"https:\/\/provence-materiaux-anciens.com\/?s={search_term_string}\"},\"query-input\":{\"@type\":\"PropertyValueSpecification\",\"valueRequired\":true,\"valueName\":\"search_term_string\"}}],\"inLanguage\":\"fr-FR\"},{\"@type\":\"Organization\",\"@id\":\"https:\/\/provence-materiaux-anciens.com\/#organization\",\"name\":\"Provence Mat\u00e9riaux Anciens\",\"url\":\"https:\/\/provence-materiaux-anciens.com\/\",\"logo\":{\"@type\":\"ImageObject\",\"inLanguage\":\"fr-FR\",\"@id\":\"https:\/\/provence-materiaux-anciens.com\/#\/schema\/logo\/image\/\",\"url\":\"https:\/\/provence-materiaux-anciens.com\/wp-content\/uploads\/2022\/03\/cropped-logo-pma-web.png\",\"contentUrl\":\"https:\/\/provence-materiaux-anciens.com\/wp-content\/uploads\/2022\/03\/cropped-logo-pma-web.png\",\"width\":650,\"height\":434,\"caption\":\"Provence Mat\u00e9riaux Anciens\"},\"image\":{\"@id\":\"https:\/\/provence-materiaux-anciens.com\/#\/schema\/logo\/image\/\"},\"sameAs\":[\"https:\/\/www.facebook.com\/provencemateriauxanciens\",\"https:\/\/www.instagram.com\/provencemateriauxanciens\/\",\"https:\/\/www.pinterest.fr\/provencemateriauxanciens\/\"]}]}<\/script>\n<!-- \/ Yoast SEO Premium plugin. -->","yoast_head_json":{"title":"Dallage naturel \"Amazone\" ext\u00e9rieur - Provence Mat\u00e9riaux Anciens","robots":{"index":"index","follow":"follow","max-snippet":"max-snippet:-1","max-image-preview":"max-image-preview:large","max-video-preview":"max-video-preview:-1"},"canonical":"https:\/\/provence-materiaux-anciens.com\/fr\/produit\/sols\/dallage-pierre-naturelle\/dallages\/dallage-naturel-amazone-exterieur\/","og_locale":"fr_FR","og_type":"article","og_title":"Dallage naturel \"Amazone\" ext\u00e9rieur","og_description":"Ref: \"Amazone\" Ext\u00e9rieur   Largeur : 40 - 50 cm  Longueur :\u00a0libre  \u00c9paisseur : 1.5 cm  Autres formats disponibles sur commande :   Largeur 40 cm x Longueurs libres x \u00c9paisseur 1.5 cm  Largeur 50 cm x Longueurs libres x \u00c9paisseur 1.5 cm  Opus 40 cm  Dalles en pierre naturelle \"Amazone\" pour une pose en bande libre. Dallage en pierre naturelle calcaire, dans des tons de beiges pour une pose en ext\u00e9rieur uniquement, ce dallage existe pour l'int\u00e9rieur.","og_url":"https:\/\/provence-materiaux-anciens.com\/fr\/produit\/sols\/dallage-pierre-naturelle\/dallages\/dallage-naturel-amazone-exterieur\/","og_site_name":"Provence Mat\u00e9riaux Anciens","article_publisher":"https:\/\/www.facebook.com\/provencemateriauxanciens","article_modified_time":"2024-07-30T10:38:58+00:00","og_image":[{"width":1707,"height":2560,"url":"https:\/\/provence-materiaux-anciens.com\/wp-content\/uploads\/2022\/12\/amazone-2eme-choix-10-scaled.jpg","type":"image\/jpeg"}],"twitter_card":"summary_large_image","twitter_misc":{"Dur\u00e9e de lecture estim\u00e9e":"2 minutes"},"schema":{"@context":"https:\/\/schema.org","@graph":[{"@type":"WebPage","@id":"https:\/\/provence-materiaux-anciens.com\/produit\/sols\/dallage-pierre-naturelle\/dallages\/dallage-naturel-amazone-exterieur\/","url":"https:\/\/provence-materiaux-anciens.com\/produit\/sols\/dallage-pierre-naturelle\/dallages\/dallage-naturel-amazone-exterieur\/","name":"Dallage naturel \"Amazone\" ext\u00e9rieur - Provence Mat\u00e9riaux Anciens","isPartOf":{"@id":"https:\/\/provence-materiaux-anciens.com\/#website"},"primaryImageOfPage":{"@id":"https:\/\/provence-materiaux-anciens.com\/produit\/sols\/dallage-pierre-naturelle\/dallages\/dallage-naturel-amazone-exterieur\/#primaryimage"},"image":{"@id":"https:\/\/provence-materiaux-anciens.com\/produit\/sols\/dallage-pierre-naturelle\/dallages\/dallage-naturel-amazone-exterieur\/#primaryimage"},"thumbnailUrl":"https:\/\/provence-materiaux-anciens.com\/wp-content\/uploads\/2022\/12\/amazone-2eme-choix-10-scaled.jpg","datePublished":"2022-12-29T16:25:56+00:00","dateModified":"2024-07-30T10:38:58+00:00","breadcrumb":{"@id":"https:\/\/provence-materiaux-anciens.com\/produit\/sols\/dallage-pierre-naturelle\/dallages\/dallage-naturel-amazone-exterieur\/#breadcrumb"},"inLanguage":"fr-FR","potentialAction":[{"@type":"ReadAction","target":["https:\/\/provence-materiaux-anciens.com\/produit\/sols\/dallage-pierre-naturelle\/dallages\/dallage-naturel-amazone-exterieur\/"]}]},{"@type":"ImageObject","inLanguage":"fr-FR","@id":"https:\/\/provence-materiaux-anciens.com\/produit\/sols\/dallage-pierre-naturelle\/dallages\/dallage-naturel-amazone-exterieur\/#primaryimage","url":"https:\/\/provence-materiaux-anciens.com\/wp-content\/uploads\/2022\/12\/amazone-2eme-choix-10-scaled.jpg","contentUrl":"https:\/\/provence-materiaux-anciens.com\/wp-content\/uploads\/2022\/12\/amazone-2eme-choix-10-scaled.jpg","width":1707,"height":2560},{"@type":"BreadcrumbList","@id":"https:\/\/provence-materiaux-anciens.com\/produit\/sols\/dallage-pierre-naturelle\/dallages\/dallage-naturel-amazone-exterieur\/#breadcrumb","itemListElement":[{"@type":"ListItem","position":1,"name":"Accueil","item":"https:\/\/provence-materiaux-anciens.com\/fr\/"},{"@type":"ListItem","position":2,"name":"Produits","item":"https:\/\/provence-materiaux-anciens.com\/produit\/"},{"@type":"ListItem","position":3,"name":"Dallage naturel \u00ab\u00a0Amazone\u00a0\u00bb ext\u00e9rieur"}]},{"@type":"WebSite","@id":"https:\/\/provence-materiaux-anciens.com\/#website","url":"https:\/\/provence-materiaux-anciens.com\/","name":"Provence Mat\u00e9riaux Anciens","description":"Achat et vente de mat\u00e9riaux anciens de construction, poutres, tuiles, planchers, charpentes, dallages, terres cuites.","publisher":{"@id":"https:\/\/provence-materiaux-anciens.com\/#organization"},"potentialAction":[{"@type":"SearchAction","target":{"@type":"EntryPoint","urlTemplate":"https:\/\/provence-materiaux-anciens.com\/?s={search_term_string}"},"query-input":{"@type":"PropertyValueSpecification","valueRequired":true,"valueName":"search_term_string"}}],"inLanguage":"fr-FR"},{"@type":"Organization","@id":"https:\/\/provence-materiaux-anciens.com\/#organization","name":"Provence Mat\u00e9riaux Anciens","url":"https:\/\/provence-materiaux-anciens.com\/","logo":{"@type":"ImageObject","inLanguage":"fr-FR","@id":"https:\/\/provence-materiaux-anciens.com\/#\/schema\/logo\/image\/","url":"https:\/\/provence-materiaux-anciens.com\/wp-content\/uploads\/2022\/03\/cropped-logo-pma-web.png","contentUrl":"https:\/\/provence-materiaux-anciens.com\/wp-content\/uploads\/2022\/03\/cropped-logo-pma-web.png","width":650,"height":434,"caption":"Provence Mat\u00e9riaux Anciens"},"image":{"@id":"https:\/\/provence-materiaux-anciens.com\/#\/schema\/logo\/image\/"},"sameAs":["https:\/\/www.facebook.com\/provencemateriauxanciens","https:\/\/www.instagram.com\/provencemateriauxanciens\/","https:\/\/www.pinterest.fr\/provencemateriauxanciens\/"]}]}},"_links":{"self":[{"href":"https:\/\/provence-materiaux-anciens.com\/fr\/wp-json\/wp\/v2\/product\/2308","targetHints":{"allow":["GET"]}}],"collection":[{"href":"https:\/\/provence-materiaux-anciens.com\/fr\/wp-json\/wp\/v2\/product"}],"about":[{"href":"https:\/\/provence-materiaux-anciens.com\/fr\/wp-json\/wp\/v2\/types\/product"}],"wp:featuredmedia":[{"embeddable":true,"href":"https:\/\/provence-materiaux-anciens.com\/fr\/wp-json\/wp\/v2\/media\/4034"}],"wp:attachment":[{"href":"https:\/\/provence-materiaux-anciens.com\/fr\/wp-json\/wp\/v2\/media?parent=2308"}],"wp:term":[{"taxonomy":"product_brand","embeddable":true,"href":"https:\/\/provence-materiaux-anciens.com\/fr\/wp-json\/wp\/v2\/product_brand?post=2308"},{"taxonomy":"product_cat","embeddable":true,"href":"https:\/\/provence-materiaux-anciens.com\/fr\/wp-json\/wp\/v2\/product_cat?post=2308"},{"taxonomy":"product_tag","embeddable":true,"href":"https:\/\/provence-materiaux-anciens.com\/fr\/wp-json\/wp\/v2\/product_tag?post=2308"}],"curies":[{"name":"wp","href":"https:\/\/api.w.org\/{rel}","templated":true}]}}