{"id":2311,"date":"2023-01-02T15:03:16","date_gmt":"2023-01-02T15:03:16","guid":{"rendered":"https:\/\/provence-materiaux-anciens.com\/?post_type=product&#038;p=2311"},"modified":"2025-09-12T14:38:56","modified_gmt":"2025-09-12T14:38:56","slug":"poutres-epicea-etuvee","status":"publish","type":"product","link":"https:\/\/provence-materiaux-anciens.com\/fr\/produit\/charpente-vieux-bois\/charpente-epicea\/poutres-epicea-etuvee\/","title":{"rendered":"Poutres en \u00e9pic\u00e9a"},"content":{"rendered":"","protected":false},"excerpt":{"rendered":"<h2><strong>R\u00e9f :<\/strong> Poutres en \u00c9pic\u00e9a \u00e9tuv\u00e9e (Poutres N)<\/h2>\n<p>Poutres en \u00e9pic\u00e9a \u00e9tuv\u00e9es, nous disposons d&rsquo;un grand stock de poutres en \u00e9pic\u00e9a \u00e0 la vente. Nous pouvons poncer et pr\u00e9parer vos poutres en \u00e9pic\u00e9a. Nos charpentiers peuvent par ailleurs fabriquer vos charpentes en bois sur-mesure \u00e0 partir de nos poutres en \u00e9pic\u00e9a.<\/p>\n<p>Retrouvez nos <a href=\"https:\/\/provence-materiaux-anciens.com\/produit\/charpente-vieux-sapin\/\">charpentes en vieux sapin<\/a>.<\/p>\n<p><strong>Dimensions : <\/strong>variable<\/p>\n","protected":false},"featured_media":2312,"template":"","meta":{"_monsterinsights_skip_tracking":false,"_monsterinsights_sitenote_active":false,"_monsterinsights_sitenote_note":"","_monsterinsights_sitenote_category":0},"product_brand":[],"product_cat":[28,27],"product_tag":[],"class_list":{"0":"post-2311","1":"product","2":"type-product","3":"status-publish","4":"has-post-thumbnail","6":"product_cat-charpente-epicea","7":"product_cat-charpente-vieux-bois","9":"first","10":"instock","11":"shipping-taxable","12":"product-type-simple"},"yoast_head":"<!-- This site is optimized with the Yoast SEO Premium plugin v22.1 (Yoast SEO v24.6) - https:\/\/yoast.com\/wordpress\/plugins\/seo\/ -->\n<title>Poutres en \u00e9pic\u00e9a - Provence Mat\u00e9riaux Anciens<\/title>\n<meta name=\"robots\" content=\"index, follow, max-snippet:-1, max-image-preview:large, max-video-preview:-1\" \/>\n<link rel=\"canonical\" href=\"https:\/\/provence-materiaux-anciens.com\/fr\/produit\/charpente-vieux-bois\/charpente-epicea\/poutres-epicea-etuvee\/\" \/>\n<meta property=\"og:locale\" content=\"fr_FR\" \/>\n<meta property=\"og:type\" content=\"article\" \/>\n<meta property=\"og:title\" content=\"Poutres en \u00e9pic\u00e9a\" \/>\n<meta property=\"og:description\" content=\"R\u00e9f : Poutres en \u00c9pic\u00e9a \u00e9tuv\u00e9e (Poutres N) Poutres en \u00e9pic\u00e9a \u00e9tuv\u00e9es, nous disposons d&#039;un grand stock de poutres en \u00e9pic\u00e9a \u00e0 la vente. Nous pouvons poncer et pr\u00e9parer vos poutres en \u00e9pic\u00e9a. Nos charpentiers peuvent par ailleurs fabriquer vos charpentes en bois sur-mesure \u00e0 partir de nos poutres en \u00e9pic\u00e9a.  Retrouvez nos charpentes en vieux sapin.  Dimensions : variable\" \/>\n<meta property=\"og:url\" content=\"https:\/\/provence-materiaux-anciens.com\/fr\/produit\/charpente-vieux-bois\/charpente-epicea\/poutres-epicea-etuvee\/\" \/>\n<meta property=\"og:site_name\" content=\"Provence Mat\u00e9riaux Anciens\" \/>\n<meta property=\"article:publisher\" content=\"https:\/\/www.facebook.com\/provencemateriauxanciens\" \/>\n<meta property=\"article:modified_time\" content=\"2025-09-12T14:38:56+00:00\" \/>\n<meta property=\"og:image\" content=\"https:\/\/provence-materiaux-anciens.com\/wp-content\/uploads\/2023\/01\/poutres-epicea-etuvee.jpg\" \/>\n\t<meta property=\"og:image:width\" content=\"700\" \/>\n\t<meta property=\"og:image:height\" content=\"700\" \/>\n\t<meta property=\"og:image:type\" content=\"image\/jpeg\" \/>\n<meta name=\"twitter:card\" content=\"summary_large_image\" \/>\n<meta name=\"twitter:label1\" content=\"Dur\u00e9e de lecture estim\u00e9e\" \/>\n\t<meta name=\"twitter:data1\" content=\"1 minute\" \/>\n<script type=\"application\/ld+json\" class=\"yoast-schema-graph\">{\"@context\":\"https:\/\/schema.org\",\"@graph\":[{\"@type\":\"WebPage\",\"@id\":\"https:\/\/provence-materiaux-anciens.com\/produit\/charpente-vieux-bois\/charpente-epicea\/poutres-epicea-etuvee\/\",\"url\":\"https:\/\/provence-materiaux-anciens.com\/produit\/charpente-vieux-bois\/charpente-epicea\/poutres-epicea-etuvee\/\",\"name\":\"Poutres en \u00e9pic\u00e9a - Provence Mat\u00e9riaux Anciens\",\"isPartOf\":{\"@id\":\"https:\/\/provence-materiaux-anciens.com\/#website\"},\"primaryImageOfPage\":{\"@id\":\"https:\/\/provence-materiaux-anciens.com\/produit\/charpente-vieux-bois\/charpente-epicea\/poutres-epicea-etuvee\/#primaryimage\"},\"image\":{\"@id\":\"https:\/\/provence-materiaux-anciens.com\/produit\/charpente-vieux-bois\/charpente-epicea\/poutres-epicea-etuvee\/#primaryimage\"},\"thumbnailUrl\":\"https:\/\/provence-materiaux-anciens.com\/wp-content\/uploads\/2023\/01\/poutres-epicea-etuvee.jpg\",\"datePublished\":\"2023-01-02T15:03:16+00:00\",\"dateModified\":\"2025-09-12T14:38:56+00:00\",\"breadcrumb\":{\"@id\":\"https:\/\/provence-materiaux-anciens.com\/produit\/charpente-vieux-bois\/charpente-epicea\/poutres-epicea-etuvee\/#breadcrumb\"},\"inLanguage\":\"fr-FR\",\"potentialAction\":[{\"@type\":\"ReadAction\",\"target\":[\"https:\/\/provence-materiaux-anciens.com\/produit\/charpente-vieux-bois\/charpente-epicea\/poutres-epicea-etuvee\/\"]}]},{\"@type\":\"ImageObject\",\"inLanguage\":\"fr-FR\",\"@id\":\"https:\/\/provence-materiaux-anciens.com\/produit\/charpente-vieux-bois\/charpente-epicea\/poutres-epicea-etuvee\/#primaryimage\",\"url\":\"https:\/\/provence-materiaux-anciens.com\/wp-content\/uploads\/2023\/01\/poutres-epicea-etuvee.jpg\",\"contentUrl\":\"https:\/\/provence-materiaux-anciens.com\/wp-content\/uploads\/2023\/01\/poutres-epicea-etuvee.jpg\",\"width\":700,\"height\":700,\"caption\":\"poutres-epicea-etuvee\"},{\"@type\":\"BreadcrumbList\",\"@id\":\"https:\/\/provence-materiaux-anciens.com\/produit\/charpente-vieux-bois\/charpente-epicea\/poutres-epicea-etuvee\/#breadcrumb\",\"itemListElement\":[{\"@type\":\"ListItem\",\"position\":1,\"name\":\"Accueil\",\"item\":\"https:\/\/provence-materiaux-anciens.com\/fr\/\"},{\"@type\":\"ListItem\",\"position\":2,\"name\":\"Produits\",\"item\":\"https:\/\/provence-materiaux-anciens.com\/produit\/\"},{\"@type\":\"ListItem\",\"position\":3,\"name\":\"Poutres en \u00e9pic\u00e9a\"}]},{\"@type\":\"WebSite\",\"@id\":\"https:\/\/provence-materiaux-anciens.com\/#website\",\"url\":\"https:\/\/provence-materiaux-anciens.com\/\",\"name\":\"Provence Mat\u00e9riaux Anciens\",\"description\":\"Achat et vente de mat\u00e9riaux anciens de construction, poutres, tuiles, planchers, charpentes, dallages, terres cuites.\",\"publisher\":{\"@id\":\"https:\/\/provence-materiaux-anciens.com\/#organization\"},\"potentialAction\":[{\"@type\":\"SearchAction\",\"target\":{\"@type\":\"EntryPoint\",\"urlTemplate\":\"https:\/\/provence-materiaux-anciens.com\/?s={search_term_string}\"},\"query-input\":{\"@type\":\"PropertyValueSpecification\",\"valueRequired\":true,\"valueName\":\"search_term_string\"}}],\"inLanguage\":\"fr-FR\"},{\"@type\":\"Organization\",\"@id\":\"https:\/\/provence-materiaux-anciens.com\/#organization\",\"name\":\"Provence Mat\u00e9riaux Anciens\",\"url\":\"https:\/\/provence-materiaux-anciens.com\/\",\"logo\":{\"@type\":\"ImageObject\",\"inLanguage\":\"fr-FR\",\"@id\":\"https:\/\/provence-materiaux-anciens.com\/#\/schema\/logo\/image\/\",\"url\":\"https:\/\/provence-materiaux-anciens.com\/wp-content\/uploads\/2022\/03\/cropped-logo-pma-web.png\",\"contentUrl\":\"https:\/\/provence-materiaux-anciens.com\/wp-content\/uploads\/2022\/03\/cropped-logo-pma-web.png\",\"width\":650,\"height\":434,\"caption\":\"Provence Mat\u00e9riaux Anciens\"},\"image\":{\"@id\":\"https:\/\/provence-materiaux-anciens.com\/#\/schema\/logo\/image\/\"},\"sameAs\":[\"https:\/\/www.facebook.com\/provencemateriauxanciens\",\"https:\/\/www.instagram.com\/provencemateriauxanciens\/\",\"https:\/\/www.pinterest.fr\/provencemateriauxanciens\/\"]}]}<\/script>\n<!-- \/ Yoast SEO Premium plugin. -->","yoast_head_json":{"title":"Poutres en \u00e9pic\u00e9a - Provence Mat\u00e9riaux Anciens","robots":{"index":"index","follow":"follow","max-snippet":"max-snippet:-1","max-image-preview":"max-image-preview:large","max-video-preview":"max-video-preview:-1"},"canonical":"https:\/\/provence-materiaux-anciens.com\/fr\/produit\/charpente-vieux-bois\/charpente-epicea\/poutres-epicea-etuvee\/","og_locale":"fr_FR","og_type":"article","og_title":"Poutres en \u00e9pic\u00e9a","og_description":"R\u00e9f : Poutres en \u00c9pic\u00e9a \u00e9tuv\u00e9e (Poutres N) Poutres en \u00e9pic\u00e9a \u00e9tuv\u00e9es, nous disposons d'un grand stock de poutres en \u00e9pic\u00e9a \u00e0 la vente. Nous pouvons poncer et pr\u00e9parer vos poutres en \u00e9pic\u00e9a. Nos charpentiers peuvent par ailleurs fabriquer vos charpentes en bois sur-mesure \u00e0 partir de nos poutres en \u00e9pic\u00e9a.  Retrouvez nos charpentes en vieux sapin.  Dimensions : variable","og_url":"https:\/\/provence-materiaux-anciens.com\/fr\/produit\/charpente-vieux-bois\/charpente-epicea\/poutres-epicea-etuvee\/","og_site_name":"Provence Mat\u00e9riaux Anciens","article_publisher":"https:\/\/www.facebook.com\/provencemateriauxanciens","article_modified_time":"2025-09-12T14:38:56+00:00","og_image":[{"width":700,"height":700,"url":"https:\/\/provence-materiaux-anciens.com\/wp-content\/uploads\/2023\/01\/poutres-epicea-etuvee.jpg","type":"image\/jpeg"}],"twitter_card":"summary_large_image","twitter_misc":{"Dur\u00e9e de lecture estim\u00e9e":"1 minute"},"schema":{"@context":"https:\/\/schema.org","@graph":[{"@type":"WebPage","@id":"https:\/\/provence-materiaux-anciens.com\/produit\/charpente-vieux-bois\/charpente-epicea\/poutres-epicea-etuvee\/","url":"https:\/\/provence-materiaux-anciens.com\/produit\/charpente-vieux-bois\/charpente-epicea\/poutres-epicea-etuvee\/","name":"Poutres en \u00e9pic\u00e9a - Provence Mat\u00e9riaux Anciens","isPartOf":{"@id":"https:\/\/provence-materiaux-anciens.com\/#website"},"primaryImageOfPage":{"@id":"https:\/\/provence-materiaux-anciens.com\/produit\/charpente-vieux-bois\/charpente-epicea\/poutres-epicea-etuvee\/#primaryimage"},"image":{"@id":"https:\/\/provence-materiaux-anciens.com\/produit\/charpente-vieux-bois\/charpente-epicea\/poutres-epicea-etuvee\/#primaryimage"},"thumbnailUrl":"https:\/\/provence-materiaux-anciens.com\/wp-content\/uploads\/2023\/01\/poutres-epicea-etuvee.jpg","datePublished":"2023-01-02T15:03:16+00:00","dateModified":"2025-09-12T14:38:56+00:00","breadcrumb":{"@id":"https:\/\/provence-materiaux-anciens.com\/produit\/charpente-vieux-bois\/charpente-epicea\/poutres-epicea-etuvee\/#breadcrumb"},"inLanguage":"fr-FR","potentialAction":[{"@type":"ReadAction","target":["https:\/\/provence-materiaux-anciens.com\/produit\/charpente-vieux-bois\/charpente-epicea\/poutres-epicea-etuvee\/"]}]},{"@type":"ImageObject","inLanguage":"fr-FR","@id":"https:\/\/provence-materiaux-anciens.com\/produit\/charpente-vieux-bois\/charpente-epicea\/poutres-epicea-etuvee\/#primaryimage","url":"https:\/\/provence-materiaux-anciens.com\/wp-content\/uploads\/2023\/01\/poutres-epicea-etuvee.jpg","contentUrl":"https:\/\/provence-materiaux-anciens.com\/wp-content\/uploads\/2023\/01\/poutres-epicea-etuvee.jpg","width":700,"height":700,"caption":"poutres-epicea-etuvee"},{"@type":"BreadcrumbList","@id":"https:\/\/provence-materiaux-anciens.com\/produit\/charpente-vieux-bois\/charpente-epicea\/poutres-epicea-etuvee\/#breadcrumb","itemListElement":[{"@type":"ListItem","position":1,"name":"Accueil","item":"https:\/\/provence-materiaux-anciens.com\/fr\/"},{"@type":"ListItem","position":2,"name":"Produits","item":"https:\/\/provence-materiaux-anciens.com\/produit\/"},{"@type":"ListItem","position":3,"name":"Poutres en \u00e9pic\u00e9a"}]},{"@type":"WebSite","@id":"https:\/\/provence-materiaux-anciens.com\/#website","url":"https:\/\/provence-materiaux-anciens.com\/","name":"Provence Mat\u00e9riaux Anciens","description":"Achat et vente de mat\u00e9riaux anciens de construction, poutres, tuiles, planchers, charpentes, dallages, terres cuites.","publisher":{"@id":"https:\/\/provence-materiaux-anciens.com\/#organization"},"potentialAction":[{"@type":"SearchAction","target":{"@type":"EntryPoint","urlTemplate":"https:\/\/provence-materiaux-anciens.com\/?s={search_term_string}"},"query-input":{"@type":"PropertyValueSpecification","valueRequired":true,"valueName":"search_term_string"}}],"inLanguage":"fr-FR"},{"@type":"Organization","@id":"https:\/\/provence-materiaux-anciens.com\/#organization","name":"Provence Mat\u00e9riaux Anciens","url":"https:\/\/provence-materiaux-anciens.com\/","logo":{"@type":"ImageObject","inLanguage":"fr-FR","@id":"https:\/\/provence-materiaux-anciens.com\/#\/schema\/logo\/image\/","url":"https:\/\/provence-materiaux-anciens.com\/wp-content\/uploads\/2022\/03\/cropped-logo-pma-web.png","contentUrl":"https:\/\/provence-materiaux-anciens.com\/wp-content\/uploads\/2022\/03\/cropped-logo-pma-web.png","width":650,"height":434,"caption":"Provence Mat\u00e9riaux Anciens"},"image":{"@id":"https:\/\/provence-materiaux-anciens.com\/#\/schema\/logo\/image\/"},"sameAs":["https:\/\/www.facebook.com\/provencemateriauxanciens","https:\/\/www.instagram.com\/provencemateriauxanciens\/","https:\/\/www.pinterest.fr\/provencemateriauxanciens\/"]}]}},"_links":{"self":[{"href":"https:\/\/provence-materiaux-anciens.com\/fr\/wp-json\/wp\/v2\/product\/2311","targetHints":{"allow":["GET"]}}],"collection":[{"href":"https:\/\/provence-materiaux-anciens.com\/fr\/wp-json\/wp\/v2\/product"}],"about":[{"href":"https:\/\/provence-materiaux-anciens.com\/fr\/wp-json\/wp\/v2\/types\/product"}],"wp:featuredmedia":[{"embeddable":true,"href":"https:\/\/provence-materiaux-anciens.com\/fr\/wp-json\/wp\/v2\/media\/2312"}],"wp:attachment":[{"href":"https:\/\/provence-materiaux-anciens.com\/fr\/wp-json\/wp\/v2\/media?parent=2311"}],"wp:term":[{"taxonomy":"product_brand","embeddable":true,"href":"https:\/\/provence-materiaux-anciens.com\/fr\/wp-json\/wp\/v2\/product_brand?post=2311"},{"taxonomy":"product_cat","embeddable":true,"href":"https:\/\/provence-materiaux-anciens.com\/fr\/wp-json\/wp\/v2\/product_cat?post=2311"},{"taxonomy":"product_tag","embeddable":true,"href":"https:\/\/provence-materiaux-anciens.com\/fr\/wp-json\/wp\/v2\/product_tag?post=2311"}],"curies":[{"name":"wp","href":"https:\/\/api.w.org\/{rel}","templated":true}]}}