{"id":4172,"date":"2023-10-30T14:49:57","date_gmt":"2023-10-30T14:49:57","guid":{"rendered":"https:\/\/provence-materiaux-anciens.com\/?post_type=product&#038;p=4172"},"modified":"2025-07-25T07:23:30","modified_gmt":"2025-07-25T07:23:30","slug":"vieux-paves-de-rue-granit-2","status":"publish","type":"product","link":"https:\/\/provence-materiaux-anciens.com\/fr\/produit\/gamme-piscine\/revetement\/vieux-paves-de-rue-granit-2\/","title":{"rendered":"Vieux pav\u00e9s granit"},"content":{"rendered":"<p><span style=\"font-weight: 400;\">Pour des ext\u00e9rieurs chaleureux et originaux, optez pour nos Vieux pav\u00e9s de rue granit.<\/span><\/p>\n<h3><span style=\"font-weight: 400;\">Nos vieux pav\u00e9s de rue granit rendront vos espaces ext\u00e9rieurs authentiques<\/span><\/h3>\n<p><span style=\"font-weight: 400;\">Ces pav\u00e9s en granit proviennent de diff\u00e9rentes villes. Chacun d\u2019eux a d\u00e9j\u00e0 \u00e9t\u00e9 utilis\u00e9 pour rev\u00eatir les rues, ils ont donc tous une histoire, une patine et un caract\u00e8re unique.<\/span><\/p>\n<p><span style=\"font-weight: 400;\">Toutefois, en g\u00e9n\u00e9ral leur apparence naturelle fait craquer de nombreuses personnes. En effet, ces pav\u00e9s gr\u00e2ce \u00e0 leur teinte naturelle ajoutent du caract\u00e8re et de l\u2019\u00e9l\u00e9gance aux projets d\u2019am\u00e9nagement paysager ou de construction. Nous les utilisons chez nous comme rev\u00eatements de piscine int\u00e9rieur ou ext\u00e9rieur.<\/span><\/p>\n<p><span style=\"font-weight: 400;\">Nos Vieux pav\u00e9s de rue granit peuvent \u00eatre utilis\u00e9s pour cr\u00e9er des designs textur\u00e9s et authentiques. Ce sont des pav\u00e9s que vous pourrez polir pour avoir une surface lisse ou les laisser tel quel pour une surface rugueuse et rustique.<\/span><\/p>\n<p>&nbsp;<\/p>\n","protected":false},"excerpt":{"rendered":"<h2><strong>Ref:<\/strong> Vieux Pav\u00e9s de rue granit (Pav01)<\/h2>\n<ul>\n<li><strong>Dimensions :<\/strong> 15 x 20 cm environs<\/li>\n<li><b>\u00c9paisseur<\/b> : 18 cm, existe aussi en \u00e9paisseur de 2 \u00e0 5 cm<\/li>\n<li><b>Disponibilit\u00e9<\/b> : Constante<\/li>\n<\/ul>\n<p><span style=\"font-weight: 400;\">Pour des ext\u00e9rieurs originaux, optez pour nos vieux pav\u00e9s de rue granit.<\/span><\/p>\n<h3><span style=\"font-weight: 400;\">Nos vieux pav\u00e9s de rue granit rendront vos espaces ext\u00e9rieurs authentiques<\/span><\/h3>\n<p><span style=\"font-weight: 400;\">Ces pav\u00e9s en granit proviennent de diff\u00e9rentes villes. Chacun d\u2019eux a d\u00e9j\u00e0 \u00e9t\u00e9 utilis\u00e9 pour rev\u00eatir les rues, ils ont donc tous une histoire, une patine et un caract\u00e8re unique.<\/span><\/p>\n<p><span style=\"font-weight: 400;\">En g\u00e9n\u00e9ral leur apparence naturelle fait craquer de nombreuses personnes. En effet, ces pav\u00e9s gr\u00e2ce \u00e0 leur teinte naturelle ajoutent du caract\u00e8re et de l\u2019\u00e9l\u00e9gance aux projets d\u2019am\u00e9nagement paysager ou de construction. Nous les utilisons chez nous comme rev\u00eatements de piscine int\u00e9rieur ou ext\u00e9rieur.<\/span><\/p>\n<p><span style=\"font-weight: 400;\">Nos Vieux pav\u00e9s de rue granit peuvent \u00eatre utilis\u00e9s pour cr\u00e9er des designs textur\u00e9s et authentiques. Ce sont des pav\u00e9s que vous pourrez polir pour avoir une surface lisse ou les laisser tel quel pour une surface rugueuse et rustique.<\/span><\/p>\n","protected":false},"featured_media":4366,"template":"","meta":{"_monsterinsights_skip_tracking":false,"_monsterinsights_sitenote_active":false,"_monsterinsights_sitenote_note":"","_monsterinsights_sitenote_category":0},"product_brand":[],"product_cat":[160,161],"product_tag":[],"class_list":{"0":"post-4172","1":"product","2":"type-product","3":"status-publish","4":"has-post-thumbnail","6":"product_cat-gamme-piscine","7":"product_cat-revetement","9":"first","10":"instock","11":"shipping-taxable","12":"product-type-simple"},"yoast_head":"<!-- This site is optimized with the Yoast SEO Premium plugin v22.1 (Yoast SEO v24.6) - https:\/\/yoast.com\/wordpress\/plugins\/seo\/ -->\n<title>Vieux pav\u00e9s granit - Provence Mat\u00e9riaux Anciens<\/title>\n<meta name=\"robots\" content=\"index, follow, max-snippet:-1, max-image-preview:large, max-video-preview:-1\" \/>\n<link rel=\"canonical\" href=\"https:\/\/provence-materiaux-anciens.com\/fr\/produit\/gamme-piscine\/revetement\/vieux-paves-de-rue-granit-2\/\" \/>\n<meta property=\"og:locale\" content=\"fr_FR\" \/>\n<meta property=\"og:type\" content=\"article\" \/>\n<meta property=\"og:title\" content=\"Vieux pav\u00e9s granit\" \/>\n<meta property=\"og:description\" content=\"Ref: Vieux Pav\u00e9s de rue granit (Pav01)   Dimensions : 15 x 20 cm environs  \u00c9paisseur : 18 cm, existe aussi en \u00e9paisseur de 2 \u00e0 5 cm  Disponibilit\u00e9 : Constante  Pour des ext\u00e9rieurs originaux, optez pour nos vieux pav\u00e9s de rue granit. Nos vieux pav\u00e9s de rue granit rendront vos espaces ext\u00e9rieurs authentiques Ces pav\u00e9s en granit proviennent de diff\u00e9rentes villes. Chacun d\u2019eux a d\u00e9j\u00e0 \u00e9t\u00e9 utilis\u00e9 pour rev\u00eatir les rues, ils ont donc tous une histoire, une patine et un caract\u00e8re unique.  En g\u00e9n\u00e9ral leur apparence naturelle fait craquer de nombreuses personnes. En effet, ces pav\u00e9s gr\u00e2ce \u00e0 leur teinte naturelle ajoutent du caract\u00e8re et de l\u2019\u00e9l\u00e9gance aux projets d\u2019am\u00e9nagement paysager ou de construction. Nous les utilisons chez nous comme rev\u00eatements de piscine int\u00e9rieur ou ext\u00e9rieur.  Nos Vieux pav\u00e9s de rue granit peuvent \u00eatre utilis\u00e9s pour cr\u00e9er des designs textur\u00e9s et authentiques. Ce sont des pav\u00e9s que vous pourrez polir pour avoir une surface lisse ou les laisser tel quel pour une surface rugueuse et rustique.\" \/>\n<meta property=\"og:url\" content=\"https:\/\/provence-materiaux-anciens.com\/fr\/produit\/gamme-piscine\/revetement\/vieux-paves-de-rue-granit-2\/\" \/>\n<meta property=\"og:site_name\" content=\"Provence Mat\u00e9riaux Anciens\" \/>\n<meta property=\"article:publisher\" content=\"https:\/\/www.facebook.com\/provencemateriauxanciens\" \/>\n<meta property=\"article:modified_time\" content=\"2025-07-25T07:23:30+00:00\" \/>\n<meta property=\"og:image\" content=\"https:\/\/provence-materiaux-anciens.com\/wp-content\/uploads\/2023\/10\/DSC_0293-scaled.jpg\" \/>\n\t<meta property=\"og:image:width\" content=\"2560\" \/>\n\t<meta property=\"og:image:height\" content=\"1707\" \/>\n\t<meta property=\"og:image:type\" content=\"image\/jpeg\" \/>\n<meta name=\"twitter:card\" content=\"summary_large_image\" \/>\n<meta name=\"twitter:label1\" content=\"Dur\u00e9e de lecture estim\u00e9e\" \/>\n\t<meta name=\"twitter:data1\" content=\"1 minute\" \/>\n<script type=\"application\/ld+json\" class=\"yoast-schema-graph\">{\"@context\":\"https:\/\/schema.org\",\"@graph\":[{\"@type\":\"WebPage\",\"@id\":\"https:\/\/provence-materiaux-anciens.com\/produit\/gamme-piscine\/revetement\/vieux-paves-de-rue-granit-2\/\",\"url\":\"https:\/\/provence-materiaux-anciens.com\/produit\/gamme-piscine\/revetement\/vieux-paves-de-rue-granit-2\/\",\"name\":\"Vieux pav\u00e9s granit - Provence Mat\u00e9riaux Anciens\",\"isPartOf\":{\"@id\":\"https:\/\/provence-materiaux-anciens.com\/#website\"},\"primaryImageOfPage\":{\"@id\":\"https:\/\/provence-materiaux-anciens.com\/produit\/gamme-piscine\/revetement\/vieux-paves-de-rue-granit-2\/#primaryimage\"},\"image\":{\"@id\":\"https:\/\/provence-materiaux-anciens.com\/produit\/gamme-piscine\/revetement\/vieux-paves-de-rue-granit-2\/#primaryimage\"},\"thumbnailUrl\":\"https:\/\/provence-materiaux-anciens.com\/wp-content\/uploads\/2023\/10\/DSC_0293-scaled.jpg\",\"datePublished\":\"2023-10-30T14:49:57+00:00\",\"dateModified\":\"2025-07-25T07:23:30+00:00\",\"breadcrumb\":{\"@id\":\"https:\/\/provence-materiaux-anciens.com\/produit\/gamme-piscine\/revetement\/vieux-paves-de-rue-granit-2\/#breadcrumb\"},\"inLanguage\":\"fr-FR\",\"potentialAction\":[{\"@type\":\"ReadAction\",\"target\":[\"https:\/\/provence-materiaux-anciens.com\/produit\/gamme-piscine\/revetement\/vieux-paves-de-rue-granit-2\/\"]}]},{\"@type\":\"ImageObject\",\"inLanguage\":\"fr-FR\",\"@id\":\"https:\/\/provence-materiaux-anciens.com\/produit\/gamme-piscine\/revetement\/vieux-paves-de-rue-granit-2\/#primaryimage\",\"url\":\"https:\/\/provence-materiaux-anciens.com\/wp-content\/uploads\/2023\/10\/DSC_0293-scaled.jpg\",\"contentUrl\":\"https:\/\/provence-materiaux-anciens.com\/wp-content\/uploads\/2023\/10\/DSC_0293-scaled.jpg\",\"width\":2560,\"height\":1707},{\"@type\":\"BreadcrumbList\",\"@id\":\"https:\/\/provence-materiaux-anciens.com\/produit\/gamme-piscine\/revetement\/vieux-paves-de-rue-granit-2\/#breadcrumb\",\"itemListElement\":[{\"@type\":\"ListItem\",\"position\":1,\"name\":\"Accueil\",\"item\":\"https:\/\/provence-materiaux-anciens.com\/fr\/\"},{\"@type\":\"ListItem\",\"position\":2,\"name\":\"Produits\",\"item\":\"https:\/\/provence-materiaux-anciens.com\/produit\/\"},{\"@type\":\"ListItem\",\"position\":3,\"name\":\"Vieux pav\u00e9s granit\"}]},{\"@type\":\"WebSite\",\"@id\":\"https:\/\/provence-materiaux-anciens.com\/#website\",\"url\":\"https:\/\/provence-materiaux-anciens.com\/\",\"name\":\"Provence Mat\u00e9riaux Anciens\",\"description\":\"Achat et vente de mat\u00e9riaux anciens de construction, poutres, tuiles, planchers, charpentes, dallages, terres cuites.\",\"publisher\":{\"@id\":\"https:\/\/provence-materiaux-anciens.com\/#organization\"},\"potentialAction\":[{\"@type\":\"SearchAction\",\"target\":{\"@type\":\"EntryPoint\",\"urlTemplate\":\"https:\/\/provence-materiaux-anciens.com\/?s={search_term_string}\"},\"query-input\":{\"@type\":\"PropertyValueSpecification\",\"valueRequired\":true,\"valueName\":\"search_term_string\"}}],\"inLanguage\":\"fr-FR\"},{\"@type\":\"Organization\",\"@id\":\"https:\/\/provence-materiaux-anciens.com\/#organization\",\"name\":\"Provence Mat\u00e9riaux Anciens\",\"url\":\"https:\/\/provence-materiaux-anciens.com\/\",\"logo\":{\"@type\":\"ImageObject\",\"inLanguage\":\"fr-FR\",\"@id\":\"https:\/\/provence-materiaux-anciens.com\/#\/schema\/logo\/image\/\",\"url\":\"https:\/\/provence-materiaux-anciens.com\/wp-content\/uploads\/2022\/03\/cropped-logo-pma-web.png\",\"contentUrl\":\"https:\/\/provence-materiaux-anciens.com\/wp-content\/uploads\/2022\/03\/cropped-logo-pma-web.png\",\"width\":650,\"height\":434,\"caption\":\"Provence Mat\u00e9riaux Anciens\"},\"image\":{\"@id\":\"https:\/\/provence-materiaux-anciens.com\/#\/schema\/logo\/image\/\"},\"sameAs\":[\"https:\/\/www.facebook.com\/provencemateriauxanciens\",\"https:\/\/www.instagram.com\/provencemateriauxanciens\/\",\"https:\/\/www.pinterest.fr\/provencemateriauxanciens\/\"]}]}<\/script>\n<!-- \/ Yoast SEO Premium plugin. -->","yoast_head_json":{"title":"Vieux pav\u00e9s granit - Provence Mat\u00e9riaux Anciens","robots":{"index":"index","follow":"follow","max-snippet":"max-snippet:-1","max-image-preview":"max-image-preview:large","max-video-preview":"max-video-preview:-1"},"canonical":"https:\/\/provence-materiaux-anciens.com\/fr\/produit\/gamme-piscine\/revetement\/vieux-paves-de-rue-granit-2\/","og_locale":"fr_FR","og_type":"article","og_title":"Vieux pav\u00e9s granit","og_description":"Ref: Vieux Pav\u00e9s de rue granit (Pav01)   Dimensions : 15 x 20 cm environs  \u00c9paisseur : 18 cm, existe aussi en \u00e9paisseur de 2 \u00e0 5 cm  Disponibilit\u00e9 : Constante  Pour des ext\u00e9rieurs originaux, optez pour nos vieux pav\u00e9s de rue granit. Nos vieux pav\u00e9s de rue granit rendront vos espaces ext\u00e9rieurs authentiques Ces pav\u00e9s en granit proviennent de diff\u00e9rentes villes. Chacun d\u2019eux a d\u00e9j\u00e0 \u00e9t\u00e9 utilis\u00e9 pour rev\u00eatir les rues, ils ont donc tous une histoire, une patine et un caract\u00e8re unique.  En g\u00e9n\u00e9ral leur apparence naturelle fait craquer de nombreuses personnes. En effet, ces pav\u00e9s gr\u00e2ce \u00e0 leur teinte naturelle ajoutent du caract\u00e8re et de l\u2019\u00e9l\u00e9gance aux projets d\u2019am\u00e9nagement paysager ou de construction. Nous les utilisons chez nous comme rev\u00eatements de piscine int\u00e9rieur ou ext\u00e9rieur.  Nos Vieux pav\u00e9s de rue granit peuvent \u00eatre utilis\u00e9s pour cr\u00e9er des designs textur\u00e9s et authentiques. Ce sont des pav\u00e9s que vous pourrez polir pour avoir une surface lisse ou les laisser tel quel pour une surface rugueuse et rustique.","og_url":"https:\/\/provence-materiaux-anciens.com\/fr\/produit\/gamme-piscine\/revetement\/vieux-paves-de-rue-granit-2\/","og_site_name":"Provence Mat\u00e9riaux Anciens","article_publisher":"https:\/\/www.facebook.com\/provencemateriauxanciens","article_modified_time":"2025-07-25T07:23:30+00:00","og_image":[{"width":2560,"height":1707,"url":"https:\/\/provence-materiaux-anciens.com\/wp-content\/uploads\/2023\/10\/DSC_0293-scaled.jpg","type":"image\/jpeg"}],"twitter_card":"summary_large_image","twitter_misc":{"Dur\u00e9e de lecture estim\u00e9e":"1 minute"},"schema":{"@context":"https:\/\/schema.org","@graph":[{"@type":"WebPage","@id":"https:\/\/provence-materiaux-anciens.com\/produit\/gamme-piscine\/revetement\/vieux-paves-de-rue-granit-2\/","url":"https:\/\/provence-materiaux-anciens.com\/produit\/gamme-piscine\/revetement\/vieux-paves-de-rue-granit-2\/","name":"Vieux pav\u00e9s granit - Provence Mat\u00e9riaux Anciens","isPartOf":{"@id":"https:\/\/provence-materiaux-anciens.com\/#website"},"primaryImageOfPage":{"@id":"https:\/\/provence-materiaux-anciens.com\/produit\/gamme-piscine\/revetement\/vieux-paves-de-rue-granit-2\/#primaryimage"},"image":{"@id":"https:\/\/provence-materiaux-anciens.com\/produit\/gamme-piscine\/revetement\/vieux-paves-de-rue-granit-2\/#primaryimage"},"thumbnailUrl":"https:\/\/provence-materiaux-anciens.com\/wp-content\/uploads\/2023\/10\/DSC_0293-scaled.jpg","datePublished":"2023-10-30T14:49:57+00:00","dateModified":"2025-07-25T07:23:30+00:00","breadcrumb":{"@id":"https:\/\/provence-materiaux-anciens.com\/produit\/gamme-piscine\/revetement\/vieux-paves-de-rue-granit-2\/#breadcrumb"},"inLanguage":"fr-FR","potentialAction":[{"@type":"ReadAction","target":["https:\/\/provence-materiaux-anciens.com\/produit\/gamme-piscine\/revetement\/vieux-paves-de-rue-granit-2\/"]}]},{"@type":"ImageObject","inLanguage":"fr-FR","@id":"https:\/\/provence-materiaux-anciens.com\/produit\/gamme-piscine\/revetement\/vieux-paves-de-rue-granit-2\/#primaryimage","url":"https:\/\/provence-materiaux-anciens.com\/wp-content\/uploads\/2023\/10\/DSC_0293-scaled.jpg","contentUrl":"https:\/\/provence-materiaux-anciens.com\/wp-content\/uploads\/2023\/10\/DSC_0293-scaled.jpg","width":2560,"height":1707},{"@type":"BreadcrumbList","@id":"https:\/\/provence-materiaux-anciens.com\/produit\/gamme-piscine\/revetement\/vieux-paves-de-rue-granit-2\/#breadcrumb","itemListElement":[{"@type":"ListItem","position":1,"name":"Accueil","item":"https:\/\/provence-materiaux-anciens.com\/fr\/"},{"@type":"ListItem","position":2,"name":"Produits","item":"https:\/\/provence-materiaux-anciens.com\/produit\/"},{"@type":"ListItem","position":3,"name":"Vieux pav\u00e9s granit"}]},{"@type":"WebSite","@id":"https:\/\/provence-materiaux-anciens.com\/#website","url":"https:\/\/provence-materiaux-anciens.com\/","name":"Provence Mat\u00e9riaux Anciens","description":"Achat et vente de mat\u00e9riaux anciens de construction, poutres, tuiles, planchers, charpentes, dallages, terres cuites.","publisher":{"@id":"https:\/\/provence-materiaux-anciens.com\/#organization"},"potentialAction":[{"@type":"SearchAction","target":{"@type":"EntryPoint","urlTemplate":"https:\/\/provence-materiaux-anciens.com\/?s={search_term_string}"},"query-input":{"@type":"PropertyValueSpecification","valueRequired":true,"valueName":"search_term_string"}}],"inLanguage":"fr-FR"},{"@type":"Organization","@id":"https:\/\/provence-materiaux-anciens.com\/#organization","name":"Provence Mat\u00e9riaux Anciens","url":"https:\/\/provence-materiaux-anciens.com\/","logo":{"@type":"ImageObject","inLanguage":"fr-FR","@id":"https:\/\/provence-materiaux-anciens.com\/#\/schema\/logo\/image\/","url":"https:\/\/provence-materiaux-anciens.com\/wp-content\/uploads\/2022\/03\/cropped-logo-pma-web.png","contentUrl":"https:\/\/provence-materiaux-anciens.com\/wp-content\/uploads\/2022\/03\/cropped-logo-pma-web.png","width":650,"height":434,"caption":"Provence Mat\u00e9riaux Anciens"},"image":{"@id":"https:\/\/provence-materiaux-anciens.com\/#\/schema\/logo\/image\/"},"sameAs":["https:\/\/www.facebook.com\/provencemateriauxanciens","https:\/\/www.instagram.com\/provencemateriauxanciens\/","https:\/\/www.pinterest.fr\/provencemateriauxanciens\/"]}]}},"_links":{"self":[{"href":"https:\/\/provence-materiaux-anciens.com\/fr\/wp-json\/wp\/v2\/product\/4172","targetHints":{"allow":["GET"]}}],"collection":[{"href":"https:\/\/provence-materiaux-anciens.com\/fr\/wp-json\/wp\/v2\/product"}],"about":[{"href":"https:\/\/provence-materiaux-anciens.com\/fr\/wp-json\/wp\/v2\/types\/product"}],"wp:featuredmedia":[{"embeddable":true,"href":"https:\/\/provence-materiaux-anciens.com\/fr\/wp-json\/wp\/v2\/media\/4366"}],"wp:attachment":[{"href":"https:\/\/provence-materiaux-anciens.com\/fr\/wp-json\/wp\/v2\/media?parent=4172"}],"wp:term":[{"taxonomy":"product_brand","embeddable":true,"href":"https:\/\/provence-materiaux-anciens.com\/fr\/wp-json\/wp\/v2\/product_brand?post=4172"},{"taxonomy":"product_cat","embeddable":true,"href":"https:\/\/provence-materiaux-anciens.com\/fr\/wp-json\/wp\/v2\/product_cat?post=4172"},{"taxonomy":"product_tag","embeddable":true,"href":"https:\/\/provence-materiaux-anciens.com\/fr\/wp-json\/wp\/v2\/product_tag?post=4172"}],"curies":[{"name":"wp","href":"https:\/\/api.w.org\/{rel}","templated":true}]}}