{"id":6021,"date":"2025-07-23T14:46:48","date_gmt":"2025-07-23T14:46:48","guid":{"rendered":"https:\/\/provence-materiaux-anciens.com\/?post_type=product&#038;p=6021"},"modified":"2025-09-11T07:49:34","modified_gmt":"2025-09-11T07:49:34","slug":"marche-escalier","status":"publish","type":"product","link":"https:\/\/provence-materiaux-anciens.com\/fr\/produit\/sols\/dallage-pierre-naturelle\/marche-escalier\/","title":{"rendered":"Marche escalier"},"content":{"rendered":"","protected":false},"excerpt":{"rendered":"<h3 data-start=\"148\" data-end=\"204\"><strong data-start=\"152\" data-end=\"202\">Marches en pierre naturelle\u00a0<\/strong><\/h3>\n<p data-start=\"205\" data-end=\"246\"><strong data-start=\"205\" data-end=\"246\">Le pas s\u00fbr de l\u2019\u00e9l\u00e9gance intemporelle<\/strong><\/p>\n<p data-start=\"248\" data-end=\"545\">Sublimez vos ext\u00e9rieurs (ou vos int\u00e9rieurs de caract\u00e8re) avec nos marches en pierre naturelle.<\/p>\n<p data-start=\"248\" data-end=\"545\">Une dimension harmonieuse, parfaite pour structurer une mont\u00e9e d\u2019escaliers, souligner une terrasse en restanque ou composer un jardin \u00e0 l\u2019allure m\u00e9diterran\u00e9enne.<\/p>\n<p data-start=\"547\" data-end=\"748\">Taill\u00e9es dans n&rsquo;imorte quel type de pierre, ces marches allient robustesse et raffinement. Leur finition naturelle \u00e9voque le charme des demeures d\u2019antan tout en s\u2019adaptant aux projets les plus contemporains.<\/p>\n<p data-start=\"750\" data-end=\"1049\"><strong data-start=\"750\" data-end=\"776\">Pourquoi les choisir ?<\/strong><br data-start=\"776\" data-end=\"779\" \/>\u2013 Une <strong data-start=\"785\" data-end=\"799\">durabilit\u00e9<\/strong> \u00e0 toute \u00e9preuve : la pierre vieillit magnifiquement, sans jamais perdre de son cachet.<br data-start=\"886\" data-end=\"889\" \/>\u2013 Un <strong data-start=\"894\" data-end=\"913\">format pratique<\/strong> : longueur g\u00e9n\u00e9reuse, \u00e9paisseur solide, pose facilit\u00e9e.<br data-start=\"969\" data-end=\"972\" \/>\u2013 Une <strong data-start=\"978\" data-end=\"998\">esth\u00e9tique noble<\/strong>, pour transformer chaque pas en un geste de style.<\/p>\n<p data-start=\"1051\" data-end=\"1168\"><strong data-start=\"1051\" data-end=\"1065\">\u00c0 associer<\/strong> avec dalles, margelles ou parements de notre gamme pour un ensemble coh\u00e9rent, plein d\u2019\u00e2me et d\u2019allure.<\/p>\n<p><strong>FINITION :<\/strong> vibr\u00e9<\/p>\n<p><strong>FORMAT :<\/strong> 100 x 10 x 15 cm bord droit.<\/p>\n<p>Format sp\u00e9cifique sur demande.<\/p>\n<p>Pour accompagner ces margelles, nous vous conseillons notre <a href=\"https:\/\/provence-materiaux-anciens.com\/fr\/produit\/sols\/dallage-pierre-naturelle\/dallages\/dalles-en-pierre-naturelle-amazone\/\">dallage en pierre naturelle amazone.<\/a><\/p>\n","protected":false},"featured_media":6023,"template":"","meta":{"_monsterinsights_skip_tracking":false,"_monsterinsights_sitenote_active":false,"_monsterinsights_sitenote_note":"","_monsterinsights_sitenote_category":0},"product_brand":[],"product_cat":[38,185],"product_tag":[],"class_list":{"0":"post-6021","1":"product","2":"type-product","3":"status-publish","4":"has-post-thumbnail","6":"product_cat-dallage-pierre-naturelle","7":"product_cat-marche-escalier","9":"first","10":"instock","11":"shipping-taxable","12":"product-type-simple"},"yoast_head":"<!-- This site is optimized with the Yoast SEO Premium plugin v22.1 (Yoast SEO v24.6) - https:\/\/yoast.com\/wordpress\/plugins\/seo\/ -->\n<title>Marche escalier - Provence Mat\u00e9riaux Anciens<\/title>\n<meta name=\"robots\" content=\"index, follow, max-snippet:-1, max-image-preview:large, max-video-preview:-1\" \/>\n<link rel=\"canonical\" href=\"https:\/\/provence-materiaux-anciens.com\/fr\/produit\/sols\/dallage-pierre-naturelle\/marche-escalier\/\" \/>\n<meta property=\"og:locale\" content=\"fr_FR\" \/>\n<meta property=\"og:type\" content=\"article\" \/>\n<meta property=\"og:title\" content=\"Marche escalier\" \/>\n<meta property=\"og:description\" content=\"Marches en pierre naturelle\u00a0 Le pas s\u00fbr de l\u2019\u00e9l\u00e9gance intemporelle Sublimez vos ext\u00e9rieurs (ou vos int\u00e9rieurs de caract\u00e8re) avec nos marches en pierre naturelle. Une dimension harmonieuse, parfaite pour structurer une mont\u00e9e d\u2019escaliers, souligner une terrasse en restanque ou composer un jardin \u00e0 l\u2019allure m\u00e9diterran\u00e9enne. Taill\u00e9es dans n&#039;imorte quel type de pierre, ces marches allient robustesse et raffinement. Leur finition naturelle \u00e9voque le charme des demeures d\u2019antan tout en s\u2019adaptant aux projets les plus contemporains. Pourquoi les choisir ?\u2013 Une durabilit\u00e9 \u00e0 toute \u00e9preuve : la pierre vieillit magnifiquement, sans jamais perdre de son cachet.\u2013 Un format pratique : longueur g\u00e9n\u00e9reuse, \u00e9paisseur solide, pose facilit\u00e9e.\u2013 Une esth\u00e9tique noble, pour transformer chaque pas en un geste de style. \u00c0 associer avec dalles, margelles ou parements de notre gamme pour un ensemble coh\u00e9rent, plein d\u2019\u00e2me et d\u2019allure. FINITION : vibr\u00e9  FORMAT : 100 x 10 x 15 cm bord droit.  Format sp\u00e9cifique sur demande.  Pour accompagner ces margelles, nous vous conseillons notre dallage en pierre naturelle amazone.\" \/>\n<meta property=\"og:url\" content=\"https:\/\/provence-materiaux-anciens.com\/fr\/produit\/sols\/dallage-pierre-naturelle\/marche-escalier\/\" \/>\n<meta property=\"og:site_name\" content=\"Provence Mat\u00e9riaux Anciens\" \/>\n<meta property=\"article:publisher\" content=\"https:\/\/www.facebook.com\/provencemateriauxanciens\" \/>\n<meta property=\"article:modified_time\" content=\"2025-09-11T07:49:34+00:00\" \/>\n<meta property=\"og:image\" content=\"https:\/\/provence-materiaux-anciens.com\/wp-content\/uploads\/2025\/07\/DSC_0010-scaled.jpg\" \/>\n\t<meta property=\"og:image:width\" content=\"1707\" \/>\n\t<meta property=\"og:image:height\" content=\"2560\" \/>\n\t<meta property=\"og:image:type\" content=\"image\/jpeg\" \/>\n<meta name=\"twitter:card\" content=\"summary_large_image\" \/>\n<meta name=\"twitter:label1\" content=\"Dur\u00e9e de lecture estim\u00e9e\" \/>\n\t<meta name=\"twitter:data1\" content=\"1 minute\" \/>\n<script type=\"application\/ld+json\" class=\"yoast-schema-graph\">{\"@context\":\"https:\/\/schema.org\",\"@graph\":[{\"@type\":\"WebPage\",\"@id\":\"https:\/\/provence-materiaux-anciens.com\/produit\/sols\/dallage-pierre-naturelle\/marche-escalier\/\",\"url\":\"https:\/\/provence-materiaux-anciens.com\/produit\/sols\/dallage-pierre-naturelle\/marche-escalier\/\",\"name\":\"Marche escalier - Provence Mat\u00e9riaux Anciens\",\"isPartOf\":{\"@id\":\"https:\/\/provence-materiaux-anciens.com\/#website\"},\"primaryImageOfPage\":{\"@id\":\"https:\/\/provence-materiaux-anciens.com\/produit\/sols\/dallage-pierre-naturelle\/marche-escalier\/#primaryimage\"},\"image\":{\"@id\":\"https:\/\/provence-materiaux-anciens.com\/produit\/sols\/dallage-pierre-naturelle\/marche-escalier\/#primaryimage\"},\"thumbnailUrl\":\"https:\/\/provence-materiaux-anciens.com\/wp-content\/uploads\/2025\/07\/DSC_0010-scaled.jpg\",\"datePublished\":\"2025-07-23T14:46:48+00:00\",\"dateModified\":\"2025-09-11T07:49:34+00:00\",\"breadcrumb\":{\"@id\":\"https:\/\/provence-materiaux-anciens.com\/produit\/sols\/dallage-pierre-naturelle\/marche-escalier\/#breadcrumb\"},\"inLanguage\":\"fr-FR\",\"potentialAction\":[{\"@type\":\"ReadAction\",\"target\":[\"https:\/\/provence-materiaux-anciens.com\/produit\/sols\/dallage-pierre-naturelle\/marche-escalier\/\"]}]},{\"@type\":\"ImageObject\",\"inLanguage\":\"fr-FR\",\"@id\":\"https:\/\/provence-materiaux-anciens.com\/produit\/sols\/dallage-pierre-naturelle\/marche-escalier\/#primaryimage\",\"url\":\"https:\/\/provence-materiaux-anciens.com\/wp-content\/uploads\/2025\/07\/DSC_0010-scaled.jpg\",\"contentUrl\":\"https:\/\/provence-materiaux-anciens.com\/wp-content\/uploads\/2025\/07\/DSC_0010-scaled.jpg\",\"width\":1707,\"height\":2560},{\"@type\":\"BreadcrumbList\",\"@id\":\"https:\/\/provence-materiaux-anciens.com\/produit\/sols\/dallage-pierre-naturelle\/marche-escalier\/#breadcrumb\",\"itemListElement\":[{\"@type\":\"ListItem\",\"position\":1,\"name\":\"Accueil\",\"item\":\"https:\/\/provence-materiaux-anciens.com\/fr\/\"},{\"@type\":\"ListItem\",\"position\":2,\"name\":\"Produits\",\"item\":\"https:\/\/provence-materiaux-anciens.com\/produit\/\"},{\"@type\":\"ListItem\",\"position\":3,\"name\":\"Marche escalier\"}]},{\"@type\":\"WebSite\",\"@id\":\"https:\/\/provence-materiaux-anciens.com\/#website\",\"url\":\"https:\/\/provence-materiaux-anciens.com\/\",\"name\":\"Provence Mat\u00e9riaux Anciens\",\"description\":\"Achat et vente de mat\u00e9riaux anciens de construction, poutres, tuiles, planchers, charpentes, dallages, terres cuites.\",\"publisher\":{\"@id\":\"https:\/\/provence-materiaux-anciens.com\/#organization\"},\"potentialAction\":[{\"@type\":\"SearchAction\",\"target\":{\"@type\":\"EntryPoint\",\"urlTemplate\":\"https:\/\/provence-materiaux-anciens.com\/?s={search_term_string}\"},\"query-input\":{\"@type\":\"PropertyValueSpecification\",\"valueRequired\":true,\"valueName\":\"search_term_string\"}}],\"inLanguage\":\"fr-FR\"},{\"@type\":\"Organization\",\"@id\":\"https:\/\/provence-materiaux-anciens.com\/#organization\",\"name\":\"Provence Mat\u00e9riaux Anciens\",\"url\":\"https:\/\/provence-materiaux-anciens.com\/\",\"logo\":{\"@type\":\"ImageObject\",\"inLanguage\":\"fr-FR\",\"@id\":\"https:\/\/provence-materiaux-anciens.com\/#\/schema\/logo\/image\/\",\"url\":\"https:\/\/provence-materiaux-anciens.com\/wp-content\/uploads\/2022\/03\/cropped-logo-pma-web.png\",\"contentUrl\":\"https:\/\/provence-materiaux-anciens.com\/wp-content\/uploads\/2022\/03\/cropped-logo-pma-web.png\",\"width\":650,\"height\":434,\"caption\":\"Provence Mat\u00e9riaux Anciens\"},\"image\":{\"@id\":\"https:\/\/provence-materiaux-anciens.com\/#\/schema\/logo\/image\/\"},\"sameAs\":[\"https:\/\/www.facebook.com\/provencemateriauxanciens\",\"https:\/\/www.instagram.com\/provencemateriauxanciens\/\",\"https:\/\/www.pinterest.fr\/provencemateriauxanciens\/\"]}]}<\/script>\n<!-- \/ Yoast SEO Premium plugin. -->","yoast_head_json":{"title":"Marche escalier - Provence Mat\u00e9riaux Anciens","robots":{"index":"index","follow":"follow","max-snippet":"max-snippet:-1","max-image-preview":"max-image-preview:large","max-video-preview":"max-video-preview:-1"},"canonical":"https:\/\/provence-materiaux-anciens.com\/fr\/produit\/sols\/dallage-pierre-naturelle\/marche-escalier\/","og_locale":"fr_FR","og_type":"article","og_title":"Marche escalier","og_description":"Marches en pierre naturelle\u00a0 Le pas s\u00fbr de l\u2019\u00e9l\u00e9gance intemporelle Sublimez vos ext\u00e9rieurs (ou vos int\u00e9rieurs de caract\u00e8re) avec nos marches en pierre naturelle. Une dimension harmonieuse, parfaite pour structurer une mont\u00e9e d\u2019escaliers, souligner une terrasse en restanque ou composer un jardin \u00e0 l\u2019allure m\u00e9diterran\u00e9enne. Taill\u00e9es dans n'imorte quel type de pierre, ces marches allient robustesse et raffinement. Leur finition naturelle \u00e9voque le charme des demeures d\u2019antan tout en s\u2019adaptant aux projets les plus contemporains. Pourquoi les choisir ?\u2013 Une durabilit\u00e9 \u00e0 toute \u00e9preuve : la pierre vieillit magnifiquement, sans jamais perdre de son cachet.\u2013 Un format pratique : longueur g\u00e9n\u00e9reuse, \u00e9paisseur solide, pose facilit\u00e9e.\u2013 Une esth\u00e9tique noble, pour transformer chaque pas en un geste de style. \u00c0 associer avec dalles, margelles ou parements de notre gamme pour un ensemble coh\u00e9rent, plein d\u2019\u00e2me et d\u2019allure. FINITION : vibr\u00e9  FORMAT : 100 x 10 x 15 cm bord droit.  Format sp\u00e9cifique sur demande.  Pour accompagner ces margelles, nous vous conseillons notre dallage en pierre naturelle amazone.","og_url":"https:\/\/provence-materiaux-anciens.com\/fr\/produit\/sols\/dallage-pierre-naturelle\/marche-escalier\/","og_site_name":"Provence Mat\u00e9riaux Anciens","article_publisher":"https:\/\/www.facebook.com\/provencemateriauxanciens","article_modified_time":"2025-09-11T07:49:34+00:00","og_image":[{"width":1707,"height":2560,"url":"https:\/\/provence-materiaux-anciens.com\/wp-content\/uploads\/2025\/07\/DSC_0010-scaled.jpg","type":"image\/jpeg"}],"twitter_card":"summary_large_image","twitter_misc":{"Dur\u00e9e de lecture estim\u00e9e":"1 minute"},"schema":{"@context":"https:\/\/schema.org","@graph":[{"@type":"WebPage","@id":"https:\/\/provence-materiaux-anciens.com\/produit\/sols\/dallage-pierre-naturelle\/marche-escalier\/","url":"https:\/\/provence-materiaux-anciens.com\/produit\/sols\/dallage-pierre-naturelle\/marche-escalier\/","name":"Marche escalier - Provence Mat\u00e9riaux Anciens","isPartOf":{"@id":"https:\/\/provence-materiaux-anciens.com\/#website"},"primaryImageOfPage":{"@id":"https:\/\/provence-materiaux-anciens.com\/produit\/sols\/dallage-pierre-naturelle\/marche-escalier\/#primaryimage"},"image":{"@id":"https:\/\/provence-materiaux-anciens.com\/produit\/sols\/dallage-pierre-naturelle\/marche-escalier\/#primaryimage"},"thumbnailUrl":"https:\/\/provence-materiaux-anciens.com\/wp-content\/uploads\/2025\/07\/DSC_0010-scaled.jpg","datePublished":"2025-07-23T14:46:48+00:00","dateModified":"2025-09-11T07:49:34+00:00","breadcrumb":{"@id":"https:\/\/provence-materiaux-anciens.com\/produit\/sols\/dallage-pierre-naturelle\/marche-escalier\/#breadcrumb"},"inLanguage":"fr-FR","potentialAction":[{"@type":"ReadAction","target":["https:\/\/provence-materiaux-anciens.com\/produit\/sols\/dallage-pierre-naturelle\/marche-escalier\/"]}]},{"@type":"ImageObject","inLanguage":"fr-FR","@id":"https:\/\/provence-materiaux-anciens.com\/produit\/sols\/dallage-pierre-naturelle\/marche-escalier\/#primaryimage","url":"https:\/\/provence-materiaux-anciens.com\/wp-content\/uploads\/2025\/07\/DSC_0010-scaled.jpg","contentUrl":"https:\/\/provence-materiaux-anciens.com\/wp-content\/uploads\/2025\/07\/DSC_0010-scaled.jpg","width":1707,"height":2560},{"@type":"BreadcrumbList","@id":"https:\/\/provence-materiaux-anciens.com\/produit\/sols\/dallage-pierre-naturelle\/marche-escalier\/#breadcrumb","itemListElement":[{"@type":"ListItem","position":1,"name":"Accueil","item":"https:\/\/provence-materiaux-anciens.com\/fr\/"},{"@type":"ListItem","position":2,"name":"Produits","item":"https:\/\/provence-materiaux-anciens.com\/produit\/"},{"@type":"ListItem","position":3,"name":"Marche escalier"}]},{"@type":"WebSite","@id":"https:\/\/provence-materiaux-anciens.com\/#website","url":"https:\/\/provence-materiaux-anciens.com\/","name":"Provence Mat\u00e9riaux Anciens","description":"Achat et vente de mat\u00e9riaux anciens de construction, poutres, tuiles, planchers, charpentes, dallages, terres cuites.","publisher":{"@id":"https:\/\/provence-materiaux-anciens.com\/#organization"},"potentialAction":[{"@type":"SearchAction","target":{"@type":"EntryPoint","urlTemplate":"https:\/\/provence-materiaux-anciens.com\/?s={search_term_string}"},"query-input":{"@type":"PropertyValueSpecification","valueRequired":true,"valueName":"search_term_string"}}],"inLanguage":"fr-FR"},{"@type":"Organization","@id":"https:\/\/provence-materiaux-anciens.com\/#organization","name":"Provence Mat\u00e9riaux Anciens","url":"https:\/\/provence-materiaux-anciens.com\/","logo":{"@type":"ImageObject","inLanguage":"fr-FR","@id":"https:\/\/provence-materiaux-anciens.com\/#\/schema\/logo\/image\/","url":"https:\/\/provence-materiaux-anciens.com\/wp-content\/uploads\/2022\/03\/cropped-logo-pma-web.png","contentUrl":"https:\/\/provence-materiaux-anciens.com\/wp-content\/uploads\/2022\/03\/cropped-logo-pma-web.png","width":650,"height":434,"caption":"Provence Mat\u00e9riaux Anciens"},"image":{"@id":"https:\/\/provence-materiaux-anciens.com\/#\/schema\/logo\/image\/"},"sameAs":["https:\/\/www.facebook.com\/provencemateriauxanciens","https:\/\/www.instagram.com\/provencemateriauxanciens\/","https:\/\/www.pinterest.fr\/provencemateriauxanciens\/"]}]}},"_links":{"self":[{"href":"https:\/\/provence-materiaux-anciens.com\/fr\/wp-json\/wp\/v2\/product\/6021","targetHints":{"allow":["GET"]}}],"collection":[{"href":"https:\/\/provence-materiaux-anciens.com\/fr\/wp-json\/wp\/v2\/product"}],"about":[{"href":"https:\/\/provence-materiaux-anciens.com\/fr\/wp-json\/wp\/v2\/types\/product"}],"wp:featuredmedia":[{"embeddable":true,"href":"https:\/\/provence-materiaux-anciens.com\/fr\/wp-json\/wp\/v2\/media\/6023"}],"wp:attachment":[{"href":"https:\/\/provence-materiaux-anciens.com\/fr\/wp-json\/wp\/v2\/media?parent=6021"}],"wp:term":[{"taxonomy":"product_brand","embeddable":true,"href":"https:\/\/provence-materiaux-anciens.com\/fr\/wp-json\/wp\/v2\/product_brand?post=6021"},{"taxonomy":"product_cat","embeddable":true,"href":"https:\/\/provence-materiaux-anciens.com\/fr\/wp-json\/wp\/v2\/product_cat?post=6021"},{"taxonomy":"product_tag","embeddable":true,"href":"https:\/\/provence-materiaux-anciens.com\/fr\/wp-json\/wp\/v2\/product_tag?post=6021"}],"curies":[{"name":"wp","href":"https:\/\/api.w.org\/{rel}","templated":true}]}}