{"id":6058,"date":"2025-07-24T14:31:32","date_gmt":"2025-07-24T14:31:32","guid":{"rendered":"https:\/\/provence-materiaux-anciens.com\/?post_type=product&#038;p=6058"},"modified":"2025-07-24T15:04:30","modified_gmt":"2025-07-24T15:04:30","slug":"planches-a-wagon-exotique","status":"publish","type":"product","link":"https:\/\/provence-materiaux-anciens.com\/fr\/produit\/sols\/plancher-parquet\/plancher-de-wagon\/planches-a-wagon-exotique\/","title":{"rendered":"Planches \u00e0 wagon exotique"},"content":{"rendered":"","protected":false},"excerpt":{"rendered":"<h3 data-start=\"186\" data-end=\"222\"><strong data-start=\"190\" data-end=\"220\">Planches en wagon exotique<\/strong><\/h3>\n<p data-start=\"223\" data-end=\"283\"><strong data-start=\"223\" data-end=\"283\">L\u2019\u00e2me du bois pour une terrasse au charme brut<\/strong><\/p>\n<p data-start=\"285\" data-end=\"623\">Offrez \u00e0 vos ext\u00e9rieurs une signature rare avec nos <strong data-start=\"337\" data-end=\"367\">planches en wagon exotique<\/strong>. Ces bois denses et resistant peuvent devenir le socle de votre <strong data-start=\"472\" data-end=\"501\">terrasse en bois exotique<\/strong>. Leur patine naturelle, leurs traces du temps et leur texture profonde racontent une histoire que le neuf n\u2019imite jamais.<\/p>\n<p data-start=\"625\" data-end=\"889\">Chaque planche a roul\u00e9 sous le ciel, travers\u00e9 les saisons, et c\u2019est justement ce v\u00e9cu qui fait toute leur beaut\u00e9. Ponc\u00e9es, nettoy\u00e9es puis retravaill\u00e9es avec soin, elles deviennent le support id\u00e9al d\u2019une <strong data-start=\"828\" data-end=\"888\">terrasse authentique, chaleureuse et r\u00e9solument \u00e9l\u00e9gante<\/strong>.<\/p>\n<p data-start=\"891\" data-end=\"1174\"><strong data-start=\"891\" data-end=\"920\">Pourquoi on les choisit ?<\/strong><br data-start=\"920\" data-end=\"923\" \/>\u2013 Pour leur <strong data-start=\"935\" data-end=\"955\">essence exotique<\/strong>, naturellement r\u00e9sistante aux intemp\u00e9ries.<br data-start=\"997\" data-end=\"1000\" \/>\u2013 Pour leur <strong data-start=\"1012\" data-end=\"1032\">caract\u00e8re unique<\/strong> : aucune planche identique, un rendu vibrant et vivant.<br data-start=\"1087\" data-end=\"1090\" \/>\u2013 Pour la <strong data-start=\"1100\" data-end=\"1127\">d\u00e9marche \u00e9coresponsable<\/strong> : un bois d\u00e9j\u00e0 utilis\u00e9, r\u00e9employ\u00e9 avec style.<\/p>\n<p data-start=\"1176\" data-end=\"1398\">Parfaites pour les amoureux de mati\u00e8res nobles, les amateurs d&rsquo;ambiances boh\u00e8mes chic ou les projets paysag\u00e9s haut de gamme, nos planches en wagon redonnent \u00e0 la <strong data-start=\"1338\" data-end=\"1367\">terrasse en bois exotique<\/strong> toute sa dimension artistique.<\/p>\n<p><strong>Longueur :<\/strong> de 50 \u00e0 260 cm en moyenne<\/p>\n<p><strong>Largeur :<\/strong> entre 14 et 23 cm en moyenne<\/p>\n<p><strong>\u00c9paisseur :<\/strong> de 1,8 \u00e0 4 cm<\/p>\n<p><b>Disponibilit\u00e9<\/b> : Al\u00e9atoire, n&rsquo;h\u00e9sitez pas \u00e0 nous<a href=\"https:\/\/provence-materiaux-anciens.com\/contact\/\"> contacter<\/a> si vous souhaitez savoir la disponibilit\u00e9 du produit.<\/p>\n","protected":false},"featured_media":6059,"template":"","meta":{"_monsterinsights_skip_tracking":false,"_monsterinsights_sitenote_active":false,"_monsterinsights_sitenote_note":"","_monsterinsights_sitenote_category":0},"product_brand":[],"product_cat":[44,42,32],"product_tag":[],"class_list":{"0":"post-6058","1":"product","2":"type-product","3":"status-publish","4":"has-post-thumbnail","6":"product_cat-plancher-de-wagon","7":"product_cat-plancher-parquet","8":"product_cat-sols","10":"first","11":"instock","12":"shipping-taxable","13":"product-type-simple"},"yoast_head":"<!-- This site is optimized with the Yoast SEO Premium plugin v22.1 (Yoast SEO v24.6) - https:\/\/yoast.com\/wordpress\/plugins\/seo\/ -->\n<title>Planches \u00e0 wagon exotique - Provence Mat\u00e9riaux Anciens<\/title>\n<meta name=\"robots\" content=\"index, follow, max-snippet:-1, max-image-preview:large, max-video-preview:-1\" \/>\n<link rel=\"canonical\" href=\"https:\/\/provence-materiaux-anciens.com\/fr\/produit\/sols\/plancher-parquet\/plancher-de-wagon\/planches-a-wagon-exotique\/\" \/>\n<meta property=\"og:locale\" content=\"fr_FR\" \/>\n<meta property=\"og:type\" content=\"article\" \/>\n<meta property=\"og:title\" content=\"Planches \u00e0 wagon exotique\" \/>\n<meta property=\"og:description\" content=\"Planches en wagon exotique L\u2019\u00e2me du bois pour une terrasse au charme brut Offrez \u00e0 vos ext\u00e9rieurs une signature rare avec nos planches en wagon exotique. Ces bois denses et resistant peuvent devenir le socle de votre terrasse en bois exotique. Leur patine naturelle, leurs traces du temps et leur texture profonde racontent une histoire que le neuf n\u2019imite jamais. Chaque planche a roul\u00e9 sous le ciel, travers\u00e9 les saisons, et c\u2019est justement ce v\u00e9cu qui fait toute leur beaut\u00e9. Ponc\u00e9es, nettoy\u00e9es puis retravaill\u00e9es avec soin, elles deviennent le support id\u00e9al d\u2019une terrasse authentique, chaleureuse et r\u00e9solument \u00e9l\u00e9gante. Pourquoi on les choisit ?\u2013 Pour leur essence exotique, naturellement r\u00e9sistante aux intemp\u00e9ries.\u2013 Pour leur caract\u00e8re unique : aucune planche identique, un rendu vibrant et vivant.\u2013 Pour la d\u00e9marche \u00e9coresponsable : un bois d\u00e9j\u00e0 utilis\u00e9, r\u00e9employ\u00e9 avec style. Parfaites pour les amoureux de mati\u00e8res nobles, les amateurs d&#039;ambiances boh\u00e8mes chic ou les projets paysag\u00e9s haut de gamme, nos planches en wagon redonnent \u00e0 la terrasse en bois exotique toute sa dimension artistique. Longueur : de 50 \u00e0 260 cm en moyenne  Largeur : entre 14 et 23 cm en moyenne  \u00c9paisseur : de 1,8 \u00e0 4 cm  Disponibilit\u00e9 : Al\u00e9atoire, n&#039;h\u00e9sitez pas \u00e0 nous contacter si vous souhaitez savoir la disponibilit\u00e9 du produit.\" \/>\n<meta property=\"og:url\" content=\"https:\/\/provence-materiaux-anciens.com\/fr\/produit\/sols\/plancher-parquet\/plancher-de-wagon\/planches-a-wagon-exotique\/\" \/>\n<meta property=\"og:site_name\" content=\"Provence Mat\u00e9riaux Anciens\" \/>\n<meta property=\"article:publisher\" content=\"https:\/\/www.facebook.com\/provencemateriauxanciens\" \/>\n<meta property=\"article:modified_time\" content=\"2025-07-24T15:04:30+00:00\" \/>\n<meta property=\"og:image\" content=\"https:\/\/provence-materiaux-anciens.com\/wp-content\/uploads\/2025\/07\/20240830_092219-scaled.jpg\" \/>\n\t<meta property=\"og:image:width\" content=\"1920\" \/>\n\t<meta property=\"og:image:height\" content=\"2560\" \/>\n\t<meta property=\"og:image:type\" content=\"image\/jpeg\" \/>\n<meta name=\"twitter:card\" content=\"summary_large_image\" \/>\n<meta name=\"twitter:label1\" content=\"Dur\u00e9e de lecture estim\u00e9e\" \/>\n\t<meta name=\"twitter:data1\" content=\"1 minute\" \/>\n<script type=\"application\/ld+json\" class=\"yoast-schema-graph\">{\"@context\":\"https:\/\/schema.org\",\"@graph\":[{\"@type\":\"WebPage\",\"@id\":\"https:\/\/provence-materiaux-anciens.com\/produit\/sols\/plancher-parquet\/plancher-de-wagon\/planches-a-wagon-exotique\/\",\"url\":\"https:\/\/provence-materiaux-anciens.com\/produit\/sols\/plancher-parquet\/plancher-de-wagon\/planches-a-wagon-exotique\/\",\"name\":\"Planches \u00e0 wagon exotique - Provence Mat\u00e9riaux Anciens\",\"isPartOf\":{\"@id\":\"https:\/\/provence-materiaux-anciens.com\/#website\"},\"primaryImageOfPage\":{\"@id\":\"https:\/\/provence-materiaux-anciens.com\/produit\/sols\/plancher-parquet\/plancher-de-wagon\/planches-a-wagon-exotique\/#primaryimage\"},\"image\":{\"@id\":\"https:\/\/provence-materiaux-anciens.com\/produit\/sols\/plancher-parquet\/plancher-de-wagon\/planches-a-wagon-exotique\/#primaryimage\"},\"thumbnailUrl\":\"https:\/\/provence-materiaux-anciens.com\/wp-content\/uploads\/2025\/07\/20240830_092219-scaled.jpg\",\"datePublished\":\"2025-07-24T14:31:32+00:00\",\"dateModified\":\"2025-07-24T15:04:30+00:00\",\"breadcrumb\":{\"@id\":\"https:\/\/provence-materiaux-anciens.com\/produit\/sols\/plancher-parquet\/plancher-de-wagon\/planches-a-wagon-exotique\/#breadcrumb\"},\"inLanguage\":\"fr-FR\",\"potentialAction\":[{\"@type\":\"ReadAction\",\"target\":[\"https:\/\/provence-materiaux-anciens.com\/produit\/sols\/plancher-parquet\/plancher-de-wagon\/planches-a-wagon-exotique\/\"]}]},{\"@type\":\"ImageObject\",\"inLanguage\":\"fr-FR\",\"@id\":\"https:\/\/provence-materiaux-anciens.com\/produit\/sols\/plancher-parquet\/plancher-de-wagon\/planches-a-wagon-exotique\/#primaryimage\",\"url\":\"https:\/\/provence-materiaux-anciens.com\/wp-content\/uploads\/2025\/07\/20240830_092219-scaled.jpg\",\"contentUrl\":\"https:\/\/provence-materiaux-anciens.com\/wp-content\/uploads\/2025\/07\/20240830_092219-scaled.jpg\",\"width\":1920,\"height\":2560},{\"@type\":\"BreadcrumbList\",\"@id\":\"https:\/\/provence-materiaux-anciens.com\/produit\/sols\/plancher-parquet\/plancher-de-wagon\/planches-a-wagon-exotique\/#breadcrumb\",\"itemListElement\":[{\"@type\":\"ListItem\",\"position\":1,\"name\":\"Accueil\",\"item\":\"https:\/\/provence-materiaux-anciens.com\/fr\/\"},{\"@type\":\"ListItem\",\"position\":2,\"name\":\"Produits\",\"item\":\"https:\/\/provence-materiaux-anciens.com\/produit\/\"},{\"@type\":\"ListItem\",\"position\":3,\"name\":\"Planches \u00e0 wagon exotique\"}]},{\"@type\":\"WebSite\",\"@id\":\"https:\/\/provence-materiaux-anciens.com\/#website\",\"url\":\"https:\/\/provence-materiaux-anciens.com\/\",\"name\":\"Provence Mat\u00e9riaux Anciens\",\"description\":\"Achat et vente de mat\u00e9riaux anciens de construction, poutres, tuiles, planchers, charpentes, dallages, terres cuites.\",\"publisher\":{\"@id\":\"https:\/\/provence-materiaux-anciens.com\/#organization\"},\"potentialAction\":[{\"@type\":\"SearchAction\",\"target\":{\"@type\":\"EntryPoint\",\"urlTemplate\":\"https:\/\/provence-materiaux-anciens.com\/?s={search_term_string}\"},\"query-input\":{\"@type\":\"PropertyValueSpecification\",\"valueRequired\":true,\"valueName\":\"search_term_string\"}}],\"inLanguage\":\"fr-FR\"},{\"@type\":\"Organization\",\"@id\":\"https:\/\/provence-materiaux-anciens.com\/#organization\",\"name\":\"Provence Mat\u00e9riaux Anciens\",\"url\":\"https:\/\/provence-materiaux-anciens.com\/\",\"logo\":{\"@type\":\"ImageObject\",\"inLanguage\":\"fr-FR\",\"@id\":\"https:\/\/provence-materiaux-anciens.com\/#\/schema\/logo\/image\/\",\"url\":\"https:\/\/provence-materiaux-anciens.com\/wp-content\/uploads\/2022\/03\/cropped-logo-pma-web.png\",\"contentUrl\":\"https:\/\/provence-materiaux-anciens.com\/wp-content\/uploads\/2022\/03\/cropped-logo-pma-web.png\",\"width\":650,\"height\":434,\"caption\":\"Provence Mat\u00e9riaux Anciens\"},\"image\":{\"@id\":\"https:\/\/provence-materiaux-anciens.com\/#\/schema\/logo\/image\/\"},\"sameAs\":[\"https:\/\/www.facebook.com\/provencemateriauxanciens\",\"https:\/\/www.instagram.com\/provencemateriauxanciens\/\",\"https:\/\/www.pinterest.fr\/provencemateriauxanciens\/\"]}]}<\/script>\n<!-- \/ Yoast SEO Premium plugin. -->","yoast_head_json":{"title":"Planches \u00e0 wagon exotique - Provence Mat\u00e9riaux Anciens","robots":{"index":"index","follow":"follow","max-snippet":"max-snippet:-1","max-image-preview":"max-image-preview:large","max-video-preview":"max-video-preview:-1"},"canonical":"https:\/\/provence-materiaux-anciens.com\/fr\/produit\/sols\/plancher-parquet\/plancher-de-wagon\/planches-a-wagon-exotique\/","og_locale":"fr_FR","og_type":"article","og_title":"Planches \u00e0 wagon exotique","og_description":"Planches en wagon exotique L\u2019\u00e2me du bois pour une terrasse au charme brut Offrez \u00e0 vos ext\u00e9rieurs une signature rare avec nos planches en wagon exotique. Ces bois denses et resistant peuvent devenir le socle de votre terrasse en bois exotique. Leur patine naturelle, leurs traces du temps et leur texture profonde racontent une histoire que le neuf n\u2019imite jamais. Chaque planche a roul\u00e9 sous le ciel, travers\u00e9 les saisons, et c\u2019est justement ce v\u00e9cu qui fait toute leur beaut\u00e9. Ponc\u00e9es, nettoy\u00e9es puis retravaill\u00e9es avec soin, elles deviennent le support id\u00e9al d\u2019une terrasse authentique, chaleureuse et r\u00e9solument \u00e9l\u00e9gante. Pourquoi on les choisit ?\u2013 Pour leur essence exotique, naturellement r\u00e9sistante aux intemp\u00e9ries.\u2013 Pour leur caract\u00e8re unique : aucune planche identique, un rendu vibrant et vivant.\u2013 Pour la d\u00e9marche \u00e9coresponsable : un bois d\u00e9j\u00e0 utilis\u00e9, r\u00e9employ\u00e9 avec style. Parfaites pour les amoureux de mati\u00e8res nobles, les amateurs d'ambiances boh\u00e8mes chic ou les projets paysag\u00e9s haut de gamme, nos planches en wagon redonnent \u00e0 la terrasse en bois exotique toute sa dimension artistique. Longueur : de 50 \u00e0 260 cm en moyenne  Largeur : entre 14 et 23 cm en moyenne  \u00c9paisseur : de 1,8 \u00e0 4 cm  Disponibilit\u00e9 : Al\u00e9atoire, n'h\u00e9sitez pas \u00e0 nous contacter si vous souhaitez savoir la disponibilit\u00e9 du produit.","og_url":"https:\/\/provence-materiaux-anciens.com\/fr\/produit\/sols\/plancher-parquet\/plancher-de-wagon\/planches-a-wagon-exotique\/","og_site_name":"Provence Mat\u00e9riaux Anciens","article_publisher":"https:\/\/www.facebook.com\/provencemateriauxanciens","article_modified_time":"2025-07-24T15:04:30+00:00","og_image":[{"width":1920,"height":2560,"url":"https:\/\/provence-materiaux-anciens.com\/wp-content\/uploads\/2025\/07\/20240830_092219-scaled.jpg","type":"image\/jpeg"}],"twitter_card":"summary_large_image","twitter_misc":{"Dur\u00e9e de lecture estim\u00e9e":"1 minute"},"schema":{"@context":"https:\/\/schema.org","@graph":[{"@type":"WebPage","@id":"https:\/\/provence-materiaux-anciens.com\/produit\/sols\/plancher-parquet\/plancher-de-wagon\/planches-a-wagon-exotique\/","url":"https:\/\/provence-materiaux-anciens.com\/produit\/sols\/plancher-parquet\/plancher-de-wagon\/planches-a-wagon-exotique\/","name":"Planches \u00e0 wagon exotique - Provence Mat\u00e9riaux Anciens","isPartOf":{"@id":"https:\/\/provence-materiaux-anciens.com\/#website"},"primaryImageOfPage":{"@id":"https:\/\/provence-materiaux-anciens.com\/produit\/sols\/plancher-parquet\/plancher-de-wagon\/planches-a-wagon-exotique\/#primaryimage"},"image":{"@id":"https:\/\/provence-materiaux-anciens.com\/produit\/sols\/plancher-parquet\/plancher-de-wagon\/planches-a-wagon-exotique\/#primaryimage"},"thumbnailUrl":"https:\/\/provence-materiaux-anciens.com\/wp-content\/uploads\/2025\/07\/20240830_092219-scaled.jpg","datePublished":"2025-07-24T14:31:32+00:00","dateModified":"2025-07-24T15:04:30+00:00","breadcrumb":{"@id":"https:\/\/provence-materiaux-anciens.com\/produit\/sols\/plancher-parquet\/plancher-de-wagon\/planches-a-wagon-exotique\/#breadcrumb"},"inLanguage":"fr-FR","potentialAction":[{"@type":"ReadAction","target":["https:\/\/provence-materiaux-anciens.com\/produit\/sols\/plancher-parquet\/plancher-de-wagon\/planches-a-wagon-exotique\/"]}]},{"@type":"ImageObject","inLanguage":"fr-FR","@id":"https:\/\/provence-materiaux-anciens.com\/produit\/sols\/plancher-parquet\/plancher-de-wagon\/planches-a-wagon-exotique\/#primaryimage","url":"https:\/\/provence-materiaux-anciens.com\/wp-content\/uploads\/2025\/07\/20240830_092219-scaled.jpg","contentUrl":"https:\/\/provence-materiaux-anciens.com\/wp-content\/uploads\/2025\/07\/20240830_092219-scaled.jpg","width":1920,"height":2560},{"@type":"BreadcrumbList","@id":"https:\/\/provence-materiaux-anciens.com\/produit\/sols\/plancher-parquet\/plancher-de-wagon\/planches-a-wagon-exotique\/#breadcrumb","itemListElement":[{"@type":"ListItem","position":1,"name":"Accueil","item":"https:\/\/provence-materiaux-anciens.com\/fr\/"},{"@type":"ListItem","position":2,"name":"Produits","item":"https:\/\/provence-materiaux-anciens.com\/produit\/"},{"@type":"ListItem","position":3,"name":"Planches \u00e0 wagon exotique"}]},{"@type":"WebSite","@id":"https:\/\/provence-materiaux-anciens.com\/#website","url":"https:\/\/provence-materiaux-anciens.com\/","name":"Provence Mat\u00e9riaux Anciens","description":"Achat et vente de mat\u00e9riaux anciens de construction, poutres, tuiles, planchers, charpentes, dallages, terres cuites.","publisher":{"@id":"https:\/\/provence-materiaux-anciens.com\/#organization"},"potentialAction":[{"@type":"SearchAction","target":{"@type":"EntryPoint","urlTemplate":"https:\/\/provence-materiaux-anciens.com\/?s={search_term_string}"},"query-input":{"@type":"PropertyValueSpecification","valueRequired":true,"valueName":"search_term_string"}}],"inLanguage":"fr-FR"},{"@type":"Organization","@id":"https:\/\/provence-materiaux-anciens.com\/#organization","name":"Provence Mat\u00e9riaux Anciens","url":"https:\/\/provence-materiaux-anciens.com\/","logo":{"@type":"ImageObject","inLanguage":"fr-FR","@id":"https:\/\/provence-materiaux-anciens.com\/#\/schema\/logo\/image\/","url":"https:\/\/provence-materiaux-anciens.com\/wp-content\/uploads\/2022\/03\/cropped-logo-pma-web.png","contentUrl":"https:\/\/provence-materiaux-anciens.com\/wp-content\/uploads\/2022\/03\/cropped-logo-pma-web.png","width":650,"height":434,"caption":"Provence Mat\u00e9riaux Anciens"},"image":{"@id":"https:\/\/provence-materiaux-anciens.com\/#\/schema\/logo\/image\/"},"sameAs":["https:\/\/www.facebook.com\/provencemateriauxanciens","https:\/\/www.instagram.com\/provencemateriauxanciens\/","https:\/\/www.pinterest.fr\/provencemateriauxanciens\/"]}]}},"_links":{"self":[{"href":"https:\/\/provence-materiaux-anciens.com\/fr\/wp-json\/wp\/v2\/product\/6058","targetHints":{"allow":["GET"]}}],"collection":[{"href":"https:\/\/provence-materiaux-anciens.com\/fr\/wp-json\/wp\/v2\/product"}],"about":[{"href":"https:\/\/provence-materiaux-anciens.com\/fr\/wp-json\/wp\/v2\/types\/product"}],"wp:featuredmedia":[{"embeddable":true,"href":"https:\/\/provence-materiaux-anciens.com\/fr\/wp-json\/wp\/v2\/media\/6059"}],"wp:attachment":[{"href":"https:\/\/provence-materiaux-anciens.com\/fr\/wp-json\/wp\/v2\/media?parent=6058"}],"wp:term":[{"taxonomy":"product_brand","embeddable":true,"href":"https:\/\/provence-materiaux-anciens.com\/fr\/wp-json\/wp\/v2\/product_brand?post=6058"},{"taxonomy":"product_cat","embeddable":true,"href":"https:\/\/provence-materiaux-anciens.com\/fr\/wp-json\/wp\/v2\/product_cat?post=6058"},{"taxonomy":"product_tag","embeddable":true,"href":"https:\/\/provence-materiaux-anciens.com\/fr\/wp-json\/wp\/v2\/product_tag?post=6058"}],"curies":[{"name":"wp","href":"https:\/\/api.w.org\/{rel}","templated":true}]}}