{"id":6313,"date":"2025-09-16T13:24:00","date_gmt":"2025-09-16T13:24:00","guid":{"rendered":"https:\/\/provence-materiaux-anciens.com\/?post_type=product&#038;p=6313"},"modified":"2025-10-07T09:34:42","modified_gmt":"2025-10-07T09:34:42","slug":"vieux-paves-scies","status":"publish","type":"product","link":"https:\/\/provence-materiaux-anciens.com\/fr\/produit\/sols\/dallages-anciens\/paves-anciens\/vieux-paves-scies\/","title":{"rendered":"Vieux pav\u00e9s sci\u00e9s"},"content":{"rendered":"<p data-start=\"62\" data-end=\"108\"><strong data-start=\"62\" data-end=\"106\">Pav\u00e9s sci\u00e9s \u2013 Provence Mat\u00e9riaux Ancien<\/strong><\/p>\n<p data-start=\"62\" data-end=\"108\">Facilitez-vous la vie : nos pav\u00e9s sci\u00e9s allient le charme de l\u2019ancien \u00e0 la praticit\u00e9 du contemporain.<\/p>\n<p data-start=\"223\" data-end=\"459\">Avec leur <strong data-start=\"233\" data-end=\"268\">\u00e9paisseur de 3 \u00e0 4 cm<\/strong>, ils se posent ais\u00e9ment en pose coll\u00e9e, sans les contraintes des pav\u00e9s massifs traditionnels. R\u00e9sultat : moins de manutention, moins de hauteur \u00e0 g\u00e9rer, plus de rapidit\u00e9 sur vos chantiers.<\/p>\n<p data-start=\"461\" data-end=\"647\">Tout en conservant le <strong data-start=\"483\" data-end=\"530\">caract\u00e8re authentique de la pierre ancienne<\/strong>, ces pav\u00e9s sont la solution id\u00e9ale pour habiller terrasses, all\u00e9es ou cours int\u00e9rieures avec \u00e9l\u00e9gance et solidit\u00e9.<\/p>\n<p data-start=\"649\" data-end=\"766\">Un rendu noble, un gain de temps\u2026 et des clients satisfaits.<br data-start=\"709\" data-end=\"712\" \/><strong data-start=\"712\" data-end=\"764\">Un choix malin sign\u00e9 Provence Mat\u00e9riaux Anciens.<\/strong><\/p>\n","protected":false},"excerpt":{"rendered":"<h2><strong>Ref:<\/strong> Vieux Pav\u00e9s de rue granit (Pav01)<\/h2>\n<ul>\n<li><strong>Dimensions :<\/strong> 15 x 20 cm environs<\/li>\n<li><b>\u00c9paisseur<\/b> : 18 cm, existe aussi en \u00e9paisseur de 2 \u00e0 5 cm<\/li>\n<li><b>Disponibilit\u00e9<\/b> : Constante<\/li>\n<\/ul>\n<p>Vieux pav\u00e9s de rue en granit pour un ext\u00e9rieur authentique. Nous r\u00e9cup\u00e9rons nos pav\u00e9s de rue anciens dans diff\u00e9rentes villes. Nous permettons une deuxi\u00e8me utilisation des pav\u00e9s de rue de r\u00e9cup\u00e9ration. C&rsquo;est ainsi que leur recyclage apporte authenticit\u00e9 et \u00e9l\u00e9gance \u00e0 vos projets de construction. Nous pouvons par ailleurs scier les pav\u00e9s anciens de rue granit dans l&rsquo;\u00e9paisseur pour une pose plus accessible.<\/p>\n","protected":false},"featured_media":6314,"template":"","meta":{"_monsterinsights_skip_tracking":false,"_monsterinsights_sitenote_active":false,"_monsterinsights_sitenote_note":"","_monsterinsights_sitenote_category":0},"product_brand":[],"product_cat":[187,36,40,32],"product_tag":[],"class_list":{"0":"post-6313","1":"product","2":"type-product","3":"status-publish","4":"has-post-thumbnail","6":"product_cat-carrelage-exterieur-antiderapant","7":"product_cat-dallages-anciens","8":"product_cat-paves-anciens","9":"product_cat-sols","11":"first","12":"instock","13":"featured","14":"shipping-taxable","15":"product-type-simple"},"yoast_head":"<!-- This site is optimized with the Yoast SEO Premium plugin v22.1 (Yoast SEO v24.6) - https:\/\/yoast.com\/wordpress\/plugins\/seo\/ -->\n<title>Vieux pav\u00e9s sci\u00e9s - Provence Mat\u00e9riaux Anciens<\/title>\n<meta name=\"robots\" content=\"index, follow, max-snippet:-1, max-image-preview:large, max-video-preview:-1\" \/>\n<link rel=\"canonical\" href=\"https:\/\/provence-materiaux-anciens.com\/fr\/produit\/gamme-piscine\/carrelage-exterieur-antiderapant\/vieux-paves-scies\/\" \/>\n<meta property=\"og:locale\" content=\"fr_FR\" \/>\n<meta property=\"og:type\" content=\"article\" \/>\n<meta property=\"og:title\" content=\"Vieux pav\u00e9s sci\u00e9s\" \/>\n<meta property=\"og:description\" content=\"Ref: Vieux Pav\u00e9s de rue granit (Pav01)   Dimensions : 15 x 20 cm environs  \u00c9paisseur : 18 cm, existe aussi en \u00e9paisseur de 2 \u00e0 5 cm  Disponibilit\u00e9 : Constante  Vieux pav\u00e9s de rue en granit pour un ext\u00e9rieur authentique. Nous r\u00e9cup\u00e9rons nos pav\u00e9s de rue anciens dans diff\u00e9rentes villes. Nous permettons une deuxi\u00e8me utilisation des pav\u00e9s de rue de r\u00e9cup\u00e9ration. C&#039;est ainsi que leur recyclage apporte authenticit\u00e9 et \u00e9l\u00e9gance \u00e0 vos projets de construction. Nous pouvons par ailleurs scier les pav\u00e9s anciens de rue granit dans l&#039;\u00e9paisseur pour une pose plus accessible.\" \/>\n<meta property=\"og:url\" content=\"https:\/\/provence-materiaux-anciens.com\/fr\/produit\/gamme-piscine\/carrelage-exterieur-antiderapant\/vieux-paves-scies\/\" \/>\n<meta property=\"og:site_name\" content=\"Provence Mat\u00e9riaux Anciens\" \/>\n<meta property=\"article:publisher\" content=\"https:\/\/www.facebook.com\/provencemateriauxanciens\" \/>\n<meta property=\"article:modified_time\" content=\"2025-10-07T09:34:42+00:00\" \/>\n<meta property=\"og:image\" content=\"https:\/\/provence-materiaux-anciens.com\/wp-content\/uploads\/2025\/09\/pave-granit-scier-2.jpg\" \/>\n\t<meta property=\"og:image:width\" content=\"1600\" \/>\n\t<meta property=\"og:image:height\" content=\"1066\" \/>\n\t<meta property=\"og:image:type\" content=\"image\/jpeg\" \/>\n<meta name=\"twitter:card\" content=\"summary_large_image\" \/>\n<meta name=\"twitter:label1\" content=\"Dur\u00e9e de lecture estim\u00e9e\" \/>\n\t<meta name=\"twitter:data1\" content=\"1 minute\" \/>\n<script type=\"application\/ld+json\" class=\"yoast-schema-graph\">{\"@context\":\"https:\/\/schema.org\",\"@graph\":[{\"@type\":\"WebPage\",\"@id\":\"https:\/\/provence-materiaux-anciens.com\/produit\/gamme-piscine\/carrelage-exterieur-antiderapant\/vieux-paves-scies\/\",\"url\":\"https:\/\/provence-materiaux-anciens.com\/produit\/gamme-piscine\/carrelage-exterieur-antiderapant\/vieux-paves-scies\/\",\"name\":\"Vieux pav\u00e9s sci\u00e9s - Provence Mat\u00e9riaux Anciens\",\"isPartOf\":{\"@id\":\"https:\/\/provence-materiaux-anciens.com\/#website\"},\"primaryImageOfPage\":{\"@id\":\"https:\/\/provence-materiaux-anciens.com\/produit\/gamme-piscine\/carrelage-exterieur-antiderapant\/vieux-paves-scies\/#primaryimage\"},\"image\":{\"@id\":\"https:\/\/provence-materiaux-anciens.com\/produit\/gamme-piscine\/carrelage-exterieur-antiderapant\/vieux-paves-scies\/#primaryimage\"},\"thumbnailUrl\":\"https:\/\/provence-materiaux-anciens.com\/wp-content\/uploads\/2025\/09\/pave-granit-scier-2.jpg\",\"datePublished\":\"2025-09-16T13:24:00+00:00\",\"dateModified\":\"2025-10-07T09:34:42+00:00\",\"breadcrumb\":{\"@id\":\"https:\/\/provence-materiaux-anciens.com\/produit\/gamme-piscine\/carrelage-exterieur-antiderapant\/vieux-paves-scies\/#breadcrumb\"},\"inLanguage\":\"fr-FR\",\"potentialAction\":[{\"@type\":\"ReadAction\",\"target\":[\"https:\/\/provence-materiaux-anciens.com\/produit\/gamme-piscine\/carrelage-exterieur-antiderapant\/vieux-paves-scies\/\"]}]},{\"@type\":\"ImageObject\",\"inLanguage\":\"fr-FR\",\"@id\":\"https:\/\/provence-materiaux-anciens.com\/produit\/gamme-piscine\/carrelage-exterieur-antiderapant\/vieux-paves-scies\/#primaryimage\",\"url\":\"https:\/\/provence-materiaux-anciens.com\/wp-content\/uploads\/2025\/09\/pave-granit-scier-2.jpg\",\"contentUrl\":\"https:\/\/provence-materiaux-anciens.com\/wp-content\/uploads\/2025\/09\/pave-granit-scier-2.jpg\",\"width\":1600,\"height\":1066},{\"@type\":\"BreadcrumbList\",\"@id\":\"https:\/\/provence-materiaux-anciens.com\/produit\/gamme-piscine\/carrelage-exterieur-antiderapant\/vieux-paves-scies\/#breadcrumb\",\"itemListElement\":[{\"@type\":\"ListItem\",\"position\":1,\"name\":\"Accueil\",\"item\":\"https:\/\/provence-materiaux-anciens.com\/fr\/\"},{\"@type\":\"ListItem\",\"position\":2,\"name\":\"Produits\",\"item\":\"https:\/\/provence-materiaux-anciens.com\/produit\/\"},{\"@type\":\"ListItem\",\"position\":3,\"name\":\"Vieux pav\u00e9s sci\u00e9s\"}]},{\"@type\":\"WebSite\",\"@id\":\"https:\/\/provence-materiaux-anciens.com\/#website\",\"url\":\"https:\/\/provence-materiaux-anciens.com\/\",\"name\":\"Provence Mat\u00e9riaux Anciens\",\"description\":\"Achat et vente de mat\u00e9riaux anciens de construction, poutres, tuiles, planchers, charpentes, dallages, terres cuites.\",\"publisher\":{\"@id\":\"https:\/\/provence-materiaux-anciens.com\/#organization\"},\"potentialAction\":[{\"@type\":\"SearchAction\",\"target\":{\"@type\":\"EntryPoint\",\"urlTemplate\":\"https:\/\/provence-materiaux-anciens.com\/?s={search_term_string}\"},\"query-input\":{\"@type\":\"PropertyValueSpecification\",\"valueRequired\":true,\"valueName\":\"search_term_string\"}}],\"inLanguage\":\"fr-FR\"},{\"@type\":\"Organization\",\"@id\":\"https:\/\/provence-materiaux-anciens.com\/#organization\",\"name\":\"Provence Mat\u00e9riaux Anciens\",\"url\":\"https:\/\/provence-materiaux-anciens.com\/\",\"logo\":{\"@type\":\"ImageObject\",\"inLanguage\":\"fr-FR\",\"@id\":\"https:\/\/provence-materiaux-anciens.com\/#\/schema\/logo\/image\/\",\"url\":\"https:\/\/provence-materiaux-anciens.com\/wp-content\/uploads\/2022\/03\/cropped-logo-pma-web.png\",\"contentUrl\":\"https:\/\/provence-materiaux-anciens.com\/wp-content\/uploads\/2022\/03\/cropped-logo-pma-web.png\",\"width\":650,\"height\":434,\"caption\":\"Provence Mat\u00e9riaux Anciens\"},\"image\":{\"@id\":\"https:\/\/provence-materiaux-anciens.com\/#\/schema\/logo\/image\/\"},\"sameAs\":[\"https:\/\/www.facebook.com\/provencemateriauxanciens\",\"https:\/\/www.instagram.com\/provencemateriauxanciens\/\",\"https:\/\/www.pinterest.fr\/provencemateriauxanciens\/\"]}]}<\/script>\n<!-- \/ Yoast SEO Premium plugin. -->","yoast_head_json":{"title":"Vieux pav\u00e9s sci\u00e9s - Provence Mat\u00e9riaux Anciens","robots":{"index":"index","follow":"follow","max-snippet":"max-snippet:-1","max-image-preview":"max-image-preview:large","max-video-preview":"max-video-preview:-1"},"canonical":"https:\/\/provence-materiaux-anciens.com\/fr\/produit\/gamme-piscine\/carrelage-exterieur-antiderapant\/vieux-paves-scies\/","og_locale":"fr_FR","og_type":"article","og_title":"Vieux pav\u00e9s sci\u00e9s","og_description":"Ref: Vieux Pav\u00e9s de rue granit (Pav01)   Dimensions : 15 x 20 cm environs  \u00c9paisseur : 18 cm, existe aussi en \u00e9paisseur de 2 \u00e0 5 cm  Disponibilit\u00e9 : Constante  Vieux pav\u00e9s de rue en granit pour un ext\u00e9rieur authentique. Nous r\u00e9cup\u00e9rons nos pav\u00e9s de rue anciens dans diff\u00e9rentes villes. Nous permettons une deuxi\u00e8me utilisation des pav\u00e9s de rue de r\u00e9cup\u00e9ration. C'est ainsi que leur recyclage apporte authenticit\u00e9 et \u00e9l\u00e9gance \u00e0 vos projets de construction. Nous pouvons par ailleurs scier les pav\u00e9s anciens de rue granit dans l'\u00e9paisseur pour une pose plus accessible.","og_url":"https:\/\/provence-materiaux-anciens.com\/fr\/produit\/gamme-piscine\/carrelage-exterieur-antiderapant\/vieux-paves-scies\/","og_site_name":"Provence Mat\u00e9riaux Anciens","article_publisher":"https:\/\/www.facebook.com\/provencemateriauxanciens","article_modified_time":"2025-10-07T09:34:42+00:00","og_image":[{"width":1600,"height":1066,"url":"https:\/\/provence-materiaux-anciens.com\/wp-content\/uploads\/2025\/09\/pave-granit-scier-2.jpg","type":"image\/jpeg"}],"twitter_card":"summary_large_image","twitter_misc":{"Dur\u00e9e de lecture estim\u00e9e":"1 minute"},"schema":{"@context":"https:\/\/schema.org","@graph":[{"@type":"WebPage","@id":"https:\/\/provence-materiaux-anciens.com\/produit\/gamme-piscine\/carrelage-exterieur-antiderapant\/vieux-paves-scies\/","url":"https:\/\/provence-materiaux-anciens.com\/produit\/gamme-piscine\/carrelage-exterieur-antiderapant\/vieux-paves-scies\/","name":"Vieux pav\u00e9s sci\u00e9s - Provence Mat\u00e9riaux Anciens","isPartOf":{"@id":"https:\/\/provence-materiaux-anciens.com\/#website"},"primaryImageOfPage":{"@id":"https:\/\/provence-materiaux-anciens.com\/produit\/gamme-piscine\/carrelage-exterieur-antiderapant\/vieux-paves-scies\/#primaryimage"},"image":{"@id":"https:\/\/provence-materiaux-anciens.com\/produit\/gamme-piscine\/carrelage-exterieur-antiderapant\/vieux-paves-scies\/#primaryimage"},"thumbnailUrl":"https:\/\/provence-materiaux-anciens.com\/wp-content\/uploads\/2025\/09\/pave-granit-scier-2.jpg","datePublished":"2025-09-16T13:24:00+00:00","dateModified":"2025-10-07T09:34:42+00:00","breadcrumb":{"@id":"https:\/\/provence-materiaux-anciens.com\/produit\/gamme-piscine\/carrelage-exterieur-antiderapant\/vieux-paves-scies\/#breadcrumb"},"inLanguage":"fr-FR","potentialAction":[{"@type":"ReadAction","target":["https:\/\/provence-materiaux-anciens.com\/produit\/gamme-piscine\/carrelage-exterieur-antiderapant\/vieux-paves-scies\/"]}]},{"@type":"ImageObject","inLanguage":"fr-FR","@id":"https:\/\/provence-materiaux-anciens.com\/produit\/gamme-piscine\/carrelage-exterieur-antiderapant\/vieux-paves-scies\/#primaryimage","url":"https:\/\/provence-materiaux-anciens.com\/wp-content\/uploads\/2025\/09\/pave-granit-scier-2.jpg","contentUrl":"https:\/\/provence-materiaux-anciens.com\/wp-content\/uploads\/2025\/09\/pave-granit-scier-2.jpg","width":1600,"height":1066},{"@type":"BreadcrumbList","@id":"https:\/\/provence-materiaux-anciens.com\/produit\/gamme-piscine\/carrelage-exterieur-antiderapant\/vieux-paves-scies\/#breadcrumb","itemListElement":[{"@type":"ListItem","position":1,"name":"Accueil","item":"https:\/\/provence-materiaux-anciens.com\/fr\/"},{"@type":"ListItem","position":2,"name":"Produits","item":"https:\/\/provence-materiaux-anciens.com\/produit\/"},{"@type":"ListItem","position":3,"name":"Vieux pav\u00e9s sci\u00e9s"}]},{"@type":"WebSite","@id":"https:\/\/provence-materiaux-anciens.com\/#website","url":"https:\/\/provence-materiaux-anciens.com\/","name":"Provence Mat\u00e9riaux Anciens","description":"Achat et vente de mat\u00e9riaux anciens de construction, poutres, tuiles, planchers, charpentes, dallages, terres cuites.","publisher":{"@id":"https:\/\/provence-materiaux-anciens.com\/#organization"},"potentialAction":[{"@type":"SearchAction","target":{"@type":"EntryPoint","urlTemplate":"https:\/\/provence-materiaux-anciens.com\/?s={search_term_string}"},"query-input":{"@type":"PropertyValueSpecification","valueRequired":true,"valueName":"search_term_string"}}],"inLanguage":"fr-FR"},{"@type":"Organization","@id":"https:\/\/provence-materiaux-anciens.com\/#organization","name":"Provence Mat\u00e9riaux Anciens","url":"https:\/\/provence-materiaux-anciens.com\/","logo":{"@type":"ImageObject","inLanguage":"fr-FR","@id":"https:\/\/provence-materiaux-anciens.com\/#\/schema\/logo\/image\/","url":"https:\/\/provence-materiaux-anciens.com\/wp-content\/uploads\/2022\/03\/cropped-logo-pma-web.png","contentUrl":"https:\/\/provence-materiaux-anciens.com\/wp-content\/uploads\/2022\/03\/cropped-logo-pma-web.png","width":650,"height":434,"caption":"Provence Mat\u00e9riaux Anciens"},"image":{"@id":"https:\/\/provence-materiaux-anciens.com\/#\/schema\/logo\/image\/"},"sameAs":["https:\/\/www.facebook.com\/provencemateriauxanciens","https:\/\/www.instagram.com\/provencemateriauxanciens\/","https:\/\/www.pinterest.fr\/provencemateriauxanciens\/"]}]}},"_links":{"self":[{"href":"https:\/\/provence-materiaux-anciens.com\/fr\/wp-json\/wp\/v2\/product\/6313","targetHints":{"allow":["GET"]}}],"collection":[{"href":"https:\/\/provence-materiaux-anciens.com\/fr\/wp-json\/wp\/v2\/product"}],"about":[{"href":"https:\/\/provence-materiaux-anciens.com\/fr\/wp-json\/wp\/v2\/types\/product"}],"wp:featuredmedia":[{"embeddable":true,"href":"https:\/\/provence-materiaux-anciens.com\/fr\/wp-json\/wp\/v2\/media\/6314"}],"wp:attachment":[{"href":"https:\/\/provence-materiaux-anciens.com\/fr\/wp-json\/wp\/v2\/media?parent=6313"}],"wp:term":[{"taxonomy":"product_brand","embeddable":true,"href":"https:\/\/provence-materiaux-anciens.com\/fr\/wp-json\/wp\/v2\/product_brand?post=6313"},{"taxonomy":"product_cat","embeddable":true,"href":"https:\/\/provence-materiaux-anciens.com\/fr\/wp-json\/wp\/v2\/product_cat?post=6313"},{"taxonomy":"product_tag","embeddable":true,"href":"https:\/\/provence-materiaux-anciens.com\/fr\/wp-json\/wp\/v2\/product_tag?post=6313"}],"curies":[{"name":"wp","href":"https:\/\/api.w.org\/{rel}","templated":true}]}}