{"id":6514,"date":"2025-10-06T08:59:06","date_gmt":"2025-10-06T08:59:06","guid":{"rendered":"https:\/\/provence-materiaux-anciens.com\/?post_type=product&#038;p=6514"},"modified":"2025-10-06T09:10:46","modified_gmt":"2025-10-06T09:10:46","slug":"puits-en-pierre","status":"publish","type":"product","link":"https:\/\/provence-materiaux-anciens.com\/fr\/produit\/elements-architecturaux\/puits-en-pierre\/","title":{"rendered":"Puits en pierre"},"content":{"rendered":"","protected":false},"excerpt":{"rendered":"<div class=\"flex basis-auto flex-col -mb-(--composer-overlap-px) [--composer-overlap-px:55px] grow overflow-hidden\">\n<div class=\"relative h-full\">\n<div class=\"flex h-full flex-col overflow-y-auto [scrollbar-gutter:stable_both-edges] @[84rem]\/thread:pt-(--header-height)\">\n<div class=\"@thread-xl\/thread:pt-header-height flex flex-col text-sm pb-25\">\n<article class=\"text-token-text-primary w-full\" dir=\"auto\" data-testid=\"conversation-turn-6\" data-scroll-anchor=\"true\">\n<div class=\"text-base my-auto mx-auto pb-10 [--thread-content-margin:--spacing(4)] @[37rem]:[--thread-content-margin:--spacing(6)] @[72rem]:[--thread-content-margin:--spacing(16)] px-(--thread-content-margin)\">\n<div class=\"[--thread-content-max-width:32rem] @[34rem]:[--thread-content-max-width:40rem] @[64rem]:[--thread-content-max-width:48rem] mx-auto max-w-(--thread-content-max-width) flex-1 group\/turn-messages focus-visible:outline-hidden relative flex w-full min-w-0 flex-col agent-turn\" tabindex=\"-1\">\n<div class=\"flex max-w-full flex-col grow\">\n<div class=\"min-h-8 text-message relative flex w-full flex-col items-end gap-2 text-start break-words whitespace-normal [.text-message+&amp;]:mt-5\" dir=\"auto\" data-message-author-role=\"assistant\" data-message-id=\"a4dd6d2f-bd76-4c29-b5d2-23be5b0193b5\" data-message-model-slug=\"gpt-4o\">\n<div class=\"flex w-full flex-col gap-1 empty:hidden first:pt-[3px]\">\n<div class=\"markdown prose dark:prose-invert w-full break-words light\">\n<h3 data-start=\"112\" data-end=\"165\"><strong data-start=\"116\" data-end=\"163\">Les vieux puits en pierre \u2013 l\u2019\u00e2me du jardin<\/strong><\/h3>\n<p data-start=\"167\" data-end=\"413\">Un vieux puits en pierre, c\u2019est bien plus qu\u2019un \u00e9l\u00e9ment d\u00e9coratif : c\u2019est un morceau d\u2019histoire pos\u00e9 au c\u0153ur de votre jardin.<br data-start=\"292\" data-end=\"295\" \/>Taill\u00e9 dans la pierre ancienne, patin\u00e9 par le temps, il apporte ce charme rare que seule l\u2019authenticit\u00e9 peut offrir.<\/p>\n<p data-start=\"415\" data-end=\"686\">Chaque puits raconte quelque chose : l\u2019eau qu\u2019il a puis\u00e9e autrefois, les saisons qu\u2019il a travers\u00e9es, les regards qui s\u2019y sont pench\u00e9s. Aujourd\u2019hui, il devient le point focal d\u2019un jardin raffin\u00e9, un \u00e9crin de caract\u00e8re qui donne instantan\u00e9ment du cachet \u00e0 vos ext\u00e9rieurs.<\/p>\n<p data-start=\"688\" data-end=\"873\">Qu\u2019il soit install\u00e9 comme fontaine, jardini\u00e8re, ou simplement comme pi\u00e8ce d\u2019ornement, le vieux puits en pierre transforme un espace ordinaire en lieu habit\u00e9, vivant, presque po\u00e9tique.<\/p>\n<p data-start=\"875\" data-end=\"1018\"><strong data-start=\"875\" data-end=\"944\">Un peu d\u2019histoire, une touche d\u2019\u00e9l\u00e9gance, et beaucoup de charme :<\/strong> voil\u00e0 la promesse d\u2019un puits ancien sign\u00e9 <em data-start=\"987\" data-end=\"1015\">Provence Mat\u00e9riaux Anciens<\/em>.<\/p>\n<\/div>\n<\/div>\n<\/div>\n<\/div>\n<\/div>\n<\/div>\n<\/article>\n<\/div>\n<\/div>\n<\/div>\n<\/div>\n<p><strong>Dimensions<\/strong> :<\/p>\n<p>Suivant les disponibilit\u00e9s.<\/p>\n","protected":false},"featured_media":6043,"template":"","meta":{"_monsterinsights_skip_tracking":false,"_monsterinsights_sitenote_active":false,"_monsterinsights_sitenote_note":"","_monsterinsights_sitenote_category":0},"product_brand":[],"product_cat":[83],"product_tag":[],"class_list":{"0":"post-6514","1":"product","2":"type-product","3":"status-publish","4":"has-post-thumbnail","6":"product_cat-elements-architecturaux","8":"first","9":"instock","10":"shipping-taxable","11":"product-type-simple"},"yoast_head":"<!-- This site is optimized with the Yoast SEO Premium plugin v22.1 (Yoast SEO v24.6) - https:\/\/yoast.com\/wordpress\/plugins\/seo\/ -->\n<title>Puits en pierre - Provence Mat\u00e9riaux Anciens<\/title>\n<meta name=\"robots\" content=\"index, follow, max-snippet:-1, max-image-preview:large, max-video-preview:-1\" \/>\n<link rel=\"canonical\" href=\"https:\/\/provence-materiaux-anciens.com\/fr\/produit\/elements-architecturaux\/puits-en-pierre\/\" \/>\n<meta property=\"og:locale\" content=\"fr_FR\" \/>\n<meta property=\"og:type\" content=\"article\" \/>\n<meta property=\"og:title\" content=\"Puits en pierre\" \/>\n<meta property=\"og:description\" content=\"Les vieux puits en pierre \u2013 l\u2019\u00e2me du jardin Un vieux puits en pierre, c\u2019est bien plus qu\u2019un \u00e9l\u00e9ment d\u00e9coratif : c\u2019est un morceau d\u2019histoire pos\u00e9 au c\u0153ur de votre jardin.Taill\u00e9 dans la pierre ancienne, patin\u00e9 par le temps, il apporte ce charme rare que seule l\u2019authenticit\u00e9 peut offrir. Chaque puits raconte quelque chose : l\u2019eau qu\u2019il a puis\u00e9e autrefois, les saisons qu\u2019il a travers\u00e9es, les regards qui s\u2019y sont pench\u00e9s. Aujourd\u2019hui, il devient le point focal d\u2019un jardin raffin\u00e9, un \u00e9crin de caract\u00e8re qui donne instantan\u00e9ment du cachet \u00e0 vos ext\u00e9rieurs. Qu\u2019il soit install\u00e9 comme fontaine, jardini\u00e8re, ou simplement comme pi\u00e8ce d\u2019ornement, le vieux puits en pierre transforme un espace ordinaire en lieu habit\u00e9, vivant, presque po\u00e9tique. Un peu d\u2019histoire, une touche d\u2019\u00e9l\u00e9gance, et beaucoup de charme : voil\u00e0 la promesse d\u2019un puits ancien sign\u00e9 Provence Mat\u00e9riaux Anciens.            Dimensions :  Suivant les disponibilit\u00e9s.\" \/>\n<meta property=\"og:url\" content=\"https:\/\/provence-materiaux-anciens.com\/fr\/produit\/elements-architecturaux\/puits-en-pierre\/\" \/>\n<meta property=\"og:site_name\" content=\"Provence Mat\u00e9riaux Anciens\" \/>\n<meta property=\"article:publisher\" content=\"https:\/\/www.facebook.com\/provencemateriauxanciens\" \/>\n<meta property=\"article:modified_time\" content=\"2025-10-06T09:10:46+00:00\" \/>\n<meta property=\"og:image\" content=\"https:\/\/provence-materiaux-anciens.com\/wp-content\/uploads\/2025\/07\/IMG-20231206-WA0034.jpg\" \/>\n\t<meta property=\"og:image:width\" content=\"1024\" \/>\n\t<meta property=\"og:image:height\" content=\"768\" \/>\n\t<meta property=\"og:image:type\" content=\"image\/jpeg\" \/>\n<meta name=\"twitter:card\" content=\"summary_large_image\" \/>\n<meta name=\"twitter:label1\" content=\"Dur\u00e9e de lecture estim\u00e9e\" \/>\n\t<meta name=\"twitter:data1\" content=\"1 minute\" \/>\n<script type=\"application\/ld+json\" class=\"yoast-schema-graph\">{\"@context\":\"https:\/\/schema.org\",\"@graph\":[{\"@type\":\"WebPage\",\"@id\":\"https:\/\/provence-materiaux-anciens.com\/produit\/elements-architecturaux\/puits-en-pierre\/\",\"url\":\"https:\/\/provence-materiaux-anciens.com\/produit\/elements-architecturaux\/puits-en-pierre\/\",\"name\":\"Puits en pierre - Provence Mat\u00e9riaux Anciens\",\"isPartOf\":{\"@id\":\"https:\/\/provence-materiaux-anciens.com\/#website\"},\"primaryImageOfPage\":{\"@id\":\"https:\/\/provence-materiaux-anciens.com\/produit\/elements-architecturaux\/puits-en-pierre\/#primaryimage\"},\"image\":{\"@id\":\"https:\/\/provence-materiaux-anciens.com\/produit\/elements-architecturaux\/puits-en-pierre\/#primaryimage\"},\"thumbnailUrl\":\"https:\/\/provence-materiaux-anciens.com\/wp-content\/uploads\/2025\/07\/IMG-20231206-WA0034.jpg\",\"datePublished\":\"2025-10-06T08:59:06+00:00\",\"dateModified\":\"2025-10-06T09:10:46+00:00\",\"breadcrumb\":{\"@id\":\"https:\/\/provence-materiaux-anciens.com\/produit\/elements-architecturaux\/puits-en-pierre\/#breadcrumb\"},\"inLanguage\":\"fr-FR\",\"potentialAction\":[{\"@type\":\"ReadAction\",\"target\":[\"https:\/\/provence-materiaux-anciens.com\/produit\/elements-architecturaux\/puits-en-pierre\/\"]}]},{\"@type\":\"ImageObject\",\"inLanguage\":\"fr-FR\",\"@id\":\"https:\/\/provence-materiaux-anciens.com\/produit\/elements-architecturaux\/puits-en-pierre\/#primaryimage\",\"url\":\"https:\/\/provence-materiaux-anciens.com\/wp-content\/uploads\/2025\/07\/IMG-20231206-WA0034.jpg\",\"contentUrl\":\"https:\/\/provence-materiaux-anciens.com\/wp-content\/uploads\/2025\/07\/IMG-20231206-WA0034.jpg\",\"width\":1024,\"height\":768},{\"@type\":\"BreadcrumbList\",\"@id\":\"https:\/\/provence-materiaux-anciens.com\/produit\/elements-architecturaux\/puits-en-pierre\/#breadcrumb\",\"itemListElement\":[{\"@type\":\"ListItem\",\"position\":1,\"name\":\"Accueil\",\"item\":\"https:\/\/provence-materiaux-anciens.com\/fr\/\"},{\"@type\":\"ListItem\",\"position\":2,\"name\":\"Produits\",\"item\":\"https:\/\/provence-materiaux-anciens.com\/produit\/\"},{\"@type\":\"ListItem\",\"position\":3,\"name\":\"Puits en pierre\"}]},{\"@type\":\"WebSite\",\"@id\":\"https:\/\/provence-materiaux-anciens.com\/#website\",\"url\":\"https:\/\/provence-materiaux-anciens.com\/\",\"name\":\"Provence Mat\u00e9riaux Anciens\",\"description\":\"Achat et vente de mat\u00e9riaux anciens de construction, poutres, tuiles, planchers, charpentes, dallages, terres cuites.\",\"publisher\":{\"@id\":\"https:\/\/provence-materiaux-anciens.com\/#organization\"},\"potentialAction\":[{\"@type\":\"SearchAction\",\"target\":{\"@type\":\"EntryPoint\",\"urlTemplate\":\"https:\/\/provence-materiaux-anciens.com\/?s={search_term_string}\"},\"query-input\":{\"@type\":\"PropertyValueSpecification\",\"valueRequired\":true,\"valueName\":\"search_term_string\"}}],\"inLanguage\":\"fr-FR\"},{\"@type\":\"Organization\",\"@id\":\"https:\/\/provence-materiaux-anciens.com\/#organization\",\"name\":\"Provence Mat\u00e9riaux Anciens\",\"url\":\"https:\/\/provence-materiaux-anciens.com\/\",\"logo\":{\"@type\":\"ImageObject\",\"inLanguage\":\"fr-FR\",\"@id\":\"https:\/\/provence-materiaux-anciens.com\/#\/schema\/logo\/image\/\",\"url\":\"https:\/\/provence-materiaux-anciens.com\/wp-content\/uploads\/2022\/03\/cropped-logo-pma-web.png\",\"contentUrl\":\"https:\/\/provence-materiaux-anciens.com\/wp-content\/uploads\/2022\/03\/cropped-logo-pma-web.png\",\"width\":650,\"height\":434,\"caption\":\"Provence Mat\u00e9riaux Anciens\"},\"image\":{\"@id\":\"https:\/\/provence-materiaux-anciens.com\/#\/schema\/logo\/image\/\"},\"sameAs\":[\"https:\/\/www.facebook.com\/provencemateriauxanciens\",\"https:\/\/www.instagram.com\/provencemateriauxanciens\/\",\"https:\/\/www.pinterest.fr\/provencemateriauxanciens\/\"]}]}<\/script>\n<!-- \/ Yoast SEO Premium plugin. -->","yoast_head_json":{"title":"Puits en pierre - Provence Mat\u00e9riaux Anciens","robots":{"index":"index","follow":"follow","max-snippet":"max-snippet:-1","max-image-preview":"max-image-preview:large","max-video-preview":"max-video-preview:-1"},"canonical":"https:\/\/provence-materiaux-anciens.com\/fr\/produit\/elements-architecturaux\/puits-en-pierre\/","og_locale":"fr_FR","og_type":"article","og_title":"Puits en pierre","og_description":"Les vieux puits en pierre \u2013 l\u2019\u00e2me du jardin Un vieux puits en pierre, c\u2019est bien plus qu\u2019un \u00e9l\u00e9ment d\u00e9coratif : c\u2019est un morceau d\u2019histoire pos\u00e9 au c\u0153ur de votre jardin.Taill\u00e9 dans la pierre ancienne, patin\u00e9 par le temps, il apporte ce charme rare que seule l\u2019authenticit\u00e9 peut offrir. Chaque puits raconte quelque chose : l\u2019eau qu\u2019il a puis\u00e9e autrefois, les saisons qu\u2019il a travers\u00e9es, les regards qui s\u2019y sont pench\u00e9s. Aujourd\u2019hui, il devient le point focal d\u2019un jardin raffin\u00e9, un \u00e9crin de caract\u00e8re qui donne instantan\u00e9ment du cachet \u00e0 vos ext\u00e9rieurs. Qu\u2019il soit install\u00e9 comme fontaine, jardini\u00e8re, ou simplement comme pi\u00e8ce d\u2019ornement, le vieux puits en pierre transforme un espace ordinaire en lieu habit\u00e9, vivant, presque po\u00e9tique. Un peu d\u2019histoire, une touche d\u2019\u00e9l\u00e9gance, et beaucoup de charme : voil\u00e0 la promesse d\u2019un puits ancien sign\u00e9 Provence Mat\u00e9riaux Anciens.            Dimensions :  Suivant les disponibilit\u00e9s.","og_url":"https:\/\/provence-materiaux-anciens.com\/fr\/produit\/elements-architecturaux\/puits-en-pierre\/","og_site_name":"Provence Mat\u00e9riaux Anciens","article_publisher":"https:\/\/www.facebook.com\/provencemateriauxanciens","article_modified_time":"2025-10-06T09:10:46+00:00","og_image":[{"width":1024,"height":768,"url":"https:\/\/provence-materiaux-anciens.com\/wp-content\/uploads\/2025\/07\/IMG-20231206-WA0034.jpg","type":"image\/jpeg"}],"twitter_card":"summary_large_image","twitter_misc":{"Dur\u00e9e de lecture estim\u00e9e":"1 minute"},"schema":{"@context":"https:\/\/schema.org","@graph":[{"@type":"WebPage","@id":"https:\/\/provence-materiaux-anciens.com\/produit\/elements-architecturaux\/puits-en-pierre\/","url":"https:\/\/provence-materiaux-anciens.com\/produit\/elements-architecturaux\/puits-en-pierre\/","name":"Puits en pierre - Provence Mat\u00e9riaux Anciens","isPartOf":{"@id":"https:\/\/provence-materiaux-anciens.com\/#website"},"primaryImageOfPage":{"@id":"https:\/\/provence-materiaux-anciens.com\/produit\/elements-architecturaux\/puits-en-pierre\/#primaryimage"},"image":{"@id":"https:\/\/provence-materiaux-anciens.com\/produit\/elements-architecturaux\/puits-en-pierre\/#primaryimage"},"thumbnailUrl":"https:\/\/provence-materiaux-anciens.com\/wp-content\/uploads\/2025\/07\/IMG-20231206-WA0034.jpg","datePublished":"2025-10-06T08:59:06+00:00","dateModified":"2025-10-06T09:10:46+00:00","breadcrumb":{"@id":"https:\/\/provence-materiaux-anciens.com\/produit\/elements-architecturaux\/puits-en-pierre\/#breadcrumb"},"inLanguage":"fr-FR","potentialAction":[{"@type":"ReadAction","target":["https:\/\/provence-materiaux-anciens.com\/produit\/elements-architecturaux\/puits-en-pierre\/"]}]},{"@type":"ImageObject","inLanguage":"fr-FR","@id":"https:\/\/provence-materiaux-anciens.com\/produit\/elements-architecturaux\/puits-en-pierre\/#primaryimage","url":"https:\/\/provence-materiaux-anciens.com\/wp-content\/uploads\/2025\/07\/IMG-20231206-WA0034.jpg","contentUrl":"https:\/\/provence-materiaux-anciens.com\/wp-content\/uploads\/2025\/07\/IMG-20231206-WA0034.jpg","width":1024,"height":768},{"@type":"BreadcrumbList","@id":"https:\/\/provence-materiaux-anciens.com\/produit\/elements-architecturaux\/puits-en-pierre\/#breadcrumb","itemListElement":[{"@type":"ListItem","position":1,"name":"Accueil","item":"https:\/\/provence-materiaux-anciens.com\/fr\/"},{"@type":"ListItem","position":2,"name":"Produits","item":"https:\/\/provence-materiaux-anciens.com\/produit\/"},{"@type":"ListItem","position":3,"name":"Puits en pierre"}]},{"@type":"WebSite","@id":"https:\/\/provence-materiaux-anciens.com\/#website","url":"https:\/\/provence-materiaux-anciens.com\/","name":"Provence Mat\u00e9riaux Anciens","description":"Achat et vente de mat\u00e9riaux anciens de construction, poutres, tuiles, planchers, charpentes, dallages, terres cuites.","publisher":{"@id":"https:\/\/provence-materiaux-anciens.com\/#organization"},"potentialAction":[{"@type":"SearchAction","target":{"@type":"EntryPoint","urlTemplate":"https:\/\/provence-materiaux-anciens.com\/?s={search_term_string}"},"query-input":{"@type":"PropertyValueSpecification","valueRequired":true,"valueName":"search_term_string"}}],"inLanguage":"fr-FR"},{"@type":"Organization","@id":"https:\/\/provence-materiaux-anciens.com\/#organization","name":"Provence Mat\u00e9riaux Anciens","url":"https:\/\/provence-materiaux-anciens.com\/","logo":{"@type":"ImageObject","inLanguage":"fr-FR","@id":"https:\/\/provence-materiaux-anciens.com\/#\/schema\/logo\/image\/","url":"https:\/\/provence-materiaux-anciens.com\/wp-content\/uploads\/2022\/03\/cropped-logo-pma-web.png","contentUrl":"https:\/\/provence-materiaux-anciens.com\/wp-content\/uploads\/2022\/03\/cropped-logo-pma-web.png","width":650,"height":434,"caption":"Provence Mat\u00e9riaux Anciens"},"image":{"@id":"https:\/\/provence-materiaux-anciens.com\/#\/schema\/logo\/image\/"},"sameAs":["https:\/\/www.facebook.com\/provencemateriauxanciens","https:\/\/www.instagram.com\/provencemateriauxanciens\/","https:\/\/www.pinterest.fr\/provencemateriauxanciens\/"]}]}},"_links":{"self":[{"href":"https:\/\/provence-materiaux-anciens.com\/fr\/wp-json\/wp\/v2\/product\/6514","targetHints":{"allow":["GET"]}}],"collection":[{"href":"https:\/\/provence-materiaux-anciens.com\/fr\/wp-json\/wp\/v2\/product"}],"about":[{"href":"https:\/\/provence-materiaux-anciens.com\/fr\/wp-json\/wp\/v2\/types\/product"}],"wp:featuredmedia":[{"embeddable":true,"href":"https:\/\/provence-materiaux-anciens.com\/fr\/wp-json\/wp\/v2\/media\/6043"}],"wp:attachment":[{"href":"https:\/\/provence-materiaux-anciens.com\/fr\/wp-json\/wp\/v2\/media?parent=6514"}],"wp:term":[{"taxonomy":"product_brand","embeddable":true,"href":"https:\/\/provence-materiaux-anciens.com\/fr\/wp-json\/wp\/v2\/product_brand?post=6514"},{"taxonomy":"product_cat","embeddable":true,"href":"https:\/\/provence-materiaux-anciens.com\/fr\/wp-json\/wp\/v2\/product_cat?post=6514"},{"taxonomy":"product_tag","embeddable":true,"href":"https:\/\/provence-materiaux-anciens.com\/fr\/wp-json\/wp\/v2\/product_tag?post=6514"}],"curies":[{"name":"wp","href":"https:\/\/api.w.org\/{rel}","templated":true}]}}